{"id":9603,"date":"2023-08-17T07:35:14","date_gmt":"2023-08-17T06:35:14","guid":{"rendered":"https:\/\/noaksark.org\/stockholm\/?page_id=9603"},"modified":"2024-12-12T15:44:00","modified_gmt":"2024-12-12T14:44:00","slug":"lediga-tjanster","status":"publish","type":"page","link":"https:\/\/noaksark.org\/stockholm\/om-oss\/lediga-tjanster\/","title":{"rendered":"Lediga tj\u00e4nster &amp; uppdrag"},"content":{"rendered":"\n<p>Vill du arbeta eller engagera dig p\u00e5 Noaks Ark Stockholm? H\u00e4r publiceras lediga tj\u00e4nster och f\u00f6rtroendeuppdrag hos oss. <\/p>\n\n\n\n<p><\/p>\n\n\n\n<p><\/p>\n","protected":false},"excerpt":{"rendered":"<p>Vill du arbeta eller engagera dig p\u00e5 Noaks Ark Stockholm? H\u00e4r publiceras lediga tj\u00e4nster och f\u00f6rtroendeuppdrag hos oss.<\/p>\n","protected":false},"author":6,"featured_media":9616,"parent":48,"menu_order":7,"comment_status":"closed","ping_status":"closed","template":"","meta":{"_acf_changed":false,"footnotes":""},"class_list":["post-9603","page","type-page","status-publish","has-post-thumbnail","hentry"],"acf":[],"yoast_head":"<!-- This site is optimized with the Yoast SEO Premium plugin v27.3 (Yoast SEO v27.4) - https:\/\/yoast.com\/product\/yoast-seo-premium-wordpress\/ -->\n<title>Noaks Ark Stockholm<\/title>\n<meta name=\"robots\" content=\"index, follow, max-snippet:-1, max-image-preview:large, max-video-preview:-1\" \/>\n<link rel=\"canonical\" href=\"https:\/\/noaksark.org\/stockholm\/om-oss\/lediga-tjanster\/\" \/>\n<meta property=\"og:locale\" content=\"sv_SE\" \/>\n<meta property=\"og:type\" content=\"article\" \/>\n<meta property=\"og:title\" content=\"Lediga tj\u00e4nster &amp; uppdrag\" \/>\n<meta property=\"og:description\" content=\"Vill du arbeta eller engagera dig p\u00e5 Noaks Ark Stockholm? H\u00e4r publiceras lediga tj\u00e4nster och f\u00f6rtroendeuppdrag hos oss.\" \/>\n<meta property=\"og:url\" content=\"https:\/\/noaksark.org\/stockholm\/om-oss\/lediga-tjanster\/\" \/>\n<meta property=\"og:site_name\" content=\"Noaks Ark Stockholm\" \/>\n<meta property=\"article:publisher\" content=\"https:\/\/www.facebook.com\/noaksarkstockholm\" \/>\n<meta property=\"article:modified_time\" content=\"2024-12-12T14:44:00+00:00\" \/>\n<meta property=\"og:image\" content=\"https:\/\/noaksark.org\/stockholm\/wp-content\/uploads\/sites\/2\/2023\/08\/D869004.jpg\" \/>\n\t<meta property=\"og:image:width\" content=\"1024\" \/>\n\t<meta property=\"og:image:height\" content=\"683\" \/>\n\t<meta property=\"og:image:type\" content=\"image\/jpeg\" \/>\n<meta name=\"twitter:card\" content=\"summary_large_image\" \/>\n<meta name=\"twitter:label1\" content=\"Ber\u00e4knad l\u00e4stid\" \/>\n\t<meta name=\"twitter:data1\" content=\"1 minut\" \/>\n<script type=\"application\/ld+json\" class=\"yoast-schema-graph\">{\"@context\":\"https:\\\/\\\/schema.org\",\"@graph\":[{\"@type\":\"WebPage\",\"@id\":\"https:\\\/\\\/noaksark.org\\\/stockholm\\\/om-oss\\\/lediga-tjanster\\\/\",\"url\":\"https:\\\/\\\/noaksark.org\\\/stockholm\\\/om-oss\\\/lediga-tjanster\\\/\",\"name\":\"\",\"isPartOf\":{\"@id\":\"https:\\\/\\\/noaksark.org\\\/stockholm\\\/#website\"},\"primaryImageOfPage\":{\"@id\":\"https:\\\/\\\/noaksark.org\\\/stockholm\\\/om-oss\\\/lediga-tjanster\\\/#primaryimage\"},\"image\":{\"@id\":\"https:\\\/\\\/noaksark.org\\\/stockholm\\\/om-oss\\\/lediga-tjanster\\\/#primaryimage\"},\"thumbnailUrl\":\"https:\\\/\\\/noaksark.org\\\/stockholm\\\/wp-content\\\/uploads\\\/sites\\\/2\\\/2023\\\/08\\\/D869004.jpg\",\"datePublished\":\"2023-08-17T06:35:14+00:00\",\"dateModified\":\"2024-12-12T14:44:00+00:00\",\"breadcrumb\":{\"@id\":\"https:\\\/\\\/noaksark.org\\\/stockholm\\\/om-oss\\\/lediga-tjanster\\\/#breadcrumb\"},\"inLanguage\":\"sv-SE\",\"potentialAction\":[{\"@type\":\"ReadAction\",\"target\":[\"https:\\\/\\\/noaksark.org\\\/stockholm\\\/om-oss\\\/lediga-tjanster\\\/\"]}]},{\"@type\":\"ImageObject\",\"inLanguage\":\"sv-SE\",\"@id\":\"https:\\\/\\\/noaksark.org\\\/stockholm\\\/om-oss\\\/lediga-tjanster\\\/#primaryimage\",\"url\":\"https:\\\/\\\/noaksark.org\\\/stockholm\\\/wp-content\\\/uploads\\\/sites\\\/2\\\/2023\\\/08\\\/D869004.jpg\",\"contentUrl\":\"https:\\\/\\\/noaksark.org\\\/stockholm\\\/wp-content\\\/uploads\\\/sites\\\/2\\\/2023\\\/08\\\/D869004.jpg\",\"width\":1024,\"height\":683},{\"@type\":\"BreadcrumbList\",\"@id\":\"https:\\\/\\\/noaksark.org\\\/stockholm\\\/om-oss\\\/lediga-tjanster\\\/#breadcrumb\",\"itemListElement\":[{\"@type\":\"ListItem\",\"position\":1,\"name\":\"Home\",\"item\":\"https:\\\/\\\/noaksark.org\\\/stockholm\\\/\"},{\"@type\":\"ListItem\",\"position\":2,\"name\":\"Om oss\",\"item\":\"https:\\\/\\\/noaksark.org\\\/stockholm\\\/om-oss\\\/\"},{\"@type\":\"ListItem\",\"position\":3,\"name\":\"Lediga tj\u00e4nster &amp; uppdrag\"}]},{\"@type\":\"WebSite\",\"@id\":\"https:\\\/\\\/noaksark.org\\\/stockholm\\\/#website\",\"url\":\"https:\\\/\\\/noaksark.org\\\/stockholm\\\/\",\"name\":\"Noaks Ark Stockholm\",\"description\":\"\",\"publisher\":{\"@id\":\"https:\\\/\\\/noaksark.org\\\/stockholm\\\/#organization\"},\"potentialAction\":[{\"@type\":\"SearchAction\",\"target\":{\"@type\":\"EntryPoint\",\"urlTemplate\":\"https:\\\/\\\/noaksark.org\\\/stockholm\\\/?s={search_term_string}\"},\"query-input\":{\"@type\":\"PropertyValueSpecification\",\"valueRequired\":true,\"valueName\":\"search_term_string\"}}],\"inLanguage\":\"sv-SE\"},{\"@type\":\"Organization\",\"@id\":\"https:\\\/\\\/noaksark.org\\\/stockholm\\\/#organization\",\"name\":\"Noaks Ark Stockholm\",\"url\":\"https:\\\/\\\/noaksark.org\\\/stockholm\\\/\",\"logo\":{\"@type\":\"ImageObject\",\"inLanguage\":\"sv-SE\",\"@id\":\"https:\\\/\\\/noaksark.org\\\/stockholm\\\/#\\\/schema\\\/logo\\\/image\\\/\",\"url\":\"https:\\\/\\\/noaksark.org\\\/stockholm\\\/wp-content\\\/uploads\\\/sites\\\/2\\\/2022\\\/08\\\/noaks-ark-nyheter-vad-betyder-noaks-ark-for-dig.jpg\",\"contentUrl\":\"https:\\\/\\\/noaksark.org\\\/stockholm\\\/wp-content\\\/uploads\\\/sites\\\/2\\\/2022\\\/08\\\/noaks-ark-nyheter-vad-betyder-noaks-ark-for-dig.jpg\",\"width\":1000,\"height\":1000,\"caption\":\"Noaks Ark Stockholm\"},\"image\":{\"@id\":\"https:\\\/\\\/noaksark.org\\\/stockholm\\\/#\\\/schema\\\/logo\\\/image\\\/\"},\"sameAs\":[\"https:\\\/\\\/www.facebook.com\\\/noaksarkstockholm\",\"https:\\\/\\\/www.instagram.com\\\/noaksarkstockholm\\\/\",\"https:\\\/\\\/se.linkedin.com\\\/company\\\/noaks-ark-stockholm\"]}]}<\/script>\n<!-- \/ Yoast SEO Premium plugin. -->","yoast_head_json":{"title":"Noaks Ark Stockholm","robots":{"index":"index","follow":"follow","max-snippet":"max-snippet:-1","max-image-preview":"max-image-preview:large","max-video-preview":"max-video-preview:-1"},"canonical":"https:\/\/noaksark.org\/stockholm\/om-oss\/lediga-tjanster\/","og_locale":"sv_SE","og_type":"article","og_title":"Lediga tj\u00e4nster &amp; uppdrag","og_description":"Vill du arbeta eller engagera dig p\u00e5 Noaks Ark Stockholm? H\u00e4r publiceras lediga tj\u00e4nster och f\u00f6rtroendeuppdrag hos oss.","og_url":"https:\/\/noaksark.org\/stockholm\/om-oss\/lediga-tjanster\/","og_site_name":"Noaks Ark Stockholm","article_publisher":"https:\/\/www.facebook.com\/noaksarkstockholm","article_modified_time":"2024-12-12T14:44:00+00:00","og_image":[{"width":1024,"height":683,"url":"https:\/\/noaksark.org\/stockholm\/wp-content\/uploads\/sites\/2\/2023\/08\/D869004.jpg","type":"image\/jpeg"}],"twitter_card":"summary_large_image","twitter_misc":{"Ber\u00e4knad l\u00e4stid":"1 minut"},"schema":{"@context":"https:\/\/schema.org","@graph":[{"@type":"WebPage","@id":"https:\/\/noaksark.org\/stockholm\/om-oss\/lediga-tjanster\/","url":"https:\/\/noaksark.org\/stockholm\/om-oss\/lediga-tjanster\/","name":"","isPartOf":{"@id":"https:\/\/noaksark.org\/stockholm\/#website"},"primaryImageOfPage":{"@id":"https:\/\/noaksark.org\/stockholm\/om-oss\/lediga-tjanster\/#primaryimage"},"image":{"@id":"https:\/\/noaksark.org\/stockholm\/om-oss\/lediga-tjanster\/#primaryimage"},"thumbnailUrl":"https:\/\/noaksark.org\/stockholm\/wp-content\/uploads\/sites\/2\/2023\/08\/D869004.jpg","datePublished":"2023-08-17T06:35:14+00:00","dateModified":"2024-12-12T14:44:00+00:00","breadcrumb":{"@id":"https:\/\/noaksark.org\/stockholm\/om-oss\/lediga-tjanster\/#breadcrumb"},"inLanguage":"sv-SE","potentialAction":[{"@type":"ReadAction","target":["https:\/\/noaksark.org\/stockholm\/om-oss\/lediga-tjanster\/"]}]},{"@type":"ImageObject","inLanguage":"sv-SE","@id":"https:\/\/noaksark.org\/stockholm\/om-oss\/lediga-tjanster\/#primaryimage","url":"https:\/\/noaksark.org\/stockholm\/wp-content\/uploads\/sites\/2\/2023\/08\/D869004.jpg","contentUrl":"https:\/\/noaksark.org\/stockholm\/wp-content\/uploads\/sites\/2\/2023\/08\/D869004.jpg","width":1024,"height":683},{"@type":"BreadcrumbList","@id":"https:\/\/noaksark.org\/stockholm\/om-oss\/lediga-tjanster\/#breadcrumb","itemListElement":[{"@type":"ListItem","position":1,"name":"Home","item":"https:\/\/noaksark.org\/stockholm\/"},{"@type":"ListItem","position":2,"name":"Om oss","item":"https:\/\/noaksark.org\/stockholm\/om-oss\/"},{"@type":"ListItem","position":3,"name":"Lediga tj\u00e4nster &amp; uppdrag"}]},{"@type":"WebSite","@id":"https:\/\/noaksark.org\/stockholm\/#website","url":"https:\/\/noaksark.org\/stockholm\/","name":"Noaks Ark Stockholm","description":"","publisher":{"@id":"https:\/\/noaksark.org\/stockholm\/#organization"},"potentialAction":[{"@type":"SearchAction","target":{"@type":"EntryPoint","urlTemplate":"https:\/\/noaksark.org\/stockholm\/?s={search_term_string}"},"query-input":{"@type":"PropertyValueSpecification","valueRequired":true,"valueName":"search_term_string"}}],"inLanguage":"sv-SE"},{"@type":"Organization","@id":"https:\/\/noaksark.org\/stockholm\/#organization","name":"Noaks Ark Stockholm","url":"https:\/\/noaksark.org\/stockholm\/","logo":{"@type":"ImageObject","inLanguage":"sv-SE","@id":"https:\/\/noaksark.org\/stockholm\/#\/schema\/logo\/image\/","url":"https:\/\/noaksark.org\/stockholm\/wp-content\/uploads\/sites\/2\/2022\/08\/noaks-ark-nyheter-vad-betyder-noaks-ark-for-dig.jpg","contentUrl":"https:\/\/noaksark.org\/stockholm\/wp-content\/uploads\/sites\/2\/2022\/08\/noaks-ark-nyheter-vad-betyder-noaks-ark-for-dig.jpg","width":1000,"height":1000,"caption":"Noaks Ark Stockholm"},"image":{"@id":"https:\/\/noaksark.org\/stockholm\/#\/schema\/logo\/image\/"},"sameAs":["https:\/\/www.facebook.com\/noaksarkstockholm","https:\/\/www.instagram.com\/noaksarkstockholm\/","https:\/\/se.linkedin.com\/company\/noaks-ark-stockholm"]}]}},"_links":{"self":[{"href":"https:\/\/noaksark.org\/stockholm\/wp-json\/wp\/v2\/pages\/9603","targetHints":{"allow":["GET"]}}],"collection":[{"href":"https:\/\/noaksark.org\/stockholm\/wp-json\/wp\/v2\/pages"}],"about":[{"href":"https:\/\/noaksark.org\/stockholm\/wp-json\/wp\/v2\/types\/page"}],"author":[{"embeddable":true,"href":"https:\/\/noaksark.org\/stockholm\/wp-json\/wp\/v2\/users\/6"}],"replies":[{"embeddable":true,"href":"https:\/\/noaksark.org\/stockholm\/wp-json\/wp\/v2\/comments?post=9603"}],"version-history":[{"count":22,"href":"https:\/\/noaksark.org\/stockholm\/wp-json\/wp\/v2\/pages\/9603\/revisions"}],"predecessor-version":[{"id":10191,"href":"https:\/\/noaksark.org\/stockholm\/wp-json\/wp\/v2\/pages\/9603\/revisions\/10191"}],"up":[{"embeddable":true,"href":"https:\/\/noaksark.org\/stockholm\/wp-json\/wp\/v2\/pages\/48"}],"wp:featuredmedia":[{"embeddable":true,"href":"https:\/\/noaksark.org\/stockholm\/wp-json\/wp\/v2\/media\/9616"}],"wp:attachment":[{"href":"https:\/\/noaksark.org\/stockholm\/wp-json\/wp\/v2\/media?parent=9603"}],"curies":[{"name":"wp","href":"https:\/\/api.w.org\/{rel}","templated":true}]}}