{"id":8694,"date":"2023-04-21T19:11:37","date_gmt":"2023-04-21T18:11:37","guid":{"rendered":"https:\/\/noaksark.org\/stockholm\/?page_id=8694"},"modified":"2023-06-08T10:04:14","modified_gmt":"2023-06-08T09:04:14","slug":"samarbeten","status":"publish","type":"page","link":"https:\/\/noaksark.org\/stockholm\/om-oss\/for-yrkesverksamma\/samarbeten\/","title":{"rendered":"Samarbeten"},"content":{"rendered":"\n<p>Det \u00e4r tillsammans vi blir starka, det g\u00e4ller inte bara de vi m\u00f6ter i v\u00e5ra verksamheter utan \u00e4ven oss som organisation. H\u00e4r ser du vilka vi samverkar med, i vilka n\u00e4tverk vi engagerar oss i och exempel p\u00e5 samarbeten d\u00e4r vi kan n\u00e5 ut med v\u00e5ra insatser i andras verksamheter. \u00c4r din f\u00f6rening eller arbetsplats intresserad av att samverka och skapa ett samarbete &#8211; v\u00e4nligen h\u00f6r av dig till oss! <\/p>\n\n\n\n<p><\/p>\n\n\n\n<div class=\"wp-block-columns is-layout-flex wp-container-core-columns-is-layout-9d6595d7 wp-block-columns-is-layout-flex\">\n<div class=\"wp-block-column is-layout-flow wp-block-column-is-layout-flow\">\n<figure class=\"wp-block-image size-full is-style-rounded-corners\"><img loading=\"lazy\" decoding=\"async\" width=\"1024\" height=\"683\" src=\"https:\/\/noaksark.org\/stockholm\/wp-content\/uploads\/sites\/2\/2023\/04\/D869300.jpg\" alt=\"\" class=\"wp-image-8776\" srcset=\"https:\/\/noaksark.org\/stockholm\/wp-content\/uploads\/sites\/2\/2023\/04\/D869300.jpg 1024w, https:\/\/noaksark.org\/stockholm\/wp-content\/uploads\/sites\/2\/2023\/04\/D869300-300x200.jpg 300w, https:\/\/noaksark.org\/stockholm\/wp-content\/uploads\/sites\/2\/2023\/04\/D869300-768x512.jpg 768w, https:\/\/noaksark.org\/stockholm\/wp-content\/uploads\/sites\/2\/2023\/04\/D869300-150x100.jpg 150w\" sizes=\"auto, (max-width: 1024px) 100vw, 1024px\" \/><\/figure>\n\n\n\n<h3 class=\"wp-block-heading\" id=\"h-verksamhet-tillsammans\">Verksamhet tillsammans<\/h3>\n\n\n\n<p>Tillsammans kan vi g\u00f6ra mer n\u00e4r vi g\u00e5r samman och g\u00f6r saker ihop. <\/p>\n\n\n\n<ul class=\"wp-block-list\">\n<li>Posithiva Gruppen (Ung &amp; hiv)<\/li>\n\n\n\n<li>Sensus (kulturaktiviteter)<\/li>\n\n\n\n<li>Barnhivcentrum (Familjearken)<\/li>\n\n\n\n<li>Riksf\u00f6rbundet Noaks Ark och Noaks Ark lokalf\u00f6reningar (utbildningar). <\/li>\n<\/ul>\n<\/div>\n\n\n\n<div class=\"wp-block-column is-layout-flow wp-block-column-is-layout-flow\">\n<figure class=\"wp-block-image size-full is-style-rounded-corners\"><img loading=\"lazy\" decoding=\"async\" width=\"1024\" height=\"683\" src=\"https:\/\/noaksark.org\/stockholm\/wp-content\/uploads\/sites\/2\/2023\/04\/D869099.jpg\" alt=\"\" class=\"wp-image-8775\" srcset=\"https:\/\/noaksark.org\/stockholm\/wp-content\/uploads\/sites\/2\/2023\/04\/D869099.jpg 1024w, https:\/\/noaksark.org\/stockholm\/wp-content\/uploads\/sites\/2\/2023\/04\/D869099-300x200.jpg 300w, https:\/\/noaksark.org\/stockholm\/wp-content\/uploads\/sites\/2\/2023\/04\/D869099-768x512.jpg 768w, https:\/\/noaksark.org\/stockholm\/wp-content\/uploads\/sites\/2\/2023\/04\/D869099-150x100.jpg 150w\" sizes=\"auto, (max-width: 1024px) 100vw, 1024px\" \/><\/figure>\n\n\n\n<h3 class=\"wp-block-heading\" id=\"h-samverkansnatverk\">Samverkansn\u00e4tverk <\/h3>\n\n\n\n<p>Vi samverkar bland annat i f\u00f6ljande n\u00e4tverk:<\/p>\n\n\n\n<ul class=\"wp-block-list\">\n<li>Preventhiv-n\u00e4tverket<\/li>\n\n\n\n<li>Chemsexn\u00e4tverket<\/li>\n\n\n\n<li>Dialogn\u00e4tverk mellan v\u00e5rden och civilsamh\u00e4llet f\u00f6r personer som lever med hiv<\/li>\n<\/ul>\n<\/div>\n<\/div>\n\n\n\n<h2 class=\"wp-block-heading\" id=\"h-exempel-pa-samarbeten-vi-har\">Exempel p\u00e5 samarbeten vi har<\/h2>\n\n\n\n<div class=\"wp-block-columns is-layout-flex wp-container-core-columns-is-layout-9d6595d7 wp-block-columns-is-layout-flex\">\n<div class=\"wp-block-column is-layout-flow wp-block-column-is-layout-flow\">\n<figure class=\"wp-block-image size-full is-style-rounded-corners\"><img loading=\"lazy\" decoding=\"async\" width=\"1024\" height=\"683\" src=\"https:\/\/noaksark.org\/stockholm\/wp-content\/uploads\/sites\/2\/2023\/04\/D860101.jpg\" alt=\"\" class=\"wp-image-8770\" srcset=\"https:\/\/noaksark.org\/stockholm\/wp-content\/uploads\/sites\/2\/2023\/04\/D860101.jpg 1024w, https:\/\/noaksark.org\/stockholm\/wp-content\/uploads\/sites\/2\/2023\/04\/D860101-300x200.jpg 300w, https:\/\/noaksark.org\/stockholm\/wp-content\/uploads\/sites\/2\/2023\/04\/D860101-768x512.jpg 768w, https:\/\/noaksark.org\/stockholm\/wp-content\/uploads\/sites\/2\/2023\/04\/D860101-150x100.jpg 150w\" sizes=\"auto, (max-width: 1024px) 100vw, 1024px\" \/><\/figure>\n\n\n\n<h3 class=\"wp-block-heading\" id=\"h-hivtestning-pa-plats\">Hivtestning p\u00e5 plats<\/h3>\n\n\n\n<p>M\u00f6ter ni personer i behov av kunskap eller testning f\u00f6r hiv eller st\u00e4rka h\u00e4lsan p\u00e5 er arbetsplats? D\u00e5 kan vi komma ut till er och erbjuda gratis och anonym hivtestning p\u00e5 plats! <\/p>\n<\/div>\n\n\n\n<div class=\"wp-block-column is-layout-flow wp-block-column-is-layout-flow\">\n<figure class=\"wp-block-image size-large is-style-rounded-corners\"><img loading=\"lazy\" decoding=\"async\" width=\"1024\" height=\"683\" src=\"https:\/\/noaksark.org\/stockholm\/wp-content\/uploads\/sites\/2\/2023\/04\/D869289-1-edited.jpg\" alt=\"\" class=\"wp-image-8774\" srcset=\"https:\/\/noaksark.org\/stockholm\/wp-content\/uploads\/sites\/2\/2023\/04\/D869289-1-edited.jpg 1024w, https:\/\/noaksark.org\/stockholm\/wp-content\/uploads\/sites\/2\/2023\/04\/D869289-1-edited-300x200.jpg 300w, https:\/\/noaksark.org\/stockholm\/wp-content\/uploads\/sites\/2\/2023\/04\/D869289-1-edited-768x512.jpg 768w, https:\/\/noaksark.org\/stockholm\/wp-content\/uploads\/sites\/2\/2023\/04\/D869289-1-edited-150x100.jpg 150w\" sizes=\"auto, (max-width: 1024px) 100vw, 1024px\" \/><\/figure>\n\n\n\n<h3 class=\"wp-block-heading\" id=\"h-volontar-pa-arbetstid\">Volont\u00e4r p\u00e5 arbetstid<\/h3>\n\n\n\n<p>Erbjuder din arbetsplats m\u00f6jligheten att vara volont\u00e4r p\u00e5 arbetstid? Vill ni ge er tid eller er kunskap och resurser? Laga en middag, fixa fika, h\u00e5lla i en workshop eller delta p\u00e5 ett event. M\u00f6jligheterna \u00e4r m\u00e5nga. <\/p>\n<\/div>\n<\/div>\n\n\n\n<hr class=\"wp-block-separator has-alpha-channel-opacity\"\/>\n\n\n\n<div class=\"wp-block-columns is-layout-flex wp-container-core-columns-is-layout-9d6595d7 wp-block-columns-is-layout-flex\">\n<div class=\"wp-block-column is-layout-flow wp-block-column-is-layout-flow\">\n<div class=\"wp-block-contact-form-7-contact-form-selector\">\n<div class=\"wpcf7 no-js\" id=\"wpcf7-f8837-o1\" lang=\"sv-SE\" dir=\"ltr\" data-wpcf7-id=\"8837\">\n<div class=\"screen-reader-response\"><p role=\"status\" aria-live=\"polite\" aria-atomic=\"true\"><\/p> <ul><\/ul><\/div>\n<form action=\"\/stockholm\/wp-json\/wp\/v2\/pages\/8694#wpcf7-f8837-o1\" method=\"post\" class=\"wpcf7-form init\" aria-label=\"Kontaktformul\u00e4r\" novalidate=\"novalidate\" data-status=\"init\">\n<fieldset class=\"hidden-fields-container\"><input type=\"hidden\" name=\"_wpcf7\" value=\"8837\" \/><input type=\"hidden\" name=\"_wpcf7_version\" value=\"6.1.5\" \/><input type=\"hidden\" name=\"_wpcf7_locale\" value=\"sv_SE\" \/><input type=\"hidden\" name=\"_wpcf7_unit_tag\" value=\"wpcf7-f8837-o1\" \/><input type=\"hidden\" name=\"_wpcf7_container_post\" value=\"0\" \/><input type=\"hidden\" name=\"_wpcf7_posted_data_hash\" value=\"\" \/><input type=\"hidden\" name=\"_wpcf7_recaptcha_response\" value=\"\" \/>\n<\/fieldset>\n<div class=\"business-partner-form p-3\">\n\t<h4>\u00c4r du intresserad av att veta mer?\n\t<\/h4>\n\t<p>Fyll i formul\u00e4ret nedan s\u00e5 \u00e5terkommer vi s\u00e5 fort vi kan.\n\t<\/p>\n\t<div class=\"row\">\n\t\t<h6>Namn\n\t\t<\/h6>\n\t\t<p><span class=\"wpcf7-form-control-wrap\" data-name=\"your-name\"><input size=\"40\" maxlength=\"400\" class=\"wpcf7-form-control wpcf7-text wpcf7-validates-as-required form-control\" aria-required=\"true\" aria-invalid=\"false\" value=\"\" type=\"text\" name=\"your-name\" \/><\/span>\n\t\t<\/p>\n\t<\/div>\n\t<div class=\"row\">\n\t\t<h6>F\u00f6retag\n\t\t<\/h6>\n\t\t<p><span class=\"wpcf7-form-control-wrap\" data-name=\"company\"><input size=\"40\" maxlength=\"400\" class=\"wpcf7-form-control wpcf7-text form-control\" aria-invalid=\"false\" value=\"\" type=\"text\" name=\"company\" \/><\/span>\n\t\t<\/p>\n\t<\/div>\n\t<div class=\"row\">\n\t\t<h6>Telefonnummer\n\t\t<\/h6>\n\t\t<p><span class=\"wpcf7-form-control-wrap\" data-name=\"phone-number\"><input size=\"40\" maxlength=\"400\" class=\"wpcf7-form-control wpcf7-text form-control\" aria-invalid=\"false\" value=\"\" type=\"text\" name=\"phone-number\" \/><\/span>\n\t\t<\/p>\n\t<\/div>\n\t<div class=\"row\">\n\t\t<h6>E-mail\n\t\t<\/h6>\n\t\t<p><span class=\"wpcf7-form-control-wrap\" data-name=\"your-email\"><input size=\"40\" maxlength=\"400\" class=\"wpcf7-form-control wpcf7-email wpcf7-validates-as-required wpcf7-text wpcf7-validates-as-email form-control\" aria-required=\"true\" aria-invalid=\"false\" value=\"\" type=\"email\" name=\"your-email\" \/><\/span>\n\t\t<\/p>\n\t<\/div>\n\t<div class=\"col-sm-12\">\n\t\t<h6>Ditt meddelande\n\t\t<\/h6>\n\t\t<p><span class=\"wpcf7-form-control-wrap\" data-name=\"your-message\"><textarea cols=\"40\" rows=\"10\" maxlength=\"2000\" class=\"wpcf7-form-control wpcf7-textarea form-control\" aria-invalid=\"false\" name=\"your-message\"><\/textarea><\/span>\n\t\t<\/p>\n\t<\/div>\n\t<p><span class=\"wpcf7-form-control-wrap\" data-name=\"acceptance-41\"><span class=\"wpcf7-form-control wpcf7-acceptance\"><span class=\"wpcf7-list-item\"><label><input type=\"checkbox\" name=\"acceptance-41\" value=\"1\" aria-invalid=\"false\" \/><span class=\"wpcf7-list-item-label\">Jag godk\u00e4nner Noaks Arks <a href=\"https:\/\/noaksark.org\/stockholm\/om-oss\/personuppgiftspolicy\/\">behandling av mina personuppgifter.<\/a><\/span><\/label><\/span><\/span><\/span>\n\t<\/p>\n\t<p><input class=\"wpcf7-form-control wpcf7-submit has-spinner\" type=\"submit\" value=\"Skicka intresseanm\u00e4lan\" \/>\n\t<\/p>\n<\/div><div class=\"wpcf7-response-output\" aria-hidden=\"true\"><\/div>\n<\/form>\n<\/div>\n<\/div>\n<\/div>\n\n\n\n<div class=\"wp-block-column is-layout-flow wp-block-column-is-layout-flow\"><\/div>\n<\/div>\n","protected":false},"excerpt":{"rendered":"<p>Det \u00e4r tillsammans vi blir starka, det g\u00e4ller inte bara de vi m\u00f6ter i v\u00e5ra verksamheter utan \u00e4ven oss som organisation. H\u00e4r ser du vilka vi samverkar med, i vilka n\u00e4tverk vi engagerar oss i&#8230;<\/p>\n","protected":false},"author":5,"featured_media":0,"parent":8539,"menu_order":4,"comment_status":"closed","ping_status":"closed","template":"","meta":{"_acf_changed":false,"footnotes":""},"class_list":["post-8694","page","type-page","status-publish","hentry"],"acf":[],"yoast_head":"<!-- This site is optimized with the Yoast SEO Premium plugin v27.3 (Yoast SEO v27.4) - https:\/\/yoast.com\/product\/yoast-seo-premium-wordpress\/ -->\n<title>Noaks Ark Stockholm<\/title>\n<meta name=\"robots\" content=\"index, follow, max-snippet:-1, max-image-preview:large, max-video-preview:-1\" \/>\n<link rel=\"canonical\" href=\"https:\/\/noaksark.org\/stockholm\/om-oss\/for-yrkesverksamma\/samarbeten\/\" \/>\n<meta property=\"og:locale\" content=\"sv_SE\" \/>\n<meta property=\"og:type\" content=\"article\" \/>\n<meta property=\"og:title\" content=\"Samarbeten\" \/>\n<meta property=\"og:description\" content=\"Det \u00e4r tillsammans vi blir starka, det g\u00e4ller inte bara de vi m\u00f6ter i v\u00e5ra verksamheter utan \u00e4ven oss som organisation. H\u00e4r ser du vilka vi samverkar med, i vilka n\u00e4tverk vi engagerar oss i...\" \/>\n<meta property=\"og:url\" content=\"https:\/\/noaksark.org\/stockholm\/om-oss\/for-yrkesverksamma\/samarbeten\/\" \/>\n<meta property=\"og:site_name\" content=\"Noaks Ark Stockholm\" \/>\n<meta property=\"article:publisher\" content=\"https:\/\/www.facebook.com\/noaksarkstockholm\" \/>\n<meta property=\"article:modified_time\" content=\"2023-06-08T09:04:14+00:00\" \/>\n<meta property=\"og:image\" content=\"https:\/\/noaksark.org\/stockholm\/wp-content\/uploads\/sites\/2\/2023\/04\/D869300.jpg\" \/>\n<meta name=\"twitter:card\" content=\"summary_large_image\" \/>\n<meta name=\"twitter:label1\" content=\"Ber\u00e4knad l\u00e4stid\" \/>\n\t<meta name=\"twitter:data1\" content=\"2 minuter\" \/>\n<script type=\"application\/ld+json\" class=\"yoast-schema-graph\">{\"@context\":\"https:\\\/\\\/schema.org\",\"@graph\":[{\"@type\":\"WebPage\",\"@id\":\"https:\\\/\\\/noaksark.org\\\/stockholm\\\/om-oss\\\/for-yrkesverksamma\\\/samarbeten\\\/\",\"url\":\"https:\\\/\\\/noaksark.org\\\/stockholm\\\/om-oss\\\/for-yrkesverksamma\\\/samarbeten\\\/\",\"name\":\"\",\"isPartOf\":{\"@id\":\"https:\\\/\\\/noaksark.org\\\/stockholm\\\/#website\"},\"primaryImageOfPage\":{\"@id\":\"https:\\\/\\\/noaksark.org\\\/stockholm\\\/om-oss\\\/for-yrkesverksamma\\\/samarbeten\\\/#primaryimage\"},\"image\":{\"@id\":\"https:\\\/\\\/noaksark.org\\\/stockholm\\\/om-oss\\\/for-yrkesverksamma\\\/samarbeten\\\/#primaryimage\"},\"thumbnailUrl\":\"https:\\\/\\\/noaksark.org\\\/stockholm\\\/wp-content\\\/uploads\\\/sites\\\/2\\\/2023\\\/04\\\/D869300.jpg\",\"datePublished\":\"2023-04-21T18:11:37+00:00\",\"dateModified\":\"2023-06-08T09:04:14+00:00\",\"breadcrumb\":{\"@id\":\"https:\\\/\\\/noaksark.org\\\/stockholm\\\/om-oss\\\/for-yrkesverksamma\\\/samarbeten\\\/#breadcrumb\"},\"inLanguage\":\"sv-SE\",\"potentialAction\":[{\"@type\":\"ReadAction\",\"target\":[\"https:\\\/\\\/noaksark.org\\\/stockholm\\\/om-oss\\\/for-yrkesverksamma\\\/samarbeten\\\/\"]}]},{\"@type\":\"ImageObject\",\"inLanguage\":\"sv-SE\",\"@id\":\"https:\\\/\\\/noaksark.org\\\/stockholm\\\/om-oss\\\/for-yrkesverksamma\\\/samarbeten\\\/#primaryimage\",\"url\":\"https:\\\/\\\/noaksark.org\\\/stockholm\\\/wp-content\\\/uploads\\\/sites\\\/2\\\/2023\\\/04\\\/D869300.jpg\",\"contentUrl\":\"https:\\\/\\\/noaksark.org\\\/stockholm\\\/wp-content\\\/uploads\\\/sites\\\/2\\\/2023\\\/04\\\/D869300.jpg\",\"width\":1024,\"height\":683},{\"@type\":\"BreadcrumbList\",\"@id\":\"https:\\\/\\\/noaksark.org\\\/stockholm\\\/om-oss\\\/for-yrkesverksamma\\\/samarbeten\\\/#breadcrumb\",\"itemListElement\":[{\"@type\":\"ListItem\",\"position\":1,\"name\":\"Home\",\"item\":\"https:\\\/\\\/noaksark.org\\\/stockholm\\\/\"},{\"@type\":\"ListItem\",\"position\":2,\"name\":\"Om oss\",\"item\":\"https:\\\/\\\/noaksark.org\\\/stockholm\\\/om-oss\\\/\"},{\"@type\":\"ListItem\",\"position\":3,\"name\":\"F\u00f6r yrkesverksamma\",\"item\":\"https:\\\/\\\/noaksark.org\\\/stockholm\\\/om-oss\\\/for-yrkesverksamma\\\/\"},{\"@type\":\"ListItem\",\"position\":4,\"name\":\"Samarbeten\"}]},{\"@type\":\"WebSite\",\"@id\":\"https:\\\/\\\/noaksark.org\\\/stockholm\\\/#website\",\"url\":\"https:\\\/\\\/noaksark.org\\\/stockholm\\\/\",\"name\":\"Noaks Ark Stockholm\",\"description\":\"\",\"publisher\":{\"@id\":\"https:\\\/\\\/noaksark.org\\\/stockholm\\\/#organization\"},\"potentialAction\":[{\"@type\":\"SearchAction\",\"target\":{\"@type\":\"EntryPoint\",\"urlTemplate\":\"https:\\\/\\\/noaksark.org\\\/stockholm\\\/?s={search_term_string}\"},\"query-input\":{\"@type\":\"PropertyValueSpecification\",\"valueRequired\":true,\"valueName\":\"search_term_string\"}}],\"inLanguage\":\"sv-SE\"},{\"@type\":\"Organization\",\"@id\":\"https:\\\/\\\/noaksark.org\\\/stockholm\\\/#organization\",\"name\":\"Noaks Ark Stockholm\",\"url\":\"https:\\\/\\\/noaksark.org\\\/stockholm\\\/\",\"logo\":{\"@type\":\"ImageObject\",\"inLanguage\":\"sv-SE\",\"@id\":\"https:\\\/\\\/noaksark.org\\\/stockholm\\\/#\\\/schema\\\/logo\\\/image\\\/\",\"url\":\"https:\\\/\\\/noaksark.org\\\/stockholm\\\/wp-content\\\/uploads\\\/sites\\\/2\\\/2022\\\/08\\\/noaks-ark-nyheter-vad-betyder-noaks-ark-for-dig.jpg\",\"contentUrl\":\"https:\\\/\\\/noaksark.org\\\/stockholm\\\/wp-content\\\/uploads\\\/sites\\\/2\\\/2022\\\/08\\\/noaks-ark-nyheter-vad-betyder-noaks-ark-for-dig.jpg\",\"width\":1000,\"height\":1000,\"caption\":\"Noaks Ark Stockholm\"},\"image\":{\"@id\":\"https:\\\/\\\/noaksark.org\\\/stockholm\\\/#\\\/schema\\\/logo\\\/image\\\/\"},\"sameAs\":[\"https:\\\/\\\/www.facebook.com\\\/noaksarkstockholm\",\"https:\\\/\\\/www.instagram.com\\\/noaksarkstockholm\\\/\",\"https:\\\/\\\/se.linkedin.com\\\/company\\\/noaks-ark-stockholm\"]}]}<\/script>\n<!-- \/ Yoast SEO Premium plugin. -->","yoast_head_json":{"title":"Noaks Ark Stockholm","robots":{"index":"index","follow":"follow","max-snippet":"max-snippet:-1","max-image-preview":"max-image-preview:large","max-video-preview":"max-video-preview:-1"},"canonical":"https:\/\/noaksark.org\/stockholm\/om-oss\/for-yrkesverksamma\/samarbeten\/","og_locale":"sv_SE","og_type":"article","og_title":"Samarbeten","og_description":"Det \u00e4r tillsammans vi blir starka, det g\u00e4ller inte bara de vi m\u00f6ter i v\u00e5ra verksamheter utan \u00e4ven oss som organisation. H\u00e4r ser du vilka vi samverkar med, i vilka n\u00e4tverk vi engagerar oss i...","og_url":"https:\/\/noaksark.org\/stockholm\/om-oss\/for-yrkesverksamma\/samarbeten\/","og_site_name":"Noaks Ark Stockholm","article_publisher":"https:\/\/www.facebook.com\/noaksarkstockholm","article_modified_time":"2023-06-08T09:04:14+00:00","og_image":[{"url":"https:\/\/noaksark.org\/stockholm\/wp-content\/uploads\/sites\/2\/2023\/04\/D869300.jpg","type":"","width":"","height":""}],"twitter_card":"summary_large_image","twitter_misc":{"Ber\u00e4knad l\u00e4stid":"2 minuter"},"schema":{"@context":"https:\/\/schema.org","@graph":[{"@type":"WebPage","@id":"https:\/\/noaksark.org\/stockholm\/om-oss\/for-yrkesverksamma\/samarbeten\/","url":"https:\/\/noaksark.org\/stockholm\/om-oss\/for-yrkesverksamma\/samarbeten\/","name":"","isPartOf":{"@id":"https:\/\/noaksark.org\/stockholm\/#website"},"primaryImageOfPage":{"@id":"https:\/\/noaksark.org\/stockholm\/om-oss\/for-yrkesverksamma\/samarbeten\/#primaryimage"},"image":{"@id":"https:\/\/noaksark.org\/stockholm\/om-oss\/for-yrkesverksamma\/samarbeten\/#primaryimage"},"thumbnailUrl":"https:\/\/noaksark.org\/stockholm\/wp-content\/uploads\/sites\/2\/2023\/04\/D869300.jpg","datePublished":"2023-04-21T18:11:37+00:00","dateModified":"2023-06-08T09:04:14+00:00","breadcrumb":{"@id":"https:\/\/noaksark.org\/stockholm\/om-oss\/for-yrkesverksamma\/samarbeten\/#breadcrumb"},"inLanguage":"sv-SE","potentialAction":[{"@type":"ReadAction","target":["https:\/\/noaksark.org\/stockholm\/om-oss\/for-yrkesverksamma\/samarbeten\/"]}]},{"@type":"ImageObject","inLanguage":"sv-SE","@id":"https:\/\/noaksark.org\/stockholm\/om-oss\/for-yrkesverksamma\/samarbeten\/#primaryimage","url":"https:\/\/noaksark.org\/stockholm\/wp-content\/uploads\/sites\/2\/2023\/04\/D869300.jpg","contentUrl":"https:\/\/noaksark.org\/stockholm\/wp-content\/uploads\/sites\/2\/2023\/04\/D869300.jpg","width":1024,"height":683},{"@type":"BreadcrumbList","@id":"https:\/\/noaksark.org\/stockholm\/om-oss\/for-yrkesverksamma\/samarbeten\/#breadcrumb","itemListElement":[{"@type":"ListItem","position":1,"name":"Home","item":"https:\/\/noaksark.org\/stockholm\/"},{"@type":"ListItem","position":2,"name":"Om oss","item":"https:\/\/noaksark.org\/stockholm\/om-oss\/"},{"@type":"ListItem","position":3,"name":"F\u00f6r yrkesverksamma","item":"https:\/\/noaksark.org\/stockholm\/om-oss\/for-yrkesverksamma\/"},{"@type":"ListItem","position":4,"name":"Samarbeten"}]},{"@type":"WebSite","@id":"https:\/\/noaksark.org\/stockholm\/#website","url":"https:\/\/noaksark.org\/stockholm\/","name":"Noaks Ark Stockholm","description":"","publisher":{"@id":"https:\/\/noaksark.org\/stockholm\/#organization"},"potentialAction":[{"@type":"SearchAction","target":{"@type":"EntryPoint","urlTemplate":"https:\/\/noaksark.org\/stockholm\/?s={search_term_string}"},"query-input":{"@type":"PropertyValueSpecification","valueRequired":true,"valueName":"search_term_string"}}],"inLanguage":"sv-SE"},{"@type":"Organization","@id":"https:\/\/noaksark.org\/stockholm\/#organization","name":"Noaks Ark Stockholm","url":"https:\/\/noaksark.org\/stockholm\/","logo":{"@type":"ImageObject","inLanguage":"sv-SE","@id":"https:\/\/noaksark.org\/stockholm\/#\/schema\/logo\/image\/","url":"https:\/\/noaksark.org\/stockholm\/wp-content\/uploads\/sites\/2\/2022\/08\/noaks-ark-nyheter-vad-betyder-noaks-ark-for-dig.jpg","contentUrl":"https:\/\/noaksark.org\/stockholm\/wp-content\/uploads\/sites\/2\/2022\/08\/noaks-ark-nyheter-vad-betyder-noaks-ark-for-dig.jpg","width":1000,"height":1000,"caption":"Noaks Ark Stockholm"},"image":{"@id":"https:\/\/noaksark.org\/stockholm\/#\/schema\/logo\/image\/"},"sameAs":["https:\/\/www.facebook.com\/noaksarkstockholm","https:\/\/www.instagram.com\/noaksarkstockholm\/","https:\/\/se.linkedin.com\/company\/noaks-ark-stockholm"]}]}},"_links":{"self":[{"href":"https:\/\/noaksark.org\/stockholm\/wp-json\/wp\/v2\/pages\/8694","targetHints":{"allow":["GET"]}}],"collection":[{"href":"https:\/\/noaksark.org\/stockholm\/wp-json\/wp\/v2\/pages"}],"about":[{"href":"https:\/\/noaksark.org\/stockholm\/wp-json\/wp\/v2\/types\/page"}],"author":[{"embeddable":true,"href":"https:\/\/noaksark.org\/stockholm\/wp-json\/wp\/v2\/users\/5"}],"replies":[{"embeddable":true,"href":"https:\/\/noaksark.org\/stockholm\/wp-json\/wp\/v2\/comments?post=8694"}],"version-history":[{"count":9,"href":"https:\/\/noaksark.org\/stockholm\/wp-json\/wp\/v2\/pages\/8694\/revisions"}],"predecessor-version":[{"id":9368,"href":"https:\/\/noaksark.org\/stockholm\/wp-json\/wp\/v2\/pages\/8694\/revisions\/9368"}],"up":[{"embeddable":true,"href":"https:\/\/noaksark.org\/stockholm\/wp-json\/wp\/v2\/pages\/8539"}],"wp:attachment":[{"href":"https:\/\/noaksark.org\/stockholm\/wp-json\/wp\/v2\/media?parent=8694"}],"curies":[{"name":"wp","href":"https:\/\/api.w.org\/{rel}","templated":true}]}}