{"id":8687,"date":"2023-04-21T18:52:14","date_gmt":"2023-04-21T17:52:14","guid":{"rendered":"https:\/\/noaksark.org\/stockholm\/?page_id=8687"},"modified":"2023-06-08T09:51:49","modified_gmt":"2023-06-08T08:51:49","slug":"utbildningar","status":"publish","type":"page","link":"https:\/\/noaksark.org\/stockholm\/om-oss\/for-yrkesverksamma\/utbildningar\/","title":{"rendered":"Utbildningar"},"content":{"rendered":"\n<p>Forskning och unders\u00f6kningar visar att det \u00e4r s\u00e4rskilt angel\u00e4get att personer som arbetar inom v\u00e5rd och omsorgsyrkes har uppdaterade kunskaper om hiv. Vi f\u00f6rmedlar b\u00e5de baskunskap och f\u00f6rdjupad kunskap utifr\u00e5n ert behov. <\/p>\n\n\n\n<p>N\u00e4r du har f\u00e5tt f\u00f6rel\u00e4sningen ska du ha f\u00e5tt faktakunskaper som underl\u00e4ttar m\u00f6tet med v\u00e5rdtagaren\/brukaren. Du ska \u00e4ven k\u00e4nna dig tryggare med att prata om hiv och ha f\u00e5tt f\u00f6rdjupad f\u00f6rst\u00e5else f\u00f6r problematiken kring hiv. F\u00e5 fr\u00e5gor besvarade kring situationer som kan uppst\u00e5 i ditt arbete.<\/p>\n\n\n\n<p>Teman som utbildningar kan ber\u00f6ra \u00e4r exempelvis: diagnostik, behandling, samsjuklighet, livskvalit\u00e9 och levnadsvillkor, hiv och v\u00e5ld i n\u00e4ra relation, hivstigma och minoritetsstress, hiv, sexualitet och genus, bem\u00f6tande m. fl. <\/p>\n\n\n\n<div class=\"wp-block-columns is-layout-flex wp-container-core-columns-is-layout-9d6595d7 wp-block-columns-is-layout-flex\">\n<div class=\"wp-block-column is-layout-flow wp-block-column-is-layout-flow\">\n<figure class=\"wp-block-image size-full is-style-rounded-corners\"><img loading=\"lazy\" decoding=\"async\" width=\"1024\" height=\"683\" src=\"https:\/\/noaksark.org\/stockholm\/wp-content\/uploads\/sites\/2\/2023\/04\/D869228.jpg\" alt=\"\" class=\"wp-image-8719\" srcset=\"https:\/\/noaksark.org\/stockholm\/wp-content\/uploads\/sites\/2\/2023\/04\/D869228.jpg 1024w, https:\/\/noaksark.org\/stockholm\/wp-content\/uploads\/sites\/2\/2023\/04\/D869228-300x200.jpg 300w, https:\/\/noaksark.org\/stockholm\/wp-content\/uploads\/sites\/2\/2023\/04\/D869228-768x512.jpg 768w, https:\/\/noaksark.org\/stockholm\/wp-content\/uploads\/sites\/2\/2023\/04\/D869228-150x100.jpg 150w\" sizes=\"auto, (max-width: 1024px) 100vw, 1024px\" \/><\/figure>\n\n\n\n<h3 class=\"wp-block-heading\" id=\"h-kunskap-om-hiv-for-dig-som-arbetar-inom-varden\">Kunskap om hiv f\u00f6r dig som arbetar inom v\u00e5rden<\/h3>\n\n\n\n<p>Kan du svara p\u00e5 fr\u00e5gor om hiv fr\u00e5n din patient? \u00c4r du uppdaterad om det senaste? Vet du i vilka l\u00e4gen du b\u00f6r f\u00f6resl\u00e5 ett hivtest? Hur f\u00f6rmedlar man ett tryggt provresultat f\u00f6r hiv? Vilket bem\u00f6tande f\u00f6rv\u00e4ntar sig en patient som har hiv? <\/p>\n<\/div>\n\n\n\n<div class=\"wp-block-column is-layout-flow wp-block-column-is-layout-flow\">\n<figure class=\"wp-block-image size-full is-style-rounded-corners\"><img loading=\"lazy\" decoding=\"async\" width=\"1024\" height=\"683\" src=\"https:\/\/noaksark.org\/stockholm\/wp-content\/uploads\/sites\/2\/2023\/04\/D869161.jpg\" alt=\"\" class=\"wp-image-8718\" srcset=\"https:\/\/noaksark.org\/stockholm\/wp-content\/uploads\/sites\/2\/2023\/04\/D869161.jpg 1024w, https:\/\/noaksark.org\/stockholm\/wp-content\/uploads\/sites\/2\/2023\/04\/D869161-300x200.jpg 300w, https:\/\/noaksark.org\/stockholm\/wp-content\/uploads\/sites\/2\/2023\/04\/D869161-768x512.jpg 768w, https:\/\/noaksark.org\/stockholm\/wp-content\/uploads\/sites\/2\/2023\/04\/D869161-150x100.jpg 150w\" sizes=\"auto, (max-width: 1024px) 100vw, 1024px\" \/><\/figure>\n\n\n\n<h3 class=\"wp-block-heading\" id=\"h-kunskap-om-hiv-for-dig-som-arbetar-inom-social-och-aldreomsorg\">Kunskap om hiv f\u00f6r dig som arbetar inom social- och \u00e4ldreomsorg<\/h3>\n\n\n\n<p>Behandlingen av hiv idag \u00e4r fantastisk! Den inneb\u00e4r att den som har en fungerande hivbehandling ber\u00e4knas kunna leva lika l\u00e4nge som resten av befolkningen. Inom en snar framtid kommer antalet personer med hiv som beh\u00f6ver \u00e4ldrev\u00e5rd att \u00f6ka. Har du de kunskaper som kr\u00e4vs f\u00f6r att ge ett bra bem\u00f6tande? <\/p>\n<\/div>\n<\/div>\n\n\n\n<div class=\"wp-block-columns is-layout-flex wp-container-core-columns-is-layout-9d6595d7 wp-block-columns-is-layout-flex\">\n<div class=\"wp-block-column is-layout-flow wp-block-column-is-layout-flow\">\n<div class=\"wp-block-contact-form-7-contact-form-selector\">\n<div class=\"wpcf7 no-js\" id=\"wpcf7-f8837-o1\" lang=\"sv-SE\" dir=\"ltr\" data-wpcf7-id=\"8837\">\n<div class=\"screen-reader-response\"><p role=\"status\" aria-live=\"polite\" aria-atomic=\"true\"><\/p> <ul><\/ul><\/div>\n<form action=\"\/stockholm\/wp-json\/wp\/v2\/pages\/8687#wpcf7-f8837-o1\" method=\"post\" class=\"wpcf7-form init\" aria-label=\"Kontaktformul\u00e4r\" novalidate=\"novalidate\" data-status=\"init\">\n<fieldset class=\"hidden-fields-container\"><input type=\"hidden\" name=\"_wpcf7\" value=\"8837\" \/><input type=\"hidden\" name=\"_wpcf7_version\" value=\"6.1.5\" \/><input type=\"hidden\" name=\"_wpcf7_locale\" value=\"sv_SE\" \/><input type=\"hidden\" name=\"_wpcf7_unit_tag\" value=\"wpcf7-f8837-o1\" \/><input type=\"hidden\" name=\"_wpcf7_container_post\" value=\"0\" \/><input type=\"hidden\" name=\"_wpcf7_posted_data_hash\" value=\"\" \/><input type=\"hidden\" name=\"_wpcf7_recaptcha_response\" value=\"\" \/>\n<\/fieldset>\n<div class=\"business-partner-form p-3\">\n\t<h4>\u00c4r du intresserad av att veta mer?\n\t<\/h4>\n\t<p>Fyll i formul\u00e4ret nedan s\u00e5 \u00e5terkommer vi s\u00e5 fort vi kan.\n\t<\/p>\n\t<div class=\"row\">\n\t\t<h6>Namn\n\t\t<\/h6>\n\t\t<p><span class=\"wpcf7-form-control-wrap\" data-name=\"your-name\"><input size=\"40\" maxlength=\"400\" class=\"wpcf7-form-control wpcf7-text wpcf7-validates-as-required form-control\" aria-required=\"true\" aria-invalid=\"false\" value=\"\" type=\"text\" name=\"your-name\" \/><\/span>\n\t\t<\/p>\n\t<\/div>\n\t<div class=\"row\">\n\t\t<h6>F\u00f6retag\n\t\t<\/h6>\n\t\t<p><span class=\"wpcf7-form-control-wrap\" data-name=\"company\"><input size=\"40\" maxlength=\"400\" class=\"wpcf7-form-control wpcf7-text form-control\" aria-invalid=\"false\" value=\"\" type=\"text\" name=\"company\" \/><\/span>\n\t\t<\/p>\n\t<\/div>\n\t<div class=\"row\">\n\t\t<h6>Telefonnummer\n\t\t<\/h6>\n\t\t<p><span class=\"wpcf7-form-control-wrap\" data-name=\"phone-number\"><input size=\"40\" maxlength=\"400\" class=\"wpcf7-form-control wpcf7-text form-control\" aria-invalid=\"false\" value=\"\" type=\"text\" name=\"phone-number\" \/><\/span>\n\t\t<\/p>\n\t<\/div>\n\t<div class=\"row\">\n\t\t<h6>E-mail\n\t\t<\/h6>\n\t\t<p><span class=\"wpcf7-form-control-wrap\" data-name=\"your-email\"><input size=\"40\" maxlength=\"400\" class=\"wpcf7-form-control wpcf7-email wpcf7-validates-as-required wpcf7-text wpcf7-validates-as-email form-control\" aria-required=\"true\" aria-invalid=\"false\" value=\"\" type=\"email\" name=\"your-email\" \/><\/span>\n\t\t<\/p>\n\t<\/div>\n\t<div class=\"col-sm-12\">\n\t\t<h6>Ditt meddelande\n\t\t<\/h6>\n\t\t<p><span class=\"wpcf7-form-control-wrap\" data-name=\"your-message\"><textarea cols=\"40\" rows=\"10\" maxlength=\"2000\" class=\"wpcf7-form-control wpcf7-textarea form-control\" aria-invalid=\"false\" name=\"your-message\"><\/textarea><\/span>\n\t\t<\/p>\n\t<\/div>\n\t<p><span class=\"wpcf7-form-control-wrap\" data-name=\"acceptance-41\"><span class=\"wpcf7-form-control wpcf7-acceptance\"><span class=\"wpcf7-list-item\"><label><input type=\"checkbox\" name=\"acceptance-41\" value=\"1\" aria-invalid=\"false\" \/><span class=\"wpcf7-list-item-label\">Jag godk\u00e4nner Noaks Arks <a href=\"https:\/\/noaksark.org\/stockholm\/om-oss\/personuppgiftspolicy\/\">behandling av mina personuppgifter.<\/a><\/span><\/label><\/span><\/span><\/span>\n\t<\/p>\n\t<p><input class=\"wpcf7-form-control wpcf7-submit has-spinner\" type=\"submit\" value=\"Skicka intresseanm\u00e4lan\" \/>\n\t<\/p>\n<\/div><div class=\"wpcf7-response-output\" aria-hidden=\"true\"><\/div>\n<\/form>\n<\/div>\n<\/div>\n<\/div>\n\n\n\n<div class=\"wp-block-column is-layout-flow wp-block-column-is-layout-flow\"><\/div>\n<\/div>\n","protected":false},"excerpt":{"rendered":"<p>Forskning och unders\u00f6kningar visar att det \u00e4r s\u00e4rskilt angel\u00e4get att personer som arbetar inom v\u00e5rd och omsorgsyrkes har uppdaterade kunskaper om hiv. Vi f\u00f6rmedlar b\u00e5de baskunskap och f\u00f6rdjupad kunskap utifr\u00e5n ert behov. N\u00e4r du har&#8230;<\/p>\n","protected":false},"author":5,"featured_media":0,"parent":8539,"menu_order":1,"comment_status":"closed","ping_status":"closed","template":"","meta":{"_acf_changed":false,"footnotes":""},"class_list":["post-8687","page","type-page","status-publish","hentry"],"acf":[],"yoast_head":"<!-- This site is optimized with the Yoast SEO Premium plugin v27.3 (Yoast SEO v27.4) - https:\/\/yoast.com\/product\/yoast-seo-premium-wordpress\/ -->\n<title>Noaks Ark Stockholm<\/title>\n<meta name=\"robots\" content=\"index, follow, max-snippet:-1, max-image-preview:large, max-video-preview:-1\" \/>\n<link rel=\"canonical\" href=\"https:\/\/noaksark.org\/stockholm\/om-oss\/for-yrkesverksamma\/utbildningar\/\" \/>\n<meta property=\"og:locale\" content=\"sv_SE\" \/>\n<meta property=\"og:type\" content=\"article\" \/>\n<meta property=\"og:title\" content=\"Utbildningar\" \/>\n<meta property=\"og:description\" content=\"Forskning och unders\u00f6kningar visar att det \u00e4r s\u00e4rskilt angel\u00e4get att personer som arbetar inom v\u00e5rd och omsorgsyrkes har uppdaterade kunskaper om hiv. Vi f\u00f6rmedlar b\u00e5de baskunskap och f\u00f6rdjupad kunskap utifr\u00e5n ert behov. N\u00e4r du har...\" \/>\n<meta property=\"og:url\" content=\"https:\/\/noaksark.org\/stockholm\/om-oss\/for-yrkesverksamma\/utbildningar\/\" \/>\n<meta property=\"og:site_name\" content=\"Noaks Ark Stockholm\" \/>\n<meta property=\"article:publisher\" content=\"https:\/\/www.facebook.com\/noaksarkstockholm\" \/>\n<meta property=\"article:modified_time\" content=\"2023-06-08T08:51:49+00:00\" \/>\n<meta property=\"og:image\" content=\"https:\/\/noaksark.org\/stockholm\/wp-content\/uploads\/sites\/2\/2023\/04\/D869228.jpg\" \/>\n<meta name=\"twitter:card\" content=\"summary_large_image\" \/>\n<meta name=\"twitter:label1\" content=\"Ber\u00e4knad l\u00e4stid\" \/>\n\t<meta name=\"twitter:data1\" content=\"2 minuter\" \/>\n<script type=\"application\/ld+json\" class=\"yoast-schema-graph\">{\"@context\":\"https:\\\/\\\/schema.org\",\"@graph\":[{\"@type\":\"WebPage\",\"@id\":\"https:\\\/\\\/noaksark.org\\\/stockholm\\\/om-oss\\\/for-yrkesverksamma\\\/utbildningar\\\/\",\"url\":\"https:\\\/\\\/noaksark.org\\\/stockholm\\\/om-oss\\\/for-yrkesverksamma\\\/utbildningar\\\/\",\"name\":\"\",\"isPartOf\":{\"@id\":\"https:\\\/\\\/noaksark.org\\\/stockholm\\\/#website\"},\"primaryImageOfPage\":{\"@id\":\"https:\\\/\\\/noaksark.org\\\/stockholm\\\/om-oss\\\/for-yrkesverksamma\\\/utbildningar\\\/#primaryimage\"},\"image\":{\"@id\":\"https:\\\/\\\/noaksark.org\\\/stockholm\\\/om-oss\\\/for-yrkesverksamma\\\/utbildningar\\\/#primaryimage\"},\"thumbnailUrl\":\"https:\\\/\\\/noaksark.org\\\/stockholm\\\/wp-content\\\/uploads\\\/sites\\\/2\\\/2023\\\/04\\\/D869228.jpg\",\"datePublished\":\"2023-04-21T17:52:14+00:00\",\"dateModified\":\"2023-06-08T08:51:49+00:00\",\"breadcrumb\":{\"@id\":\"https:\\\/\\\/noaksark.org\\\/stockholm\\\/om-oss\\\/for-yrkesverksamma\\\/utbildningar\\\/#breadcrumb\"},\"inLanguage\":\"sv-SE\",\"potentialAction\":[{\"@type\":\"ReadAction\",\"target\":[\"https:\\\/\\\/noaksark.org\\\/stockholm\\\/om-oss\\\/for-yrkesverksamma\\\/utbildningar\\\/\"]}]},{\"@type\":\"ImageObject\",\"inLanguage\":\"sv-SE\",\"@id\":\"https:\\\/\\\/noaksark.org\\\/stockholm\\\/om-oss\\\/for-yrkesverksamma\\\/utbildningar\\\/#primaryimage\",\"url\":\"https:\\\/\\\/noaksark.org\\\/stockholm\\\/wp-content\\\/uploads\\\/sites\\\/2\\\/2023\\\/04\\\/D869228.jpg\",\"contentUrl\":\"https:\\\/\\\/noaksark.org\\\/stockholm\\\/wp-content\\\/uploads\\\/sites\\\/2\\\/2023\\\/04\\\/D869228.jpg\",\"width\":1024,\"height\":683},{\"@type\":\"BreadcrumbList\",\"@id\":\"https:\\\/\\\/noaksark.org\\\/stockholm\\\/om-oss\\\/for-yrkesverksamma\\\/utbildningar\\\/#breadcrumb\",\"itemListElement\":[{\"@type\":\"ListItem\",\"position\":1,\"name\":\"Home\",\"item\":\"https:\\\/\\\/noaksark.org\\\/stockholm\\\/\"},{\"@type\":\"ListItem\",\"position\":2,\"name\":\"Om oss\",\"item\":\"https:\\\/\\\/noaksark.org\\\/stockholm\\\/om-oss\\\/\"},{\"@type\":\"ListItem\",\"position\":3,\"name\":\"F\u00f6r yrkesverksamma\",\"item\":\"https:\\\/\\\/noaksark.org\\\/stockholm\\\/om-oss\\\/for-yrkesverksamma\\\/\"},{\"@type\":\"ListItem\",\"position\":4,\"name\":\"Utbildningar\"}]},{\"@type\":\"WebSite\",\"@id\":\"https:\\\/\\\/noaksark.org\\\/stockholm\\\/#website\",\"url\":\"https:\\\/\\\/noaksark.org\\\/stockholm\\\/\",\"name\":\"Noaks Ark Stockholm\",\"description\":\"\",\"publisher\":{\"@id\":\"https:\\\/\\\/noaksark.org\\\/stockholm\\\/#organization\"},\"potentialAction\":[{\"@type\":\"SearchAction\",\"target\":{\"@type\":\"EntryPoint\",\"urlTemplate\":\"https:\\\/\\\/noaksark.org\\\/stockholm\\\/?s={search_term_string}\"},\"query-input\":{\"@type\":\"PropertyValueSpecification\",\"valueRequired\":true,\"valueName\":\"search_term_string\"}}],\"inLanguage\":\"sv-SE\"},{\"@type\":\"Organization\",\"@id\":\"https:\\\/\\\/noaksark.org\\\/stockholm\\\/#organization\",\"name\":\"Noaks Ark Stockholm\",\"url\":\"https:\\\/\\\/noaksark.org\\\/stockholm\\\/\",\"logo\":{\"@type\":\"ImageObject\",\"inLanguage\":\"sv-SE\",\"@id\":\"https:\\\/\\\/noaksark.org\\\/stockholm\\\/#\\\/schema\\\/logo\\\/image\\\/\",\"url\":\"https:\\\/\\\/noaksark.org\\\/stockholm\\\/wp-content\\\/uploads\\\/sites\\\/2\\\/2022\\\/08\\\/noaks-ark-nyheter-vad-betyder-noaks-ark-for-dig.jpg\",\"contentUrl\":\"https:\\\/\\\/noaksark.org\\\/stockholm\\\/wp-content\\\/uploads\\\/sites\\\/2\\\/2022\\\/08\\\/noaks-ark-nyheter-vad-betyder-noaks-ark-for-dig.jpg\",\"width\":1000,\"height\":1000,\"caption\":\"Noaks Ark Stockholm\"},\"image\":{\"@id\":\"https:\\\/\\\/noaksark.org\\\/stockholm\\\/#\\\/schema\\\/logo\\\/image\\\/\"},\"sameAs\":[\"https:\\\/\\\/www.facebook.com\\\/noaksarkstockholm\",\"https:\\\/\\\/www.instagram.com\\\/noaksarkstockholm\\\/\",\"https:\\\/\\\/se.linkedin.com\\\/company\\\/noaks-ark-stockholm\"]}]}<\/script>\n<!-- \/ Yoast SEO Premium plugin. -->","yoast_head_json":{"title":"Noaks Ark Stockholm","robots":{"index":"index","follow":"follow","max-snippet":"max-snippet:-1","max-image-preview":"max-image-preview:large","max-video-preview":"max-video-preview:-1"},"canonical":"https:\/\/noaksark.org\/stockholm\/om-oss\/for-yrkesverksamma\/utbildningar\/","og_locale":"sv_SE","og_type":"article","og_title":"Utbildningar","og_description":"Forskning och unders\u00f6kningar visar att det \u00e4r s\u00e4rskilt angel\u00e4get att personer som arbetar inom v\u00e5rd och omsorgsyrkes har uppdaterade kunskaper om hiv. Vi f\u00f6rmedlar b\u00e5de baskunskap och f\u00f6rdjupad kunskap utifr\u00e5n ert behov. N\u00e4r du har...","og_url":"https:\/\/noaksark.org\/stockholm\/om-oss\/for-yrkesverksamma\/utbildningar\/","og_site_name":"Noaks Ark Stockholm","article_publisher":"https:\/\/www.facebook.com\/noaksarkstockholm","article_modified_time":"2023-06-08T08:51:49+00:00","og_image":[{"url":"https:\/\/noaksark.org\/stockholm\/wp-content\/uploads\/sites\/2\/2023\/04\/D869228.jpg","type":"","width":"","height":""}],"twitter_card":"summary_large_image","twitter_misc":{"Ber\u00e4knad l\u00e4stid":"2 minuter"},"schema":{"@context":"https:\/\/schema.org","@graph":[{"@type":"WebPage","@id":"https:\/\/noaksark.org\/stockholm\/om-oss\/for-yrkesverksamma\/utbildningar\/","url":"https:\/\/noaksark.org\/stockholm\/om-oss\/for-yrkesverksamma\/utbildningar\/","name":"","isPartOf":{"@id":"https:\/\/noaksark.org\/stockholm\/#website"},"primaryImageOfPage":{"@id":"https:\/\/noaksark.org\/stockholm\/om-oss\/for-yrkesverksamma\/utbildningar\/#primaryimage"},"image":{"@id":"https:\/\/noaksark.org\/stockholm\/om-oss\/for-yrkesverksamma\/utbildningar\/#primaryimage"},"thumbnailUrl":"https:\/\/noaksark.org\/stockholm\/wp-content\/uploads\/sites\/2\/2023\/04\/D869228.jpg","datePublished":"2023-04-21T17:52:14+00:00","dateModified":"2023-06-08T08:51:49+00:00","breadcrumb":{"@id":"https:\/\/noaksark.org\/stockholm\/om-oss\/for-yrkesverksamma\/utbildningar\/#breadcrumb"},"inLanguage":"sv-SE","potentialAction":[{"@type":"ReadAction","target":["https:\/\/noaksark.org\/stockholm\/om-oss\/for-yrkesverksamma\/utbildningar\/"]}]},{"@type":"ImageObject","inLanguage":"sv-SE","@id":"https:\/\/noaksark.org\/stockholm\/om-oss\/for-yrkesverksamma\/utbildningar\/#primaryimage","url":"https:\/\/noaksark.org\/stockholm\/wp-content\/uploads\/sites\/2\/2023\/04\/D869228.jpg","contentUrl":"https:\/\/noaksark.org\/stockholm\/wp-content\/uploads\/sites\/2\/2023\/04\/D869228.jpg","width":1024,"height":683},{"@type":"BreadcrumbList","@id":"https:\/\/noaksark.org\/stockholm\/om-oss\/for-yrkesverksamma\/utbildningar\/#breadcrumb","itemListElement":[{"@type":"ListItem","position":1,"name":"Home","item":"https:\/\/noaksark.org\/stockholm\/"},{"@type":"ListItem","position":2,"name":"Om oss","item":"https:\/\/noaksark.org\/stockholm\/om-oss\/"},{"@type":"ListItem","position":3,"name":"F\u00f6r yrkesverksamma","item":"https:\/\/noaksark.org\/stockholm\/om-oss\/for-yrkesverksamma\/"},{"@type":"ListItem","position":4,"name":"Utbildningar"}]},{"@type":"WebSite","@id":"https:\/\/noaksark.org\/stockholm\/#website","url":"https:\/\/noaksark.org\/stockholm\/","name":"Noaks Ark Stockholm","description":"","publisher":{"@id":"https:\/\/noaksark.org\/stockholm\/#organization"},"potentialAction":[{"@type":"SearchAction","target":{"@type":"EntryPoint","urlTemplate":"https:\/\/noaksark.org\/stockholm\/?s={search_term_string}"},"query-input":{"@type":"PropertyValueSpecification","valueRequired":true,"valueName":"search_term_string"}}],"inLanguage":"sv-SE"},{"@type":"Organization","@id":"https:\/\/noaksark.org\/stockholm\/#organization","name":"Noaks Ark Stockholm","url":"https:\/\/noaksark.org\/stockholm\/","logo":{"@type":"ImageObject","inLanguage":"sv-SE","@id":"https:\/\/noaksark.org\/stockholm\/#\/schema\/logo\/image\/","url":"https:\/\/noaksark.org\/stockholm\/wp-content\/uploads\/sites\/2\/2022\/08\/noaks-ark-nyheter-vad-betyder-noaks-ark-for-dig.jpg","contentUrl":"https:\/\/noaksark.org\/stockholm\/wp-content\/uploads\/sites\/2\/2022\/08\/noaks-ark-nyheter-vad-betyder-noaks-ark-for-dig.jpg","width":1000,"height":1000,"caption":"Noaks Ark Stockholm"},"image":{"@id":"https:\/\/noaksark.org\/stockholm\/#\/schema\/logo\/image\/"},"sameAs":["https:\/\/www.facebook.com\/noaksarkstockholm","https:\/\/www.instagram.com\/noaksarkstockholm\/","https:\/\/se.linkedin.com\/company\/noaks-ark-stockholm"]}]}},"_links":{"self":[{"href":"https:\/\/noaksark.org\/stockholm\/wp-json\/wp\/v2\/pages\/8687","targetHints":{"allow":["GET"]}}],"collection":[{"href":"https:\/\/noaksark.org\/stockholm\/wp-json\/wp\/v2\/pages"}],"about":[{"href":"https:\/\/noaksark.org\/stockholm\/wp-json\/wp\/v2\/types\/page"}],"author":[{"embeddable":true,"href":"https:\/\/noaksark.org\/stockholm\/wp-json\/wp\/v2\/users\/5"}],"replies":[{"embeddable":true,"href":"https:\/\/noaksark.org\/stockholm\/wp-json\/wp\/v2\/comments?post=8687"}],"version-history":[{"count":6,"href":"https:\/\/noaksark.org\/stockholm\/wp-json\/wp\/v2\/pages\/8687\/revisions"}],"predecessor-version":[{"id":9353,"href":"https:\/\/noaksark.org\/stockholm\/wp-json\/wp\/v2\/pages\/8687\/revisions\/9353"}],"up":[{"embeddable":true,"href":"https:\/\/noaksark.org\/stockholm\/wp-json\/wp\/v2\/pages\/8539"}],"wp:attachment":[{"href":"https:\/\/noaksark.org\/stockholm\/wp-json\/wp\/v2\/media?parent=8687"}],"curies":[{"name":"wp","href":"https:\/\/api.w.org\/{rel}","templated":true}]}}