{"id":85,"date":"2022-11-21T12:08:30","date_gmt":"2022-11-21T12:08:30","guid":{"rendered":"https:\/\/noaksark.test\/stockholm\/?page_id=85"},"modified":"2025-09-23T10:24:35","modified_gmt":"2025-09-23T08:24:35","slug":"bli-volontar","status":"publish","type":"page","link":"https:\/\/noaksark.org\/stockholm\/engagera-dig\/bli-volontar\/","title":{"rendered":"Bli volont\u00e4r"},"content":{"rendered":"\n<h2 class=\"wp-block-heading\" id=\"h-engagera-dig-i-var-forening-bli-en-av-oss\">Engagera dig i v\u00e5r f\u00f6rening &#8211; Bli en av oss<\/h2>\n\n\n\n<p>Du beh\u00f6vs! Vi p\u00e5 Noaks Ark i Stockholm s\u00f6ker volont\u00e4rer f\u00f6r v\u00e5rt arbete med att begr\u00e4nsa spridningen av hiv och lindra dess sociala konsekvenser. Vi tar \u00e4ven emot personer f\u00f6r arbetstr\u00e4ning och praktik i m\u00e5n av plats. Hos Noaks Ark har du m\u00f6jlighet att bidra till att minska stigma och diskriminering, att utvecklas och att g\u00f6ra gott f\u00f6r dig och andra.<\/p>\n\n\n\n<h2 class=\"wp-block-heading\" id=\"h-volontar\">Volont\u00e4r<\/h2>\n\n\n\n<p>En volont\u00e4r deltar i f\u00f6reningens verksamhet i den m\u00e5n en har tid och m\u00f6jlighet. Att vara volont\u00e4r \u00e4r ett frivilligt uppdrag och man f\u00e5r inget betalt. Man kan hj\u00e4lpa till vid enstaka event och aktiviteter, eller regelbundet i v\u00e5rt dagliga arbete. Kanske vill du hj\u00e4lpa till i v\u00e5r \u00f6ppna st\u00f6dverksamhet, i v\u00e5ra gemenskapsaktiviteter eller i receptionen? En annan m\u00f6jlighet \u00e4r att vara ute och dela ut material om hiv, delta i andra ut\u00e5triktade sammanhang eller att vara aktiv i sociala medier. Som volont\u00e4r f\u00e5r du m\u00f6jlighet att tr\u00e4ffa m\u00e4nniskor med olika bakgrund fr\u00e5n hela v\u00e4rlden. Du blir \u00e4ven inbjuden till v\u00e5rt fortbildningsprogram ARKademin och ing\u00e5r i ett st\u00f6rre sammanhang med andra volont\u00e4rer.<\/p>\n\n\n\n<h2 class=\"wp-block-heading\" id=\"h-arbetstraning-amp-praktik\">Arbetstr\u00e4ning &amp; praktik<\/h2>\n\n\n\n<p>Det finns ocks\u00e5 m\u00f6jlighet till praktik och arbetstr\u00e4ning vilken sker inom ramen f\u00f6r en utbildning eller genom Arbetsf\u00f6rmedlingen. Praktik- och arbetstr\u00e4ning \u00e4r tidsbegr\u00e4nsat och leder inte till anst\u00e4llning. Som en del av detta f\u00e5r du &nbsp;handledning och deltagande i v\u00e5rt fortbildningsprogram ARKademin och blir en del i en st\u00f6rre arbetsgrupp och gemenskap, samt deltar i aktiviteter i v\u00e5r verksamhet.<\/p>\n\n\n\n<p class=\"has-text-color has-link-color wp-elements-786101828ca1f02445ca8b926ae42562\" style=\"color:#914d98\"><strong>Tack f\u00f6r ditt intresse att engagera dig hos oss! Just nu har vi inte resurser att emot nya volont\u00e4rans\u00f6kningar. Vi meddelar h\u00e4r p\u00e5 hemsidan n\u00e4r v\u00e5rt ans\u00f6kningsformul\u00e4r \u00e5ter \u00e4r \u00f6ppet!\u00a0<\/strong><\/p>\n\n\n\n<p><\/p>\n","protected":false},"excerpt":{"rendered":"<p>Engagera dig i v\u00e5r f\u00f6rening &#8211; Bli en av oss Du beh\u00f6vs! Vi p\u00e5 Noaks Ark i Stockholm s\u00f6ker volont\u00e4rer f\u00f6r v\u00e5rt arbete med att begr\u00e4nsa spridningen av hiv och lindra dess sociala konsekvenser. Vi&#8230;<\/p>\n","protected":false},"author":27,"featured_media":0,"parent":11029,"menu_order":0,"comment_status":"closed","ping_status":"closed","template":"","meta":{"_acf_changed":false,"footnotes":""},"class_list":["post-85","page","type-page","status-publish","hentry"],"acf":[],"yoast_head":"<!-- This site is optimized with the Yoast SEO Premium plugin v27.4 (Yoast SEO v27.4) - https:\/\/yoast.com\/product\/yoast-seo-premium-wordpress\/ -->\n<title>Noaks Ark Stockholm<\/title>\n<meta name=\"robots\" content=\"index, follow, max-snippet:-1, max-image-preview:large, max-video-preview:-1\" \/>\n<link rel=\"canonical\" href=\"https:\/\/noaksark.org\/stockholm\/engagera-dig\/bli-volontar\/\" \/>\n<meta property=\"og:locale\" content=\"sv_SE\" \/>\n<meta property=\"og:type\" content=\"article\" \/>\n<meta property=\"og:title\" content=\"Bli volont\u00e4r\" \/>\n<meta property=\"og:description\" content=\"Engagera dig i v\u00e5r f\u00f6rening &#8211; Bli en av oss Du beh\u00f6vs! Vi p\u00e5 Noaks Ark i Stockholm s\u00f6ker volont\u00e4rer f\u00f6r v\u00e5rt arbete med att begr\u00e4nsa spridningen av hiv och lindra dess sociala konsekvenser. Vi...\" \/>\n<meta property=\"og:url\" content=\"https:\/\/noaksark.org\/stockholm\/engagera-dig\/bli-volontar\/\" \/>\n<meta property=\"og:site_name\" content=\"Noaks Ark Stockholm\" \/>\n<meta property=\"article:publisher\" content=\"https:\/\/www.facebook.com\/noaksarkstockholm\" \/>\n<meta property=\"article:modified_time\" content=\"2025-09-23T08:24:35+00:00\" \/>\n<meta name=\"twitter:card\" content=\"summary_large_image\" \/>\n<meta name=\"twitter:label1\" content=\"Ber\u00e4knad l\u00e4stid\" \/>\n\t<meta name=\"twitter:data1\" content=\"2 minuter\" \/>\n<script type=\"application\/ld+json\" class=\"yoast-schema-graph\">{\"@context\":\"https:\\\/\\\/schema.org\",\"@graph\":[{\"@type\":\"WebPage\",\"@id\":\"https:\\\/\\\/noaksark.org\\\/stockholm\\\/engagera-dig\\\/bli-volontar\\\/\",\"url\":\"https:\\\/\\\/noaksark.org\\\/stockholm\\\/engagera-dig\\\/bli-volontar\\\/\",\"name\":\"\",\"isPartOf\":{\"@id\":\"https:\\\/\\\/noaksark.org\\\/stockholm\\\/#website\"},\"datePublished\":\"2022-11-21T12:08:30+00:00\",\"dateModified\":\"2025-09-23T08:24:35+00:00\",\"breadcrumb\":{\"@id\":\"https:\\\/\\\/noaksark.org\\\/stockholm\\\/engagera-dig\\\/bli-volontar\\\/#breadcrumb\"},\"inLanguage\":\"sv-SE\",\"potentialAction\":[{\"@type\":\"ReadAction\",\"target\":[\"https:\\\/\\\/noaksark.org\\\/stockholm\\\/engagera-dig\\\/bli-volontar\\\/\"]}]},{\"@type\":\"BreadcrumbList\",\"@id\":\"https:\\\/\\\/noaksark.org\\\/stockholm\\\/engagera-dig\\\/bli-volontar\\\/#breadcrumb\",\"itemListElement\":[{\"@type\":\"ListItem\",\"position\":1,\"name\":\"Home\",\"item\":\"https:\\\/\\\/noaksark.org\\\/stockholm\\\/\"},{\"@type\":\"ListItem\",\"position\":2,\"name\":\"Engagera dig\",\"item\":\"https:\\\/\\\/noaksark.org\\\/stockholm\\\/engagera-dig\\\/\"},{\"@type\":\"ListItem\",\"position\":3,\"name\":\"Bli volont\u00e4r\"}]},{\"@type\":\"WebSite\",\"@id\":\"https:\\\/\\\/noaksark.org\\\/stockholm\\\/#website\",\"url\":\"https:\\\/\\\/noaksark.org\\\/stockholm\\\/\",\"name\":\"Noaks Ark Stockholm\",\"description\":\"\",\"publisher\":{\"@id\":\"https:\\\/\\\/noaksark.org\\\/stockholm\\\/#organization\"},\"potentialAction\":[{\"@type\":\"SearchAction\",\"target\":{\"@type\":\"EntryPoint\",\"urlTemplate\":\"https:\\\/\\\/noaksark.org\\\/stockholm\\\/?s={search_term_string}\"},\"query-input\":{\"@type\":\"PropertyValueSpecification\",\"valueRequired\":true,\"valueName\":\"search_term_string\"}}],\"inLanguage\":\"sv-SE\"},{\"@type\":\"Organization\",\"@id\":\"https:\\\/\\\/noaksark.org\\\/stockholm\\\/#organization\",\"name\":\"Noaks Ark Stockholm\",\"url\":\"https:\\\/\\\/noaksark.org\\\/stockholm\\\/\",\"logo\":{\"@type\":\"ImageObject\",\"inLanguage\":\"sv-SE\",\"@id\":\"https:\\\/\\\/noaksark.org\\\/stockholm\\\/#\\\/schema\\\/logo\\\/image\\\/\",\"url\":\"https:\\\/\\\/noaksark.org\\\/stockholm\\\/wp-content\\\/uploads\\\/sites\\\/2\\\/2022\\\/08\\\/noaks-ark-nyheter-vad-betyder-noaks-ark-for-dig.jpg\",\"contentUrl\":\"https:\\\/\\\/noaksark.org\\\/stockholm\\\/wp-content\\\/uploads\\\/sites\\\/2\\\/2022\\\/08\\\/noaks-ark-nyheter-vad-betyder-noaks-ark-for-dig.jpg\",\"width\":1000,\"height\":1000,\"caption\":\"Noaks Ark Stockholm\"},\"image\":{\"@id\":\"https:\\\/\\\/noaksark.org\\\/stockholm\\\/#\\\/schema\\\/logo\\\/image\\\/\"},\"sameAs\":[\"https:\\\/\\\/www.facebook.com\\\/noaksarkstockholm\",\"https:\\\/\\\/www.instagram.com\\\/noaksarkstockholm\\\/\",\"https:\\\/\\\/se.linkedin.com\\\/company\\\/noaks-ark-stockholm\"]}]}<\/script>\n<!-- \/ Yoast SEO Premium plugin. -->","yoast_head_json":{"title":"Noaks Ark Stockholm","robots":{"index":"index","follow":"follow","max-snippet":"max-snippet:-1","max-image-preview":"max-image-preview:large","max-video-preview":"max-video-preview:-1"},"canonical":"https:\/\/noaksark.org\/stockholm\/engagera-dig\/bli-volontar\/","og_locale":"sv_SE","og_type":"article","og_title":"Bli volont\u00e4r","og_description":"Engagera dig i v\u00e5r f\u00f6rening &#8211; Bli en av oss Du beh\u00f6vs! Vi p\u00e5 Noaks Ark i Stockholm s\u00f6ker volont\u00e4rer f\u00f6r v\u00e5rt arbete med att begr\u00e4nsa spridningen av hiv och lindra dess sociala konsekvenser. Vi...","og_url":"https:\/\/noaksark.org\/stockholm\/engagera-dig\/bli-volontar\/","og_site_name":"Noaks Ark Stockholm","article_publisher":"https:\/\/www.facebook.com\/noaksarkstockholm","article_modified_time":"2025-09-23T08:24:35+00:00","twitter_card":"summary_large_image","twitter_misc":{"Ber\u00e4knad l\u00e4stid":"2 minuter"},"schema":{"@context":"https:\/\/schema.org","@graph":[{"@type":"WebPage","@id":"https:\/\/noaksark.org\/stockholm\/engagera-dig\/bli-volontar\/","url":"https:\/\/noaksark.org\/stockholm\/engagera-dig\/bli-volontar\/","name":"","isPartOf":{"@id":"https:\/\/noaksark.org\/stockholm\/#website"},"datePublished":"2022-11-21T12:08:30+00:00","dateModified":"2025-09-23T08:24:35+00:00","breadcrumb":{"@id":"https:\/\/noaksark.org\/stockholm\/engagera-dig\/bli-volontar\/#breadcrumb"},"inLanguage":"sv-SE","potentialAction":[{"@type":"ReadAction","target":["https:\/\/noaksark.org\/stockholm\/engagera-dig\/bli-volontar\/"]}]},{"@type":"BreadcrumbList","@id":"https:\/\/noaksark.org\/stockholm\/engagera-dig\/bli-volontar\/#breadcrumb","itemListElement":[{"@type":"ListItem","position":1,"name":"Home","item":"https:\/\/noaksark.org\/stockholm\/"},{"@type":"ListItem","position":2,"name":"Engagera dig","item":"https:\/\/noaksark.org\/stockholm\/engagera-dig\/"},{"@type":"ListItem","position":3,"name":"Bli volont\u00e4r"}]},{"@type":"WebSite","@id":"https:\/\/noaksark.org\/stockholm\/#website","url":"https:\/\/noaksark.org\/stockholm\/","name":"Noaks Ark Stockholm","description":"","publisher":{"@id":"https:\/\/noaksark.org\/stockholm\/#organization"},"potentialAction":[{"@type":"SearchAction","target":{"@type":"EntryPoint","urlTemplate":"https:\/\/noaksark.org\/stockholm\/?s={search_term_string}"},"query-input":{"@type":"PropertyValueSpecification","valueRequired":true,"valueName":"search_term_string"}}],"inLanguage":"sv-SE"},{"@type":"Organization","@id":"https:\/\/noaksark.org\/stockholm\/#organization","name":"Noaks Ark Stockholm","url":"https:\/\/noaksark.org\/stockholm\/","logo":{"@type":"ImageObject","inLanguage":"sv-SE","@id":"https:\/\/noaksark.org\/stockholm\/#\/schema\/logo\/image\/","url":"https:\/\/noaksark.org\/stockholm\/wp-content\/uploads\/sites\/2\/2022\/08\/noaks-ark-nyheter-vad-betyder-noaks-ark-for-dig.jpg","contentUrl":"https:\/\/noaksark.org\/stockholm\/wp-content\/uploads\/sites\/2\/2022\/08\/noaks-ark-nyheter-vad-betyder-noaks-ark-for-dig.jpg","width":1000,"height":1000,"caption":"Noaks Ark Stockholm"},"image":{"@id":"https:\/\/noaksark.org\/stockholm\/#\/schema\/logo\/image\/"},"sameAs":["https:\/\/www.facebook.com\/noaksarkstockholm","https:\/\/www.instagram.com\/noaksarkstockholm\/","https:\/\/se.linkedin.com\/company\/noaks-ark-stockholm"]}]}},"_links":{"self":[{"href":"https:\/\/noaksark.org\/stockholm\/wp-json\/wp\/v2\/pages\/85","targetHints":{"allow":["GET"]}}],"collection":[{"href":"https:\/\/noaksark.org\/stockholm\/wp-json\/wp\/v2\/pages"}],"about":[{"href":"https:\/\/noaksark.org\/stockholm\/wp-json\/wp\/v2\/types\/page"}],"author":[{"embeddable":true,"href":"https:\/\/noaksark.org\/stockholm\/wp-json\/wp\/v2\/users\/27"}],"replies":[{"embeddable":true,"href":"https:\/\/noaksark.org\/stockholm\/wp-json\/wp\/v2\/comments?post=85"}],"version-history":[{"count":12,"href":"https:\/\/noaksark.org\/stockholm\/wp-json\/wp\/v2\/pages\/85\/revisions"}],"predecessor-version":[{"id":11886,"href":"https:\/\/noaksark.org\/stockholm\/wp-json\/wp\/v2\/pages\/85\/revisions\/11886"}],"up":[{"embeddable":true,"href":"https:\/\/noaksark.org\/stockholm\/wp-json\/wp\/v2\/pages\/11029"}],"wp:attachment":[{"href":"https:\/\/noaksark.org\/stockholm\/wp-json\/wp\/v2\/media?parent=85"}],"curies":[{"name":"wp","href":"https:\/\/api.w.org\/{rel}","templated":true}]}}