{"id":83,"date":"2022-11-21T12:06:25","date_gmt":"2022-11-21T12:06:25","guid":{"rendered":"https:\/\/noaksark.test\/stockholm\/?page_id=83"},"modified":"2026-04-29T10:47:00","modified_gmt":"2026-04-29T08:47:00","slug":"bli-medlem","status":"publish","type":"page","link":"https:\/\/noaksark.org\/stockholm\/engagera-dig\/bli-medlem\/","title":{"rendered":"Bli medlem"},"content":{"rendered":"\n<h2 class=\"wp-block-heading\" id=\"h-engagera-dig-for-en-varld-dar-hiv-inte-begransar\">Engagera dig f\u00f6r en v\u00e4rld d\u00e4r hiv inte begr\u00e4nsar<\/h2>\n\n\n\n<p>Noaks Ark Stockholm \u00e4r en ideell medlemsorganisation som finns centralt i Stockholm och \u00e4r en del av Riksf\u00f6rbundet Noaks Ark. Vi startade 1985 och har genom \u00e5ren samlat p\u00e5 oss ov\u00e4rderlig erfarenhet om hiv.<\/p>\n\n\n\n<p>Engagera dig i kampen mot hiv och st\u00f6d dem som lever med hiv. Alla \u00e4r v\u00e4lkomna att bli medlemmar i Noaks Ark Stockholm. Du ans\u00f6ker genom att betala in medlemsavgiften, som \u00e4r 25 SEK (inkl. moms) f\u00f6r 2026.&nbsp;<\/p>\n\n\n\n<p>Du v\u00e4ljer sj\u00e4lv hur mycket du vill engagera dig. Som volont\u00e4r, som f\u00f6rtroendevald eller engagerad medlem kan du vara med och p\u00e5verka och vara aktiv i verksamheten. Men du \u00e4r lika viktig om du vill passivt st\u00f6tta oss med medlemsavgiften.<\/p>\n\n\n\n<h2 class=\"wp-block-heading\" id=\"h-fyll-i-formularet-nedan-for-att-bli-medlem\">Fyll i formul\u00e4ret nedan f\u00f6r att bli medlem<\/h2>\n\n\n<iframe\n  src=\"https:\/\/noaksark.arcmember.net\/public\/becomemember.aspx?iframe=true\"\n  class=\"responsive-iframe\"\n  scrolling=\"no\">\n<\/iframe>\n\n\n\n<p><\/p>\n\n\n\n<h3 class=\"wp-block-heading\" id=\"h-vanliga-fragor-om-medlemskap-i-noaks-ark-stockholm\">Vanliga fr\u00e5gor om medlemskap i Noaks Ark Stockholm<\/h3>\n\n\n\n<div class=\"testimonial-block\" style=\"background-color: ; color: \">\n    <div class=\"accordion\" id=\"accordion\">                <div class=\"accordion-item mt-1\">\n                    <div class=\"accordion-header\">\n                        <button class=\"accordion-button collapsed\" type=\"button\" data-bs-toggle=\"collapse\" data-bs-target=\"#collapse-0\" aria-expanded=\"true\" aria-controls=\"collapse-0\">\n                            <h6 class=\"mb-0\">Hur blir jag medlem och vad kostar det?<\/h6>\n                        <\/button>\n                    <\/div>\n                    <div class=\"collapse\" id=\"collapse-0\"> \n                        <div class=\"accordion-body\">\n                            <p>Du blir medlem n\u00e4r medlemsavgiften \u00e4r betald. Avgiften \u00e4r 25 kr (inkl. moms) per kalender\u00e5r. Endast privatpersoner kan bli medlemmar \u2013 organisationer och f\u00f6retag kan inte bli medlemmar.<\/p>\n                        <\/div>\n                    <\/div>\n                <\/div>\n                                <div class=\"accordion-item mt-1\">\n                    <div class=\"accordion-header\">\n                        <button class=\"accordion-button collapsed\" type=\"button\" data-bs-toggle=\"collapse\" data-bs-target=\"#collapse-1\" aria-expanded=\"true\" aria-controls=\"collapse-1\">\n                            <h6 class=\"mb-0\">Vad f\u00e5r jag som medlem?<\/h6>\n                        <\/button>\n                    <\/div>\n                    <div class=\"collapse\" id=\"collapse-1\"> \n                        <div class=\"accordion-body\">\n                            <p>Som medlem f\u00e5r du:<\/p>\n<ul>\n<li>V\u00e5ra medlemsbrev och nyhetsbrev via mejl<\/li>\n<li>Inbjudningar till aktiviteter och erbjudanden som \u00e4r exklusiva f\u00f6r medlemmar<\/li>\n<li>M\u00f6jlighet att p\u00e5verka f\u00f6reningen genom att r\u00f6sta p\u00e5 \u00e5rsm\u00f6ten, skriva motioner och kandidera till f\u00f6rtroendeuppdrag<\/li>\n<\/ul>\n                        <\/div>\n                    <\/div>\n                <\/div>\n                                <div class=\"accordion-item mt-1\">\n                    <div class=\"accordion-header\">\n                        <button class=\"accordion-button collapsed\" type=\"button\" data-bs-toggle=\"collapse\" data-bs-target=\"#collapse-2\" aria-expanded=\"true\" aria-controls=\"collapse-2\">\n                            <h6 class=\"mb-0\">Hur avslutar jag mitt medlemskap?<\/h6>\n                        <\/button>\n                    <\/div>\n                    <div class=\"collapse\" id=\"collapse-2\"> \n                        <div class=\"accordion-body\">\n                            <p>Du kan n\u00e4r som helst avsluta ditt medlemskap genom att kontakta oss via:<\/p>\n<ul>\n<li>E-post: info.stockholm@noaksark.org<\/li>\n<li>Telefon: 08-700 46 00 (knappval 3)<\/li>\n<\/ul>\n<p>Om du avslutar ditt medlemskap inom 14 dagar fr\u00e5n betalning f\u00e5r du medlemsavgiften \u00e5terbetald.<\/p>\n                        <\/div>\n                    <\/div>\n                <\/div>\n                                <div class=\"accordion-item mt-1\">\n                    <div class=\"accordion-header\">\n                        <button class=\"accordion-button collapsed\" type=\"button\" data-bs-toggle=\"collapse\" data-bs-target=\"#collapse-3\" aria-expanded=\"true\" aria-controls=\"collapse-3\">\n                            <h6 class=\"mb-0\">Kan jag bli utesluten som medlem?<\/h6>\n                        <\/button>\n                    <\/div>\n                    <div class=\"collapse\" id=\"collapse-3\"> \n                        <div class=\"accordion-body\">\n                            <p>Ja, medlemmar som motarbetar eller skadar f\u00f6reningen kan uteslutas.<\/p>\n                        <\/div>\n                    <\/div>\n                <\/div>\n                                <div class=\"accordion-item mt-1\">\n                    <div class=\"accordion-header\">\n                        <button class=\"accordion-button collapsed\" type=\"button\" data-bs-toggle=\"collapse\" data-bs-target=\"#collapse-4\" aria-expanded=\"true\" aria-controls=\"collapse-4\">\n                            <h6 class=\"mb-0\">Vem \u00e4r v\u00e4lkommen som medlem?<\/h6>\n                        <\/button>\n                    <\/div>\n                    <div class=\"collapse\" id=\"collapse-4\"> \n                        <div class=\"accordion-body\">\n                            <p>Alla personer \u00e4r lika v\u00e4lkomna, oavsett hivstatus. Vi tror p\u00e5 en v\u00e4rld d\u00e4r hiv inte begr\u00e4nsar, och engagemang inom Noaks Ark Stockholm kan se ut p\u00e5 m\u00e5nga olika s\u00e4tt. Alla ber\u00f6rs av hiv \u2013 men p\u00e5 olika s\u00e4tt.<\/p>\n<p>Anst\u00e4llda kan vara medlemmar men har ingen r\u00f6str\u00e4tt.<\/p>\n                        <\/div>\n                    <\/div>\n                <\/div>\n                <\/div><\/div>\n\n\n\n\n<div style=\"height:100px\" aria-hidden=\"true\" class=\"wp-block-spacer\"><\/div>\n\n\n\n<h3 class=\"wp-block-heading\" id=\"h-dokument\">Dokument<\/h3>\n\n\n\n\n<a href=\"https:\/\/noaksark.org\/stockholm\/wp-content\/uploads\/sites\/2\/2025\/11\/Stadgar-Noaks-Ark-Stockholm-2024-.pdf\" target=\"_blank\" class=\"filebox-block\">\n    <i class=\"fal fs-4 me-3 fa-file-pdf\"><\/i>\n    <span class=\"filebox-text-content\">\n        <span class=\"filebox-title\">Stadgar<\/span>\n        <span class=\"filebox-meta\"><small><i>Stadgar-Noaks-Ark-Stockholm-2024-.pdf<\/i><\/small><\/span>\n    <\/span>\n    <i class=\"download-icon fa-regular fa-cloud-arrow-down\"><\/i>\n<\/a>\n\n\n\n\n\n<a href=\"https:\/\/noaksark.org\/stockholm\/wp-content\/uploads\/sites\/2\/2025\/11\/Basinformation-om-medlemskap-NAS-hemsida-1.pdf\" target=\"_blank\" class=\"filebox-block\">\n    <i class=\"fal fs-4 me-3 fa-file-pdf\"><\/i>\n    <span class=\"filebox-text-content\">\n        <span class=\"filebox-title\">Information om medlemskap i Noaks Ark (presentation)<\/span>\n        <span class=\"filebox-meta\"><small><i>Basinformation-om-medlemskap-NAS-hemsida-1.pdf<\/i><\/small><\/span>\n    <\/span>\n    <i class=\"download-icon fa-regular fa-cloud-arrow-down\"><\/i>\n<\/a>\n\n\n\n\n<div style=\"height:100px\" aria-hidden=\"true\" class=\"wp-block-spacer\"><\/div>\n\n\n\n<h3 class=\"wp-block-heading\" id=\"h-aktuellt-som-medlem\">Aktuellt som medlem<\/h3>\n\n\n\n    <p class=\"text-start\">\n        <a href=\"https:\/\/noaksark.org\/stockholm\/om-oss\/styrelsen\/\" class=\"bootstrap-btn-block btn btn-primary\">\n            Nominera till kommande \u00e5rsm\u00f6te        <\/a>\n    <\/p>\n\n\n\n\n<div style=\"height:100px\" aria-hidden=\"true\" class=\"wp-block-spacer\"><\/div>\n\n\n\n        <a href=\"https:\/\/noaksark.org\/stockholm\/kalender\/arsmote\/\" aria-label=\"H\u00e4ndelse, \u00c5rsm\u00f6te, 2026-03-23 \">\n            <div class=\"post-list-item\">\n                <div class=\"row\">\n                    <div class=\"col-12 col-lg-3 mb-2\">\n                        <div class=\"post-list-image-wrapper\">\n                            <img loading=\"lazy\" decoding=\"async\" width=\"1024\" height=\"683\" src=\"https:\/\/noaksark.org\/stockholm\/wp-content\/uploads\/sites\/2\/2023\/04\/D869148-1024x683.jpg\" class=\"post-list-image wp-post-image\" alt=\"\" srcset=\"https:\/\/noaksark.org\/stockholm\/wp-content\/uploads\/sites\/2\/2023\/04\/D869148-1024x683.jpg 1024w, https:\/\/noaksark.org\/stockholm\/wp-content\/uploads\/sites\/2\/2023\/04\/D869148-300x200.jpg 300w, https:\/\/noaksark.org\/stockholm\/wp-content\/uploads\/sites\/2\/2023\/04\/D869148-768x512.jpg 768w, https:\/\/noaksark.org\/stockholm\/wp-content\/uploads\/sites\/2\/2023\/04\/D869148-1536x1024.jpg 1536w, https:\/\/noaksark.org\/stockholm\/wp-content\/uploads\/sites\/2\/2023\/04\/D869148-2048x1366.jpg 2048w, https:\/\/noaksark.org\/stockholm\/wp-content\/uploads\/sites\/2\/2023\/04\/D869148-150x100.jpg 150w, https:\/\/noaksark.org\/stockholm\/wp-content\/uploads\/sites\/2\/2023\/04\/D869148-1152x768.jpg 1152w\" sizes=\"auto, (max-width: 1024px) 100vw, 1024px\" \/>                        <\/div>\n                    <\/div>\n                    <div class=\"col-12 col-lg-9\">\n                        <h5>\u00c5rsm\u00f6te<\/h5>\n                        <div class=\"meta text-secondary\">\n                            <h6 class=\"mb-1\">\n                                <i class=\"fa-light fa-calendar-days\"><\/i>\n                                2026-03-23                                                            <\/h6>\n                        <\/div>\n                                                V\u00e4lkommen till f\u00f6reningen Noaks Ark Stockholms \u00e5rsm\u00f6te! Vi serverar enklare f\u00f6rt\u00e4ring och f\u00f6rel\u00e4sning innan vi b\u00f6rjar med agendan. \u00c5rsm\u00f6tet \u00e4r f\u00f6reningens h\u00f6gsta beslutande organ d\u00e4r du som medlem har m\u00f6jlighet att p\u00e5verka och anv\u00e4nda din&#8230;                    <\/div>\n                <\/div>\n            <\/div>\n        <\/a>\n\n\n\n\n<p><\/p>\n","protected":false},"excerpt":{"rendered":"<p>Engagera dig f\u00f6r en v\u00e4rld d\u00e4r hiv inte begr\u00e4nsar Noaks Ark Stockholm \u00e4r en ideell medlemsorganisation som finns centralt i Stockholm och \u00e4r en del av Riksf\u00f6rbundet Noaks Ark. Vi startade 1985 och har genom&#8230;<\/p>\n","protected":false},"author":27,"featured_media":0,"parent":11029,"menu_order":0,"comment_status":"closed","ping_status":"closed","template":"","meta":{"_acf_changed":false,"footnotes":""},"class_list":["post-83","page","type-page","status-publish","hentry"],"acf":[],"yoast_head":"<!-- This site is optimized with the Yoast SEO Premium plugin v27.5 (Yoast SEO v27.5) - https:\/\/yoast.com\/product\/yoast-seo-premium-wordpress\/ -->\n<title>Noaks Ark Stockholm<\/title>\n<meta name=\"robots\" content=\"index, follow, max-snippet:-1, max-image-preview:large, max-video-preview:-1\" \/>\n<link rel=\"canonical\" href=\"https:\/\/noaksark.org\/stockholm\/engagera-dig\/bli-medlem\/\" \/>\n<meta property=\"og:locale\" content=\"sv_SE\" \/>\n<meta property=\"og:type\" content=\"article\" \/>\n<meta property=\"og:title\" content=\"Bli medlem\" \/>\n<meta property=\"og:description\" content=\"Engagera dig f\u00f6r en v\u00e4rld d\u00e4r hiv inte begr\u00e4nsar Noaks Ark Stockholm \u00e4r en ideell medlemsorganisation som finns centralt i Stockholm och \u00e4r en del av Riksf\u00f6rbundet Noaks Ark. Vi startade 1985 och har genom...\" \/>\n<meta property=\"og:url\" content=\"https:\/\/noaksark.org\/stockholm\/engagera-dig\/bli-medlem\/\" \/>\n<meta property=\"og:site_name\" content=\"Noaks Ark Stockholm\" \/>\n<meta property=\"article:publisher\" content=\"https:\/\/www.facebook.com\/noaksarkstockholm\" \/>\n<meta property=\"article:modified_time\" content=\"2026-04-29T08:47:00+00:00\" \/>\n<meta name=\"twitter:card\" content=\"summary_large_image\" \/>\n<meta name=\"twitter:label1\" content=\"Ber\u00e4knad l\u00e4stid\" \/>\n\t<meta name=\"twitter:data1\" content=\"1 minut\" \/>\n<script type=\"application\/ld+json\" class=\"yoast-schema-graph\">{\"@context\":\"https:\\\/\\\/schema.org\",\"@graph\":[{\"@type\":\"WebPage\",\"@id\":\"https:\\\/\\\/noaksark.org\\\/stockholm\\\/engagera-dig\\\/bli-medlem\\\/\",\"url\":\"https:\\\/\\\/noaksark.org\\\/stockholm\\\/engagera-dig\\\/bli-medlem\\\/\",\"name\":\"\",\"isPartOf\":{\"@id\":\"https:\\\/\\\/noaksark.org\\\/stockholm\\\/#website\"},\"datePublished\":\"2022-11-21T12:06:25+00:00\",\"dateModified\":\"2026-04-29T08:47:00+00:00\",\"breadcrumb\":{\"@id\":\"https:\\\/\\\/noaksark.org\\\/stockholm\\\/engagera-dig\\\/bli-medlem\\\/#breadcrumb\"},\"inLanguage\":\"sv-SE\",\"potentialAction\":[{\"@type\":\"ReadAction\",\"target\":[\"https:\\\/\\\/noaksark.org\\\/stockholm\\\/engagera-dig\\\/bli-medlem\\\/\"]}]},{\"@type\":\"BreadcrumbList\",\"@id\":\"https:\\\/\\\/noaksark.org\\\/stockholm\\\/engagera-dig\\\/bli-medlem\\\/#breadcrumb\",\"itemListElement\":[{\"@type\":\"ListItem\",\"position\":1,\"name\":\"Home\",\"item\":\"https:\\\/\\\/noaksark.org\\\/stockholm\\\/\"},{\"@type\":\"ListItem\",\"position\":2,\"name\":\"Engagera dig\",\"item\":\"https:\\\/\\\/noaksark.org\\\/stockholm\\\/engagera-dig\\\/\"},{\"@type\":\"ListItem\",\"position\":3,\"name\":\"Bli medlem\"}]},{\"@type\":\"WebSite\",\"@id\":\"https:\\\/\\\/noaksark.org\\\/stockholm\\\/#website\",\"url\":\"https:\\\/\\\/noaksark.org\\\/stockholm\\\/\",\"name\":\"Noaks Ark Stockholm\",\"description\":\"\",\"publisher\":{\"@id\":\"https:\\\/\\\/noaksark.org\\\/stockholm\\\/#organization\"},\"potentialAction\":[{\"@type\":\"SearchAction\",\"target\":{\"@type\":\"EntryPoint\",\"urlTemplate\":\"https:\\\/\\\/noaksark.org\\\/stockholm\\\/?s={search_term_string}\"},\"query-input\":{\"@type\":\"PropertyValueSpecification\",\"valueRequired\":true,\"valueName\":\"search_term_string\"}}],\"inLanguage\":\"sv-SE\"},{\"@type\":\"Organization\",\"@id\":\"https:\\\/\\\/noaksark.org\\\/stockholm\\\/#organization\",\"name\":\"Noaks Ark Stockholm\",\"url\":\"https:\\\/\\\/noaksark.org\\\/stockholm\\\/\",\"logo\":{\"@type\":\"ImageObject\",\"inLanguage\":\"sv-SE\",\"@id\":\"https:\\\/\\\/noaksark.org\\\/stockholm\\\/#\\\/schema\\\/logo\\\/image\\\/\",\"url\":\"https:\\\/\\\/noaksark.org\\\/stockholm\\\/wp-content\\\/uploads\\\/sites\\\/2\\\/2022\\\/08\\\/noaks-ark-nyheter-vad-betyder-noaks-ark-for-dig.jpg\",\"contentUrl\":\"https:\\\/\\\/noaksark.org\\\/stockholm\\\/wp-content\\\/uploads\\\/sites\\\/2\\\/2022\\\/08\\\/noaks-ark-nyheter-vad-betyder-noaks-ark-for-dig.jpg\",\"width\":1000,\"height\":1000,\"caption\":\"Noaks Ark Stockholm\"},\"image\":{\"@id\":\"https:\\\/\\\/noaksark.org\\\/stockholm\\\/#\\\/schema\\\/logo\\\/image\\\/\"},\"sameAs\":[\"https:\\\/\\\/www.facebook.com\\\/noaksarkstockholm\",\"https:\\\/\\\/www.instagram.com\\\/noaksarkstockholm\\\/\",\"https:\\\/\\\/se.linkedin.com\\\/company\\\/noaks-ark-stockholm\"]}]}<\/script>\n<!-- \/ Yoast SEO Premium plugin. -->","yoast_head_json":{"title":"Noaks Ark Stockholm","robots":{"index":"index","follow":"follow","max-snippet":"max-snippet:-1","max-image-preview":"max-image-preview:large","max-video-preview":"max-video-preview:-1"},"canonical":"https:\/\/noaksark.org\/stockholm\/engagera-dig\/bli-medlem\/","og_locale":"sv_SE","og_type":"article","og_title":"Bli medlem","og_description":"Engagera dig f\u00f6r en v\u00e4rld d\u00e4r hiv inte begr\u00e4nsar Noaks Ark Stockholm \u00e4r en ideell medlemsorganisation som finns centralt i Stockholm och \u00e4r en del av Riksf\u00f6rbundet Noaks Ark. Vi startade 1985 och har genom...","og_url":"https:\/\/noaksark.org\/stockholm\/engagera-dig\/bli-medlem\/","og_site_name":"Noaks Ark Stockholm","article_publisher":"https:\/\/www.facebook.com\/noaksarkstockholm","article_modified_time":"2026-04-29T08:47:00+00:00","twitter_card":"summary_large_image","twitter_misc":{"Ber\u00e4knad l\u00e4stid":"1 minut"},"schema":{"@context":"https:\/\/schema.org","@graph":[{"@type":"WebPage","@id":"https:\/\/noaksark.org\/stockholm\/engagera-dig\/bli-medlem\/","url":"https:\/\/noaksark.org\/stockholm\/engagera-dig\/bli-medlem\/","name":"","isPartOf":{"@id":"https:\/\/noaksark.org\/stockholm\/#website"},"datePublished":"2022-11-21T12:06:25+00:00","dateModified":"2026-04-29T08:47:00+00:00","breadcrumb":{"@id":"https:\/\/noaksark.org\/stockholm\/engagera-dig\/bli-medlem\/#breadcrumb"},"inLanguage":"sv-SE","potentialAction":[{"@type":"ReadAction","target":["https:\/\/noaksark.org\/stockholm\/engagera-dig\/bli-medlem\/"]}]},{"@type":"BreadcrumbList","@id":"https:\/\/noaksark.org\/stockholm\/engagera-dig\/bli-medlem\/#breadcrumb","itemListElement":[{"@type":"ListItem","position":1,"name":"Home","item":"https:\/\/noaksark.org\/stockholm\/"},{"@type":"ListItem","position":2,"name":"Engagera dig","item":"https:\/\/noaksark.org\/stockholm\/engagera-dig\/"},{"@type":"ListItem","position":3,"name":"Bli medlem"}]},{"@type":"WebSite","@id":"https:\/\/noaksark.org\/stockholm\/#website","url":"https:\/\/noaksark.org\/stockholm\/","name":"Noaks Ark Stockholm","description":"","publisher":{"@id":"https:\/\/noaksark.org\/stockholm\/#organization"},"potentialAction":[{"@type":"SearchAction","target":{"@type":"EntryPoint","urlTemplate":"https:\/\/noaksark.org\/stockholm\/?s={search_term_string}"},"query-input":{"@type":"PropertyValueSpecification","valueRequired":true,"valueName":"search_term_string"}}],"inLanguage":"sv-SE"},{"@type":"Organization","@id":"https:\/\/noaksark.org\/stockholm\/#organization","name":"Noaks Ark Stockholm","url":"https:\/\/noaksark.org\/stockholm\/","logo":{"@type":"ImageObject","inLanguage":"sv-SE","@id":"https:\/\/noaksark.org\/stockholm\/#\/schema\/logo\/image\/","url":"https:\/\/noaksark.org\/stockholm\/wp-content\/uploads\/sites\/2\/2022\/08\/noaks-ark-nyheter-vad-betyder-noaks-ark-for-dig.jpg","contentUrl":"https:\/\/noaksark.org\/stockholm\/wp-content\/uploads\/sites\/2\/2022\/08\/noaks-ark-nyheter-vad-betyder-noaks-ark-for-dig.jpg","width":1000,"height":1000,"caption":"Noaks Ark Stockholm"},"image":{"@id":"https:\/\/noaksark.org\/stockholm\/#\/schema\/logo\/image\/"},"sameAs":["https:\/\/www.facebook.com\/noaksarkstockholm","https:\/\/www.instagram.com\/noaksarkstockholm\/","https:\/\/se.linkedin.com\/company\/noaks-ark-stockholm"]}]}},"_links":{"self":[{"href":"https:\/\/noaksark.org\/stockholm\/wp-json\/wp\/v2\/pages\/83","targetHints":{"allow":["GET"]}}],"collection":[{"href":"https:\/\/noaksark.org\/stockholm\/wp-json\/wp\/v2\/pages"}],"about":[{"href":"https:\/\/noaksark.org\/stockholm\/wp-json\/wp\/v2\/types\/page"}],"author":[{"embeddable":true,"href":"https:\/\/noaksark.org\/stockholm\/wp-json\/wp\/v2\/users\/27"}],"replies":[{"embeddable":true,"href":"https:\/\/noaksark.org\/stockholm\/wp-json\/wp\/v2\/comments?post=83"}],"version-history":[{"count":101,"href":"https:\/\/noaksark.org\/stockholm\/wp-json\/wp\/v2\/pages\/83\/revisions"}],"predecessor-version":[{"id":13147,"href":"https:\/\/noaksark.org\/stockholm\/wp-json\/wp\/v2\/pages\/83\/revisions\/13147"}],"up":[{"embeddable":true,"href":"https:\/\/noaksark.org\/stockholm\/wp-json\/wp\/v2\/pages\/11029"}],"wp:attachment":[{"href":"https:\/\/noaksark.org\/stockholm\/wp-json\/wp\/v2\/media?parent=83"}],"curies":[{"name":"wp","href":"https:\/\/api.w.org\/{rel}","templated":true}]}}