{"id":61,"date":"2022-11-21T08:40:46","date_gmt":"2022-11-21T07:40:46","guid":{"rendered":"https:\/\/noaksark.test\/stockholm\/?page_id=61"},"modified":"2025-10-24T11:28:11","modified_gmt":"2025-10-24T09:28:11","slug":"stod-och-introduktion","status":"publish","type":"page","link":"https:\/\/noaksark.org\/stockholm\/leva-med-hiv\/individuellt-stod\/stod-och-introduktion\/","title":{"rendered":"St\u00f6d- och introduktion"},"content":{"rendered":"\n<p>Vill du tr\u00e4ffa n\u00e5gon som arbetar hos oss f\u00f6r individuella samtal \u00e4r du alltid v\u00e4lkommen att ta kontakt med oss f\u00f6r att boka tid, eller bara komma f\u00f6rbi.&nbsp;<\/p>\n\n\n\n<p>Samtalen \u00e4r \u00f6ppna f\u00f6r dig som lever med hiv och\/eller dina n\u00e4ra anh\u00f6riga. Du kan sj\u00e4lv boka tid eller be din infektionsmottagning om hj\u00e4lp.<\/p>\n\n\n\n<h4 class=\"wp-block-heading\" id=\"h-introduktionssamtal\">Introduktionssamtal<\/h4>\n\n\n\n<p>Introduktionssamtal \u00e4r bra f\u00f6r dig som inte har varit hos oss innan eller p\u00e5 v\u00e4ldigt l\u00e4nge. P\u00e5 ett introduktionssamtal f\u00e5r m\u00f6jlighet att prata om dina behov om du vill och vi kan ber\u00e4tta om vad vi kan erbjuda i v\u00e5r verksamhet och hur det fungerar hos oss.<\/p>\n\n\n\n<p>Vi har oftast m\u00f6jlighet att m\u00f6ta upp dig om du har sv\u00e5rt att hitta, kan ha samtalen p\u00e5 andra spr\u00e5k \u00e4n svenska eller engelska och \u00e4r du inte redo att ta steget in kan vi m\u00f6tas upp p\u00e5 stan eller p\u00e5 din infektionsmottagning.<\/p>\n\n\n<div class=\"contact-cards\"><div class=\"row\">\n        <div class=\"col-12 mb-4 d-flex\">\n            <div class=\"contact-item contact-width-50\">\n                <div class=\"contact-content p-4 pe-7\">\n                    <h5>Brenda Sonesson<\/h5>\n                    <h6>St\u00f6dv\u00e4rd<\/h6>\n                      \n                        <a href=\"tel:0700901047\"><p><i class=\"fa-regular fa-mobile\"><\/i> 070\u2013090 10 47<\/p><\/a>\n                                          \n                        <a href=\"mailto:\"><i class=\"fal fa-envelope\"><\/i>Send email<\/a>\n                                          \n                        <p><i class=\"fal fa-globe-europe\" style=\"color: #E30064\"><\/i> Svenska, English, Kiswahili<\/p>\n                                        <div class=\"contact-image-wrapper\">\n                        <div class=\"contact-image\" style=\"background-image: url('https:\/\/noaksark.org\/stockholm\/wp-content\/uploads\/sites\/2\/2022\/11\/D869011-1-683x1024.jpg');\"><\/div>     \n                    <\/div> \n                <\/div>           \n            <\/div>\n        <\/div> \n        <\/div><\/div>\n\n\n<h4 class=\"wp-block-heading\" id=\"h-stodsamtal\">St\u00f6dsamtal<\/h4>\n\n\n\n<p>I st\u00f6dsamtal f\u00e5r du tr\u00e4ffa en socionom och prata om det som k\u00e4nns viktigt f\u00f6r dig som lever med hiv. Exempel om medicinering och behandling, sexualitet och k\u00e4rlek, oro och \u00e5ngest, relationer och existentiella fr\u00e5gor.&nbsp;<\/p>\n\n\n\n<p>Vi kan ocks\u00e5 hj\u00e4lpa dig med r\u00e5dgivning kring och i kontakter med exempelvis F\u00f6rs\u00e4kringskassan, socialtj\u00e4nsten och annan v\u00e5rd\/omsorg\/myndighet.<\/p>\n\n\n<div class=\"contact-cards\"><div class=\"row\">\n        <div class=\"col-12 mb-4 d-flex\">\n            <div class=\"contact-item contact-width-50\">\n                <div class=\"contact-content p-4 pe-7\">\n                    <h5>Kenneth Fj\u00e4llborg<\/h5>\n                    <h6>St\u00f6dperson, socionom. Vikarierande teamledare testmottagningen. <\/h6>\n                      \n                        <a href=\"tel:087004603\"><p><i class=\"fa-regular fa-mobile\"><\/i>08\u2013700 46 03<\/p><\/a>\n                                          \n                        <a href=\"mailto:\"><i class=\"fal fa-envelope\"><\/i>Send email<\/a>\n                                          \n                        <p><i class=\"fal fa-globe-europe\" style=\"color: #E30064\"><\/i> Svenska, English<\/p>\n                                        <div class=\"contact-image-wrapper\">\n                        <div class=\"contact-image\" style=\"background-image: url('https:\/\/noaksark.org\/stockholm\/wp-content\/uploads\/sites\/2\/2022\/11\/D869030-683x1024.jpg');\"><\/div>     \n                    <\/div> \n                <\/div>           \n            <\/div>\n        <\/div> \n        <\/div><\/div>","protected":false},"excerpt":{"rendered":"<p>Vill du tr\u00e4ffa n\u00e5gon som arbetar hos oss f\u00f6r individuella samtal \u00e4r du alltid v\u00e4lkommen att ta kontakt med oss f\u00f6r att boka tid, eller bara komma f\u00f6rbi.&nbsp; Samtalen \u00e4r \u00f6ppna f\u00f6r dig som lever&#8230;<\/p>\n","protected":false},"author":27,"featured_media":0,"parent":11517,"menu_order":1,"comment_status":"closed","ping_status":"closed","template":"_template-living-with-hiv.php","meta":{"_acf_changed":false,"footnotes":""},"class_list":["post-61","page","type-page","status-publish","hentry"],"acf":[],"yoast_head":"<!-- This site is optimized with the Yoast SEO Premium plugin v27.5 (Yoast SEO v27.5) - https:\/\/yoast.com\/product\/yoast-seo-premium-wordpress\/ -->\n<title>Noaks Ark Stockholm<\/title>\n<meta name=\"robots\" content=\"index, follow, max-snippet:-1, max-image-preview:large, max-video-preview:-1\" \/>\n<link rel=\"canonical\" href=\"https:\/\/noaksark.org\/stockholm\/leva-med-hiv\/individuellt-stod\/stod-och-introduktion\/\" \/>\n<meta property=\"og:locale\" content=\"sv_SE\" \/>\n<meta property=\"og:type\" content=\"article\" \/>\n<meta property=\"og:title\" content=\"St\u00f6d- och introduktion\" \/>\n<meta property=\"og:description\" content=\"Vill du tr\u00e4ffa n\u00e5gon som arbetar hos oss f\u00f6r individuella samtal \u00e4r du alltid v\u00e4lkommen att ta kontakt med oss f\u00f6r att boka tid, eller bara komma f\u00f6rbi.&nbsp; Samtalen \u00e4r \u00f6ppna f\u00f6r dig som lever...\" \/>\n<meta property=\"og:url\" content=\"https:\/\/noaksark.org\/stockholm\/leva-med-hiv\/individuellt-stod\/stod-och-introduktion\/\" \/>\n<meta property=\"og:site_name\" content=\"Noaks Ark Stockholm\" \/>\n<meta property=\"article:publisher\" content=\"https:\/\/www.facebook.com\/noaksarkstockholm\" \/>\n<meta property=\"article:modified_time\" content=\"2025-10-24T09:28:11+00:00\" \/>\n<meta name=\"twitter:card\" content=\"summary_large_image\" \/>\n<meta name=\"twitter:label1\" content=\"Ber\u00e4knad l\u00e4stid\" \/>\n\t<meta name=\"twitter:data1\" content=\"1 minut\" \/>\n<script type=\"application\/ld+json\" class=\"yoast-schema-graph\">{\"@context\":\"https:\\\/\\\/schema.org\",\"@graph\":[{\"@type\":\"WebPage\",\"@id\":\"https:\\\/\\\/noaksark.org\\\/stockholm\\\/leva-med-hiv\\\/individuellt-stod\\\/stod-och-introduktion\\\/\",\"url\":\"https:\\\/\\\/noaksark.org\\\/stockholm\\\/leva-med-hiv\\\/individuellt-stod\\\/stod-och-introduktion\\\/\",\"name\":\"\",\"isPartOf\":{\"@id\":\"https:\\\/\\\/noaksark.org\\\/stockholm\\\/#website\"},\"datePublished\":\"2022-11-21T07:40:46+00:00\",\"dateModified\":\"2025-10-24T09:28:11+00:00\",\"breadcrumb\":{\"@id\":\"https:\\\/\\\/noaksark.org\\\/stockholm\\\/leva-med-hiv\\\/individuellt-stod\\\/stod-och-introduktion\\\/#breadcrumb\"},\"inLanguage\":\"sv-SE\",\"potentialAction\":[{\"@type\":\"ReadAction\",\"target\":[\"https:\\\/\\\/noaksark.org\\\/stockholm\\\/leva-med-hiv\\\/individuellt-stod\\\/stod-och-introduktion\\\/\"]}]},{\"@type\":\"BreadcrumbList\",\"@id\":\"https:\\\/\\\/noaksark.org\\\/stockholm\\\/leva-med-hiv\\\/individuellt-stod\\\/stod-och-introduktion\\\/#breadcrumb\",\"itemListElement\":[{\"@type\":\"ListItem\",\"position\":1,\"name\":\"Home\",\"item\":\"https:\\\/\\\/noaksark.org\\\/stockholm\\\/\"},{\"@type\":\"ListItem\",\"position\":2,\"name\":\"Leva med hiv\",\"item\":\"https:\\\/\\\/noaksark.org\\\/stockholm\\\/leva-med-hiv\\\/\"},{\"@type\":\"ListItem\",\"position\":3,\"name\":\"Individuellt st\u00f6d\",\"item\":\"https:\\\/\\\/noaksark.org\\\/stockholm\\\/leva-med-hiv\\\/individuellt-stod\\\/\"},{\"@type\":\"ListItem\",\"position\":4,\"name\":\"St\u00f6d- och introduktion\"}]},{\"@type\":\"WebSite\",\"@id\":\"https:\\\/\\\/noaksark.org\\\/stockholm\\\/#website\",\"url\":\"https:\\\/\\\/noaksark.org\\\/stockholm\\\/\",\"name\":\"Noaks Ark Stockholm\",\"description\":\"\",\"publisher\":{\"@id\":\"https:\\\/\\\/noaksark.org\\\/stockholm\\\/#organization\"},\"potentialAction\":[{\"@type\":\"SearchAction\",\"target\":{\"@type\":\"EntryPoint\",\"urlTemplate\":\"https:\\\/\\\/noaksark.org\\\/stockholm\\\/?s={search_term_string}\"},\"query-input\":{\"@type\":\"PropertyValueSpecification\",\"valueRequired\":true,\"valueName\":\"search_term_string\"}}],\"inLanguage\":\"sv-SE\"},{\"@type\":\"Organization\",\"@id\":\"https:\\\/\\\/noaksark.org\\\/stockholm\\\/#organization\",\"name\":\"Noaks Ark Stockholm\",\"url\":\"https:\\\/\\\/noaksark.org\\\/stockholm\\\/\",\"logo\":{\"@type\":\"ImageObject\",\"inLanguage\":\"sv-SE\",\"@id\":\"https:\\\/\\\/noaksark.org\\\/stockholm\\\/#\\\/schema\\\/logo\\\/image\\\/\",\"url\":\"https:\\\/\\\/noaksark.org\\\/stockholm\\\/wp-content\\\/uploads\\\/sites\\\/2\\\/2022\\\/08\\\/noaks-ark-nyheter-vad-betyder-noaks-ark-for-dig.jpg\",\"contentUrl\":\"https:\\\/\\\/noaksark.org\\\/stockholm\\\/wp-content\\\/uploads\\\/sites\\\/2\\\/2022\\\/08\\\/noaks-ark-nyheter-vad-betyder-noaks-ark-for-dig.jpg\",\"width\":1000,\"height\":1000,\"caption\":\"Noaks Ark Stockholm\"},\"image\":{\"@id\":\"https:\\\/\\\/noaksark.org\\\/stockholm\\\/#\\\/schema\\\/logo\\\/image\\\/\"},\"sameAs\":[\"https:\\\/\\\/www.facebook.com\\\/noaksarkstockholm\",\"https:\\\/\\\/www.instagram.com\\\/noaksarkstockholm\\\/\",\"https:\\\/\\\/se.linkedin.com\\\/company\\\/noaks-ark-stockholm\"]}]}<\/script>\n<!-- \/ Yoast SEO Premium plugin. -->","yoast_head_json":{"title":"Noaks Ark Stockholm","robots":{"index":"index","follow":"follow","max-snippet":"max-snippet:-1","max-image-preview":"max-image-preview:large","max-video-preview":"max-video-preview:-1"},"canonical":"https:\/\/noaksark.org\/stockholm\/leva-med-hiv\/individuellt-stod\/stod-och-introduktion\/","og_locale":"sv_SE","og_type":"article","og_title":"St\u00f6d- och introduktion","og_description":"Vill du tr\u00e4ffa n\u00e5gon som arbetar hos oss f\u00f6r individuella samtal \u00e4r du alltid v\u00e4lkommen att ta kontakt med oss f\u00f6r att boka tid, eller bara komma f\u00f6rbi.&nbsp; Samtalen \u00e4r \u00f6ppna f\u00f6r dig som lever...","og_url":"https:\/\/noaksark.org\/stockholm\/leva-med-hiv\/individuellt-stod\/stod-och-introduktion\/","og_site_name":"Noaks Ark Stockholm","article_publisher":"https:\/\/www.facebook.com\/noaksarkstockholm","article_modified_time":"2025-10-24T09:28:11+00:00","twitter_card":"summary_large_image","twitter_misc":{"Ber\u00e4knad l\u00e4stid":"1 minut"},"schema":{"@context":"https:\/\/schema.org","@graph":[{"@type":"WebPage","@id":"https:\/\/noaksark.org\/stockholm\/leva-med-hiv\/individuellt-stod\/stod-och-introduktion\/","url":"https:\/\/noaksark.org\/stockholm\/leva-med-hiv\/individuellt-stod\/stod-och-introduktion\/","name":"","isPartOf":{"@id":"https:\/\/noaksark.org\/stockholm\/#website"},"datePublished":"2022-11-21T07:40:46+00:00","dateModified":"2025-10-24T09:28:11+00:00","breadcrumb":{"@id":"https:\/\/noaksark.org\/stockholm\/leva-med-hiv\/individuellt-stod\/stod-och-introduktion\/#breadcrumb"},"inLanguage":"sv-SE","potentialAction":[{"@type":"ReadAction","target":["https:\/\/noaksark.org\/stockholm\/leva-med-hiv\/individuellt-stod\/stod-och-introduktion\/"]}]},{"@type":"BreadcrumbList","@id":"https:\/\/noaksark.org\/stockholm\/leva-med-hiv\/individuellt-stod\/stod-och-introduktion\/#breadcrumb","itemListElement":[{"@type":"ListItem","position":1,"name":"Home","item":"https:\/\/noaksark.org\/stockholm\/"},{"@type":"ListItem","position":2,"name":"Leva med hiv","item":"https:\/\/noaksark.org\/stockholm\/leva-med-hiv\/"},{"@type":"ListItem","position":3,"name":"Individuellt st\u00f6d","item":"https:\/\/noaksark.org\/stockholm\/leva-med-hiv\/individuellt-stod\/"},{"@type":"ListItem","position":4,"name":"St\u00f6d- och introduktion"}]},{"@type":"WebSite","@id":"https:\/\/noaksark.org\/stockholm\/#website","url":"https:\/\/noaksark.org\/stockholm\/","name":"Noaks Ark Stockholm","description":"","publisher":{"@id":"https:\/\/noaksark.org\/stockholm\/#organization"},"potentialAction":[{"@type":"SearchAction","target":{"@type":"EntryPoint","urlTemplate":"https:\/\/noaksark.org\/stockholm\/?s={search_term_string}"},"query-input":{"@type":"PropertyValueSpecification","valueRequired":true,"valueName":"search_term_string"}}],"inLanguage":"sv-SE"},{"@type":"Organization","@id":"https:\/\/noaksark.org\/stockholm\/#organization","name":"Noaks Ark Stockholm","url":"https:\/\/noaksark.org\/stockholm\/","logo":{"@type":"ImageObject","inLanguage":"sv-SE","@id":"https:\/\/noaksark.org\/stockholm\/#\/schema\/logo\/image\/","url":"https:\/\/noaksark.org\/stockholm\/wp-content\/uploads\/sites\/2\/2022\/08\/noaks-ark-nyheter-vad-betyder-noaks-ark-for-dig.jpg","contentUrl":"https:\/\/noaksark.org\/stockholm\/wp-content\/uploads\/sites\/2\/2022\/08\/noaks-ark-nyheter-vad-betyder-noaks-ark-for-dig.jpg","width":1000,"height":1000,"caption":"Noaks Ark Stockholm"},"image":{"@id":"https:\/\/noaksark.org\/stockholm\/#\/schema\/logo\/image\/"},"sameAs":["https:\/\/www.facebook.com\/noaksarkstockholm","https:\/\/www.instagram.com\/noaksarkstockholm\/","https:\/\/se.linkedin.com\/company\/noaks-ark-stockholm"]}]}},"_links":{"self":[{"href":"https:\/\/noaksark.org\/stockholm\/wp-json\/wp\/v2\/pages\/61","targetHints":{"allow":["GET"]}}],"collection":[{"href":"https:\/\/noaksark.org\/stockholm\/wp-json\/wp\/v2\/pages"}],"about":[{"href":"https:\/\/noaksark.org\/stockholm\/wp-json\/wp\/v2\/types\/page"}],"author":[{"embeddable":true,"href":"https:\/\/noaksark.org\/stockholm\/wp-json\/wp\/v2\/users\/27"}],"replies":[{"embeddable":true,"href":"https:\/\/noaksark.org\/stockholm\/wp-json\/wp\/v2\/comments?post=61"}],"version-history":[{"count":21,"href":"https:\/\/noaksark.org\/stockholm\/wp-json\/wp\/v2\/pages\/61\/revisions"}],"predecessor-version":[{"id":11966,"href":"https:\/\/noaksark.org\/stockholm\/wp-json\/wp\/v2\/pages\/61\/revisions\/11966"}],"up":[{"embeddable":true,"href":"https:\/\/noaksark.org\/stockholm\/wp-json\/wp\/v2\/pages\/11517"}],"wp:attachment":[{"href":"https:\/\/noaksark.org\/stockholm\/wp-json\/wp\/v2\/media?parent=61"}],"curies":[{"name":"wp","href":"https:\/\/api.w.org\/{rel}","templated":true}]}}