{"id":48,"date":"2022-11-21T07:26:42","date_gmt":"2022-11-21T07:26:42","guid":{"rendered":"https:\/\/noaksark.test\/stockholm\/?page_id=48"},"modified":"2024-12-11T09:49:58","modified_gmt":"2024-12-11T08:49:58","slug":"om-oss","status":"publish","type":"page","link":"https:\/\/noaksark.org\/stockholm\/om-oss\/","title":{"rendered":"Om oss"},"content":{"rendered":"\n<p>Noaks Ark Stockholm \u00e4r en ideell organisation som drivs av medlemmar, en f\u00f6rtroendevald styrelse samt anst\u00e4llda och volont\u00e4rer. Hos oss arbetar och engagerar man sig utifr\u00e5n sin kompetens och sin drivkraft, oavsett om man \u00e4r n\u00e4rst\u00e5ende, lever sj\u00e4lv med hiv eller inte lever med hiv. H\u00e4r kan du l\u00e4sa mer om oss som f\u00f6rening, vilka som arbetar h\u00e4r, hur du kan bli medlem eller ta del av v\u00e5ra nyhetsbrev eller sms-utskick.<\/p>\n\n\n\n<div class=\"wp-block-cover alignwide is-light\"><span aria-hidden=\"true\" class=\"wp-block-cover__background has-background-dim\"><\/span><img loading=\"lazy\" decoding=\"async\" width=\"1024\" height=\"683\" class=\"wp-block-cover__image-background wp-image-8304\" alt=\"\" src=\"https:\/\/noaksark.org\/stockholm\/wp-content\/uploads\/sites\/2\/2023\/02\/D869947.jpg\" data-object-fit=\"cover\" srcset=\"https:\/\/noaksark.org\/stockholm\/wp-content\/uploads\/sites\/2\/2023\/02\/D869947.jpg 1024w, https:\/\/noaksark.org\/stockholm\/wp-content\/uploads\/sites\/2\/2023\/02\/D869947-300x200.jpg 300w, https:\/\/noaksark.org\/stockholm\/wp-content\/uploads\/sites\/2\/2023\/02\/D869947-768x512.jpg 768w, https:\/\/noaksark.org\/stockholm\/wp-content\/uploads\/sites\/2\/2023\/02\/D869947-150x100.jpg 150w\" sizes=\"auto, (max-width: 1024px) 100vw, 1024px\" \/><div class=\"wp-block-cover__inner-container is-layout-flow wp-block-cover-is-layout-flow\">\n<blockquote>\n<h6 class=\"wp-block-heading has-text-align-center has-white-color has-large-font-size\"><span style=\"color: #ffffff\"><strong>V\u00e5r vision<\/strong><\/span><\/h6>\n<\/blockquote>\n<h2 class=\"wp-block-heading has-text-align-center has-white-color has-large-font-size\">En v\u00e4rld d\u00e4r hiv inte sprids. En v\u00e4rld d\u00e4r hiv inte begr\u00e4nsar.<\/h2>\n\n\n\n<blockquote class=\"wp-block-quote is-layout-flow wp-block-quote-is-layout-flow\">\n<p><\/p>\n<\/blockquote>\n<\/div><\/div>\n\n\n\n<div class=\"wp-block-columns is-layout-flex wp-container-core-columns-is-layout-9d6595d7 wp-block-columns-is-layout-flex\">\n<div class=\"wp-block-column is-layout-flow wp-block-column-is-layout-flow\">\n<h3 class=\"wp-block-heading\" id=\"h-vart-mal\">V\u00e5rt m\u00e5l<\/h3>\n\n\n\n<p>Noaks Ark Stockholms \u00f6vergripande m\u00e5l \u00e4r att verka f\u00f6r en begr\u00e4nsning av hiv och dess konsekvenser f\u00f6r enskilda och f\u00f6r samh\u00e4llet i stort. Vi arbetar utifr\u00e5n ett helhetsperspektiv p\u00e5 hiv och med hj\u00e4lp av professionellt utformade preventiva och st\u00f6djande insatser som bygger p\u00e5 evidensbaserade metoder.<\/p>\n<\/div>\n\n\n\n<div class=\"wp-block-column is-layout-flow wp-block-column-is-layout-flow\">\n<h3 class=\"wp-block-heading\" id=\"h-vara-karnvarden\">V\u00e5ra k\u00e4rnv\u00e4rden<\/h3>\n\n\n\n<ul class=\"wp-block-list\">\n<li>Inkluderande<\/li>\n\n\n\n<li>Engagerade<\/li>\n\n\n\n<li>Professionella<\/li>\n\n\n\n<li>Omsorgsfulla<\/li>\n<\/ul>\n<\/div>\n<\/div>\n\n\n\n<div style=\"height:38px\" aria-hidden=\"true\" class=\"wp-block-spacer\"><\/div>\n\n\n\n<h2 class=\"wp-block-heading has-text-align-center\" id=\"h-las-mer\">L\u00e4s mer&#8230;<\/h2>\n\n\n\n<div style=\"height:7px\" aria-hidden=\"true\" class=\"wp-block-spacer\"><\/div>\n\n\n\n<div class=\"wp-block-columns is-layout-flex wp-container-core-columns-is-layout-9d6595d7 wp-block-columns-is-layout-flex\">\n<div class=\"wp-block-column is-layout-flow wp-block-column-is-layout-flow\">\n<div class=\"wp-block-buttons is-content-justification-center is-layout-flex wp-container-core-buttons-is-layout-16018d1d wp-block-buttons-is-layout-flex\">\n<div class=\"wp-block-button has-custom-width wp-block-button__width-75 is-style-outline is-style-outline--1\"><a class=\"wp-block-button__link has-text-align-center wp-element-button\" href=\"https:\/\/noaksark.org\/stockholm\/om-oss\/bli-medlem\/\">Bli medlem<\/a><\/div>\n\n\n\n<div class=\"wp-block-button has-custom-width wp-block-button__width-75 is-style-outline is-style-outline--2\"><a class=\"wp-block-button__link has-text-align-center wp-element-button\" href=\"https:\/\/noaksark.org\/stockholm\/om-oss\/bli-volontar\/\">Bli Volont\u00e4r<\/a><\/div>\n<\/div>\n<\/div>\n\n\n\n<div class=\"wp-block-column is-layout-flow wp-block-column-is-layout-flow\">\n<div class=\"wp-block-buttons is-content-justification-center is-layout-flex wp-container-core-buttons-is-layout-16018d1d wp-block-buttons-is-layout-flex\">\n<div class=\"wp-block-button has-custom-width wp-block-button__width-75 is-style-outline is-style-outline--3\"><a class=\"wp-block-button__link has-text-align-center wp-element-button\" href=\"https:\/\/noaksark.org\/stockholm\/om-oss\/projekt\/\">V\u00e5ra projekt<\/a><\/div>\n\n\n\n<div class=\"wp-block-button has-custom-width wp-block-button__width-75 is-style-outline is-style-outline--4\"><a class=\"wp-block-button__link has-text-align-center wp-element-button\" href=\"https:\/\/noaksark.org\/stockholm\/om-oss\/nyheter\/\">Nyheter<\/a><\/div>\n<\/div>\n<\/div>\n\n\n\n<div class=\"wp-block-column is-layout-flow wp-block-column-is-layout-flow\">\n<div class=\"wp-block-buttons is-content-justification-center is-layout-flex wp-container-core-buttons-is-layout-16018d1d wp-block-buttons-is-layout-flex\">\n<div class=\"wp-block-button has-custom-width wp-block-button__width-75 is-style-outline is-style-outline--5\"><a class=\"wp-block-button__link has-text-align-center wp-element-button\" href=\"https:\/\/noaksark.org\/stockholm\/om-oss\/material-resurser\/publikationer\/\">Publikationer<\/a><\/div>\n\n\n\n<div class=\"wp-block-button has-custom-width wp-block-button__width-75 is-style-outline is-style-outline--6\"><a class=\"wp-block-button__link has-text-align-center wp-element-button\" href=\"https:\/\/noaksark.org\/stockholm\/om-oss\/for-yrkesverksamma\/forelasningar\/\">F\u00f6rel\u00e4sningar<\/a><\/div>\n<\/div>\n<\/div>\n<\/div>\n\n\n\n<div style=\"height:54px\" aria-hidden=\"true\" class=\"wp-block-spacer\"><\/div>\n\n\n\n<div class=\"wp-block-columns mt-5 has-background is-layout-flex wp-container-core-columns-is-layout-9d6595d7 wp-block-columns-is-layout-flex\" style=\"background-color:#f5f5f5\">\n<div class=\"wp-block-column is-layout-flow wp-block-column-is-layout-flow\">\n<h2 class=\"wp-block-heading\" id=\"h-updates-by-sms\">UPPDATERINGAR VIA SMS<\/h2>\n\n\n\n<p>Lever du med hiv eller \u00e4r n\u00e4rst\u00e5ende och vill f\u00e5 utskick via sms om nyheter om v\u00e5r st\u00f6dverksamhet? V\u00e4lj grupp om du vill ha informationen p\u00e5 svenska eller engelska.<\/p>\n<\/div>\n\n\n\n<div class=\"wp-block-column rounded p-4 has-text-color has-background is-layout-flow wp-block-column-is-layout-flow\" style=\"color:#e30064;background-color:#f5f5f5\">\n    <!-- Script for InTime Kundklubb starts here -->\n    <div id=\"intimeContainer\"><\/div>\n    <script id=\"intimeScript\" type=\"text\/javascript\" src=\"https:\/\/www.intime.nu\/embed\/js\/intime-kundklubb-select.js?user=ArkSthlm&#038;hash=096ab53188d691ef46bb13b838319c86cfd70b07&#038;activationtext=SMS - News in English,SMS - Nyheter p\u00e5 svenska\"><\/script>\n    <!-- Script for InTime Kundklubb ends here -->\n<\/div>\n<\/div>\n\n\n\n<p>Genom att anm\u00e4la dig till nyhetsbrev&nbsp;eller SMS-utskick s\u00e5 godk\u00e4nner du att vi&nbsp;<a href=\"https:\/\/noaksark.org\/stockholm\/om-oss\/personuppgiftspolicy\/\">behandlar dina personuppgifter<\/a>&nbsp;i enlighet med g\u00e4llande personuppgiftslagstiftning.<\/p>\n","protected":false},"excerpt":{"rendered":"<p>Noaks Ark Stockholm \u00e4r en ideell organisation som drivs av medlemmar, en f\u00f6rtroendevald styrelse samt anst\u00e4llda och volont\u00e4rer. Hos oss arbetar och engagerar man sig utifr\u00e5n sin kompetens och sin drivkraft, oavsett om man \u00e4r&#8230;<\/p>\n","protected":false},"author":27,"featured_media":8137,"parent":0,"menu_order":0,"comment_status":"closed","ping_status":"closed","template":"","meta":{"_acf_changed":false,"footnotes":""},"class_list":["post-48","page","type-page","status-publish","has-post-thumbnail","hentry"],"acf":[],"yoast_head":"<!-- This site is optimized with the Yoast SEO Premium plugin v27.4 (Yoast SEO v27.4) - https:\/\/yoast.com\/product\/yoast-seo-premium-wordpress\/ -->\n<title>Noaks Ark Stockholm<\/title>\n<meta name=\"robots\" content=\"index, follow, max-snippet:-1, max-image-preview:large, max-video-preview:-1\" \/>\n<link rel=\"canonical\" href=\"https:\/\/noaksark.org\/stockholm\/om-oss\/\" \/>\n<meta property=\"og:locale\" content=\"sv_SE\" \/>\n<meta property=\"og:type\" content=\"article\" \/>\n<meta property=\"og:title\" content=\"Om oss\" \/>\n<meta property=\"og:description\" content=\"Noaks Ark Stockholm \u00e4r en ideell organisation som drivs av medlemmar, en f\u00f6rtroendevald styrelse samt anst\u00e4llda och volont\u00e4rer. Hos oss arbetar och engagerar man sig utifr\u00e5n sin kompetens och sin drivkraft, oavsett om man \u00e4r...\" \/>\n<meta property=\"og:url\" content=\"https:\/\/noaksark.org\/stockholm\/om-oss\/\" \/>\n<meta property=\"og:site_name\" content=\"Noaks Ark Stockholm\" \/>\n<meta property=\"article:publisher\" content=\"https:\/\/www.facebook.com\/noaksarkstockholm\" \/>\n<meta property=\"article:modified_time\" content=\"2024-12-11T08:49:58+00:00\" \/>\n<meta property=\"og:image\" content=\"https:\/\/noaksark.org\/stockholm\/wp-content\/uploads\/sites\/2\/2023\/01\/D869606.jpg\" \/>\n\t<meta property=\"og:image:width\" content=\"1024\" \/>\n\t<meta property=\"og:image:height\" content=\"683\" \/>\n\t<meta property=\"og:image:type\" content=\"image\/jpeg\" \/>\n<meta name=\"twitter:card\" content=\"summary_large_image\" \/>\n<meta name=\"twitter:label1\" content=\"Ber\u00e4knad l\u00e4stid\" \/>\n\t<meta name=\"twitter:data1\" content=\"3 minuter\" \/>\n<script type=\"application\/ld+json\" class=\"yoast-schema-graph\">{\"@context\":\"https:\\\/\\\/schema.org\",\"@graph\":[{\"@type\":\"WebPage\",\"@id\":\"https:\\\/\\\/noaksark.org\\\/stockholm\\\/om-oss\\\/\",\"url\":\"https:\\\/\\\/noaksark.org\\\/stockholm\\\/om-oss\\\/\",\"name\":\"\",\"isPartOf\":{\"@id\":\"https:\\\/\\\/noaksark.org\\\/stockholm\\\/#website\"},\"primaryImageOfPage\":{\"@id\":\"https:\\\/\\\/noaksark.org\\\/stockholm\\\/om-oss\\\/#primaryimage\"},\"image\":{\"@id\":\"https:\\\/\\\/noaksark.org\\\/stockholm\\\/om-oss\\\/#primaryimage\"},\"thumbnailUrl\":\"https:\\\/\\\/noaksark.org\\\/stockholm\\\/wp-content\\\/uploads\\\/sites\\\/2\\\/2023\\\/01\\\/D869606.jpg\",\"datePublished\":\"2022-11-21T07:26:42+00:00\",\"dateModified\":\"2024-12-11T08:49:58+00:00\",\"breadcrumb\":{\"@id\":\"https:\\\/\\\/noaksark.org\\\/stockholm\\\/om-oss\\\/#breadcrumb\"},\"inLanguage\":\"sv-SE\",\"potentialAction\":[{\"@type\":\"ReadAction\",\"target\":[\"https:\\\/\\\/noaksark.org\\\/stockholm\\\/om-oss\\\/\"]}]},{\"@type\":\"ImageObject\",\"inLanguage\":\"sv-SE\",\"@id\":\"https:\\\/\\\/noaksark.org\\\/stockholm\\\/om-oss\\\/#primaryimage\",\"url\":\"https:\\\/\\\/noaksark.org\\\/stockholm\\\/wp-content\\\/uploads\\\/sites\\\/2\\\/2023\\\/01\\\/D869606.jpg\",\"contentUrl\":\"https:\\\/\\\/noaksark.org\\\/stockholm\\\/wp-content\\\/uploads\\\/sites\\\/2\\\/2023\\\/01\\\/D869606.jpg\",\"width\":1024,\"height\":683},{\"@type\":\"BreadcrumbList\",\"@id\":\"https:\\\/\\\/noaksark.org\\\/stockholm\\\/om-oss\\\/#breadcrumb\",\"itemListElement\":[{\"@type\":\"ListItem\",\"position\":1,\"name\":\"Home\",\"item\":\"https:\\\/\\\/noaksark.org\\\/stockholm\\\/\"},{\"@type\":\"ListItem\",\"position\":2,\"name\":\"Om oss\"}]},{\"@type\":\"WebSite\",\"@id\":\"https:\\\/\\\/noaksark.org\\\/stockholm\\\/#website\",\"url\":\"https:\\\/\\\/noaksark.org\\\/stockholm\\\/\",\"name\":\"Noaks Ark Stockholm\",\"description\":\"\",\"publisher\":{\"@id\":\"https:\\\/\\\/noaksark.org\\\/stockholm\\\/#organization\"},\"potentialAction\":[{\"@type\":\"SearchAction\",\"target\":{\"@type\":\"EntryPoint\",\"urlTemplate\":\"https:\\\/\\\/noaksark.org\\\/stockholm\\\/?s={search_term_string}\"},\"query-input\":{\"@type\":\"PropertyValueSpecification\",\"valueRequired\":true,\"valueName\":\"search_term_string\"}}],\"inLanguage\":\"sv-SE\"},{\"@type\":\"Organization\",\"@id\":\"https:\\\/\\\/noaksark.org\\\/stockholm\\\/#organization\",\"name\":\"Noaks Ark Stockholm\",\"url\":\"https:\\\/\\\/noaksark.org\\\/stockholm\\\/\",\"logo\":{\"@type\":\"ImageObject\",\"inLanguage\":\"sv-SE\",\"@id\":\"https:\\\/\\\/noaksark.org\\\/stockholm\\\/#\\\/schema\\\/logo\\\/image\\\/\",\"url\":\"https:\\\/\\\/noaksark.org\\\/stockholm\\\/wp-content\\\/uploads\\\/sites\\\/2\\\/2022\\\/08\\\/noaks-ark-nyheter-vad-betyder-noaks-ark-for-dig.jpg\",\"contentUrl\":\"https:\\\/\\\/noaksark.org\\\/stockholm\\\/wp-content\\\/uploads\\\/sites\\\/2\\\/2022\\\/08\\\/noaks-ark-nyheter-vad-betyder-noaks-ark-for-dig.jpg\",\"width\":1000,\"height\":1000,\"caption\":\"Noaks Ark Stockholm\"},\"image\":{\"@id\":\"https:\\\/\\\/noaksark.org\\\/stockholm\\\/#\\\/schema\\\/logo\\\/image\\\/\"},\"sameAs\":[\"https:\\\/\\\/www.facebook.com\\\/noaksarkstockholm\",\"https:\\\/\\\/www.instagram.com\\\/noaksarkstockholm\\\/\",\"https:\\\/\\\/se.linkedin.com\\\/company\\\/noaks-ark-stockholm\"]}]}<\/script>\n<!-- \/ Yoast SEO Premium plugin. -->","yoast_head_json":{"title":"Noaks Ark Stockholm","robots":{"index":"index","follow":"follow","max-snippet":"max-snippet:-1","max-image-preview":"max-image-preview:large","max-video-preview":"max-video-preview:-1"},"canonical":"https:\/\/noaksark.org\/stockholm\/om-oss\/","og_locale":"sv_SE","og_type":"article","og_title":"Om oss","og_description":"Noaks Ark Stockholm \u00e4r en ideell organisation som drivs av medlemmar, en f\u00f6rtroendevald styrelse samt anst\u00e4llda och volont\u00e4rer. Hos oss arbetar och engagerar man sig utifr\u00e5n sin kompetens och sin drivkraft, oavsett om man \u00e4r...","og_url":"https:\/\/noaksark.org\/stockholm\/om-oss\/","og_site_name":"Noaks Ark Stockholm","article_publisher":"https:\/\/www.facebook.com\/noaksarkstockholm","article_modified_time":"2024-12-11T08:49:58+00:00","og_image":[{"width":1024,"height":683,"url":"https:\/\/noaksark.org\/stockholm\/wp-content\/uploads\/sites\/2\/2023\/01\/D869606.jpg","type":"image\/jpeg"}],"twitter_card":"summary_large_image","twitter_misc":{"Ber\u00e4knad l\u00e4stid":"3 minuter"},"schema":{"@context":"https:\/\/schema.org","@graph":[{"@type":"WebPage","@id":"https:\/\/noaksark.org\/stockholm\/om-oss\/","url":"https:\/\/noaksark.org\/stockholm\/om-oss\/","name":"","isPartOf":{"@id":"https:\/\/noaksark.org\/stockholm\/#website"},"primaryImageOfPage":{"@id":"https:\/\/noaksark.org\/stockholm\/om-oss\/#primaryimage"},"image":{"@id":"https:\/\/noaksark.org\/stockholm\/om-oss\/#primaryimage"},"thumbnailUrl":"https:\/\/noaksark.org\/stockholm\/wp-content\/uploads\/sites\/2\/2023\/01\/D869606.jpg","datePublished":"2022-11-21T07:26:42+00:00","dateModified":"2024-12-11T08:49:58+00:00","breadcrumb":{"@id":"https:\/\/noaksark.org\/stockholm\/om-oss\/#breadcrumb"},"inLanguage":"sv-SE","potentialAction":[{"@type":"ReadAction","target":["https:\/\/noaksark.org\/stockholm\/om-oss\/"]}]},{"@type":"ImageObject","inLanguage":"sv-SE","@id":"https:\/\/noaksark.org\/stockholm\/om-oss\/#primaryimage","url":"https:\/\/noaksark.org\/stockholm\/wp-content\/uploads\/sites\/2\/2023\/01\/D869606.jpg","contentUrl":"https:\/\/noaksark.org\/stockholm\/wp-content\/uploads\/sites\/2\/2023\/01\/D869606.jpg","width":1024,"height":683},{"@type":"BreadcrumbList","@id":"https:\/\/noaksark.org\/stockholm\/om-oss\/#breadcrumb","itemListElement":[{"@type":"ListItem","position":1,"name":"Home","item":"https:\/\/noaksark.org\/stockholm\/"},{"@type":"ListItem","position":2,"name":"Om oss"}]},{"@type":"WebSite","@id":"https:\/\/noaksark.org\/stockholm\/#website","url":"https:\/\/noaksark.org\/stockholm\/","name":"Noaks Ark Stockholm","description":"","publisher":{"@id":"https:\/\/noaksark.org\/stockholm\/#organization"},"potentialAction":[{"@type":"SearchAction","target":{"@type":"EntryPoint","urlTemplate":"https:\/\/noaksark.org\/stockholm\/?s={search_term_string}"},"query-input":{"@type":"PropertyValueSpecification","valueRequired":true,"valueName":"search_term_string"}}],"inLanguage":"sv-SE"},{"@type":"Organization","@id":"https:\/\/noaksark.org\/stockholm\/#organization","name":"Noaks Ark Stockholm","url":"https:\/\/noaksark.org\/stockholm\/","logo":{"@type":"ImageObject","inLanguage":"sv-SE","@id":"https:\/\/noaksark.org\/stockholm\/#\/schema\/logo\/image\/","url":"https:\/\/noaksark.org\/stockholm\/wp-content\/uploads\/sites\/2\/2022\/08\/noaks-ark-nyheter-vad-betyder-noaks-ark-for-dig.jpg","contentUrl":"https:\/\/noaksark.org\/stockholm\/wp-content\/uploads\/sites\/2\/2022\/08\/noaks-ark-nyheter-vad-betyder-noaks-ark-for-dig.jpg","width":1000,"height":1000,"caption":"Noaks Ark Stockholm"},"image":{"@id":"https:\/\/noaksark.org\/stockholm\/#\/schema\/logo\/image\/"},"sameAs":["https:\/\/www.facebook.com\/noaksarkstockholm","https:\/\/www.instagram.com\/noaksarkstockholm\/","https:\/\/se.linkedin.com\/company\/noaks-ark-stockholm"]}]}},"_links":{"self":[{"href":"https:\/\/noaksark.org\/stockholm\/wp-json\/wp\/v2\/pages\/48","targetHints":{"allow":["GET"]}}],"collection":[{"href":"https:\/\/noaksark.org\/stockholm\/wp-json\/wp\/v2\/pages"}],"about":[{"href":"https:\/\/noaksark.org\/stockholm\/wp-json\/wp\/v2\/types\/page"}],"author":[{"embeddable":true,"href":"https:\/\/noaksark.org\/stockholm\/wp-json\/wp\/v2\/users\/27"}],"replies":[{"embeddable":true,"href":"https:\/\/noaksark.org\/stockholm\/wp-json\/wp\/v2\/comments?post=48"}],"version-history":[{"count":45,"href":"https:\/\/noaksark.org\/stockholm\/wp-json\/wp\/v2\/pages\/48\/revisions"}],"predecessor-version":[{"id":11235,"href":"https:\/\/noaksark.org\/stockholm\/wp-json\/wp\/v2\/pages\/48\/revisions\/11235"}],"wp:featuredmedia":[{"embeddable":true,"href":"https:\/\/noaksark.org\/stockholm\/wp-json\/wp\/v2\/media\/8137"}],"wp:attachment":[{"href":"https:\/\/noaksark.org\/stockholm\/wp-json\/wp\/v2\/media?parent=48"}],"curies":[{"name":"wp","href":"https:\/\/api.w.org\/{rel}","templated":true}]}}