{"id":11986,"date":"2025-10-24T13:08:12","date_gmt":"2025-10-24T11:08:12","guid":{"rendered":"https:\/\/noaksark.org\/stockholm\/?page_id=11986"},"modified":"2026-03-23T11:18:52","modified_gmt":"2026-03-23T10:18:52","slug":"peerstod-30","status":"publish","type":"page","link":"https:\/\/noaksark.org\/stockholm\/leva-med-hiv\/kamratstod-peerstod\/peerstod-30\/","title":{"rendered":"Peerst\u00f6d, 30+"},"content":{"rendered":"\n<p>Vill du samtala enskilt med en annan person som lever med hiv? D\u00e5 \u00e4r detta n\u00e5got f\u00f6r dig!<\/p>\n\n\n\n<p>V\u00e5rt peerst\u00f6d program skapar en trygg och bekr\u00e4ftande milj\u00f6 f\u00f6r personer som lever med hiv att knyta kontakter, dela erfarenheter och utvecklas genom samtalen. Genom gemensamma erfarenheter erbjuder projektet empati, emotionellt st\u00f6d och gemenskap.<\/p>\n\n\n\n<p>Tillsammans minskar vi stigma, bryter isolering och bygger upp motst\u00e5ndskraft. Det \u00e4r inte kliniskt, men det \u00e4r djupt helande. F\u00f6r n\u00e4r vi k\u00e4nner oss sedda och h\u00f6rda, b\u00f6rjar f\u00f6r\u00e4ndring ske.<\/p>\n\n\n\n<div class=\"wp-block-columns is-layout-flex wp-container-core-columns-is-layout-9d6595d7 wp-block-columns-is-layout-flex\">\n<div class=\"wp-block-column is-layout-flow wp-block-column-is-layout-flow\">\n<h4 class=\"wp-block-heading\" id=\"h-vill-du-veta-mer-om-peerstod\">Vill du veta mer om Peerst\u00f6d?<\/h4>\n\n\n\n<p>Klicka p\u00e5 knappen och fyll i formul\u00e4ret s\u00e5 f\u00e5r du mer information. Du blir kontaktad av Alejandra Campastro.<\/p>\n\n\n\n    <p class=\"text-start\">\n        <a href=\"https:\/\/forms.office.com\/e\/ExUgTYEbKf\" class=\"bootstrap-btn-block btn btn-primary\">\n            Ja, jag \u00e4r intresserad!        <\/a>\n    <\/p>\n\n<\/div>\n\n\n\n<div class=\"wp-block-column is-layout-flow wp-block-column-is-layout-flow\"><div class=\"contact-cards\"><div class=\"row\">\n        <div class=\"col-12 mb-4 d-flex\">\n            <div class=\"contact-item contact-width-100\">\n                <div class=\"contact-content p-4 pe-7\">\n                    <h5>Alejandra Campastro<\/h5>\n                    <h6>Gruppledare och samordnare <\/h6>\n                      \n                        <a href=\"tel:0721410140\"><p><i class=\"fa-regular fa-mobile\"><\/i>072-1410140<\/p><\/a>\n                                          \n                        <a href=\"mailto:\"><i class=\"fal fa-envelope\"><\/i>Send email<\/a>\n                                          \n                        <p><i class=\"fal fa-globe-europe\" style=\"color: #E30064\"><\/i> English, Espa\u00f1ol, Svenska<\/p>\n                                        <div class=\"contact-image-wrapper\">\n                        <div class=\"contact-image\" style=\"background-image: url('https:\/\/noaksark.org\/stockholm\/wp-content\/uploads\/sites\/2\/2024\/04\/MM12140-683x1024.jpg');\"><\/div>     \n                    <\/div> \n                <\/div>           \n            <\/div>\n        <\/div> \n        <\/div><\/div><\/div>\n<\/div>\n","protected":false},"excerpt":{"rendered":"<p>Vill du samtala enskilt med en annan person som lever med hiv? D\u00e5 \u00e4r detta n\u00e5got f\u00f6r dig! V\u00e5rt peerst\u00f6d program skapar en trygg och bekr\u00e4ftande milj\u00f6 f\u00f6r personer som lever med hiv att knyta&#8230;<\/p>\n","protected":false},"author":27,"featured_media":0,"parent":11982,"menu_order":0,"comment_status":"closed","ping_status":"closed","template":"_template-living-with-hiv.php","meta":{"_acf_changed":false,"footnotes":""},"class_list":["post-11986","page","type-page","status-publish","hentry"],"acf":[],"yoast_head":"<!-- This site is optimized with the Yoast SEO Premium plugin v27.4 (Yoast SEO v27.5) - https:\/\/yoast.com\/product\/yoast-seo-premium-wordpress\/ -->\n<title>Noaks Ark Stockholm<\/title>\n<meta name=\"robots\" content=\"index, follow, max-snippet:-1, max-image-preview:large, max-video-preview:-1\" \/>\n<link rel=\"canonical\" href=\"https:\/\/noaksark.org\/stockholm\/leva-med-hiv\/kamratstod-peerstod\/peerstod-30\/\" \/>\n<meta property=\"og:locale\" content=\"sv_SE\" \/>\n<meta property=\"og:type\" content=\"article\" \/>\n<meta property=\"og:title\" content=\"Peerst\u00f6d, 30+\" \/>\n<meta property=\"og:description\" content=\"Vill du samtala enskilt med en annan person som lever med hiv? D\u00e5 \u00e4r detta n\u00e5got f\u00f6r dig! V\u00e5rt peerst\u00f6d program skapar en trygg och bekr\u00e4ftande milj\u00f6 f\u00f6r personer som lever med hiv att knyta...\" \/>\n<meta property=\"og:url\" content=\"https:\/\/noaksark.org\/stockholm\/leva-med-hiv\/kamratstod-peerstod\/peerstod-30\/\" \/>\n<meta property=\"og:site_name\" content=\"Noaks Ark Stockholm\" \/>\n<meta property=\"article:publisher\" content=\"https:\/\/www.facebook.com\/noaksarkstockholm\" \/>\n<meta property=\"article:modified_time\" content=\"2026-03-23T10:18:52+00:00\" \/>\n<meta name=\"twitter:card\" content=\"summary_large_image\" \/>\n<meta name=\"twitter:label1\" content=\"Ber\u00e4knad l\u00e4stid\" \/>\n\t<meta name=\"twitter:data1\" content=\"1 minut\" \/>\n<script type=\"application\/ld+json\" class=\"yoast-schema-graph\">{\"@context\":\"https:\\\/\\\/schema.org\",\"@graph\":[{\"@type\":\"WebPage\",\"@id\":\"https:\\\/\\\/noaksark.org\\\/stockholm\\\/leva-med-hiv\\\/kamratstod-peerstod\\\/peerstod-30\\\/\",\"url\":\"https:\\\/\\\/noaksark.org\\\/stockholm\\\/leva-med-hiv\\\/kamratstod-peerstod\\\/peerstod-30\\\/\",\"name\":\"\",\"isPartOf\":{\"@id\":\"https:\\\/\\\/noaksark.org\\\/stockholm\\\/#website\"},\"datePublished\":\"2025-10-24T11:08:12+00:00\",\"dateModified\":\"2026-03-23T10:18:52+00:00\",\"breadcrumb\":{\"@id\":\"https:\\\/\\\/noaksark.org\\\/stockholm\\\/leva-med-hiv\\\/kamratstod-peerstod\\\/peerstod-30\\\/#breadcrumb\"},\"inLanguage\":\"sv-SE\",\"potentialAction\":[{\"@type\":\"ReadAction\",\"target\":[\"https:\\\/\\\/noaksark.org\\\/stockholm\\\/leva-med-hiv\\\/kamratstod-peerstod\\\/peerstod-30\\\/\"]}]},{\"@type\":\"BreadcrumbList\",\"@id\":\"https:\\\/\\\/noaksark.org\\\/stockholm\\\/leva-med-hiv\\\/kamratstod-peerstod\\\/peerstod-30\\\/#breadcrumb\",\"itemListElement\":[{\"@type\":\"ListItem\",\"position\":1,\"name\":\"Home\",\"item\":\"https:\\\/\\\/noaksark.org\\\/stockholm\\\/\"},{\"@type\":\"ListItem\",\"position\":2,\"name\":\"Leva med hiv\",\"item\":\"https:\\\/\\\/noaksark.org\\\/stockholm\\\/leva-med-hiv\\\/\"},{\"@type\":\"ListItem\",\"position\":3,\"name\":\"Kamratst\u00f6d \\\/ Peerst\u00f6d\",\"item\":\"https:\\\/\\\/noaksark.org\\\/stockholm\\\/leva-med-hiv\\\/kamratstod-peerstod\\\/\"},{\"@type\":\"ListItem\",\"position\":4,\"name\":\"Peerst\u00f6d, 30+\"}]},{\"@type\":\"WebSite\",\"@id\":\"https:\\\/\\\/noaksark.org\\\/stockholm\\\/#website\",\"url\":\"https:\\\/\\\/noaksark.org\\\/stockholm\\\/\",\"name\":\"Noaks Ark Stockholm\",\"description\":\"\",\"publisher\":{\"@id\":\"https:\\\/\\\/noaksark.org\\\/stockholm\\\/#organization\"},\"potentialAction\":[{\"@type\":\"SearchAction\",\"target\":{\"@type\":\"EntryPoint\",\"urlTemplate\":\"https:\\\/\\\/noaksark.org\\\/stockholm\\\/?s={search_term_string}\"},\"query-input\":{\"@type\":\"PropertyValueSpecification\",\"valueRequired\":true,\"valueName\":\"search_term_string\"}}],\"inLanguage\":\"sv-SE\"},{\"@type\":\"Organization\",\"@id\":\"https:\\\/\\\/noaksark.org\\\/stockholm\\\/#organization\",\"name\":\"Noaks Ark Stockholm\",\"url\":\"https:\\\/\\\/noaksark.org\\\/stockholm\\\/\",\"logo\":{\"@type\":\"ImageObject\",\"inLanguage\":\"sv-SE\",\"@id\":\"https:\\\/\\\/noaksark.org\\\/stockholm\\\/#\\\/schema\\\/logo\\\/image\\\/\",\"url\":\"https:\\\/\\\/noaksark.org\\\/stockholm\\\/wp-content\\\/uploads\\\/sites\\\/2\\\/2022\\\/08\\\/noaks-ark-nyheter-vad-betyder-noaks-ark-for-dig.jpg\",\"contentUrl\":\"https:\\\/\\\/noaksark.org\\\/stockholm\\\/wp-content\\\/uploads\\\/sites\\\/2\\\/2022\\\/08\\\/noaks-ark-nyheter-vad-betyder-noaks-ark-for-dig.jpg\",\"width\":1000,\"height\":1000,\"caption\":\"Noaks Ark Stockholm\"},\"image\":{\"@id\":\"https:\\\/\\\/noaksark.org\\\/stockholm\\\/#\\\/schema\\\/logo\\\/image\\\/\"},\"sameAs\":[\"https:\\\/\\\/www.facebook.com\\\/noaksarkstockholm\",\"https:\\\/\\\/www.instagram.com\\\/noaksarkstockholm\\\/\",\"https:\\\/\\\/se.linkedin.com\\\/company\\\/noaks-ark-stockholm\"]}]}<\/script>\n<!-- \/ Yoast SEO Premium plugin. -->","yoast_head_json":{"title":"Noaks Ark Stockholm","robots":{"index":"index","follow":"follow","max-snippet":"max-snippet:-1","max-image-preview":"max-image-preview:large","max-video-preview":"max-video-preview:-1"},"canonical":"https:\/\/noaksark.org\/stockholm\/leva-med-hiv\/kamratstod-peerstod\/peerstod-30\/","og_locale":"sv_SE","og_type":"article","og_title":"Peerst\u00f6d, 30+","og_description":"Vill du samtala enskilt med en annan person som lever med hiv? D\u00e5 \u00e4r detta n\u00e5got f\u00f6r dig! V\u00e5rt peerst\u00f6d program skapar en trygg och bekr\u00e4ftande milj\u00f6 f\u00f6r personer som lever med hiv att knyta...","og_url":"https:\/\/noaksark.org\/stockholm\/leva-med-hiv\/kamratstod-peerstod\/peerstod-30\/","og_site_name":"Noaks Ark Stockholm","article_publisher":"https:\/\/www.facebook.com\/noaksarkstockholm","article_modified_time":"2026-03-23T10:18:52+00:00","twitter_card":"summary_large_image","twitter_misc":{"Ber\u00e4knad l\u00e4stid":"1 minut"},"schema":{"@context":"https:\/\/schema.org","@graph":[{"@type":"WebPage","@id":"https:\/\/noaksark.org\/stockholm\/leva-med-hiv\/kamratstod-peerstod\/peerstod-30\/","url":"https:\/\/noaksark.org\/stockholm\/leva-med-hiv\/kamratstod-peerstod\/peerstod-30\/","name":"","isPartOf":{"@id":"https:\/\/noaksark.org\/stockholm\/#website"},"datePublished":"2025-10-24T11:08:12+00:00","dateModified":"2026-03-23T10:18:52+00:00","breadcrumb":{"@id":"https:\/\/noaksark.org\/stockholm\/leva-med-hiv\/kamratstod-peerstod\/peerstod-30\/#breadcrumb"},"inLanguage":"sv-SE","potentialAction":[{"@type":"ReadAction","target":["https:\/\/noaksark.org\/stockholm\/leva-med-hiv\/kamratstod-peerstod\/peerstod-30\/"]}]},{"@type":"BreadcrumbList","@id":"https:\/\/noaksark.org\/stockholm\/leva-med-hiv\/kamratstod-peerstod\/peerstod-30\/#breadcrumb","itemListElement":[{"@type":"ListItem","position":1,"name":"Home","item":"https:\/\/noaksark.org\/stockholm\/"},{"@type":"ListItem","position":2,"name":"Leva med hiv","item":"https:\/\/noaksark.org\/stockholm\/leva-med-hiv\/"},{"@type":"ListItem","position":3,"name":"Kamratst\u00f6d \/ Peerst\u00f6d","item":"https:\/\/noaksark.org\/stockholm\/leva-med-hiv\/kamratstod-peerstod\/"},{"@type":"ListItem","position":4,"name":"Peerst\u00f6d, 30+"}]},{"@type":"WebSite","@id":"https:\/\/noaksark.org\/stockholm\/#website","url":"https:\/\/noaksark.org\/stockholm\/","name":"Noaks Ark Stockholm","description":"","publisher":{"@id":"https:\/\/noaksark.org\/stockholm\/#organization"},"potentialAction":[{"@type":"SearchAction","target":{"@type":"EntryPoint","urlTemplate":"https:\/\/noaksark.org\/stockholm\/?s={search_term_string}"},"query-input":{"@type":"PropertyValueSpecification","valueRequired":true,"valueName":"search_term_string"}}],"inLanguage":"sv-SE"},{"@type":"Organization","@id":"https:\/\/noaksark.org\/stockholm\/#organization","name":"Noaks Ark Stockholm","url":"https:\/\/noaksark.org\/stockholm\/","logo":{"@type":"ImageObject","inLanguage":"sv-SE","@id":"https:\/\/noaksark.org\/stockholm\/#\/schema\/logo\/image\/","url":"https:\/\/noaksark.org\/stockholm\/wp-content\/uploads\/sites\/2\/2022\/08\/noaks-ark-nyheter-vad-betyder-noaks-ark-for-dig.jpg","contentUrl":"https:\/\/noaksark.org\/stockholm\/wp-content\/uploads\/sites\/2\/2022\/08\/noaks-ark-nyheter-vad-betyder-noaks-ark-for-dig.jpg","width":1000,"height":1000,"caption":"Noaks Ark Stockholm"},"image":{"@id":"https:\/\/noaksark.org\/stockholm\/#\/schema\/logo\/image\/"},"sameAs":["https:\/\/www.facebook.com\/noaksarkstockholm","https:\/\/www.instagram.com\/noaksarkstockholm\/","https:\/\/se.linkedin.com\/company\/noaks-ark-stockholm"]}]}},"_links":{"self":[{"href":"https:\/\/noaksark.org\/stockholm\/wp-json\/wp\/v2\/pages\/11986","targetHints":{"allow":["GET"]}}],"collection":[{"href":"https:\/\/noaksark.org\/stockholm\/wp-json\/wp\/v2\/pages"}],"about":[{"href":"https:\/\/noaksark.org\/stockholm\/wp-json\/wp\/v2\/types\/page"}],"author":[{"embeddable":true,"href":"https:\/\/noaksark.org\/stockholm\/wp-json\/wp\/v2\/users\/27"}],"replies":[{"embeddable":true,"href":"https:\/\/noaksark.org\/stockholm\/wp-json\/wp\/v2\/comments?post=11986"}],"version-history":[{"count":6,"href":"https:\/\/noaksark.org\/stockholm\/wp-json\/wp\/v2\/pages\/11986\/revisions"}],"predecessor-version":[{"id":12975,"href":"https:\/\/noaksark.org\/stockholm\/wp-json\/wp\/v2\/pages\/11986\/revisions\/12975"}],"up":[{"embeddable":true,"href":"https:\/\/noaksark.org\/stockholm\/wp-json\/wp\/v2\/pages\/11982"}],"wp:attachment":[{"href":"https:\/\/noaksark.org\/stockholm\/wp-json\/wp\/v2\/media?parent=11986"}],"curies":[{"name":"wp","href":"https:\/\/api.w.org\/{rel}","templated":true}]}}