{"id":11984,"date":"2025-10-24T13:06:53","date_gmt":"2025-10-24T11:06:53","guid":{"rendered":"https:\/\/noaksark.org\/stockholm\/?page_id=11984"},"modified":"2025-10-24T13:06:53","modified_gmt":"2025-10-24T11:06:53","slug":"mentorsbanken-18-30-ar","status":"publish","type":"page","link":"https:\/\/noaksark.org\/stockholm\/leva-med-hiv\/kamratstod-peerstod\/mentorsbanken-18-30-ar\/","title":{"rendered":"Mentorsbanken, 18-30 \u00e5r"},"content":{"rendered":"\n<p>Mentorsbanken \u00e4r ett samarbete mellan Noaks Ark Stockholm, Posithiva Gruppen och Karolinska Universitetssjukhuset Huddinge. Syftet \u00e4r att st\u00e4rka unga vuxna (ca 18\u201330 \u00e5r) som lever med hiv genom kamratst\u00f6d fr\u00e5n en mentor med liknande erfarenheter.<\/p>\n\n\n\n<p>Som deltagare f\u00e5r du m\u00f6jlighet att tr\u00e4ffa en mentor f\u00f6r samtal, st\u00f6d och erfarenhetsutbyte \u2013 p\u00e5 dina villkor. Mentorskapet bygger p\u00e5 frivillighet, \u00f6msesidighet och respekt, och kan handla om allt fr\u00e5n att prata om vardag och relationer till att st\u00e4rka sj\u00e4lvk\u00e4nslan och hitta strategier f\u00f6r att leva med hiv.<\/p>\n\n\n\n<p>Mentorerna f\u00e5r utbildning, handledning och st\u00f6d under hela uppdraget. Tr\u00e4ffarna sker individuellt och anpassas efter behov.<\/p>\n\n\n\n<p><\/p>\n","protected":false},"excerpt":{"rendered":"<p>Mentorsbanken \u00e4r ett samarbete mellan Noaks Ark Stockholm, Posithiva Gruppen och Karolinska Universitetssjukhuset Huddinge. Syftet \u00e4r att st\u00e4rka unga vuxna (ca 18\u201330 \u00e5r) som lever med hiv genom kamratst\u00f6d fr\u00e5n en mentor med liknande erfarenheter&#8230;.<\/p>\n","protected":false},"author":27,"featured_media":0,"parent":11982,"menu_order":0,"comment_status":"closed","ping_status":"closed","template":"_template-living-with-hiv.php","meta":{"_acf_changed":false,"footnotes":""},"class_list":["post-11984","page","type-page","status-publish","hentry"],"acf":[],"yoast_head":"<!-- This site is optimized with the Yoast SEO Premium plugin v27.4 (Yoast SEO v27.5) - https:\/\/yoast.com\/product\/yoast-seo-premium-wordpress\/ -->\n<title>Noaks Ark Stockholm<\/title>\n<meta name=\"robots\" content=\"index, follow, max-snippet:-1, max-image-preview:large, max-video-preview:-1\" \/>\n<link rel=\"canonical\" href=\"https:\/\/noaksark.org\/stockholm\/leva-med-hiv\/kamratstod-peerstod\/mentorsbanken-18-30-ar\/\" \/>\n<meta property=\"og:locale\" content=\"sv_SE\" \/>\n<meta property=\"og:type\" content=\"article\" \/>\n<meta property=\"og:title\" content=\"Mentorsbanken, 18-30 \u00e5r\" \/>\n<meta property=\"og:description\" content=\"Mentorsbanken \u00e4r ett samarbete mellan Noaks Ark Stockholm, Posithiva Gruppen och Karolinska Universitetssjukhuset Huddinge. Syftet \u00e4r att st\u00e4rka unga vuxna (ca 18\u201330 \u00e5r) som lever med hiv genom kamratst\u00f6d fr\u00e5n en mentor med liknande erfarenheter....\" \/>\n<meta property=\"og:url\" content=\"https:\/\/noaksark.org\/stockholm\/leva-med-hiv\/kamratstod-peerstod\/mentorsbanken-18-30-ar\/\" \/>\n<meta property=\"og:site_name\" content=\"Noaks Ark Stockholm\" \/>\n<meta property=\"article:publisher\" content=\"https:\/\/www.facebook.com\/noaksarkstockholm\" \/>\n<meta name=\"twitter:card\" content=\"summary_large_image\" \/>\n<meta name=\"twitter:label1\" content=\"Ber\u00e4knad l\u00e4stid\" \/>\n\t<meta name=\"twitter:data1\" content=\"1 minut\" \/>\n<script type=\"application\/ld+json\" class=\"yoast-schema-graph\">{\"@context\":\"https:\\\/\\\/schema.org\",\"@graph\":[{\"@type\":\"WebPage\",\"@id\":\"https:\\\/\\\/noaksark.org\\\/stockholm\\\/leva-med-hiv\\\/kamratstod-peerstod\\\/mentorsbanken-18-30-ar\\\/\",\"url\":\"https:\\\/\\\/noaksark.org\\\/stockholm\\\/leva-med-hiv\\\/kamratstod-peerstod\\\/mentorsbanken-18-30-ar\\\/\",\"name\":\"\",\"isPartOf\":{\"@id\":\"https:\\\/\\\/noaksark.org\\\/stockholm\\\/#website\"},\"datePublished\":\"2025-10-24T11:06:53+00:00\",\"breadcrumb\":{\"@id\":\"https:\\\/\\\/noaksark.org\\\/stockholm\\\/leva-med-hiv\\\/kamratstod-peerstod\\\/mentorsbanken-18-30-ar\\\/#breadcrumb\"},\"inLanguage\":\"sv-SE\",\"potentialAction\":[{\"@type\":\"ReadAction\",\"target\":[\"https:\\\/\\\/noaksark.org\\\/stockholm\\\/leva-med-hiv\\\/kamratstod-peerstod\\\/mentorsbanken-18-30-ar\\\/\"]}]},{\"@type\":\"BreadcrumbList\",\"@id\":\"https:\\\/\\\/noaksark.org\\\/stockholm\\\/leva-med-hiv\\\/kamratstod-peerstod\\\/mentorsbanken-18-30-ar\\\/#breadcrumb\",\"itemListElement\":[{\"@type\":\"ListItem\",\"position\":1,\"name\":\"Home\",\"item\":\"https:\\\/\\\/noaksark.org\\\/stockholm\\\/\"},{\"@type\":\"ListItem\",\"position\":2,\"name\":\"Leva med hiv\",\"item\":\"https:\\\/\\\/noaksark.org\\\/stockholm\\\/leva-med-hiv\\\/\"},{\"@type\":\"ListItem\",\"position\":3,\"name\":\"Kamratst\u00f6d \\\/ Peerst\u00f6d\",\"item\":\"https:\\\/\\\/noaksark.org\\\/stockholm\\\/leva-med-hiv\\\/kamratstod-peerstod\\\/\"},{\"@type\":\"ListItem\",\"position\":4,\"name\":\"Mentorsbanken, 18-30 \u00e5r\"}]},{\"@type\":\"WebSite\",\"@id\":\"https:\\\/\\\/noaksark.org\\\/stockholm\\\/#website\",\"url\":\"https:\\\/\\\/noaksark.org\\\/stockholm\\\/\",\"name\":\"Noaks Ark Stockholm\",\"description\":\"\",\"publisher\":{\"@id\":\"https:\\\/\\\/noaksark.org\\\/stockholm\\\/#organization\"},\"potentialAction\":[{\"@type\":\"SearchAction\",\"target\":{\"@type\":\"EntryPoint\",\"urlTemplate\":\"https:\\\/\\\/noaksark.org\\\/stockholm\\\/?s={search_term_string}\"},\"query-input\":{\"@type\":\"PropertyValueSpecification\",\"valueRequired\":true,\"valueName\":\"search_term_string\"}}],\"inLanguage\":\"sv-SE\"},{\"@type\":\"Organization\",\"@id\":\"https:\\\/\\\/noaksark.org\\\/stockholm\\\/#organization\",\"name\":\"Noaks Ark Stockholm\",\"url\":\"https:\\\/\\\/noaksark.org\\\/stockholm\\\/\",\"logo\":{\"@type\":\"ImageObject\",\"inLanguage\":\"sv-SE\",\"@id\":\"https:\\\/\\\/noaksark.org\\\/stockholm\\\/#\\\/schema\\\/logo\\\/image\\\/\",\"url\":\"https:\\\/\\\/noaksark.org\\\/stockholm\\\/wp-content\\\/uploads\\\/sites\\\/2\\\/2022\\\/08\\\/noaks-ark-nyheter-vad-betyder-noaks-ark-for-dig.jpg\",\"contentUrl\":\"https:\\\/\\\/noaksark.org\\\/stockholm\\\/wp-content\\\/uploads\\\/sites\\\/2\\\/2022\\\/08\\\/noaks-ark-nyheter-vad-betyder-noaks-ark-for-dig.jpg\",\"width\":1000,\"height\":1000,\"caption\":\"Noaks Ark Stockholm\"},\"image\":{\"@id\":\"https:\\\/\\\/noaksark.org\\\/stockholm\\\/#\\\/schema\\\/logo\\\/image\\\/\"},\"sameAs\":[\"https:\\\/\\\/www.facebook.com\\\/noaksarkstockholm\",\"https:\\\/\\\/www.instagram.com\\\/noaksarkstockholm\\\/\",\"https:\\\/\\\/se.linkedin.com\\\/company\\\/noaks-ark-stockholm\"]}]}<\/script>\n<!-- \/ Yoast SEO Premium plugin. -->","yoast_head_json":{"title":"Noaks Ark Stockholm","robots":{"index":"index","follow":"follow","max-snippet":"max-snippet:-1","max-image-preview":"max-image-preview:large","max-video-preview":"max-video-preview:-1"},"canonical":"https:\/\/noaksark.org\/stockholm\/leva-med-hiv\/kamratstod-peerstod\/mentorsbanken-18-30-ar\/","og_locale":"sv_SE","og_type":"article","og_title":"Mentorsbanken, 18-30 \u00e5r","og_description":"Mentorsbanken \u00e4r ett samarbete mellan Noaks Ark Stockholm, Posithiva Gruppen och Karolinska Universitetssjukhuset Huddinge. Syftet \u00e4r att st\u00e4rka unga vuxna (ca 18\u201330 \u00e5r) som lever med hiv genom kamratst\u00f6d fr\u00e5n en mentor med liknande erfarenheter....","og_url":"https:\/\/noaksark.org\/stockholm\/leva-med-hiv\/kamratstod-peerstod\/mentorsbanken-18-30-ar\/","og_site_name":"Noaks Ark Stockholm","article_publisher":"https:\/\/www.facebook.com\/noaksarkstockholm","twitter_card":"summary_large_image","twitter_misc":{"Ber\u00e4knad l\u00e4stid":"1 minut"},"schema":{"@context":"https:\/\/schema.org","@graph":[{"@type":"WebPage","@id":"https:\/\/noaksark.org\/stockholm\/leva-med-hiv\/kamratstod-peerstod\/mentorsbanken-18-30-ar\/","url":"https:\/\/noaksark.org\/stockholm\/leva-med-hiv\/kamratstod-peerstod\/mentorsbanken-18-30-ar\/","name":"","isPartOf":{"@id":"https:\/\/noaksark.org\/stockholm\/#website"},"datePublished":"2025-10-24T11:06:53+00:00","breadcrumb":{"@id":"https:\/\/noaksark.org\/stockholm\/leva-med-hiv\/kamratstod-peerstod\/mentorsbanken-18-30-ar\/#breadcrumb"},"inLanguage":"sv-SE","potentialAction":[{"@type":"ReadAction","target":["https:\/\/noaksark.org\/stockholm\/leva-med-hiv\/kamratstod-peerstod\/mentorsbanken-18-30-ar\/"]}]},{"@type":"BreadcrumbList","@id":"https:\/\/noaksark.org\/stockholm\/leva-med-hiv\/kamratstod-peerstod\/mentorsbanken-18-30-ar\/#breadcrumb","itemListElement":[{"@type":"ListItem","position":1,"name":"Home","item":"https:\/\/noaksark.org\/stockholm\/"},{"@type":"ListItem","position":2,"name":"Leva med hiv","item":"https:\/\/noaksark.org\/stockholm\/leva-med-hiv\/"},{"@type":"ListItem","position":3,"name":"Kamratst\u00f6d \/ Peerst\u00f6d","item":"https:\/\/noaksark.org\/stockholm\/leva-med-hiv\/kamratstod-peerstod\/"},{"@type":"ListItem","position":4,"name":"Mentorsbanken, 18-30 \u00e5r"}]},{"@type":"WebSite","@id":"https:\/\/noaksark.org\/stockholm\/#website","url":"https:\/\/noaksark.org\/stockholm\/","name":"Noaks Ark Stockholm","description":"","publisher":{"@id":"https:\/\/noaksark.org\/stockholm\/#organization"},"potentialAction":[{"@type":"SearchAction","target":{"@type":"EntryPoint","urlTemplate":"https:\/\/noaksark.org\/stockholm\/?s={search_term_string}"},"query-input":{"@type":"PropertyValueSpecification","valueRequired":true,"valueName":"search_term_string"}}],"inLanguage":"sv-SE"},{"@type":"Organization","@id":"https:\/\/noaksark.org\/stockholm\/#organization","name":"Noaks Ark Stockholm","url":"https:\/\/noaksark.org\/stockholm\/","logo":{"@type":"ImageObject","inLanguage":"sv-SE","@id":"https:\/\/noaksark.org\/stockholm\/#\/schema\/logo\/image\/","url":"https:\/\/noaksark.org\/stockholm\/wp-content\/uploads\/sites\/2\/2022\/08\/noaks-ark-nyheter-vad-betyder-noaks-ark-for-dig.jpg","contentUrl":"https:\/\/noaksark.org\/stockholm\/wp-content\/uploads\/sites\/2\/2022\/08\/noaks-ark-nyheter-vad-betyder-noaks-ark-for-dig.jpg","width":1000,"height":1000,"caption":"Noaks Ark Stockholm"},"image":{"@id":"https:\/\/noaksark.org\/stockholm\/#\/schema\/logo\/image\/"},"sameAs":["https:\/\/www.facebook.com\/noaksarkstockholm","https:\/\/www.instagram.com\/noaksarkstockholm\/","https:\/\/se.linkedin.com\/company\/noaks-ark-stockholm"]}]}},"_links":{"self":[{"href":"https:\/\/noaksark.org\/stockholm\/wp-json\/wp\/v2\/pages\/11984","targetHints":{"allow":["GET"]}}],"collection":[{"href":"https:\/\/noaksark.org\/stockholm\/wp-json\/wp\/v2\/pages"}],"about":[{"href":"https:\/\/noaksark.org\/stockholm\/wp-json\/wp\/v2\/types\/page"}],"author":[{"embeddable":true,"href":"https:\/\/noaksark.org\/stockholm\/wp-json\/wp\/v2\/users\/27"}],"replies":[{"embeddable":true,"href":"https:\/\/noaksark.org\/stockholm\/wp-json\/wp\/v2\/comments?post=11984"}],"version-history":[{"count":1,"href":"https:\/\/noaksark.org\/stockholm\/wp-json\/wp\/v2\/pages\/11984\/revisions"}],"predecessor-version":[{"id":11985,"href":"https:\/\/noaksark.org\/stockholm\/wp-json\/wp\/v2\/pages\/11984\/revisions\/11985"}],"up":[{"embeddable":true,"href":"https:\/\/noaksark.org\/stockholm\/wp-json\/wp\/v2\/pages\/11982"}],"wp:attachment":[{"href":"https:\/\/noaksark.org\/stockholm\/wp-json\/wp\/v2\/media?parent=11984"}],"curies":[{"name":"wp","href":"https:\/\/api.w.org\/{rel}","templated":true}]}}