{"id":11980,"date":"2025-10-24T11:59:17","date_gmt":"2025-10-24T09:59:17","guid":{"rendered":"https:\/\/noaksark.org\/stockholm\/?page_id=11980"},"modified":"2025-10-27T14:00:26","modified_gmt":"2025-10-27T13:00:26","slug":"kvinnor","status":"publish","type":"page","link":"https:\/\/noaksark.org\/stockholm\/leva-med-hiv\/grupper\/kvinnor\/","title":{"rendered":"Kvinnor"},"content":{"rendered":"\n<p>V\u00e5r gruppverksamhet f\u00f6r kvinnor som lever med hiv erbjuder en trygg plats f\u00f6r samtal, reflektion och kunskap. Gruppen leds av erfarna samtalsledare och bygger p\u00e5 deltagarnas behov och \u00f6nskem\u00e5l. Vi tr\u00e4ffas vid flera tillf\u00e4llen under \u00e5ret, oftast en termin om \u00e5ret. P\u00e5 tr\u00e4ffarna jobbar grupper med olika tema som \u00f6nskats av deltagarna \u2013 till exempel sexuell h\u00e4lsa, relationer, klimakteriet, ensamhet eller att leva \u00f6ppet med hiv.<\/p>\n\n\n\n<h2 class=\"wp-block-heading mb-3\" id=\"h-kommande-aktiviteter\">Kommande aktiviteter<\/h2>\n\n\n                <a href=\"https:\/\/noaksark.org\/stockholm\/kalender\/kvinnogruppvar2026\/\" \n                   aria-label=\"H\u00e4ndelse, Kvinnogrupp, \n                   2026-05-05, 17:30\">\n                    <div class=\"post-list-item\">\n                        <div class=\"row\">\n                            <div class=\"col-12 col-lg-3 mb-2\">\n                                <div class=\"post-list-image-wrapper\">\n                                    <img loading=\"lazy\" decoding=\"async\" width=\"1024\" height=\"683\" src=\"https:\/\/noaksark.org\/stockholm\/wp-content\/uploads\/sites\/2\/2023\/06\/D860059-1024x683.jpg\" class=\"post-list-image wp-post-image\" alt=\"\" srcset=\"https:\/\/noaksark.org\/stockholm\/wp-content\/uploads\/sites\/2\/2023\/06\/D860059-1024x683.jpg 1024w, https:\/\/noaksark.org\/stockholm\/wp-content\/uploads\/sites\/2\/2023\/06\/D860059-300x200.jpg 300w, https:\/\/noaksark.org\/stockholm\/wp-content\/uploads\/sites\/2\/2023\/06\/D860059-768x512.jpg 768w, https:\/\/noaksark.org\/stockholm\/wp-content\/uploads\/sites\/2\/2023\/06\/D860059-1536x1024.jpg 1536w, https:\/\/noaksark.org\/stockholm\/wp-content\/uploads\/sites\/2\/2023\/06\/D860059-2048x1366.jpg 2048w, https:\/\/noaksark.org\/stockholm\/wp-content\/uploads\/sites\/2\/2023\/06\/D860059-150x100.jpg 150w, https:\/\/noaksark.org\/stockholm\/wp-content\/uploads\/sites\/2\/2023\/06\/D860059-1152x768.jpg 1152w\" sizes=\"auto, (max-width: 1024px) 100vw, 1024px\" \/>                                <\/div>\n                            <\/div>\n                            <div class=\"col-12 col-lg-9\">\n                                <h5>Kvinnogrupp<\/h5>\n                                <div class=\"meta text-secondary\">\n                                    <h6 class=\"mb-1\">\n                                        <i class=\"fa-light fa-calendar-days\"><\/i>\n                                        2026-05-05                                        , 17:30\n                                                                            <\/h6>\n                                <\/div>\n                                <div><i>H\u00e4ndelsen har flera datum<\/i><\/div>                                Under sex tr\u00e4ffar samlas vi f\u00f6r middag och samtal i en trygg och st\u00f6djande milj\u00f6. Vid f\u00f6rsta tillf\u00e4llet best\u00e4mmer gruppen tillsammans vilka teman som ska tas upp under tr\u00e4ffarna. F\u00f6r att skapa en trygg gemenskap&#8230;                            <\/div>\n                        <\/div>\n                    <\/div>\n                <\/a>\n                \n\n\n<p>Vid varje ny gruppstart \u00f6ppnar vi upp f\u00f6r nya deltagare, du kan alltid anm\u00e4lda ditt intresse f\u00f6r n\u00e4sta start.<\/p>\n\n\n\n<p>F\u00f6r mer information och fr\u00e5gor kontakta\u00a0teamledare f\u00f6r St\u00f6dverksamheten.<\/p>\n\n\n<div class=\"contact-cards\"><div class=\"row\">\n        <div class=\"col-12 mb-4 d-flex\">\n            <div class=\"contact-item contact-width-50\">\n                <div class=\"contact-content p-4 pe-7\">\n                    <h5>Emma Olsson<\/h5>\n                    <h6>Teamledare St\u00f6dverksamheten Socionom &#8211; Sociolog<\/h6>\n                      \n                        <a href=\"tel:087004601\"><p><i class=\"fa-regular fa-mobile\"><\/i>08\u2013700 46 01<\/p><\/a>\n                                          \n                        <a href=\"mailto:\"><i class=\"fal fa-envelope\"><\/i>Send email<\/a>\n                                          \n                        <p><i class=\"fal fa-globe-europe\" style=\"color: #E30064\"><\/i> Svenska, English<\/p>\n                                        <div class=\"contact-image-wrapper\">\n                        <div class=\"contact-image\" style=\"background-image: url('https:\/\/noaksark.org\/stockholm\/wp-content\/uploads\/sites\/2\/2022\/11\/D868786-liten-683x1024.jpg');\"><\/div>     \n                    <\/div> \n                <\/div>           \n            <\/div>\n        <\/div> \n        <\/div><\/div>","protected":false},"excerpt":{"rendered":"<p>V\u00e5r gruppverksamhet f\u00f6r kvinnor som lever med hiv erbjuder en trygg plats f\u00f6r samtal, reflektion och kunskap. Gruppen leds av erfarna samtalsledare och bygger p\u00e5 deltagarnas behov och \u00f6nskem\u00e5l. Vi tr\u00e4ffas vid flera tillf\u00e4llen under&#8230;<\/p>\n","protected":false},"author":27,"featured_media":0,"parent":55,"menu_order":4,"comment_status":"closed","ping_status":"closed","template":"_template-living-with-hiv.php","meta":{"_acf_changed":false,"footnotes":""},"class_list":["post-11980","page","type-page","status-publish","hentry"],"acf":[],"yoast_head":"<!-- This site is optimized with the Yoast SEO Premium plugin v27.4 (Yoast SEO v27.5) - https:\/\/yoast.com\/product\/yoast-seo-premium-wordpress\/ -->\n<title>Noaks Ark Stockholm<\/title>\n<meta name=\"robots\" content=\"index, follow, max-snippet:-1, max-image-preview:large, max-video-preview:-1\" \/>\n<link rel=\"canonical\" href=\"https:\/\/noaksark.org\/stockholm\/leva-med-hiv\/grupper\/kvinnor\/\" \/>\n<meta property=\"og:locale\" content=\"sv_SE\" \/>\n<meta property=\"og:type\" content=\"article\" \/>\n<meta property=\"og:title\" content=\"Kvinnor\" \/>\n<meta property=\"og:description\" content=\"V\u00e5r gruppverksamhet f\u00f6r kvinnor som lever med hiv erbjuder en trygg plats f\u00f6r samtal, reflektion och kunskap. Gruppen leds av erfarna samtalsledare och bygger p\u00e5 deltagarnas behov och \u00f6nskem\u00e5l. Vi tr\u00e4ffas vid flera tillf\u00e4llen under...\" \/>\n<meta property=\"og:url\" content=\"https:\/\/noaksark.org\/stockholm\/leva-med-hiv\/grupper\/kvinnor\/\" \/>\n<meta property=\"og:site_name\" content=\"Noaks Ark Stockholm\" \/>\n<meta property=\"article:publisher\" content=\"https:\/\/www.facebook.com\/noaksarkstockholm\" \/>\n<meta property=\"article:modified_time\" content=\"2025-10-27T13:00:26+00:00\" \/>\n<meta name=\"twitter:card\" content=\"summary_large_image\" \/>\n<meta name=\"twitter:label1\" content=\"Ber\u00e4knad l\u00e4stid\" \/>\n\t<meta name=\"twitter:data1\" content=\"1 minut\" \/>\n<script type=\"application\/ld+json\" class=\"yoast-schema-graph\">{\"@context\":\"https:\\\/\\\/schema.org\",\"@graph\":[{\"@type\":\"WebPage\",\"@id\":\"https:\\\/\\\/noaksark.org\\\/stockholm\\\/leva-med-hiv\\\/grupper\\\/kvinnor\\\/\",\"url\":\"https:\\\/\\\/noaksark.org\\\/stockholm\\\/leva-med-hiv\\\/grupper\\\/kvinnor\\\/\",\"name\":\"\",\"isPartOf\":{\"@id\":\"https:\\\/\\\/noaksark.org\\\/stockholm\\\/#website\"},\"datePublished\":\"2025-10-24T09:59:17+00:00\",\"dateModified\":\"2025-10-27T13:00:26+00:00\",\"breadcrumb\":{\"@id\":\"https:\\\/\\\/noaksark.org\\\/stockholm\\\/leva-med-hiv\\\/grupper\\\/kvinnor\\\/#breadcrumb\"},\"inLanguage\":\"sv-SE\",\"potentialAction\":[{\"@type\":\"ReadAction\",\"target\":[\"https:\\\/\\\/noaksark.org\\\/stockholm\\\/leva-med-hiv\\\/grupper\\\/kvinnor\\\/\"]}]},{\"@type\":\"BreadcrumbList\",\"@id\":\"https:\\\/\\\/noaksark.org\\\/stockholm\\\/leva-med-hiv\\\/grupper\\\/kvinnor\\\/#breadcrumb\",\"itemListElement\":[{\"@type\":\"ListItem\",\"position\":1,\"name\":\"Home\",\"item\":\"https:\\\/\\\/noaksark.org\\\/stockholm\\\/\"},{\"@type\":\"ListItem\",\"position\":2,\"name\":\"Leva med hiv\",\"item\":\"https:\\\/\\\/noaksark.org\\\/stockholm\\\/leva-med-hiv\\\/\"},{\"@type\":\"ListItem\",\"position\":3,\"name\":\"Grupper\",\"item\":\"https:\\\/\\\/noaksark.org\\\/stockholm\\\/leva-med-hiv\\\/grupper\\\/\"},{\"@type\":\"ListItem\",\"position\":4,\"name\":\"Kvinnor\"}]},{\"@type\":\"WebSite\",\"@id\":\"https:\\\/\\\/noaksark.org\\\/stockholm\\\/#website\",\"url\":\"https:\\\/\\\/noaksark.org\\\/stockholm\\\/\",\"name\":\"Noaks Ark Stockholm\",\"description\":\"\",\"publisher\":{\"@id\":\"https:\\\/\\\/noaksark.org\\\/stockholm\\\/#organization\"},\"potentialAction\":[{\"@type\":\"SearchAction\",\"target\":{\"@type\":\"EntryPoint\",\"urlTemplate\":\"https:\\\/\\\/noaksark.org\\\/stockholm\\\/?s={search_term_string}\"},\"query-input\":{\"@type\":\"PropertyValueSpecification\",\"valueRequired\":true,\"valueName\":\"search_term_string\"}}],\"inLanguage\":\"sv-SE\"},{\"@type\":\"Organization\",\"@id\":\"https:\\\/\\\/noaksark.org\\\/stockholm\\\/#organization\",\"name\":\"Noaks Ark Stockholm\",\"url\":\"https:\\\/\\\/noaksark.org\\\/stockholm\\\/\",\"logo\":{\"@type\":\"ImageObject\",\"inLanguage\":\"sv-SE\",\"@id\":\"https:\\\/\\\/noaksark.org\\\/stockholm\\\/#\\\/schema\\\/logo\\\/image\\\/\",\"url\":\"https:\\\/\\\/noaksark.org\\\/stockholm\\\/wp-content\\\/uploads\\\/sites\\\/2\\\/2022\\\/08\\\/noaks-ark-nyheter-vad-betyder-noaks-ark-for-dig.jpg\",\"contentUrl\":\"https:\\\/\\\/noaksark.org\\\/stockholm\\\/wp-content\\\/uploads\\\/sites\\\/2\\\/2022\\\/08\\\/noaks-ark-nyheter-vad-betyder-noaks-ark-for-dig.jpg\",\"width\":1000,\"height\":1000,\"caption\":\"Noaks Ark Stockholm\"},\"image\":{\"@id\":\"https:\\\/\\\/noaksark.org\\\/stockholm\\\/#\\\/schema\\\/logo\\\/image\\\/\"},\"sameAs\":[\"https:\\\/\\\/www.facebook.com\\\/noaksarkstockholm\",\"https:\\\/\\\/www.instagram.com\\\/noaksarkstockholm\\\/\",\"https:\\\/\\\/se.linkedin.com\\\/company\\\/noaks-ark-stockholm\"]}]}<\/script>\n<!-- \/ Yoast SEO Premium plugin. -->","yoast_head_json":{"title":"Noaks Ark Stockholm","robots":{"index":"index","follow":"follow","max-snippet":"max-snippet:-1","max-image-preview":"max-image-preview:large","max-video-preview":"max-video-preview:-1"},"canonical":"https:\/\/noaksark.org\/stockholm\/leva-med-hiv\/grupper\/kvinnor\/","og_locale":"sv_SE","og_type":"article","og_title":"Kvinnor","og_description":"V\u00e5r gruppverksamhet f\u00f6r kvinnor som lever med hiv erbjuder en trygg plats f\u00f6r samtal, reflektion och kunskap. Gruppen leds av erfarna samtalsledare och bygger p\u00e5 deltagarnas behov och \u00f6nskem\u00e5l. Vi tr\u00e4ffas vid flera tillf\u00e4llen under...","og_url":"https:\/\/noaksark.org\/stockholm\/leva-med-hiv\/grupper\/kvinnor\/","og_site_name":"Noaks Ark Stockholm","article_publisher":"https:\/\/www.facebook.com\/noaksarkstockholm","article_modified_time":"2025-10-27T13:00:26+00:00","twitter_card":"summary_large_image","twitter_misc":{"Ber\u00e4knad l\u00e4stid":"1 minut"},"schema":{"@context":"https:\/\/schema.org","@graph":[{"@type":"WebPage","@id":"https:\/\/noaksark.org\/stockholm\/leva-med-hiv\/grupper\/kvinnor\/","url":"https:\/\/noaksark.org\/stockholm\/leva-med-hiv\/grupper\/kvinnor\/","name":"","isPartOf":{"@id":"https:\/\/noaksark.org\/stockholm\/#website"},"datePublished":"2025-10-24T09:59:17+00:00","dateModified":"2025-10-27T13:00:26+00:00","breadcrumb":{"@id":"https:\/\/noaksark.org\/stockholm\/leva-med-hiv\/grupper\/kvinnor\/#breadcrumb"},"inLanguage":"sv-SE","potentialAction":[{"@type":"ReadAction","target":["https:\/\/noaksark.org\/stockholm\/leva-med-hiv\/grupper\/kvinnor\/"]}]},{"@type":"BreadcrumbList","@id":"https:\/\/noaksark.org\/stockholm\/leva-med-hiv\/grupper\/kvinnor\/#breadcrumb","itemListElement":[{"@type":"ListItem","position":1,"name":"Home","item":"https:\/\/noaksark.org\/stockholm\/"},{"@type":"ListItem","position":2,"name":"Leva med hiv","item":"https:\/\/noaksark.org\/stockholm\/leva-med-hiv\/"},{"@type":"ListItem","position":3,"name":"Grupper","item":"https:\/\/noaksark.org\/stockholm\/leva-med-hiv\/grupper\/"},{"@type":"ListItem","position":4,"name":"Kvinnor"}]},{"@type":"WebSite","@id":"https:\/\/noaksark.org\/stockholm\/#website","url":"https:\/\/noaksark.org\/stockholm\/","name":"Noaks Ark Stockholm","description":"","publisher":{"@id":"https:\/\/noaksark.org\/stockholm\/#organization"},"potentialAction":[{"@type":"SearchAction","target":{"@type":"EntryPoint","urlTemplate":"https:\/\/noaksark.org\/stockholm\/?s={search_term_string}"},"query-input":{"@type":"PropertyValueSpecification","valueRequired":true,"valueName":"search_term_string"}}],"inLanguage":"sv-SE"},{"@type":"Organization","@id":"https:\/\/noaksark.org\/stockholm\/#organization","name":"Noaks Ark Stockholm","url":"https:\/\/noaksark.org\/stockholm\/","logo":{"@type":"ImageObject","inLanguage":"sv-SE","@id":"https:\/\/noaksark.org\/stockholm\/#\/schema\/logo\/image\/","url":"https:\/\/noaksark.org\/stockholm\/wp-content\/uploads\/sites\/2\/2022\/08\/noaks-ark-nyheter-vad-betyder-noaks-ark-for-dig.jpg","contentUrl":"https:\/\/noaksark.org\/stockholm\/wp-content\/uploads\/sites\/2\/2022\/08\/noaks-ark-nyheter-vad-betyder-noaks-ark-for-dig.jpg","width":1000,"height":1000,"caption":"Noaks Ark Stockholm"},"image":{"@id":"https:\/\/noaksark.org\/stockholm\/#\/schema\/logo\/image\/"},"sameAs":["https:\/\/www.facebook.com\/noaksarkstockholm","https:\/\/www.instagram.com\/noaksarkstockholm\/","https:\/\/se.linkedin.com\/company\/noaks-ark-stockholm"]}]}},"_links":{"self":[{"href":"https:\/\/noaksark.org\/stockholm\/wp-json\/wp\/v2\/pages\/11980","targetHints":{"allow":["GET"]}}],"collection":[{"href":"https:\/\/noaksark.org\/stockholm\/wp-json\/wp\/v2\/pages"}],"about":[{"href":"https:\/\/noaksark.org\/stockholm\/wp-json\/wp\/v2\/types\/page"}],"author":[{"embeddable":true,"href":"https:\/\/noaksark.org\/stockholm\/wp-json\/wp\/v2\/users\/27"}],"replies":[{"embeddable":true,"href":"https:\/\/noaksark.org\/stockholm\/wp-json\/wp\/v2\/comments?post=11980"}],"version-history":[{"count":3,"href":"https:\/\/noaksark.org\/stockholm\/wp-json\/wp\/v2\/pages\/11980\/revisions"}],"predecessor-version":[{"id":12039,"href":"https:\/\/noaksark.org\/stockholm\/wp-json\/wp\/v2\/pages\/11980\/revisions\/12039"}],"up":[{"embeddable":true,"href":"https:\/\/noaksark.org\/stockholm\/wp-json\/wp\/v2\/pages\/55"}],"wp:attachment":[{"href":"https:\/\/noaksark.org\/stockholm\/wp-json\/wp\/v2\/media?parent=11980"}],"curies":[{"name":"wp","href":"https:\/\/api.w.org\/{rel}","templated":true}]}}