{"id":11974,"date":"2025-10-24T11:54:00","date_gmt":"2025-10-24T09:54:00","guid":{"rendered":"https:\/\/noaksark.org\/stockholm\/?page_id=11974"},"modified":"2025-10-28T16:38:09","modified_gmt":"2025-10-28T15:38:09","slug":"unghiv","status":"publish","type":"page","link":"https:\/\/noaksark.org\/stockholm\/leva-med-hiv\/grupper\/unghiv\/","title":{"rendered":"Unghiv"},"content":{"rendered":"\n<p>\u00c4r du mellan 18 och 30 \u00e5r och lever med hiv?<\/p>\n\n\n\n<p>Unghiv \u00e4r en grupp f\u00f6r personer mellan 18 och 30 \u00e5r som lever med hiv.&nbsp; I gruppen hittar vi p\u00e5 roliga aktiviteter tillsammans samt pratar om viktiga fr\u00e5gor kring att vara ung och leva med hiv.<\/p>\n\n\n\n<p>Verksamheten bedrivs av Posithiva Gruppen och Noaks Ark Stockholm.<\/p>\n\n\n\n<p>\u00c4r du mellan 18\u201330 \u00e5r, lever med hiv och vill g\u00e5 med i v\u00e5r WhatsApp-grupp? Skicka ett sms eller ring till Noaks Arks ungsamordnare p\u00e5 nummer +46 (0)79-143 65 75 eller maila till: <a href=\"mailto:unghiv@noaksark.org\">unghiv@noaksark.org<\/a><\/p>\n\n\n<aside class=\"testimonials sidebar position-relative\" aria-labelledby=\"testimonial-header\">\n    <div>\n        <div class=\"testimonials-content\">\n            <div class=\"swiper testimonial-block-slider\" id=\"testimonial-block-slider\">\n                <div class=\"swiper-wrapper\">\n                                                    <div class=\"swiper-slide\">\n                                    <div class=\"testimonial\">\n                                        <div class=\"testimonial-text\">\n                                            <i>&#8221;Gemenskapen, en trygg plats!&#8221;<\/i>\n                                        <\/div>\n                                        <h5 class=\"mt-4 mb-4\">Deltagare Ung hiv<\/h5>\n                                    <\/div>\n                                <\/div>\n                                                            <div class=\"swiper-slide\">\n                                    <div class=\"testimonial\">\n                                        <div class=\"testimonial-text\">\n                                            <i>&#8221;Att f\u00e5 umg\u00e5s med andra som lever med hiv och dela med sig av sina egna erfarenheter och ge r\u00e5d till andra i situationer man inte \u00e4r bekv\u00e4m i.&#8221;<\/i>\n                                        <\/div>\n                                        <h5 class=\"mt-4 mb-4\">Deltagare Ung hiv<\/h5>\n                                    <\/div>\n                                <\/div>\n                                            <\/div>\n                <div class=\"swiper-pagination pagination-block d-block d-md-none\"><\/div>\n            <\/div>\n        <\/div>\n    <\/div>\n<\/aside>\n\n\n\n<h2 class=\"wp-block-heading\" id=\"h-kommande-aktiviteter\">Kommande aktiviteter<\/h2>\n\n\n                <a href=\"https:\/\/noaksark.org\/stockholm\/kalender\/samtal-karaoke-och-middag-pa-tolv-stockholm\/\" \n                   aria-label=\"H\u00e4ndelse, Samtal, karaoke och middag p\u00e5 tolv Stockholm, \n                   2026-05-09, 14:00\">\n                    <div class=\"post-list-item\">\n                        <div class=\"row\">\n                            <div class=\"col-12 col-lg-3 mb-2\">\n                                <div class=\"post-list-image-wrapper\">\n                                    <img loading=\"lazy\" decoding=\"async\" width=\"1000\" height=\"666\" src=\"https:\/\/noaksark.org\/stockholm\/wp-content\/uploads\/sites\/2\/2026\/03\/Ung-hiv-karaoke.png\" class=\"post-list-image wp-post-image\" alt=\"\" srcset=\"https:\/\/noaksark.org\/stockholm\/wp-content\/uploads\/sites\/2\/2026\/03\/Ung-hiv-karaoke.png 1000w, https:\/\/noaksark.org\/stockholm\/wp-content\/uploads\/sites\/2\/2026\/03\/Ung-hiv-karaoke-300x200.png 300w, https:\/\/noaksark.org\/stockholm\/wp-content\/uploads\/sites\/2\/2026\/03\/Ung-hiv-karaoke-768x511.png 768w, https:\/\/noaksark.org\/stockholm\/wp-content\/uploads\/sites\/2\/2026\/03\/Ung-hiv-karaoke-150x100.png 150w\" sizes=\"auto, (max-width: 1000px) 100vw, 1000px\" \/>                                <\/div>\n                            <\/div>\n                            <div class=\"col-12 col-lg-9\">\n                                <h5>Samtal, karaoke och middag p\u00e5 tolv Stockholm<\/h5>\n                                <div class=\"meta text-secondary\">\n                                    <h6 class=\"mb-1\">\n                                        <i class=\"fa-light fa-calendar-days\"><\/i>\n                                        2026-05-09                                        , 14:00\n                                                                            <\/h6>\n                                <\/div>\n                                                                i samarbete med Posithiva Gruppen Noaks Ark och Posithiva gruppen bjuder in dig till en aktivitet f\u00f6r unga vuxna som lever med hiv med fokus p\u00e5 gemenskap och samtal om livet. Vi b\u00f6rjar med att&#8230;                            <\/div>\n                        <\/div>\n                    <\/div>\n                <\/a>\n                \n\n\n<p><\/p>\n\n\n\n<p><\/p>\n","protected":false},"excerpt":{"rendered":"<p>\u00c4r du mellan 18 och 30 \u00e5r och lever med hiv? Unghiv \u00e4r en grupp f\u00f6r personer mellan 18 och 30 \u00e5r som lever med hiv.&nbsp; I gruppen hittar vi p\u00e5 roliga aktiviteter tillsammans samt&#8230;<\/p>\n","protected":false},"author":27,"featured_media":0,"parent":55,"menu_order":2,"comment_status":"closed","ping_status":"closed","template":"_template-living-with-hiv.php","meta":{"_acf_changed":false,"footnotes":""},"class_list":["post-11974","page","type-page","status-publish","hentry"],"acf":[],"yoast_head":"<!-- This site is optimized with the Yoast SEO Premium plugin v27.4 (Yoast SEO v27.5) - https:\/\/yoast.com\/product\/yoast-seo-premium-wordpress\/ -->\n<title>Noaks Ark Stockholm<\/title>\n<meta name=\"robots\" content=\"index, follow, max-snippet:-1, max-image-preview:large, max-video-preview:-1\" \/>\n<link rel=\"canonical\" href=\"https:\/\/noaksark.org\/stockholm\/leva-med-hiv\/grupper\/unghiv\/\" \/>\n<meta property=\"og:locale\" content=\"sv_SE\" \/>\n<meta property=\"og:type\" content=\"article\" \/>\n<meta property=\"og:title\" content=\"Unghiv\" \/>\n<meta property=\"og:description\" content=\"\u00c4r du mellan 18 och 30 \u00e5r och lever med hiv? Unghiv \u00e4r en grupp f\u00f6r personer mellan 18 och 30 \u00e5r som lever med hiv.&nbsp; I gruppen hittar vi p\u00e5 roliga aktiviteter tillsammans samt...\" \/>\n<meta property=\"og:url\" content=\"https:\/\/noaksark.org\/stockholm\/leva-med-hiv\/grupper\/unghiv\/\" \/>\n<meta property=\"og:site_name\" content=\"Noaks Ark Stockholm\" \/>\n<meta property=\"article:publisher\" content=\"https:\/\/www.facebook.com\/noaksarkstockholm\" \/>\n<meta property=\"article:modified_time\" content=\"2025-10-28T15:38:09+00:00\" \/>\n<meta name=\"twitter:card\" content=\"summary_large_image\" \/>\n<meta name=\"twitter:label1\" content=\"Ber\u00e4knad l\u00e4stid\" \/>\n\t<meta name=\"twitter:data1\" content=\"1 minut\" \/>\n<script type=\"application\/ld+json\" class=\"yoast-schema-graph\">{\"@context\":\"https:\\\/\\\/schema.org\",\"@graph\":[{\"@type\":\"WebPage\",\"@id\":\"https:\\\/\\\/noaksark.org\\\/stockholm\\\/leva-med-hiv\\\/grupper\\\/unghiv\\\/\",\"url\":\"https:\\\/\\\/noaksark.org\\\/stockholm\\\/leva-med-hiv\\\/grupper\\\/unghiv\\\/\",\"name\":\"\",\"isPartOf\":{\"@id\":\"https:\\\/\\\/noaksark.org\\\/stockholm\\\/#website\"},\"datePublished\":\"2025-10-24T09:54:00+00:00\",\"dateModified\":\"2025-10-28T15:38:09+00:00\",\"breadcrumb\":{\"@id\":\"https:\\\/\\\/noaksark.org\\\/stockholm\\\/leva-med-hiv\\\/grupper\\\/unghiv\\\/#breadcrumb\"},\"inLanguage\":\"sv-SE\",\"potentialAction\":[{\"@type\":\"ReadAction\",\"target\":[\"https:\\\/\\\/noaksark.org\\\/stockholm\\\/leva-med-hiv\\\/grupper\\\/unghiv\\\/\"]}]},{\"@type\":\"BreadcrumbList\",\"@id\":\"https:\\\/\\\/noaksark.org\\\/stockholm\\\/leva-med-hiv\\\/grupper\\\/unghiv\\\/#breadcrumb\",\"itemListElement\":[{\"@type\":\"ListItem\",\"position\":1,\"name\":\"Home\",\"item\":\"https:\\\/\\\/noaksark.org\\\/stockholm\\\/\"},{\"@type\":\"ListItem\",\"position\":2,\"name\":\"Leva med hiv\",\"item\":\"https:\\\/\\\/noaksark.org\\\/stockholm\\\/leva-med-hiv\\\/\"},{\"@type\":\"ListItem\",\"position\":3,\"name\":\"Grupper\",\"item\":\"https:\\\/\\\/noaksark.org\\\/stockholm\\\/leva-med-hiv\\\/grupper\\\/\"},{\"@type\":\"ListItem\",\"position\":4,\"name\":\"Unghiv\"}]},{\"@type\":\"WebSite\",\"@id\":\"https:\\\/\\\/noaksark.org\\\/stockholm\\\/#website\",\"url\":\"https:\\\/\\\/noaksark.org\\\/stockholm\\\/\",\"name\":\"Noaks Ark Stockholm\",\"description\":\"\",\"publisher\":{\"@id\":\"https:\\\/\\\/noaksark.org\\\/stockholm\\\/#organization\"},\"potentialAction\":[{\"@type\":\"SearchAction\",\"target\":{\"@type\":\"EntryPoint\",\"urlTemplate\":\"https:\\\/\\\/noaksark.org\\\/stockholm\\\/?s={search_term_string}\"},\"query-input\":{\"@type\":\"PropertyValueSpecification\",\"valueRequired\":true,\"valueName\":\"search_term_string\"}}],\"inLanguage\":\"sv-SE\"},{\"@type\":\"Organization\",\"@id\":\"https:\\\/\\\/noaksark.org\\\/stockholm\\\/#organization\",\"name\":\"Noaks Ark Stockholm\",\"url\":\"https:\\\/\\\/noaksark.org\\\/stockholm\\\/\",\"logo\":{\"@type\":\"ImageObject\",\"inLanguage\":\"sv-SE\",\"@id\":\"https:\\\/\\\/noaksark.org\\\/stockholm\\\/#\\\/schema\\\/logo\\\/image\\\/\",\"url\":\"https:\\\/\\\/noaksark.org\\\/stockholm\\\/wp-content\\\/uploads\\\/sites\\\/2\\\/2022\\\/08\\\/noaks-ark-nyheter-vad-betyder-noaks-ark-for-dig.jpg\",\"contentUrl\":\"https:\\\/\\\/noaksark.org\\\/stockholm\\\/wp-content\\\/uploads\\\/sites\\\/2\\\/2022\\\/08\\\/noaks-ark-nyheter-vad-betyder-noaks-ark-for-dig.jpg\",\"width\":1000,\"height\":1000,\"caption\":\"Noaks Ark Stockholm\"},\"image\":{\"@id\":\"https:\\\/\\\/noaksark.org\\\/stockholm\\\/#\\\/schema\\\/logo\\\/image\\\/\"},\"sameAs\":[\"https:\\\/\\\/www.facebook.com\\\/noaksarkstockholm\",\"https:\\\/\\\/www.instagram.com\\\/noaksarkstockholm\\\/\",\"https:\\\/\\\/se.linkedin.com\\\/company\\\/noaks-ark-stockholm\"]}]}<\/script>\n<!-- \/ Yoast SEO Premium plugin. -->","yoast_head_json":{"title":"Noaks Ark Stockholm","robots":{"index":"index","follow":"follow","max-snippet":"max-snippet:-1","max-image-preview":"max-image-preview:large","max-video-preview":"max-video-preview:-1"},"canonical":"https:\/\/noaksark.org\/stockholm\/leva-med-hiv\/grupper\/unghiv\/","og_locale":"sv_SE","og_type":"article","og_title":"Unghiv","og_description":"\u00c4r du mellan 18 och 30 \u00e5r och lever med hiv? Unghiv \u00e4r en grupp f\u00f6r personer mellan 18 och 30 \u00e5r som lever med hiv.&nbsp; I gruppen hittar vi p\u00e5 roliga aktiviteter tillsammans samt...","og_url":"https:\/\/noaksark.org\/stockholm\/leva-med-hiv\/grupper\/unghiv\/","og_site_name":"Noaks Ark Stockholm","article_publisher":"https:\/\/www.facebook.com\/noaksarkstockholm","article_modified_time":"2025-10-28T15:38:09+00:00","twitter_card":"summary_large_image","twitter_misc":{"Ber\u00e4knad l\u00e4stid":"1 minut"},"schema":{"@context":"https:\/\/schema.org","@graph":[{"@type":"WebPage","@id":"https:\/\/noaksark.org\/stockholm\/leva-med-hiv\/grupper\/unghiv\/","url":"https:\/\/noaksark.org\/stockholm\/leva-med-hiv\/grupper\/unghiv\/","name":"","isPartOf":{"@id":"https:\/\/noaksark.org\/stockholm\/#website"},"datePublished":"2025-10-24T09:54:00+00:00","dateModified":"2025-10-28T15:38:09+00:00","breadcrumb":{"@id":"https:\/\/noaksark.org\/stockholm\/leva-med-hiv\/grupper\/unghiv\/#breadcrumb"},"inLanguage":"sv-SE","potentialAction":[{"@type":"ReadAction","target":["https:\/\/noaksark.org\/stockholm\/leva-med-hiv\/grupper\/unghiv\/"]}]},{"@type":"BreadcrumbList","@id":"https:\/\/noaksark.org\/stockholm\/leva-med-hiv\/grupper\/unghiv\/#breadcrumb","itemListElement":[{"@type":"ListItem","position":1,"name":"Home","item":"https:\/\/noaksark.org\/stockholm\/"},{"@type":"ListItem","position":2,"name":"Leva med hiv","item":"https:\/\/noaksark.org\/stockholm\/leva-med-hiv\/"},{"@type":"ListItem","position":3,"name":"Grupper","item":"https:\/\/noaksark.org\/stockholm\/leva-med-hiv\/grupper\/"},{"@type":"ListItem","position":4,"name":"Unghiv"}]},{"@type":"WebSite","@id":"https:\/\/noaksark.org\/stockholm\/#website","url":"https:\/\/noaksark.org\/stockholm\/","name":"Noaks Ark Stockholm","description":"","publisher":{"@id":"https:\/\/noaksark.org\/stockholm\/#organization"},"potentialAction":[{"@type":"SearchAction","target":{"@type":"EntryPoint","urlTemplate":"https:\/\/noaksark.org\/stockholm\/?s={search_term_string}"},"query-input":{"@type":"PropertyValueSpecification","valueRequired":true,"valueName":"search_term_string"}}],"inLanguage":"sv-SE"},{"@type":"Organization","@id":"https:\/\/noaksark.org\/stockholm\/#organization","name":"Noaks Ark Stockholm","url":"https:\/\/noaksark.org\/stockholm\/","logo":{"@type":"ImageObject","inLanguage":"sv-SE","@id":"https:\/\/noaksark.org\/stockholm\/#\/schema\/logo\/image\/","url":"https:\/\/noaksark.org\/stockholm\/wp-content\/uploads\/sites\/2\/2022\/08\/noaks-ark-nyheter-vad-betyder-noaks-ark-for-dig.jpg","contentUrl":"https:\/\/noaksark.org\/stockholm\/wp-content\/uploads\/sites\/2\/2022\/08\/noaks-ark-nyheter-vad-betyder-noaks-ark-for-dig.jpg","width":1000,"height":1000,"caption":"Noaks Ark Stockholm"},"image":{"@id":"https:\/\/noaksark.org\/stockholm\/#\/schema\/logo\/image\/"},"sameAs":["https:\/\/www.facebook.com\/noaksarkstockholm","https:\/\/www.instagram.com\/noaksarkstockholm\/","https:\/\/se.linkedin.com\/company\/noaks-ark-stockholm"]}]}},"_links":{"self":[{"href":"https:\/\/noaksark.org\/stockholm\/wp-json\/wp\/v2\/pages\/11974","targetHints":{"allow":["GET"]}}],"collection":[{"href":"https:\/\/noaksark.org\/stockholm\/wp-json\/wp\/v2\/pages"}],"about":[{"href":"https:\/\/noaksark.org\/stockholm\/wp-json\/wp\/v2\/types\/page"}],"author":[{"embeddable":true,"href":"https:\/\/noaksark.org\/stockholm\/wp-json\/wp\/v2\/users\/27"}],"replies":[{"embeddable":true,"href":"https:\/\/noaksark.org\/stockholm\/wp-json\/wp\/v2\/comments?post=11974"}],"version-history":[{"count":4,"href":"https:\/\/noaksark.org\/stockholm\/wp-json\/wp\/v2\/pages\/11974\/revisions"}],"predecessor-version":[{"id":12072,"href":"https:\/\/noaksark.org\/stockholm\/wp-json\/wp\/v2\/pages\/11974\/revisions\/12072"}],"up":[{"embeddable":true,"href":"https:\/\/noaksark.org\/stockholm\/wp-json\/wp\/v2\/pages\/55"}],"wp:attachment":[{"href":"https:\/\/noaksark.org\/stockholm\/wp-json\/wp\/v2\/media?parent=11974"}],"curies":[{"name":"wp","href":"https:\/\/api.w.org\/{rel}","templated":true}]}}