{"id":11960,"date":"2025-10-24T11:20:18","date_gmt":"2025-10-24T09:20:18","guid":{"rendered":"https:\/\/noaksark.org\/stockholm\/?page_id=11960"},"modified":"2025-10-27T13:59:29","modified_gmt":"2025-10-27T12:59:29","slug":"tematorsdag","status":"publish","type":"page","link":"https:\/\/noaksark.org\/stockholm\/leva-med-hiv\/aktiviteter\/tematorsdag\/","title":{"rendered":"Tematorsdag"},"content":{"rendered":"\n<p>En torsdag varje m\u00e5nad bjuder vi in till en tr\u00e4ff med ett specifikt tema. Vi startar 18:00 och \u00e4ter alltid middag tillsammans. Under kv\u00e4llarna samtalar vi alltid i grupp kring kv\u00e4llens tema. Vissa tillf\u00e4llen lyssnar vi till inbjudna f\u00f6rel\u00e4sare och andra deltar vi i en social aktivitet. Allt f\u00f6r att st\u00e4rka kunskap och gemenskap f\u00f6r oss som lever med hiv. Exempel p\u00e5 tidigare teman: ensamhet, stress, stigma och h\u00e4lsa.<\/p>\n\n\n\n<p>Tematorsdag leds av v\u00e5ra utbildade peer-samtalsledare med l\u00e5ng erfarenhet av att leda grupper f\u00f6r personer som lever med hiv. P\u00e5 engelska och svenska. Alla tr\u00e4ffar \u00e4r kostnadsfria.<\/p>\n\n\n\n<h2 class=\"wp-block-heading mb-3\" id=\"h-kommande-aktiviteter\">Kommande aktiviteter<\/h2>\n\n\n                <a href=\"https:\/\/noaksark.org\/stockholm\/kalender\/tematorsdag-workshop-om-hiv-sex-och-relationer-i-samarbete-med-posithiva-gruppen\/\" \n                   aria-label=\"H\u00e4ndelse, Tematorsdag: workshop om hiv, sex och relationer i samarbete med Posithiva gruppen, \n                   2026-06-04, 18:00\">\n                    <div class=\"post-list-item\">\n                        <div class=\"row\">\n                            <div class=\"col-12 col-lg-3 mb-2\">\n                                <div class=\"post-list-image-wrapper\">\n                                    <img loading=\"lazy\" decoding=\"async\" width=\"1000\" height=\"666\" src=\"https:\/\/noaksark.org\/stockholm\/wp-content\/uploads\/sites\/2\/2026\/03\/Tema-torsdag-workshop-sex-relationer-2026.png\" class=\"post-list-image wp-post-image\" alt=\"\" srcset=\"https:\/\/noaksark.org\/stockholm\/wp-content\/uploads\/sites\/2\/2026\/03\/Tema-torsdag-workshop-sex-relationer-2026.png 1000w, https:\/\/noaksark.org\/stockholm\/wp-content\/uploads\/sites\/2\/2026\/03\/Tema-torsdag-workshop-sex-relationer-2026-300x200.png 300w, https:\/\/noaksark.org\/stockholm\/wp-content\/uploads\/sites\/2\/2026\/03\/Tema-torsdag-workshop-sex-relationer-2026-768x511.png 768w, https:\/\/noaksark.org\/stockholm\/wp-content\/uploads\/sites\/2\/2026\/03\/Tema-torsdag-workshop-sex-relationer-2026-150x100.png 150w\" sizes=\"auto, (max-width: 1000px) 100vw, 1000px\" \/>                                <\/div>\n                            <\/div>\n                            <div class=\"col-12 col-lg-9\">\n                                <h5>Tematorsdag: workshop om hiv, sex och relationer i samarbete med Posithiva gruppen<\/h5>\n                                <div class=\"meta text-secondary\">\n                                    <h6 class=\"mb-1\">\n                                        <i class=\"fa-light fa-calendar-days\"><\/i>\n                                        2026-06-04                                        , 18:00\n                                                                            <\/h6>\n                                <\/div>\n                                                                Under denna workshop m\u00f6ter ni&nbsp;Alexandra Arrh\u00e9n, legitimerad sjuksk\u00f6terska som sj\u00e4lv lever med hiv.&nbsp; Workshopen tar upp relationer, dejting, familj, v\u00e5rd och h\u00e4lsa. Med aktuell kunskap om hiv och fokus p\u00e5 erfarenhetsutbyte, reflektion och gemenskap skapar&#8230;                            <\/div>\n                        <\/div>\n                    <\/div>\n                <\/a>\n                \n\n\n<p>F\u00f6r mer information och fr\u00e5gor kontakta\u00a0teamledare f\u00f6r St\u00f6dverksamheten.<\/p>\n\n\n<div class=\"contact-cards\"><div class=\"row\">\n        <div class=\"col-12 mb-4 d-flex\">\n            <div class=\"contact-item contact-width-50\">\n                <div class=\"contact-content p-4 pe-7\">\n                    <h5>Emma Olsson<\/h5>\n                    <h6>Teamledare St\u00f6dverksamheten Socionom &#8211; Sociolog<\/h6>\n                      \n                        <a href=\"tel:087004601\"><p><i class=\"fa-regular fa-mobile\"><\/i>08\u2013700 46 01<\/p><\/a>\n                                          \n                        <a href=\"mailto:\"><i class=\"fal fa-envelope\"><\/i>Send email<\/a>\n                                          \n                        <p><i class=\"fal fa-globe-europe\" style=\"color: #E30064\"><\/i> Svenska, English<\/p>\n                                        <div class=\"contact-image-wrapper\">\n                        <div class=\"contact-image\" style=\"background-image: url('https:\/\/noaksark.org\/stockholm\/wp-content\/uploads\/sites\/2\/2022\/11\/D868786-liten-683x1024.jpg');\"><\/div>     \n                    <\/div> \n                <\/div>           \n            <\/div>\n        <\/div> \n        <\/div><\/div>","protected":false},"excerpt":{"rendered":"<p>En torsdag varje m\u00e5nad bjuder vi in till en tr\u00e4ff med ett specifikt tema. Vi startar 18:00 och \u00e4ter alltid middag tillsammans. Under kv\u00e4llarna samtalar vi alltid i grupp kring kv\u00e4llens tema. Vissa tillf\u00e4llen lyssnar&#8230;<\/p>\n","protected":false},"author":27,"featured_media":0,"parent":7539,"menu_order":4,"comment_status":"closed","ping_status":"closed","template":"_template-living-with-hiv.php","meta":{"_acf_changed":false,"footnotes":""},"class_list":["post-11960","page","type-page","status-publish","hentry"],"acf":[],"yoast_head":"<!-- This site is optimized with the Yoast SEO Premium plugin v27.4 (Yoast SEO v27.5) - https:\/\/yoast.com\/product\/yoast-seo-premium-wordpress\/ -->\n<title>Noaks Ark Stockholm<\/title>\n<meta name=\"robots\" content=\"index, follow, max-snippet:-1, max-image-preview:large, max-video-preview:-1\" \/>\n<link rel=\"canonical\" href=\"https:\/\/noaksark.org\/stockholm\/leva-med-hiv\/aktiviteter\/tematorsdag\/\" \/>\n<meta property=\"og:locale\" content=\"sv_SE\" \/>\n<meta property=\"og:type\" content=\"article\" \/>\n<meta property=\"og:title\" content=\"Tematorsdag\" \/>\n<meta property=\"og:description\" content=\"En torsdag varje m\u00e5nad bjuder vi in till en tr\u00e4ff med ett specifikt tema. Vi startar 18:00 och \u00e4ter alltid middag tillsammans. Under kv\u00e4llarna samtalar vi alltid i grupp kring kv\u00e4llens tema. Vissa tillf\u00e4llen lyssnar...\" \/>\n<meta property=\"og:url\" content=\"https:\/\/noaksark.org\/stockholm\/leva-med-hiv\/aktiviteter\/tematorsdag\/\" \/>\n<meta property=\"og:site_name\" content=\"Noaks Ark Stockholm\" \/>\n<meta property=\"article:publisher\" content=\"https:\/\/www.facebook.com\/noaksarkstockholm\" \/>\n<meta property=\"article:modified_time\" content=\"2025-10-27T12:59:29+00:00\" \/>\n<meta name=\"twitter:card\" content=\"summary_large_image\" \/>\n<meta name=\"twitter:label1\" content=\"Ber\u00e4knad l\u00e4stid\" \/>\n\t<meta name=\"twitter:data1\" content=\"1 minut\" \/>\n<script type=\"application\/ld+json\" class=\"yoast-schema-graph\">{\"@context\":\"https:\\\/\\\/schema.org\",\"@graph\":[{\"@type\":\"WebPage\",\"@id\":\"https:\\\/\\\/noaksark.org\\\/stockholm\\\/leva-med-hiv\\\/aktiviteter\\\/tematorsdag\\\/\",\"url\":\"https:\\\/\\\/noaksark.org\\\/stockholm\\\/leva-med-hiv\\\/aktiviteter\\\/tematorsdag\\\/\",\"name\":\"\",\"isPartOf\":{\"@id\":\"https:\\\/\\\/noaksark.org\\\/stockholm\\\/#website\"},\"datePublished\":\"2025-10-24T09:20:18+00:00\",\"dateModified\":\"2025-10-27T12:59:29+00:00\",\"breadcrumb\":{\"@id\":\"https:\\\/\\\/noaksark.org\\\/stockholm\\\/leva-med-hiv\\\/aktiviteter\\\/tematorsdag\\\/#breadcrumb\"},\"inLanguage\":\"sv-SE\",\"potentialAction\":[{\"@type\":\"ReadAction\",\"target\":[\"https:\\\/\\\/noaksark.org\\\/stockholm\\\/leva-med-hiv\\\/aktiviteter\\\/tematorsdag\\\/\"]}]},{\"@type\":\"BreadcrumbList\",\"@id\":\"https:\\\/\\\/noaksark.org\\\/stockholm\\\/leva-med-hiv\\\/aktiviteter\\\/tematorsdag\\\/#breadcrumb\",\"itemListElement\":[{\"@type\":\"ListItem\",\"position\":1,\"name\":\"Home\",\"item\":\"https:\\\/\\\/noaksark.org\\\/stockholm\\\/\"},{\"@type\":\"ListItem\",\"position\":2,\"name\":\"Leva med hiv\",\"item\":\"https:\\\/\\\/noaksark.org\\\/stockholm\\\/leva-med-hiv\\\/\"},{\"@type\":\"ListItem\",\"position\":3,\"name\":\"Aktiviteter\",\"item\":\"https:\\\/\\\/noaksark.org\\\/stockholm\\\/leva-med-hiv\\\/aktiviteter\\\/\"},{\"@type\":\"ListItem\",\"position\":4,\"name\":\"Tematorsdag\"}]},{\"@type\":\"WebSite\",\"@id\":\"https:\\\/\\\/noaksark.org\\\/stockholm\\\/#website\",\"url\":\"https:\\\/\\\/noaksark.org\\\/stockholm\\\/\",\"name\":\"Noaks Ark Stockholm\",\"description\":\"\",\"publisher\":{\"@id\":\"https:\\\/\\\/noaksark.org\\\/stockholm\\\/#organization\"},\"potentialAction\":[{\"@type\":\"SearchAction\",\"target\":{\"@type\":\"EntryPoint\",\"urlTemplate\":\"https:\\\/\\\/noaksark.org\\\/stockholm\\\/?s={search_term_string}\"},\"query-input\":{\"@type\":\"PropertyValueSpecification\",\"valueRequired\":true,\"valueName\":\"search_term_string\"}}],\"inLanguage\":\"sv-SE\"},{\"@type\":\"Organization\",\"@id\":\"https:\\\/\\\/noaksark.org\\\/stockholm\\\/#organization\",\"name\":\"Noaks Ark Stockholm\",\"url\":\"https:\\\/\\\/noaksark.org\\\/stockholm\\\/\",\"logo\":{\"@type\":\"ImageObject\",\"inLanguage\":\"sv-SE\",\"@id\":\"https:\\\/\\\/noaksark.org\\\/stockholm\\\/#\\\/schema\\\/logo\\\/image\\\/\",\"url\":\"https:\\\/\\\/noaksark.org\\\/stockholm\\\/wp-content\\\/uploads\\\/sites\\\/2\\\/2022\\\/08\\\/noaks-ark-nyheter-vad-betyder-noaks-ark-for-dig.jpg\",\"contentUrl\":\"https:\\\/\\\/noaksark.org\\\/stockholm\\\/wp-content\\\/uploads\\\/sites\\\/2\\\/2022\\\/08\\\/noaks-ark-nyheter-vad-betyder-noaks-ark-for-dig.jpg\",\"width\":1000,\"height\":1000,\"caption\":\"Noaks Ark Stockholm\"},\"image\":{\"@id\":\"https:\\\/\\\/noaksark.org\\\/stockholm\\\/#\\\/schema\\\/logo\\\/image\\\/\"},\"sameAs\":[\"https:\\\/\\\/www.facebook.com\\\/noaksarkstockholm\",\"https:\\\/\\\/www.instagram.com\\\/noaksarkstockholm\\\/\",\"https:\\\/\\\/se.linkedin.com\\\/company\\\/noaks-ark-stockholm\"]}]}<\/script>\n<!-- \/ Yoast SEO Premium plugin. -->","yoast_head_json":{"title":"Noaks Ark Stockholm","robots":{"index":"index","follow":"follow","max-snippet":"max-snippet:-1","max-image-preview":"max-image-preview:large","max-video-preview":"max-video-preview:-1"},"canonical":"https:\/\/noaksark.org\/stockholm\/leva-med-hiv\/aktiviteter\/tematorsdag\/","og_locale":"sv_SE","og_type":"article","og_title":"Tematorsdag","og_description":"En torsdag varje m\u00e5nad bjuder vi in till en tr\u00e4ff med ett specifikt tema. Vi startar 18:00 och \u00e4ter alltid middag tillsammans. Under kv\u00e4llarna samtalar vi alltid i grupp kring kv\u00e4llens tema. Vissa tillf\u00e4llen lyssnar...","og_url":"https:\/\/noaksark.org\/stockholm\/leva-med-hiv\/aktiviteter\/tematorsdag\/","og_site_name":"Noaks Ark Stockholm","article_publisher":"https:\/\/www.facebook.com\/noaksarkstockholm","article_modified_time":"2025-10-27T12:59:29+00:00","twitter_card":"summary_large_image","twitter_misc":{"Ber\u00e4knad l\u00e4stid":"1 minut"},"schema":{"@context":"https:\/\/schema.org","@graph":[{"@type":"WebPage","@id":"https:\/\/noaksark.org\/stockholm\/leva-med-hiv\/aktiviteter\/tematorsdag\/","url":"https:\/\/noaksark.org\/stockholm\/leva-med-hiv\/aktiviteter\/tematorsdag\/","name":"","isPartOf":{"@id":"https:\/\/noaksark.org\/stockholm\/#website"},"datePublished":"2025-10-24T09:20:18+00:00","dateModified":"2025-10-27T12:59:29+00:00","breadcrumb":{"@id":"https:\/\/noaksark.org\/stockholm\/leva-med-hiv\/aktiviteter\/tematorsdag\/#breadcrumb"},"inLanguage":"sv-SE","potentialAction":[{"@type":"ReadAction","target":["https:\/\/noaksark.org\/stockholm\/leva-med-hiv\/aktiviteter\/tematorsdag\/"]}]},{"@type":"BreadcrumbList","@id":"https:\/\/noaksark.org\/stockholm\/leva-med-hiv\/aktiviteter\/tematorsdag\/#breadcrumb","itemListElement":[{"@type":"ListItem","position":1,"name":"Home","item":"https:\/\/noaksark.org\/stockholm\/"},{"@type":"ListItem","position":2,"name":"Leva med hiv","item":"https:\/\/noaksark.org\/stockholm\/leva-med-hiv\/"},{"@type":"ListItem","position":3,"name":"Aktiviteter","item":"https:\/\/noaksark.org\/stockholm\/leva-med-hiv\/aktiviteter\/"},{"@type":"ListItem","position":4,"name":"Tematorsdag"}]},{"@type":"WebSite","@id":"https:\/\/noaksark.org\/stockholm\/#website","url":"https:\/\/noaksark.org\/stockholm\/","name":"Noaks Ark Stockholm","description":"","publisher":{"@id":"https:\/\/noaksark.org\/stockholm\/#organization"},"potentialAction":[{"@type":"SearchAction","target":{"@type":"EntryPoint","urlTemplate":"https:\/\/noaksark.org\/stockholm\/?s={search_term_string}"},"query-input":{"@type":"PropertyValueSpecification","valueRequired":true,"valueName":"search_term_string"}}],"inLanguage":"sv-SE"},{"@type":"Organization","@id":"https:\/\/noaksark.org\/stockholm\/#organization","name":"Noaks Ark Stockholm","url":"https:\/\/noaksark.org\/stockholm\/","logo":{"@type":"ImageObject","inLanguage":"sv-SE","@id":"https:\/\/noaksark.org\/stockholm\/#\/schema\/logo\/image\/","url":"https:\/\/noaksark.org\/stockholm\/wp-content\/uploads\/sites\/2\/2022\/08\/noaks-ark-nyheter-vad-betyder-noaks-ark-for-dig.jpg","contentUrl":"https:\/\/noaksark.org\/stockholm\/wp-content\/uploads\/sites\/2\/2022\/08\/noaks-ark-nyheter-vad-betyder-noaks-ark-for-dig.jpg","width":1000,"height":1000,"caption":"Noaks Ark Stockholm"},"image":{"@id":"https:\/\/noaksark.org\/stockholm\/#\/schema\/logo\/image\/"},"sameAs":["https:\/\/www.facebook.com\/noaksarkstockholm","https:\/\/www.instagram.com\/noaksarkstockholm\/","https:\/\/se.linkedin.com\/company\/noaks-ark-stockholm"]}]}},"_links":{"self":[{"href":"https:\/\/noaksark.org\/stockholm\/wp-json\/wp\/v2\/pages\/11960","targetHints":{"allow":["GET"]}}],"collection":[{"href":"https:\/\/noaksark.org\/stockholm\/wp-json\/wp\/v2\/pages"}],"about":[{"href":"https:\/\/noaksark.org\/stockholm\/wp-json\/wp\/v2\/types\/page"}],"author":[{"embeddable":true,"href":"https:\/\/noaksark.org\/stockholm\/wp-json\/wp\/v2\/users\/27"}],"replies":[{"embeddable":true,"href":"https:\/\/noaksark.org\/stockholm\/wp-json\/wp\/v2\/comments?post=11960"}],"version-history":[{"count":8,"href":"https:\/\/noaksark.org\/stockholm\/wp-json\/wp\/v2\/pages\/11960\/revisions"}],"predecessor-version":[{"id":12038,"href":"https:\/\/noaksark.org\/stockholm\/wp-json\/wp\/v2\/pages\/11960\/revisions\/12038"}],"up":[{"embeddable":true,"href":"https:\/\/noaksark.org\/stockholm\/wp-json\/wp\/v2\/pages\/7539"}],"wp:attachment":[{"href":"https:\/\/noaksark.org\/stockholm\/wp-json\/wp\/v2\/media?parent=11960"}],"curies":[{"name":"wp","href":"https:\/\/api.w.org\/{rel}","templated":true}]}}