{"id":11954,"date":"2025-10-24T11:14:45","date_gmt":"2025-10-24T09:14:45","guid":{"rendered":"https:\/\/noaksark.org\/stockholm\/?page_id=11954"},"modified":"2025-10-27T13:16:55","modified_gmt":"2025-10-27T12:16:55","slug":"kropp-och-sjal","status":"publish","type":"page","link":"https:\/\/noaksark.org\/stockholm\/leva-med-hiv\/aktiviteter\/kropp-och-sjal\/","title":{"rendered":"Kropp och sj\u00e4l"},"content":{"rendered":"\n<p>Kropp och sj\u00e4l-helger \u00e4r Noaks Arks namn f\u00f6r patientl\u00e4ger som organisationen erbjudit \u00e5rligen sedan mitten av 80-talet. Genom f\u00f6rel\u00e4sningar, workshops, erfarenhetsutbyte och reflektion arbetar man med ett tema \u00f6ver en dag eller \u00f6ver en helg. Ibland har vi aktiviteter som \u00e4r \u00f6ppna f\u00f6r alla som lever med hiv, och ibland utifr\u00e5n olika m\u00e5lgrupper s\u00e5som n\u00e4rst\u00e5ende, ny med diagnos, migrant.<\/p>\n\n\n\n<p>Det \u00f6vergripande syftet \u00e4r att bidra till \u00f6kad livskvalitet och minskat stigma genom att f\u00e5 fylla p\u00e5 med kunskap och bygga gemenskap i en rogivande och trygg milj\u00f6.<\/p>\n\n\n\n<h2 class=\"wp-block-heading mb-3\" id=\"h-kommande-aktiviteter\">Kommande aktiviteter<\/h2>\n\n\n        <div class=\"mb-4\"><i>Inga inplanerade aktiviteter just nu, kolla g\u00e4rna senare. \n            <a href=\"https:\/\/noaksark.org\/stockholm\/kalender\/\">H\u00e4r kan du se v\u00e5ra andra aktiviteter.<\/a><\/i>\n        <\/div>\n        \n\n\n<p>\u00c4r du intresserad av fler aktiviteter som handlar om h\u00e4lsa, se g\u00e4rna H\u00e4lsosp\u00e5ret.\u200b<\/p>\n\n\n\n<p><\/p>\n","protected":false},"excerpt":{"rendered":"<p>Kropp och sj\u00e4l-helger \u00e4r Noaks Arks namn f\u00f6r patientl\u00e4ger som organisationen erbjudit \u00e5rligen sedan mitten av 80-talet. Genom f\u00f6rel\u00e4sningar, workshops, erfarenhetsutbyte och reflektion arbetar man med ett tema \u00f6ver en dag eller \u00f6ver en helg&#8230;.<\/p>\n","protected":false},"author":27,"featured_media":0,"parent":7539,"menu_order":2,"comment_status":"closed","ping_status":"closed","template":"_template-living-with-hiv.php","meta":{"_acf_changed":false,"footnotes":""},"class_list":["post-11954","page","type-page","status-publish","hentry"],"acf":[],"yoast_head":"<!-- This site is optimized with the Yoast SEO Premium plugin v27.4 (Yoast SEO v27.5) - https:\/\/yoast.com\/product\/yoast-seo-premium-wordpress\/ -->\n<title>Noaks Ark Stockholm<\/title>\n<meta name=\"robots\" content=\"index, follow, max-snippet:-1, max-image-preview:large, max-video-preview:-1\" \/>\n<link rel=\"canonical\" href=\"https:\/\/noaksark.org\/stockholm\/leva-med-hiv\/aktiviteter\/kropp-och-sjal\/\" \/>\n<meta property=\"og:locale\" content=\"sv_SE\" \/>\n<meta property=\"og:type\" content=\"article\" \/>\n<meta property=\"og:title\" content=\"Kropp och sj\u00e4l\" \/>\n<meta property=\"og:description\" content=\"Kropp och sj\u00e4l-helger \u00e4r Noaks Arks namn f\u00f6r patientl\u00e4ger som organisationen erbjudit \u00e5rligen sedan mitten av 80-talet. Genom f\u00f6rel\u00e4sningar, workshops, erfarenhetsutbyte och reflektion arbetar man med ett tema \u00f6ver en dag eller \u00f6ver en helg....\" \/>\n<meta property=\"og:url\" content=\"https:\/\/noaksark.org\/stockholm\/leva-med-hiv\/aktiviteter\/kropp-och-sjal\/\" \/>\n<meta property=\"og:site_name\" content=\"Noaks Ark Stockholm\" \/>\n<meta property=\"article:publisher\" content=\"https:\/\/www.facebook.com\/noaksarkstockholm\" \/>\n<meta property=\"article:modified_time\" content=\"2025-10-27T12:16:55+00:00\" \/>\n<meta name=\"twitter:card\" content=\"summary_large_image\" \/>\n<meta name=\"twitter:label1\" content=\"Ber\u00e4knad l\u00e4stid\" \/>\n\t<meta name=\"twitter:data1\" content=\"1 minut\" \/>\n<script type=\"application\/ld+json\" class=\"yoast-schema-graph\">{\"@context\":\"https:\\\/\\\/schema.org\",\"@graph\":[{\"@type\":\"WebPage\",\"@id\":\"https:\\\/\\\/noaksark.org\\\/stockholm\\\/leva-med-hiv\\\/aktiviteter\\\/kropp-och-sjal\\\/\",\"url\":\"https:\\\/\\\/noaksark.org\\\/stockholm\\\/leva-med-hiv\\\/aktiviteter\\\/kropp-och-sjal\\\/\",\"name\":\"\",\"isPartOf\":{\"@id\":\"https:\\\/\\\/noaksark.org\\\/stockholm\\\/#website\"},\"datePublished\":\"2025-10-24T09:14:45+00:00\",\"dateModified\":\"2025-10-27T12:16:55+00:00\",\"breadcrumb\":{\"@id\":\"https:\\\/\\\/noaksark.org\\\/stockholm\\\/leva-med-hiv\\\/aktiviteter\\\/kropp-och-sjal\\\/#breadcrumb\"},\"inLanguage\":\"sv-SE\",\"potentialAction\":[{\"@type\":\"ReadAction\",\"target\":[\"https:\\\/\\\/noaksark.org\\\/stockholm\\\/leva-med-hiv\\\/aktiviteter\\\/kropp-och-sjal\\\/\"]}]},{\"@type\":\"BreadcrumbList\",\"@id\":\"https:\\\/\\\/noaksark.org\\\/stockholm\\\/leva-med-hiv\\\/aktiviteter\\\/kropp-och-sjal\\\/#breadcrumb\",\"itemListElement\":[{\"@type\":\"ListItem\",\"position\":1,\"name\":\"Home\",\"item\":\"https:\\\/\\\/noaksark.org\\\/stockholm\\\/\"},{\"@type\":\"ListItem\",\"position\":2,\"name\":\"Leva med hiv\",\"item\":\"https:\\\/\\\/noaksark.org\\\/stockholm\\\/leva-med-hiv\\\/\"},{\"@type\":\"ListItem\",\"position\":3,\"name\":\"Aktiviteter\",\"item\":\"https:\\\/\\\/noaksark.org\\\/stockholm\\\/leva-med-hiv\\\/aktiviteter\\\/\"},{\"@type\":\"ListItem\",\"position\":4,\"name\":\"Kropp och sj\u00e4l\"}]},{\"@type\":\"WebSite\",\"@id\":\"https:\\\/\\\/noaksark.org\\\/stockholm\\\/#website\",\"url\":\"https:\\\/\\\/noaksark.org\\\/stockholm\\\/\",\"name\":\"Noaks Ark Stockholm\",\"description\":\"\",\"publisher\":{\"@id\":\"https:\\\/\\\/noaksark.org\\\/stockholm\\\/#organization\"},\"potentialAction\":[{\"@type\":\"SearchAction\",\"target\":{\"@type\":\"EntryPoint\",\"urlTemplate\":\"https:\\\/\\\/noaksark.org\\\/stockholm\\\/?s={search_term_string}\"},\"query-input\":{\"@type\":\"PropertyValueSpecification\",\"valueRequired\":true,\"valueName\":\"search_term_string\"}}],\"inLanguage\":\"sv-SE\"},{\"@type\":\"Organization\",\"@id\":\"https:\\\/\\\/noaksark.org\\\/stockholm\\\/#organization\",\"name\":\"Noaks Ark Stockholm\",\"url\":\"https:\\\/\\\/noaksark.org\\\/stockholm\\\/\",\"logo\":{\"@type\":\"ImageObject\",\"inLanguage\":\"sv-SE\",\"@id\":\"https:\\\/\\\/noaksark.org\\\/stockholm\\\/#\\\/schema\\\/logo\\\/image\\\/\",\"url\":\"https:\\\/\\\/noaksark.org\\\/stockholm\\\/wp-content\\\/uploads\\\/sites\\\/2\\\/2022\\\/08\\\/noaks-ark-nyheter-vad-betyder-noaks-ark-for-dig.jpg\",\"contentUrl\":\"https:\\\/\\\/noaksark.org\\\/stockholm\\\/wp-content\\\/uploads\\\/sites\\\/2\\\/2022\\\/08\\\/noaks-ark-nyheter-vad-betyder-noaks-ark-for-dig.jpg\",\"width\":1000,\"height\":1000,\"caption\":\"Noaks Ark Stockholm\"},\"image\":{\"@id\":\"https:\\\/\\\/noaksark.org\\\/stockholm\\\/#\\\/schema\\\/logo\\\/image\\\/\"},\"sameAs\":[\"https:\\\/\\\/www.facebook.com\\\/noaksarkstockholm\",\"https:\\\/\\\/www.instagram.com\\\/noaksarkstockholm\\\/\",\"https:\\\/\\\/se.linkedin.com\\\/company\\\/noaks-ark-stockholm\"]}]}<\/script>\n<!-- \/ Yoast SEO Premium plugin. -->","yoast_head_json":{"title":"Noaks Ark Stockholm","robots":{"index":"index","follow":"follow","max-snippet":"max-snippet:-1","max-image-preview":"max-image-preview:large","max-video-preview":"max-video-preview:-1"},"canonical":"https:\/\/noaksark.org\/stockholm\/leva-med-hiv\/aktiviteter\/kropp-och-sjal\/","og_locale":"sv_SE","og_type":"article","og_title":"Kropp och sj\u00e4l","og_description":"Kropp och sj\u00e4l-helger \u00e4r Noaks Arks namn f\u00f6r patientl\u00e4ger som organisationen erbjudit \u00e5rligen sedan mitten av 80-talet. Genom f\u00f6rel\u00e4sningar, workshops, erfarenhetsutbyte och reflektion arbetar man med ett tema \u00f6ver en dag eller \u00f6ver en helg....","og_url":"https:\/\/noaksark.org\/stockholm\/leva-med-hiv\/aktiviteter\/kropp-och-sjal\/","og_site_name":"Noaks Ark Stockholm","article_publisher":"https:\/\/www.facebook.com\/noaksarkstockholm","article_modified_time":"2025-10-27T12:16:55+00:00","twitter_card":"summary_large_image","twitter_misc":{"Ber\u00e4knad l\u00e4stid":"1 minut"},"schema":{"@context":"https:\/\/schema.org","@graph":[{"@type":"WebPage","@id":"https:\/\/noaksark.org\/stockholm\/leva-med-hiv\/aktiviteter\/kropp-och-sjal\/","url":"https:\/\/noaksark.org\/stockholm\/leva-med-hiv\/aktiviteter\/kropp-och-sjal\/","name":"","isPartOf":{"@id":"https:\/\/noaksark.org\/stockholm\/#website"},"datePublished":"2025-10-24T09:14:45+00:00","dateModified":"2025-10-27T12:16:55+00:00","breadcrumb":{"@id":"https:\/\/noaksark.org\/stockholm\/leva-med-hiv\/aktiviteter\/kropp-och-sjal\/#breadcrumb"},"inLanguage":"sv-SE","potentialAction":[{"@type":"ReadAction","target":["https:\/\/noaksark.org\/stockholm\/leva-med-hiv\/aktiviteter\/kropp-och-sjal\/"]}]},{"@type":"BreadcrumbList","@id":"https:\/\/noaksark.org\/stockholm\/leva-med-hiv\/aktiviteter\/kropp-och-sjal\/#breadcrumb","itemListElement":[{"@type":"ListItem","position":1,"name":"Home","item":"https:\/\/noaksark.org\/stockholm\/"},{"@type":"ListItem","position":2,"name":"Leva med hiv","item":"https:\/\/noaksark.org\/stockholm\/leva-med-hiv\/"},{"@type":"ListItem","position":3,"name":"Aktiviteter","item":"https:\/\/noaksark.org\/stockholm\/leva-med-hiv\/aktiviteter\/"},{"@type":"ListItem","position":4,"name":"Kropp och sj\u00e4l"}]},{"@type":"WebSite","@id":"https:\/\/noaksark.org\/stockholm\/#website","url":"https:\/\/noaksark.org\/stockholm\/","name":"Noaks Ark Stockholm","description":"","publisher":{"@id":"https:\/\/noaksark.org\/stockholm\/#organization"},"potentialAction":[{"@type":"SearchAction","target":{"@type":"EntryPoint","urlTemplate":"https:\/\/noaksark.org\/stockholm\/?s={search_term_string}"},"query-input":{"@type":"PropertyValueSpecification","valueRequired":true,"valueName":"search_term_string"}}],"inLanguage":"sv-SE"},{"@type":"Organization","@id":"https:\/\/noaksark.org\/stockholm\/#organization","name":"Noaks Ark Stockholm","url":"https:\/\/noaksark.org\/stockholm\/","logo":{"@type":"ImageObject","inLanguage":"sv-SE","@id":"https:\/\/noaksark.org\/stockholm\/#\/schema\/logo\/image\/","url":"https:\/\/noaksark.org\/stockholm\/wp-content\/uploads\/sites\/2\/2022\/08\/noaks-ark-nyheter-vad-betyder-noaks-ark-for-dig.jpg","contentUrl":"https:\/\/noaksark.org\/stockholm\/wp-content\/uploads\/sites\/2\/2022\/08\/noaks-ark-nyheter-vad-betyder-noaks-ark-for-dig.jpg","width":1000,"height":1000,"caption":"Noaks Ark Stockholm"},"image":{"@id":"https:\/\/noaksark.org\/stockholm\/#\/schema\/logo\/image\/"},"sameAs":["https:\/\/www.facebook.com\/noaksarkstockholm","https:\/\/www.instagram.com\/noaksarkstockholm\/","https:\/\/se.linkedin.com\/company\/noaks-ark-stockholm"]}]}},"_links":{"self":[{"href":"https:\/\/noaksark.org\/stockholm\/wp-json\/wp\/v2\/pages\/11954","targetHints":{"allow":["GET"]}}],"collection":[{"href":"https:\/\/noaksark.org\/stockholm\/wp-json\/wp\/v2\/pages"}],"about":[{"href":"https:\/\/noaksark.org\/stockholm\/wp-json\/wp\/v2\/types\/page"}],"author":[{"embeddable":true,"href":"https:\/\/noaksark.org\/stockholm\/wp-json\/wp\/v2\/users\/27"}],"replies":[{"embeddable":true,"href":"https:\/\/noaksark.org\/stockholm\/wp-json\/wp\/v2\/comments?post=11954"}],"version-history":[{"count":3,"href":"https:\/\/noaksark.org\/stockholm\/wp-json\/wp\/v2\/pages\/11954\/revisions"}],"predecessor-version":[{"id":12024,"href":"https:\/\/noaksark.org\/stockholm\/wp-json\/wp\/v2\/pages\/11954\/revisions\/12024"}],"up":[{"embeddable":true,"href":"https:\/\/noaksark.org\/stockholm\/wp-json\/wp\/v2\/pages\/7539"}],"wp:attachment":[{"href":"https:\/\/noaksark.org\/stockholm\/wp-json\/wp\/v2\/media?parent=11954"}],"curies":[{"name":"wp","href":"https:\/\/api.w.org\/{rel}","templated":true}]}}