{"id":11200,"date":"2024-12-10T14:33:25","date_gmt":"2024-12-10T13:33:25","guid":{"rendered":"https:\/\/noaksark.org\/stockholm\/?page_id=11200"},"modified":"2026-03-27T09:22:11","modified_gmt":"2026-03-27T08:22:11","slug":"styrelsen","status":"publish","type":"page","link":"https:\/\/noaksark.org\/stockholm\/om-oss\/styrelsen\/","title":{"rendered":"Styrelsen"},"content":{"rendered":"\n<p>Noaks Ark Stockholms styrelse v\u00e4ljs av f\u00f6reningens medlemmar p\u00e5 \u00e5rsm\u00f6tet. Styrelsen \u00e4r f\u00f6rtroendevalda personer som har ett \u00f6vergripande och strategiskt ansvar f\u00f6r f\u00f6reningen och dess verksamhet. Mer specifikt har de det yttersta ansvaret som arbetsgivare, f\u00f6r ekonomi och f\u00f6r arbetsmilj\u00f6. I regel utg\u00e5r inget arvode f\u00f6r f\u00f6rtroendeuppdraget. Styrelsens tid, engagemang och kompetens \u00e4r viktigt och ov\u00e4rderligt f\u00f6r organisationen. <\/p>\n\n\n\n<h2 class=\"wp-block-heading\" id=\"h-styrelsen-2026\">Styrelsen 2026<\/h2>\n\n\n\n<p>Efter \u00e5rsm\u00f6tet den 23 mars 2026 best\u00e5r styrelsen av f\u00f6ljande personer:<br>Torsten Lindstr\u00f6m, ordf\u00f6rande, mandatperiod 2026-2028 (<a href=\"mailto:torsten.lindstom@noaksark.org\">torsten.lindstom@noaksark.org<\/a>)<br>Kajsa Flisager, vice ordf\u00f6rande, mandatperiod 2025-2027<br>Bo Sundmark, ledamot, mandatperiod 2026-2028<br>Helena Edvinsson, ledamot, mandatperiod 2025-2027<br>Karolin Kral, ledamot, mandatperiod 2026-2028<\/p>\n\n\n\n<h3 class=\"wp-block-heading\" id=\"h-valberedningen-2026-2027\"><strong>Valberedningen 2026-2027<\/strong><\/h3>\n\n\n\n<p>Karin Ekefj\u00e4rd <br>Jovan Nikolic<br>Steve Sj\u00f6quist<\/p>\n\n\n\n<p>Valberedningen n\u00e5s p\u00e5 &nbsp;<a href=\"mailto:valberedningen.stockholm@noaksark.org\" target=\"_blank\" rel=\"noreferrer noopener\">valberedningen.stockholm@noaksark.org<\/a><\/p>\n\n\n\n<h3 class=\"wp-block-heading\" id=\"h-revisor-2026-2027\"><strong><strong>Revisor 2026-2027<\/strong><\/strong><\/h3>\n\n\n\n<p>Kerstin Hedberg, Finnhammars Revisionsbyr\u00e5<\/p>\n\n\n\n<h2 class=\"wp-block-heading\" id=\"h-nominera-till-noaks-ark-stockholms-fortroendevalda-2027-2028\">Nominera till Noaks Ark Stockholms f\u00f6rtroendevalda 2027-2028<\/h2>\n\n\n\n<p><em>Vill du vara med och g\u00f6ra skillnad f\u00f6r arbetet med hiv i Stockholm? Nu kan du kandidera eller nominera personer till styrelseledamot samt valberedning och f\u00f6reningsrevisor f\u00f6r Noaks Ark Stockholm inf\u00f6r \u00e5rsm\u00f6tet den 2027.<\/em> <\/p>\n\n\n\n<div class=\"testimonial-block\" style=\"background-color: ; color: \">\n    <\/div>\n\n\n\n\n<div class=\"testimonial-block\" style=\"background-color: ; color: \">\n    <div class=\"accordion\" id=\"accordion\">                <div class=\"accordion-item mt-1\">\n                    <div class=\"accordion-header\">\n                        <button class=\"accordion-button collapsed\" type=\"button\" data-bs-toggle=\"collapse\" data-bs-target=\"#collapse-0\" aria-expanded=\"true\" aria-controls=\"collapse-0\">\n                            <h6 class=\"mb-0\">Generellt om f\u00f6rtroendeuppdrag<\/h6>\n                        <\/button>\n                    <\/div>\n                    <div class=\"collapse\" id=\"collapse-0\"> \n                        <div class=\"accordion-body\">\n                            <p>Att ta p\u00e5 sig ett uppdrag som f\u00f6rtroendevald inneb\u00e4r tid och engagemang f\u00f6r f\u00f6reningens arbete. Styrelsen ansvarar f\u00f6r f\u00f6reningens strategiska utveckling och arbetsmilj\u00f6, och du f\u00f6rv\u00e4ntas delta i regelbundna styrelsem\u00f6ten (cirka 10 g\u00e5nger per \u00e5r) samt n\u00e5gra g\u00e5nger per \u00e5r delta i andra samverkans- och representationsaktiviteter. Styrelsen best\u00e5r av cirka 5 personer inkluderad ordf\u00f6rande.<\/p>\n<p>Styrelsen ansvarar f\u00f6r f\u00f6reningens strategiska arbete och \u00e4r ytterst ansvarig f\u00f6r f\u00f6reningens arbetsmilj\u00f6- och arbetsgivaransvar. Noaks Ark Stockholm \u00e4r en stabil, uppskattad och inflytelserik organisation och \u00e4r i behov av personer som kan st\u00f6tta i denna utveckling och bidra med kunskap och n\u00e4tverk inom exempelvis p\u00e5verkansfr\u00e5gor, forskning, eller strategiskt arbete. Organisationen har cirka 10 anst\u00e4llda, 15 timanst\u00e4llda och 40 volont\u00e4rer med en \u00e5rlig budget p\u00e5 ungef\u00e4r 10 miljoner.<\/p>\n<p>F\u00f6r att bli vald beh\u00f6ver man vara\/bli medlem i Noaks Ark Stockholm (medlemsavgiften \u00e4r 25 kr\/\u00e5r) och man f\u00e5r inte ha betalningsanm\u00e4rkningar hos Kronofogden.<\/p>\n<p>Uppdraget utf\u00f6rs i st\u00f6rsta m\u00e5n ideellt utan ers\u00e4ttning, ett halv prisbasbelopp finns att f\u00f6rfoga enligt valberedningens f\u00f6rslag f\u00f6r \u00e5rsm\u00f6tets beslut.\u00a0 Uppdragets l\u00e4ngd \u00e4r 2 \u00e5r.<\/p>\n                        <\/div>\n                    <\/div>\n                <\/div>\n                                <div class=\"accordion-item mt-1\">\n                    <div class=\"accordion-header\">\n                        <button class=\"accordion-button collapsed\" type=\"button\" data-bs-toggle=\"collapse\" data-bs-target=\"#collapse-1\" aria-expanded=\"true\" aria-controls=\"collapse-1\">\n                            <h6 class=\"mb-0\">Om uppdrag ordf\u00f6rande<\/h6>\n                        <\/button>\n                    <\/div>\n                    <div class=\"collapse\" id=\"collapse-1\"> \n                        <div class=\"accordion-body\">\n                            <p>Som ordf\u00f6rande \u00e4r du f\u00f6reningens yttersta representant och leder styrelsens arbete under \u00e5ret.<\/p>\n<h3><strong>Arbetsuppgifter:<\/strong><\/h3>\n<ul>\n<li>Ledarskap av styrelsen och dess m\u00f6ten f\u00f6r att fr\u00e4mja strategiskt t\u00e4nkande och v\u00e4lgrundade beslut.<\/li>\n<li>Utveckling och implementering av effektiva styrelseprocesser och policyer.<\/li>\n<li>Etablera och uppr\u00e4tth\u00e5lla positiva relationer med andra styrelsemedlemmar och ledningen.<\/li>\n<li>Arbeta n\u00e4ra verksamhetschefen f\u00f6r att f\u00f6rst\u00e5 och st\u00f6dja organisationens vision och m\u00e5l.<\/li>\n<li>Uppdragets l\u00e4ngd \u00e4r en 2-\u00e5rs mandatperiod.<\/li>\n<\/ul>\n<h3><strong>\u00d6nskv\u00e4rda kvalifikationer:<\/strong><\/h3>\n<ul>\n<li>Erfarenhet av ledande befattning i en styrelse eller liknande position.<\/li>\n<li>Goda ledaregenskaper och f\u00f6rm\u00e5ga att inspirera och p\u00e5verka.<\/li>\n<li>Bred f\u00f6rst\u00e5else f\u00f6r organisationsstyrning och goda kunskaper om aktuella trender och b\u00e4sta praxis.<\/li>\n<li>Starka analytiska och strategiska f\u00e4rdigheter.<\/li>\n<li>God kommunikationsf\u00f6rm\u00e5ga och f\u00f6rm\u00e5ga att samarbeta med olika intressenter.<\/li>\n<\/ul>\n<h3><strong>Krav:<\/strong><\/h3>\n<ul>\n<li>Erfarenhet av ledande befattning, personalansvar, chefsuppdrag eller liknande roller.<\/li>\n<\/ul>\n                        <\/div>\n                    <\/div>\n                <\/div>\n                                <div class=\"accordion-item mt-1\">\n                    <div class=\"accordion-header\">\n                        <button class=\"accordion-button collapsed\" type=\"button\" data-bs-toggle=\"collapse\" data-bs-target=\"#collapse-2\" aria-expanded=\"true\" aria-controls=\"collapse-2\">\n                            <h6 class=\"mb-0\">Om uppdrag ledamot<\/h6>\n                        <\/button>\n                    <\/div>\n                    <div class=\"collapse\" id=\"collapse-2\"> \n                        <div class=\"accordion-body\">\n                            <p>Som styrelseledamot \u00e4r du med och leder f\u00f6reningens \u00f6vergripande arbete.<\/p>\n<h3><strong>Arbetsuppgifter:<\/strong><\/h3>\n<ul>\n<li>Aktivt delta i regelbundna styrelsem\u00f6ten och bidra med din erfarenhet och kompetens.<\/li>\n<li>Utv\u00e4rdera och godk\u00e4nna strategiska planer och utvecklingsarbete.<\/li>\n<li>Delta i omv\u00e4rldsbevakning<\/li>\n<li>\u00d6vervaka f\u00f6reningens ekonomi och s\u00e4kerst\u00e4lla efterlevnad av lagar och regler.<\/li>\n<li>Uppdragets l\u00e4ngd \u00e4r en 2-\u00e5rs mandatperiod.<\/li>\n<\/ul>\n<h3><strong>\u00d6nskv\u00e4rda kvalifikationer:<\/strong><\/h3>\n<ul>\n<li>Erfarenhet av att arbeta i en styrelse eller ledningsposition.<\/li>\n<li>God f\u00f6rst\u00e5else f\u00f6r organisationsstyrning och strategisk planering.<\/li>\n<li>Starka analytiska och probleml\u00f6sningsf\u00f6rm\u00e5gor.<\/li>\n<li>Goda kommunikations- och samarbetsf\u00f6rm\u00e5gor.<\/li>\n<\/ul>\n<h3><strong>Meriterande:<\/strong><\/h3>\n<ul>\n<li>F\u00f6rst\u00e5else f\u00f6r politisk strategi i Region Stockholm.<\/li>\n<\/ul>\n                        <\/div>\n                    <\/div>\n                <\/div>\n                                <div class=\"accordion-item mt-1\">\n                    <div class=\"accordion-header\">\n                        <button class=\"accordion-button collapsed\" type=\"button\" data-bs-toggle=\"collapse\" data-bs-target=\"#collapse-3\" aria-expanded=\"true\" aria-controls=\"collapse-3\">\n                            <h6 class=\"mb-0\">Om uppdrag valberedning<\/h6>\n                        <\/button>\n                    <\/div>\n                    <div class=\"collapse\" id=\"collapse-3\"> \n                        <div class=\"accordion-body\">\n                            <p>Som valberedare har ett viktigt uppdrag att bidra till f\u00f6reningens l\u00e5ngsiktiga arbete. Valberedningen arbetar sj\u00e4lvst\u00e4ndigt och har som uppgift att hitta och f\u00f6resl\u00e5 f\u00f6rtroendevalda inf\u00f6r kommande verksamhets\u00e5r. Du har som mest att g\u00f6ra h\u00f6st och vinter d\u00e5 du tillsammans med \u00f6vriga i valberedningen tar fram en kravprofil, intervjuar kandidater och f\u00f6rbereder f\u00f6rslaget f\u00f6r kommande \u00e5rs styrelse. Du har st\u00f6d av verksamhetschef och styrelse f\u00f6r att genomf\u00f6ra ditt uppdrag.<\/p>\n<p>Det \u00e4r meriterande om man har ett bra n\u00e4tverk inom f\u00f6reningens omr\u00e5de, erfarenhet av rekrytering eller \u00e4r strukturerad i sitt arbete.<\/p>\n<p>Uppdraget utf\u00f6rs ideellt utan ers\u00e4ttning. Uppdragets l\u00e4ngd \u00e4r ett \u00e5r. Valberedningen best\u00e5r oftast av tre personer vara en \u00e4r sammankallande.<\/p>\n                        <\/div>\n                    <\/div>\n                <\/div>\n                                <div class=\"accordion-item mt-1\">\n                    <div class=\"accordion-header\">\n                        <button class=\"accordion-button collapsed\" type=\"button\" data-bs-toggle=\"collapse\" data-bs-target=\"#collapse-4\" aria-expanded=\"true\" aria-controls=\"collapse-4\">\n                            <h6 class=\"mb-0\">Om uppdrag f\u00f6reningsrevisor<\/h6>\n                        <\/button>\n                    <\/div>\n                    <div class=\"collapse\" id=\"collapse-4\"> \n                        <div class=\"accordion-body\">\n                            <p>Som f\u00f6rtroenderevisor granskar du styrelsens och f\u00f6reningens verksamhet l\u00f6pande under verksamhets\u00e5ret. Du \u00e4r medlemmarnas r\u00f6st som ser till att allt g\u00e5r r\u00e4tt till och att styrelsen g\u00f6r det de ska.<\/p>\n<p>Du kontrollera inte budget och bokf\u00f6ring, det g\u00f6rs av v\u00e5r auktoriserade revisor.\u00a0Uppdraget utf\u00f6rs ideellt utan ers\u00e4ttning. Uppdragets l\u00e4ngd \u00e4r ett \u00e5r.<\/p>\n                        <\/div>\n                    <\/div>\n                <\/div>\n                                <div class=\"accordion-item mt-1\">\n                    <div class=\"accordion-header\">\n                        <button class=\"accordion-button collapsed\" type=\"button\" data-bs-toggle=\"collapse\" data-bs-target=\"#collapse-5\" aria-expanded=\"true\" aria-controls=\"collapse-5\">\n                            <h6 class=\"mb-0\">Hur nomineringsprocessen g\u00e5r till<\/h6>\n                        <\/button>\n                    <\/div>\n                    <div class=\"collapse\" id=\"collapse-5\"> \n                        <div class=\"accordion-body\">\n                            <p>Utifr\u00e5n de tips, kandideringar och nomineringar som inkommer till valberedningen g\u00f6r de urval baserat p\u00e5 inl\u00e4mnad information och genomf\u00f6r eventuella intervjuer.<\/p>\n<p>Arbetet sker l\u00f6pande.<\/p>\n<p>Fr\u00e5gor eller kontakt med valberedningen sker till <a href=\"mailto:valberedningen.stockholm@noaksark.org\">valberedningen.stockholm@noaksark.org<\/a><\/p>\n                        <\/div>\n                    <\/div>\n                <\/div>\n                <\/div><\/div>\n\n\n\n\n<div style=\"height:100px\" aria-hidden=\"true\" class=\"wp-block-spacer\"><\/div>\n\n\n\n<p><\/p>\n","protected":false},"excerpt":{"rendered":"<p>Noaks Ark Stockholms styrelse v\u00e4ljs av f\u00f6reningens medlemmar p\u00e5 \u00e5rsm\u00f6tet. Styrelsen \u00e4r f\u00f6rtroendevalda personer som har ett \u00f6vergripande och strategiskt ansvar f\u00f6r f\u00f6reningen och dess verksamhet. Mer specifikt har de det yttersta ansvaret som arbetsgivare,&#8230;<\/p>\n","protected":false},"author":6,"featured_media":0,"parent":48,"menu_order":0,"comment_status":"closed","ping_status":"closed","template":"","meta":{"_acf_changed":false,"footnotes":""},"class_list":["post-11200","page","type-page","status-publish","hentry"],"acf":[],"yoast_head":"<!-- This site is optimized with the Yoast SEO Premium plugin v27.4 (Yoast SEO v27.5) - https:\/\/yoast.com\/product\/yoast-seo-premium-wordpress\/ -->\n<title>Noaks Ark Stockholm<\/title>\n<meta name=\"robots\" content=\"index, follow, max-snippet:-1, max-image-preview:large, max-video-preview:-1\" \/>\n<link rel=\"canonical\" href=\"https:\/\/noaksark.org\/stockholm\/om-oss\/styrelsen\/\" \/>\n<meta property=\"og:locale\" content=\"sv_SE\" \/>\n<meta property=\"og:type\" content=\"article\" \/>\n<meta property=\"og:title\" content=\"Styrelsen\" \/>\n<meta property=\"og:description\" content=\"Noaks Ark Stockholms styrelse v\u00e4ljs av f\u00f6reningens medlemmar p\u00e5 \u00e5rsm\u00f6tet. Styrelsen \u00e4r f\u00f6rtroendevalda personer som har ett \u00f6vergripande och strategiskt ansvar f\u00f6r f\u00f6reningen och dess verksamhet. Mer specifikt har de det yttersta ansvaret som arbetsgivare,...\" \/>\n<meta property=\"og:url\" content=\"https:\/\/noaksark.org\/stockholm\/om-oss\/styrelsen\/\" \/>\n<meta property=\"og:site_name\" content=\"Noaks Ark Stockholm\" \/>\n<meta property=\"article:publisher\" content=\"https:\/\/www.facebook.com\/noaksarkstockholm\" \/>\n<meta property=\"article:modified_time\" content=\"2026-03-27T08:22:11+00:00\" \/>\n<meta name=\"twitter:card\" content=\"summary_large_image\" \/>\n<meta name=\"twitter:label1\" content=\"Ber\u00e4knad l\u00e4stid\" \/>\n\t<meta name=\"twitter:data1\" content=\"1 minut\" \/>\n<script type=\"application\/ld+json\" class=\"yoast-schema-graph\">{\"@context\":\"https:\\\/\\\/schema.org\",\"@graph\":[{\"@type\":\"WebPage\",\"@id\":\"https:\\\/\\\/noaksark.org\\\/stockholm\\\/om-oss\\\/styrelsen\\\/\",\"url\":\"https:\\\/\\\/noaksark.org\\\/stockholm\\\/om-oss\\\/styrelsen\\\/\",\"name\":\"\",\"isPartOf\":{\"@id\":\"https:\\\/\\\/noaksark.org\\\/stockholm\\\/#website\"},\"datePublished\":\"2024-12-10T13:33:25+00:00\",\"dateModified\":\"2026-03-27T08:22:11+00:00\",\"breadcrumb\":{\"@id\":\"https:\\\/\\\/noaksark.org\\\/stockholm\\\/om-oss\\\/styrelsen\\\/#breadcrumb\"},\"inLanguage\":\"sv-SE\",\"potentialAction\":[{\"@type\":\"ReadAction\",\"target\":[\"https:\\\/\\\/noaksark.org\\\/stockholm\\\/om-oss\\\/styrelsen\\\/\"]}]},{\"@type\":\"BreadcrumbList\",\"@id\":\"https:\\\/\\\/noaksark.org\\\/stockholm\\\/om-oss\\\/styrelsen\\\/#breadcrumb\",\"itemListElement\":[{\"@type\":\"ListItem\",\"position\":1,\"name\":\"Home\",\"item\":\"https:\\\/\\\/noaksark.org\\\/stockholm\\\/\"},{\"@type\":\"ListItem\",\"position\":2,\"name\":\"Om oss\",\"item\":\"https:\\\/\\\/noaksark.org\\\/stockholm\\\/om-oss\\\/\"},{\"@type\":\"ListItem\",\"position\":3,\"name\":\"Styrelsen\"}]},{\"@type\":\"WebSite\",\"@id\":\"https:\\\/\\\/noaksark.org\\\/stockholm\\\/#website\",\"url\":\"https:\\\/\\\/noaksark.org\\\/stockholm\\\/\",\"name\":\"Noaks Ark Stockholm\",\"description\":\"\",\"publisher\":{\"@id\":\"https:\\\/\\\/noaksark.org\\\/stockholm\\\/#organization\"},\"potentialAction\":[{\"@type\":\"SearchAction\",\"target\":{\"@type\":\"EntryPoint\",\"urlTemplate\":\"https:\\\/\\\/noaksark.org\\\/stockholm\\\/?s={search_term_string}\"},\"query-input\":{\"@type\":\"PropertyValueSpecification\",\"valueRequired\":true,\"valueName\":\"search_term_string\"}}],\"inLanguage\":\"sv-SE\"},{\"@type\":\"Organization\",\"@id\":\"https:\\\/\\\/noaksark.org\\\/stockholm\\\/#organization\",\"name\":\"Noaks Ark Stockholm\",\"url\":\"https:\\\/\\\/noaksark.org\\\/stockholm\\\/\",\"logo\":{\"@type\":\"ImageObject\",\"inLanguage\":\"sv-SE\",\"@id\":\"https:\\\/\\\/noaksark.org\\\/stockholm\\\/#\\\/schema\\\/logo\\\/image\\\/\",\"url\":\"https:\\\/\\\/noaksark.org\\\/stockholm\\\/wp-content\\\/uploads\\\/sites\\\/2\\\/2022\\\/08\\\/noaks-ark-nyheter-vad-betyder-noaks-ark-for-dig.jpg\",\"contentUrl\":\"https:\\\/\\\/noaksark.org\\\/stockholm\\\/wp-content\\\/uploads\\\/sites\\\/2\\\/2022\\\/08\\\/noaks-ark-nyheter-vad-betyder-noaks-ark-for-dig.jpg\",\"width\":1000,\"height\":1000,\"caption\":\"Noaks Ark Stockholm\"},\"image\":{\"@id\":\"https:\\\/\\\/noaksark.org\\\/stockholm\\\/#\\\/schema\\\/logo\\\/image\\\/\"},\"sameAs\":[\"https:\\\/\\\/www.facebook.com\\\/noaksarkstockholm\",\"https:\\\/\\\/www.instagram.com\\\/noaksarkstockholm\\\/\",\"https:\\\/\\\/se.linkedin.com\\\/company\\\/noaks-ark-stockholm\"]}]}<\/script>\n<!-- \/ Yoast SEO Premium plugin. -->","yoast_head_json":{"title":"Noaks Ark Stockholm","robots":{"index":"index","follow":"follow","max-snippet":"max-snippet:-1","max-image-preview":"max-image-preview:large","max-video-preview":"max-video-preview:-1"},"canonical":"https:\/\/noaksark.org\/stockholm\/om-oss\/styrelsen\/","og_locale":"sv_SE","og_type":"article","og_title":"Styrelsen","og_description":"Noaks Ark Stockholms styrelse v\u00e4ljs av f\u00f6reningens medlemmar p\u00e5 \u00e5rsm\u00f6tet. Styrelsen \u00e4r f\u00f6rtroendevalda personer som har ett \u00f6vergripande och strategiskt ansvar f\u00f6r f\u00f6reningen och dess verksamhet. Mer specifikt har de det yttersta ansvaret som arbetsgivare,...","og_url":"https:\/\/noaksark.org\/stockholm\/om-oss\/styrelsen\/","og_site_name":"Noaks Ark Stockholm","article_publisher":"https:\/\/www.facebook.com\/noaksarkstockholm","article_modified_time":"2026-03-27T08:22:11+00:00","twitter_card":"summary_large_image","twitter_misc":{"Ber\u00e4knad l\u00e4stid":"1 minut"},"schema":{"@context":"https:\/\/schema.org","@graph":[{"@type":"WebPage","@id":"https:\/\/noaksark.org\/stockholm\/om-oss\/styrelsen\/","url":"https:\/\/noaksark.org\/stockholm\/om-oss\/styrelsen\/","name":"","isPartOf":{"@id":"https:\/\/noaksark.org\/stockholm\/#website"},"datePublished":"2024-12-10T13:33:25+00:00","dateModified":"2026-03-27T08:22:11+00:00","breadcrumb":{"@id":"https:\/\/noaksark.org\/stockholm\/om-oss\/styrelsen\/#breadcrumb"},"inLanguage":"sv-SE","potentialAction":[{"@type":"ReadAction","target":["https:\/\/noaksark.org\/stockholm\/om-oss\/styrelsen\/"]}]},{"@type":"BreadcrumbList","@id":"https:\/\/noaksark.org\/stockholm\/om-oss\/styrelsen\/#breadcrumb","itemListElement":[{"@type":"ListItem","position":1,"name":"Home","item":"https:\/\/noaksark.org\/stockholm\/"},{"@type":"ListItem","position":2,"name":"Om oss","item":"https:\/\/noaksark.org\/stockholm\/om-oss\/"},{"@type":"ListItem","position":3,"name":"Styrelsen"}]},{"@type":"WebSite","@id":"https:\/\/noaksark.org\/stockholm\/#website","url":"https:\/\/noaksark.org\/stockholm\/","name":"Noaks Ark Stockholm","description":"","publisher":{"@id":"https:\/\/noaksark.org\/stockholm\/#organization"},"potentialAction":[{"@type":"SearchAction","target":{"@type":"EntryPoint","urlTemplate":"https:\/\/noaksark.org\/stockholm\/?s={search_term_string}"},"query-input":{"@type":"PropertyValueSpecification","valueRequired":true,"valueName":"search_term_string"}}],"inLanguage":"sv-SE"},{"@type":"Organization","@id":"https:\/\/noaksark.org\/stockholm\/#organization","name":"Noaks Ark Stockholm","url":"https:\/\/noaksark.org\/stockholm\/","logo":{"@type":"ImageObject","inLanguage":"sv-SE","@id":"https:\/\/noaksark.org\/stockholm\/#\/schema\/logo\/image\/","url":"https:\/\/noaksark.org\/stockholm\/wp-content\/uploads\/sites\/2\/2022\/08\/noaks-ark-nyheter-vad-betyder-noaks-ark-for-dig.jpg","contentUrl":"https:\/\/noaksark.org\/stockholm\/wp-content\/uploads\/sites\/2\/2022\/08\/noaks-ark-nyheter-vad-betyder-noaks-ark-for-dig.jpg","width":1000,"height":1000,"caption":"Noaks Ark Stockholm"},"image":{"@id":"https:\/\/noaksark.org\/stockholm\/#\/schema\/logo\/image\/"},"sameAs":["https:\/\/www.facebook.com\/noaksarkstockholm","https:\/\/www.instagram.com\/noaksarkstockholm\/","https:\/\/se.linkedin.com\/company\/noaks-ark-stockholm"]}]}},"_links":{"self":[{"href":"https:\/\/noaksark.org\/stockholm\/wp-json\/wp\/v2\/pages\/11200","targetHints":{"allow":["GET"]}}],"collection":[{"href":"https:\/\/noaksark.org\/stockholm\/wp-json\/wp\/v2\/pages"}],"about":[{"href":"https:\/\/noaksark.org\/stockholm\/wp-json\/wp\/v2\/types\/page"}],"author":[{"embeddable":true,"href":"https:\/\/noaksark.org\/stockholm\/wp-json\/wp\/v2\/users\/6"}],"replies":[{"embeddable":true,"href":"https:\/\/noaksark.org\/stockholm\/wp-json\/wp\/v2\/comments?post=11200"}],"version-history":[{"count":20,"href":"https:\/\/noaksark.org\/stockholm\/wp-json\/wp\/v2\/pages\/11200\/revisions"}],"predecessor-version":[{"id":13025,"href":"https:\/\/noaksark.org\/stockholm\/wp-json\/wp\/v2\/pages\/11200\/revisions\/13025"}],"up":[{"embeddable":true,"href":"https:\/\/noaksark.org\/stockholm\/wp-json\/wp\/v2\/pages\/48"}],"wp:attachment":[{"href":"https:\/\/noaksark.org\/stockholm\/wp-json\/wp\/v2\/media?parent=11200"}],"curies":[{"name":"wp","href":"https:\/\/api.w.org\/{rel}","templated":true}]}}