{"id":11029,"date":"2024-11-25T10:24:53","date_gmt":"2024-11-25T09:24:53","guid":{"rendered":"https:\/\/noaksark.org\/stockholm\/?page_id=11029"},"modified":"2025-12-16T09:43:10","modified_gmt":"2025-12-16T08:43:10","slug":"engagera-dig","status":"publish","type":"page","link":"https:\/\/noaksark.org\/stockholm\/engagera-dig\/","title":{"rendered":"Engagera dig"},"content":{"rendered":"\n<p>Du \u00e4r en viktig del av att minska stigmat kring hiv och kan g\u00f6ra stor skillnad. Tillsammans kan vi skapa en v\u00e4rld d\u00e4r hiv inte begr\u00e4nsar. Ditt engagemang spelar roll och kan ta m\u00e5nga former \u2013 prata om hiv med v\u00e4nner och familj, l\u00e4r dig mer och var nyfiken.<\/p>\n\n\n\n<p>Vill du g\u00f6ra \u00e4nnu mer? F\u00f6lj oss i sociala medier, prenumerera p\u00e5 v\u00e5rt nyhetsbrev, dela v\u00e5ra inl\u00e4gg eller sprid v\u00e5r information. Du kan ocks\u00e5 bidra genom att swisha en g\u00e5va, bli medlem eller engagera dig som volont\u00e4r.<\/p>\n\n\n\n<h3 class=\"wp-block-heading\" id=\"h-vad-ar-ditt-nasta-steg\">Vad \u00e4r ditt n\u00e4sta steg?<\/h3>\n\n\n\n<div class=\"wp-block-columns alignfull has-text-color has-background is-layout-flex wp-container-core-columns-is-layout-9d6595d7 wp-block-columns-is-layout-flex\" style=\"color:#000000;background-color:#ffffff\">\n<div class=\"wp-block-column is-layout-flow wp-block-column-is-layout-flow\">\n<h3 class=\"wp-block-heading has-text-align-left\" id=\"h-prenumerera-pa-vart-nyhetsbrev\" style=\"font-size:24px;line-height:1.3\">Prenumerera p\u00e5 v\u00e5rt nyhetsbrev<\/h3>\n\n\n\n<p class=\"has-text-align-left\">H\u00e5ll dig uppdaterad kring det senast om hiv och v\u00e5r verksamhet.<\/p>\n\n\n\n<div class=\"wp-block-group\"><div class=\"wp-block-group__inner-container is-layout-constrained wp-block-group-is-layout-constrained\">\n    <p class=\"text-center\">\n        <a href=\"https:\/\/mailchi.mp\/noaksark.org\/prenumerera-stockholm\" class=\"bootstrap-btn-block btn btn-primary\">\n            Prenumerera         <\/a>\n    <\/p>\n\n<\/div><\/div>\n<\/div>\n\n\n\n<div class=\"wp-block-column is-layout-flow wp-block-column-is-layout-flow\">\n<h3 class=\"wp-block-heading has-text-align-left\" id=\"h-bli-medlem-eller-swisha-en-gava\" style=\"font-size:24px;line-height:1.3\">Bli medlem eller swisha en g\u00e5va<\/h3>\n\n\n\n<p>Alla bidrag g\u00e5r till direkt verksamhet och f\u00f6r bara 25 kr blir du medlem. <\/p>\n\n\n\n    <p class=\"text-center\">\n        <a href=\"https:\/\/noaksark.org\/stockholm\/om-oss\/bli-medlem\/\" class=\"bootstrap-btn-block btn btn-primary\">\n            Medlem &#8211; g\u00e5va        <\/a>\n    <\/p>\n\n<\/div>\n\n\n\n<div class=\"wp-block-column is-layout-flow wp-block-column-is-layout-flow\">\n<h3 class=\"wp-block-heading\" id=\"h-engagera-dig-och-bli-volontar\" style=\"font-size:24px;line-height:1.3\">Engagera dig och bli volont\u00e4r<\/h3>\n\n\n\n<p>Ans\u00f6k om att bli volont\u00e4r om du vill engagera dig mer i v\u00e5rt arbete.<\/p>\n\n\n\n    <p class=\"text-center\">\n        <a href=\"https:\/\/noaksark.org\/stockholm\/om-oss\/bli-volontar\/\" class=\"bootstrap-btn-block btn btn-primary\">\n            Ans\u00f6k nu        <\/a>\n    <\/p>\n\n<\/div>\n<\/div>\n","protected":false},"excerpt":{"rendered":"<p>Du \u00e4r en viktig del av att minska stigmat kring hiv och kan g\u00f6ra stor skillnad. Tillsammans kan vi skapa en v\u00e4rld d\u00e4r hiv inte begr\u00e4nsar. Ditt engagemang spelar roll och kan ta m\u00e5nga former&#8230;<\/p>\n","protected":false},"author":27,"featured_media":0,"parent":0,"menu_order":0,"comment_status":"closed","ping_status":"closed","template":"","meta":{"_acf_changed":false,"footnotes":""},"class_list":["post-11029","page","type-page","status-publish","hentry"],"acf":[],"yoast_head":"<!-- This site is optimized with the Yoast SEO Premium plugin v27.4 (Yoast SEO v27.4) - https:\/\/yoast.com\/product\/yoast-seo-premium-wordpress\/ -->\n<title>Noaks Ark Stockholm<\/title>\n<meta name=\"robots\" content=\"index, follow, max-snippet:-1, max-image-preview:large, max-video-preview:-1\" \/>\n<link rel=\"canonical\" href=\"https:\/\/noaksark.org\/stockholm\/engagera-dig\/\" \/>\n<meta property=\"og:locale\" content=\"sv_SE\" \/>\n<meta property=\"og:type\" content=\"article\" \/>\n<meta property=\"og:title\" content=\"Engagera dig\" \/>\n<meta property=\"og:description\" content=\"Du \u00e4r en viktig del av att minska stigmat kring hiv och kan g\u00f6ra stor skillnad. Tillsammans kan vi skapa en v\u00e4rld d\u00e4r hiv inte begr\u00e4nsar. Ditt engagemang spelar roll och kan ta m\u00e5nga former...\" \/>\n<meta property=\"og:url\" content=\"https:\/\/noaksark.org\/stockholm\/engagera-dig\/\" \/>\n<meta property=\"og:site_name\" content=\"Noaks Ark Stockholm\" \/>\n<meta property=\"article:publisher\" content=\"https:\/\/www.facebook.com\/noaksarkstockholm\" \/>\n<meta property=\"article:modified_time\" content=\"2025-12-16T08:43:10+00:00\" \/>\n<meta name=\"twitter:card\" content=\"summary_large_image\" \/>\n<meta name=\"twitter:label1\" content=\"Ber\u00e4knad l\u00e4stid\" \/>\n\t<meta name=\"twitter:data1\" content=\"1 minut\" \/>\n<script type=\"application\/ld+json\" class=\"yoast-schema-graph\">{\"@context\":\"https:\\\/\\\/schema.org\",\"@graph\":[{\"@type\":\"WebPage\",\"@id\":\"https:\\\/\\\/noaksark.org\\\/stockholm\\\/engagera-dig\\\/\",\"url\":\"https:\\\/\\\/noaksark.org\\\/stockholm\\\/engagera-dig\\\/\",\"name\":\"\",\"isPartOf\":{\"@id\":\"https:\\\/\\\/noaksark.org\\\/stockholm\\\/#website\"},\"datePublished\":\"2024-11-25T09:24:53+00:00\",\"dateModified\":\"2025-12-16T08:43:10+00:00\",\"breadcrumb\":{\"@id\":\"https:\\\/\\\/noaksark.org\\\/stockholm\\\/engagera-dig\\\/#breadcrumb\"},\"inLanguage\":\"sv-SE\",\"potentialAction\":[{\"@type\":\"ReadAction\",\"target\":[\"https:\\\/\\\/noaksark.org\\\/stockholm\\\/engagera-dig\\\/\"]}]},{\"@type\":\"BreadcrumbList\",\"@id\":\"https:\\\/\\\/noaksark.org\\\/stockholm\\\/engagera-dig\\\/#breadcrumb\",\"itemListElement\":[{\"@type\":\"ListItem\",\"position\":1,\"name\":\"Home\",\"item\":\"https:\\\/\\\/noaksark.org\\\/stockholm\\\/\"},{\"@type\":\"ListItem\",\"position\":2,\"name\":\"Engagera dig\"}]},{\"@type\":\"WebSite\",\"@id\":\"https:\\\/\\\/noaksark.org\\\/stockholm\\\/#website\",\"url\":\"https:\\\/\\\/noaksark.org\\\/stockholm\\\/\",\"name\":\"Noaks Ark Stockholm\",\"description\":\"\",\"publisher\":{\"@id\":\"https:\\\/\\\/noaksark.org\\\/stockholm\\\/#organization\"},\"potentialAction\":[{\"@type\":\"SearchAction\",\"target\":{\"@type\":\"EntryPoint\",\"urlTemplate\":\"https:\\\/\\\/noaksark.org\\\/stockholm\\\/?s={search_term_string}\"},\"query-input\":{\"@type\":\"PropertyValueSpecification\",\"valueRequired\":true,\"valueName\":\"search_term_string\"}}],\"inLanguage\":\"sv-SE\"},{\"@type\":\"Organization\",\"@id\":\"https:\\\/\\\/noaksark.org\\\/stockholm\\\/#organization\",\"name\":\"Noaks Ark Stockholm\",\"url\":\"https:\\\/\\\/noaksark.org\\\/stockholm\\\/\",\"logo\":{\"@type\":\"ImageObject\",\"inLanguage\":\"sv-SE\",\"@id\":\"https:\\\/\\\/noaksark.org\\\/stockholm\\\/#\\\/schema\\\/logo\\\/image\\\/\",\"url\":\"https:\\\/\\\/noaksark.org\\\/stockholm\\\/wp-content\\\/uploads\\\/sites\\\/2\\\/2022\\\/08\\\/noaks-ark-nyheter-vad-betyder-noaks-ark-for-dig.jpg\",\"contentUrl\":\"https:\\\/\\\/noaksark.org\\\/stockholm\\\/wp-content\\\/uploads\\\/sites\\\/2\\\/2022\\\/08\\\/noaks-ark-nyheter-vad-betyder-noaks-ark-for-dig.jpg\",\"width\":1000,\"height\":1000,\"caption\":\"Noaks Ark Stockholm\"},\"image\":{\"@id\":\"https:\\\/\\\/noaksark.org\\\/stockholm\\\/#\\\/schema\\\/logo\\\/image\\\/\"},\"sameAs\":[\"https:\\\/\\\/www.facebook.com\\\/noaksarkstockholm\",\"https:\\\/\\\/www.instagram.com\\\/noaksarkstockholm\\\/\",\"https:\\\/\\\/se.linkedin.com\\\/company\\\/noaks-ark-stockholm\"]}]}<\/script>\n<!-- \/ Yoast SEO Premium plugin. -->","yoast_head_json":{"title":"Noaks Ark Stockholm","robots":{"index":"index","follow":"follow","max-snippet":"max-snippet:-1","max-image-preview":"max-image-preview:large","max-video-preview":"max-video-preview:-1"},"canonical":"https:\/\/noaksark.org\/stockholm\/engagera-dig\/","og_locale":"sv_SE","og_type":"article","og_title":"Engagera dig","og_description":"Du \u00e4r en viktig del av att minska stigmat kring hiv och kan g\u00f6ra stor skillnad. Tillsammans kan vi skapa en v\u00e4rld d\u00e4r hiv inte begr\u00e4nsar. Ditt engagemang spelar roll och kan ta m\u00e5nga former...","og_url":"https:\/\/noaksark.org\/stockholm\/engagera-dig\/","og_site_name":"Noaks Ark Stockholm","article_publisher":"https:\/\/www.facebook.com\/noaksarkstockholm","article_modified_time":"2025-12-16T08:43:10+00:00","twitter_card":"summary_large_image","twitter_misc":{"Ber\u00e4knad l\u00e4stid":"1 minut"},"schema":{"@context":"https:\/\/schema.org","@graph":[{"@type":"WebPage","@id":"https:\/\/noaksark.org\/stockholm\/engagera-dig\/","url":"https:\/\/noaksark.org\/stockholm\/engagera-dig\/","name":"","isPartOf":{"@id":"https:\/\/noaksark.org\/stockholm\/#website"},"datePublished":"2024-11-25T09:24:53+00:00","dateModified":"2025-12-16T08:43:10+00:00","breadcrumb":{"@id":"https:\/\/noaksark.org\/stockholm\/engagera-dig\/#breadcrumb"},"inLanguage":"sv-SE","potentialAction":[{"@type":"ReadAction","target":["https:\/\/noaksark.org\/stockholm\/engagera-dig\/"]}]},{"@type":"BreadcrumbList","@id":"https:\/\/noaksark.org\/stockholm\/engagera-dig\/#breadcrumb","itemListElement":[{"@type":"ListItem","position":1,"name":"Home","item":"https:\/\/noaksark.org\/stockholm\/"},{"@type":"ListItem","position":2,"name":"Engagera dig"}]},{"@type":"WebSite","@id":"https:\/\/noaksark.org\/stockholm\/#website","url":"https:\/\/noaksark.org\/stockholm\/","name":"Noaks Ark Stockholm","description":"","publisher":{"@id":"https:\/\/noaksark.org\/stockholm\/#organization"},"potentialAction":[{"@type":"SearchAction","target":{"@type":"EntryPoint","urlTemplate":"https:\/\/noaksark.org\/stockholm\/?s={search_term_string}"},"query-input":{"@type":"PropertyValueSpecification","valueRequired":true,"valueName":"search_term_string"}}],"inLanguage":"sv-SE"},{"@type":"Organization","@id":"https:\/\/noaksark.org\/stockholm\/#organization","name":"Noaks Ark Stockholm","url":"https:\/\/noaksark.org\/stockholm\/","logo":{"@type":"ImageObject","inLanguage":"sv-SE","@id":"https:\/\/noaksark.org\/stockholm\/#\/schema\/logo\/image\/","url":"https:\/\/noaksark.org\/stockholm\/wp-content\/uploads\/sites\/2\/2022\/08\/noaks-ark-nyheter-vad-betyder-noaks-ark-for-dig.jpg","contentUrl":"https:\/\/noaksark.org\/stockholm\/wp-content\/uploads\/sites\/2\/2022\/08\/noaks-ark-nyheter-vad-betyder-noaks-ark-for-dig.jpg","width":1000,"height":1000,"caption":"Noaks Ark Stockholm"},"image":{"@id":"https:\/\/noaksark.org\/stockholm\/#\/schema\/logo\/image\/"},"sameAs":["https:\/\/www.facebook.com\/noaksarkstockholm","https:\/\/www.instagram.com\/noaksarkstockholm\/","https:\/\/se.linkedin.com\/company\/noaks-ark-stockholm"]}]}},"_links":{"self":[{"href":"https:\/\/noaksark.org\/stockholm\/wp-json\/wp\/v2\/pages\/11029","targetHints":{"allow":["GET"]}}],"collection":[{"href":"https:\/\/noaksark.org\/stockholm\/wp-json\/wp\/v2\/pages"}],"about":[{"href":"https:\/\/noaksark.org\/stockholm\/wp-json\/wp\/v2\/types\/page"}],"author":[{"embeddable":true,"href":"https:\/\/noaksark.org\/stockholm\/wp-json\/wp\/v2\/users\/27"}],"replies":[{"embeddable":true,"href":"https:\/\/noaksark.org\/stockholm\/wp-json\/wp\/v2\/comments?post=11029"}],"version-history":[{"count":6,"href":"https:\/\/noaksark.org\/stockholm\/wp-json\/wp\/v2\/pages\/11029\/revisions"}],"predecessor-version":[{"id":12538,"href":"https:\/\/noaksark.org\/stockholm\/wp-json\/wp\/v2\/pages\/11029\/revisions\/12538"}],"wp:attachment":[{"href":"https:\/\/noaksark.org\/stockholm\/wp-json\/wp\/v2\/media?parent=11029"}],"curies":[{"name":"wp","href":"https:\/\/api.w.org\/{rel}","templated":true}]}}