{"id":12148,"date":"2025-10-24T11:56:26","date_gmt":"2025-10-24T09:56:26","guid":{"rendered":"https:\/\/noaksark.org\/stockholm\/leva-med-hiv\/grupper\/60-2\/"},"modified":"2026-03-05T10:55:43","modified_gmt":"2026-03-05T09:55:43","slug":"60-2","status":"publish","type":"page","link":"https:\/\/noaksark.org\/stockholm\/en\/leva-med-hiv\/grupper\/60-2\/","title":{"rendered":"60+"},"content":{"rendered":"\n<p>For those aged 60 and over. We meet once a month for group conversations based on topics suggested by the participants. Each meeting includes a mix of social activities and health-promoting elements. It\u2019s a welcoming space to meet others aged 60+ and talk about important topics together.<\/p>\n\n\n\n<p>Examples of previous activities include trying Qigong, talking about aging with HIV, playing mini golf, working with tools related to social networks, and practicing&nbsp;mindfulness.<\/p>\n\n\n\n<p>The 60+ group is led by our trained peer discussion leaders, who have extensive experience in leading groups for people living with HIV. Meetings are held in both English and Swedish, and all sessions are free of charge.<\/p>\n\n\n<aside class=\"testimonials sidebar position-relative\" aria-labelledby=\"testimonial-header\">\n    <div>\n        <div class=\"testimonials-content\">\n            <div class=\"swiper testimonial-block-slider\" id=\"testimonial-block-slider\">\n                <div class=\"swiper-wrapper\">\n                                                    <div class=\"swiper-slide\">\n                                    <div class=\"testimonial\">\n                                        <div class=\"testimonial-text\">\n                                            <i>&#8220;It&#8217;s nice to be able to socialize with participants in the same age group. It&#8217;s rewarding and good to be able to talk more \u201cfreely\u201d about our health.&#8221;<\/i>\n                                        <\/div>\n                                        <h5 class=\"mt-4 mb-4\">Participant 60+<\/h5>\n                                    <\/div>\n                                <\/div>\n                                                            <div class=\"swiper-slide\">\n                                    <div class=\"testimonial\">\n                                        <div class=\"testimonial-text\">\n                                            <i>&#8220;It has been a great way to stay active and improves my quality of life.&#8221;<\/i>\n                                        <\/div>\n                                        <h5 class=\"mt-4 mb-4\">Participant 60+<\/h5>\n                                    <\/div>\n                                <\/div>\n                                            <\/div>\n                <div class=\"swiper-pagination pagination-block d-block d-md-none\"><\/div>\n            <\/div>\n        <\/div>\n    <\/div>\n<\/aside>\n\n\n\n<div style=\"height:10px\" aria-hidden=\"true\" class=\"wp-block-spacer\"><\/div>\n\n\n\n<h2 class=\"wp-block-heading mb-3\" id=\"h-upcoming-activities\">Upcoming activities<\/h2>\n\n\n                <a href=\"https:\/\/noaksark.org\/stockholm\/en\/kalender\/60-rosendalstradgard\/\" \n                   aria-label=\"H\u00e4ndelse, 60+ Rosendals tr\u00e4dg\u00e5rd, \n                   2026-05-23, 11:00\">\n                    <div class=\"post-list-item\">\n                        <div class=\"row\">\n                            <div class=\"col-12 col-lg-3 mb-2\">\n                                <div class=\"post-list-image-wrapper\">\n                                    <img loading=\"lazy\" decoding=\"async\" width=\"1024\" height=\"577\" src=\"https:\/\/noaksark.org\/stockholm\/wp-content\/uploads\/sites\/2\/2025\/08\/pexels-saifullah-hafeel-140752-1158783-1024x577.jpg\" class=\"post-list-image wp-post-image\" alt=\"\" srcset=\"https:\/\/noaksark.org\/stockholm\/wp-content\/uploads\/sites\/2\/2025\/08\/pexels-saifullah-hafeel-140752-1158783-1024x577.jpg 1024w, https:\/\/noaksark.org\/stockholm\/wp-content\/uploads\/sites\/2\/2025\/08\/pexels-saifullah-hafeel-140752-1158783-300x169.jpg 300w, https:\/\/noaksark.org\/stockholm\/wp-content\/uploads\/sites\/2\/2025\/08\/pexels-saifullah-hafeel-140752-1158783-768x433.jpg 768w, https:\/\/noaksark.org\/stockholm\/wp-content\/uploads\/sites\/2\/2025\/08\/pexels-saifullah-hafeel-140752-1158783-1536x866.jpg 1536w, https:\/\/noaksark.org\/stockholm\/wp-content\/uploads\/sites\/2\/2025\/08\/pexels-saifullah-hafeel-140752-1158783-2048x1155.jpg 2048w, https:\/\/noaksark.org\/stockholm\/wp-content\/uploads\/sites\/2\/2025\/08\/pexels-saifullah-hafeel-140752-1158783-177x100.jpg 177w, https:\/\/noaksark.org\/stockholm\/wp-content\/uploads\/sites\/2\/2025\/08\/pexels-saifullah-hafeel-140752-1158783-1362x768.jpg 1362w\" sizes=\"auto, (max-width: 1024px) 100vw, 1024px\" \/>                                <\/div>\n                            <\/div>\n                            <div class=\"col-12 col-lg-9\">\n                                <h5>60+ Rosendals tr\u00e4dg\u00e5rd<\/h5>\n                                <div class=\"meta text-secondary\">\n                                    <h6 class=\"mb-1\">\n                                        <i class=\"fa-light fa-calendar-days\"><\/i>\n                                        2026-05-23                                        , 11:00\n                                                                            <\/h6>\n                                <\/div>\n                                                                We will gather once a month to discuss a theme chosen by the group. Lunch will include a conversation about community, followed by a walk and coffee at Rosendals tr\u00e4dg\u00e5rd. Trained peer support leaders will&#8230;                            <\/div>\n                        <\/div>\n                    <\/div>\n                <\/a>\n                \n\n\n<p>Noaks Ark Stockholm, in collaboration with Posithiva Gruppen, is organizing a theme day for people over 50 who are living with HIV and wondering how HIV affects aging.<\/p>\n\n\n\n<p class=\"mb-4\">For more information and questions, please contact the Support Services Team Leader.<\/p>\n\n\n<div class=\"contact-cards\"><div class=\"row\">\n        <div class=\"col-12 mb-4 d-flex\">\n            <div class=\"contact-item contact-width-50\">\n                <div class=\"contact-content p-4 pe-7\">\n                    <h5>Emma Olsson<\/h5>\n                    <h6>Support Services Team Leader. Social Worker &#8211; Sociologist<\/h6>\n                      \n                        <a href=\"tel:087004601\"><p><i class=\"fa-regular fa-mobile\"><\/i>08\u2013700 46 01<\/p><\/a>\n                                          \n                        <a href=\"mailto:\"><i class=\"fal fa-envelope\"><\/i>Send email<\/a>\n                                          \n                        <p><i class=\"fal fa-globe-europe\" style=\"color: #E30064\"><\/i> Svenska, English<\/p>\n                                        <div class=\"contact-image-wrapper\">\n                        <div class=\"contact-image\" style=\"background-image: url('https:\/\/noaksark.org\/stockholm\/wp-content\/uploads\/sites\/2\/2022\/11\/D868786-liten-683x1024.jpg');\"><\/div>     \n                    <\/div> \n                <\/div>           \n            <\/div>\n        <\/div> \n        <\/div><\/div>","protected":false},"excerpt":{"rendered":"<p>For those aged 60 and over. We meet once a month for group conversations based on topics suggested by the participants. Each meeting includes a mix of social activities and health-promoting elements. It\u2019s a welcoming&#8230;<\/p>\n","protected":false},"author":27,"featured_media":0,"parent":9298,"menu_order":3,"comment_status":"closed","ping_status":"closed","template":"_template-living-with-hiv.php","meta":{"_acf_changed":false,"footnotes":""},"class_list":["post-12148","page","type-page","status-publish","hentry"],"acf":[],"yoast_head":"<!-- This site is optimized with the Yoast SEO Premium plugin v27.5 (Yoast SEO v27.5) - https:\/\/yoast.com\/product\/yoast-seo-premium-wordpress\/ -->\n<title>Noaks Ark Stockholm<\/title>\n<meta name=\"robots\" content=\"index, follow, max-snippet:-1, max-image-preview:large, max-video-preview:-1\" \/>\n<link rel=\"canonical\" href=\"https:\/\/noaksark.org\/stockholm\/en\/leva-med-hiv\/grupper\/60-2\/\" \/>\n<meta property=\"og:locale\" content=\"en_US\" \/>\n<meta property=\"og:type\" content=\"article\" \/>\n<meta property=\"og:title\" content=\"60+\" \/>\n<meta property=\"og:description\" content=\"For those aged 60 and over. We meet once a month for group conversations based on topics suggested by the participants. Each meeting includes a mix of social activities and health-promoting elements. It\u2019s a welcoming...\" \/>\n<meta property=\"og:url\" content=\"https:\/\/noaksark.org\/stockholm\/en\/leva-med-hiv\/grupper\/60-2\/\" \/>\n<meta property=\"og:site_name\" content=\"Noaks Ark Stockholm\" \/>\n<meta property=\"article:publisher\" content=\"https:\/\/www.facebook.com\/noaksarkstockholm\" \/>\n<meta property=\"article:modified_time\" content=\"2026-03-05T09:55:43+00:00\" \/>\n<meta name=\"twitter:card\" content=\"summary_large_image\" \/>\n<meta name=\"twitter:label1\" content=\"Est. reading time\" \/>\n\t<meta name=\"twitter:data1\" content=\"1 minute\" \/>\n<script type=\"application\/ld+json\" class=\"yoast-schema-graph\">{\"@context\":\"https:\\\/\\\/schema.org\",\"@graph\":[{\"@type\":\"WebPage\",\"@id\":\"https:\\\/\\\/noaksark.org\\\/stockholm\\\/en\\\/leva-med-hiv\\\/grupper\\\/60-2\\\/\",\"url\":\"https:\\\/\\\/noaksark.org\\\/stockholm\\\/en\\\/leva-med-hiv\\\/grupper\\\/60-2\\\/\",\"name\":\"\",\"isPartOf\":{\"@id\":\"https:\\\/\\\/noaksark.org\\\/stockholm\\\/en\\\/#website\"},\"datePublished\":\"2025-10-24T09:56:26+00:00\",\"dateModified\":\"2026-03-05T09:55:43+00:00\",\"breadcrumb\":{\"@id\":\"https:\\\/\\\/noaksark.org\\\/stockholm\\\/en\\\/leva-med-hiv\\\/grupper\\\/60-2\\\/#breadcrumb\"},\"inLanguage\":\"en-US\",\"potentialAction\":[{\"@type\":\"ReadAction\",\"target\":[\"https:\\\/\\\/noaksark.org\\\/stockholm\\\/en\\\/leva-med-hiv\\\/grupper\\\/60-2\\\/\"]}]},{\"@type\":\"BreadcrumbList\",\"@id\":\"https:\\\/\\\/noaksark.org\\\/stockholm\\\/en\\\/leva-med-hiv\\\/grupper\\\/60-2\\\/#breadcrumb\",\"itemListElement\":[{\"@type\":\"ListItem\",\"position\":1,\"name\":\"Home\",\"item\":\"https:\\\/\\\/noaksark.org\\\/stockholm\\\/en\\\/\"},{\"@type\":\"ListItem\",\"position\":2,\"name\":\"Living with HIV\",\"item\":\"https:\\\/\\\/noaksark.org\\\/stockholm\\\/en\\\/leva-med-hiv\\\/\"},{\"@type\":\"ListItem\",\"position\":3,\"name\":\"Groups\",\"item\":\"https:\\\/\\\/noaksark.org\\\/stockholm\\\/en\\\/leva-med-hiv\\\/grupper\\\/\"},{\"@type\":\"ListItem\",\"position\":4,\"name\":\"60+\"}]},{\"@type\":\"WebSite\",\"@id\":\"https:\\\/\\\/noaksark.org\\\/stockholm\\\/en\\\/#website\",\"url\":\"https:\\\/\\\/noaksark.org\\\/stockholm\\\/en\\\/\",\"name\":\"Noaks Ark Stockholm\",\"description\":\"\",\"publisher\":{\"@id\":\"https:\\\/\\\/noaksark.org\\\/stockholm\\\/en\\\/#organization\"},\"potentialAction\":[{\"@type\":\"SearchAction\",\"target\":{\"@type\":\"EntryPoint\",\"urlTemplate\":\"https:\\\/\\\/noaksark.org\\\/stockholm\\\/en\\\/?s={search_term_string}\"},\"query-input\":{\"@type\":\"PropertyValueSpecification\",\"valueRequired\":true,\"valueName\":\"search_term_string\"}}],\"inLanguage\":\"en-US\"},{\"@type\":\"Organization\",\"@id\":\"https:\\\/\\\/noaksark.org\\\/stockholm\\\/en\\\/#organization\",\"name\":\"Noaks Ark Stockholm\",\"url\":\"https:\\\/\\\/noaksark.org\\\/stockholm\\\/en\\\/\",\"logo\":{\"@type\":\"ImageObject\",\"inLanguage\":\"en-US\",\"@id\":\"https:\\\/\\\/noaksark.org\\\/stockholm\\\/en\\\/#\\\/schema\\\/logo\\\/image\\\/\",\"url\":\"https:\\\/\\\/noaksark.org\\\/stockholm\\\/wp-content\\\/uploads\\\/sites\\\/2\\\/2022\\\/08\\\/noaks-ark-nyheter-vad-betyder-noaks-ark-for-dig.jpg\",\"contentUrl\":\"https:\\\/\\\/noaksark.org\\\/stockholm\\\/wp-content\\\/uploads\\\/sites\\\/2\\\/2022\\\/08\\\/noaks-ark-nyheter-vad-betyder-noaks-ark-for-dig.jpg\",\"width\":1000,\"height\":1000,\"caption\":\"Noaks Ark Stockholm\"},\"image\":{\"@id\":\"https:\\\/\\\/noaksark.org\\\/stockholm\\\/en\\\/#\\\/schema\\\/logo\\\/image\\\/\"},\"sameAs\":[\"https:\\\/\\\/www.facebook.com\\\/noaksarkstockholm\",\"https:\\\/\\\/www.instagram.com\\\/noaksarkstockholm\\\/\",\"https:\\\/\\\/se.linkedin.com\\\/company\\\/noaks-ark-stockholm\"]}]}<\/script>\n<!-- \/ Yoast SEO Premium plugin. -->","yoast_head_json":{"title":"Noaks Ark Stockholm","robots":{"index":"index","follow":"follow","max-snippet":"max-snippet:-1","max-image-preview":"max-image-preview:large","max-video-preview":"max-video-preview:-1"},"canonical":"https:\/\/noaksark.org\/stockholm\/en\/leva-med-hiv\/grupper\/60-2\/","og_locale":"en_US","og_type":"article","og_title":"60+","og_description":"For those aged 60 and over. We meet once a month for group conversations based on topics suggested by the participants. Each meeting includes a mix of social activities and health-promoting elements. It\u2019s a welcoming...","og_url":"https:\/\/noaksark.org\/stockholm\/en\/leva-med-hiv\/grupper\/60-2\/","og_site_name":"Noaks Ark Stockholm","article_publisher":"https:\/\/www.facebook.com\/noaksarkstockholm","article_modified_time":"2026-03-05T09:55:43+00:00","twitter_card":"summary_large_image","twitter_misc":{"Est. reading time":"1 minute"},"schema":{"@context":"https:\/\/schema.org","@graph":[{"@type":"WebPage","@id":"https:\/\/noaksark.org\/stockholm\/en\/leva-med-hiv\/grupper\/60-2\/","url":"https:\/\/noaksark.org\/stockholm\/en\/leva-med-hiv\/grupper\/60-2\/","name":"","isPartOf":{"@id":"https:\/\/noaksark.org\/stockholm\/en\/#website"},"datePublished":"2025-10-24T09:56:26+00:00","dateModified":"2026-03-05T09:55:43+00:00","breadcrumb":{"@id":"https:\/\/noaksark.org\/stockholm\/en\/leva-med-hiv\/grupper\/60-2\/#breadcrumb"},"inLanguage":"en-US","potentialAction":[{"@type":"ReadAction","target":["https:\/\/noaksark.org\/stockholm\/en\/leva-med-hiv\/grupper\/60-2\/"]}]},{"@type":"BreadcrumbList","@id":"https:\/\/noaksark.org\/stockholm\/en\/leva-med-hiv\/grupper\/60-2\/#breadcrumb","itemListElement":[{"@type":"ListItem","position":1,"name":"Home","item":"https:\/\/noaksark.org\/stockholm\/en\/"},{"@type":"ListItem","position":2,"name":"Living with HIV","item":"https:\/\/noaksark.org\/stockholm\/en\/leva-med-hiv\/"},{"@type":"ListItem","position":3,"name":"Groups","item":"https:\/\/noaksark.org\/stockholm\/en\/leva-med-hiv\/grupper\/"},{"@type":"ListItem","position":4,"name":"60+"}]},{"@type":"WebSite","@id":"https:\/\/noaksark.org\/stockholm\/en\/#website","url":"https:\/\/noaksark.org\/stockholm\/en\/","name":"Noaks Ark Stockholm","description":"","publisher":{"@id":"https:\/\/noaksark.org\/stockholm\/en\/#organization"},"potentialAction":[{"@type":"SearchAction","target":{"@type":"EntryPoint","urlTemplate":"https:\/\/noaksark.org\/stockholm\/en\/?s={search_term_string}"},"query-input":{"@type":"PropertyValueSpecification","valueRequired":true,"valueName":"search_term_string"}}],"inLanguage":"en-US"},{"@type":"Organization","@id":"https:\/\/noaksark.org\/stockholm\/en\/#organization","name":"Noaks Ark Stockholm","url":"https:\/\/noaksark.org\/stockholm\/en\/","logo":{"@type":"ImageObject","inLanguage":"en-US","@id":"https:\/\/noaksark.org\/stockholm\/en\/#\/schema\/logo\/image\/","url":"https:\/\/noaksark.org\/stockholm\/wp-content\/uploads\/sites\/2\/2022\/08\/noaks-ark-nyheter-vad-betyder-noaks-ark-for-dig.jpg","contentUrl":"https:\/\/noaksark.org\/stockholm\/wp-content\/uploads\/sites\/2\/2022\/08\/noaks-ark-nyheter-vad-betyder-noaks-ark-for-dig.jpg","width":1000,"height":1000,"caption":"Noaks Ark Stockholm"},"image":{"@id":"https:\/\/noaksark.org\/stockholm\/en\/#\/schema\/logo\/image\/"},"sameAs":["https:\/\/www.facebook.com\/noaksarkstockholm","https:\/\/www.instagram.com\/noaksarkstockholm\/","https:\/\/se.linkedin.com\/company\/noaks-ark-stockholm"]}]}},"_links":{"self":[{"href":"https:\/\/noaksark.org\/stockholm\/en\/wp-json\/wp\/v2\/pages\/12148","targetHints":{"allow":["GET"]}}],"collection":[{"href":"https:\/\/noaksark.org\/stockholm\/en\/wp-json\/wp\/v2\/pages"}],"about":[{"href":"https:\/\/noaksark.org\/stockholm\/en\/wp-json\/wp\/v2\/types\/page"}],"author":[{"embeddable":true,"href":"https:\/\/noaksark.org\/stockholm\/en\/wp-json\/wp\/v2\/users\/27"}],"replies":[{"embeddable":true,"href":"https:\/\/noaksark.org\/stockholm\/en\/wp-json\/wp\/v2\/comments?post=12148"}],"version-history":[{"count":12,"href":"https:\/\/noaksark.org\/stockholm\/en\/wp-json\/wp\/v2\/pages\/12148\/revisions"}],"predecessor-version":[{"id":12882,"href":"https:\/\/noaksark.org\/stockholm\/en\/wp-json\/wp\/v2\/pages\/12148\/revisions\/12882"}],"up":[{"embeddable":true,"href":"https:\/\/noaksark.org\/stockholm\/en\/wp-json\/wp\/v2\/pages\/9298"}],"wp:attachment":[{"href":"https:\/\/noaksark.org\/stockholm\/en\/wp-json\/wp\/v2\/media?parent=12148"}],"curies":[{"name":"wp","href":"https:\/\/api.w.org\/{rel}","templated":true}]}}