{"id":12142,"date":"2025-10-24T11:17:10","date_gmt":"2025-10-24T09:17:10","guid":{"rendered":"https:\/\/noaksark.org\/stockholm\/leva-med-hiv\/aktiviteter\/halsosparet\/"},"modified":"2025-12-11T10:41:45","modified_gmt":"2025-12-11T09:41:45","slug":"halsosparet","status":"publish","type":"page","link":"https:\/\/noaksark.org\/stockholm\/en\/leva-med-hiv\/aktiviteter\/halsosparet\/","title":{"rendered":"Health Focus (H\u00e4lsosp\u00e5ret)"},"content":{"rendered":"\n<p>Within Health Focus (H\u00e4lsosp\u00e5ret), we offer a range of health-promoting activities such as theme days, courses, and group sessions. These activities help increase knowledge about different aspects of health and well-being. <\/p>\n\n\n\n<p>Through H\u00e4lsosp\u00e5ret, you\u2019ll gain inspiration and practical tools to support healthier lifestyle habits. Many of the activities include movement or physical activity, with the aim of strengthening physical health in an accessible and enjoyable way. <\/p>\n\n\n\n<p>Examples of previous activities include:<\/p>\n\n\n\n<ul class=\"wp-block-list\">\n<li>Women&#8217;s Well-being Day<\/li>\n\n\n\n<li>Senior&#8217;s Day<\/li>\n\n\n\n<li>Theme day for families living with HIV<\/li>\n\n\n\n<li>Yoga classes<\/li>\n\n\n\n<li>Sleep school<\/li>\n\n\n\n<li>Bowling, karaoke, and boules<\/li>\n<\/ul>\n\n\n<aside class=\"testimonials sidebar position-relative\" aria-labelledby=\"testimonial-header\">\n    <div>\n        <div class=\"testimonials-content\">\n            <div class=\"swiper testimonial-block-slider\" id=\"testimonial-block-slider\">\n                <div class=\"swiper-wrapper\">\n                                                    <div class=\"swiper-slide\">\n                                    <div class=\"testimonial\">\n                                        <div class=\"testimonial-text\">\n                                            <i>&#8220;Great course, I understand a lot now that I didn&#8217;t know before the course. Thank you for your help.&#8221;<\/i>\n                                        <\/div>\n                                        <h5 class=\"mt-4 mb-4\">Participant Emotional Talk (course)<\/h5>\n                                    <\/div>\n                                <\/div>\n                                                            <div class=\"swiper-slide\">\n                                    <div class=\"testimonial\">\n                                        <div class=\"testimonial-text\">\n                                            <i>&#8220;It was nice to meet other people and that there were several different elements involving lectures, creativity, and relaxation\u2026&#8221;<\/i>\n                                        <\/div>\n                                        <h5 class=\"mt-4 mb-4\">Quote from participants in the M\u00e5bradagen (Feel-good day)for women<\/h5>\n                                    <\/div>\n                                <\/div>\n                                                            <div class=\"swiper-slide\">\n                                    <div class=\"testimonial\">\n                                        <div class=\"testimonial-text\">\n                                            <i>&#8220;The program was really awesome.\u00a0Very informative and really helpful.&#8221;<\/i>\n                                        <\/div>\n                                        <h5 class=\"mt-4 mb-4\">Participant Theme day Diet and diabetes<\/h5>\n                                    <\/div>\n                                <\/div>\n                                            <\/div>\n                <div class=\"swiper-pagination pagination-block d-block d-md-none\"><\/div>\n            <\/div>\n        <\/div>\n    <\/div>\n<\/aside>\n\n\n\n<p><\/p>\n\n\n\n<h2 class=\"wp-block-heading mb-3\" id=\"h-kommande-aktiviteter\">Kommande aktiviteter<\/h2>\n\n\n            <div class=\"mb-4\"><i>Inga inplanerade aktiviteter just nu, kolla g\u00e4rna senare. \n                <a href=\"https:\/\/noaksark.org\/stockholm\/kalender\/\">H\u00e4r kan du se v\u00e5ra andra aktiviteter.<\/a><\/i>\n            <\/div>\n            \n\n\n<p class=\"mb-4\">For more information and questions, please contact the Support Services Team Leader.<\/p>\n\n\n<div class=\"contact-cards\"><div class=\"row\">\n        <div class=\"col-12 mb-4 d-flex\">\n            <div class=\"contact-item contact-width-50\">\n                <div class=\"contact-content p-4 pe-7\">\n                    <h5>Emma Olsson<\/h5>\n                    <h6>Support Services Team Leader. Social Worker &#8211; Sociologist<\/h6>\n                      \n                        <a href=\"tel:087004601\"><p><i class=\"fa-regular fa-mobile\"><\/i>08\u2013700 46 01<\/p><\/a>\n                                          \n                        <a href=\"mailto:\"><i class=\"fal fa-envelope\"><\/i>Send email<\/a>\n                                          \n                        <p><i class=\"fal fa-globe-europe\" style=\"color: #E30064\"><\/i> Svenska, English<\/p>\n                                        <div class=\"contact-image-wrapper\">\n                        <div class=\"contact-image\" style=\"background-image: url('https:\/\/noaksark.org\/stockholm\/wp-content\/uploads\/sites\/2\/2022\/11\/D868786-liten-683x1024.jpg');\"><\/div>     \n                    <\/div> \n                <\/div>           \n            <\/div>\n        <\/div> \n        <\/div><\/div>","protected":false},"excerpt":{"rendered":"<p>Within Health Focus (H\u00e4lsosp\u00e5ret), we offer a range of health-promoting activities such as theme days, courses, and group sessions. These activities help increase knowledge about different aspects of health and well-being. Through H\u00e4lsosp\u00e5ret, you\u2019ll gain&#8230;<\/p>\n","protected":false},"author":27,"featured_media":0,"parent":9288,"menu_order":3,"comment_status":"closed","ping_status":"closed","template":"_template-living-with-hiv.php","meta":{"_acf_changed":false,"footnotes":""},"class_list":["post-12142","page","type-page","status-publish","hentry"],"acf":[],"yoast_head":"<!-- This site is optimized with the Yoast SEO Premium plugin v27.5 (Yoast SEO v27.5) - https:\/\/yoast.com\/product\/yoast-seo-premium-wordpress\/ -->\n<title>Noaks Ark Stockholm<\/title>\n<meta name=\"robots\" content=\"index, follow, max-snippet:-1, max-image-preview:large, max-video-preview:-1\" \/>\n<link rel=\"canonical\" href=\"https:\/\/noaksark.org\/stockholm\/en\/leva-med-hiv\/aktiviteter\/halsosparet\/\" \/>\n<meta property=\"og:locale\" content=\"en_US\" \/>\n<meta property=\"og:type\" content=\"article\" \/>\n<meta property=\"og:title\" content=\"Health Focus (H\u00e4lsosp\u00e5ret)\" \/>\n<meta property=\"og:description\" content=\"Within Health Focus (H\u00e4lsosp\u00e5ret), we offer a range of health-promoting activities such as theme days, courses, and group sessions. These activities help increase knowledge about different aspects of health and well-being. Through H\u00e4lsosp\u00e5ret, you\u2019ll gain...\" \/>\n<meta property=\"og:url\" content=\"https:\/\/noaksark.org\/stockholm\/en\/leva-med-hiv\/aktiviteter\/halsosparet\/\" \/>\n<meta property=\"og:site_name\" content=\"Noaks Ark Stockholm\" \/>\n<meta property=\"article:publisher\" content=\"https:\/\/www.facebook.com\/noaksarkstockholm\" \/>\n<meta property=\"article:modified_time\" content=\"2025-12-11T09:41:45+00:00\" \/>\n<meta name=\"twitter:card\" content=\"summary_large_image\" \/>\n<meta name=\"twitter:label1\" content=\"Est. reading time\" \/>\n\t<meta name=\"twitter:data1\" content=\"1 minute\" \/>\n<script type=\"application\/ld+json\" class=\"yoast-schema-graph\">{\"@context\":\"https:\\\/\\\/schema.org\",\"@graph\":[{\"@type\":\"WebPage\",\"@id\":\"https:\\\/\\\/noaksark.org\\\/stockholm\\\/en\\\/leva-med-hiv\\\/aktiviteter\\\/halsosparet\\\/\",\"url\":\"https:\\\/\\\/noaksark.org\\\/stockholm\\\/en\\\/leva-med-hiv\\\/aktiviteter\\\/halsosparet\\\/\",\"name\":\"\",\"isPartOf\":{\"@id\":\"https:\\\/\\\/noaksark.org\\\/stockholm\\\/en\\\/#website\"},\"datePublished\":\"2025-10-24T09:17:10+00:00\",\"dateModified\":\"2025-12-11T09:41:45+00:00\",\"breadcrumb\":{\"@id\":\"https:\\\/\\\/noaksark.org\\\/stockholm\\\/en\\\/leva-med-hiv\\\/aktiviteter\\\/halsosparet\\\/#breadcrumb\"},\"inLanguage\":\"en-US\",\"potentialAction\":[{\"@type\":\"ReadAction\",\"target\":[\"https:\\\/\\\/noaksark.org\\\/stockholm\\\/en\\\/leva-med-hiv\\\/aktiviteter\\\/halsosparet\\\/\"]}]},{\"@type\":\"BreadcrumbList\",\"@id\":\"https:\\\/\\\/noaksark.org\\\/stockholm\\\/en\\\/leva-med-hiv\\\/aktiviteter\\\/halsosparet\\\/#breadcrumb\",\"itemListElement\":[{\"@type\":\"ListItem\",\"position\":1,\"name\":\"Home\",\"item\":\"https:\\\/\\\/noaksark.org\\\/stockholm\\\/en\\\/\"},{\"@type\":\"ListItem\",\"position\":2,\"name\":\"Living with HIV\",\"item\":\"https:\\\/\\\/noaksark.org\\\/stockholm\\\/en\\\/leva-med-hiv\\\/\"},{\"@type\":\"ListItem\",\"position\":3,\"name\":\"Activities\",\"item\":\"https:\\\/\\\/noaksark.org\\\/stockholm\\\/en\\\/leva-med-hiv\\\/aktiviteter\\\/\"},{\"@type\":\"ListItem\",\"position\":4,\"name\":\"Health Focus (H\u00e4lsosp\u00e5ret)\"}]},{\"@type\":\"WebSite\",\"@id\":\"https:\\\/\\\/noaksark.org\\\/stockholm\\\/en\\\/#website\",\"url\":\"https:\\\/\\\/noaksark.org\\\/stockholm\\\/en\\\/\",\"name\":\"Noaks Ark Stockholm\",\"description\":\"\",\"publisher\":{\"@id\":\"https:\\\/\\\/noaksark.org\\\/stockholm\\\/en\\\/#organization\"},\"potentialAction\":[{\"@type\":\"SearchAction\",\"target\":{\"@type\":\"EntryPoint\",\"urlTemplate\":\"https:\\\/\\\/noaksark.org\\\/stockholm\\\/en\\\/?s={search_term_string}\"},\"query-input\":{\"@type\":\"PropertyValueSpecification\",\"valueRequired\":true,\"valueName\":\"search_term_string\"}}],\"inLanguage\":\"en-US\"},{\"@type\":\"Organization\",\"@id\":\"https:\\\/\\\/noaksark.org\\\/stockholm\\\/en\\\/#organization\",\"name\":\"Noaks Ark Stockholm\",\"url\":\"https:\\\/\\\/noaksark.org\\\/stockholm\\\/en\\\/\",\"logo\":{\"@type\":\"ImageObject\",\"inLanguage\":\"en-US\",\"@id\":\"https:\\\/\\\/noaksark.org\\\/stockholm\\\/en\\\/#\\\/schema\\\/logo\\\/image\\\/\",\"url\":\"https:\\\/\\\/noaksark.org\\\/stockholm\\\/wp-content\\\/uploads\\\/sites\\\/2\\\/2022\\\/08\\\/noaks-ark-nyheter-vad-betyder-noaks-ark-for-dig.jpg\",\"contentUrl\":\"https:\\\/\\\/noaksark.org\\\/stockholm\\\/wp-content\\\/uploads\\\/sites\\\/2\\\/2022\\\/08\\\/noaks-ark-nyheter-vad-betyder-noaks-ark-for-dig.jpg\",\"width\":1000,\"height\":1000,\"caption\":\"Noaks Ark Stockholm\"},\"image\":{\"@id\":\"https:\\\/\\\/noaksark.org\\\/stockholm\\\/en\\\/#\\\/schema\\\/logo\\\/image\\\/\"},\"sameAs\":[\"https:\\\/\\\/www.facebook.com\\\/noaksarkstockholm\",\"https:\\\/\\\/www.instagram.com\\\/noaksarkstockholm\\\/\",\"https:\\\/\\\/se.linkedin.com\\\/company\\\/noaks-ark-stockholm\"]}]}<\/script>\n<!-- \/ Yoast SEO Premium plugin. -->","yoast_head_json":{"title":"Noaks Ark Stockholm","robots":{"index":"index","follow":"follow","max-snippet":"max-snippet:-1","max-image-preview":"max-image-preview:large","max-video-preview":"max-video-preview:-1"},"canonical":"https:\/\/noaksark.org\/stockholm\/en\/leva-med-hiv\/aktiviteter\/halsosparet\/","og_locale":"en_US","og_type":"article","og_title":"Health Focus (H\u00e4lsosp\u00e5ret)","og_description":"Within Health Focus (H\u00e4lsosp\u00e5ret), we offer a range of health-promoting activities such as theme days, courses, and group sessions. These activities help increase knowledge about different aspects of health and well-being. Through H\u00e4lsosp\u00e5ret, you\u2019ll gain...","og_url":"https:\/\/noaksark.org\/stockholm\/en\/leva-med-hiv\/aktiviteter\/halsosparet\/","og_site_name":"Noaks Ark Stockholm","article_publisher":"https:\/\/www.facebook.com\/noaksarkstockholm","article_modified_time":"2025-12-11T09:41:45+00:00","twitter_card":"summary_large_image","twitter_misc":{"Est. reading time":"1 minute"},"schema":{"@context":"https:\/\/schema.org","@graph":[{"@type":"WebPage","@id":"https:\/\/noaksark.org\/stockholm\/en\/leva-med-hiv\/aktiviteter\/halsosparet\/","url":"https:\/\/noaksark.org\/stockholm\/en\/leva-med-hiv\/aktiviteter\/halsosparet\/","name":"","isPartOf":{"@id":"https:\/\/noaksark.org\/stockholm\/en\/#website"},"datePublished":"2025-10-24T09:17:10+00:00","dateModified":"2025-12-11T09:41:45+00:00","breadcrumb":{"@id":"https:\/\/noaksark.org\/stockholm\/en\/leva-med-hiv\/aktiviteter\/halsosparet\/#breadcrumb"},"inLanguage":"en-US","potentialAction":[{"@type":"ReadAction","target":["https:\/\/noaksark.org\/stockholm\/en\/leva-med-hiv\/aktiviteter\/halsosparet\/"]}]},{"@type":"BreadcrumbList","@id":"https:\/\/noaksark.org\/stockholm\/en\/leva-med-hiv\/aktiviteter\/halsosparet\/#breadcrumb","itemListElement":[{"@type":"ListItem","position":1,"name":"Home","item":"https:\/\/noaksark.org\/stockholm\/en\/"},{"@type":"ListItem","position":2,"name":"Living with HIV","item":"https:\/\/noaksark.org\/stockholm\/en\/leva-med-hiv\/"},{"@type":"ListItem","position":3,"name":"Activities","item":"https:\/\/noaksark.org\/stockholm\/en\/leva-med-hiv\/aktiviteter\/"},{"@type":"ListItem","position":4,"name":"Health Focus (H\u00e4lsosp\u00e5ret)"}]},{"@type":"WebSite","@id":"https:\/\/noaksark.org\/stockholm\/en\/#website","url":"https:\/\/noaksark.org\/stockholm\/en\/","name":"Noaks Ark Stockholm","description":"","publisher":{"@id":"https:\/\/noaksark.org\/stockholm\/en\/#organization"},"potentialAction":[{"@type":"SearchAction","target":{"@type":"EntryPoint","urlTemplate":"https:\/\/noaksark.org\/stockholm\/en\/?s={search_term_string}"},"query-input":{"@type":"PropertyValueSpecification","valueRequired":true,"valueName":"search_term_string"}}],"inLanguage":"en-US"},{"@type":"Organization","@id":"https:\/\/noaksark.org\/stockholm\/en\/#organization","name":"Noaks Ark Stockholm","url":"https:\/\/noaksark.org\/stockholm\/en\/","logo":{"@type":"ImageObject","inLanguage":"en-US","@id":"https:\/\/noaksark.org\/stockholm\/en\/#\/schema\/logo\/image\/","url":"https:\/\/noaksark.org\/stockholm\/wp-content\/uploads\/sites\/2\/2022\/08\/noaks-ark-nyheter-vad-betyder-noaks-ark-for-dig.jpg","contentUrl":"https:\/\/noaksark.org\/stockholm\/wp-content\/uploads\/sites\/2\/2022\/08\/noaks-ark-nyheter-vad-betyder-noaks-ark-for-dig.jpg","width":1000,"height":1000,"caption":"Noaks Ark Stockholm"},"image":{"@id":"https:\/\/noaksark.org\/stockholm\/en\/#\/schema\/logo\/image\/"},"sameAs":["https:\/\/www.facebook.com\/noaksarkstockholm","https:\/\/www.instagram.com\/noaksarkstockholm\/","https:\/\/se.linkedin.com\/company\/noaks-ark-stockholm"]}]}},"_links":{"self":[{"href":"https:\/\/noaksark.org\/stockholm\/en\/wp-json\/wp\/v2\/pages\/12142","targetHints":{"allow":["GET"]}}],"collection":[{"href":"https:\/\/noaksark.org\/stockholm\/en\/wp-json\/wp\/v2\/pages"}],"about":[{"href":"https:\/\/noaksark.org\/stockholm\/en\/wp-json\/wp\/v2\/types\/page"}],"author":[{"embeddable":true,"href":"https:\/\/noaksark.org\/stockholm\/en\/wp-json\/wp\/v2\/users\/27"}],"replies":[{"embeddable":true,"href":"https:\/\/noaksark.org\/stockholm\/en\/wp-json\/wp\/v2\/comments?post=12142"}],"version-history":[{"count":7,"href":"https:\/\/noaksark.org\/stockholm\/en\/wp-json\/wp\/v2\/pages\/12142\/revisions"}],"predecessor-version":[{"id":12491,"href":"https:\/\/noaksark.org\/stockholm\/en\/wp-json\/wp\/v2\/pages\/12142\/revisions\/12491"}],"up":[{"embeddable":true,"href":"https:\/\/noaksark.org\/stockholm\/en\/wp-json\/wp\/v2\/pages\/9288"}],"wp:attachment":[{"href":"https:\/\/noaksark.org\/stockholm\/en\/wp-json\/wp\/v2\/media?parent=12142"}],"curies":[{"name":"wp","href":"https:\/\/api.w.org\/{rel}","templated":true}]}}