{"id":72,"date":"2022-11-22T15:00:35","date_gmt":"2022-11-22T14:00:35","guid":{"rendered":"https:\/\/noaksark.test\/smaland-halland\/?page_id=72"},"modified":"2023-10-06T09:35:19","modified_gmt":"2023-10-06T08:35:19","slug":"volontar","status":"publish","type":"page","link":"https:\/\/noaksark.org\/smaland-halland\/engagera-dig\/volontar\/","title":{"rendered":"Bli volont\u00e4r"},"content":{"rendered":"\n<h2 class=\"wp-block-heading\" id=\"h-vill-du-engagera-dig-i-en-frivilligorganisation\"><strong>Vill du engagera dig i en frivilligorganisation?<\/strong><\/h2>\n\n\n\n<p><strong>Du kan bidra med att minska stigma och diskriminering!<\/strong><\/p>\n\n\n\n<p>Vi s\u00f6ker volont\u00e4rer till v\u00e5r verksamhet. Som volont\u00e4r engagerar du dig frivilligt. I f\u00f6reningen finns flera intressanta m\u00f6jligheter till volont\u00e4rarbete. Ett volont\u00e4rskap f\u00f6r Noaks Ark Sm\u00e5land &amp; Halland ger dig ut\u00f6kade kunskaper om hiv och andra sexuellt \u00f6verf\u00f6rbara infektioner (STI) samt sexuell och reproduktiv h\u00e4lsa och r\u00e4ttigheter (SRHR). Erfarenheter som kan bli en tillg\u00e5ng f\u00f6r dig p\u00e5 arbetsmarknaden. Ett engagemang i en verksamhet som Noaks Ark sl\u00e5r h\u00f6gt p\u00e5 CV:t vid arbetsans\u00f6kan. Utv\u00e4rdering fr\u00e5n volont\u00e4rer visar att ett engagemang i v\u00e5r f\u00f6rening ger ett personligt v\u00e4rde, \u00e4r l\u00e4rorikt med nya kunskaper och i m\u00f6tet med m\u00e4nniskor fr\u00e5n olika kulturer och bakgrunder. Din medm\u00e4nsklighet g\u00f6r skillnad. Vi st\u00e5r f\u00f6r din utbildning som volont\u00e4r samt ger dig kontinuerlig handledning i ditt arbete hos oss.<\/p>\n\n\n\n<p><strong>Grundkrav f\u00f6r volont\u00e4rer:<\/strong><\/p>\n\n\n\n<ul class=\"wp-block-list\">\n<li>Genomg\u00e5 en grundutbildning i sexuell och reproduktiv h\u00e4lsa f\u00f6r volont\u00e4rer<\/li>\n\n\n\n<li>Intervju med verksamhetsansvarig<\/li>\n\n\n\n<li>Utdrag belastningsregister<\/li>\n\n\n\n<li>Avtal om sekretess<\/li>\n\n\n\n<li>Pr\u00f6votid p\u00e5 6 m\u00e5nader<\/li>\n<\/ul>\n\n\n\n<p>Vad vill du g\u00f6ra? Vilka erfarenheter och kunskaper har du som du vill bidra med f\u00f6r f\u00f6reningens utveckling? Det finns en rad m\u00f6jliga uppdrag som du kan g\u00f6ra som volont\u00e4r hos Noaks Ark Sm\u00e5land &amp; Halland. Tillsammans kommer vi fram till ett volont\u00e4ruppdrag som passar dig. <\/p>\n\n\n\n<h2 class=\"wp-block-heading\" id=\"h-informator\">Informat\u00f6r<\/h2>\n\n\n\n<p>Som informat\u00f6r g\u00e5r du ut och pratar om hiv och andra sexuellt \u00f6verf\u00f6rbara infektioner (STI) samt sexuell och reproduktiv h\u00e4lsa och r\u00e4ttigheter (SRHR), HBTQ f\u00f6r olika m\u00e5lgrupper.<\/p>\n\n\n\n<p><strong>Exempel p\u00e5 m\u00e5lgrupper du kan m\u00f6ta:<\/strong><\/p>\n\n\n\n<ul class=\"wp-block-list\">\n<li>Personal inom v\u00e5rd- och omsorg<\/li>\n\n\n\n<li>Elever och personal p\u00e5 h\u00f6gstadie- och gymnasieskolor<\/li>\n\n\n\n<li>Ungdomar och personal p\u00e5 HVB-hem<\/li>\n<\/ul>\n\n\n\n<p>Som volont\u00e4r \u00e4r du en viktig representant f\u00f6r f\u00f6reningen. Du \u00e4r v\u00e5rt ansikte ut\u00e5t. Du har en nyckelroll f\u00f6r att f\u00f6rankra kunskap om v\u00e5ra \u00e4mnen och f\u00f6r att minska stigma och diskriminering. Som informat\u00f6r \u00e4r det bra om du har ett genuint intresse f\u00f6r hiv-, STI-, HBTQ-, och SRHR-fr\u00e5gor. Du \u00e4r bekv\u00e4m med att prata inf\u00f6r st\u00f6rre grupper. Har du erfarenheter av att f\u00f6rel\u00e4sa, leda gruppsamtal eller likande \u00e4r det v\u00e4rdefullt. H\u00e4r \u00e4r det en f\u00f6rdel om du har ett intresse f\u00f6r pedagogiska fr\u00e5gor och att f\u00f6rmedla information till m\u00e4nniskor. Som informat\u00f6r planerar, genomf\u00f6r och utv\u00e4rderar du olika aktiviteter, som f\u00f6rel\u00e4sningar, utbildningar, m\u00e4ssor och informationsbord.<\/p>\n\n\n\n<h2 class=\"wp-block-heading\" id=\"h-vard-pa-testmottagningen\">V\u00e4rd p\u00e5 testmottagningen<\/h2>\n\n\n\n<p>Som v\u00e4rd p\u00e5 testmottagningen f\u00f6rbereder du testrum och v\u00e4ntrum samt tar emot personer som kommer till testmottagningen n\u00e4r vi har \u00f6ppet p\u00e5 m\u00e5ndagar kl. 17.00-20.00. Efter st\u00e4ngning st\u00e4ller du i ordning i lokalerna. Ytterligare en uppgift i rollen som v\u00e4rd \u00e4r att dela ut egenprovtagningstest f\u00f6r klamydia och gonorr\u00e9. I ditt arbete som v\u00e4rd \u00e4r du betydelsefull i ditt bem\u00f6tandet av bes\u00f6kare. Du f\u00e5r bes\u00f6kare att k\u00e4nna sig v\u00e4lkomna och v\u00e4l omh\u00e4ndertagna n\u00e4r de bes\u00f6ker oss. Du har en central roll i test-teamet d\u00e5 det \u00e4r du som ser till att arbetet p\u00e5 testmottagningen flyter p\u00e5. Du \u00e4r koordinatorn p\u00e5 plats. Denna roll passar dig som studerar p\u00e5 universitet och gymnasium d\u00e5 du kan kombinera denna uppgift med studier p\u00e5 plats.<\/p>\n\n\n\n<h2 class=\"wp-block-heading\" id=\"h-volontar-i-stodverksamheten\">Volont\u00e4r i st\u00f6dverksamheten<\/h2>\n\n\n\n<p>H\u00e4r engagerar du dig i den psykosociala st\u00f6dverksamheten f\u00f6r personer som lever med hiv och deras anh\u00f6riga. I denna verksamhet hj\u00e4lper du till i praktiska uppgifter, psykosociala aktiviteter, samtal och \u00f6vriga fr\u00e5gor som kan uppst\u00e5. Som volont\u00e4r i st\u00f6dverksamheten \u00f6nskar vi att du \u00e4r har en bakgrund i eller h\u00e5ller p\u00e5 att utbildas till socionom, l\u00e4rare, pedagog, psykolog, terapeut, sjuksk\u00f6terska, l\u00e4kare eller annat inom v\u00e5rd- och omsorg. I denna del av verksamheten st\u00e4lls vi flertal g\u00e5nger inf\u00f6r fr\u00e5gest\u00e4llningar av juridisk karakt\u00e4r, d\u00e4rf\u00f6r ser vi g\u00e4rna volont\u00e4rer med erfarenhet och kompetens av juridik. I din roll g\u00f6r du skillnad i v\u00e5r st\u00f6dverksamhet. Utv\u00e4rdering fr\u00e5n volont\u00e4rer visar att ett engagemang i st\u00f6dverksamheten ger ett personligt v\u00e4rde, meningsfullhet, kunskaper och v\u00e4rdefulla erfarenheter av att m\u00f6ta m\u00e4nniskor som lever med hiv, fr\u00e5n olika kulturer och bakgrunder. Din medm\u00e4nsklighet g\u00f6r skillnad!<\/p>\n\n\n\n<div class=\"wp-block-contact-form-7-contact-form-selector\">\n<div class=\"wpcf7 no-js\" id=\"wpcf7-f936-o1\" lang=\"sv-SE\" dir=\"ltr\" data-wpcf7-id=\"936\">\n<div class=\"screen-reader-response\"><p role=\"status\" aria-live=\"polite\" aria-atomic=\"true\"><\/p> <ul><\/ul><\/div>\n<form action=\"\/smaland-halland\/wp-json\/wp\/v2\/pages\/72#wpcf7-f936-o1\" method=\"post\" class=\"wpcf7-form init\" aria-label=\"Kontaktformul\u00e4r\" novalidate=\"novalidate\" data-status=\"init\">\n<fieldset class=\"hidden-fields-container\"><input type=\"hidden\" name=\"_wpcf7\" value=\"936\" \/><input type=\"hidden\" name=\"_wpcf7_version\" value=\"6.1.5\" \/><input type=\"hidden\" name=\"_wpcf7_locale\" value=\"sv_SE\" \/><input type=\"hidden\" name=\"_wpcf7_unit_tag\" value=\"wpcf7-f936-o1\" \/><input type=\"hidden\" name=\"_wpcf7_container_post\" value=\"0\" \/><input type=\"hidden\" name=\"_wpcf7_posted_data_hash\" value=\"\" \/><input type=\"hidden\" name=\"_wpcf7_recaptcha_response\" value=\"\" \/>\n<\/fieldset>\n<div class=\"business-partner-form p-3\">\n\t<h4>Vill du bli en av oss?\n\t<\/h4>\n\t<p>Skicka en ans\u00f6kan via formul\u00e4ret nedan d\u00e4r du ber\u00e4ttar lite om dig sj\u00e4lv s\u00e5 kontaktar vi dig.\n\t<\/p>\n\t<div class=\"row\">\n\t\t<div class=\"col-sm-12\">\n\t\t\t<h6>Namn\n\t\t\t<\/h6>\n\t\t\t<p><span class=\"wpcf7-form-control-wrap\" data-name=\"your-name\"><input size=\"40\" maxlength=\"400\" class=\"wpcf7-form-control wpcf7-text wpcf7-validates-as-required form-control\" aria-required=\"true\" aria-invalid=\"false\" value=\"\" type=\"text\" name=\"your-name\" \/><\/span>\n\t\t\t<\/p>\n\t\t<\/div>\n\t\t<div class=\"col-sm-12 col-lg-6\">\n\t\t\t<h6>Telefonnummer\n\t\t\t<\/h6>\n\t\t\t<p><span class=\"wpcf7-form-control-wrap\" data-name=\"phone-number\"><input size=\"40\" maxlength=\"400\" class=\"wpcf7-form-control wpcf7-text form-control\" aria-invalid=\"false\" value=\"\" type=\"text\" name=\"phone-number\" \/><\/span>\n\t\t\t<\/p>\n\t\t<\/div>\n\t\t<div class=\"col-sm-12 col-lg-6\">\n\t\t\t<h6>E-mail\n\t\t\t<\/h6>\n\t\t\t<p><span class=\"wpcf7-form-control-wrap\" data-name=\"your-email\"><input size=\"40\" maxlength=\"400\" class=\"wpcf7-form-control wpcf7-email wpcf7-validates-as-required wpcf7-text wpcf7-validates-as-email form-control\" aria-required=\"true\" aria-invalid=\"false\" value=\"\" type=\"email\" name=\"your-email\" \/><\/span>\n\t\t\t<\/p>\n\t\t<\/div>\n\t\t<div class=\"col-sm-12\">\n\t\t\t<h6>Ditt meddelande\n\t\t\t<\/h6>\n\t\t\t<p><span class=\"wpcf7-form-control-wrap\" data-name=\"your-message\"><textarea cols=\"40\" rows=\"10\" maxlength=\"2000\" class=\"wpcf7-form-control wpcf7-textarea form-control\" aria-invalid=\"false\" name=\"your-message\"><\/textarea><\/span>\n\t\t\t<\/p>\n\t\t<\/div>\n\t\t<p><span class=\"wpcf7-form-control-wrap\" data-name=\"acceptance-41\"><span class=\"wpcf7-form-control wpcf7-acceptance\"><span class=\"wpcf7-list-item\"><label><input type=\"checkbox\" name=\"acceptance-41\" value=\"1\" aria-invalid=\"false\" \/><span class=\"wpcf7-list-item-label\">Jag godk\u00e4nner Noaks Arks <a href=\"https:\/\/noaksark.org\/smaland-halland\/om-oss\/personuppgiftspolicy\/\">behandling av mina personuppgifter.<\/a><\/span><\/label><\/span><\/span><\/span>\n\t\t<\/p>\n\t\t<p><input class=\"wpcf7-form-control wpcf7-submit has-spinner\" type=\"submit\" value=\"Skicka intresseanm\u00e4lan\" \/>\n\t\t<\/p>\n\t\t<p>Eller <a href=\"https:\/\/noaksark.org\/smaland-halland\/om-oss\/kontakt\/\">kontakta oss<\/a> om du har n\u00e5gra fr\u00e5gor!\n\t\t<\/p>\n\t<\/div>\n<\/div><div class=\"wpcf7-response-output\" aria-hidden=\"true\"><\/div>\n<\/form>\n<\/div>\n<\/div>\n","protected":false},"excerpt":{"rendered":"<p>Vill du engagera dig i en frivilligorganisation? Du kan bidra med att minska stigma och diskriminering! Vi s\u00f6ker volont\u00e4rer till v\u00e5r verksamhet. Som volont\u00e4r engagerar du dig frivilligt. I f\u00f6reningen finns flera intressanta m\u00f6jligheter till&#8230;<\/p>\n","protected":false},"author":27,"featured_media":0,"parent":551,"menu_order":0,"comment_status":"closed","ping_status":"closed","template":"","meta":{"_acf_changed":false,"footnotes":""},"class_list":["post-72","page","type-page","status-publish","hentry"],"acf":[],"yoast_head":"<!-- This site is optimized with the Yoast SEO Premium plugin v27.4 (Yoast SEO v27.5) - https:\/\/yoast.com\/product\/yoast-seo-premium-wordpress\/ -->\n<title>Bli volont\u00e4r - Noaks Ark Sm\u00e5land &amp; Halland<\/title>\n<meta name=\"robots\" content=\"index, follow, max-snippet:-1, max-image-preview:large, max-video-preview:-1\" \/>\n<link rel=\"canonical\" href=\"https:\/\/noaksark.org\/smaland-halland\/engagera-dig\/volontar\/\" \/>\n<meta property=\"og:locale\" content=\"sv_SE\" \/>\n<meta property=\"og:type\" content=\"article\" \/>\n<meta property=\"og:title\" content=\"Bli volont\u00e4r\" \/>\n<meta property=\"og:description\" content=\"Vill du engagera dig i en frivilligorganisation? Du kan bidra med att minska stigma och diskriminering! Vi s\u00f6ker volont\u00e4rer till v\u00e5r verksamhet. Som volont\u00e4r engagerar du dig frivilligt. I f\u00f6reningen finns flera intressanta m\u00f6jligheter till...\" \/>\n<meta property=\"og:url\" content=\"https:\/\/noaksark.org\/smaland-halland\/engagera-dig\/volontar\/\" \/>\n<meta property=\"og:site_name\" content=\"Noaks Ark Sm\u00e5land &amp; Halland\" \/>\n<meta property=\"article:modified_time\" content=\"2023-10-06T08:35:19+00:00\" \/>\n<meta name=\"twitter:card\" content=\"summary_large_image\" \/>\n<meta name=\"twitter:label1\" content=\"Ber\u00e4knad l\u00e4stid\" \/>\n\t<meta name=\"twitter:data1\" content=\"4 minuter\" \/>\n<script type=\"application\/ld+json\" class=\"yoast-schema-graph\">{\"@context\":\"https:\\\/\\\/schema.org\",\"@graph\":[{\"@type\":\"WebPage\",\"@id\":\"https:\\\/\\\/noaksark.org\\\/smaland-halland\\\/engagera-dig\\\/volontar\\\/\",\"url\":\"https:\\\/\\\/noaksark.org\\\/smaland-halland\\\/engagera-dig\\\/volontar\\\/\",\"name\":\"Bli volont\u00e4r - Noaks Ark Sm\u00e5land &amp; Halland\",\"isPartOf\":{\"@id\":\"https:\\\/\\\/noaksark.org\\\/smaland-halland\\\/#website\"},\"datePublished\":\"2022-11-22T14:00:35+00:00\",\"dateModified\":\"2023-10-06T08:35:19+00:00\",\"breadcrumb\":{\"@id\":\"https:\\\/\\\/noaksark.org\\\/smaland-halland\\\/engagera-dig\\\/volontar\\\/#breadcrumb\"},\"inLanguage\":\"sv-SE\",\"potentialAction\":[{\"@type\":\"ReadAction\",\"target\":[\"https:\\\/\\\/noaksark.org\\\/smaland-halland\\\/engagera-dig\\\/volontar\\\/\"]}]},{\"@type\":\"BreadcrumbList\",\"@id\":\"https:\\\/\\\/noaksark.org\\\/smaland-halland\\\/engagera-dig\\\/volontar\\\/#breadcrumb\",\"itemListElement\":[{\"@type\":\"ListItem\",\"position\":1,\"name\":\"Home\",\"item\":\"https:\\\/\\\/noaksark.org\\\/smaland-halland\\\/\"},{\"@type\":\"ListItem\",\"position\":2,\"name\":\"Engagera dig\",\"item\":\"https:\\\/\\\/noaksark.org\\\/smaland-halland\\\/engagera-dig\\\/\"},{\"@type\":\"ListItem\",\"position\":3,\"name\":\"Bli volont\u00e4r\"}]},{\"@type\":\"WebSite\",\"@id\":\"https:\\\/\\\/noaksark.org\\\/smaland-halland\\\/#website\",\"url\":\"https:\\\/\\\/noaksark.org\\\/smaland-halland\\\/\",\"name\":\"Noaks Ark Sm\u00e5land &amp; Halland\",\"description\":\"\",\"potentialAction\":[{\"@type\":\"SearchAction\",\"target\":{\"@type\":\"EntryPoint\",\"urlTemplate\":\"https:\\\/\\\/noaksark.org\\\/smaland-halland\\\/?s={search_term_string}\"},\"query-input\":{\"@type\":\"PropertyValueSpecification\",\"valueRequired\":true,\"valueName\":\"search_term_string\"}}],\"inLanguage\":\"sv-SE\"}]}<\/script>\n<!-- \/ Yoast SEO Premium plugin. -->","yoast_head_json":{"title":"Bli volont\u00e4r - Noaks Ark Sm\u00e5land &amp; Halland","robots":{"index":"index","follow":"follow","max-snippet":"max-snippet:-1","max-image-preview":"max-image-preview:large","max-video-preview":"max-video-preview:-1"},"canonical":"https:\/\/noaksark.org\/smaland-halland\/engagera-dig\/volontar\/","og_locale":"sv_SE","og_type":"article","og_title":"Bli volont\u00e4r","og_description":"Vill du engagera dig i en frivilligorganisation? Du kan bidra med att minska stigma och diskriminering! Vi s\u00f6ker volont\u00e4rer till v\u00e5r verksamhet. Som volont\u00e4r engagerar du dig frivilligt. I f\u00f6reningen finns flera intressanta m\u00f6jligheter till...","og_url":"https:\/\/noaksark.org\/smaland-halland\/engagera-dig\/volontar\/","og_site_name":"Noaks Ark Sm\u00e5land &amp; Halland","article_modified_time":"2023-10-06T08:35:19+00:00","twitter_card":"summary_large_image","twitter_misc":{"Ber\u00e4knad l\u00e4stid":"4 minuter"},"schema":{"@context":"https:\/\/schema.org","@graph":[{"@type":"WebPage","@id":"https:\/\/noaksark.org\/smaland-halland\/engagera-dig\/volontar\/","url":"https:\/\/noaksark.org\/smaland-halland\/engagera-dig\/volontar\/","name":"Bli volont\u00e4r - Noaks Ark Sm\u00e5land &amp; Halland","isPartOf":{"@id":"https:\/\/noaksark.org\/smaland-halland\/#website"},"datePublished":"2022-11-22T14:00:35+00:00","dateModified":"2023-10-06T08:35:19+00:00","breadcrumb":{"@id":"https:\/\/noaksark.org\/smaland-halland\/engagera-dig\/volontar\/#breadcrumb"},"inLanguage":"sv-SE","potentialAction":[{"@type":"ReadAction","target":["https:\/\/noaksark.org\/smaland-halland\/engagera-dig\/volontar\/"]}]},{"@type":"BreadcrumbList","@id":"https:\/\/noaksark.org\/smaland-halland\/engagera-dig\/volontar\/#breadcrumb","itemListElement":[{"@type":"ListItem","position":1,"name":"Home","item":"https:\/\/noaksark.org\/smaland-halland\/"},{"@type":"ListItem","position":2,"name":"Engagera dig","item":"https:\/\/noaksark.org\/smaland-halland\/engagera-dig\/"},{"@type":"ListItem","position":3,"name":"Bli volont\u00e4r"}]},{"@type":"WebSite","@id":"https:\/\/noaksark.org\/smaland-halland\/#website","url":"https:\/\/noaksark.org\/smaland-halland\/","name":"Noaks Ark Sm\u00e5land &amp; Halland","description":"","potentialAction":[{"@type":"SearchAction","target":{"@type":"EntryPoint","urlTemplate":"https:\/\/noaksark.org\/smaland-halland\/?s={search_term_string}"},"query-input":{"@type":"PropertyValueSpecification","valueRequired":true,"valueName":"search_term_string"}}],"inLanguage":"sv-SE"}]}},"_links":{"self":[{"href":"https:\/\/noaksark.org\/smaland-halland\/wp-json\/wp\/v2\/pages\/72","targetHints":{"allow":["GET"]}}],"collection":[{"href":"https:\/\/noaksark.org\/smaland-halland\/wp-json\/wp\/v2\/pages"}],"about":[{"href":"https:\/\/noaksark.org\/smaland-halland\/wp-json\/wp\/v2\/types\/page"}],"author":[{"embeddable":true,"href":"https:\/\/noaksark.org\/smaland-halland\/wp-json\/wp\/v2\/users\/27"}],"replies":[{"embeddable":true,"href":"https:\/\/noaksark.org\/smaland-halland\/wp-json\/wp\/v2\/comments?post=72"}],"version-history":[{"count":5,"href":"https:\/\/noaksark.org\/smaland-halland\/wp-json\/wp\/v2\/pages\/72\/revisions"}],"predecessor-version":[{"id":1226,"href":"https:\/\/noaksark.org\/smaland-halland\/wp-json\/wp\/v2\/pages\/72\/revisions\/1226"}],"up":[{"embeddable":true,"href":"https:\/\/noaksark.org\/smaland-halland\/wp-json\/wp\/v2\/pages\/551"}],"wp:attachment":[{"href":"https:\/\/noaksark.org\/smaland-halland\/wp-json\/wp\/v2\/media?parent=72"}],"curies":[{"name":"wp","href":"https:\/\/api.w.org\/{rel}","templated":true}]}}