{"id":70,"date":"2022-11-22T14:55:32","date_gmt":"2022-11-22T14:55:32","guid":{"rendered":"https:\/\/noaksark.test\/smaland-halland\/?page_id=70"},"modified":"2023-03-02T13:07:23","modified_gmt":"2023-03-02T12:07:23","slug":"bli-medlem","status":"publish","type":"page","link":"https:\/\/noaksark.org\/smaland-halland\/engagera-dig\/bli-medlem\/","title":{"rendered":"Bli medlem"},"content":{"rendered":"\n<p><strong>DU g\u00f6r skillnad!<\/strong><\/p>\n\n\n\n<p>F\u00f6reningen Noaks Ark Sm\u00e5land &amp; Halland \u00e4r en medlemsf\u00f6rening.&nbsp;Som medlem \u00e4r du v\u00e4rdefull f\u00f6r oss! Som medlem bidrar du bland annat till att;<\/p>\n\n\n\n<ul class=\"wp-block-list\">\n<li>ge f\u00f6reningen en starkare r\u00f6st f\u00f6r att p\u00e5visa vikten av psykosocialt st\u00f6d till personer som lever med hiv och deras n\u00e4rst\u00e5ende<\/li>\n\n\n\n<li>minska stigma och diskriminering av personer som lever med hiv<\/li>\n\n\n\n<li>\u00f6ka v\u00e4lbefinnandet och livskvaliteten hos personer som lever med hiv<\/li>\n\n\n\n<li>\u00f6ka medvetenheten och kunskapen kring hur det \u00e4r att leva med hiv i Sverige idag<\/li>\n\n\n\n<li>p\u00e5visa vikten av sexuell och reproduktiv h\u00e4lsa och r\u00e4ttigheter (SRHR)<\/li>\n<\/ul>\n\n\n\n<p>Vill du bli medlem s\u00e5 skickar du e-post till&nbsp;<a href=\"mailto:info.smaland@noaksark.org\">info.smaland@noaksark.org<\/a>&nbsp;och uppger namn, telefonnummer och adress.<\/p>\n\n\n\n<p>Medlemsavgiften \u00e4r 50kr\/kalender\u00e5r. Medlemsavgiften och\/eller eventuella g\u00e5vor s\u00e4tts in till v\u00e5rt plusgirokonto eller via swish.<\/p>\n\n\n\n<ul class=\"wp-block-list\">\n<li>Plusgirokonto: 56 65 04 \u2013 7<\/li>\n\n\n\n<li>Swishnummer: 123 354 69 67<\/li>\n<\/ul>\n\n\n\n<p>Vid g\u00e5va eller bidrag ange \u201dg\u00e5va\u201d i meddelanderutan.<\/p>\n\n\n\n<p>Vid medlemskap ange ditt namn s\u00e5 att vi kan h\u00e4rleda betalningen till dig.<\/p>\n\n\n\n<p><strong>Tack f\u00f6r ditt st\u00f6d!<\/strong><\/p>\n\n\n\n<figure class=\"wp-block-image size-large is-resized\"><img loading=\"lazy\" decoding=\"async\" src=\"https:\/\/noaksark.org\/smaland-halland\/wp-content\/uploads\/sites\/5\/2023\/03\/qr-904x1024.png\" alt=\"\" class=\"wp-image-635\" width=\"226\" height=\"256\" srcset=\"https:\/\/noaksark.org\/smaland-halland\/wp-content\/uploads\/sites\/5\/2023\/03\/qr-904x1024.png 904w, https:\/\/noaksark.org\/smaland-halland\/wp-content\/uploads\/sites\/5\/2023\/03\/qr-265x300.png 265w, https:\/\/noaksark.org\/smaland-halland\/wp-content\/uploads\/sites\/5\/2023\/03\/qr-768x870.png 768w, https:\/\/noaksark.org\/smaland-halland\/wp-content\/uploads\/sites\/5\/2023\/03\/qr-1355x1536.png 1355w, https:\/\/noaksark.org\/smaland-halland\/wp-content\/uploads\/sites\/5\/2023\/03\/qr-88x100.png 88w, https:\/\/noaksark.org\/smaland-halland\/wp-content\/uploads\/sites\/5\/2023\/03\/qr-678x768.png 678w, https:\/\/noaksark.org\/smaland-halland\/wp-content\/uploads\/sites\/5\/2023\/03\/qr.png 1500w\" sizes=\"auto, (max-width: 226px) 100vw, 226px\" \/><\/figure>\n","protected":false},"excerpt":{"rendered":"<p>DU g\u00f6r skillnad! F\u00f6reningen Noaks Ark Sm\u00e5land &amp; Halland \u00e4r en medlemsf\u00f6rening.&nbsp;Som medlem \u00e4r du v\u00e4rdefull f\u00f6r oss! Som medlem bidrar du bland annat till att; Vill du bli medlem s\u00e5 skickar du e-post till&nbsp;info.smaland@noaksark.org&nbsp;och&#8230;<\/p>\n","protected":false},"author":27,"featured_media":0,"parent":551,"menu_order":0,"comment_status":"closed","ping_status":"closed","template":"","meta":{"_acf_changed":false,"footnotes":""},"class_list":["post-70","page","type-page","status-publish","hentry"],"acf":[],"yoast_head":"<!-- This site is optimized with the Yoast SEO Premium plugin v27.4 (Yoast SEO v27.5) - https:\/\/yoast.com\/product\/yoast-seo-premium-wordpress\/ -->\n<title>Bli medlem - Noaks Ark Sm\u00e5land &amp; Halland<\/title>\n<meta name=\"robots\" content=\"index, follow, max-snippet:-1, max-image-preview:large, max-video-preview:-1\" \/>\n<link rel=\"canonical\" href=\"https:\/\/noaksark.org\/smaland-halland\/engagera-dig\/bli-medlem\/\" \/>\n<meta property=\"og:locale\" content=\"sv_SE\" \/>\n<meta property=\"og:type\" content=\"article\" \/>\n<meta property=\"og:title\" content=\"Bli medlem\" \/>\n<meta property=\"og:description\" content=\"DU g\u00f6r skillnad! F\u00f6reningen Noaks Ark Sm\u00e5land &amp; Halland \u00e4r en medlemsf\u00f6rening.&nbsp;Som medlem \u00e4r du v\u00e4rdefull f\u00f6r oss! Som medlem bidrar du bland annat till att; Vill du bli medlem s\u00e5 skickar du e-post till&nbsp;info.smaland@noaksark.org&nbsp;och...\" \/>\n<meta property=\"og:url\" content=\"https:\/\/noaksark.org\/smaland-halland\/engagera-dig\/bli-medlem\/\" \/>\n<meta property=\"og:site_name\" content=\"Noaks Ark Sm\u00e5land &amp; Halland\" \/>\n<meta property=\"article:modified_time\" content=\"2023-03-02T12:07:23+00:00\" \/>\n<meta property=\"og:image\" content=\"https:\/\/noaksark.org\/smaland-halland\/wp-content\/uploads\/sites\/5\/2023\/03\/qr-904x1024.png\" \/>\n<meta name=\"twitter:card\" content=\"summary_large_image\" \/>\n<meta name=\"twitter:label1\" content=\"Ber\u00e4knad l\u00e4stid\" \/>\n\t<meta name=\"twitter:data1\" content=\"1 minut\" \/>\n<script type=\"application\/ld+json\" class=\"yoast-schema-graph\">{\"@context\":\"https:\\\/\\\/schema.org\",\"@graph\":[{\"@type\":\"WebPage\",\"@id\":\"https:\\\/\\\/noaksark.org\\\/smaland-halland\\\/engagera-dig\\\/bli-medlem\\\/\",\"url\":\"https:\\\/\\\/noaksark.org\\\/smaland-halland\\\/engagera-dig\\\/bli-medlem\\\/\",\"name\":\"Bli medlem - Noaks Ark Sm\u00e5land &amp; Halland\",\"isPartOf\":{\"@id\":\"https:\\\/\\\/noaksark.org\\\/smaland-halland\\\/#website\"},\"primaryImageOfPage\":{\"@id\":\"https:\\\/\\\/noaksark.org\\\/smaland-halland\\\/engagera-dig\\\/bli-medlem\\\/#primaryimage\"},\"image\":{\"@id\":\"https:\\\/\\\/noaksark.org\\\/smaland-halland\\\/engagera-dig\\\/bli-medlem\\\/#primaryimage\"},\"thumbnailUrl\":\"https:\\\/\\\/noaksark.org\\\/smaland-halland\\\/wp-content\\\/uploads\\\/sites\\\/5\\\/2023\\\/03\\\/qr-904x1024.png\",\"datePublished\":\"2022-11-22T14:55:32+00:00\",\"dateModified\":\"2023-03-02T12:07:23+00:00\",\"breadcrumb\":{\"@id\":\"https:\\\/\\\/noaksark.org\\\/smaland-halland\\\/engagera-dig\\\/bli-medlem\\\/#breadcrumb\"},\"inLanguage\":\"sv-SE\",\"potentialAction\":[{\"@type\":\"ReadAction\",\"target\":[\"https:\\\/\\\/noaksark.org\\\/smaland-halland\\\/engagera-dig\\\/bli-medlem\\\/\"]}]},{\"@type\":\"ImageObject\",\"inLanguage\":\"sv-SE\",\"@id\":\"https:\\\/\\\/noaksark.org\\\/smaland-halland\\\/engagera-dig\\\/bli-medlem\\\/#primaryimage\",\"url\":\"https:\\\/\\\/noaksark.org\\\/smaland-halland\\\/wp-content\\\/uploads\\\/sites\\\/5\\\/2023\\\/03\\\/qr.png\",\"contentUrl\":\"https:\\\/\\\/noaksark.org\\\/smaland-halland\\\/wp-content\\\/uploads\\\/sites\\\/5\\\/2023\\\/03\\\/qr.png\",\"width\":1500,\"height\":1700},{\"@type\":\"BreadcrumbList\",\"@id\":\"https:\\\/\\\/noaksark.org\\\/smaland-halland\\\/engagera-dig\\\/bli-medlem\\\/#breadcrumb\",\"itemListElement\":[{\"@type\":\"ListItem\",\"position\":1,\"name\":\"Home\",\"item\":\"https:\\\/\\\/noaksark.org\\\/smaland-halland\\\/\"},{\"@type\":\"ListItem\",\"position\":2,\"name\":\"Engagera dig\",\"item\":\"https:\\\/\\\/noaksark.org\\\/smaland-halland\\\/engagera-dig\\\/\"},{\"@type\":\"ListItem\",\"position\":3,\"name\":\"Bli medlem\"}]},{\"@type\":\"WebSite\",\"@id\":\"https:\\\/\\\/noaksark.org\\\/smaland-halland\\\/#website\",\"url\":\"https:\\\/\\\/noaksark.org\\\/smaland-halland\\\/\",\"name\":\"Noaks Ark Sm\u00e5land &amp; Halland\",\"description\":\"\",\"potentialAction\":[{\"@type\":\"SearchAction\",\"target\":{\"@type\":\"EntryPoint\",\"urlTemplate\":\"https:\\\/\\\/noaksark.org\\\/smaland-halland\\\/?s={search_term_string}\"},\"query-input\":{\"@type\":\"PropertyValueSpecification\",\"valueRequired\":true,\"valueName\":\"search_term_string\"}}],\"inLanguage\":\"sv-SE\"}]}<\/script>\n<!-- \/ Yoast SEO Premium plugin. -->","yoast_head_json":{"title":"Bli medlem - Noaks Ark Sm\u00e5land &amp; Halland","robots":{"index":"index","follow":"follow","max-snippet":"max-snippet:-1","max-image-preview":"max-image-preview:large","max-video-preview":"max-video-preview:-1"},"canonical":"https:\/\/noaksark.org\/smaland-halland\/engagera-dig\/bli-medlem\/","og_locale":"sv_SE","og_type":"article","og_title":"Bli medlem","og_description":"DU g\u00f6r skillnad! F\u00f6reningen Noaks Ark Sm\u00e5land &amp; Halland \u00e4r en medlemsf\u00f6rening.&nbsp;Som medlem \u00e4r du v\u00e4rdefull f\u00f6r oss! Som medlem bidrar du bland annat till att; Vill du bli medlem s\u00e5 skickar du e-post till&nbsp;info.smaland@noaksark.org&nbsp;och...","og_url":"https:\/\/noaksark.org\/smaland-halland\/engagera-dig\/bli-medlem\/","og_site_name":"Noaks Ark Sm\u00e5land &amp; Halland","article_modified_time":"2023-03-02T12:07:23+00:00","og_image":[{"url":"https:\/\/noaksark.org\/smaland-halland\/wp-content\/uploads\/sites\/5\/2023\/03\/qr-904x1024.png","type":"","width":"","height":""}],"twitter_card":"summary_large_image","twitter_misc":{"Ber\u00e4knad l\u00e4stid":"1 minut"},"schema":{"@context":"https:\/\/schema.org","@graph":[{"@type":"WebPage","@id":"https:\/\/noaksark.org\/smaland-halland\/engagera-dig\/bli-medlem\/","url":"https:\/\/noaksark.org\/smaland-halland\/engagera-dig\/bli-medlem\/","name":"Bli medlem - Noaks Ark Sm\u00e5land &amp; Halland","isPartOf":{"@id":"https:\/\/noaksark.org\/smaland-halland\/#website"},"primaryImageOfPage":{"@id":"https:\/\/noaksark.org\/smaland-halland\/engagera-dig\/bli-medlem\/#primaryimage"},"image":{"@id":"https:\/\/noaksark.org\/smaland-halland\/engagera-dig\/bli-medlem\/#primaryimage"},"thumbnailUrl":"https:\/\/noaksark.org\/smaland-halland\/wp-content\/uploads\/sites\/5\/2023\/03\/qr-904x1024.png","datePublished":"2022-11-22T14:55:32+00:00","dateModified":"2023-03-02T12:07:23+00:00","breadcrumb":{"@id":"https:\/\/noaksark.org\/smaland-halland\/engagera-dig\/bli-medlem\/#breadcrumb"},"inLanguage":"sv-SE","potentialAction":[{"@type":"ReadAction","target":["https:\/\/noaksark.org\/smaland-halland\/engagera-dig\/bli-medlem\/"]}]},{"@type":"ImageObject","inLanguage":"sv-SE","@id":"https:\/\/noaksark.org\/smaland-halland\/engagera-dig\/bli-medlem\/#primaryimage","url":"https:\/\/noaksark.org\/smaland-halland\/wp-content\/uploads\/sites\/5\/2023\/03\/qr.png","contentUrl":"https:\/\/noaksark.org\/smaland-halland\/wp-content\/uploads\/sites\/5\/2023\/03\/qr.png","width":1500,"height":1700},{"@type":"BreadcrumbList","@id":"https:\/\/noaksark.org\/smaland-halland\/engagera-dig\/bli-medlem\/#breadcrumb","itemListElement":[{"@type":"ListItem","position":1,"name":"Home","item":"https:\/\/noaksark.org\/smaland-halland\/"},{"@type":"ListItem","position":2,"name":"Engagera dig","item":"https:\/\/noaksark.org\/smaland-halland\/engagera-dig\/"},{"@type":"ListItem","position":3,"name":"Bli medlem"}]},{"@type":"WebSite","@id":"https:\/\/noaksark.org\/smaland-halland\/#website","url":"https:\/\/noaksark.org\/smaland-halland\/","name":"Noaks Ark Sm\u00e5land &amp; Halland","description":"","potentialAction":[{"@type":"SearchAction","target":{"@type":"EntryPoint","urlTemplate":"https:\/\/noaksark.org\/smaland-halland\/?s={search_term_string}"},"query-input":{"@type":"PropertyValueSpecification","valueRequired":true,"valueName":"search_term_string"}}],"inLanguage":"sv-SE"}]}},"_links":{"self":[{"href":"https:\/\/noaksark.org\/smaland-halland\/wp-json\/wp\/v2\/pages\/70","targetHints":{"allow":["GET"]}}],"collection":[{"href":"https:\/\/noaksark.org\/smaland-halland\/wp-json\/wp\/v2\/pages"}],"about":[{"href":"https:\/\/noaksark.org\/smaland-halland\/wp-json\/wp\/v2\/types\/page"}],"author":[{"embeddable":true,"href":"https:\/\/noaksark.org\/smaland-halland\/wp-json\/wp\/v2\/users\/27"}],"replies":[{"embeddable":true,"href":"https:\/\/noaksark.org\/smaland-halland\/wp-json\/wp\/v2\/comments?post=70"}],"version-history":[{"count":4,"href":"https:\/\/noaksark.org\/smaland-halland\/wp-json\/wp\/v2\/pages\/70\/revisions"}],"predecessor-version":[{"id":636,"href":"https:\/\/noaksark.org\/smaland-halland\/wp-json\/wp\/v2\/pages\/70\/revisions\/636"}],"up":[{"embeddable":true,"href":"https:\/\/noaksark.org\/smaland-halland\/wp-json\/wp\/v2\/pages\/551"}],"wp:attachment":[{"href":"https:\/\/noaksark.org\/smaland-halland\/wp-json\/wp\/v2\/media?parent=70"}],"curies":[{"name":"wp","href":"https:\/\/api.w.org\/{rel}","templated":true}]}}