{"id":68,"date":"2022-11-22T14:54:27","date_gmt":"2022-11-22T14:54:27","guid":{"rendered":"https:\/\/noaksark.test\/smaland-halland\/?page_id=68"},"modified":"2025-06-16T15:02:32","modified_gmt":"2025-06-16T13:02:32","slug":"styrelse","status":"publish","type":"page","link":"https:\/\/noaksark.org\/smaland-halland\/om-oss\/styrelse\/","title":{"rendered":"Styrelse"},"content":{"rendered":"\n<p><\/p>\n\n\n\n<p>Charlotta Svanberg (Ordf\u00f6rande)<\/p>\n\n\n\n<p>Lennart Johansson (Kass\u00f6r)<\/p>\n\n\n\n<p>Anders Pettersson<\/p>\n\n\n\n<p>Ann \u00c5kesson<\/p>\n\n\n\n<p>Carin Lamme Lindh<\/p>\n\n\n\n<p>Catarina Gaunitz<\/p>\n\n\n\n<p>Ewa Jonsson<\/p>\n\n\n\n<p>Mimmi Lind<\/p>\n\n\n\n<p>Anders Karlsson<\/p>\n\n\n\n<p><\/p>\n\n\n\n<p><strong>Representant till styrelsen i Riksf\u00f6rbundet Noaks Ark:<\/strong><\/p>\n\n\n\n<p>Anders Karlsson\u00a0<\/p>\n\n\n\n<p>Elisabet Elfvin<\/p>\n","protected":false},"excerpt":{"rendered":"<p>Charlotta Svanberg (Ordf\u00f6rande) Lennart Johansson (Kass\u00f6r) Anders Pettersson Ann \u00c5kesson Carin Lamme Lindh Catarina Gaunitz Ewa Jonsson Mimmi Lind Anders Karlsson Representant till styrelsen i Riksf\u00f6rbundet Noaks Ark: Anders Karlsson\u00a0 Elisabet Elfvin<\/p>\n","protected":false},"author":27,"featured_media":0,"parent":16,"menu_order":0,"comment_status":"closed","ping_status":"closed","template":"","meta":{"_acf_changed":false,"footnotes":""},"class_list":["post-68","page","type-page","status-publish","hentry"],"acf":[],"yoast_head":"<!-- This site is optimized with the Yoast SEO Premium plugin v27.3 (Yoast SEO v27.4) - https:\/\/yoast.com\/product\/yoast-seo-premium-wordpress\/ -->\n<title>Styrelse - Noaks Ark Sm\u00e5land &amp; Halland<\/title>\n<meta name=\"robots\" content=\"index, follow, max-snippet:-1, max-image-preview:large, max-video-preview:-1\" \/>\n<link rel=\"canonical\" href=\"https:\/\/noaksark.org\/smaland-halland\/om-oss\/styrelse\/\" \/>\n<meta property=\"og:locale\" content=\"sv_SE\" \/>\n<meta property=\"og:type\" content=\"article\" \/>\n<meta property=\"og:title\" content=\"Styrelse\" \/>\n<meta property=\"og:description\" content=\"Charlotta Svanberg (Ordf\u00f6rande) Lennart Johansson (Kass\u00f6r) Anders Pettersson Ann \u00c5kesson Carin Lamme Lindh Catarina Gaunitz Ewa Jonsson Mimmi Lind Anders Karlsson Representant till styrelsen i Riksf\u00f6rbundet Noaks Ark: Anders Karlsson\u00a0 Elisabet Elfvin\" \/>\n<meta property=\"og:url\" content=\"https:\/\/noaksark.org\/smaland-halland\/om-oss\/styrelse\/\" \/>\n<meta property=\"og:site_name\" content=\"Noaks Ark Sm\u00e5land &amp; Halland\" \/>\n<meta property=\"article:modified_time\" content=\"2025-06-16T13:02:32+00:00\" \/>\n<meta name=\"twitter:card\" content=\"summary_large_image\" \/>\n<meta name=\"twitter:label1\" content=\"Ber\u00e4knad l\u00e4stid\" \/>\n\t<meta name=\"twitter:data1\" content=\"1 minut\" \/>\n<script type=\"application\/ld+json\" class=\"yoast-schema-graph\">{\"@context\":\"https:\\\/\\\/schema.org\",\"@graph\":[{\"@type\":\"WebPage\",\"@id\":\"https:\\\/\\\/noaksark.org\\\/smaland-halland\\\/om-oss\\\/styrelse\\\/\",\"url\":\"https:\\\/\\\/noaksark.org\\\/smaland-halland\\\/om-oss\\\/styrelse\\\/\",\"name\":\"Styrelse - Noaks Ark Sm\u00e5land &amp; Halland\",\"isPartOf\":{\"@id\":\"https:\\\/\\\/noaksark.org\\\/smaland-halland\\\/#website\"},\"datePublished\":\"2022-11-22T14:54:27+00:00\",\"dateModified\":\"2025-06-16T13:02:32+00:00\",\"breadcrumb\":{\"@id\":\"https:\\\/\\\/noaksark.org\\\/smaland-halland\\\/om-oss\\\/styrelse\\\/#breadcrumb\"},\"inLanguage\":\"sv-SE\",\"potentialAction\":[{\"@type\":\"ReadAction\",\"target\":[\"https:\\\/\\\/noaksark.org\\\/smaland-halland\\\/om-oss\\\/styrelse\\\/\"]}]},{\"@type\":\"BreadcrumbList\",\"@id\":\"https:\\\/\\\/noaksark.org\\\/smaland-halland\\\/om-oss\\\/styrelse\\\/#breadcrumb\",\"itemListElement\":[{\"@type\":\"ListItem\",\"position\":1,\"name\":\"Home\",\"item\":\"https:\\\/\\\/noaksark.org\\\/smaland-halland\\\/\"},{\"@type\":\"ListItem\",\"position\":2,\"name\":\"Om oss\",\"item\":\"https:\\\/\\\/noaksark.org\\\/smaland-halland\\\/om-oss\\\/\"},{\"@type\":\"ListItem\",\"position\":3,\"name\":\"Styrelse\"}]},{\"@type\":\"WebSite\",\"@id\":\"https:\\\/\\\/noaksark.org\\\/smaland-halland\\\/#website\",\"url\":\"https:\\\/\\\/noaksark.org\\\/smaland-halland\\\/\",\"name\":\"Noaks Ark Sm\u00e5land &amp; Halland\",\"description\":\"\",\"potentialAction\":[{\"@type\":\"SearchAction\",\"target\":{\"@type\":\"EntryPoint\",\"urlTemplate\":\"https:\\\/\\\/noaksark.org\\\/smaland-halland\\\/?s={search_term_string}\"},\"query-input\":{\"@type\":\"PropertyValueSpecification\",\"valueRequired\":true,\"valueName\":\"search_term_string\"}}],\"inLanguage\":\"sv-SE\"}]}<\/script>\n<!-- \/ Yoast SEO Premium plugin. -->","yoast_head_json":{"title":"Styrelse - Noaks Ark Sm\u00e5land &amp; Halland","robots":{"index":"index","follow":"follow","max-snippet":"max-snippet:-1","max-image-preview":"max-image-preview:large","max-video-preview":"max-video-preview:-1"},"canonical":"https:\/\/noaksark.org\/smaland-halland\/om-oss\/styrelse\/","og_locale":"sv_SE","og_type":"article","og_title":"Styrelse","og_description":"Charlotta Svanberg (Ordf\u00f6rande) Lennart Johansson (Kass\u00f6r) Anders Pettersson Ann \u00c5kesson Carin Lamme Lindh Catarina Gaunitz Ewa Jonsson Mimmi Lind Anders Karlsson Representant till styrelsen i Riksf\u00f6rbundet Noaks Ark: Anders Karlsson\u00a0 Elisabet Elfvin","og_url":"https:\/\/noaksark.org\/smaland-halland\/om-oss\/styrelse\/","og_site_name":"Noaks Ark Sm\u00e5land &amp; Halland","article_modified_time":"2025-06-16T13:02:32+00:00","twitter_card":"summary_large_image","twitter_misc":{"Ber\u00e4knad l\u00e4stid":"1 minut"},"schema":{"@context":"https:\/\/schema.org","@graph":[{"@type":"WebPage","@id":"https:\/\/noaksark.org\/smaland-halland\/om-oss\/styrelse\/","url":"https:\/\/noaksark.org\/smaland-halland\/om-oss\/styrelse\/","name":"Styrelse - Noaks Ark Sm\u00e5land &amp; Halland","isPartOf":{"@id":"https:\/\/noaksark.org\/smaland-halland\/#website"},"datePublished":"2022-11-22T14:54:27+00:00","dateModified":"2025-06-16T13:02:32+00:00","breadcrumb":{"@id":"https:\/\/noaksark.org\/smaland-halland\/om-oss\/styrelse\/#breadcrumb"},"inLanguage":"sv-SE","potentialAction":[{"@type":"ReadAction","target":["https:\/\/noaksark.org\/smaland-halland\/om-oss\/styrelse\/"]}]},{"@type":"BreadcrumbList","@id":"https:\/\/noaksark.org\/smaland-halland\/om-oss\/styrelse\/#breadcrumb","itemListElement":[{"@type":"ListItem","position":1,"name":"Home","item":"https:\/\/noaksark.org\/smaland-halland\/"},{"@type":"ListItem","position":2,"name":"Om oss","item":"https:\/\/noaksark.org\/smaland-halland\/om-oss\/"},{"@type":"ListItem","position":3,"name":"Styrelse"}]},{"@type":"WebSite","@id":"https:\/\/noaksark.org\/smaland-halland\/#website","url":"https:\/\/noaksark.org\/smaland-halland\/","name":"Noaks Ark Sm\u00e5land &amp; Halland","description":"","potentialAction":[{"@type":"SearchAction","target":{"@type":"EntryPoint","urlTemplate":"https:\/\/noaksark.org\/smaland-halland\/?s={search_term_string}"},"query-input":{"@type":"PropertyValueSpecification","valueRequired":true,"valueName":"search_term_string"}}],"inLanguage":"sv-SE"}]}},"_links":{"self":[{"href":"https:\/\/noaksark.org\/smaland-halland\/wp-json\/wp\/v2\/pages\/68","targetHints":{"allow":["GET"]}}],"collection":[{"href":"https:\/\/noaksark.org\/smaland-halland\/wp-json\/wp\/v2\/pages"}],"about":[{"href":"https:\/\/noaksark.org\/smaland-halland\/wp-json\/wp\/v2\/types\/page"}],"author":[{"embeddable":true,"href":"https:\/\/noaksark.org\/smaland-halland\/wp-json\/wp\/v2\/users\/27"}],"replies":[{"embeddable":true,"href":"https:\/\/noaksark.org\/smaland-halland\/wp-json\/wp\/v2\/comments?post=68"}],"version-history":[{"count":16,"href":"https:\/\/noaksark.org\/smaland-halland\/wp-json\/wp\/v2\/pages\/68\/revisions"}],"predecessor-version":[{"id":1583,"href":"https:\/\/noaksark.org\/smaland-halland\/wp-json\/wp\/v2\/pages\/68\/revisions\/1583"}],"up":[{"embeddable":true,"href":"https:\/\/noaksark.org\/smaland-halland\/wp-json\/wp\/v2\/pages\/16"}],"wp:attachment":[{"href":"https:\/\/noaksark.org\/smaland-halland\/wp-json\/wp\/v2\/media?parent=68"}],"curies":[{"name":"wp","href":"https:\/\/api.w.org\/{rel}","templated":true}]}}