{"id":551,"date":"2023-01-04T12:16:15","date_gmt":"2023-01-04T11:16:15","guid":{"rendered":"https:\/\/noaksark.org\/smaland-halland\/?page_id=551"},"modified":"2023-05-02T12:45:57","modified_gmt":"2023-05-02T11:45:57","slug":"engagera-dig","status":"publish","type":"page","link":"https:\/\/noaksark.org\/smaland-halland\/engagera-dig\/","title":{"rendered":"Engagera dig"},"content":{"rendered":"\n<p>Inte alla hj\u00e4ltar b\u00e4r cape. Hj\u00e4lp oss g\u00f6ra v\u00e4rlden lite b\u00e4ttre \u2013 bli medlem, st\u00f6d oss eller bidra med din tid och engagemang som volont\u00e4r!<\/p>\n\n\n\n<p>Har du inte m\u00f6jlighet till n\u00e5got av detta? Ingen fara, vi blir glada om du f\u00f6ljer oss p\u00e5 v\u00e5ra sociala medier, gillar, delar och sprider v\u00e5rt budskap!<\/p>\n\n\n\n<p>Tack!<\/p>\n","protected":false},"excerpt":{"rendered":"<p>Inte alla hj\u00e4ltar b\u00e4r cape. Hj\u00e4lp oss g\u00f6ra v\u00e4rlden lite b\u00e4ttre \u2013 bli medlem, st\u00f6d oss eller bidra med din tid och engagemang som volont\u00e4r! Har du inte m\u00f6jlighet till n\u00e5got av detta? Ingen fara,&#8230;<\/p>\n","protected":false},"author":27,"featured_media":0,"parent":0,"menu_order":0,"comment_status":"closed","ping_status":"closed","template":"","meta":{"_acf_changed":false,"footnotes":""},"class_list":["post-551","page","type-page","status-publish","hentry"],"acf":[],"yoast_head":"<!-- This site is optimized with the Yoast SEO Premium plugin v27.4 (Yoast SEO v27.5) - https:\/\/yoast.com\/product\/yoast-seo-premium-wordpress\/ -->\n<title>Engagera dig - Noaks Ark Sm\u00e5land &amp; Halland<\/title>\n<meta name=\"robots\" content=\"index, follow, max-snippet:-1, max-image-preview:large, max-video-preview:-1\" \/>\n<link rel=\"canonical\" href=\"https:\/\/noaksark.org\/smaland-halland\/engagera-dig\/\" \/>\n<meta property=\"og:locale\" content=\"sv_SE\" \/>\n<meta property=\"og:type\" content=\"article\" \/>\n<meta property=\"og:title\" content=\"Engagera dig\" \/>\n<meta property=\"og:description\" content=\"Inte alla hj\u00e4ltar b\u00e4r cape. Hj\u00e4lp oss g\u00f6ra v\u00e4rlden lite b\u00e4ttre \u2013 bli medlem, st\u00f6d oss eller bidra med din tid och engagemang som volont\u00e4r! Har du inte m\u00f6jlighet till n\u00e5got av detta? Ingen fara,...\" \/>\n<meta property=\"og:url\" content=\"https:\/\/noaksark.org\/smaland-halland\/engagera-dig\/\" \/>\n<meta property=\"og:site_name\" content=\"Noaks Ark Sm\u00e5land &amp; Halland\" \/>\n<meta property=\"article:modified_time\" content=\"2023-05-02T11:45:57+00:00\" \/>\n<meta name=\"twitter:card\" content=\"summary_large_image\" \/>\n<meta name=\"twitter:label1\" content=\"Ber\u00e4knad l\u00e4stid\" \/>\n\t<meta name=\"twitter:data1\" content=\"1 minut\" \/>\n<script type=\"application\/ld+json\" class=\"yoast-schema-graph\">{\"@context\":\"https:\\\/\\\/schema.org\",\"@graph\":[{\"@type\":\"WebPage\",\"@id\":\"https:\\\/\\\/noaksark.org\\\/smaland-halland\\\/engagera-dig\\\/\",\"url\":\"https:\\\/\\\/noaksark.org\\\/smaland-halland\\\/engagera-dig\\\/\",\"name\":\"Engagera dig - Noaks Ark Sm\u00e5land &amp; Halland\",\"isPartOf\":{\"@id\":\"https:\\\/\\\/noaksark.org\\\/smaland-halland\\\/#website\"},\"datePublished\":\"2023-01-04T11:16:15+00:00\",\"dateModified\":\"2023-05-02T11:45:57+00:00\",\"breadcrumb\":{\"@id\":\"https:\\\/\\\/noaksark.org\\\/smaland-halland\\\/engagera-dig\\\/#breadcrumb\"},\"inLanguage\":\"sv-SE\",\"potentialAction\":[{\"@type\":\"ReadAction\",\"target\":[\"https:\\\/\\\/noaksark.org\\\/smaland-halland\\\/engagera-dig\\\/\"]}]},{\"@type\":\"BreadcrumbList\",\"@id\":\"https:\\\/\\\/noaksark.org\\\/smaland-halland\\\/engagera-dig\\\/#breadcrumb\",\"itemListElement\":[{\"@type\":\"ListItem\",\"position\":1,\"name\":\"Home\",\"item\":\"https:\\\/\\\/noaksark.org\\\/smaland-halland\\\/\"},{\"@type\":\"ListItem\",\"position\":2,\"name\":\"Engagera dig\"}]},{\"@type\":\"WebSite\",\"@id\":\"https:\\\/\\\/noaksark.org\\\/smaland-halland\\\/#website\",\"url\":\"https:\\\/\\\/noaksark.org\\\/smaland-halland\\\/\",\"name\":\"Noaks Ark Sm\u00e5land &amp; Halland\",\"description\":\"\",\"potentialAction\":[{\"@type\":\"SearchAction\",\"target\":{\"@type\":\"EntryPoint\",\"urlTemplate\":\"https:\\\/\\\/noaksark.org\\\/smaland-halland\\\/?s={search_term_string}\"},\"query-input\":{\"@type\":\"PropertyValueSpecification\",\"valueRequired\":true,\"valueName\":\"search_term_string\"}}],\"inLanguage\":\"sv-SE\"}]}<\/script>\n<!-- \/ Yoast SEO Premium plugin. -->","yoast_head_json":{"title":"Engagera dig - Noaks Ark Sm\u00e5land &amp; Halland","robots":{"index":"index","follow":"follow","max-snippet":"max-snippet:-1","max-image-preview":"max-image-preview:large","max-video-preview":"max-video-preview:-1"},"canonical":"https:\/\/noaksark.org\/smaland-halland\/engagera-dig\/","og_locale":"sv_SE","og_type":"article","og_title":"Engagera dig","og_description":"Inte alla hj\u00e4ltar b\u00e4r cape. Hj\u00e4lp oss g\u00f6ra v\u00e4rlden lite b\u00e4ttre \u2013 bli medlem, st\u00f6d oss eller bidra med din tid och engagemang som volont\u00e4r! Har du inte m\u00f6jlighet till n\u00e5got av detta? Ingen fara,...","og_url":"https:\/\/noaksark.org\/smaland-halland\/engagera-dig\/","og_site_name":"Noaks Ark Sm\u00e5land &amp; Halland","article_modified_time":"2023-05-02T11:45:57+00:00","twitter_card":"summary_large_image","twitter_misc":{"Ber\u00e4knad l\u00e4stid":"1 minut"},"schema":{"@context":"https:\/\/schema.org","@graph":[{"@type":"WebPage","@id":"https:\/\/noaksark.org\/smaland-halland\/engagera-dig\/","url":"https:\/\/noaksark.org\/smaland-halland\/engagera-dig\/","name":"Engagera dig - Noaks Ark Sm\u00e5land &amp; Halland","isPartOf":{"@id":"https:\/\/noaksark.org\/smaland-halland\/#website"},"datePublished":"2023-01-04T11:16:15+00:00","dateModified":"2023-05-02T11:45:57+00:00","breadcrumb":{"@id":"https:\/\/noaksark.org\/smaland-halland\/engagera-dig\/#breadcrumb"},"inLanguage":"sv-SE","potentialAction":[{"@type":"ReadAction","target":["https:\/\/noaksark.org\/smaland-halland\/engagera-dig\/"]}]},{"@type":"BreadcrumbList","@id":"https:\/\/noaksark.org\/smaland-halland\/engagera-dig\/#breadcrumb","itemListElement":[{"@type":"ListItem","position":1,"name":"Home","item":"https:\/\/noaksark.org\/smaland-halland\/"},{"@type":"ListItem","position":2,"name":"Engagera dig"}]},{"@type":"WebSite","@id":"https:\/\/noaksark.org\/smaland-halland\/#website","url":"https:\/\/noaksark.org\/smaland-halland\/","name":"Noaks Ark Sm\u00e5land &amp; Halland","description":"","potentialAction":[{"@type":"SearchAction","target":{"@type":"EntryPoint","urlTemplate":"https:\/\/noaksark.org\/smaland-halland\/?s={search_term_string}"},"query-input":{"@type":"PropertyValueSpecification","valueRequired":true,"valueName":"search_term_string"}}],"inLanguage":"sv-SE"}]}},"_links":{"self":[{"href":"https:\/\/noaksark.org\/smaland-halland\/wp-json\/wp\/v2\/pages\/551","targetHints":{"allow":["GET"]}}],"collection":[{"href":"https:\/\/noaksark.org\/smaland-halland\/wp-json\/wp\/v2\/pages"}],"about":[{"href":"https:\/\/noaksark.org\/smaland-halland\/wp-json\/wp\/v2\/types\/page"}],"author":[{"embeddable":true,"href":"https:\/\/noaksark.org\/smaland-halland\/wp-json\/wp\/v2\/users\/27"}],"replies":[{"embeddable":true,"href":"https:\/\/noaksark.org\/smaland-halland\/wp-json\/wp\/v2\/comments?post=551"}],"version-history":[{"count":2,"href":"https:\/\/noaksark.org\/smaland-halland\/wp-json\/wp\/v2\/pages\/551\/revisions"}],"predecessor-version":[{"id":652,"href":"https:\/\/noaksark.org\/smaland-halland\/wp-json\/wp\/v2\/pages\/551\/revisions\/652"}],"wp:attachment":[{"href":"https:\/\/noaksark.org\/smaland-halland\/wp-json\/wp\/v2\/media?parent=551"}],"curies":[{"name":"wp","href":"https:\/\/api.w.org\/{rel}","templated":true}]}}