{"id":42,"date":"2022-11-22T14:38:10","date_gmt":"2022-11-22T14:38:10","guid":{"rendered":"https:\/\/noaksark.test\/smaland-halland\/?page_id=42"},"modified":"2026-01-09T12:02:09","modified_gmt":"2026-01-09T11:02:09","slug":"hivtest","status":"publish","type":"page","link":"https:\/\/noaksark.org\/smaland-halland\/hivtest\/","title":{"rendered":"Hivtest"},"content":{"rendered":"\n<p>F\u00f6r att m\u00f6jligg\u00f6ra b\u00e4sta m\u00f6jliga v\u00e5rd och behandling samt minska smittspridningen, \u00e4r det viktigt att tidigt identifiera en hivinfektion. Hos oss p\u00e5 Noaks Ark Sm\u00e5land &amp; Halland \u00e4r <strong>alla <\/strong>v\u00e4lkomna att ta ett hivtest och f\u00e5 svar inom 20 minuter, genom endast ett stick i fingret. I v\u00e4ntan p\u00e5 ditt provsvar finns m\u00f6jlighet till samtal och r\u00e5dgivning om hiv, STI eller annat som ber\u00f6r sexuell h\u00e4lsa. Du kan vara anonym och hivtestet \u00e4r gratis.<\/p>\n\n\n\n<p>V\u00e5r mottagning \u00e4r centralt bel\u00e4gen p\u00e5 Kungsgatan 15 B i V\u00e4xj\u00f6. Vi har \u00f6ppet f\u00f6r drop in p\u00e5 m\u00e5ndagar 17.00-20.00. P\u00e5 testmottagningen arbetar erfaren och utbildad personal som omfattas av sekretess.<\/p>\n\n\n\n<p>Vi f\u00f6ljer Folkh\u00e4lsomyndighetens rekommendationer f\u00f6r hivtest med snabbsvar, om 8 veckors uppf\u00f6ljning g\u00e4llande hiv-1 och 12 veckors uppf\u00f6ljning f\u00f6r hiv-2. Ingen nekas ett hivtest, men vid testning tidigare \u00e4n 8 veckor efter ett risktillf\u00e4lle bokas ett \u00e5terbes\u00f6k f\u00f6r ett kompletterande test.<\/p>\n\n\n\n<p><strong>Hos oss kan du h\u00e4mta ett gratis egenprovningstest f\u00f6r klamydia och gonorr\u00e9.<\/strong><\/p>\n\n\n\n<div class=\"wp-block-columns mt-5 is-layout-flex wp-container-core-columns-is-layout-9d6595d7 wp-block-columns-is-layout-flex\">\n<div class=\"wp-block-column p-4 has-white-color has-text-color has-background is-layout-flow wp-block-column-is-layout-flow\" style=\"background-color:#97c02d\">\n<i style=\"font-size:4em\" class=\"fa-thin fa-buildings mb-3\"><\/i>\n\n\n\n<h3 class=\"wp-block-heading\" id=\"h-drop-in-hivtest-hiv-test-drop-in-clinic-kungsgatan-15b-vaxjo\">Drop in hivtest:<br>Hiv test \u2013 Drop in clinic<br><br>Kungsgatan 15B, V\u00e4xj\u00f6 <\/h3>\n\n\n\n<p>M\u00e5ndagar kl.17.00-20.00. Hos oss kan du h\u00e4mta egenprovtagningstest f\u00f6r klamydia och gonorr\u00e9. <br><br>Every Monday we have drop in clinic for rapid hiv test.&nbsp;<strong>Visit us between 5 and 8 PM at Kungsgatan 15B, V\u00e4xj\u00f6.<\/strong><\/p>\n\n\n\n<h3 class=\"wp-block-heading\" id=\"h-valkommen\">V\u00e4lkommen!<\/h3>\n<\/div>\n\n\n\n<div class=\"wp-block-column is-vertically-aligned-top p-4 has-white-color has-text-color has-background is-layout-flow wp-block-column-is-layout-flow\" style=\"background-color:#a41352\">\n<i style=\"font-size:4em\" class=\"fa-thin fa-calendar-days mb-3\"><\/i>\n\n\n\n<h3 class=\"wp-block-heading\" id=\"h-boka-tid-for-hivtest-book-an-appointment-kungsgatan-15b-vaxjo\">Boka tid f\u00f6r hivtest:<br>Book an appointment<br><br>Kungsgatan 15B, V\u00e4xj\u00f6 <\/h3>\n\n\n\n<p>Tidsbokade bes\u00f6k p\u00e5 m\u00e5ndagar mellan kl.17.00-19.30. Hos oss kan du \u00e4ven boka tid f\u00f6r att h\u00e4mta egenprovtagningstest f\u00f6r klamydia och gonorr\u00e9. <br><br>Do you prefer to book an appointment? Use our online booking.<\/p>\n\n\n\n<div class=\"wp-block-buttons is-layout-flex wp-block-buttons-is-layout-flex\">\n<div class=\"wp-block-button mt-2 is-style-fill\"><a class=\"wp-block-button__link has-white-background-color has-text-color has-background wp-element-button\" href=\"http:\/\/system.easypractice.net\/book\/noaks-ark-smaland-halland\" style=\"color:#a41352\" target=\"_blank\" rel=\"noreferrer noopener\">Till Onlinebokningen<\/a><\/div>\n<\/div>\n<\/div>\n<\/div>\n\n\n\n<p>Vid eventuellt behov av tolk vid testtillf\u00e4lle, v\u00e4nligen kontakta oss f\u00f6r att se \u00f6ver m\u00f6jlighet till detta.<\/p>\n\n\n\n<h2 class=\"wp-block-heading\" id=\"h-testteam\">Testteam<\/h2>\n\n\n\n<figure class=\"wp-block-table is-style-stripes\"><table><tbody><tr><td><strong>Testare:<\/strong><\/td><td><strong>V\u00e4rdar:<\/strong><\/td><\/tr><tr><td>Anders<\/td><td>Emmy<\/td><\/tr><tr><td>Anette<\/td><td>Nora<\/td><\/tr><tr><td>Ann-Louise<\/td><td>Hossein<\/td><\/tr><tr><td>Farhad<\/td><td>Sally<\/td><\/tr><tr><td>Inger<\/td><td>Sandra<\/td><\/tr><tr><td>Jonas<\/td><td>Lena<\/td><\/tr><tr><td>Viktoria<\/td><td><\/td><\/tr><tr><td>Susanne<\/td><td><\/td><\/tr><tr><td>Rosa<\/td><td><\/td><\/tr><tr><td>Miriam<\/td><td><\/td><\/tr><\/tbody><\/table><\/figure>\n\n\n\n<figure class=\"wp-block-table is-style-stripes\"><table><tbody><tr><td><strong>Medicinskt ansvarig:<\/strong><\/td><\/tr><tr><td>Kristofer Soldan<\/td><\/tr><\/tbody><\/table><\/figure>\n","protected":false},"excerpt":{"rendered":"<p>F\u00f6r att m\u00f6jligg\u00f6ra b\u00e4sta m\u00f6jliga v\u00e5rd och behandling samt minska smittspridningen, \u00e4r det viktigt att tidigt identifiera en hivinfektion. Hos oss p\u00e5 Noaks Ark Sm\u00e5land &amp; Halland \u00e4r alla v\u00e4lkomna att ta ett hivtest och&#8230;<\/p>\n","protected":false},"author":27,"featured_media":0,"parent":0,"menu_order":0,"comment_status":"closed","ping_status":"closed","template":"","meta":{"_acf_changed":false,"footnotes":""},"class_list":["post-42","page","type-page","status-publish","hentry"],"acf":[],"yoast_head":"<!-- This site is optimized with the Yoast SEO Premium plugin v27.4 (Yoast SEO v27.4) - https:\/\/yoast.com\/product\/yoast-seo-premium-wordpress\/ -->\n<title>Hivtest - Noaks Ark Sm\u00e5land &amp; Halland - Snabbtest hiv, svar p\u00e5 20 minuter<\/title>\n<meta name=\"description\" content=\"Hos oss kan du ta anonymt och gratis ta ett snabbtest f\u00f6r hiv och f\u00e5 svar inom 20 minuter. Bes\u00f6k Noaksark.org f\u00f6r mer information\" \/>\n<meta name=\"robots\" content=\"index, follow, max-snippet:-1, max-image-preview:large, max-video-preview:-1\" \/>\n<link rel=\"canonical\" href=\"https:\/\/noaksark.org\/smaland-halland\/hivtest\/\" \/>\n<meta property=\"og:locale\" content=\"sv_SE\" \/>\n<meta property=\"og:type\" content=\"article\" \/>\n<meta property=\"og:title\" content=\"Hivtest\" \/>\n<meta property=\"og:description\" content=\"Hos oss kan du ta anonymt och gratis ta ett snabbtest f\u00f6r hiv och f\u00e5 svar inom 20 minuter. Bes\u00f6k Noaksark.org f\u00f6r mer information\" \/>\n<meta property=\"og:url\" content=\"https:\/\/noaksark.org\/smaland-halland\/hivtest\/\" \/>\n<meta property=\"og:site_name\" content=\"Noaks Ark Sm\u00e5land &amp; Halland\" \/>\n<meta property=\"article:modified_time\" content=\"2026-01-09T11:02:09+00:00\" \/>\n<meta name=\"twitter:card\" content=\"summary_large_image\" \/>\n<meta name=\"twitter:label1\" content=\"Ber\u00e4knad l\u00e4stid\" \/>\n\t<meta name=\"twitter:data1\" content=\"2 minuter\" \/>\n<script type=\"application\/ld+json\" class=\"yoast-schema-graph\">{\"@context\":\"https:\\\/\\\/schema.org\",\"@graph\":[{\"@type\":\"WebPage\",\"@id\":\"https:\\\/\\\/noaksark.org\\\/smaland-halland\\\/hivtest\\\/\",\"url\":\"https:\\\/\\\/noaksark.org\\\/smaland-halland\\\/hivtest\\\/\",\"name\":\"Hivtest - Noaks Ark Sm\u00e5land &amp; Halland - Snabbtest hiv, svar p\u00e5 20 minuter\",\"isPartOf\":{\"@id\":\"https:\\\/\\\/noaksark.org\\\/smaland-halland\\\/#website\"},\"datePublished\":\"2022-11-22T14:38:10+00:00\",\"dateModified\":\"2026-01-09T11:02:09+00:00\",\"description\":\"Hos oss kan du ta anonymt och gratis ta ett snabbtest f\u00f6r hiv och f\u00e5 svar inom 20 minuter. Bes\u00f6k Noaksark.org f\u00f6r mer information\",\"breadcrumb\":{\"@id\":\"https:\\\/\\\/noaksark.org\\\/smaland-halland\\\/hivtest\\\/#breadcrumb\"},\"inLanguage\":\"sv-SE\",\"potentialAction\":[{\"@type\":\"ReadAction\",\"target\":[\"https:\\\/\\\/noaksark.org\\\/smaland-halland\\\/hivtest\\\/\"]}]},{\"@type\":\"BreadcrumbList\",\"@id\":\"https:\\\/\\\/noaksark.org\\\/smaland-halland\\\/hivtest\\\/#breadcrumb\",\"itemListElement\":[{\"@type\":\"ListItem\",\"position\":1,\"name\":\"Home\",\"item\":\"https:\\\/\\\/noaksark.org\\\/smaland-halland\\\/\"},{\"@type\":\"ListItem\",\"position\":2,\"name\":\"Hivtest\"}]},{\"@type\":\"WebSite\",\"@id\":\"https:\\\/\\\/noaksark.org\\\/smaland-halland\\\/#website\",\"url\":\"https:\\\/\\\/noaksark.org\\\/smaland-halland\\\/\",\"name\":\"Noaks Ark Sm\u00e5land &amp; Halland\",\"description\":\"\",\"potentialAction\":[{\"@type\":\"SearchAction\",\"target\":{\"@type\":\"EntryPoint\",\"urlTemplate\":\"https:\\\/\\\/noaksark.org\\\/smaland-halland\\\/?s={search_term_string}\"},\"query-input\":{\"@type\":\"PropertyValueSpecification\",\"valueRequired\":true,\"valueName\":\"search_term_string\"}}],\"inLanguage\":\"sv-SE\"}]}<\/script>\n<!-- \/ Yoast SEO Premium plugin. -->","yoast_head_json":{"title":"Hivtest - Noaks Ark Sm\u00e5land &amp; Halland - Snabbtest hiv, svar p\u00e5 20 minuter","description":"Hos oss kan du ta anonymt och gratis ta ett snabbtest f\u00f6r hiv och f\u00e5 svar inom 20 minuter. Bes\u00f6k Noaksark.org f\u00f6r mer information","robots":{"index":"index","follow":"follow","max-snippet":"max-snippet:-1","max-image-preview":"max-image-preview:large","max-video-preview":"max-video-preview:-1"},"canonical":"https:\/\/noaksark.org\/smaland-halland\/hivtest\/","og_locale":"sv_SE","og_type":"article","og_title":"Hivtest","og_description":"Hos oss kan du ta anonymt och gratis ta ett snabbtest f\u00f6r hiv och f\u00e5 svar inom 20 minuter. Bes\u00f6k Noaksark.org f\u00f6r mer information","og_url":"https:\/\/noaksark.org\/smaland-halland\/hivtest\/","og_site_name":"Noaks Ark Sm\u00e5land &amp; Halland","article_modified_time":"2026-01-09T11:02:09+00:00","twitter_card":"summary_large_image","twitter_misc":{"Ber\u00e4knad l\u00e4stid":"2 minuter"},"schema":{"@context":"https:\/\/schema.org","@graph":[{"@type":"WebPage","@id":"https:\/\/noaksark.org\/smaland-halland\/hivtest\/","url":"https:\/\/noaksark.org\/smaland-halland\/hivtest\/","name":"Hivtest - Noaks Ark Sm\u00e5land &amp; Halland - Snabbtest hiv, svar p\u00e5 20 minuter","isPartOf":{"@id":"https:\/\/noaksark.org\/smaland-halland\/#website"},"datePublished":"2022-11-22T14:38:10+00:00","dateModified":"2026-01-09T11:02:09+00:00","description":"Hos oss kan du ta anonymt och gratis ta ett snabbtest f\u00f6r hiv och f\u00e5 svar inom 20 minuter. Bes\u00f6k Noaksark.org f\u00f6r mer information","breadcrumb":{"@id":"https:\/\/noaksark.org\/smaland-halland\/hivtest\/#breadcrumb"},"inLanguage":"sv-SE","potentialAction":[{"@type":"ReadAction","target":["https:\/\/noaksark.org\/smaland-halland\/hivtest\/"]}]},{"@type":"BreadcrumbList","@id":"https:\/\/noaksark.org\/smaland-halland\/hivtest\/#breadcrumb","itemListElement":[{"@type":"ListItem","position":1,"name":"Home","item":"https:\/\/noaksark.org\/smaland-halland\/"},{"@type":"ListItem","position":2,"name":"Hivtest"}]},{"@type":"WebSite","@id":"https:\/\/noaksark.org\/smaland-halland\/#website","url":"https:\/\/noaksark.org\/smaland-halland\/","name":"Noaks Ark Sm\u00e5land &amp; Halland","description":"","potentialAction":[{"@type":"SearchAction","target":{"@type":"EntryPoint","urlTemplate":"https:\/\/noaksark.org\/smaland-halland\/?s={search_term_string}"},"query-input":{"@type":"PropertyValueSpecification","valueRequired":true,"valueName":"search_term_string"}}],"inLanguage":"sv-SE"}]}},"_links":{"self":[{"href":"https:\/\/noaksark.org\/smaland-halland\/wp-json\/wp\/v2\/pages\/42","targetHints":{"allow":["GET"]}}],"collection":[{"href":"https:\/\/noaksark.org\/smaland-halland\/wp-json\/wp\/v2\/pages"}],"about":[{"href":"https:\/\/noaksark.org\/smaland-halland\/wp-json\/wp\/v2\/types\/page"}],"author":[{"embeddable":true,"href":"https:\/\/noaksark.org\/smaland-halland\/wp-json\/wp\/v2\/users\/27"}],"replies":[{"embeddable":true,"href":"https:\/\/noaksark.org\/smaland-halland\/wp-json\/wp\/v2\/comments?post=42"}],"version-history":[{"count":30,"href":"https:\/\/noaksark.org\/smaland-halland\/wp-json\/wp\/v2\/pages\/42\/revisions"}],"predecessor-version":[{"id":1751,"href":"https:\/\/noaksark.org\/smaland-halland\/wp-json\/wp\/v2\/pages\/42\/revisions\/1751"}],"wp:attachment":[{"href":"https:\/\/noaksark.org\/smaland-halland\/wp-json\/wp\/v2\/media?parent=42"}],"curies":[{"name":"wp","href":"https:\/\/api.w.org\/{rel}","templated":true}]}}