{"id":253,"date":"2022-12-16T14:41:29","date_gmt":"2022-12-16T14:41:29","guid":{"rendered":"https:\/\/noaksark.org\/smaland-halland\/?page_id=253"},"modified":"2022-12-16T14:52:58","modified_gmt":"2022-12-16T14:52:58","slug":"noaks-ark-smaland-hallands-personuppgiftspolicy","status":"publish","type":"page","link":"https:\/\/noaksark.org\/smaland-halland\/om-oss\/noaks-ark-smaland-hallands-personuppgiftspolicy\/","title":{"rendered":"Personuppgiftspolicy"},"content":{"rendered":"\n<h2 class=\"wp-block-heading\">Personlig integritet<\/h2>\n\n\n\n<p>F\u00f6reningen Noaks Ark Sm\u00e5land &amp; Halland v\u00e4rnar om din personliga integritet och din r\u00e4tt att sj\u00e4lv ha kontroll \u00f6ver dina personuppgifter.<br>Dataskyddsf\u00f6rordningen (GDPR) g\u00e4ller som lag i alla EU:s medlemsl\u00e4nder fr\u00e5n och med den 25 maj 2018. Denna har bland annat till syfte att skydda enskildas grundl\u00e4ggande r\u00e4ttigheter och friheter, s\u00e4rskilt din r\u00e4tt till skydd av personuppgifter.<\/p>\n\n\n\n<h2 class=\"wp-block-heading\">Vem \u00e4r ansvarig?<\/h2>\n\n\n\n<p>Den juridiska personen F\u00f6reningen Noaks Ark Sm\u00e5land &amp; Halland (802453-4029) \u00e4r personuppgiftsansvarig, vilket inneb\u00e4r att det \u00e4r f\u00f6reningen som ansvarar f\u00f6r de personuppgifter som behandlas inom ramen f\u00f6r v\u00e5r verksamhet och att behandlingen f\u00f6ljer g\u00e4llande lagstiftning.<\/p>\n\n\n\n<h4 class=\"wp-block-heading\">N\u00e4r samlar f\u00f6reningen in mina personuppgifter?<\/h4>\n\n\n\n<p>Eftersom du kan komma i kontakt med Noaks Ark Sm\u00e5land &amp; Halland p\u00e5 olika s\u00e4tt kan behovet av att inh\u00e4mta personuppgifter se olika ut.<\/p>\n\n\n\n<p><strong>H\u00e4r kan du se i vilka situationer f\u00f6reningen samlar in dina personuppgifter:<\/strong><\/p>\n\n\n\n<p>\u2022 Du engagerar dig som frivillig.<\/p>\n\n\n\n<p>\u2022 Du \u00e4r anst\u00e4lld.<\/p>\n\n\n\n<p>\u2022 Du fyller i dina personuppgifter eller kontaktar oss p\u00e5 n\u00e5gon av v\u00e5ra plattformar, exempelvis sociala medier, via telefon, postalt eller via e-post.<\/p>\n\n\n\n<p>\u2022 Du registrerar dig som medlem.<\/p>\n\n\n\n<p>\u2022 Du genomf\u00f6r en onlinebokning f\u00f6r hivtest med snabbsvar.<\/p>\n\n\n\n<p><strong>Vilken typ av personuppgifter vi samlar in kan ocks\u00e5 se olika ut beroende p\u00e5 vilken kontakt du har med oss \u2013 det kan r\u00f6ra sig om f\u00f6ljande uppgifter:<\/strong><br>Person- och kontaktuppgifter \u2013 namn, personnummer, mobiltelefonnummer, e-postadresser, postadress samt faktura- och leveransadress.<\/p>\n\n\n\n<h2 class=\"wp-block-heading\">Varf\u00f6r beh\u00f6ver f\u00f6reningen behandla mina personuppgifter?<\/h2>\n\n\n\n<p>Noaks Ark Sm\u00e5land &amp; Halland verkar f\u00f6r att \u00f6ka h\u00e4lsa och livskvalitet hos personer som lever med hiv samt f\u00f6rebygga spridningen av hiv och andra sexuellt \u00f6verf\u00f6rbara infektioner. I arbetet f\u00f6r att n\u00e5 v\u00e5rt m\u00e5l beh\u00f6ver vi medlemmar och frivilliga som b\u00e4r upp v\u00e5r verksamhet \u2013 och f\u00f6r att kunna ha medlemmar och frivilliga beh\u00f6ver vi kunna behandla personuppgifter.<\/p>\n\n\n\n<p>All behandling av dina personuppgifter syftar till att m\u00f6jligg\u00f6ra endast s\u00e5dan verksamhet som \u00e4r f\u00f6renlig med F\u00f6reningen Noaks Ark Sm\u00e5land &amp; Hallands stadgar. Dina personuppgifter kan vi beh\u00f6va anv\u00e4nda f\u00f6r att kontakta dig r\u00f6rande viktig information om v\u00e5r verksamhet, ditt medlemskap eller volont\u00e4ruppdrag.<\/p>\n\n\n\n<p><strong>F\u00f6reningen behandlar i huvudsak dina personuppgifter f\u00f6r att kunna g\u00f6ra f\u00f6ljande:<\/strong><br>\u2022 Kunna administrera ditt medlemskap eller ditt frivilliguppdrag.<br>\u2022 M\u00f6jligg\u00f6ra god service, som att hantera dina f\u00f6rfr\u00e5gningar, r\u00e4tta felaktiga uppgifter eller skicka information som du har beg\u00e4rt, exempelvis nyhetsbrev.<br>\u2022 Kommunicera f\u00f6r\u00e4ndringar i volont\u00e4rsuppdraget etc.<br>\u2022 Journalf\u00f6ring enligt h\u00e4lso- och sjukv\u00e5rdslagen.<\/p>\n\n\n\n<h2 class=\"wp-block-heading\">Vem f\u00e5r ta del av mina personuppgifter?<\/h2>\n\n\n\n<p>Det \u00e4r endast anst\u00e4llda, f\u00f6rtroendevalda och revisor som kan ha tillg\u00e5ng till dina personuppgifter. F\u00f6reningen l\u00e4mnar inte ut dina personuppgifter till en annan part.<\/p>\n\n\n\n<h2 class=\"wp-block-heading\">Testmottagningens onlinebokning f\u00f6r hivtest<\/h2>\n\n\n\n<p>Noaks Ark Sm\u00e5land &amp; Halland anv\u00e4nder en onlinetj\u00e4nst: EasyPractice som \u00e4r registrerat i Danmark (EU-land), f\u00f6r att tillhandah\u00e5lla onlinebokning. Onlinebokningar avser gratis hivtest med snabbsvar. Ett databehandlingsavtal finns uppr\u00e4ttat mellan parterna. Vid onlinebokning beh\u00f6ver du ange ett f\u00f6rnamn och ett mobilnummer. Informationen lagras endast i syfte att genomf\u00f6ra din onlinebokning samt f\u00f6r utskick av sms-p\u00e5minnelse inf\u00f6r bes\u00f6ket. Samtycker du inte till beskriven hantering av namn och mobilnummer \u00e4r du v\u00e4lkommen p\u00e5 drop-in bes\u00f6k under testmottagningens \u00f6ppettider, m\u00e5ndagar kl. 17.00-20.00.<\/p>\n\n\n\n<h2 class=\"wp-block-heading\">P\u00e5 vilken laglig grund samlar f\u00f6reningen in mina personuppgifter?<\/h2>\n\n\n\n<p>Den lagliga grunden f\u00f6r Noaks Ark Sm\u00e5land &amp; Hallands behandling av dina personuppgifter beror p\u00e5 vilken relation du har oss:<\/p>\n\n\n\n<p><strong>Avtal och r\u00e4ttslig f\u00f6rpliktelse<\/strong><br>Om du exempelvis \u00e4r medlem i Noaks Ark Sm\u00e5land &amp; Halland \u00e4r det avtalet om medlemskap som \u00e4r den lagliga grunden f\u00f6r att vi ska behandla vissa basuppgifter om dig. Det kan ocks\u00e5 handla om att annan svensk lagstiftning, exempelvis bokf\u00f6ringslagen, sekretesslagen och journalf\u00f6ring enligt h\u00e4lso- och sjukv\u00e5rdslagen, kr\u00e4ver att f\u00f6reningen behandlar personuppgifter.<\/p>\n\n\n\n<p><strong>Ber\u00e4ttigat intresse<\/strong><br>I vissa fall har Noaks Ark Sm\u00e5land &amp; Halland ett s\u00e5 kallat ber\u00e4ttigat intresse. Det kan handla om att:<br>\u2013 marknadsf\u00f6ra oss som organisation f\u00f6r personer som inte varit i kontakt med oss tidigare,<br>\u2013 administrera ditt medlemskap och ditt volont\u00e4rsuppdrag,<br>\u2013 kommunicera f\u00f6r\u00e4ndringar i ditt volont\u00e4rsuppdrag eller medlemskap.<\/p>\n\n\n\n<h2 class=\"wp-block-heading\">Vilka \u00e4r mina r\u00e4ttigheter?<\/h2>\n\n\n\n<p>Du har m\u00f6jlighet att p\u00e5verka hur Noaks Ark Sm\u00e5land &amp; Halland behandlar dina personuppgifter:<\/p>\n\n\n\n<p><strong>R\u00e4tt att f\u00e5 tillg\u00e5ng till dina uppgifter<\/strong><br>Du har r\u00e4tt att en g\u00e5ng per \u00e5r erh\u00e5lla information om vilka personuppgifter som \u00e4r registrerade hos Noaks Ark Sm\u00e5land &amp; Halland, genom att skriftligt beg\u00e4ra ett registerutdrag fr\u00e5n oss. Detta \u00e4r kostnadsfritt.<\/p>\n\n\n\n<p><strong>R\u00e4tt till r\u00e4ttelse<\/strong><br>Du har r\u00e4tt att korrigera felaktig eller ofullst\u00e4ndig information om dig sj\u00e4lv.<\/p>\n\n\n\n<p><strong>R\u00e4tt att bli bortgl\u00f6md<\/strong><br>Du har r\u00e4tt att beg\u00e4ra att Noaks Ark Sm\u00e5land &amp; Halland raderar dina personuppgifter om du skulle vilja.<\/p>\n\n\n\n<p><strong>R\u00e4tt att beg\u00e4ra att behandlingen av dina uppgifter begr\u00e4nsas<\/strong><br>Du har i vissa fall r\u00e4tt att kr\u00e4va att behandlingen av dina personuppgifter begr\u00e4nsas. Med begr\u00e4nsning menas att uppgifterna markeras s\u00e5 att dessa i framtiden endast f\u00e5r behandlas f\u00f6r vissa avgr\u00e4nsade syften.<\/p>\n\n\n\n<p><strong>R\u00e4tt att mots\u00e4tta dig att dina uppgifter behandlas<\/strong><br>Du har i vissa fall r\u00e4tt att mots\u00e4tta dig att f\u00f6reningen behandlar dina personuppgifter. Undantag \u00e4r n\u00e4r annan lagstiftning ligger till grund f\u00f6r behandlingen.<\/p>\n\n\n\n<p><strong>R\u00e4tt att f\u00f6ra fram klagom\u00e5l till Datainspektionen<\/strong><br>Om du anser att Noaks Ark Sm\u00e5land &amp; Halland behandlar dina personuppgifter i strid med GDPR kan du l\u00e4mna in ett klagom\u00e5l till Datainspektionen.<\/p>\n\n\n\n<p><strong>R\u00e4tt till dataportabilitet<\/strong><br>Om du har l\u00e4mnat dina personuppgifter har du i vissa fall r\u00e4tt att f\u00e5 ut och anv\u00e4nda dina personuppgifter p\u00e5 annat h\u00e5ll. Noaks Ark Sm\u00e5land &amp; Halland \u00e4r skyldig att underl\u00e4tta en s\u00e5dan \u00f6verflyttning av personuppgifter.<\/p>\n\n\n\n<h2 class=\"wp-block-heading\">Hur l\u00e4nge sparar f\u00f6reningen mina personuppgifter?<\/h2>\n\n\n\n<p>N\u00e4r du som medlem eller volont\u00e4r har varit inaktiv i tre \u00e5r gallras personuppgifterna. Detsamma g\u00e4ller n\u00e4r dina personuppgifter inte l\u00e4ngre \u00e4r relevanta f\u00f6r de \u00e4ndam\u00e5l som anges i v\u00e5r Dataskyddspolicy eller inte l\u00e4ngre kr\u00e4vs enligt lagstadgade lagringstider. Vi lagrar allts\u00e5 inte dina personuppgifter l\u00e4ngre \u00e4n n\u00f6dv\u00e4ndigt.<\/p>\n\n\n\n<p><strong>Kontakta oss g\u00e4rna om du har fr\u00e5gor<\/strong><br>Du \u00e4r alltid v\u00e4lkommen att kontakta oss f\u00f6r att f\u00e5 hj\u00e4lp att tacka nej till v\u00e5r kommunikation.<br>Du kan ocks\u00e5 kontakta Noaks Ark Sm\u00e5land &amp; Hallands dataskyddsombud om du har fr\u00e5gor om v\u00e5r Dataskyddspolicy.<br>F\u00f6reningen Noaks Ark Sm\u00e5land &amp; Halland<br>Telefon: <a href=\"tel:0700-911075\">0700- 911 075<\/a><br>E-post: <a href=\"mailto:info.smaland@noaksark.org\">info.smaland@noaksark.org<\/a><\/p>\n","protected":false},"excerpt":{"rendered":"<p>Personlig integritet F\u00f6reningen Noaks Ark Sm\u00e5land &amp; Halland v\u00e4rnar om din personliga integritet och din r\u00e4tt att sj\u00e4lv ha kontroll \u00f6ver dina personuppgifter.Dataskyddsf\u00f6rordningen (GDPR) g\u00e4ller som lag i alla EU:s medlemsl\u00e4nder fr\u00e5n och med den&#8230;<\/p>\n","protected":false},"author":27,"featured_media":0,"parent":16,"menu_order":0,"comment_status":"closed","ping_status":"closed","template":"","meta":{"_acf_changed":false,"footnotes":""},"class_list":["post-253","page","type-page","status-publish","hentry"],"acf":[],"yoast_head":"<!-- This site is optimized with the Yoast SEO Premium plugin v27.3 (Yoast SEO v27.4) - https:\/\/yoast.com\/product\/yoast-seo-premium-wordpress\/ -->\n<title>Personuppgiftspolicy - Noaks Ark Sm\u00e5land &amp; Halland<\/title>\n<meta name=\"robots\" content=\"index, follow, max-snippet:-1, max-image-preview:large, max-video-preview:-1\" \/>\n<link rel=\"canonical\" href=\"https:\/\/noaksark.org\/smaland-halland\/om-oss\/noaks-ark-smaland-hallands-personuppgiftspolicy\/\" \/>\n<meta property=\"og:locale\" content=\"sv_SE\" \/>\n<meta property=\"og:type\" content=\"article\" \/>\n<meta property=\"og:title\" content=\"Personuppgiftspolicy\" \/>\n<meta property=\"og:description\" content=\"Personlig integritet F\u00f6reningen Noaks Ark Sm\u00e5land &amp; Halland v\u00e4rnar om din personliga integritet och din r\u00e4tt att sj\u00e4lv ha kontroll \u00f6ver dina personuppgifter.Dataskyddsf\u00f6rordningen (GDPR) g\u00e4ller som lag i alla EU:s medlemsl\u00e4nder fr\u00e5n och med den...\" \/>\n<meta property=\"og:url\" content=\"https:\/\/noaksark.org\/smaland-halland\/om-oss\/noaks-ark-smaland-hallands-personuppgiftspolicy\/\" \/>\n<meta property=\"og:site_name\" content=\"Noaks Ark Sm\u00e5land &amp; Halland\" \/>\n<meta property=\"article:modified_time\" content=\"2022-12-16T14:52:58+00:00\" \/>\n<meta name=\"twitter:card\" content=\"summary_large_image\" \/>\n<meta name=\"twitter:label1\" content=\"Ber\u00e4knad l\u00e4stid\" \/>\n\t<meta name=\"twitter:data1\" content=\"6 minuter\" \/>\n<script type=\"application\/ld+json\" class=\"yoast-schema-graph\">{\"@context\":\"https:\\\/\\\/schema.org\",\"@graph\":[{\"@type\":\"WebPage\",\"@id\":\"https:\\\/\\\/noaksark.org\\\/smaland-halland\\\/om-oss\\\/noaks-ark-smaland-hallands-personuppgiftspolicy\\\/\",\"url\":\"https:\\\/\\\/noaksark.org\\\/smaland-halland\\\/om-oss\\\/noaks-ark-smaland-hallands-personuppgiftspolicy\\\/\",\"name\":\"Personuppgiftspolicy - Noaks Ark Sm\u00e5land &amp; Halland\",\"isPartOf\":{\"@id\":\"https:\\\/\\\/noaksark.org\\\/smaland-halland\\\/#website\"},\"datePublished\":\"2022-12-16T14:41:29+00:00\",\"dateModified\":\"2022-12-16T14:52:58+00:00\",\"breadcrumb\":{\"@id\":\"https:\\\/\\\/noaksark.org\\\/smaland-halland\\\/om-oss\\\/noaks-ark-smaland-hallands-personuppgiftspolicy\\\/#breadcrumb\"},\"inLanguage\":\"sv-SE\",\"potentialAction\":[{\"@type\":\"ReadAction\",\"target\":[\"https:\\\/\\\/noaksark.org\\\/smaland-halland\\\/om-oss\\\/noaks-ark-smaland-hallands-personuppgiftspolicy\\\/\"]}]},{\"@type\":\"BreadcrumbList\",\"@id\":\"https:\\\/\\\/noaksark.org\\\/smaland-halland\\\/om-oss\\\/noaks-ark-smaland-hallands-personuppgiftspolicy\\\/#breadcrumb\",\"itemListElement\":[{\"@type\":\"ListItem\",\"position\":1,\"name\":\"Home\",\"item\":\"https:\\\/\\\/noaksark.org\\\/smaland-halland\\\/\"},{\"@type\":\"ListItem\",\"position\":2,\"name\":\"Om oss\",\"item\":\"https:\\\/\\\/noaksark.org\\\/smaland-halland\\\/om-oss\\\/\"},{\"@type\":\"ListItem\",\"position\":3,\"name\":\"Personuppgiftspolicy\"}]},{\"@type\":\"WebSite\",\"@id\":\"https:\\\/\\\/noaksark.org\\\/smaland-halland\\\/#website\",\"url\":\"https:\\\/\\\/noaksark.org\\\/smaland-halland\\\/\",\"name\":\"Noaks Ark Sm\u00e5land &amp; Halland\",\"description\":\"\",\"potentialAction\":[{\"@type\":\"SearchAction\",\"target\":{\"@type\":\"EntryPoint\",\"urlTemplate\":\"https:\\\/\\\/noaksark.org\\\/smaland-halland\\\/?s={search_term_string}\"},\"query-input\":{\"@type\":\"PropertyValueSpecification\",\"valueRequired\":true,\"valueName\":\"search_term_string\"}}],\"inLanguage\":\"sv-SE\"}]}<\/script>\n<!-- \/ Yoast SEO Premium plugin. -->","yoast_head_json":{"title":"Personuppgiftspolicy - Noaks Ark Sm\u00e5land &amp; Halland","robots":{"index":"index","follow":"follow","max-snippet":"max-snippet:-1","max-image-preview":"max-image-preview:large","max-video-preview":"max-video-preview:-1"},"canonical":"https:\/\/noaksark.org\/smaland-halland\/om-oss\/noaks-ark-smaland-hallands-personuppgiftspolicy\/","og_locale":"sv_SE","og_type":"article","og_title":"Personuppgiftspolicy","og_description":"Personlig integritet F\u00f6reningen Noaks Ark Sm\u00e5land &amp; Halland v\u00e4rnar om din personliga integritet och din r\u00e4tt att sj\u00e4lv ha kontroll \u00f6ver dina personuppgifter.Dataskyddsf\u00f6rordningen (GDPR) g\u00e4ller som lag i alla EU:s medlemsl\u00e4nder fr\u00e5n och med den...","og_url":"https:\/\/noaksark.org\/smaland-halland\/om-oss\/noaks-ark-smaland-hallands-personuppgiftspolicy\/","og_site_name":"Noaks Ark Sm\u00e5land &amp; Halland","article_modified_time":"2022-12-16T14:52:58+00:00","twitter_card":"summary_large_image","twitter_misc":{"Ber\u00e4knad l\u00e4stid":"6 minuter"},"schema":{"@context":"https:\/\/schema.org","@graph":[{"@type":"WebPage","@id":"https:\/\/noaksark.org\/smaland-halland\/om-oss\/noaks-ark-smaland-hallands-personuppgiftspolicy\/","url":"https:\/\/noaksark.org\/smaland-halland\/om-oss\/noaks-ark-smaland-hallands-personuppgiftspolicy\/","name":"Personuppgiftspolicy - Noaks Ark Sm\u00e5land &amp; Halland","isPartOf":{"@id":"https:\/\/noaksark.org\/smaland-halland\/#website"},"datePublished":"2022-12-16T14:41:29+00:00","dateModified":"2022-12-16T14:52:58+00:00","breadcrumb":{"@id":"https:\/\/noaksark.org\/smaland-halland\/om-oss\/noaks-ark-smaland-hallands-personuppgiftspolicy\/#breadcrumb"},"inLanguage":"sv-SE","potentialAction":[{"@type":"ReadAction","target":["https:\/\/noaksark.org\/smaland-halland\/om-oss\/noaks-ark-smaland-hallands-personuppgiftspolicy\/"]}]},{"@type":"BreadcrumbList","@id":"https:\/\/noaksark.org\/smaland-halland\/om-oss\/noaks-ark-smaland-hallands-personuppgiftspolicy\/#breadcrumb","itemListElement":[{"@type":"ListItem","position":1,"name":"Home","item":"https:\/\/noaksark.org\/smaland-halland\/"},{"@type":"ListItem","position":2,"name":"Om oss","item":"https:\/\/noaksark.org\/smaland-halland\/om-oss\/"},{"@type":"ListItem","position":3,"name":"Personuppgiftspolicy"}]},{"@type":"WebSite","@id":"https:\/\/noaksark.org\/smaland-halland\/#website","url":"https:\/\/noaksark.org\/smaland-halland\/","name":"Noaks Ark Sm\u00e5land &amp; Halland","description":"","potentialAction":[{"@type":"SearchAction","target":{"@type":"EntryPoint","urlTemplate":"https:\/\/noaksark.org\/smaland-halland\/?s={search_term_string}"},"query-input":{"@type":"PropertyValueSpecification","valueRequired":true,"valueName":"search_term_string"}}],"inLanguage":"sv-SE"}]}},"_links":{"self":[{"href":"https:\/\/noaksark.org\/smaland-halland\/wp-json\/wp\/v2\/pages\/253","targetHints":{"allow":["GET"]}}],"collection":[{"href":"https:\/\/noaksark.org\/smaland-halland\/wp-json\/wp\/v2\/pages"}],"about":[{"href":"https:\/\/noaksark.org\/smaland-halland\/wp-json\/wp\/v2\/types\/page"}],"author":[{"embeddable":true,"href":"https:\/\/noaksark.org\/smaland-halland\/wp-json\/wp\/v2\/users\/27"}],"replies":[{"embeddable":true,"href":"https:\/\/noaksark.org\/smaland-halland\/wp-json\/wp\/v2\/comments?post=253"}],"version-history":[{"count":2,"href":"https:\/\/noaksark.org\/smaland-halland\/wp-json\/wp\/v2\/pages\/253\/revisions"}],"predecessor-version":[{"id":255,"href":"https:\/\/noaksark.org\/smaland-halland\/wp-json\/wp\/v2\/pages\/253\/revisions\/255"}],"up":[{"embeddable":true,"href":"https:\/\/noaksark.org\/smaland-halland\/wp-json\/wp\/v2\/pages\/16"}],"wp:attachment":[{"href":"https:\/\/noaksark.org\/smaland-halland\/wp-json\/wp\/v2\/media?parent=253"}],"curies":[{"name":"wp","href":"https:\/\/api.w.org\/{rel}","templated":true}]}}