{"id":2,"date":"2022-11-22T13:17:12","date_gmt":"2022-11-22T13:17:12","guid":{"rendered":"https:\/\/noaksark.test\/smaland-halland\/?page_id=2"},"modified":"2026-01-09T11:28:23","modified_gmt":"2026-01-09T10:28:23","slug":"for-dig","status":"publish","type":"page","link":"https:\/\/noaksark.org\/smaland-halland\/for-dig\/","title":{"rendered":"St\u00f6d"},"content":{"rendered":"\n<p>V\u00e5r uppgift \u00e4r att fungera som st\u00f6d, trygghet och v\u00e4gledning i processen till en positiv utveckling av den egna h\u00e4lsan, sj\u00e4lvbilden, sj\u00e4lvk\u00e4nslan och identiteten f\u00f6r personer som lever med hiv. Vi erbjuder b\u00e5de individuellt st\u00f6d och gruppaktiviteter. H\u00e4r kan du l\u00e4sa mer om v\u00e5r st\u00f6dverksamhet.<\/p>\n\n\n\n<h2 class=\"wp-block-heading\" id=\"h-nagon-att-prata-med\">N\u00e5gon att prata med<\/h2>\n\n\n\n<p>F\u00f6reningen erbjuder&nbsp;psykosocialt st\u00f6d&nbsp;till personer som lever med hiv och deras anh\u00f6riga. Vi \u00e4r ett komplement till infektionskliniker och tar hand om de mjuka fr\u00e5gorna g\u00e4llande sj\u00e4l, hj\u00e4rta och tanke. Det psykosociala st\u00f6det har flera dimensioner&nbsp;och anpassas efter det individuella behovet. Vi som arbetar p\u00e5 f\u00f6reningen har m\u00e5ng\u00e5rig erfarenhet och arbetar under sekretess.<\/p>\n\n\n\n<p>Beh\u00f6ver du n\u00e5gon att prata med? <a href=\"https:\/\/noaksark.org\/smaland-halland\/om-oss\/kontakta-oss\/\">Kontakta oss <\/a>f\u00f6r mer information.<\/p>\n\n\n\n<h2 class=\"wp-block-heading\" id=\"h-gruppaktiviteter\">Gruppaktiviteter<\/h2>\n\n\n\n<p>Vi erbjuder en variation av gruppaktiviteter, b\u00e5de f\u00f6r dig som lever med hiv och f\u00f6r dig som \u00e4r anh\u00f6rig eller n\u00e4rst\u00e5ende till n\u00e5gon som lever med hiv. Du som lever med hiv kan tr\u00e4ffa andra i samma situation, f\u00e5 hj\u00e4lp och st\u00f6d eller bara ta del av gemenskapen. Oavsett vart du befinner dig i livet, finns det ett sammanhang f\u00f6r dig och dina behov. Nedan kan du l\u00e4sa mer om v\u00e5ra olika aktiviteter. H\u00e5ll utkik i <a href=\"https:\/\/noaksark.org\/smaland-halland\/kalender\/\">kalendern <\/a>f\u00f6r v\u00e5ra kommande aktiviteter. <\/p>\n\n\n\n<div style=\"height:15px\" aria-hidden=\"true\" class=\"wp-block-spacer\"><\/div>\n\n\n\n<h4 class=\"wp-block-heading\" id=\"h-samtalsgrupper\">Samtalsgrupper<\/h4>\n\n\n\n<p>Samtalsgrupper genomf\u00f6rs i olika sammans\u00e4ttningar, utifr\u00e5n individens behov. I en samtalsgrupp samlas personer med liknande erfarenheter f\u00f6r att dela tankar och k\u00e4nslor med varandra i en trygg milj\u00f6. Du f\u00e5r m\u00f6jlighet att prata om din situation utan att bli avbruten eller k\u00e4nna n\u00e5gon prestation, h\u00e4r s\u00e4ger du bara det du vill s\u00e4ga.<\/p>\n\n\n\n<p>Just nu finns det grupper f\u00f6r kvinnor, m\u00e4n, HBTQI+ och \u00e4ldre personer som lever med hiv. Vi erbjuder \u00e4ven samtal och st\u00f6d f\u00f6r familjer d\u00e4r n\u00e5gon lever med hiv, f\u00f6r\u00e4ldrar och\/eller barn. Teman f\u00f6r tr\u00e4ffarna varierar och baseras p\u00e5 behoven samt \u00f6nskem\u00e5len som finns i grupperna. <a href=\"https:\/\/noaksark.org\/smaland-halland\/om-oss\/kontakta-oss\/\">Kontakta oss<\/a> f\u00f6r mer information.<\/p>\n\n\n\n<div style=\"height:15px\" aria-hidden=\"true\" class=\"wp-block-spacer\"><\/div>\n\n\n\n<h4 class=\"wp-block-heading\" id=\"h-sociala-aktiviteter\">Sociala aktiviteter<\/h4>\n\n\n\n<p>Tillsammans med personer som lever med hiv och deras n\u00e4rst\u00e5ende eller anh\u00f6riga formas de sociala aktiviteternas inneh\u00e5ll och inriktning. Syftet \u00e4r att skapa delaktighet f\u00f6r att motverka utanf\u00f6rskap, isolering och stigmatisering f\u00f6r \u00f6kad livskvalitet. Aktiviteterna best\u00e5r bland annat av familjeutflykter, julfirande och s\u00e5 vidare. <\/p>\n\n\n\n<div style=\"height:15px\" aria-hidden=\"true\" class=\"wp-block-spacer\"><\/div>\n\n\n\n<h4 class=\"wp-block-heading\" id=\"h-utbildningar\">Utbildningar<\/h4>\n\n\n\n<p>Vi erbjuder h\u00e4lsofr\u00e4mjande och kunskapsh\u00f6jande utbildning till personer som lever med hiv i syfte att st\u00e4rka den psykiska, fysiska och sexuella h\u00e4lsan. \u00c4mnen som ber\u00f6rs \u00e4r bland annat om sexuell och reproduktiv h\u00e4lsa och r\u00e4ttigheter (SRHR), hiv, behandling, STI, h\u00e4lsa, stigma, r\u00e4ttigheter och skyldigheter och h\u00e4lso\u00ad-och sjukv\u00e5rden. Nedan ser du de \u00e5terkommande utbildningarna som vi erbjuder.<\/p>\n\n\n\n<div style=\"height:15px\" aria-hidden=\"true\" class=\"wp-block-spacer\"><\/div>\n\n\n\n<div class=\"wp-block-columns is-layout-flex wp-container-core-columns-is-layout-9d6595d7 wp-block-columns-is-layout-flex\">\n<div class=\"wp-block-column is-layout-flow wp-block-column-is-layout-flow\" style=\"flex-basis:50%\">\n<h4 class=\"wp-block-heading\" id=\"h-kropp-och-sjal\"><a href=\"https:\/\/noaksark.org\/smaland-halland\/kalender\/kropp-och-sjal-2\/\">Kropp och sj\u00e4l<\/a><\/h4>\n\n\n\n<p>En dag med varm gemenskap, h\u00e4lsofr\u00e4mjande aktiviteter och f\u00f6rel\u00e4sningar.<\/p>\n<\/div>\n\n\n\n<div class=\"wp-block-column is-layout-flow wp-block-column-is-layout-flow\" style=\"flex-basis:50%\">\n<h4 class=\"wp-block-heading\" id=\"h-kunskapsforum\"><a href=\"https:\/\/noaksark.org\/smaland-halland\/kalender\/kunskapslager-2\/\">Kunskapsforum<\/a><\/h4>\n\n\n\n<p>En helg med roliga aktiviteter och intressanta f\u00f6rel\u00e4sningar f\u00f6r fr\u00e4mjad h\u00e4lsa och v\u00e4lm\u00e5ende.<\/p>\n<\/div>\n<\/div>\n\n\n\n<h2 class=\"wp-block-heading\" id=\"h-vill-du-veta-mer-om-stodverksamheten-kontakta-oss\">Vill du veta mer om st\u00f6dverksamheten? Kontakta oss!<\/h2>\n\n\n\n<div style=\"height:38px\" aria-hidden=\"true\" class=\"wp-block-spacer\"><\/div>\n\n\n\n<div class=\"wp-block-columns is-layout-flex wp-container-core-columns-is-layout-9d6595d7 wp-block-columns-is-layout-flex\">\n<div class=\"wp-block-column is-layout-flow wp-block-column-is-layout-flow\"><div class=\"contact-cards\"><div class=\"row\">\n        <div class=\"col-12 mb-4 d-flex\">\n            <div class=\"contact-item contact-width-100\">\n                <div class=\"contact-content p-4 pe-7\">\n                    <h5>Ella \u00d6stman Skala<\/h5>\n                    <h6>Bitr\u00e4dande verksamhetsledare, Psykosocial resurs, Sociolog<\/h6>\n                      \n                        <a href=\"tel:0769413619\"><p><i class=\"fa-regular fa-mobile\"><\/i>076-941 36 19<\/p><\/a>\n                                          \n                        <a href=\"mailto:\"><i class=\"fal fa-envelope\"><\/i>Send email<\/a>\n                                                            <div class=\"contact-image-wrapper\">\n                        <div class=\"contact-image\" style=\"background-image: url('https:\/\/noaksark.org\/smaland-halland\/wp-content\/uploads\/sites\/5\/2022\/11\/Ella-863x1024.jpg');\"><\/div>     \n                    <\/div> \n                <\/div>           \n            <\/div>\n        <\/div> \n        <\/div><\/div><\/div>\n\n\n\n<div class=\"wp-block-column is-layout-flow wp-block-column-is-layout-flow\"><div class=\"contact-cards\"><div class=\"row\">\n        <div class=\"col-12 mb-4 d-flex\">\n            <div class=\"contact-item contact-width-100\">\n                <div class=\"contact-content p-4 pe-7\">\n                    <h5>Farhad Khaghani<\/h5>\n                    <h6>Verksamhetsledare, Grundutbildad KBT-terapeut<\/h6>\n                      \n                        <a href=\"tel:0707293278\"><p><i class=\"fa-regular fa-mobile\"><\/i>070-729 32 78<\/p><\/a>\n                                          \n                        <a href=\"mailto:\"><i class=\"fal fa-envelope\"><\/i>Send email<\/a>\n                                                            <div class=\"contact-image-wrapper\">\n                        <div class=\"contact-image\" style=\"background-image: url('https:\/\/noaksark.org\/smaland-halland\/wp-content\/uploads\/sites\/5\/2022\/11\/Farhad-kopia-300x300-1.jpg');\"><\/div>     \n                    <\/div> \n                <\/div>           \n            <\/div>\n        <\/div> \n        <\/div><\/div><\/div>\n<\/div>\n\n\n\n<p> <\/p>\n","protected":false},"excerpt":{"rendered":"<p>V\u00e5r uppgift \u00e4r att fungera som st\u00f6d, trygghet och v\u00e4gledning i processen till en positiv utveckling av den egna h\u00e4lsan, sj\u00e4lvbilden, sj\u00e4lvk\u00e4nslan och identiteten f\u00f6r personer som lever med hiv. Vi erbjuder b\u00e5de individuellt st\u00f6d&#8230;<\/p>\n","protected":false},"author":27,"featured_media":243,"parent":0,"menu_order":0,"comment_status":"closed","ping_status":"open","template":"","meta":{"_acf_changed":false,"footnotes":""},"class_list":["post-2","page","type-page","status-publish","has-post-thumbnail","hentry"],"acf":[],"yoast_head":"<!-- This site is optimized with the Yoast SEO Premium plugin v27.4 (Yoast SEO v27.5) - https:\/\/yoast.com\/product\/yoast-seo-premium-wordpress\/ -->\n<title>St\u00f6d - Noaks Ark Sm\u00e5land &amp; Halland<\/title>\n<meta name=\"robots\" content=\"index, follow, max-snippet:-1, max-image-preview:large, max-video-preview:-1\" \/>\n<link rel=\"canonical\" href=\"https:\/\/noaksark.org\/smaland-halland\/for-dig\/\" \/>\n<meta property=\"og:locale\" content=\"sv_SE\" \/>\n<meta property=\"og:type\" content=\"article\" \/>\n<meta property=\"og:title\" content=\"St\u00f6d\" \/>\n<meta property=\"og:description\" content=\"V\u00e5r uppgift \u00e4r att fungera som st\u00f6d, trygghet och v\u00e4gledning i processen till en positiv utveckling av den egna h\u00e4lsan, sj\u00e4lvbilden, sj\u00e4lvk\u00e4nslan och identiteten f\u00f6r personer som lever med hiv. Vi erbjuder b\u00e5de individuellt st\u00f6d...\" \/>\n<meta property=\"og:url\" content=\"https:\/\/noaksark.org\/smaland-halland\/for-dig\/\" \/>\n<meta property=\"og:site_name\" content=\"Noaks Ark Sm\u00e5land &amp; Halland\" \/>\n<meta property=\"article:modified_time\" content=\"2026-01-09T10:28:23+00:00\" \/>\n<meta property=\"og:image\" content=\"https:\/\/noaksark.org\/smaland-halland\/wp-content\/uploads\/sites\/5\/2022\/12\/page-hero-smaland-halland-for-dig-noaks-ark.jpg\" \/>\n\t<meta property=\"og:image:width\" content=\"1500\" \/>\n\t<meta property=\"og:image:height\" content=\"648\" \/>\n\t<meta property=\"og:image:type\" content=\"image\/jpeg\" \/>\n<meta name=\"twitter:card\" content=\"summary_large_image\" \/>\n<meta name=\"twitter:label1\" content=\"Ber\u00e4knad l\u00e4stid\" \/>\n\t<meta name=\"twitter:data1\" content=\"3 minuter\" \/>\n<script type=\"application\/ld+json\" class=\"yoast-schema-graph\">{\"@context\":\"https:\\\/\\\/schema.org\",\"@graph\":[{\"@type\":\"WebPage\",\"@id\":\"https:\\\/\\\/noaksark.org\\\/smaland-halland\\\/for-dig\\\/\",\"url\":\"https:\\\/\\\/noaksark.org\\\/smaland-halland\\\/for-dig\\\/\",\"name\":\"St\u00f6d - Noaks Ark Sm\u00e5land &amp; Halland\",\"isPartOf\":{\"@id\":\"https:\\\/\\\/noaksark.org\\\/smaland-halland\\\/#website\"},\"primaryImageOfPage\":{\"@id\":\"https:\\\/\\\/noaksark.org\\\/smaland-halland\\\/for-dig\\\/#primaryimage\"},\"image\":{\"@id\":\"https:\\\/\\\/noaksark.org\\\/smaland-halland\\\/for-dig\\\/#primaryimage\"},\"thumbnailUrl\":\"https:\\\/\\\/noaksark.org\\\/smaland-halland\\\/wp-content\\\/uploads\\\/sites\\\/5\\\/2022\\\/12\\\/page-hero-smaland-halland-for-dig-noaks-ark.jpg\",\"datePublished\":\"2022-11-22T13:17:12+00:00\",\"dateModified\":\"2026-01-09T10:28:23+00:00\",\"breadcrumb\":{\"@id\":\"https:\\\/\\\/noaksark.org\\\/smaland-halland\\\/for-dig\\\/#breadcrumb\"},\"inLanguage\":\"sv-SE\",\"potentialAction\":[{\"@type\":\"ReadAction\",\"target\":[\"https:\\\/\\\/noaksark.org\\\/smaland-halland\\\/for-dig\\\/\"]}]},{\"@type\":\"ImageObject\",\"inLanguage\":\"sv-SE\",\"@id\":\"https:\\\/\\\/noaksark.org\\\/smaland-halland\\\/for-dig\\\/#primaryimage\",\"url\":\"https:\\\/\\\/noaksark.org\\\/smaland-halland\\\/wp-content\\\/uploads\\\/sites\\\/5\\\/2022\\\/12\\\/page-hero-smaland-halland-for-dig-noaks-ark.jpg\",\"contentUrl\":\"https:\\\/\\\/noaksark.org\\\/smaland-halland\\\/wp-content\\\/uploads\\\/sites\\\/5\\\/2022\\\/12\\\/page-hero-smaland-halland-for-dig-noaks-ark.jpg\",\"width\":1500,\"height\":648,\"caption\":\"Noaks Ark - Sm\u00e5land & Halland - F\u00f6r dig\"},{\"@type\":\"BreadcrumbList\",\"@id\":\"https:\\\/\\\/noaksark.org\\\/smaland-halland\\\/for-dig\\\/#breadcrumb\",\"itemListElement\":[{\"@type\":\"ListItem\",\"position\":1,\"name\":\"Home\",\"item\":\"https:\\\/\\\/noaksark.org\\\/smaland-halland\\\/\"},{\"@type\":\"ListItem\",\"position\":2,\"name\":\"St\u00f6d\"}]},{\"@type\":\"WebSite\",\"@id\":\"https:\\\/\\\/noaksark.org\\\/smaland-halland\\\/#website\",\"url\":\"https:\\\/\\\/noaksark.org\\\/smaland-halland\\\/\",\"name\":\"Noaks Ark Sm\u00e5land &amp; Halland\",\"description\":\"\",\"potentialAction\":[{\"@type\":\"SearchAction\",\"target\":{\"@type\":\"EntryPoint\",\"urlTemplate\":\"https:\\\/\\\/noaksark.org\\\/smaland-halland\\\/?s={search_term_string}\"},\"query-input\":{\"@type\":\"PropertyValueSpecification\",\"valueRequired\":true,\"valueName\":\"search_term_string\"}}],\"inLanguage\":\"sv-SE\"}]}<\/script>\n<!-- \/ Yoast SEO Premium plugin. -->","yoast_head_json":{"title":"St\u00f6d - Noaks Ark Sm\u00e5land &amp; Halland","robots":{"index":"index","follow":"follow","max-snippet":"max-snippet:-1","max-image-preview":"max-image-preview:large","max-video-preview":"max-video-preview:-1"},"canonical":"https:\/\/noaksark.org\/smaland-halland\/for-dig\/","og_locale":"sv_SE","og_type":"article","og_title":"St\u00f6d","og_description":"V\u00e5r uppgift \u00e4r att fungera som st\u00f6d, trygghet och v\u00e4gledning i processen till en positiv utveckling av den egna h\u00e4lsan, sj\u00e4lvbilden, sj\u00e4lvk\u00e4nslan och identiteten f\u00f6r personer som lever med hiv. Vi erbjuder b\u00e5de individuellt st\u00f6d...","og_url":"https:\/\/noaksark.org\/smaland-halland\/for-dig\/","og_site_name":"Noaks Ark Sm\u00e5land &amp; Halland","article_modified_time":"2026-01-09T10:28:23+00:00","og_image":[{"width":1500,"height":648,"url":"https:\/\/noaksark.org\/smaland-halland\/wp-content\/uploads\/sites\/5\/2022\/12\/page-hero-smaland-halland-for-dig-noaks-ark.jpg","type":"image\/jpeg"}],"twitter_card":"summary_large_image","twitter_misc":{"Ber\u00e4knad l\u00e4stid":"3 minuter"},"schema":{"@context":"https:\/\/schema.org","@graph":[{"@type":"WebPage","@id":"https:\/\/noaksark.org\/smaland-halland\/for-dig\/","url":"https:\/\/noaksark.org\/smaland-halland\/for-dig\/","name":"St\u00f6d - Noaks Ark Sm\u00e5land &amp; Halland","isPartOf":{"@id":"https:\/\/noaksark.org\/smaland-halland\/#website"},"primaryImageOfPage":{"@id":"https:\/\/noaksark.org\/smaland-halland\/for-dig\/#primaryimage"},"image":{"@id":"https:\/\/noaksark.org\/smaland-halland\/for-dig\/#primaryimage"},"thumbnailUrl":"https:\/\/noaksark.org\/smaland-halland\/wp-content\/uploads\/sites\/5\/2022\/12\/page-hero-smaland-halland-for-dig-noaks-ark.jpg","datePublished":"2022-11-22T13:17:12+00:00","dateModified":"2026-01-09T10:28:23+00:00","breadcrumb":{"@id":"https:\/\/noaksark.org\/smaland-halland\/for-dig\/#breadcrumb"},"inLanguage":"sv-SE","potentialAction":[{"@type":"ReadAction","target":["https:\/\/noaksark.org\/smaland-halland\/for-dig\/"]}]},{"@type":"ImageObject","inLanguage":"sv-SE","@id":"https:\/\/noaksark.org\/smaland-halland\/for-dig\/#primaryimage","url":"https:\/\/noaksark.org\/smaland-halland\/wp-content\/uploads\/sites\/5\/2022\/12\/page-hero-smaland-halland-for-dig-noaks-ark.jpg","contentUrl":"https:\/\/noaksark.org\/smaland-halland\/wp-content\/uploads\/sites\/5\/2022\/12\/page-hero-smaland-halland-for-dig-noaks-ark.jpg","width":1500,"height":648,"caption":"Noaks Ark - Sm\u00e5land & Halland - F\u00f6r dig"},{"@type":"BreadcrumbList","@id":"https:\/\/noaksark.org\/smaland-halland\/for-dig\/#breadcrumb","itemListElement":[{"@type":"ListItem","position":1,"name":"Home","item":"https:\/\/noaksark.org\/smaland-halland\/"},{"@type":"ListItem","position":2,"name":"St\u00f6d"}]},{"@type":"WebSite","@id":"https:\/\/noaksark.org\/smaland-halland\/#website","url":"https:\/\/noaksark.org\/smaland-halland\/","name":"Noaks Ark Sm\u00e5land &amp; Halland","description":"","potentialAction":[{"@type":"SearchAction","target":{"@type":"EntryPoint","urlTemplate":"https:\/\/noaksark.org\/smaland-halland\/?s={search_term_string}"},"query-input":{"@type":"PropertyValueSpecification","valueRequired":true,"valueName":"search_term_string"}}],"inLanguage":"sv-SE"}]}},"_links":{"self":[{"href":"https:\/\/noaksark.org\/smaland-halland\/wp-json\/wp\/v2\/pages\/2","targetHints":{"allow":["GET"]}}],"collection":[{"href":"https:\/\/noaksark.org\/smaland-halland\/wp-json\/wp\/v2\/pages"}],"about":[{"href":"https:\/\/noaksark.org\/smaland-halland\/wp-json\/wp\/v2\/types\/page"}],"author":[{"embeddable":true,"href":"https:\/\/noaksark.org\/smaland-halland\/wp-json\/wp\/v2\/users\/27"}],"replies":[{"embeddable":true,"href":"https:\/\/noaksark.org\/smaland-halland\/wp-json\/wp\/v2\/comments?post=2"}],"version-history":[{"count":60,"href":"https:\/\/noaksark.org\/smaland-halland\/wp-json\/wp\/v2\/pages\/2\/revisions"}],"predecessor-version":[{"id":1737,"href":"https:\/\/noaksark.org\/smaland-halland\/wp-json\/wp\/v2\/pages\/2\/revisions\/1737"}],"wp:featuredmedia":[{"embeddable":true,"href":"https:\/\/noaksark.org\/smaland-halland\/wp-json\/wp\/v2\/media\/243"}],"wp:attachment":[{"href":"https:\/\/noaksark.org\/smaland-halland\/wp-json\/wp\/v2\/media?parent=2"}],"curies":[{"name":"wp","href":"https:\/\/api.w.org\/{rel}","templated":true}]}}