{"id":16,"date":"2022-11-22T13:44:43","date_gmt":"2022-11-22T13:44:43","guid":{"rendered":"https:\/\/noaksark.test\/smaland-halland\/?page_id=16"},"modified":"2025-04-10T14:05:10","modified_gmt":"2025-04-10T12:05:10","slug":"om-oss","status":"publish","type":"page","link":"https:\/\/noaksark.org\/smaland-halland\/om-oss\/","title":{"rendered":"Om oss"},"content":{"rendered":"\n<p>Noaks Ark Sm\u00e5land &amp; Halland arbetar f\u00f6r att \u00f6ka v\u00e4lbefinnandet och livskvalit\u00e9n hos personer som lever med hiv samt f\u00f6rebygga spridningen av hiv och andra sexuellt \u00f6verf\u00f6rbara infektioner (STI). Genom att \u00f6ka medvetenheten och kunskapen om hiv, STI och sexuell och reproduktiv h\u00e4lsa och r\u00e4ttigheter (SRHR) kan vi lindra utsattheten i samh\u00e4llet f\u00f6r m\u00e4nniskor som lever med hiv och motverka utanf\u00f6rskap, stigma och diskriminering.<\/p>\n\n\n\n<p>Tre verksamhetsomr\u00e5den:<\/p>\n\n\n\n<ul class=\"wp-block-list\">\n<li>Psykosocial st\u00f6dverksamhet till m\u00e4nniskor som lever med hiv och deras anh\u00f6riga<\/li>\n\n\n\n<li>F\u00f6rebyggande verksamhet med preventivt informations- och utbildningsarbete om hiv, STI, SRHR-fr\u00e5gor och bem\u00f6tande<\/li>\n\n\n\n<li>Testmottagning f\u00f6r hivtest med snabbsvar och utdelning av egenprovtagningstest f\u00f6r klamydia och gonorr\u00e9<\/li>\n<\/ul>\n\n\n\n<p>Noaks Ark Sm\u00e5land &amp; Hallands verksamhetsomr\u00e5de \u00e4r Kronobergs l\u00e4n, Hallands l\u00e4n, Region J\u00f6nk\u00f6pings l\u00e4n samt Region Kalmar l\u00e4n.<\/p>\n","protected":false},"excerpt":{"rendered":"<p>Noaks Ark Sm\u00e5land &amp; Halland arbetar f\u00f6r att \u00f6ka v\u00e4lbefinnandet och livskvalit\u00e9n hos personer som lever med hiv samt f\u00f6rebygga spridningen av hiv och andra sexuellt \u00f6verf\u00f6rbara infektioner (STI). Genom att \u00f6ka medvetenheten och kunskapen&#8230;<\/p>\n","protected":false},"author":27,"featured_media":12,"parent":0,"menu_order":0,"comment_status":"closed","ping_status":"closed","template":"","meta":{"_acf_changed":false,"footnotes":""},"class_list":["post-16","page","type-page","status-publish","has-post-thumbnail","hentry"],"acf":[],"yoast_head":"<!-- This site is optimized with the Yoast SEO Premium plugin v27.3 (Yoast SEO v27.4) - https:\/\/yoast.com\/product\/yoast-seo-premium-wordpress\/ -->\n<title>Om oss - Noaks Ark Sm\u00e5land &amp; Halland<\/title>\n<meta name=\"robots\" content=\"index, follow, max-snippet:-1, max-image-preview:large, max-video-preview:-1\" \/>\n<link rel=\"canonical\" href=\"https:\/\/noaksark.org\/smaland-halland\/om-oss\/\" \/>\n<meta property=\"og:locale\" content=\"sv_SE\" \/>\n<meta property=\"og:type\" content=\"article\" \/>\n<meta property=\"og:title\" content=\"Om oss\" \/>\n<meta property=\"og:description\" content=\"Noaks Ark Sm\u00e5land &amp; Halland arbetar f\u00f6r att \u00f6ka v\u00e4lbefinnandet och livskvalit\u00e9n hos personer som lever med hiv samt f\u00f6rebygga spridningen av hiv och andra sexuellt \u00f6verf\u00f6rbara infektioner (STI). Genom att \u00f6ka medvetenheten och kunskapen...\" \/>\n<meta property=\"og:url\" content=\"https:\/\/noaksark.org\/smaland-halland\/om-oss\/\" \/>\n<meta property=\"og:site_name\" content=\"Noaks Ark Sm\u00e5land &amp; Halland\" \/>\n<meta property=\"article:modified_time\" content=\"2025-04-10T12:05:10+00:00\" \/>\n<meta property=\"og:image\" content=\"https:\/\/noaksark.org\/smaland-halland\/wp-content\/uploads\/sites\/5\/2022\/11\/page-hero.jpg\" \/>\n\t<meta property=\"og:image:width\" content=\"1500\" \/>\n\t<meta property=\"og:image:height\" content=\"648\" \/>\n\t<meta property=\"og:image:type\" content=\"image\/jpeg\" \/>\n<meta name=\"twitter:card\" content=\"summary_large_image\" \/>\n<meta name=\"twitter:label1\" content=\"Ber\u00e4knad l\u00e4stid\" \/>\n\t<meta name=\"twitter:data1\" content=\"1 minut\" \/>\n<script type=\"application\/ld+json\" class=\"yoast-schema-graph\">{\"@context\":\"https:\\\/\\\/schema.org\",\"@graph\":[{\"@type\":\"WebPage\",\"@id\":\"https:\\\/\\\/noaksark.org\\\/smaland-halland\\\/om-oss\\\/\",\"url\":\"https:\\\/\\\/noaksark.org\\\/smaland-halland\\\/om-oss\\\/\",\"name\":\"Om oss - Noaks Ark Sm\u00e5land &amp; Halland\",\"isPartOf\":{\"@id\":\"https:\\\/\\\/noaksark.org\\\/smaland-halland\\\/#website\"},\"primaryImageOfPage\":{\"@id\":\"https:\\\/\\\/noaksark.org\\\/smaland-halland\\\/om-oss\\\/#primaryimage\"},\"image\":{\"@id\":\"https:\\\/\\\/noaksark.org\\\/smaland-halland\\\/om-oss\\\/#primaryimage\"},\"thumbnailUrl\":\"https:\\\/\\\/noaksark.org\\\/smaland-halland\\\/wp-content\\\/uploads\\\/sites\\\/5\\\/2022\\\/11\\\/page-hero.jpg\",\"datePublished\":\"2022-11-22T13:44:43+00:00\",\"dateModified\":\"2025-04-10T12:05:10+00:00\",\"breadcrumb\":{\"@id\":\"https:\\\/\\\/noaksark.org\\\/smaland-halland\\\/om-oss\\\/#breadcrumb\"},\"inLanguage\":\"sv-SE\",\"potentialAction\":[{\"@type\":\"ReadAction\",\"target\":[\"https:\\\/\\\/noaksark.org\\\/smaland-halland\\\/om-oss\\\/\"]}]},{\"@type\":\"ImageObject\",\"inLanguage\":\"sv-SE\",\"@id\":\"https:\\\/\\\/noaksark.org\\\/smaland-halland\\\/om-oss\\\/#primaryimage\",\"url\":\"https:\\\/\\\/noaksark.org\\\/smaland-halland\\\/wp-content\\\/uploads\\\/sites\\\/5\\\/2022\\\/11\\\/page-hero.jpg\",\"contentUrl\":\"https:\\\/\\\/noaksark.org\\\/smaland-halland\\\/wp-content\\\/uploads\\\/sites\\\/5\\\/2022\\\/11\\\/page-hero.jpg\",\"width\":1500,\"height\":648},{\"@type\":\"BreadcrumbList\",\"@id\":\"https:\\\/\\\/noaksark.org\\\/smaland-halland\\\/om-oss\\\/#breadcrumb\",\"itemListElement\":[{\"@type\":\"ListItem\",\"position\":1,\"name\":\"Home\",\"item\":\"https:\\\/\\\/noaksark.org\\\/smaland-halland\\\/\"},{\"@type\":\"ListItem\",\"position\":2,\"name\":\"Om oss\"}]},{\"@type\":\"WebSite\",\"@id\":\"https:\\\/\\\/noaksark.org\\\/smaland-halland\\\/#website\",\"url\":\"https:\\\/\\\/noaksark.org\\\/smaland-halland\\\/\",\"name\":\"Noaks Ark Sm\u00e5land &amp; Halland\",\"description\":\"\",\"potentialAction\":[{\"@type\":\"SearchAction\",\"target\":{\"@type\":\"EntryPoint\",\"urlTemplate\":\"https:\\\/\\\/noaksark.org\\\/smaland-halland\\\/?s={search_term_string}\"},\"query-input\":{\"@type\":\"PropertyValueSpecification\",\"valueRequired\":true,\"valueName\":\"search_term_string\"}}],\"inLanguage\":\"sv-SE\"}]}<\/script>\n<!-- \/ Yoast SEO Premium plugin. -->","yoast_head_json":{"title":"Om oss - Noaks Ark Sm\u00e5land &amp; Halland","robots":{"index":"index","follow":"follow","max-snippet":"max-snippet:-1","max-image-preview":"max-image-preview:large","max-video-preview":"max-video-preview:-1"},"canonical":"https:\/\/noaksark.org\/smaland-halland\/om-oss\/","og_locale":"sv_SE","og_type":"article","og_title":"Om oss","og_description":"Noaks Ark Sm\u00e5land &amp; Halland arbetar f\u00f6r att \u00f6ka v\u00e4lbefinnandet och livskvalit\u00e9n hos personer som lever med hiv samt f\u00f6rebygga spridningen av hiv och andra sexuellt \u00f6verf\u00f6rbara infektioner (STI). Genom att \u00f6ka medvetenheten och kunskapen...","og_url":"https:\/\/noaksark.org\/smaland-halland\/om-oss\/","og_site_name":"Noaks Ark Sm\u00e5land &amp; Halland","article_modified_time":"2025-04-10T12:05:10+00:00","og_image":[{"width":1500,"height":648,"url":"https:\/\/noaksark.org\/smaland-halland\/wp-content\/uploads\/sites\/5\/2022\/11\/page-hero.jpg","type":"image\/jpeg"}],"twitter_card":"summary_large_image","twitter_misc":{"Ber\u00e4knad l\u00e4stid":"1 minut"},"schema":{"@context":"https:\/\/schema.org","@graph":[{"@type":"WebPage","@id":"https:\/\/noaksark.org\/smaland-halland\/om-oss\/","url":"https:\/\/noaksark.org\/smaland-halland\/om-oss\/","name":"Om oss - Noaks Ark Sm\u00e5land &amp; Halland","isPartOf":{"@id":"https:\/\/noaksark.org\/smaland-halland\/#website"},"primaryImageOfPage":{"@id":"https:\/\/noaksark.org\/smaland-halland\/om-oss\/#primaryimage"},"image":{"@id":"https:\/\/noaksark.org\/smaland-halland\/om-oss\/#primaryimage"},"thumbnailUrl":"https:\/\/noaksark.org\/smaland-halland\/wp-content\/uploads\/sites\/5\/2022\/11\/page-hero.jpg","datePublished":"2022-11-22T13:44:43+00:00","dateModified":"2025-04-10T12:05:10+00:00","breadcrumb":{"@id":"https:\/\/noaksark.org\/smaland-halland\/om-oss\/#breadcrumb"},"inLanguage":"sv-SE","potentialAction":[{"@type":"ReadAction","target":["https:\/\/noaksark.org\/smaland-halland\/om-oss\/"]}]},{"@type":"ImageObject","inLanguage":"sv-SE","@id":"https:\/\/noaksark.org\/smaland-halland\/om-oss\/#primaryimage","url":"https:\/\/noaksark.org\/smaland-halland\/wp-content\/uploads\/sites\/5\/2022\/11\/page-hero.jpg","contentUrl":"https:\/\/noaksark.org\/smaland-halland\/wp-content\/uploads\/sites\/5\/2022\/11\/page-hero.jpg","width":1500,"height":648},{"@type":"BreadcrumbList","@id":"https:\/\/noaksark.org\/smaland-halland\/om-oss\/#breadcrumb","itemListElement":[{"@type":"ListItem","position":1,"name":"Home","item":"https:\/\/noaksark.org\/smaland-halland\/"},{"@type":"ListItem","position":2,"name":"Om oss"}]},{"@type":"WebSite","@id":"https:\/\/noaksark.org\/smaland-halland\/#website","url":"https:\/\/noaksark.org\/smaland-halland\/","name":"Noaks Ark Sm\u00e5land &amp; Halland","description":"","potentialAction":[{"@type":"SearchAction","target":{"@type":"EntryPoint","urlTemplate":"https:\/\/noaksark.org\/smaland-halland\/?s={search_term_string}"},"query-input":{"@type":"PropertyValueSpecification","valueRequired":true,"valueName":"search_term_string"}}],"inLanguage":"sv-SE"}]}},"_links":{"self":[{"href":"https:\/\/noaksark.org\/smaland-halland\/wp-json\/wp\/v2\/pages\/16","targetHints":{"allow":["GET"]}}],"collection":[{"href":"https:\/\/noaksark.org\/smaland-halland\/wp-json\/wp\/v2\/pages"}],"about":[{"href":"https:\/\/noaksark.org\/smaland-halland\/wp-json\/wp\/v2\/types\/page"}],"author":[{"embeddable":true,"href":"https:\/\/noaksark.org\/smaland-halland\/wp-json\/wp\/v2\/users\/27"}],"replies":[{"embeddable":true,"href":"https:\/\/noaksark.org\/smaland-halland\/wp-json\/wp\/v2\/comments?post=16"}],"version-history":[{"count":2,"href":"https:\/\/noaksark.org\/smaland-halland\/wp-json\/wp\/v2\/pages\/16\/revisions"}],"predecessor-version":[{"id":249,"href":"https:\/\/noaksark.org\/smaland-halland\/wp-json\/wp\/v2\/pages\/16\/revisions\/249"}],"wp:featuredmedia":[{"embeddable":true,"href":"https:\/\/noaksark.org\/smaland-halland\/wp-json\/wp\/v2\/media\/12"}],"wp:attachment":[{"href":"https:\/\/noaksark.org\/smaland-halland\/wp-json\/wp\/v2\/media?parent=16"}],"curies":[{"name":"wp","href":"https:\/\/api.w.org\/{rel}","templated":true}]}}