{"id":1353,"date":"2024-02-22T15:52:58","date_gmt":"2024-02-22T14:52:58","guid":{"rendered":"https:\/\/noaksark.org\/smaland-halland\/?page_id=1353"},"modified":"2026-01-09T12:41:31","modified_gmt":"2026-01-09T11:41:31","slug":"kunskap","status":"publish","type":"page","link":"https:\/\/noaksark.org\/smaland-halland\/kunskap\/","title":{"rendered":"Kunskap"},"content":{"rendered":"\n<h2 class=\"wp-block-heading\" id=\"h-utbilda-och-informera\">Utbilda och informera<\/h2>\n\n\n\n<p>F\u00f6reningens preventiva arbete syftar till att \u00f6ka kunskapen och medvetenheten kring fr\u00e5gor som bland annat r\u00f6r hiv, STI, bem\u00f6tande, SRHR och HBTQI+. Detta g\u00f6rs genom olika typer av utbildnings- och informationsinsatser. F\u00f6reningen erbjuder bland annat f\u00f6rel\u00e4sningar, utbildningar, handledning, informationsbord vid skolor och m\u00e4ssor samt tar emot studiebes\u00f6k. Vi v\u00e4nder oss till olika yrkesgrupper s\u00e5v\u00e4l som allm\u00e4nheten och skr\u00e4ddarsyr insatser utifr\u00e5n \u00f6nskem\u00e5l och behov. Det preventiva arbetet bedrivs ur flera perspektiv och tar h\u00e4nsyn till bland annat kulturella, genus och j\u00e4mst\u00e4lldhetsaspekter. <\/p>\n\n\n\n<div style=\"height:8px\" aria-hidden=\"true\" class=\"wp-block-spacer\"><\/div>\n\n\n\n<p>Vill du veta mer eller boka en utbildningsinsats? V\u00e4lkommen att <a href=\"https:\/\/noaksark.org\/smaland-halland\/om-oss\/kontakta-oss\/\">kontakta oss<\/a> f\u00f6r vidare samtal! <\/p>\n\n\n\n<h2 class=\"wp-block-heading\" id=\"h-vill-du-hjalpa-till\">Vill du hj\u00e4lpa till?<\/h2>\n\n\n\n<p>Du kan engagera dig i v\u00e5r f\u00f6rebyggande verksamhet genom att bidra med din tid och kunskap som <a href=\"https:\/\/noaksark.org\/smaland-halland\/engagera-dig\/volontar\/\">volont\u00e4r<\/a>. Hos oss finns det uppdrag som informat\u00f6r, d\u00e4r du bland annat sprider kunskap om hiv, STI och SRHR p\u00e5 skolor.<\/p>\n\n\n\n<p>Har du andra fr\u00e5gor eller funderingar? Kontakta oss.<\/p>\n","protected":false},"excerpt":{"rendered":"<p>Utbilda och informera F\u00f6reningens preventiva arbete syftar till att \u00f6ka kunskapen och medvetenheten kring fr\u00e5gor som bland annat r\u00f6r hiv, STI, bem\u00f6tande, SRHR och HBTQI+. Detta g\u00f6rs genom olika typer av utbildnings- och informationsinsatser. F\u00f6reningen&#8230;<\/p>\n","protected":false},"author":27,"featured_media":0,"parent":0,"menu_order":0,"comment_status":"closed","ping_status":"closed","template":"","meta":{"_acf_changed":false,"footnotes":""},"class_list":["post-1353","page","type-page","status-publish","hentry"],"acf":[],"yoast_head":"<!-- This site is optimized with the Yoast SEO Premium plugin v27.4 (Yoast SEO v27.5) - https:\/\/yoast.com\/product\/yoast-seo-premium-wordpress\/ -->\n<title>Kunskap - Noaks Ark Sm\u00e5land &amp; Halland<\/title>\n<meta name=\"robots\" content=\"index, follow, max-snippet:-1, max-image-preview:large, max-video-preview:-1\" \/>\n<link rel=\"canonical\" href=\"https:\/\/noaksark.org\/smaland-halland\/kunskap\/\" \/>\n<meta property=\"og:locale\" content=\"sv_SE\" \/>\n<meta property=\"og:type\" content=\"article\" \/>\n<meta property=\"og:title\" content=\"Kunskap\" \/>\n<meta property=\"og:description\" content=\"Utbilda och informera F\u00f6reningens preventiva arbete syftar till att \u00f6ka kunskapen och medvetenheten kring fr\u00e5gor som bland annat r\u00f6r hiv, STI, bem\u00f6tande, SRHR och HBTQI+. Detta g\u00f6rs genom olika typer av utbildnings- och informationsinsatser. F\u00f6reningen...\" \/>\n<meta property=\"og:url\" content=\"https:\/\/noaksark.org\/smaland-halland\/kunskap\/\" \/>\n<meta property=\"og:site_name\" content=\"Noaks Ark Sm\u00e5land &amp; Halland\" \/>\n<meta property=\"article:modified_time\" content=\"2026-01-09T11:41:31+00:00\" \/>\n<meta name=\"twitter:card\" content=\"summary_large_image\" \/>\n<meta name=\"twitter:label1\" content=\"Ber\u00e4knad l\u00e4stid\" \/>\n\t<meta name=\"twitter:data1\" content=\"1 minut\" \/>\n<script type=\"application\/ld+json\" class=\"yoast-schema-graph\">{\"@context\":\"https:\\\/\\\/schema.org\",\"@graph\":[{\"@type\":\"WebPage\",\"@id\":\"https:\\\/\\\/noaksark.org\\\/smaland-halland\\\/kunskap\\\/\",\"url\":\"https:\\\/\\\/noaksark.org\\\/smaland-halland\\\/kunskap\\\/\",\"name\":\"Kunskap - Noaks Ark Sm\u00e5land &amp; Halland\",\"isPartOf\":{\"@id\":\"https:\\\/\\\/noaksark.org\\\/smaland-halland\\\/#website\"},\"datePublished\":\"2024-02-22T14:52:58+00:00\",\"dateModified\":\"2026-01-09T11:41:31+00:00\",\"breadcrumb\":{\"@id\":\"https:\\\/\\\/noaksark.org\\\/smaland-halland\\\/kunskap\\\/#breadcrumb\"},\"inLanguage\":\"sv-SE\",\"potentialAction\":[{\"@type\":\"ReadAction\",\"target\":[\"https:\\\/\\\/noaksark.org\\\/smaland-halland\\\/kunskap\\\/\"]}]},{\"@type\":\"BreadcrumbList\",\"@id\":\"https:\\\/\\\/noaksark.org\\\/smaland-halland\\\/kunskap\\\/#breadcrumb\",\"itemListElement\":[{\"@type\":\"ListItem\",\"position\":1,\"name\":\"Home\",\"item\":\"https:\\\/\\\/noaksark.org\\\/smaland-halland\\\/\"},{\"@type\":\"ListItem\",\"position\":2,\"name\":\"Kunskap\"}]},{\"@type\":\"WebSite\",\"@id\":\"https:\\\/\\\/noaksark.org\\\/smaland-halland\\\/#website\",\"url\":\"https:\\\/\\\/noaksark.org\\\/smaland-halland\\\/\",\"name\":\"Noaks Ark Sm\u00e5land &amp; Halland\",\"description\":\"\",\"potentialAction\":[{\"@type\":\"SearchAction\",\"target\":{\"@type\":\"EntryPoint\",\"urlTemplate\":\"https:\\\/\\\/noaksark.org\\\/smaland-halland\\\/?s={search_term_string}\"},\"query-input\":{\"@type\":\"PropertyValueSpecification\",\"valueRequired\":true,\"valueName\":\"search_term_string\"}}],\"inLanguage\":\"sv-SE\"}]}<\/script>\n<!-- \/ Yoast SEO Premium plugin. -->","yoast_head_json":{"title":"Kunskap - Noaks Ark Sm\u00e5land &amp; Halland","robots":{"index":"index","follow":"follow","max-snippet":"max-snippet:-1","max-image-preview":"max-image-preview:large","max-video-preview":"max-video-preview:-1"},"canonical":"https:\/\/noaksark.org\/smaland-halland\/kunskap\/","og_locale":"sv_SE","og_type":"article","og_title":"Kunskap","og_description":"Utbilda och informera F\u00f6reningens preventiva arbete syftar till att \u00f6ka kunskapen och medvetenheten kring fr\u00e5gor som bland annat r\u00f6r hiv, STI, bem\u00f6tande, SRHR och HBTQI+. Detta g\u00f6rs genom olika typer av utbildnings- och informationsinsatser. F\u00f6reningen...","og_url":"https:\/\/noaksark.org\/smaland-halland\/kunskap\/","og_site_name":"Noaks Ark Sm\u00e5land &amp; Halland","article_modified_time":"2026-01-09T11:41:31+00:00","twitter_card":"summary_large_image","twitter_misc":{"Ber\u00e4knad l\u00e4stid":"1 minut"},"schema":{"@context":"https:\/\/schema.org","@graph":[{"@type":"WebPage","@id":"https:\/\/noaksark.org\/smaland-halland\/kunskap\/","url":"https:\/\/noaksark.org\/smaland-halland\/kunskap\/","name":"Kunskap - Noaks Ark Sm\u00e5land &amp; Halland","isPartOf":{"@id":"https:\/\/noaksark.org\/smaland-halland\/#website"},"datePublished":"2024-02-22T14:52:58+00:00","dateModified":"2026-01-09T11:41:31+00:00","breadcrumb":{"@id":"https:\/\/noaksark.org\/smaland-halland\/kunskap\/#breadcrumb"},"inLanguage":"sv-SE","potentialAction":[{"@type":"ReadAction","target":["https:\/\/noaksark.org\/smaland-halland\/kunskap\/"]}]},{"@type":"BreadcrumbList","@id":"https:\/\/noaksark.org\/smaland-halland\/kunskap\/#breadcrumb","itemListElement":[{"@type":"ListItem","position":1,"name":"Home","item":"https:\/\/noaksark.org\/smaland-halland\/"},{"@type":"ListItem","position":2,"name":"Kunskap"}]},{"@type":"WebSite","@id":"https:\/\/noaksark.org\/smaland-halland\/#website","url":"https:\/\/noaksark.org\/smaland-halland\/","name":"Noaks Ark Sm\u00e5land &amp; Halland","description":"","potentialAction":[{"@type":"SearchAction","target":{"@type":"EntryPoint","urlTemplate":"https:\/\/noaksark.org\/smaland-halland\/?s={search_term_string}"},"query-input":{"@type":"PropertyValueSpecification","valueRequired":true,"valueName":"search_term_string"}}],"inLanguage":"sv-SE"}]}},"_links":{"self":[{"href":"https:\/\/noaksark.org\/smaland-halland\/wp-json\/wp\/v2\/pages\/1353","targetHints":{"allow":["GET"]}}],"collection":[{"href":"https:\/\/noaksark.org\/smaland-halland\/wp-json\/wp\/v2\/pages"}],"about":[{"href":"https:\/\/noaksark.org\/smaland-halland\/wp-json\/wp\/v2\/types\/page"}],"author":[{"embeddable":true,"href":"https:\/\/noaksark.org\/smaland-halland\/wp-json\/wp\/v2\/users\/27"}],"replies":[{"embeddable":true,"href":"https:\/\/noaksark.org\/smaland-halland\/wp-json\/wp\/v2\/comments?post=1353"}],"version-history":[{"count":17,"href":"https:\/\/noaksark.org\/smaland-halland\/wp-json\/wp\/v2\/pages\/1353\/revisions"}],"predecessor-version":[{"id":1770,"href":"https:\/\/noaksark.org\/smaland-halland\/wp-json\/wp\/v2\/pages\/1353\/revisions\/1770"}],"wp:attachment":[{"href":"https:\/\/noaksark.org\/smaland-halland\/wp-json\/wp\/v2\/media?parent=1353"}],"curies":[{"name":"wp","href":"https:\/\/api.w.org\/{rel}","templated":true}]}}