{"id":11,"date":"2022-11-22T13:39:58","date_gmt":"2022-11-22T13:39:58","guid":{"rendered":"https:\/\/noaksark.test\/smaland-halland\/?page_id=11"},"modified":"2024-12-19T10:49:45","modified_gmt":"2024-12-19T09:49:45","slug":"kalender","status":"publish","type":"page","link":"https:\/\/noaksark.org\/smaland-halland\/kalender\/","title":{"rendered":"P\u00e5 g\u00e5ng"},"content":{"rendered":"\n<h2 class=\"wp-block-heading\">P\u00e5 g\u00e5ng hos Noaks Ark Sm\u00e5land &amp; Halland<\/h2>\n\n\n\n<p>Se \u00e4ven v\u00e5r Facebooksida f\u00f6r aktivitetstips och annat p\u00e5 g\u00e5ng<\/p>\n","protected":false},"excerpt":{"rendered":"<p>P\u00e5 g\u00e5ng hos Noaks Ark Sm\u00e5land &amp; Halland Se \u00e4ven v\u00e5r Facebooksida f\u00f6r aktivitetstips och annat p\u00e5 g\u00e5ng<\/p>\n","protected":false},"author":27,"featured_media":12,"parent":0,"menu_order":0,"comment_status":"closed","ping_status":"closed","template":"_template-calendar.php","meta":{"_acf_changed":false,"footnotes":""},"class_list":["post-11","page","type-page","status-publish","has-post-thumbnail","hentry"],"acf":[],"yoast_head":"<!-- This site is optimized with the Yoast SEO Premium plugin v27.4 (Yoast SEO v27.5) - https:\/\/yoast.com\/product\/yoast-seo-premium-wordpress\/ -->\n<title>P\u00e5 g\u00e5ng - Noaks Ark Sm\u00e5land &amp; Halland<\/title>\n<meta name=\"robots\" content=\"index, follow, max-snippet:-1, max-image-preview:large, max-video-preview:-1\" \/>\n<link rel=\"canonical\" href=\"https:\/\/noaksark.org\/smaland-halland\/kalender\/\" \/>\n<meta property=\"og:locale\" content=\"sv_SE\" \/>\n<meta property=\"og:type\" content=\"article\" \/>\n<meta property=\"og:title\" content=\"P\u00e5 g\u00e5ng\" \/>\n<meta property=\"og:description\" content=\"P\u00e5 g\u00e5ng hos Noaks Ark Sm\u00e5land &amp; Halland Se \u00e4ven v\u00e5r Facebooksida f\u00f6r aktivitetstips och annat p\u00e5 g\u00e5ng\" \/>\n<meta property=\"og:url\" content=\"https:\/\/noaksark.org\/smaland-halland\/kalender\/\" \/>\n<meta property=\"og:site_name\" content=\"Noaks Ark Sm\u00e5land &amp; Halland\" \/>\n<meta property=\"article:modified_time\" content=\"2024-12-19T09:49:45+00:00\" \/>\n<meta property=\"og:image\" content=\"https:\/\/noaksark.org\/smaland-halland\/wp-content\/uploads\/sites\/5\/2022\/11\/page-hero.jpg\" \/>\n\t<meta property=\"og:image:width\" content=\"1500\" \/>\n\t<meta property=\"og:image:height\" content=\"648\" \/>\n\t<meta property=\"og:image:type\" content=\"image\/jpeg\" \/>\n<meta name=\"twitter:card\" content=\"summary_large_image\" \/>\n<meta name=\"twitter:label1\" content=\"Ber\u00e4knad l\u00e4stid\" \/>\n\t<meta name=\"twitter:data1\" content=\"1 minut\" \/>\n<script type=\"application\/ld+json\" class=\"yoast-schema-graph\">{\"@context\":\"https:\\\/\\\/schema.org\",\"@graph\":[{\"@type\":\"WebPage\",\"@id\":\"https:\\\/\\\/noaksark.org\\\/smaland-halland\\\/kalender\\\/\",\"url\":\"https:\\\/\\\/noaksark.org\\\/smaland-halland\\\/kalender\\\/\",\"name\":\"P\u00e5 g\u00e5ng - Noaks Ark Sm\u00e5land &amp; Halland\",\"isPartOf\":{\"@id\":\"https:\\\/\\\/noaksark.org\\\/smaland-halland\\\/#website\"},\"primaryImageOfPage\":{\"@id\":\"https:\\\/\\\/noaksark.org\\\/smaland-halland\\\/kalender\\\/#primaryimage\"},\"image\":{\"@id\":\"https:\\\/\\\/noaksark.org\\\/smaland-halland\\\/kalender\\\/#primaryimage\"},\"thumbnailUrl\":\"https:\\\/\\\/noaksark.org\\\/smaland-halland\\\/wp-content\\\/uploads\\\/sites\\\/5\\\/2022\\\/11\\\/page-hero.jpg\",\"datePublished\":\"2022-11-22T13:39:58+00:00\",\"dateModified\":\"2024-12-19T09:49:45+00:00\",\"breadcrumb\":{\"@id\":\"https:\\\/\\\/noaksark.org\\\/smaland-halland\\\/kalender\\\/#breadcrumb\"},\"inLanguage\":\"sv-SE\",\"potentialAction\":[{\"@type\":\"ReadAction\",\"target\":[\"https:\\\/\\\/noaksark.org\\\/smaland-halland\\\/kalender\\\/\"]}]},{\"@type\":\"ImageObject\",\"inLanguage\":\"sv-SE\",\"@id\":\"https:\\\/\\\/noaksark.org\\\/smaland-halland\\\/kalender\\\/#primaryimage\",\"url\":\"https:\\\/\\\/noaksark.org\\\/smaland-halland\\\/wp-content\\\/uploads\\\/sites\\\/5\\\/2022\\\/11\\\/page-hero.jpg\",\"contentUrl\":\"https:\\\/\\\/noaksark.org\\\/smaland-halland\\\/wp-content\\\/uploads\\\/sites\\\/5\\\/2022\\\/11\\\/page-hero.jpg\",\"width\":1500,\"height\":648},{\"@type\":\"BreadcrumbList\",\"@id\":\"https:\\\/\\\/noaksark.org\\\/smaland-halland\\\/kalender\\\/#breadcrumb\",\"itemListElement\":[{\"@type\":\"ListItem\",\"position\":1,\"name\":\"Home\",\"item\":\"https:\\\/\\\/noaksark.org\\\/smaland-halland\\\/\"},{\"@type\":\"ListItem\",\"position\":2,\"name\":\"P\u00e5 g\u00e5ng\"}]},{\"@type\":\"WebSite\",\"@id\":\"https:\\\/\\\/noaksark.org\\\/smaland-halland\\\/#website\",\"url\":\"https:\\\/\\\/noaksark.org\\\/smaland-halland\\\/\",\"name\":\"Noaks Ark Sm\u00e5land &amp; Halland\",\"description\":\"\",\"potentialAction\":[{\"@type\":\"SearchAction\",\"target\":{\"@type\":\"EntryPoint\",\"urlTemplate\":\"https:\\\/\\\/noaksark.org\\\/smaland-halland\\\/?s={search_term_string}\"},\"query-input\":{\"@type\":\"PropertyValueSpecification\",\"valueRequired\":true,\"valueName\":\"search_term_string\"}}],\"inLanguage\":\"sv-SE\"}]}<\/script>\n<!-- \/ Yoast SEO Premium plugin. -->","yoast_head_json":{"title":"P\u00e5 g\u00e5ng - Noaks Ark Sm\u00e5land &amp; Halland","robots":{"index":"index","follow":"follow","max-snippet":"max-snippet:-1","max-image-preview":"max-image-preview:large","max-video-preview":"max-video-preview:-1"},"canonical":"https:\/\/noaksark.org\/smaland-halland\/kalender\/","og_locale":"sv_SE","og_type":"article","og_title":"P\u00e5 g\u00e5ng","og_description":"P\u00e5 g\u00e5ng hos Noaks Ark Sm\u00e5land &amp; Halland Se \u00e4ven v\u00e5r Facebooksida f\u00f6r aktivitetstips och annat p\u00e5 g\u00e5ng","og_url":"https:\/\/noaksark.org\/smaland-halland\/kalender\/","og_site_name":"Noaks Ark Sm\u00e5land &amp; Halland","article_modified_time":"2024-12-19T09:49:45+00:00","og_image":[{"width":1500,"height":648,"url":"https:\/\/noaksark.org\/smaland-halland\/wp-content\/uploads\/sites\/5\/2022\/11\/page-hero.jpg","type":"image\/jpeg"}],"twitter_card":"summary_large_image","twitter_misc":{"Ber\u00e4knad l\u00e4stid":"1 minut"},"schema":{"@context":"https:\/\/schema.org","@graph":[{"@type":"WebPage","@id":"https:\/\/noaksark.org\/smaland-halland\/kalender\/","url":"https:\/\/noaksark.org\/smaland-halland\/kalender\/","name":"P\u00e5 g\u00e5ng - Noaks Ark Sm\u00e5land &amp; Halland","isPartOf":{"@id":"https:\/\/noaksark.org\/smaland-halland\/#website"},"primaryImageOfPage":{"@id":"https:\/\/noaksark.org\/smaland-halland\/kalender\/#primaryimage"},"image":{"@id":"https:\/\/noaksark.org\/smaland-halland\/kalender\/#primaryimage"},"thumbnailUrl":"https:\/\/noaksark.org\/smaland-halland\/wp-content\/uploads\/sites\/5\/2022\/11\/page-hero.jpg","datePublished":"2022-11-22T13:39:58+00:00","dateModified":"2024-12-19T09:49:45+00:00","breadcrumb":{"@id":"https:\/\/noaksark.org\/smaland-halland\/kalender\/#breadcrumb"},"inLanguage":"sv-SE","potentialAction":[{"@type":"ReadAction","target":["https:\/\/noaksark.org\/smaland-halland\/kalender\/"]}]},{"@type":"ImageObject","inLanguage":"sv-SE","@id":"https:\/\/noaksark.org\/smaland-halland\/kalender\/#primaryimage","url":"https:\/\/noaksark.org\/smaland-halland\/wp-content\/uploads\/sites\/5\/2022\/11\/page-hero.jpg","contentUrl":"https:\/\/noaksark.org\/smaland-halland\/wp-content\/uploads\/sites\/5\/2022\/11\/page-hero.jpg","width":1500,"height":648},{"@type":"BreadcrumbList","@id":"https:\/\/noaksark.org\/smaland-halland\/kalender\/#breadcrumb","itemListElement":[{"@type":"ListItem","position":1,"name":"Home","item":"https:\/\/noaksark.org\/smaland-halland\/"},{"@type":"ListItem","position":2,"name":"P\u00e5 g\u00e5ng"}]},{"@type":"WebSite","@id":"https:\/\/noaksark.org\/smaland-halland\/#website","url":"https:\/\/noaksark.org\/smaland-halland\/","name":"Noaks Ark Sm\u00e5land &amp; Halland","description":"","potentialAction":[{"@type":"SearchAction","target":{"@type":"EntryPoint","urlTemplate":"https:\/\/noaksark.org\/smaland-halland\/?s={search_term_string}"},"query-input":{"@type":"PropertyValueSpecification","valueRequired":true,"valueName":"search_term_string"}}],"inLanguage":"sv-SE"}]}},"_links":{"self":[{"href":"https:\/\/noaksark.org\/smaland-halland\/wp-json\/wp\/v2\/pages\/11","targetHints":{"allow":["GET"]}}],"collection":[{"href":"https:\/\/noaksark.org\/smaland-halland\/wp-json\/wp\/v2\/pages"}],"about":[{"href":"https:\/\/noaksark.org\/smaland-halland\/wp-json\/wp\/v2\/types\/page"}],"author":[{"embeddable":true,"href":"https:\/\/noaksark.org\/smaland-halland\/wp-json\/wp\/v2\/users\/27"}],"replies":[{"embeddable":true,"href":"https:\/\/noaksark.org\/smaland-halland\/wp-json\/wp\/v2\/comments?post=11"}],"version-history":[{"count":2,"href":"https:\/\/noaksark.org\/smaland-halland\/wp-json\/wp\/v2\/pages\/11\/revisions"}],"predecessor-version":[{"id":88,"href":"https:\/\/noaksark.org\/smaland-halland\/wp-json\/wp\/v2\/pages\/11\/revisions\/88"}],"wp:featuredmedia":[{"embeddable":true,"href":"https:\/\/noaksark.org\/smaland-halland\/wp-json\/wp\/v2\/media\/12"}],"wp:attachment":[{"href":"https:\/\/noaksark.org\/smaland-halland\/wp-json\/wp\/v2\/media?parent=11"}],"curies":[{"name":"wp","href":"https:\/\/api.w.org\/{rel}","templated":true}]}}