{"id":99,"date":"2022-11-22T10:53:52","date_gmt":"2022-11-22T10:53:52","guid":{"rendered":"https:\/\/noaksark.test\/ostergotland\/?page_id=99"},"modified":"2025-10-21T14:09:03","modified_gmt":"2025-10-21T12:09:03","slug":"hem","status":"publish","type":"page","link":"https:\/\/noaksark.org\/ostergotland\/","title":{"rendered":"Noaks Ark \u00d6sterg\u00f6tland"},"content":{"rendered":"","protected":false},"excerpt":{"rendered":"","protected":false},"author":27,"featured_media":166,"parent":0,"menu_order":0,"comment_status":"closed","ping_status":"closed","template":"","meta":{"_acf_changed":false,"footnotes":""},"class_list":["post-99","page","type-page","status-publish","has-post-thumbnail","hentry"],"acf":[],"yoast_head":"<!-- This site is optimized with the Yoast SEO Premium plugin v27.3 (Yoast SEO v27.4) - https:\/\/yoast.com\/product\/yoast-seo-premium-wordpress\/ -->\n<title>Noaks Ark \u00d6sterg\u00f6tland<\/title>\n<meta name=\"description\" content=\"Noaks Ark \u00d6steg\u00f6tland hj\u00e4lper m\u00e4nniskor som lever med hiv, n\u00e4rst\u00e5ende eller personer i behov av st\u00f6d, testning och utbildning i olika former.\" \/>\n<meta name=\"robots\" content=\"index, follow, max-snippet:-1, max-image-preview:large, max-video-preview:-1\" \/>\n<link rel=\"canonical\" href=\"https:\/\/noaksark.org\/ostergotland\/\" \/>\n<meta property=\"og:locale\" content=\"sv_SE\" \/>\n<meta property=\"og:type\" content=\"article\" \/>\n<meta property=\"og:title\" content=\"Noaks Ark \u00d6sterg\u00f6tland\" \/>\n<meta property=\"og:description\" content=\"Noaks Ark \u00d6steg\u00f6tland hj\u00e4lper m\u00e4nniskor som lever med hiv, n\u00e4rst\u00e5ende eller personer i behov av st\u00f6d, testning och utbildning i olika former.\" \/>\n<meta property=\"og:url\" content=\"https:\/\/noaksark.org\/ostergotland\/\" \/>\n<meta property=\"og:site_name\" content=\"Noaks Ark \u00d6sterg\u00f6tland\" \/>\n<meta property=\"article:modified_time\" content=\"2025-10-21T12:09:03+00:00\" \/>\n<meta property=\"og:image\" content=\"https:\/\/noaksark.org\/ostergotland\/wp-content\/uploads\/sites\/4\/2022\/12\/page-hero-ostergotland-noaks-ark.jpg\" \/>\n\t<meta property=\"og:image:width\" content=\"1500\" \/>\n\t<meta property=\"og:image:height\" content=\"1000\" \/>\n\t<meta property=\"og:image:type\" content=\"image\/jpeg\" \/>\n<meta name=\"twitter:card\" content=\"summary_large_image\" \/>\n<meta name=\"twitter:label1\" content=\"Ber\u00e4knad l\u00e4stid\" \/>\n\t<meta name=\"twitter:data1\" content=\"2 minuter\" \/>\n<script type=\"application\/ld+json\" class=\"yoast-schema-graph\">{\"@context\":\"https:\\\/\\\/schema.org\",\"@graph\":[{\"@type\":\"WebPage\",\"@id\":\"https:\\\/\\\/noaksark.org\\\/ostergotland\\\/\",\"url\":\"https:\\\/\\\/noaksark.org\\\/ostergotland\\\/\",\"name\":\"Noaks Ark \u00d6sterg\u00f6tland\",\"isPartOf\":{\"@id\":\"https:\\\/\\\/noaksark.org\\\/ostergotland\\\/#website\"},\"primaryImageOfPage\":{\"@id\":\"https:\\\/\\\/noaksark.org\\\/ostergotland\\\/#primaryimage\"},\"image\":{\"@id\":\"https:\\\/\\\/noaksark.org\\\/ostergotland\\\/#primaryimage\"},\"thumbnailUrl\":\"https:\\\/\\\/noaksark.org\\\/ostergotland\\\/wp-content\\\/uploads\\\/sites\\\/4\\\/2022\\\/12\\\/page-hero-ostergotland-noaks-ark.jpg\",\"datePublished\":\"2022-11-22T10:53:52+00:00\",\"dateModified\":\"2025-10-21T12:09:03+00:00\",\"description\":\"Noaks Ark \u00d6steg\u00f6tland hj\u00e4lper m\u00e4nniskor som lever med hiv, n\u00e4rst\u00e5ende eller personer i behov av st\u00f6d, testning och utbildning i olika former.\",\"breadcrumb\":{\"@id\":\"https:\\\/\\\/noaksark.org\\\/ostergotland\\\/#breadcrumb\"},\"inLanguage\":\"sv-SE\",\"potentialAction\":[{\"@type\":\"ReadAction\",\"target\":[\"https:\\\/\\\/noaksark.org\\\/ostergotland\\\/\"]}]},{\"@type\":\"ImageObject\",\"inLanguage\":\"sv-SE\",\"@id\":\"https:\\\/\\\/noaksark.org\\\/ostergotland\\\/#primaryimage\",\"url\":\"https:\\\/\\\/noaksark.org\\\/ostergotland\\\/wp-content\\\/uploads\\\/sites\\\/4\\\/2022\\\/12\\\/page-hero-ostergotland-noaks-ark.jpg\",\"contentUrl\":\"https:\\\/\\\/noaksark.org\\\/ostergotland\\\/wp-content\\\/uploads\\\/sites\\\/4\\\/2022\\\/12\\\/page-hero-ostergotland-noaks-ark.jpg\",\"width\":1500,\"height\":1000,\"caption\":\"Noaks Ark - \u00d6sterg\u00f6tland - Hero\"},{\"@type\":\"BreadcrumbList\",\"@id\":\"https:\\\/\\\/noaksark.org\\\/ostergotland\\\/#breadcrumb\",\"itemListElement\":[{\"@type\":\"ListItem\",\"position\":1,\"name\":\"Home\",\"item\":\"https:\\\/\\\/noaksark.org\\\/ostergotland\\\/\"},{\"@type\":\"ListItem\",\"position\":2,\"name\":\"Noaks Ark \u00d6sterg\u00f6tland\"}]},{\"@type\":\"WebSite\",\"@id\":\"https:\\\/\\\/noaksark.org\\\/ostergotland\\\/#website\",\"url\":\"https:\\\/\\\/noaksark.org\\\/ostergotland\\\/\",\"name\":\"Noaks Ark \u00d6sterg\u00f6tland\",\"description\":\"\",\"potentialAction\":[{\"@type\":\"SearchAction\",\"target\":{\"@type\":\"EntryPoint\",\"urlTemplate\":\"https:\\\/\\\/noaksark.org\\\/ostergotland\\\/?s={search_term_string}\"},\"query-input\":{\"@type\":\"PropertyValueSpecification\",\"valueRequired\":true,\"valueName\":\"search_term_string\"}}],\"inLanguage\":\"sv-SE\"}]}<\/script>\n<!-- \/ Yoast SEO Premium plugin. -->","yoast_head_json":{"title":"Noaks Ark \u00d6sterg\u00f6tland","description":"Noaks Ark \u00d6steg\u00f6tland hj\u00e4lper m\u00e4nniskor som lever med hiv, n\u00e4rst\u00e5ende eller personer i behov av st\u00f6d, testning och utbildning i olika former.","robots":{"index":"index","follow":"follow","max-snippet":"max-snippet:-1","max-image-preview":"max-image-preview:large","max-video-preview":"max-video-preview:-1"},"canonical":"https:\/\/noaksark.org\/ostergotland\/","og_locale":"sv_SE","og_type":"article","og_title":"Noaks Ark \u00d6sterg\u00f6tland","og_description":"Noaks Ark \u00d6steg\u00f6tland hj\u00e4lper m\u00e4nniskor som lever med hiv, n\u00e4rst\u00e5ende eller personer i behov av st\u00f6d, testning och utbildning i olika former.","og_url":"https:\/\/noaksark.org\/ostergotland\/","og_site_name":"Noaks Ark \u00d6sterg\u00f6tland","article_modified_time":"2025-10-21T12:09:03+00:00","og_image":[{"width":1500,"height":1000,"url":"https:\/\/noaksark.org\/ostergotland\/wp-content\/uploads\/sites\/4\/2022\/12\/page-hero-ostergotland-noaks-ark.jpg","type":"image\/jpeg"}],"twitter_card":"summary_large_image","twitter_misc":{"Ber\u00e4knad l\u00e4stid":"2 minuter"},"schema":{"@context":"https:\/\/schema.org","@graph":[{"@type":"WebPage","@id":"https:\/\/noaksark.org\/ostergotland\/","url":"https:\/\/noaksark.org\/ostergotland\/","name":"Noaks Ark \u00d6sterg\u00f6tland","isPartOf":{"@id":"https:\/\/noaksark.org\/ostergotland\/#website"},"primaryImageOfPage":{"@id":"https:\/\/noaksark.org\/ostergotland\/#primaryimage"},"image":{"@id":"https:\/\/noaksark.org\/ostergotland\/#primaryimage"},"thumbnailUrl":"https:\/\/noaksark.org\/ostergotland\/wp-content\/uploads\/sites\/4\/2022\/12\/page-hero-ostergotland-noaks-ark.jpg","datePublished":"2022-11-22T10:53:52+00:00","dateModified":"2025-10-21T12:09:03+00:00","description":"Noaks Ark \u00d6steg\u00f6tland hj\u00e4lper m\u00e4nniskor som lever med hiv, n\u00e4rst\u00e5ende eller personer i behov av st\u00f6d, testning och utbildning i olika former.","breadcrumb":{"@id":"https:\/\/noaksark.org\/ostergotland\/#breadcrumb"},"inLanguage":"sv-SE","potentialAction":[{"@type":"ReadAction","target":["https:\/\/noaksark.org\/ostergotland\/"]}]},{"@type":"ImageObject","inLanguage":"sv-SE","@id":"https:\/\/noaksark.org\/ostergotland\/#primaryimage","url":"https:\/\/noaksark.org\/ostergotland\/wp-content\/uploads\/sites\/4\/2022\/12\/page-hero-ostergotland-noaks-ark.jpg","contentUrl":"https:\/\/noaksark.org\/ostergotland\/wp-content\/uploads\/sites\/4\/2022\/12\/page-hero-ostergotland-noaks-ark.jpg","width":1500,"height":1000,"caption":"Noaks Ark - \u00d6sterg\u00f6tland - Hero"},{"@type":"BreadcrumbList","@id":"https:\/\/noaksark.org\/ostergotland\/#breadcrumb","itemListElement":[{"@type":"ListItem","position":1,"name":"Home","item":"https:\/\/noaksark.org\/ostergotland\/"},{"@type":"ListItem","position":2,"name":"Noaks Ark \u00d6sterg\u00f6tland"}]},{"@type":"WebSite","@id":"https:\/\/noaksark.org\/ostergotland\/#website","url":"https:\/\/noaksark.org\/ostergotland\/","name":"Noaks Ark \u00d6sterg\u00f6tland","description":"","potentialAction":[{"@type":"SearchAction","target":{"@type":"EntryPoint","urlTemplate":"https:\/\/noaksark.org\/ostergotland\/?s={search_term_string}"},"query-input":{"@type":"PropertyValueSpecification","valueRequired":true,"valueName":"search_term_string"}}],"inLanguage":"sv-SE"}]}},"_links":{"self":[{"href":"https:\/\/noaksark.org\/ostergotland\/wp-json\/wp\/v2\/pages\/99","targetHints":{"allow":["GET"]}}],"collection":[{"href":"https:\/\/noaksark.org\/ostergotland\/wp-json\/wp\/v2\/pages"}],"about":[{"href":"https:\/\/noaksark.org\/ostergotland\/wp-json\/wp\/v2\/types\/page"}],"author":[{"embeddable":true,"href":"https:\/\/noaksark.org\/ostergotland\/wp-json\/wp\/v2\/users\/27"}],"replies":[{"embeddable":true,"href":"https:\/\/noaksark.org\/ostergotland\/wp-json\/wp\/v2\/comments?post=99"}],"version-history":[{"count":37,"href":"https:\/\/noaksark.org\/ostergotland\/wp-json\/wp\/v2\/pages\/99\/revisions"}],"predecessor-version":[{"id":1169,"href":"https:\/\/noaksark.org\/ostergotland\/wp-json\/wp\/v2\/pages\/99\/revisions\/1169"}],"wp:featuredmedia":[{"embeddable":true,"href":"https:\/\/noaksark.org\/ostergotland\/wp-json\/wp\/v2\/media\/166"}],"wp:attachment":[{"href":"https:\/\/noaksark.org\/ostergotland\/wp-json\/wp\/v2\/media?parent=99"}],"curies":[{"name":"wp","href":"https:\/\/api.w.org\/{rel}","templated":true}]}}