{"id":94,"date":"2022-11-22T10:42:53","date_gmt":"2022-11-22T10:42:53","guid":{"rendered":"https:\/\/noaksark.test\/ostergotland\/?page_id=94"},"modified":"2024-11-01T12:01:37","modified_gmt":"2024-11-01T11:01:37","slug":"om-oss","status":"publish","type":"page","link":"https:\/\/noaksark.org\/ostergotland\/om-oss\/","title":{"rendered":"Om oss"},"content":{"rendered":"\n<p>F\u00f6reningen Noaks Ark \u00d6sterg\u00f6tland bildades i april 2008 och vi arbetar f\u00f6r att \u00f6ka v\u00e4lbefinnandet och livskvalit\u00e9n hos personer som lever med hiv samt f\u00f6rebygga spridningen av hiv och andra sexuellt \u00f6verf\u00f6rbara infektioner (STI). Genom att \u00f6ka medvetenheten och kunskapen om hiv, STI och sexuell och reproduktiv h\u00e4lsa och r\u00e4ttigheter (SRHR) kan vi lindra utsattheten i samh\u00e4llet f\u00f6r m\u00e4nniskor som lever med hiv och motverka utanf\u00f6rskap, stigma och diskriminering.<\/p>\n\n\n\n<p><strong>Tre verksamhetsomr\u00e5den:<\/strong><\/p>\n\n\n\n<p>\u2022 Psykosocial st\u00f6dverksamhet till m\u00e4nniskor som lever med hiv och deras anh\u00f6riga<br>\u2022 F\u00f6rebyggande verksamhet med preventivt informations- och utbildningsarbete om hiv, STI, SRHR-fr\u00e5gor och bem\u00f6tande<br>\u2022 Testverksamhet f\u00f6r hivtest med snabbsvar i Norrk\u00f6ping och Link\u00f6ping<\/p>\n\n\n\n<h2 class=\"wp-block-heading\" id=\"h-organisationens-mal\">Organisationens m\u00e5l<\/h2>\n\n\n\n<p>I v\u00e5r vision har m\u00e4nniskor goda kunskaper om hiv och spridningen har minskat. Det upplevs inte l\u00e4ngre som skamligt att ha hiv. Livskvaliteten f\u00f6r dem som lever med hiv har f\u00f6rb\u00e4ttrats, personer bem\u00f6ts med respekt och blir inte s\u00e4rbehandlade i samh\u00e4llet och i kontakten med myndigheter och h\u00e4lso och sjukv\u00e5rden. H\u00e4lso och sjukv\u00e5rden har blivit b\u00e4ttre p\u00e5 att diagnostisera hivinfektioner.<\/p>\n\n\n\n<div style=\"height:100px\" aria-hidden=\"true\" class=\"wp-block-spacer\"><\/div>\n\n\n\n<p><\/p>\n\n\n\n<p><\/p>\n\n\n\n<hr class=\"wp-block-separator has-alpha-channel-opacity\" \/>\n\n\n<div class=\"wp-block-image\">\n<figure class=\"alignright size-full\"><img loading=\"lazy\" decoding=\"async\" width=\"183\" height=\"276\" src=\"https:\/\/noaksark.org\/ostergotland\/wp-content\/uploads\/sites\/4\/2024\/11\/Bjorn-Malmquist-bild-1.jpg\" alt=\"\" class=\"wp-image-970\" srcset=\"https:\/\/noaksark.org\/ostergotland\/wp-content\/uploads\/sites\/4\/2024\/11\/Bjorn-Malmquist-bild-1.jpg 183w, https:\/\/noaksark.org\/ostergotland\/wp-content\/uploads\/sites\/4\/2024\/11\/Bjorn-Malmquist-bild-1-66x100.jpg 66w\" sizes=\"auto, (max-width: 183px) 100vw, 183px\" \/><\/figure>\n<\/div>\n\n\n<p><strong>Till minne av Bj\u00f6rn Malmquist (1957.11.11 &#8211; 2024.08.31)<\/strong><\/p>\n\n\n\n<blockquote class=\"wp-block-quote is-layout-flow wp-block-quote-is-layout-flow\">\n<p>Bj\u00f6rn Malmquist har l\u00e4mnat oss, och med honom f\u00f6rlorar vi inte bara en v\u00e4n och kollega, utan ocks\u00e5 en eldsj\u00e4l och vision\u00e4r som har gjort ett outpl\u00e5nligt avtryck inom hiv-prevention och st\u00f6d i Sverige. Som ordf\u00f6rande f\u00f6r Noaks Ark \u00d6sterg\u00f6tland under m\u00e5nga \u00e5r var Bj\u00f6rn en av de fr\u00e4msta anledningarna till att organisationen finns och verkar \u00e4n idag. Hans initiativ och drivkraft var med lade grunden till f\u00f6reningens uppstart och utveckling. Med ett starkt engagemang f\u00f6r m\u00e4nniskors r\u00e4tt till st\u00f6d och kunskap arbetade Bj\u00f6rn of\u00f6rtr\u00f6ttligt f\u00f6r att skapa en plats d\u00e4r m\u00e4nniskor, oavsett bakgrund, kunde finna trygghet, f\u00f6rst\u00e5else och hj\u00e4lp. Hans v\u00e4rme och omsorg genomsyrade allt han gjorde, och han var k\u00e4nd f\u00f6r sin f\u00f6rm\u00e5ga att bygga broar och skapa gemenskap d\u00e4r det beh\u00f6vdes som mest. Bj\u00f6rn var inte bara en ledare, utan ocks\u00e5 en inspirationsk\u00e4lla f\u00f6r dem som arbetade tillsammans med honom. Hans osj\u00e4lviska arbete f\u00f6r att st\u00f6tta de som levde med hiv och hans insatser f\u00f6r att sprida medvetenhet om hiv och aids kommer att forts\u00e4tta b\u00e4ra frukt i m\u00e5nga \u00e5r fram\u00f6ver. Vi \u00e4r djupt tacksamma f\u00f6r allt som Bj\u00f6rn gjort f\u00f6r Noaks Ark och f\u00f6r alla de liv han ber\u00f6rt genom sitt arbete. Hans vision och omtanke lever vidare i organisationens arbete och i v\u00e5ra hj\u00e4rtan.<\/p>\n<\/blockquote>\n\n\n\n<p>Vila i frid, Bj\u00f6rn. Du l\u00e4mnar ett arv av medm\u00e4nsklighet och hopp.<\/p>\n\n\n\n<p>\/Styrelsen Noaks Ark \u00d6sterg\u00f6tland<\/p>\n\n\n\n<p>Rickard Eriksson<\/p>\n","protected":false},"excerpt":{"rendered":"<p>F\u00f6reningen Noaks Ark \u00d6sterg\u00f6tland bildades i april 2008 och vi arbetar f\u00f6r att \u00f6ka v\u00e4lbefinnandet och livskvalit\u00e9n hos personer som lever med hiv samt f\u00f6rebygga spridningen av hiv och andra sexuellt \u00f6verf\u00f6rbara infektioner (STI). Genom&#8230;<\/p>\n","protected":false},"author":27,"featured_media":295,"parent":0,"menu_order":0,"comment_status":"closed","ping_status":"closed","template":"","meta":{"_acf_changed":false,"footnotes":""},"class_list":["post-94","page","type-page","status-publish","has-post-thumbnail","hentry"],"acf":[],"yoast_head":"<!-- This site is optimized with the Yoast SEO Premium plugin v27.4 (Yoast SEO v27.4) - https:\/\/yoast.com\/product\/yoast-seo-premium-wordpress\/ -->\n<title>Om oss - Noaks Ark \u00d6sterg\u00f6tland<\/title>\n<meta name=\"robots\" content=\"index, follow, max-snippet:-1, max-image-preview:large, max-video-preview:-1\" \/>\n<link rel=\"canonical\" href=\"https:\/\/noaksark.org\/ostergotland\/om-oss\/\" \/>\n<meta property=\"og:locale\" content=\"sv_SE\" \/>\n<meta property=\"og:type\" content=\"article\" \/>\n<meta property=\"og:title\" content=\"Om oss\" \/>\n<meta property=\"og:description\" content=\"F\u00f6reningen Noaks Ark \u00d6sterg\u00f6tland bildades i april 2008 och vi arbetar f\u00f6r att \u00f6ka v\u00e4lbefinnandet och livskvalit\u00e9n hos personer som lever med hiv samt f\u00f6rebygga spridningen av hiv och andra sexuellt \u00f6verf\u00f6rbara infektioner (STI). Genom...\" \/>\n<meta property=\"og:url\" content=\"https:\/\/noaksark.org\/ostergotland\/om-oss\/\" \/>\n<meta property=\"og:site_name\" content=\"Noaks Ark \u00d6sterg\u00f6tland\" \/>\n<meta property=\"article:modified_time\" content=\"2024-11-01T11:01:37+00:00\" \/>\n<meta property=\"og:image\" content=\"https:\/\/noaksark.org\/ostergotland\/wp-content\/uploads\/sites\/4\/2022\/12\/page-hero-ostergotland-om-oss-noaks-ark.jpg\" \/>\n\t<meta property=\"og:image:width\" content=\"1500\" \/>\n\t<meta property=\"og:image:height\" content=\"648\" \/>\n\t<meta property=\"og:image:type\" content=\"image\/jpeg\" \/>\n<meta name=\"twitter:card\" content=\"summary_large_image\" \/>\n<meta name=\"twitter:label1\" content=\"Ber\u00e4knad l\u00e4stid\" \/>\n\t<meta name=\"twitter:data1\" content=\"2 minuter\" \/>\n<script type=\"application\/ld+json\" class=\"yoast-schema-graph\">{\"@context\":\"https:\\\/\\\/schema.org\",\"@graph\":[{\"@type\":\"WebPage\",\"@id\":\"https:\\\/\\\/noaksark.org\\\/ostergotland\\\/om-oss\\\/\",\"url\":\"https:\\\/\\\/noaksark.org\\\/ostergotland\\\/om-oss\\\/\",\"name\":\"Om oss - Noaks Ark \u00d6sterg\u00f6tland\",\"isPartOf\":{\"@id\":\"https:\\\/\\\/noaksark.org\\\/ostergotland\\\/#website\"},\"primaryImageOfPage\":{\"@id\":\"https:\\\/\\\/noaksark.org\\\/ostergotland\\\/om-oss\\\/#primaryimage\"},\"image\":{\"@id\":\"https:\\\/\\\/noaksark.org\\\/ostergotland\\\/om-oss\\\/#primaryimage\"},\"thumbnailUrl\":\"https:\\\/\\\/noaksark.org\\\/ostergotland\\\/wp-content\\\/uploads\\\/sites\\\/4\\\/2022\\\/12\\\/page-hero-ostergotland-om-oss-noaks-ark.jpg\",\"datePublished\":\"2022-11-22T10:42:53+00:00\",\"dateModified\":\"2024-11-01T11:01:37+00:00\",\"breadcrumb\":{\"@id\":\"https:\\\/\\\/noaksark.org\\\/ostergotland\\\/om-oss\\\/#breadcrumb\"},\"inLanguage\":\"sv-SE\",\"potentialAction\":[{\"@type\":\"ReadAction\",\"target\":[\"https:\\\/\\\/noaksark.org\\\/ostergotland\\\/om-oss\\\/\"]}]},{\"@type\":\"ImageObject\",\"inLanguage\":\"sv-SE\",\"@id\":\"https:\\\/\\\/noaksark.org\\\/ostergotland\\\/om-oss\\\/#primaryimage\",\"url\":\"https:\\\/\\\/noaksark.org\\\/ostergotland\\\/wp-content\\\/uploads\\\/sites\\\/4\\\/2022\\\/12\\\/page-hero-ostergotland-om-oss-noaks-ark.jpg\",\"contentUrl\":\"https:\\\/\\\/noaksark.org\\\/ostergotland\\\/wp-content\\\/uploads\\\/sites\\\/4\\\/2022\\\/12\\\/page-hero-ostergotland-om-oss-noaks-ark.jpg\",\"width\":1500,\"height\":648,\"caption\":\"Noak Ark \u00d6sterg\u00f6tland - Om oss\"},{\"@type\":\"BreadcrumbList\",\"@id\":\"https:\\\/\\\/noaksark.org\\\/ostergotland\\\/om-oss\\\/#breadcrumb\",\"itemListElement\":[{\"@type\":\"ListItem\",\"position\":1,\"name\":\"Home\",\"item\":\"https:\\\/\\\/noaksark.org\\\/ostergotland\\\/\"},{\"@type\":\"ListItem\",\"position\":2,\"name\":\"Om oss\"}]},{\"@type\":\"WebSite\",\"@id\":\"https:\\\/\\\/noaksark.org\\\/ostergotland\\\/#website\",\"url\":\"https:\\\/\\\/noaksark.org\\\/ostergotland\\\/\",\"name\":\"Noaks Ark \u00d6sterg\u00f6tland\",\"description\":\"\",\"potentialAction\":[{\"@type\":\"SearchAction\",\"target\":{\"@type\":\"EntryPoint\",\"urlTemplate\":\"https:\\\/\\\/noaksark.org\\\/ostergotland\\\/?s={search_term_string}\"},\"query-input\":{\"@type\":\"PropertyValueSpecification\",\"valueRequired\":true,\"valueName\":\"search_term_string\"}}],\"inLanguage\":\"sv-SE\"}]}<\/script>\n<!-- \/ Yoast SEO Premium plugin. -->","yoast_head_json":{"title":"Om oss - Noaks Ark \u00d6sterg\u00f6tland","robots":{"index":"index","follow":"follow","max-snippet":"max-snippet:-1","max-image-preview":"max-image-preview:large","max-video-preview":"max-video-preview:-1"},"canonical":"https:\/\/noaksark.org\/ostergotland\/om-oss\/","og_locale":"sv_SE","og_type":"article","og_title":"Om oss","og_description":"F\u00f6reningen Noaks Ark \u00d6sterg\u00f6tland bildades i april 2008 och vi arbetar f\u00f6r att \u00f6ka v\u00e4lbefinnandet och livskvalit\u00e9n hos personer som lever med hiv samt f\u00f6rebygga spridningen av hiv och andra sexuellt \u00f6verf\u00f6rbara infektioner (STI). Genom...","og_url":"https:\/\/noaksark.org\/ostergotland\/om-oss\/","og_site_name":"Noaks Ark \u00d6sterg\u00f6tland","article_modified_time":"2024-11-01T11:01:37+00:00","og_image":[{"width":1500,"height":648,"url":"https:\/\/noaksark.org\/ostergotland\/wp-content\/uploads\/sites\/4\/2022\/12\/page-hero-ostergotland-om-oss-noaks-ark.jpg","type":"image\/jpeg"}],"twitter_card":"summary_large_image","twitter_misc":{"Ber\u00e4knad l\u00e4stid":"2 minuter"},"schema":{"@context":"https:\/\/schema.org","@graph":[{"@type":"WebPage","@id":"https:\/\/noaksark.org\/ostergotland\/om-oss\/","url":"https:\/\/noaksark.org\/ostergotland\/om-oss\/","name":"Om oss - Noaks Ark \u00d6sterg\u00f6tland","isPartOf":{"@id":"https:\/\/noaksark.org\/ostergotland\/#website"},"primaryImageOfPage":{"@id":"https:\/\/noaksark.org\/ostergotland\/om-oss\/#primaryimage"},"image":{"@id":"https:\/\/noaksark.org\/ostergotland\/om-oss\/#primaryimage"},"thumbnailUrl":"https:\/\/noaksark.org\/ostergotland\/wp-content\/uploads\/sites\/4\/2022\/12\/page-hero-ostergotland-om-oss-noaks-ark.jpg","datePublished":"2022-11-22T10:42:53+00:00","dateModified":"2024-11-01T11:01:37+00:00","breadcrumb":{"@id":"https:\/\/noaksark.org\/ostergotland\/om-oss\/#breadcrumb"},"inLanguage":"sv-SE","potentialAction":[{"@type":"ReadAction","target":["https:\/\/noaksark.org\/ostergotland\/om-oss\/"]}]},{"@type":"ImageObject","inLanguage":"sv-SE","@id":"https:\/\/noaksark.org\/ostergotland\/om-oss\/#primaryimage","url":"https:\/\/noaksark.org\/ostergotland\/wp-content\/uploads\/sites\/4\/2022\/12\/page-hero-ostergotland-om-oss-noaks-ark.jpg","contentUrl":"https:\/\/noaksark.org\/ostergotland\/wp-content\/uploads\/sites\/4\/2022\/12\/page-hero-ostergotland-om-oss-noaks-ark.jpg","width":1500,"height":648,"caption":"Noak Ark \u00d6sterg\u00f6tland - Om oss"},{"@type":"BreadcrumbList","@id":"https:\/\/noaksark.org\/ostergotland\/om-oss\/#breadcrumb","itemListElement":[{"@type":"ListItem","position":1,"name":"Home","item":"https:\/\/noaksark.org\/ostergotland\/"},{"@type":"ListItem","position":2,"name":"Om oss"}]},{"@type":"WebSite","@id":"https:\/\/noaksark.org\/ostergotland\/#website","url":"https:\/\/noaksark.org\/ostergotland\/","name":"Noaks Ark \u00d6sterg\u00f6tland","description":"","potentialAction":[{"@type":"SearchAction","target":{"@type":"EntryPoint","urlTemplate":"https:\/\/noaksark.org\/ostergotland\/?s={search_term_string}"},"query-input":{"@type":"PropertyValueSpecification","valueRequired":true,"valueName":"search_term_string"}}],"inLanguage":"sv-SE"}]}},"_links":{"self":[{"href":"https:\/\/noaksark.org\/ostergotland\/wp-json\/wp\/v2\/pages\/94","targetHints":{"allow":["GET"]}}],"collection":[{"href":"https:\/\/noaksark.org\/ostergotland\/wp-json\/wp\/v2\/pages"}],"about":[{"href":"https:\/\/noaksark.org\/ostergotland\/wp-json\/wp\/v2\/types\/page"}],"author":[{"embeddable":true,"href":"https:\/\/noaksark.org\/ostergotland\/wp-json\/wp\/v2\/users\/27"}],"replies":[{"embeddable":true,"href":"https:\/\/noaksark.org\/ostergotland\/wp-json\/wp\/v2\/comments?post=94"}],"version-history":[{"count":10,"href":"https:\/\/noaksark.org\/ostergotland\/wp-json\/wp\/v2\/pages\/94\/revisions"}],"predecessor-version":[{"id":974,"href":"https:\/\/noaksark.org\/ostergotland\/wp-json\/wp\/v2\/pages\/94\/revisions\/974"}],"wp:featuredmedia":[{"embeddable":true,"href":"https:\/\/noaksark.org\/ostergotland\/wp-json\/wp\/v2\/media\/295"}],"wp:attachment":[{"href":"https:\/\/noaksark.org\/ostergotland\/wp-json\/wp\/v2\/media?parent=94"}],"curies":[{"name":"wp","href":"https:\/\/api.w.org\/{rel}","templated":true}]}}