{"id":932,"date":"2024-09-11T15:22:44","date_gmt":"2024-09-11T13:22:44","guid":{"rendered":"https:\/\/noaksark.org\/ostergotland\/?page_id=932"},"modified":"2025-02-13T09:18:11","modified_gmt":"2025-02-13T08:18:11","slug":"tack-for-din-bokning","status":"publish","type":"page","link":"https:\/\/noaksark.org\/ostergotland\/hivtest\/hivtest-norrkoping\/tack-for-din-bokning\/","title":{"rendered":"Tack f\u00f6r din bokning!"},"content":{"rendered":"\n<p>Bokningen \u00e4r helt anonym och d\u00e4rf\u00f6r har ingen annan bekr\u00e4ftelse skickats till dig. F\u00f6r fr\u00e5gor eller avbokning kontakta oss p\u00e5 telefon 0736836533, p\u00e5 mail\u00a0<a href=\"mailto:testmottagningen.ostergotland@noaksark.org\">testmottagningen.ostergotland@noaksark.org<\/a>\u00a0eller v\u00e5r chatt!<\/p>\n\n\n\n<p><\/p>\n","protected":false},"excerpt":{"rendered":"<p>Bokningen \u00e4r helt anonym och d\u00e4rf\u00f6r har ingen annan bekr\u00e4ftelse skickats till dig. F\u00f6r fr\u00e5gor eller avbokning kontakta oss p\u00e5 telefon 0736836533, p\u00e5 mail\u00a0testmottagningen.ostergotland@noaksark.org\u00a0eller v\u00e5r chatt!<\/p>\n","protected":false},"author":27,"featured_media":0,"parent":829,"menu_order":0,"comment_status":"closed","ping_status":"closed","template":"_template-amelia-booking-thank-you.php","meta":{"_acf_changed":false,"footnotes":""},"class_list":["post-932","page","type-page","status-publish","hentry"],"acf":[],"yoast_head":"<!-- This site is optimized with the Yoast SEO Premium plugin v27.5 (Yoast SEO v27.5) - https:\/\/yoast.com\/product\/yoast-seo-premium-wordpress\/ -->\n<title>Tack f\u00f6r din bokning! - Noaks Ark \u00d6sterg\u00f6tland<\/title>\n<meta name=\"robots\" content=\"index, follow, max-snippet:-1, max-image-preview:large, max-video-preview:-1\" \/>\n<link rel=\"canonical\" href=\"https:\/\/noaksark.org\/ostergotland\/hivtest\/hivtest-norrkoping\/tack-for-din-bokning\/\" \/>\n<meta property=\"og:locale\" content=\"sv_SE\" \/>\n<meta property=\"og:type\" content=\"article\" \/>\n<meta property=\"og:title\" content=\"Tack f\u00f6r din bokning!\" \/>\n<meta property=\"og:description\" content=\"Bokningen \u00e4r helt anonym och d\u00e4rf\u00f6r har ingen annan bekr\u00e4ftelse skickats till dig. F\u00f6r fr\u00e5gor eller avbokning kontakta oss p\u00e5 telefon 0736836533, p\u00e5 mail\u00a0testmottagningen.ostergotland@noaksark.org\u00a0eller v\u00e5r chatt!\" \/>\n<meta property=\"og:url\" content=\"https:\/\/noaksark.org\/ostergotland\/hivtest\/hivtest-norrkoping\/tack-for-din-bokning\/\" \/>\n<meta property=\"og:site_name\" content=\"Noaks Ark \u00d6sterg\u00f6tland\" \/>\n<meta property=\"article:modified_time\" content=\"2025-02-13T08:18:11+00:00\" \/>\n<meta name=\"twitter:card\" content=\"summary_large_image\" \/>\n<meta name=\"twitter:label1\" content=\"Ber\u00e4knad l\u00e4stid\" \/>\n\t<meta name=\"twitter:data1\" content=\"1 minut\" \/>\n<script type=\"application\/ld+json\" class=\"yoast-schema-graph\">{\"@context\":\"https:\\\/\\\/schema.org\",\"@graph\":[{\"@type\":\"WebPage\",\"@id\":\"https:\\\/\\\/noaksark.org\\\/ostergotland\\\/hivtest\\\/hivtest-norrkoping\\\/tack-for-din-bokning\\\/\",\"url\":\"https:\\\/\\\/noaksark.org\\\/ostergotland\\\/hivtest\\\/hivtest-norrkoping\\\/tack-for-din-bokning\\\/\",\"name\":\"Tack f\u00f6r din bokning! - Noaks Ark \u00d6sterg\u00f6tland\",\"isPartOf\":{\"@id\":\"https:\\\/\\\/noaksark.org\\\/ostergotland\\\/#website\"},\"datePublished\":\"2024-09-11T13:22:44+00:00\",\"dateModified\":\"2025-02-13T08:18:11+00:00\",\"breadcrumb\":{\"@id\":\"https:\\\/\\\/noaksark.org\\\/ostergotland\\\/hivtest\\\/hivtest-norrkoping\\\/tack-for-din-bokning\\\/#breadcrumb\"},\"inLanguage\":\"sv-SE\",\"potentialAction\":[{\"@type\":\"ReadAction\",\"target\":[\"https:\\\/\\\/noaksark.org\\\/ostergotland\\\/hivtest\\\/hivtest-norrkoping\\\/tack-for-din-bokning\\\/\"]}]},{\"@type\":\"BreadcrumbList\",\"@id\":\"https:\\\/\\\/noaksark.org\\\/ostergotland\\\/hivtest\\\/hivtest-norrkoping\\\/tack-for-din-bokning\\\/#breadcrumb\",\"itemListElement\":[{\"@type\":\"ListItem\",\"position\":1,\"name\":\"Home\",\"item\":\"https:\\\/\\\/noaksark.org\\\/ostergotland\\\/\"},{\"@type\":\"ListItem\",\"position\":2,\"name\":\"Hivtest\",\"item\":\"https:\\\/\\\/noaksark.org\\\/ostergotland\\\/hivtest\\\/\"},{\"@type\":\"ListItem\",\"position\":3,\"name\":\"Hivtest Norrk\u00f6ping\",\"item\":\"https:\\\/\\\/noaksark.org\\\/ostergotland\\\/hivtest\\\/hivtest-norrkoping\\\/\"},{\"@type\":\"ListItem\",\"position\":4,\"name\":\"Tack f\u00f6r din bokning!\"}]},{\"@type\":\"WebSite\",\"@id\":\"https:\\\/\\\/noaksark.org\\\/ostergotland\\\/#website\",\"url\":\"https:\\\/\\\/noaksark.org\\\/ostergotland\\\/\",\"name\":\"Noaks Ark \u00d6sterg\u00f6tland\",\"description\":\"\",\"potentialAction\":[{\"@type\":\"SearchAction\",\"target\":{\"@type\":\"EntryPoint\",\"urlTemplate\":\"https:\\\/\\\/noaksark.org\\\/ostergotland\\\/?s={search_term_string}\"},\"query-input\":{\"@type\":\"PropertyValueSpecification\",\"valueRequired\":true,\"valueName\":\"search_term_string\"}}],\"inLanguage\":\"sv-SE\"}]}<\/script>\n<!-- \/ Yoast SEO Premium plugin. -->","yoast_head_json":{"title":"Tack f\u00f6r din bokning! - Noaks Ark \u00d6sterg\u00f6tland","robots":{"index":"index","follow":"follow","max-snippet":"max-snippet:-1","max-image-preview":"max-image-preview:large","max-video-preview":"max-video-preview:-1"},"canonical":"https:\/\/noaksark.org\/ostergotland\/hivtest\/hivtest-norrkoping\/tack-for-din-bokning\/","og_locale":"sv_SE","og_type":"article","og_title":"Tack f\u00f6r din bokning!","og_description":"Bokningen \u00e4r helt anonym och d\u00e4rf\u00f6r har ingen annan bekr\u00e4ftelse skickats till dig. F\u00f6r fr\u00e5gor eller avbokning kontakta oss p\u00e5 telefon 0736836533, p\u00e5 mail\u00a0testmottagningen.ostergotland@noaksark.org\u00a0eller v\u00e5r chatt!","og_url":"https:\/\/noaksark.org\/ostergotland\/hivtest\/hivtest-norrkoping\/tack-for-din-bokning\/","og_site_name":"Noaks Ark \u00d6sterg\u00f6tland","article_modified_time":"2025-02-13T08:18:11+00:00","twitter_card":"summary_large_image","twitter_misc":{"Ber\u00e4knad l\u00e4stid":"1 minut"},"schema":{"@context":"https:\/\/schema.org","@graph":[{"@type":"WebPage","@id":"https:\/\/noaksark.org\/ostergotland\/hivtest\/hivtest-norrkoping\/tack-for-din-bokning\/","url":"https:\/\/noaksark.org\/ostergotland\/hivtest\/hivtest-norrkoping\/tack-for-din-bokning\/","name":"Tack f\u00f6r din bokning! - Noaks Ark \u00d6sterg\u00f6tland","isPartOf":{"@id":"https:\/\/noaksark.org\/ostergotland\/#website"},"datePublished":"2024-09-11T13:22:44+00:00","dateModified":"2025-02-13T08:18:11+00:00","breadcrumb":{"@id":"https:\/\/noaksark.org\/ostergotland\/hivtest\/hivtest-norrkoping\/tack-for-din-bokning\/#breadcrumb"},"inLanguage":"sv-SE","potentialAction":[{"@type":"ReadAction","target":["https:\/\/noaksark.org\/ostergotland\/hivtest\/hivtest-norrkoping\/tack-for-din-bokning\/"]}]},{"@type":"BreadcrumbList","@id":"https:\/\/noaksark.org\/ostergotland\/hivtest\/hivtest-norrkoping\/tack-for-din-bokning\/#breadcrumb","itemListElement":[{"@type":"ListItem","position":1,"name":"Home","item":"https:\/\/noaksark.org\/ostergotland\/"},{"@type":"ListItem","position":2,"name":"Hivtest","item":"https:\/\/noaksark.org\/ostergotland\/hivtest\/"},{"@type":"ListItem","position":3,"name":"Hivtest Norrk\u00f6ping","item":"https:\/\/noaksark.org\/ostergotland\/hivtest\/hivtest-norrkoping\/"},{"@type":"ListItem","position":4,"name":"Tack f\u00f6r din bokning!"}]},{"@type":"WebSite","@id":"https:\/\/noaksark.org\/ostergotland\/#website","url":"https:\/\/noaksark.org\/ostergotland\/","name":"Noaks Ark \u00d6sterg\u00f6tland","description":"","potentialAction":[{"@type":"SearchAction","target":{"@type":"EntryPoint","urlTemplate":"https:\/\/noaksark.org\/ostergotland\/?s={search_term_string}"},"query-input":{"@type":"PropertyValueSpecification","valueRequired":true,"valueName":"search_term_string"}}],"inLanguage":"sv-SE"}]}},"_links":{"self":[{"href":"https:\/\/noaksark.org\/ostergotland\/wp-json\/wp\/v2\/pages\/932","targetHints":{"allow":["GET"]}}],"collection":[{"href":"https:\/\/noaksark.org\/ostergotland\/wp-json\/wp\/v2\/pages"}],"about":[{"href":"https:\/\/noaksark.org\/ostergotland\/wp-json\/wp\/v2\/types\/page"}],"author":[{"embeddable":true,"href":"https:\/\/noaksark.org\/ostergotland\/wp-json\/wp\/v2\/users\/27"}],"replies":[{"embeddable":true,"href":"https:\/\/noaksark.org\/ostergotland\/wp-json\/wp\/v2\/comments?post=932"}],"version-history":[{"count":4,"href":"https:\/\/noaksark.org\/ostergotland\/wp-json\/wp\/v2\/pages\/932\/revisions"}],"predecessor-version":[{"id":1029,"href":"https:\/\/noaksark.org\/ostergotland\/wp-json\/wp\/v2\/pages\/932\/revisions\/1029"}],"up":[{"embeddable":true,"href":"https:\/\/noaksark.org\/ostergotland\/wp-json\/wp\/v2\/pages\/829"}],"wp:attachment":[{"href":"https:\/\/noaksark.org\/ostergotland\/wp-json\/wp\/v2\/media?parent=932"}],"curies":[{"name":"wp","href":"https:\/\/api.w.org\/{rel}","templated":true}]}}