{"id":829,"date":"2024-06-10T13:05:45","date_gmt":"2024-06-10T12:05:45","guid":{"rendered":"https:\/\/noaksark.org\/ostergotland\/?page_id=829"},"modified":"2026-03-17T13:19:14","modified_gmt":"2026-03-17T12:19:14","slug":"hivtest-norrkoping","status":"publish","type":"page","link":"https:\/\/noaksark.org\/ostergotland\/hivtest\/hivtest-norrkoping\/","title":{"rendered":"Hivtest Norrk\u00f6ping"},"content":{"rendered":"\n<p>V\u00e5r mottagning ligger centralt men diskret bel\u00e4gna p\u00e5 Gamla Torget 4 i Norrk\u00f6ping<\/p>\n\n\n\n<p>Vill du boka ett hivtest g\u00f6rs det anonymt och du f\u00e5r ett boknings id som du tar med dig n\u00e4r du kommer till ditt bes\u00f6k. De 4 sista siffrorna i id numret \u00e4r det du uppger.<\/p>\n\n\n\n<p>Kan du inte komma p\u00e5 ditt bes\u00f6k, avboka g\u00e4rna via telefon:&nbsp;<strong>0736836533<\/strong> eller mail: testmottagningen.ostergotland@noaksark.org<\/p>\n\n\n\n<h2 class=\"wp-block-heading\" id=\"h-drop-in-testmottagning\">Drop-in testmottagning<\/h2>\n\n\n\n<p>Vill du komma p\u00e5 drop-in mottagning har vi \u00f6ppet vissa onsdagar kl 17.30-19.00. <\/p>\n\n\n\n<p>Avvikelser och datum kan komma att uppdateras under h\u00f6sten.<\/p>\n\n\n\n<p class=\"fw-normal text-dark pt-3\"><\/p>\n\n\n\n<p><\/p>\n\n\n\n<p><\/p>\n\n\n\n<details class=\"wp-block-details text-success fw-bold is-layout-flow wp-block-details-is-layout-flow\"><summary>Se alla tider f\u00f6r drop-in<\/summary>\n<p><\/p>\n\n\n\n<p>25 mars <\/p>\n\n\n\n<p>15 april<\/p>\n\n\n\n<p>20 maj<\/p>\n\n\n\n<p>3 juni<\/p>\n\n\n\n<p>17 juni<\/p>\n\n\n\n<p>24 juni\u00a0<\/p>\n\n\n\n<p><\/p>\n\n\n\n<p><\/p>\n\n\n\n<p class=\"fw-normal text-dark pt-3\"><\/p>\n<\/details>\n\n\n\n<h2 class=\"wp-block-heading\">Boka hivtest<\/h2>\n\n\n\n<p>Du kan enkelt och helt anonymt boka ditt hivtest h\u00e4r.<\/p>\n\n\n\n<div class=\"wp-block-amelia-step-booking-gutenberg-block\">\n<script>\n  if (typeof hasAmeliaEntitiesApiCall === 'undefined' && ('' === '' && '' !== '1')) {\n    var hasAmeliaEntitiesApiCall = true;\n  }\n  var ameliaShortcodeData = (typeof ameliaShortcodeData === 'undefined') ? [] : ameliaShortcodeData;\n  ameliaShortcodeData.push(\n    {\n      'hasApiCall': (typeof hasAmeliaEntitiesApiCall !== 'undefined') && hasAmeliaEntitiesApiCall,\n      'trigger': '',\n      'trigger_type': '',\n      'triggered_form': 'sbsNew',\n      'in_dialog': '',\n      'show': '',\n      'counter': '1000',\n      'category': '',\n      'service': '',\n      'employee': '',\n      'location': '',\n      'package': ''\n    }\n  );\n\n  var ameliaShortcodeDataTriggered = (typeof ameliaShortcodeDataTriggered === 'undefined') ? [] : ameliaShortcodeDataTriggered;\n  if (ameliaShortcodeData[ameliaShortcodeData.length - 1].trigger !== '') {\n    if (ameliaShortcodeDataTriggered.filter(a => a.counter === ameliaShortcodeData[ameliaShortcodeData.length - 1].counter).length === 0) {\n      ameliaShortcodeDataTriggered.push(ameliaShortcodeData.pop());\n    } else {\n      ameliaShortcodeData.pop()\n    }\n  }\n  if (typeof hasAmeliaEntitiesApiCall !== 'undefined' && hasAmeliaEntitiesApiCall) {\n    hasAmeliaEntitiesApiCall = false;\n  }\n<\/script>\n\n<div\n  id=\"amelia-v2-booking-1000\"\n  class=\"amelia-v2-booking\"\n >\n    <step-form-wrapper><\/step-form-wrapper><\/div>\n<\/div>\n\n\n\n<h2 class=\"wp-block-heading\" id=\"h-\"><\/h2>\n","protected":false},"excerpt":{"rendered":"<p>V\u00e5r mottagning ligger centralt men diskret bel\u00e4gna p\u00e5 Gamla Torget 4 i Norrk\u00f6ping Vill du boka ett hivtest g\u00f6rs det anonymt och du f\u00e5r ett boknings id som du tar med dig n\u00e4r du kommer&#8230;<\/p>\n","protected":false},"author":27,"featured_media":0,"parent":2,"menu_order":0,"comment_status":"closed","ping_status":"closed","template":"","meta":{"_acf_changed":false,"footnotes":""},"class_list":["post-829","page","type-page","status-publish","hentry"],"acf":[],"yoast_head":"<!-- This site is optimized with the Yoast SEO Premium plugin v27.3 (Yoast SEO v27.4) - https:\/\/yoast.com\/product\/yoast-seo-premium-wordpress\/ -->\n<title>Hivtest Norrk\u00f6ping - Noaks Ark \u00d6sterg\u00f6tland<\/title>\n<meta name=\"robots\" content=\"index, follow, max-snippet:-1, max-image-preview:large, max-video-preview:-1\" \/>\n<link rel=\"canonical\" href=\"https:\/\/noaksark.org\/ostergotland\/hivtest\/hivtest-norrkoping\/\" \/>\n<meta property=\"og:locale\" content=\"sv_SE\" \/>\n<meta property=\"og:type\" content=\"article\" \/>\n<meta property=\"og:title\" content=\"Hivtest Norrk\u00f6ping\" \/>\n<meta property=\"og:description\" content=\"V\u00e5r mottagning ligger centralt men diskret bel\u00e4gna p\u00e5 Gamla Torget 4 i Norrk\u00f6ping Vill du boka ett hivtest g\u00f6rs det anonymt och du f\u00e5r ett boknings id som du tar med dig n\u00e4r du kommer...\" \/>\n<meta property=\"og:url\" content=\"https:\/\/noaksark.org\/ostergotland\/hivtest\/hivtest-norrkoping\/\" \/>\n<meta property=\"og:site_name\" content=\"Noaks Ark \u00d6sterg\u00f6tland\" \/>\n<meta property=\"article:modified_time\" content=\"2026-03-17T12:19:14+00:00\" \/>\n<meta name=\"twitter:card\" content=\"summary_large_image\" \/>\n<meta name=\"twitter:label1\" content=\"Ber\u00e4knad l\u00e4stid\" \/>\n\t<meta name=\"twitter:data1\" content=\"1 minut\" \/>\n<script type=\"application\/ld+json\" class=\"yoast-schema-graph\">{\"@context\":\"https:\\\/\\\/schema.org\",\"@graph\":[{\"@type\":\"WebPage\",\"@id\":\"https:\\\/\\\/noaksark.org\\\/ostergotland\\\/hivtest\\\/hivtest-norrkoping\\\/\",\"url\":\"https:\\\/\\\/noaksark.org\\\/ostergotland\\\/hivtest\\\/hivtest-norrkoping\\\/\",\"name\":\"Hivtest Norrk\u00f6ping - Noaks Ark \u00d6sterg\u00f6tland\",\"isPartOf\":{\"@id\":\"https:\\\/\\\/noaksark.org\\\/ostergotland\\\/#website\"},\"datePublished\":\"2024-06-10T12:05:45+00:00\",\"dateModified\":\"2026-03-17T12:19:14+00:00\",\"breadcrumb\":{\"@id\":\"https:\\\/\\\/noaksark.org\\\/ostergotland\\\/hivtest\\\/hivtest-norrkoping\\\/#breadcrumb\"},\"inLanguage\":\"sv-SE\",\"potentialAction\":[{\"@type\":\"ReadAction\",\"target\":[\"https:\\\/\\\/noaksark.org\\\/ostergotland\\\/hivtest\\\/hivtest-norrkoping\\\/\"]}]},{\"@type\":\"BreadcrumbList\",\"@id\":\"https:\\\/\\\/noaksark.org\\\/ostergotland\\\/hivtest\\\/hivtest-norrkoping\\\/#breadcrumb\",\"itemListElement\":[{\"@type\":\"ListItem\",\"position\":1,\"name\":\"Home\",\"item\":\"https:\\\/\\\/noaksark.org\\\/ostergotland\\\/\"},{\"@type\":\"ListItem\",\"position\":2,\"name\":\"Hivtest\",\"item\":\"https:\\\/\\\/noaksark.org\\\/ostergotland\\\/hivtest\\\/\"},{\"@type\":\"ListItem\",\"position\":3,\"name\":\"Hivtest Norrk\u00f6ping\"}]},{\"@type\":\"WebSite\",\"@id\":\"https:\\\/\\\/noaksark.org\\\/ostergotland\\\/#website\",\"url\":\"https:\\\/\\\/noaksark.org\\\/ostergotland\\\/\",\"name\":\"Noaks Ark \u00d6sterg\u00f6tland\",\"description\":\"\",\"potentialAction\":[{\"@type\":\"SearchAction\",\"target\":{\"@type\":\"EntryPoint\",\"urlTemplate\":\"https:\\\/\\\/noaksark.org\\\/ostergotland\\\/?s={search_term_string}\"},\"query-input\":{\"@type\":\"PropertyValueSpecification\",\"valueRequired\":true,\"valueName\":\"search_term_string\"}}],\"inLanguage\":\"sv-SE\"}]}<\/script>\n<!-- \/ Yoast SEO Premium plugin. -->","yoast_head_json":{"title":"Hivtest Norrk\u00f6ping - Noaks Ark \u00d6sterg\u00f6tland","robots":{"index":"index","follow":"follow","max-snippet":"max-snippet:-1","max-image-preview":"max-image-preview:large","max-video-preview":"max-video-preview:-1"},"canonical":"https:\/\/noaksark.org\/ostergotland\/hivtest\/hivtest-norrkoping\/","og_locale":"sv_SE","og_type":"article","og_title":"Hivtest Norrk\u00f6ping","og_description":"V\u00e5r mottagning ligger centralt men diskret bel\u00e4gna p\u00e5 Gamla Torget 4 i Norrk\u00f6ping Vill du boka ett hivtest g\u00f6rs det anonymt och du f\u00e5r ett boknings id som du tar med dig n\u00e4r du kommer...","og_url":"https:\/\/noaksark.org\/ostergotland\/hivtest\/hivtest-norrkoping\/","og_site_name":"Noaks Ark \u00d6sterg\u00f6tland","article_modified_time":"2026-03-17T12:19:14+00:00","twitter_card":"summary_large_image","twitter_misc":{"Ber\u00e4knad l\u00e4stid":"1 minut"},"schema":{"@context":"https:\/\/schema.org","@graph":[{"@type":"WebPage","@id":"https:\/\/noaksark.org\/ostergotland\/hivtest\/hivtest-norrkoping\/","url":"https:\/\/noaksark.org\/ostergotland\/hivtest\/hivtest-norrkoping\/","name":"Hivtest Norrk\u00f6ping - Noaks Ark \u00d6sterg\u00f6tland","isPartOf":{"@id":"https:\/\/noaksark.org\/ostergotland\/#website"},"datePublished":"2024-06-10T12:05:45+00:00","dateModified":"2026-03-17T12:19:14+00:00","breadcrumb":{"@id":"https:\/\/noaksark.org\/ostergotland\/hivtest\/hivtest-norrkoping\/#breadcrumb"},"inLanguage":"sv-SE","potentialAction":[{"@type":"ReadAction","target":["https:\/\/noaksark.org\/ostergotland\/hivtest\/hivtest-norrkoping\/"]}]},{"@type":"BreadcrumbList","@id":"https:\/\/noaksark.org\/ostergotland\/hivtest\/hivtest-norrkoping\/#breadcrumb","itemListElement":[{"@type":"ListItem","position":1,"name":"Home","item":"https:\/\/noaksark.org\/ostergotland\/"},{"@type":"ListItem","position":2,"name":"Hivtest","item":"https:\/\/noaksark.org\/ostergotland\/hivtest\/"},{"@type":"ListItem","position":3,"name":"Hivtest Norrk\u00f6ping"}]},{"@type":"WebSite","@id":"https:\/\/noaksark.org\/ostergotland\/#website","url":"https:\/\/noaksark.org\/ostergotland\/","name":"Noaks Ark \u00d6sterg\u00f6tland","description":"","potentialAction":[{"@type":"SearchAction","target":{"@type":"EntryPoint","urlTemplate":"https:\/\/noaksark.org\/ostergotland\/?s={search_term_string}"},"query-input":{"@type":"PropertyValueSpecification","valueRequired":true,"valueName":"search_term_string"}}],"inLanguage":"sv-SE"}]}},"_links":{"self":[{"href":"https:\/\/noaksark.org\/ostergotland\/wp-json\/wp\/v2\/pages\/829","targetHints":{"allow":["GET"]}}],"collection":[{"href":"https:\/\/noaksark.org\/ostergotland\/wp-json\/wp\/v2\/pages"}],"about":[{"href":"https:\/\/noaksark.org\/ostergotland\/wp-json\/wp\/v2\/types\/page"}],"author":[{"embeddable":true,"href":"https:\/\/noaksark.org\/ostergotland\/wp-json\/wp\/v2\/users\/27"}],"replies":[{"embeddable":true,"href":"https:\/\/noaksark.org\/ostergotland\/wp-json\/wp\/v2\/comments?post=829"}],"version-history":[{"count":32,"href":"https:\/\/noaksark.org\/ostergotland\/wp-json\/wp\/v2\/pages\/829\/revisions"}],"predecessor-version":[{"id":1146,"href":"https:\/\/noaksark.org\/ostergotland\/wp-json\/wp\/v2\/pages\/829\/revisions\/1146"}],"up":[{"embeddable":true,"href":"https:\/\/noaksark.org\/ostergotland\/wp-json\/wp\/v2\/pages\/2"}],"wp:attachment":[{"href":"https:\/\/noaksark.org\/ostergotland\/wp-json\/wp\/v2\/media?parent=829"}],"curies":[{"name":"wp","href":"https:\/\/api.w.org\/{rel}","templated":true}]}}