{"id":568,"date":"2022-12-27T19:24:17","date_gmt":"2022-12-27T19:24:17","guid":{"rendered":"https:\/\/noaksark.org\/ostergotland\/?page_id=568"},"modified":"2022-12-27T19:24:17","modified_gmt":"2022-12-27T19:24:17","slug":"personuppgiftspolicy-gdpr","status":"publish","type":"page","link":"https:\/\/noaksark.org\/ostergotland\/om-oss\/personuppgiftspolicy-gdpr\/","title":{"rendered":"Personuppgiftspolicy (GDPR)"},"content":{"rendered":"\n<h4 class=\"wp-block-heading\"><strong>Personuppgiftspolicy<\/strong><\/h4>\n\n\n\n<p>Vi v\u00e4rnar om m\u00e4nniskor som lever med hiv och deras n\u00e4rst\u00e5ende, men ocks\u00e5 om dig och alla andra som st\u00f6djer v\u00e5r verksamhet. H\u00e4r kan du l\u00e4sa hur vi s\u00e4kerst\u00e4ller att dina personuppgifter behandlas i enlighet med g\u00e4llande personuppgiftslagstiftning.<br>Noaks Ark \u00d6sterg\u00f6tland med organisationsnummer 802440-2912 p\u00e5 Teatergatan 3, 602 22 Norrk\u00f6ping \u00e4r personuppgiftsansvarig f\u00f6r behandlingen av dina personuppgifter.<br>Det \u00e4r bara beh\u00f6rig personal p\u00e5 Noaks Ark som kan se och ta del av registrerade uppgifter. Det \u00e4r bara personer som beh\u00f6ver uppgifterna f\u00f6r att kunna utf\u00f6ra sitt arbete som f\u00e5r beh\u00f6righet till uppgifterna. Vi sparar dessutom enbart relevant information f\u00f6r just det \u00e4ndam\u00e5l som det ska anv\u00e4ndas till. Det betyder att vi inte sparar uppgifter som vi inte beh\u00f6ver, det kan till exempel vara statistik f\u00f6r att veta om vi beh\u00f6ver \u00e4ndra v\u00e5r tillg\u00e4nglighet p\u00e5 telefon eller f\u00f6r bes\u00f6k. D\u00e5 kan inte enskilda personer identifieras. I v\u00e5ra register finns inga k\u00e4nsliga uppgifter registrerade s\u00e5 som sjukdomstillst\u00e5nd, sexualitet eller etnicitet.<br>All hantering av personuppgifter styrs utifr\u00e5n g\u00e4llande personuppgiftslagstiftning enligt den nya dataskyddsf\u00f6rordningen (GDPR) som tr\u00e4dde i kraft 25 maj 2018.<\/p>\n\n\n\n<h4 class=\"wp-block-heading\">Fr\u00e5gor och svar<\/h4>\n\n\n\n<p><em>N\u00e4r samlar vi in dina personuppgifter?<\/em><br>Vi sparar bara relevanta uppgifter f\u00f6r ett specifikt \u00e4ndam\u00e5l. Det betyder att vi exempelvis sparar uppgifter n\u00e4r du sk\u00e4nker en g\u00e5va, anm\u00e4ler dig till nyhetsbrev eller en utbildning. Vissa uppgifter sparar vi exempelvis statistik n\u00e4r du bes\u00f6ker v\u00e5ra digitala kanaler s\u00e5 som noaksark.org och sociala medier.<\/p>\n\n\n\n<p><em>Vilka personuppgifter samlar vi in?<\/em><br>Vi samlar bara in de uppgifter som \u00e4r relevanta f\u00f6r \u00e4ndam\u00e5let. Det \u00e4r exempelvis bara namn och mailadress om du anm\u00e4ler dig till ett nyhetsbrev. F\u00f6r utbildningar sparar vi \u00e4ven adress, telefon nummer och om du eventuellt har n\u00e5gon allergi. Om du sk\u00e4nker pengar till oss (och inte vill vara anonym) sparar vi namn, adress, f\u00f6delsedatum, epost, telefonnummer och uppgifter om g\u00e5van. Det g\u00f6r vi f\u00f6r att vi g\u00e4rna vill kunna tacka f\u00f6r g\u00e5vor och h\u00e5lla dig uppdaterad om hur vi arbetar. Vill man ge pengar varje m\u00e5nad sparar vi de endast de uppgifter som banken kr\u00e4ver f\u00f6r att kunna utf\u00f6ra dragningen. Dessa uppgifter f\u00e5r vi endast n\u00e4r du har l\u00e4mnat ditt medgivande.<br>N\u00e4r du bes\u00f6ker v\u00e5ra digitala kanaler, exempelvis noaksark.org och sociala medier samlar vi in kommunikationsdata, typ av enhet, operativsystem, region, spr\u00e5kinst\u00e4llning och webbl\u00e4sare som anv\u00e4nds. Dessutom samlar vi in tid och l\u00e4ngd f\u00f6r bes\u00f6ket samt interaktionen som gjordes, f\u00f6r att vi ska kunna utveckla v\u00e5rt arbete till att p\u00e5 b\u00e4sta s\u00e4tt m\u00f6ta de behov som finns.<\/p>\n\n\n\n<p><em>Hur l\u00e4nge sparas dina uppgifter?<\/em><br>Vi lagrar inte dina personuppgifter l\u00e4ngre \u00e4n n\u00f6dv\u00e4ndigt. Dina personuppgifter sparas endast s\u00e5 l\u00e4nge de \u00e4r relevanta f\u00f6r respektive \u00e4ndam\u00e5l, eller s\u00e5 l\u00e4nge som du vill det. Du kan n\u00e4r som helst v\u00e4lja att bli borttagen ur v\u00e5rt register.<\/p>\n\n\n\n<p><em>Kontaktinformation<\/em><br>Har vi sparat en felaktig uppgift om dig? Kontakta oss s\u00e5 r\u00e4ttar vi det! Om du vill f\u00e5 ett f\u00e5 ett utdrag p\u00e5 de personuppgifter Noaks Ark \u00d6sterg\u00f6tland behandlar om dig, kan du skicka en skriftlig undertecknad beg\u00e4ran om det till nedan angiven adress. Du kan ocks\u00e5 kontakta oss om du vill avs\u00e4ga dig utskick eller bli struken fr\u00e5n v\u00e5rt register.<br>Postadress: Noaks Ark \u00d6sterg\u00f6tland, Teatergatan 3, 602 22 Norrk\u00f6ping.<br>Mejladress:&nbsp;<a href=\"mailto:Evy.Tzanos@noaksark.org\">Evy.Tzanos@noaksark.org<\/a><\/p>\n","protected":false},"excerpt":{"rendered":"<p>Personuppgiftspolicy Vi v\u00e4rnar om m\u00e4nniskor som lever med hiv och deras n\u00e4rst\u00e5ende, men ocks\u00e5 om dig och alla andra som st\u00f6djer v\u00e5r verksamhet. H\u00e4r kan du l\u00e4sa hur vi s\u00e4kerst\u00e4ller att dina personuppgifter behandlas i&#8230;<\/p>\n","protected":false},"author":27,"featured_media":0,"parent":94,"menu_order":0,"comment_status":"closed","ping_status":"closed","template":"","meta":{"_acf_changed":false,"footnotes":""},"class_list":["post-568","page","type-page","status-publish","hentry"],"acf":[],"yoast_head":"<!-- This site is optimized with the Yoast SEO Premium plugin v27.3 (Yoast SEO v27.4) - https:\/\/yoast.com\/product\/yoast-seo-premium-wordpress\/ -->\n<title>Personuppgiftspolicy (GDPR) - Noaks Ark \u00d6sterg\u00f6tland<\/title>\n<meta name=\"robots\" content=\"index, follow, max-snippet:-1, max-image-preview:large, max-video-preview:-1\" \/>\n<link rel=\"canonical\" href=\"https:\/\/noaksark.org\/ostergotland\/om-oss\/personuppgiftspolicy-gdpr\/\" \/>\n<meta property=\"og:locale\" content=\"sv_SE\" \/>\n<meta property=\"og:type\" content=\"article\" \/>\n<meta property=\"og:title\" content=\"Personuppgiftspolicy (GDPR)\" \/>\n<meta property=\"og:description\" content=\"Personuppgiftspolicy Vi v\u00e4rnar om m\u00e4nniskor som lever med hiv och deras n\u00e4rst\u00e5ende, men ocks\u00e5 om dig och alla andra som st\u00f6djer v\u00e5r verksamhet. H\u00e4r kan du l\u00e4sa hur vi s\u00e4kerst\u00e4ller att dina personuppgifter behandlas i...\" \/>\n<meta property=\"og:url\" content=\"https:\/\/noaksark.org\/ostergotland\/om-oss\/personuppgiftspolicy-gdpr\/\" \/>\n<meta property=\"og:site_name\" content=\"Noaks Ark \u00d6sterg\u00f6tland\" \/>\n<meta name=\"twitter:card\" content=\"summary_large_image\" \/>\n<meta name=\"twitter:label1\" content=\"Ber\u00e4knad l\u00e4stid\" \/>\n\t<meta name=\"twitter:data1\" content=\"3 minuter\" \/>\n<script type=\"application\/ld+json\" class=\"yoast-schema-graph\">{\"@context\":\"https:\\\/\\\/schema.org\",\"@graph\":[{\"@type\":\"WebPage\",\"@id\":\"https:\\\/\\\/noaksark.org\\\/ostergotland\\\/om-oss\\\/personuppgiftspolicy-gdpr\\\/\",\"url\":\"https:\\\/\\\/noaksark.org\\\/ostergotland\\\/om-oss\\\/personuppgiftspolicy-gdpr\\\/\",\"name\":\"Personuppgiftspolicy (GDPR) - Noaks Ark \u00d6sterg\u00f6tland\",\"isPartOf\":{\"@id\":\"https:\\\/\\\/noaksark.org\\\/ostergotland\\\/#website\"},\"datePublished\":\"2022-12-27T19:24:17+00:00\",\"breadcrumb\":{\"@id\":\"https:\\\/\\\/noaksark.org\\\/ostergotland\\\/om-oss\\\/personuppgiftspolicy-gdpr\\\/#breadcrumb\"},\"inLanguage\":\"sv-SE\",\"potentialAction\":[{\"@type\":\"ReadAction\",\"target\":[\"https:\\\/\\\/noaksark.org\\\/ostergotland\\\/om-oss\\\/personuppgiftspolicy-gdpr\\\/\"]}]},{\"@type\":\"BreadcrumbList\",\"@id\":\"https:\\\/\\\/noaksark.org\\\/ostergotland\\\/om-oss\\\/personuppgiftspolicy-gdpr\\\/#breadcrumb\",\"itemListElement\":[{\"@type\":\"ListItem\",\"position\":1,\"name\":\"Home\",\"item\":\"https:\\\/\\\/noaksark.org\\\/ostergotland\\\/\"},{\"@type\":\"ListItem\",\"position\":2,\"name\":\"Om oss\",\"item\":\"https:\\\/\\\/noaksark.org\\\/ostergotland\\\/om-oss\\\/\"},{\"@type\":\"ListItem\",\"position\":3,\"name\":\"Personuppgiftspolicy (GDPR)\"}]},{\"@type\":\"WebSite\",\"@id\":\"https:\\\/\\\/noaksark.org\\\/ostergotland\\\/#website\",\"url\":\"https:\\\/\\\/noaksark.org\\\/ostergotland\\\/\",\"name\":\"Noaks Ark \u00d6sterg\u00f6tland\",\"description\":\"\",\"potentialAction\":[{\"@type\":\"SearchAction\",\"target\":{\"@type\":\"EntryPoint\",\"urlTemplate\":\"https:\\\/\\\/noaksark.org\\\/ostergotland\\\/?s={search_term_string}\"},\"query-input\":{\"@type\":\"PropertyValueSpecification\",\"valueRequired\":true,\"valueName\":\"search_term_string\"}}],\"inLanguage\":\"sv-SE\"}]}<\/script>\n<!-- \/ Yoast SEO Premium plugin. -->","yoast_head_json":{"title":"Personuppgiftspolicy (GDPR) - Noaks Ark \u00d6sterg\u00f6tland","robots":{"index":"index","follow":"follow","max-snippet":"max-snippet:-1","max-image-preview":"max-image-preview:large","max-video-preview":"max-video-preview:-1"},"canonical":"https:\/\/noaksark.org\/ostergotland\/om-oss\/personuppgiftspolicy-gdpr\/","og_locale":"sv_SE","og_type":"article","og_title":"Personuppgiftspolicy (GDPR)","og_description":"Personuppgiftspolicy Vi v\u00e4rnar om m\u00e4nniskor som lever med hiv och deras n\u00e4rst\u00e5ende, men ocks\u00e5 om dig och alla andra som st\u00f6djer v\u00e5r verksamhet. H\u00e4r kan du l\u00e4sa hur vi s\u00e4kerst\u00e4ller att dina personuppgifter behandlas i...","og_url":"https:\/\/noaksark.org\/ostergotland\/om-oss\/personuppgiftspolicy-gdpr\/","og_site_name":"Noaks Ark \u00d6sterg\u00f6tland","twitter_card":"summary_large_image","twitter_misc":{"Ber\u00e4knad l\u00e4stid":"3 minuter"},"schema":{"@context":"https:\/\/schema.org","@graph":[{"@type":"WebPage","@id":"https:\/\/noaksark.org\/ostergotland\/om-oss\/personuppgiftspolicy-gdpr\/","url":"https:\/\/noaksark.org\/ostergotland\/om-oss\/personuppgiftspolicy-gdpr\/","name":"Personuppgiftspolicy (GDPR) - Noaks Ark \u00d6sterg\u00f6tland","isPartOf":{"@id":"https:\/\/noaksark.org\/ostergotland\/#website"},"datePublished":"2022-12-27T19:24:17+00:00","breadcrumb":{"@id":"https:\/\/noaksark.org\/ostergotland\/om-oss\/personuppgiftspolicy-gdpr\/#breadcrumb"},"inLanguage":"sv-SE","potentialAction":[{"@type":"ReadAction","target":["https:\/\/noaksark.org\/ostergotland\/om-oss\/personuppgiftspolicy-gdpr\/"]}]},{"@type":"BreadcrumbList","@id":"https:\/\/noaksark.org\/ostergotland\/om-oss\/personuppgiftspolicy-gdpr\/#breadcrumb","itemListElement":[{"@type":"ListItem","position":1,"name":"Home","item":"https:\/\/noaksark.org\/ostergotland\/"},{"@type":"ListItem","position":2,"name":"Om oss","item":"https:\/\/noaksark.org\/ostergotland\/om-oss\/"},{"@type":"ListItem","position":3,"name":"Personuppgiftspolicy (GDPR)"}]},{"@type":"WebSite","@id":"https:\/\/noaksark.org\/ostergotland\/#website","url":"https:\/\/noaksark.org\/ostergotland\/","name":"Noaks Ark \u00d6sterg\u00f6tland","description":"","potentialAction":[{"@type":"SearchAction","target":{"@type":"EntryPoint","urlTemplate":"https:\/\/noaksark.org\/ostergotland\/?s={search_term_string}"},"query-input":{"@type":"PropertyValueSpecification","valueRequired":true,"valueName":"search_term_string"}}],"inLanguage":"sv-SE"}]}},"_links":{"self":[{"href":"https:\/\/noaksark.org\/ostergotland\/wp-json\/wp\/v2\/pages\/568","targetHints":{"allow":["GET"]}}],"collection":[{"href":"https:\/\/noaksark.org\/ostergotland\/wp-json\/wp\/v2\/pages"}],"about":[{"href":"https:\/\/noaksark.org\/ostergotland\/wp-json\/wp\/v2\/types\/page"}],"author":[{"embeddable":true,"href":"https:\/\/noaksark.org\/ostergotland\/wp-json\/wp\/v2\/users\/27"}],"replies":[{"embeddable":true,"href":"https:\/\/noaksark.org\/ostergotland\/wp-json\/wp\/v2\/comments?post=568"}],"version-history":[{"count":1,"href":"https:\/\/noaksark.org\/ostergotland\/wp-json\/wp\/v2\/pages\/568\/revisions"}],"predecessor-version":[{"id":569,"href":"https:\/\/noaksark.org\/ostergotland\/wp-json\/wp\/v2\/pages\/568\/revisions\/569"}],"up":[{"embeddable":true,"href":"https:\/\/noaksark.org\/ostergotland\/wp-json\/wp\/v2\/pages\/94"}],"wp:attachment":[{"href":"https:\/\/noaksark.org\/ostergotland\/wp-json\/wp\/v2\/media?parent=568"}],"curies":[{"name":"wp","href":"https:\/\/api.w.org\/{rel}","templated":true}]}}