{"id":2,"date":"2022-11-22T10:34:06","date_gmt":"2022-11-22T10:34:06","guid":{"rendered":"https:\/\/noaksark.test\/ostergotland\/?page_id=2"},"modified":"2025-05-21T14:03:38","modified_gmt":"2025-05-21T12:03:38","slug":"hivtest","status":"publish","type":"page","link":"https:\/\/noaksark.org\/ostergotland\/hivtest\/","title":{"rendered":"Hivtest"},"content":{"rendered":"\n<h2 class=\"wp-block-heading\" id=\"h-pa-noaks-ark-ostergotland-kan-du-ta-ett-hiv-test-och-fa-svar-pa-20-minuter\">P\u00e5 Noaks Ark \u00d6sterg\u00f6tland kan du ta ett HIV-test <strong>och f\u00e5 svar p\u00e5 20 minuter<\/strong><\/h2>\n\n\n\n<p>Du kan komma och testa dig detta oavsett k\u00f6n, \u00e5lder eller \u201dgrad\u201d av riskbeteende. Du f\u00e5r vara anonym och hivtestet \u00e4r gratis.<\/p>\n\n\n\n<h2 class=\"wp-block-heading\">V\u00e4lj stad<\/h2>\n\n\n\n<div style=\"height:12px\" aria-hidden=\"true\" class=\"wp-block-spacer\"><\/div>\n\n\n\n<div class=\"wp-block-group col-lg-6 col-xl-4\"><div class=\"wp-block-group__inner-container is-layout-constrained wp-block-group-is-layout-constrained\">\n    <p class=\"text-end\">\n        <a href=\"https:\/\/noaksark.org\/ostergotland\/hivtest\/hivtest-norrkoping\/\" class=\"bootstrap-btn-block btn d-block btn-primary\">\n            Norrk\u00f6ping        <\/a>\n    <\/p>\n\n\n\n\n    <p class=\"text-start\">\n        <a href=\"https:\/\/noaksark.org\/ostergotland\/hivtest\/hivtest-linkoping\/\" class=\"bootstrap-btn-block btn d-block btn-primary\">\n            Link\u00f6ping        <\/a>\n    <\/p>\n\n<\/div><\/div>\n\n\n\n<p>Vill du komma i kontakt med v\u00e5r testmottagning?<br>maila <a href=\"mailto:testmottagningen.ostergotland@noaksark.org\">testmottagningen.ostergotland@noaksark.org<\/a><\/p>\n\n\n\n<p>Eller ring <a href=\"tel:0736836533\">073-6836533<\/a><\/p>\n\n\n\n<h2 class=\"wp-block-heading\">S\u00e5 g\u00e5r testet till:<\/h2>\n\n\n\n<p>Testet tas med ett stick i fingret varp\u00e5 blod samlas upp och stryks ut p\u00e5 en testremsa. Efter 20 min kan testresultatet avl\u00e4sas. Medan vi v\u00e4ntar p\u00e5 svaret har vi tid f\u00f6r samtal och fr\u00e5gor.<\/p>\n\n\n\n<h2 class=\"wp-block-heading\">Tidig diagnos viktig<\/h2>\n\n\n\n<p>Det \u00e4r viktigt att tidigt f\u00e5 veta om man har hiv eftersom det ger m\u00f6jlighet till b\u00e4ttre v\u00e5rd och behandling. Det bidrar \u00e4ven till minskad smittspridning. Hos oss kan du hivtesta dig enkelt, diskret och kostnadsfritt. P\u00e5 v\u00e5r mottagning finns erfaren personal p\u00e5 plats f\u00f6r&nbsp;<a href=\"https:\/\/noaksark.org\/ostergotland\/for-dig\/oro-och-angest\/\" target=\"_blank\" rel=\"noreferrer noopener\">samtal och st\u00f6d<\/a>. Du kan alltid testa dig hos Noaks Ark \u00d6sterg\u00f6tland oavsett k\u00f6n, \u00e5lder eller \u201dgrad\u201d av riskbeteende.<\/p>\n\n\n\n<h2 class=\"wp-block-heading\">V\u00e5ra tester<\/h2>\n\n\n\n<p>Vi anv\u00e4nder s\u00e5 kallade snabbsvarstester, vilket inneb\u00e4r ett stick i fingret och att du f\u00e5r ditt svar inom 20 minuter. Testerna som vi anv\u00e4nder \u2013&nbsp;<a href=\"https:\/\/www.globalpointofcare.abbott\/se\/sv\/product-details\/determine-hiv-early-detect.html\" target=\"_blank\" rel=\"noreferrer noopener\">Abbot Determine HIV Early Detect&nbsp;<\/a>\u2013 \u00e4r godk\u00e4nda av L\u00e4kemedelsverket och har samma tillf\u00f6rlitlighet som de tester som tas i armvecket och analyseras i ett laboratorium.<\/p>\n\n\n\n<h2 class=\"wp-block-heading\">Kan jag testa mig direkt efter risk?<\/h2>\n\n\n\n<p>Snabbtestet vi anv\u00e4nder reagerar p\u00e5 antikroppar mot hiv som hos de allra flesta kan uppt\u00e4ckas mellan tre till sex veckor efter smittillf\u00e4llet. Inom den svenska sjukv\u00e5rden finns riktlinjen att det ska ha g\u00e5tt \u00e5tta veckor efter risk f\u00f6r att testet ska ha st\u00f6rsta m\u00f6jliga s\u00e4kerhet. (Sex veckor vid laboratorie-baserade kombinationstester). Vi tycker inte att detta ska tolkas som att man m\u00e5ste v\u00e4nta s\u00e5 l\u00e5ngt tid efter risk med att testa sig. Vi f\u00f6rordar tidig testning \u00e4ven om testet kan beh\u00f6va kompletteras med ett senare taget test.<\/p>\n","protected":false},"excerpt":{"rendered":"<p>P\u00e5 Noaks Ark \u00d6sterg\u00f6tland kan du ta ett HIV-test och f\u00e5 svar p\u00e5 20 minuter Du kan komma och testa dig detta oavsett k\u00f6n, \u00e5lder eller \u201dgrad\u201d av riskbeteende. Du f\u00e5r vara anonym och hivtestet&#8230;<\/p>\n","protected":false},"author":27,"featured_media":292,"parent":0,"menu_order":0,"comment_status":"closed","ping_status":"open","template":"","meta":{"_acf_changed":false,"footnotes":""},"class_list":["post-2","page","type-page","status-publish","has-post-thumbnail","hentry"],"acf":[],"yoast_head":"<!-- This site is optimized with the Yoast SEO Premium plugin v27.5 (Yoast SEO v27.5) - https:\/\/yoast.com\/product\/yoast-seo-premium-wordpress\/ -->\n<title>Hivtest - Noaks Ark \u00d6sterg\u00f6tland<\/title>\n<meta name=\"description\" content=\"Hos oss kan du hivtesta dig enkelt, diskret &amp; gratis. Vi erbjuder hivtest med snabbsvar i Link\u00f6ping &amp; Norrk\u00f6ping. L\u00e4s mer p\u00e5 Noaksark.org\" \/>\n<meta name=\"robots\" content=\"index, follow, max-snippet:-1, max-image-preview:large, max-video-preview:-1\" \/>\n<link rel=\"canonical\" href=\"https:\/\/noaksark.org\/ostergotland\/hivtest\/\" \/>\n<meta property=\"og:locale\" content=\"sv_SE\" \/>\n<meta property=\"og:type\" content=\"article\" \/>\n<meta property=\"og:title\" content=\"Hivtest\" \/>\n<meta property=\"og:description\" content=\"Hos oss kan du hivtesta dig enkelt, diskret &amp; gratis. Vi erbjuder hivtest med snabbsvar i Link\u00f6ping &amp; Norrk\u00f6ping. L\u00e4s mer p\u00e5 Noaksark.org\" \/>\n<meta property=\"og:url\" content=\"https:\/\/noaksark.org\/ostergotland\/hivtest\/\" \/>\n<meta property=\"og:site_name\" content=\"Noaks Ark \u00d6sterg\u00f6tland\" \/>\n<meta property=\"article:modified_time\" content=\"2025-05-21T12:03:38+00:00\" \/>\n<meta property=\"og:image\" content=\"https:\/\/noaksark.org\/ostergotland\/wp-content\/uploads\/sites\/4\/2022\/12\/page-hero-ostergotland-hivtest-noaks-ark.jpg\" \/>\n\t<meta property=\"og:image:width\" content=\"1500\" \/>\n\t<meta property=\"og:image:height\" content=\"648\" \/>\n\t<meta property=\"og:image:type\" content=\"image\/jpeg\" \/>\n<meta name=\"twitter:card\" content=\"summary_large_image\" \/>\n<meta name=\"twitter:label1\" content=\"Ber\u00e4knad l\u00e4stid\" \/>\n\t<meta name=\"twitter:data1\" content=\"2 minuter\" \/>\n<script type=\"application\/ld+json\" class=\"yoast-schema-graph\">{\"@context\":\"https:\\\/\\\/schema.org\",\"@graph\":[{\"@type\":\"WebPage\",\"@id\":\"https:\\\/\\\/noaksark.org\\\/ostergotland\\\/hivtest\\\/\",\"url\":\"https:\\\/\\\/noaksark.org\\\/ostergotland\\\/hivtest\\\/\",\"name\":\"Hivtest - Noaks Ark \u00d6sterg\u00f6tland\",\"isPartOf\":{\"@id\":\"https:\\\/\\\/noaksark.org\\\/ostergotland\\\/#website\"},\"primaryImageOfPage\":{\"@id\":\"https:\\\/\\\/noaksark.org\\\/ostergotland\\\/hivtest\\\/#primaryimage\"},\"image\":{\"@id\":\"https:\\\/\\\/noaksark.org\\\/ostergotland\\\/hivtest\\\/#primaryimage\"},\"thumbnailUrl\":\"https:\\\/\\\/noaksark.org\\\/ostergotland\\\/wp-content\\\/uploads\\\/sites\\\/4\\\/2022\\\/12\\\/page-hero-ostergotland-hivtest-noaks-ark.jpg\",\"datePublished\":\"2022-11-22T10:34:06+00:00\",\"dateModified\":\"2025-05-21T12:03:38+00:00\",\"description\":\"Hos oss kan du hivtesta dig enkelt, diskret & gratis. Vi erbjuder hivtest med snabbsvar i Link\u00f6ping & Norrk\u00f6ping. L\u00e4s mer p\u00e5 Noaksark.org\",\"breadcrumb\":{\"@id\":\"https:\\\/\\\/noaksark.org\\\/ostergotland\\\/hivtest\\\/#breadcrumb\"},\"inLanguage\":\"sv-SE\",\"potentialAction\":[{\"@type\":\"ReadAction\",\"target\":[\"https:\\\/\\\/noaksark.org\\\/ostergotland\\\/hivtest\\\/\"]}]},{\"@type\":\"ImageObject\",\"inLanguage\":\"sv-SE\",\"@id\":\"https:\\\/\\\/noaksark.org\\\/ostergotland\\\/hivtest\\\/#primaryimage\",\"url\":\"https:\\\/\\\/noaksark.org\\\/ostergotland\\\/wp-content\\\/uploads\\\/sites\\\/4\\\/2022\\\/12\\\/page-hero-ostergotland-hivtest-noaks-ark.jpg\",\"contentUrl\":\"https:\\\/\\\/noaksark.org\\\/ostergotland\\\/wp-content\\\/uploads\\\/sites\\\/4\\\/2022\\\/12\\\/page-hero-ostergotland-hivtest-noaks-ark.jpg\",\"width\":1500,\"height\":648,\"caption\":\"Noak Ark \u00d6sterg\u00f6tland - Hivtest\"},{\"@type\":\"BreadcrumbList\",\"@id\":\"https:\\\/\\\/noaksark.org\\\/ostergotland\\\/hivtest\\\/#breadcrumb\",\"itemListElement\":[{\"@type\":\"ListItem\",\"position\":1,\"name\":\"Home\",\"item\":\"https:\\\/\\\/noaksark.org\\\/ostergotland\\\/\"},{\"@type\":\"ListItem\",\"position\":2,\"name\":\"Hivtest\"}]},{\"@type\":\"WebSite\",\"@id\":\"https:\\\/\\\/noaksark.org\\\/ostergotland\\\/#website\",\"url\":\"https:\\\/\\\/noaksark.org\\\/ostergotland\\\/\",\"name\":\"Noaks Ark \u00d6sterg\u00f6tland\",\"description\":\"\",\"potentialAction\":[{\"@type\":\"SearchAction\",\"target\":{\"@type\":\"EntryPoint\",\"urlTemplate\":\"https:\\\/\\\/noaksark.org\\\/ostergotland\\\/?s={search_term_string}\"},\"query-input\":{\"@type\":\"PropertyValueSpecification\",\"valueRequired\":true,\"valueName\":\"search_term_string\"}}],\"inLanguage\":\"sv-SE\"}]}<\/script>\n<!-- \/ Yoast SEO Premium plugin. -->","yoast_head_json":{"title":"Hivtest - Noaks Ark \u00d6sterg\u00f6tland","description":"Hos oss kan du hivtesta dig enkelt, diskret & gratis. Vi erbjuder hivtest med snabbsvar i Link\u00f6ping & Norrk\u00f6ping. L\u00e4s mer p\u00e5 Noaksark.org","robots":{"index":"index","follow":"follow","max-snippet":"max-snippet:-1","max-image-preview":"max-image-preview:large","max-video-preview":"max-video-preview:-1"},"canonical":"https:\/\/noaksark.org\/ostergotland\/hivtest\/","og_locale":"sv_SE","og_type":"article","og_title":"Hivtest","og_description":"Hos oss kan du hivtesta dig enkelt, diskret & gratis. Vi erbjuder hivtest med snabbsvar i Link\u00f6ping & Norrk\u00f6ping. L\u00e4s mer p\u00e5 Noaksark.org","og_url":"https:\/\/noaksark.org\/ostergotland\/hivtest\/","og_site_name":"Noaks Ark \u00d6sterg\u00f6tland","article_modified_time":"2025-05-21T12:03:38+00:00","og_image":[{"width":1500,"height":648,"url":"https:\/\/noaksark.org\/ostergotland\/wp-content\/uploads\/sites\/4\/2022\/12\/page-hero-ostergotland-hivtest-noaks-ark.jpg","type":"image\/jpeg"}],"twitter_card":"summary_large_image","twitter_misc":{"Ber\u00e4knad l\u00e4stid":"2 minuter"},"schema":{"@context":"https:\/\/schema.org","@graph":[{"@type":"WebPage","@id":"https:\/\/noaksark.org\/ostergotland\/hivtest\/","url":"https:\/\/noaksark.org\/ostergotland\/hivtest\/","name":"Hivtest - Noaks Ark \u00d6sterg\u00f6tland","isPartOf":{"@id":"https:\/\/noaksark.org\/ostergotland\/#website"},"primaryImageOfPage":{"@id":"https:\/\/noaksark.org\/ostergotland\/hivtest\/#primaryimage"},"image":{"@id":"https:\/\/noaksark.org\/ostergotland\/hivtest\/#primaryimage"},"thumbnailUrl":"https:\/\/noaksark.org\/ostergotland\/wp-content\/uploads\/sites\/4\/2022\/12\/page-hero-ostergotland-hivtest-noaks-ark.jpg","datePublished":"2022-11-22T10:34:06+00:00","dateModified":"2025-05-21T12:03:38+00:00","description":"Hos oss kan du hivtesta dig enkelt, diskret & gratis. Vi erbjuder hivtest med snabbsvar i Link\u00f6ping & Norrk\u00f6ping. L\u00e4s mer p\u00e5 Noaksark.org","breadcrumb":{"@id":"https:\/\/noaksark.org\/ostergotland\/hivtest\/#breadcrumb"},"inLanguage":"sv-SE","potentialAction":[{"@type":"ReadAction","target":["https:\/\/noaksark.org\/ostergotland\/hivtest\/"]}]},{"@type":"ImageObject","inLanguage":"sv-SE","@id":"https:\/\/noaksark.org\/ostergotland\/hivtest\/#primaryimage","url":"https:\/\/noaksark.org\/ostergotland\/wp-content\/uploads\/sites\/4\/2022\/12\/page-hero-ostergotland-hivtest-noaks-ark.jpg","contentUrl":"https:\/\/noaksark.org\/ostergotland\/wp-content\/uploads\/sites\/4\/2022\/12\/page-hero-ostergotland-hivtest-noaks-ark.jpg","width":1500,"height":648,"caption":"Noak Ark \u00d6sterg\u00f6tland - Hivtest"},{"@type":"BreadcrumbList","@id":"https:\/\/noaksark.org\/ostergotland\/hivtest\/#breadcrumb","itemListElement":[{"@type":"ListItem","position":1,"name":"Home","item":"https:\/\/noaksark.org\/ostergotland\/"},{"@type":"ListItem","position":2,"name":"Hivtest"}]},{"@type":"WebSite","@id":"https:\/\/noaksark.org\/ostergotland\/#website","url":"https:\/\/noaksark.org\/ostergotland\/","name":"Noaks Ark \u00d6sterg\u00f6tland","description":"","potentialAction":[{"@type":"SearchAction","target":{"@type":"EntryPoint","urlTemplate":"https:\/\/noaksark.org\/ostergotland\/?s={search_term_string}"},"query-input":{"@type":"PropertyValueSpecification","valueRequired":true,"valueName":"search_term_string"}}],"inLanguage":"sv-SE"}]}},"_links":{"self":[{"href":"https:\/\/noaksark.org\/ostergotland\/wp-json\/wp\/v2\/pages\/2","targetHints":{"allow":["GET"]}}],"collection":[{"href":"https:\/\/noaksark.org\/ostergotland\/wp-json\/wp\/v2\/pages"}],"about":[{"href":"https:\/\/noaksark.org\/ostergotland\/wp-json\/wp\/v2\/types\/page"}],"author":[{"embeddable":true,"href":"https:\/\/noaksark.org\/ostergotland\/wp-json\/wp\/v2\/users\/27"}],"replies":[{"embeddable":true,"href":"https:\/\/noaksark.org\/ostergotland\/wp-json\/wp\/v2\/comments?post=2"}],"version-history":[{"count":47,"href":"https:\/\/noaksark.org\/ostergotland\/wp-json\/wp\/v2\/pages\/2\/revisions"}],"predecessor-version":[{"id":1064,"href":"https:\/\/noaksark.org\/ostergotland\/wp-json\/wp\/v2\/pages\/2\/revisions\/1064"}],"wp:featuredmedia":[{"embeddable":true,"href":"https:\/\/noaksark.org\/ostergotland\/wp-json\/wp\/v2\/media\/292"}],"wp:attachment":[{"href":"https:\/\/noaksark.org\/ostergotland\/wp-json\/wp\/v2\/media?parent=2"}],"curies":[{"name":"wp","href":"https:\/\/api.w.org\/{rel}","templated":true}]}}