{"id":122,"date":"2022-11-22T12:41:46","date_gmt":"2022-11-22T12:41:46","guid":{"rendered":"https:\/\/noaksark.test\/ostergotland\/?page_id=122"},"modified":"2024-04-26T09:53:43","modified_gmt":"2024-04-26T08:53:43","slug":"oro-och-angest","status":"publish","type":"page","link":"https:\/\/noaksark.org\/ostergotland\/for-dig\/oro-och-angest\/","title":{"rendered":"Oro och \u00e5ngest"},"content":{"rendered":"\n<p>Vi som arbetar h\u00e4r i Noaks Ark \u00d6sterg\u00f6tland samtalar ofta med personer som ringer f\u00f6r att de beh\u00f6ver prata med n\u00e5gon om sin r\u00e4dsla f\u00f6r hiv. Oavsett om det finns en risk eller inte k\u00e4nner dessa personer en mycket stark oro eller \u00e5ngest \u00f6ver att ha blivit smittade. F\u00f6r vissa \u00e4r \u00e5ngesten s\u00e5 handikappande att de inte klarar av att sk\u00f6ta sitt arbete eller sina studier. En del personer sjukskriver sig och en del ber\u00e4ttar att de har f\u00e5tt sj\u00e4lvmordstankar. All tid g\u00e5r \u00e5t till att oroa sig, att unders\u00f6ka sin kropp och vara uppm\u00e4rksam p\u00e5 symtom och till att s\u00f6ka information p\u00e5 n\u00e4tet. Detta beteende leder ofr\u00e5nkomligen till att \u00e5ngesten ytterligare stegras.<\/p>\n\n\n\n<p><strong>Hur fungerar \u00e5ngest?<\/strong><\/p>\n\n\n\n<p>N\u00e4r vi drabbas av \u00e5ngest f\u00f6r n\u00e5gonting, till exempel en stark r\u00e4dsla f\u00f6r att ha f\u00e5tt en allvarlig sjukdom, b\u00f6rjar v\u00e5r hj\u00e4rna att g\u00e5 p\u00e5 h\u00f6gvarv och vi blir vaksamma p\u00e5 allt som bekr\u00e4ftar att r\u00e4dslan \u00e4r befogad. Vi f\u00e5r ett selektivt t\u00e4nkande, blir sj\u00e4lvfokuserade, \u00e4ltar och g\u00f6r tankefel. H\u00e4ndelsen som v\u00e4ckt \u00e5ngesten g\u00f6r att vi kan f\u00e5 oerh\u00f6rt starka k\u00e4nslor av r\u00e4dsla, ilska, sorg, skam och skuld. Om vi dessutom \u00e5ngrar och anklagar oss f\u00f6r det som h\u00e4nt, kan m\u00e5nga av oss ocks\u00e5 f\u00e5 ett mer eller mindre omedvetet strafft\u00e4nkande. Handlar det om att vi varit otrogna, blir vi livr\u00e4dda f\u00f6r att smitta v\u00e5r partner eller v\u00e5ra barn. Det \u00e4r vanligt att vi ocks\u00e5 b\u00f6rjar se symtom hos partnern eller barnen, symtom som v\u00e5r hj\u00e4rna g\u00f6r om till tydliga tecken p\u00e5 hiv. Vi blir \u00f6vertygade om att det som vi \u00e4r mest r\u00e4dda f\u00f6r har intr\u00e4ffat och den del av v\u00e5r hj\u00e4rna som kan t\u00e4nka rationellt och logiskt sl\u00e5s fullst\u00e4ndigt ut.<\/p>\n\n\n\n<p><strong>Testa sig?<\/strong><\/p>\n\n\n\n<p>Om \u00e5ngesten och tankarna kring hiv blir s\u00e5 h\u00e4r outh\u00e4rdliga, anser vi att man ska vara sn\u00e4ll mot sig sj\u00e4lv och <a href=\"https:\/\/noaksark.org\/ostergotland\/hivtest\/\">g\u00e5 och testa sig<\/a>. Detta oavsett om det finns ett risktillf\u00e4lle eller inte.<\/p>\n","protected":false},"excerpt":{"rendered":"<p>Vi som arbetar h\u00e4r i Noaks Ark \u00d6sterg\u00f6tland samtalar ofta med personer som ringer f\u00f6r att de beh\u00f6ver prata med n\u00e5gon om sin r\u00e4dsla f\u00f6r hiv. Oavsett om det finns en risk eller inte k\u00e4nner&#8230;<\/p>\n","protected":false},"author":27,"featured_media":0,"parent":90,"menu_order":0,"comment_status":"closed","ping_status":"closed","template":"","meta":{"_acf_changed":false,"footnotes":""},"class_list":["post-122","page","type-page","status-publish","hentry"],"acf":[],"yoast_head":"<!-- This site is optimized with the Yoast SEO Premium plugin v27.5 (Yoast SEO v27.5) - https:\/\/yoast.com\/product\/yoast-seo-premium-wordpress\/ -->\n<title>Oro och \u00e5ngest hiv - Noaks Ark \u00d6sterg\u00f6tland<\/title>\n<meta name=\"description\" content=\"Vi p\u00e5 Noaks Ark \u00d6sterg\u00f6tland samtalar ofta med personer som ringer f\u00f6r att de beh\u00f6ver prata med n\u00e5gon om sin r\u00e4dsla eller \u00e5ngest f\u00f6r hiv.\" \/>\n<meta name=\"robots\" content=\"index, follow, max-snippet:-1, max-image-preview:large, max-video-preview:-1\" \/>\n<link rel=\"canonical\" href=\"https:\/\/noaksark.org\/ostergotland\/for-dig\/oro-och-angest\/\" \/>\n<meta property=\"og:locale\" content=\"sv_SE\" \/>\n<meta property=\"og:type\" content=\"article\" \/>\n<meta property=\"og:title\" content=\"Oro och \u00e5ngest\" \/>\n<meta property=\"og:description\" content=\"Vi p\u00e5 Noaks Ark \u00d6sterg\u00f6tland samtalar ofta med personer som ringer f\u00f6r att de beh\u00f6ver prata med n\u00e5gon om sin r\u00e4dsla eller \u00e5ngest f\u00f6r hiv.\" \/>\n<meta property=\"og:url\" content=\"https:\/\/noaksark.org\/ostergotland\/for-dig\/oro-och-angest\/\" \/>\n<meta property=\"og:site_name\" content=\"Noaks Ark \u00d6sterg\u00f6tland\" \/>\n<meta property=\"article:modified_time\" content=\"2024-04-26T08:53:43+00:00\" \/>\n<meta name=\"twitter:card\" content=\"summary_large_image\" \/>\n<meta name=\"twitter:label1\" content=\"Ber\u00e4knad l\u00e4stid\" \/>\n\t<meta name=\"twitter:data1\" content=\"2 minuter\" \/>\n<script type=\"application\/ld+json\" class=\"yoast-schema-graph\">{\"@context\":\"https:\\\/\\\/schema.org\",\"@graph\":[{\"@type\":\"WebPage\",\"@id\":\"https:\\\/\\\/noaksark.org\\\/ostergotland\\\/for-dig\\\/oro-och-angest\\\/\",\"url\":\"https:\\\/\\\/noaksark.org\\\/ostergotland\\\/for-dig\\\/oro-och-angest\\\/\",\"name\":\"Oro och \u00e5ngest hiv - Noaks Ark \u00d6sterg\u00f6tland\",\"isPartOf\":{\"@id\":\"https:\\\/\\\/noaksark.org\\\/ostergotland\\\/#website\"},\"datePublished\":\"2022-11-22T12:41:46+00:00\",\"dateModified\":\"2024-04-26T08:53:43+00:00\",\"description\":\"Vi p\u00e5 Noaks Ark \u00d6sterg\u00f6tland samtalar ofta med personer som ringer f\u00f6r att de beh\u00f6ver prata med n\u00e5gon om sin r\u00e4dsla eller \u00e5ngest f\u00f6r hiv.\",\"breadcrumb\":{\"@id\":\"https:\\\/\\\/noaksark.org\\\/ostergotland\\\/for-dig\\\/oro-och-angest\\\/#breadcrumb\"},\"inLanguage\":\"sv-SE\",\"potentialAction\":[{\"@type\":\"ReadAction\",\"target\":[\"https:\\\/\\\/noaksark.org\\\/ostergotland\\\/for-dig\\\/oro-och-angest\\\/\"]}]},{\"@type\":\"BreadcrumbList\",\"@id\":\"https:\\\/\\\/noaksark.org\\\/ostergotland\\\/for-dig\\\/oro-och-angest\\\/#breadcrumb\",\"itemListElement\":[{\"@type\":\"ListItem\",\"position\":1,\"name\":\"Home\",\"item\":\"https:\\\/\\\/noaksark.org\\\/ostergotland\\\/\"},{\"@type\":\"ListItem\",\"position\":2,\"name\":\"F\u00f6r dig\",\"item\":\"https:\\\/\\\/noaksark.org\\\/ostergotland\\\/for-dig\\\/\"},{\"@type\":\"ListItem\",\"position\":3,\"name\":\"Oro och \u00e5ngest\"}]},{\"@type\":\"WebSite\",\"@id\":\"https:\\\/\\\/noaksark.org\\\/ostergotland\\\/#website\",\"url\":\"https:\\\/\\\/noaksark.org\\\/ostergotland\\\/\",\"name\":\"Noaks Ark \u00d6sterg\u00f6tland\",\"description\":\"\",\"potentialAction\":[{\"@type\":\"SearchAction\",\"target\":{\"@type\":\"EntryPoint\",\"urlTemplate\":\"https:\\\/\\\/noaksark.org\\\/ostergotland\\\/?s={search_term_string}\"},\"query-input\":{\"@type\":\"PropertyValueSpecification\",\"valueRequired\":true,\"valueName\":\"search_term_string\"}}],\"inLanguage\":\"sv-SE\"}]}<\/script>\n<!-- \/ Yoast SEO Premium plugin. -->","yoast_head_json":{"title":"Oro och \u00e5ngest hiv - Noaks Ark \u00d6sterg\u00f6tland","description":"Vi p\u00e5 Noaks Ark \u00d6sterg\u00f6tland samtalar ofta med personer som ringer f\u00f6r att de beh\u00f6ver prata med n\u00e5gon om sin r\u00e4dsla eller \u00e5ngest f\u00f6r hiv.","robots":{"index":"index","follow":"follow","max-snippet":"max-snippet:-1","max-image-preview":"max-image-preview:large","max-video-preview":"max-video-preview:-1"},"canonical":"https:\/\/noaksark.org\/ostergotland\/for-dig\/oro-och-angest\/","og_locale":"sv_SE","og_type":"article","og_title":"Oro och \u00e5ngest","og_description":"Vi p\u00e5 Noaks Ark \u00d6sterg\u00f6tland samtalar ofta med personer som ringer f\u00f6r att de beh\u00f6ver prata med n\u00e5gon om sin r\u00e4dsla eller \u00e5ngest f\u00f6r hiv.","og_url":"https:\/\/noaksark.org\/ostergotland\/for-dig\/oro-och-angest\/","og_site_name":"Noaks Ark \u00d6sterg\u00f6tland","article_modified_time":"2024-04-26T08:53:43+00:00","twitter_card":"summary_large_image","twitter_misc":{"Ber\u00e4knad l\u00e4stid":"2 minuter"},"schema":{"@context":"https:\/\/schema.org","@graph":[{"@type":"WebPage","@id":"https:\/\/noaksark.org\/ostergotland\/for-dig\/oro-och-angest\/","url":"https:\/\/noaksark.org\/ostergotland\/for-dig\/oro-och-angest\/","name":"Oro och \u00e5ngest hiv - Noaks Ark \u00d6sterg\u00f6tland","isPartOf":{"@id":"https:\/\/noaksark.org\/ostergotland\/#website"},"datePublished":"2022-11-22T12:41:46+00:00","dateModified":"2024-04-26T08:53:43+00:00","description":"Vi p\u00e5 Noaks Ark \u00d6sterg\u00f6tland samtalar ofta med personer som ringer f\u00f6r att de beh\u00f6ver prata med n\u00e5gon om sin r\u00e4dsla eller \u00e5ngest f\u00f6r hiv.","breadcrumb":{"@id":"https:\/\/noaksark.org\/ostergotland\/for-dig\/oro-och-angest\/#breadcrumb"},"inLanguage":"sv-SE","potentialAction":[{"@type":"ReadAction","target":["https:\/\/noaksark.org\/ostergotland\/for-dig\/oro-och-angest\/"]}]},{"@type":"BreadcrumbList","@id":"https:\/\/noaksark.org\/ostergotland\/for-dig\/oro-och-angest\/#breadcrumb","itemListElement":[{"@type":"ListItem","position":1,"name":"Home","item":"https:\/\/noaksark.org\/ostergotland\/"},{"@type":"ListItem","position":2,"name":"F\u00f6r dig","item":"https:\/\/noaksark.org\/ostergotland\/for-dig\/"},{"@type":"ListItem","position":3,"name":"Oro och \u00e5ngest"}]},{"@type":"WebSite","@id":"https:\/\/noaksark.org\/ostergotland\/#website","url":"https:\/\/noaksark.org\/ostergotland\/","name":"Noaks Ark \u00d6sterg\u00f6tland","description":"","potentialAction":[{"@type":"SearchAction","target":{"@type":"EntryPoint","urlTemplate":"https:\/\/noaksark.org\/ostergotland\/?s={search_term_string}"},"query-input":{"@type":"PropertyValueSpecification","valueRequired":true,"valueName":"search_term_string"}}],"inLanguage":"sv-SE"}]}},"_links":{"self":[{"href":"https:\/\/noaksark.org\/ostergotland\/wp-json\/wp\/v2\/pages\/122","targetHints":{"allow":["GET"]}}],"collection":[{"href":"https:\/\/noaksark.org\/ostergotland\/wp-json\/wp\/v2\/pages"}],"about":[{"href":"https:\/\/noaksark.org\/ostergotland\/wp-json\/wp\/v2\/types\/page"}],"author":[{"embeddable":true,"href":"https:\/\/noaksark.org\/ostergotland\/wp-json\/wp\/v2\/users\/27"}],"replies":[{"embeddable":true,"href":"https:\/\/noaksark.org\/ostergotland\/wp-json\/wp\/v2\/comments?post=122"}],"version-history":[{"count":2,"href":"https:\/\/noaksark.org\/ostergotland\/wp-json\/wp\/v2\/pages\/122\/revisions"}],"predecessor-version":[{"id":808,"href":"https:\/\/noaksark.org\/ostergotland\/wp-json\/wp\/v2\/pages\/122\/revisions\/808"}],"up":[{"embeddable":true,"href":"https:\/\/noaksark.org\/ostergotland\/wp-json\/wp\/v2\/pages\/90"}],"wp:attachment":[{"href":"https:\/\/noaksark.org\/ostergotland\/wp-json\/wp\/v2\/media?parent=122"}],"curies":[{"name":"wp","href":"https:\/\/api.w.org\/{rel}","templated":true}]}}