{"id":118,"date":"2022-11-22T12:40:25","date_gmt":"2022-11-22T12:40:25","guid":{"rendered":"https:\/\/noaksark.test\/ostergotland\/?page_id=118"},"modified":"2023-06-09T08:22:24","modified_gmt":"2023-06-09T07:22:24","slug":"aktivitet-familj","status":"publish","type":"page","link":"https:\/\/noaksark.org\/ostergotland\/for-dig\/aktivitet-familj\/","title":{"rendered":"Aktivitet familj"},"content":{"rendered":"\n<p>Vi arrangerar \u00e5rligen flera familjeaktiviteter som fr\u00e4mst riktar sig till hivpositiva barnfamiljer. V\u00e4ldigt m\u00e5nga hivpositiva och anh\u00f6riga uppskattar att vi anordnar aktiviteter d\u00e4r m\u00e4nniskor med barn l\u00e4ttare kan medverka. Viktiga kontakter knyts som leder till att livskvalit\u00e9n \u00f6kar och isoleringen minskar.<\/p>\n","protected":false},"excerpt":{"rendered":"<p>Vi arrangerar \u00e5rligen flera familjeaktiviteter som fr\u00e4mst riktar sig till hivpositiva barnfamiljer. V\u00e4ldigt m\u00e5nga hivpositiva och anh\u00f6riga uppskattar att vi anordnar aktiviteter d\u00e4r m\u00e4nniskor med barn l\u00e4ttare kan medverka. Viktiga kontakter knyts som leder till&#8230;<\/p>\n","protected":false},"author":27,"featured_media":0,"parent":90,"menu_order":0,"comment_status":"closed","ping_status":"closed","template":"","meta":{"_acf_changed":false,"footnotes":""},"class_list":["post-118","page","type-page","status-publish","hentry"],"acf":[],"yoast_head":"<!-- This site is optimized with the Yoast SEO Premium plugin v27.3 (Yoast SEO v27.4) - https:\/\/yoast.com\/product\/yoast-seo-premium-wordpress\/ -->\n<title>Aktivitet familj - Noaks Ark \u00d6sterg\u00f6tland<\/title>\n<meta name=\"robots\" content=\"index, follow, max-snippet:-1, max-image-preview:large, max-video-preview:-1\" \/>\n<link rel=\"canonical\" href=\"https:\/\/noaksark.org\/ostergotland\/for-dig\/aktivitet-familj\/\" \/>\n<meta property=\"og:locale\" content=\"sv_SE\" \/>\n<meta property=\"og:type\" content=\"article\" \/>\n<meta property=\"og:title\" content=\"Aktivitet familj\" \/>\n<meta property=\"og:description\" content=\"Vi arrangerar \u00e5rligen flera familjeaktiviteter som fr\u00e4mst riktar sig till hivpositiva barnfamiljer. V\u00e4ldigt m\u00e5nga hivpositiva och anh\u00f6riga uppskattar att vi anordnar aktiviteter d\u00e4r m\u00e4nniskor med barn l\u00e4ttare kan medverka. Viktiga kontakter knyts som leder till...\" \/>\n<meta property=\"og:url\" content=\"https:\/\/noaksark.org\/ostergotland\/for-dig\/aktivitet-familj\/\" \/>\n<meta property=\"og:site_name\" content=\"Noaks Ark \u00d6sterg\u00f6tland\" \/>\n<meta property=\"article:modified_time\" content=\"2023-06-09T07:22:24+00:00\" \/>\n<meta name=\"twitter:card\" content=\"summary_large_image\" \/>\n<meta name=\"twitter:label1\" content=\"Ber\u00e4knad l\u00e4stid\" \/>\n\t<meta name=\"twitter:data1\" content=\"1 minut\" \/>\n<script type=\"application\/ld+json\" class=\"yoast-schema-graph\">{\"@context\":\"https:\\\/\\\/schema.org\",\"@graph\":[{\"@type\":\"WebPage\",\"@id\":\"https:\\\/\\\/noaksark.org\\\/ostergotland\\\/for-dig\\\/aktivitet-familj\\\/\",\"url\":\"https:\\\/\\\/noaksark.org\\\/ostergotland\\\/for-dig\\\/aktivitet-familj\\\/\",\"name\":\"Aktivitet familj - Noaks Ark \u00d6sterg\u00f6tland\",\"isPartOf\":{\"@id\":\"https:\\\/\\\/noaksark.org\\\/ostergotland\\\/#website\"},\"datePublished\":\"2022-11-22T12:40:25+00:00\",\"dateModified\":\"2023-06-09T07:22:24+00:00\",\"breadcrumb\":{\"@id\":\"https:\\\/\\\/noaksark.org\\\/ostergotland\\\/for-dig\\\/aktivitet-familj\\\/#breadcrumb\"},\"inLanguage\":\"sv-SE\",\"potentialAction\":[{\"@type\":\"ReadAction\",\"target\":[\"https:\\\/\\\/noaksark.org\\\/ostergotland\\\/for-dig\\\/aktivitet-familj\\\/\"]}]},{\"@type\":\"BreadcrumbList\",\"@id\":\"https:\\\/\\\/noaksark.org\\\/ostergotland\\\/for-dig\\\/aktivitet-familj\\\/#breadcrumb\",\"itemListElement\":[{\"@type\":\"ListItem\",\"position\":1,\"name\":\"Home\",\"item\":\"https:\\\/\\\/noaksark.org\\\/ostergotland\\\/\"},{\"@type\":\"ListItem\",\"position\":2,\"name\":\"F\u00f6r dig\",\"item\":\"https:\\\/\\\/noaksark.org\\\/ostergotland\\\/for-dig\\\/\"},{\"@type\":\"ListItem\",\"position\":3,\"name\":\"Aktivitet familj\"}]},{\"@type\":\"WebSite\",\"@id\":\"https:\\\/\\\/noaksark.org\\\/ostergotland\\\/#website\",\"url\":\"https:\\\/\\\/noaksark.org\\\/ostergotland\\\/\",\"name\":\"Noaks Ark \u00d6sterg\u00f6tland\",\"description\":\"\",\"potentialAction\":[{\"@type\":\"SearchAction\",\"target\":{\"@type\":\"EntryPoint\",\"urlTemplate\":\"https:\\\/\\\/noaksark.org\\\/ostergotland\\\/?s={search_term_string}\"},\"query-input\":{\"@type\":\"PropertyValueSpecification\",\"valueRequired\":true,\"valueName\":\"search_term_string\"}}],\"inLanguage\":\"sv-SE\"}]}<\/script>\n<!-- \/ Yoast SEO Premium plugin. -->","yoast_head_json":{"title":"Aktivitet familj - Noaks Ark \u00d6sterg\u00f6tland","robots":{"index":"index","follow":"follow","max-snippet":"max-snippet:-1","max-image-preview":"max-image-preview:large","max-video-preview":"max-video-preview:-1"},"canonical":"https:\/\/noaksark.org\/ostergotland\/for-dig\/aktivitet-familj\/","og_locale":"sv_SE","og_type":"article","og_title":"Aktivitet familj","og_description":"Vi arrangerar \u00e5rligen flera familjeaktiviteter som fr\u00e4mst riktar sig till hivpositiva barnfamiljer. V\u00e4ldigt m\u00e5nga hivpositiva och anh\u00f6riga uppskattar att vi anordnar aktiviteter d\u00e4r m\u00e4nniskor med barn l\u00e4ttare kan medverka. Viktiga kontakter knyts som leder till...","og_url":"https:\/\/noaksark.org\/ostergotland\/for-dig\/aktivitet-familj\/","og_site_name":"Noaks Ark \u00d6sterg\u00f6tland","article_modified_time":"2023-06-09T07:22:24+00:00","twitter_card":"summary_large_image","twitter_misc":{"Ber\u00e4knad l\u00e4stid":"1 minut"},"schema":{"@context":"https:\/\/schema.org","@graph":[{"@type":"WebPage","@id":"https:\/\/noaksark.org\/ostergotland\/for-dig\/aktivitet-familj\/","url":"https:\/\/noaksark.org\/ostergotland\/for-dig\/aktivitet-familj\/","name":"Aktivitet familj - Noaks Ark \u00d6sterg\u00f6tland","isPartOf":{"@id":"https:\/\/noaksark.org\/ostergotland\/#website"},"datePublished":"2022-11-22T12:40:25+00:00","dateModified":"2023-06-09T07:22:24+00:00","breadcrumb":{"@id":"https:\/\/noaksark.org\/ostergotland\/for-dig\/aktivitet-familj\/#breadcrumb"},"inLanguage":"sv-SE","potentialAction":[{"@type":"ReadAction","target":["https:\/\/noaksark.org\/ostergotland\/for-dig\/aktivitet-familj\/"]}]},{"@type":"BreadcrumbList","@id":"https:\/\/noaksark.org\/ostergotland\/for-dig\/aktivitet-familj\/#breadcrumb","itemListElement":[{"@type":"ListItem","position":1,"name":"Home","item":"https:\/\/noaksark.org\/ostergotland\/"},{"@type":"ListItem","position":2,"name":"F\u00f6r dig","item":"https:\/\/noaksark.org\/ostergotland\/for-dig\/"},{"@type":"ListItem","position":3,"name":"Aktivitet familj"}]},{"@type":"WebSite","@id":"https:\/\/noaksark.org\/ostergotland\/#website","url":"https:\/\/noaksark.org\/ostergotland\/","name":"Noaks Ark \u00d6sterg\u00f6tland","description":"","potentialAction":[{"@type":"SearchAction","target":{"@type":"EntryPoint","urlTemplate":"https:\/\/noaksark.org\/ostergotland\/?s={search_term_string}"},"query-input":{"@type":"PropertyValueSpecification","valueRequired":true,"valueName":"search_term_string"}}],"inLanguage":"sv-SE"}]}},"_links":{"self":[{"href":"https:\/\/noaksark.org\/ostergotland\/wp-json\/wp\/v2\/pages\/118","targetHints":{"allow":["GET"]}}],"collection":[{"href":"https:\/\/noaksark.org\/ostergotland\/wp-json\/wp\/v2\/pages"}],"about":[{"href":"https:\/\/noaksark.org\/ostergotland\/wp-json\/wp\/v2\/types\/page"}],"author":[{"embeddable":true,"href":"https:\/\/noaksark.org\/ostergotland\/wp-json\/wp\/v2\/users\/27"}],"replies":[{"embeddable":true,"href":"https:\/\/noaksark.org\/ostergotland\/wp-json\/wp\/v2\/comments?post=118"}],"version-history":[{"count":2,"href":"https:\/\/noaksark.org\/ostergotland\/wp-json\/wp\/v2\/pages\/118\/revisions"}],"predecessor-version":[{"id":587,"href":"https:\/\/noaksark.org\/ostergotland\/wp-json\/wp\/v2\/pages\/118\/revisions\/587"}],"up":[{"embeddable":true,"href":"https:\/\/noaksark.org\/ostergotland\/wp-json\/wp\/v2\/pages\/90"}],"wp:attachment":[{"href":"https:\/\/noaksark.org\/ostergotland\/wp-json\/wp\/v2\/media?parent=118"}],"curies":[{"name":"wp","href":"https:\/\/api.w.org\/{rel}","templated":true}]}}