{"id":112,"date":"2022-11-22T12:36:55","date_gmt":"2022-11-22T12:36:55","guid":{"rendered":"https:\/\/noaksark.test\/ostergotland\/?page_id=112"},"modified":"2025-05-21T14:06:15","modified_gmt":"2025-05-21T12:06:15","slug":"nar-du-precis-fatt-diagnosen","status":"publish","type":"page","link":"https:\/\/noaksark.org\/ostergotland\/for-dig\/nar-du-precis-fatt-diagnosen\/","title":{"rendered":"N\u00e4r du precis f\u00e5tt diagnosen"},"content":{"rendered":"\n<p><strong><a href=\"https:\/\/noaksark.org\/ostergotland\/for-dig\/nar-du-precis-fatt-diagnosen\/\">Om du precis har f\u00e5tt reda p\u00e5 att du har hiv<\/a>, \u00e4r det inte konstigt om du skulle k\u00e4nna dig uppr\u00f6rd och ha massor av fr\u00e5gor. I ett s\u00e5dant tillst\u00e5nd kan det k\u00e4nnas viktigt att f\u00e5 dela med sig till andra i sin omgivning. En del upplever det som en befrielse att f\u00e5 vara den man \u00e4r, utan att d\u00f6lja n\u00e5got. Andra reagerar precis tv\u00e4rtom och sluter sig med sin hemlighet. Oavsett vem du \u00e4r \u2013 du beh\u00f6ver inte ber\u00e4tta om du inte sj\u00e4lv vill. Arbetsgivare, skola eller arbetsf\u00f6rmedling beh\u00f6ver inte veta. Det \u00e4r bara i speciella situationer som du enligt Smittskyddslagen har skyldighet att informera om att du har hiv, (se nedan).<\/strong><\/p>\n\n\n\n<p>Vill du i lugn och ro diskutera detta med n\u00e5gon kan du prata med oss p\u00e5 Noaks Ark. Vill du vara anonym kan du ringa Noaks Ark Direkt <a href=\"tel:020784440\">020-78 44 40<\/a> eller direkt till Noaks Ark \u00d6sterg\u00f6tland <a href=\"tel:0736836533\">073-683 65 33<\/a>. Vi finns f\u00f6r dig.<\/p>\n\n\n\n<h2 class=\"wp-block-heading\" id=\"h-bekanta-dig-med-din-nya-situation\">Bekanta dig med din nya situation<\/h2>\n\n\n\n<p>F\u00f6r de allra flesta \u00e4r det enklare att ta beslut n\u00e4r man har haft tid att t\u00e4nka igenom saker och ting, bekantat sig med sin nya situation och se vilka olika val man har, om eller vem man vill ber\u00e4tta f\u00f6r.<\/p>\n\n\n\n<p>M\u00e5nga som har ber\u00e4ttat och som varit oroliga f\u00f6r hur beskedet ska tas emot, vittnar om att deras oro varit obefogad. Det \u00e4r heller inte ovanligt att hj\u00e4lp och st\u00f6d kommer fr\u00e5n n\u00e5gon man inte f\u00f6rv\u00e4ntat sig. Till de negativa reaktionerna h\u00f6r avst\u00e5ndstagande, ibland kan man ocks\u00e5 f\u00e5 fr\u00e5gor man tycker \u00e4r f\u00f6r privata eller sv\u00e5ra att svara p\u00e5.<\/p>\n\n\n\n<p>Det allra viktigaste f\u00f6r dig att vara beredd p\u00e5, \u00e4r att alla inte har samma kunskap om hiv som du har. En del har ingen kunskap alls, kanske blir de on\u00f6digt r\u00e4dda och oroliga. Det betyder inte att de inte tycker om dig, eller vill dig v\u00e4l. Bara att de beh\u00f6ver mer kunskap.<\/p>\n\n\n\n<h2 class=\"wp-block-heading\" id=\"h-fragor-du-kan-stalla-dig-sjalv\">Fr\u00e5gor du kan st\u00e4lla dig sj\u00e4lv<\/h2>\n\n\n\n<p>Varf\u00f6r vill du ber\u00e4tta?<\/p>\n\n\n\n<p>Det \u00e4r l\u00e4ttare att f\u00f6rs\u00e4kra sig om att det \u00e4r bra att ber\u00e4tta om man vet vilka reaktioner man kan f\u00e5, och vilka f\u00f6rdelar det skulle ge. Kanske skulle det ge dig mer st\u00f6d och trygghet? Fundera p\u00e5 om det \u00e4r en realistisk f\u00f6rv\u00e4ntning. En del \u00e4r mer \u00f6ppna och f\u00f6rst\u00e5ende \u00e4n andra, n\u00e5got du kanske erfarit fr\u00e5n tidigare situationer.<\/p>\n\n\n\n<h2 class=\"wp-block-heading\" id=\"h-hur-kommer-de-reagera-vad-forvantar-du-dig\">Hur kommer de reagera, vad f\u00f6rv\u00e4ntar du dig?<\/h2>\n\n\n\n<p>T\u00e4nk dig in i hur de kommer reagera, b\u00e5de det b\u00e4sta och det s\u00e4msta. Om n\u00e5gon i din omgivning har f\u00f6rdomar om sexualitet kan s\u00e5dana fr\u00e5gor dyka upp, n\u00e5gon som \u00e4r orolig eller har d\u00e5lig kunskap om hiv kanske b\u00f6rjar fr\u00e5ga om smittv\u00e4gar. F\u00f6rhoppningsvis finns ocks\u00e5 m\u00e4nniskor runt dig du upplever som lugna och trygga, som du har f\u00f6rtroende f\u00f6r.<\/p>\n\n\n\n<h2 class=\"wp-block-heading\" id=\"h-kan-de-halla-det-for-sig-sjalva-ar-det-viktigt\">Kan de h\u00e5lla det f\u00f6r sig sj\u00e4lva, \u00e4r det viktigt?<\/h2>\n\n\n\n<p>N\u00e4r du ber\u00e4ttar f\u00f6r n\u00e5gon att du har hiv, kan det vara viktigt att tala om vilka de i sin tur kan prata med. En del vill h\u00e5lla det bland sina allra n\u00e4rmsta, f\u00f6r andra \u00e4r det ingen stor sak att fler f\u00e5r veta. N\u00e5gon kanske till och med vill ha hj\u00e4lp att ber\u00e4tta f\u00f6r andra.<\/p>\n\n\n\n<h2 class=\"wp-block-heading\" id=\"h-att-beratta-for-sin-partner\">Att ber\u00e4tta f\u00f6r sin partner<\/h2>\n\n\n\n<p>Ingen relation \u00e4r den andra lik, d\u00e4rf\u00f6r \u00e4r det sv\u00e5rt att ge generella r\u00e5d om detta. En del st\u00e5r mycket n\u00e4ra varandra i en parrelation, och pratar om allt. Det kan \u00e4nd\u00e5 vara sv\u00e5rt att ber\u00e4tta. Andra \u00e4r inne i en kris, att d\u00e5 prata om ett hivbesked, kan k\u00e4nnas n\u00e4stintill om\u00f6jligt. Det kan ocks\u00e5 vara det som binder ihop relationen. Vill du ha r\u00e5d och st\u00f6d kring att ber\u00e4tta f\u00f6r din partner kan du f\u00e5 det genom oss p\u00e5 Noaks Ark, din behandlande l\u00e4kare eller kurator kan ocks\u00e5 vara till hj\u00e4lp.<\/p>\n\n\n\n<h2 class=\"wp-block-heading\" id=\"h-nar-du-fatt-behandling\">N\u00e4r du f\u00e5tt behandling<\/h2>\n\n\n\n<p>Om du f\u00e5r behandling av hiv, kan virusm\u00e4ngden bli om\u00e4tbar. N\u00e4r detta \u00e4r konstaterat av behandlande l\u00e4kare kan du inte \u00f6verf\u00f6ra hiv vid sex, och \u00e4r heller inte skyldig att ber\u00e4tta f\u00f6r din sexpartner.<\/p>\n\n\n\n<h2 class=\"wp-block-heading\" id=\"h-tillfallen-da-du-ar-skyldig-att-beratta\">Tillf\u00e4llen d\u00e5 du \u00e4r skyldig att ber\u00e4tta<\/h2>\n\n\n\n<p>I Smittskyddslagen st\u00e5r det: \u201dDen som vet eller har anledning att misst\u00e4nka att han eller hon b\u00e4r p\u00e5 en smittsam sjukdom \u00e4r skyldig att vidta de \u00e5tg\u00e4rder som kr\u00e4vs f\u00f6r att skydda andra mot smittrisk.\u201d (<a href=\"https:\/\/www.riksdagen.se\/sv\/dokument-och-lagar\/dokument\/svensk-forfattningssamling\/smittskyddslag-2004168_sfs-2004-168\/#K2\">Kapitel 2 \u00a7 2<\/a>)<\/p>\n\n\n\n<p>Under f\u00f6ruts\u00e4ttning att du f\u00e5r behandling av hiv och virusm\u00e4ngden blir om\u00e4tbar, \u00e4r de situationer du kan hamna i d\u00e4r detta blir aktuellt hos tandl\u00e4karen, eller n\u00e4r du beh\u00f6ver sjukv\u00e5rd. \u00c4ven vid piercing och akupunktur ska du ber\u00e4tta att du lever med hiv eller blodsmitta. (Blodsmitta kan exempelvis vara olika typer av hepatit eller hiv.)<\/p>\n","protected":false},"excerpt":{"rendered":"<p>Om du precis har f\u00e5tt reda p\u00e5 att du har hiv, \u00e4r det inte konstigt om du skulle k\u00e4nna dig uppr\u00f6rd och ha massor av fr\u00e5gor. I ett s\u00e5dant tillst\u00e5nd kan det k\u00e4nnas viktigt att&#8230;<\/p>\n","protected":false},"author":27,"featured_media":0,"parent":90,"menu_order":0,"comment_status":"closed","ping_status":"closed","template":"","meta":{"_acf_changed":false,"footnotes":""},"class_list":["post-112","page","type-page","status-publish","hentry"],"acf":[],"yoast_head":"<!-- This site is optimized with the Yoast SEO Premium plugin v27.3 (Yoast SEO v27.4) - https:\/\/yoast.com\/product\/yoast-seo-premium-wordpress\/ -->\n<title>N\u00e4r du precis f\u00e5tt diagnosen - Noaks Ark \u00d6sterg\u00f6tland<\/title>\n<meta name=\"description\" content=\"H\u00e4r kan du l\u00e4sa om behandling av hiv, hur man ber\u00e4ttar f\u00f6r n\u00e4rst\u00e5ende, och hur man lever med hiv idag. L\u00e4s mer p\u00e5 Noaksark.org\" \/>\n<meta name=\"robots\" content=\"index, follow, max-snippet:-1, max-image-preview:large, max-video-preview:-1\" \/>\n<link rel=\"canonical\" href=\"https:\/\/noaksark.org\/ostergotland\/for-dig\/nar-du-precis-fatt-diagnosen\/\" \/>\n<meta property=\"og:locale\" content=\"sv_SE\" \/>\n<meta property=\"og:type\" content=\"article\" \/>\n<meta property=\"og:title\" content=\"N\u00e4r du precis f\u00e5tt diagnosen\" \/>\n<meta property=\"og:description\" content=\"H\u00e4r kan du l\u00e4sa om behandling av hiv, hur man ber\u00e4ttar f\u00f6r n\u00e4rst\u00e5ende, och hur man lever med hiv idag. L\u00e4s mer p\u00e5 Noaksark.org\" \/>\n<meta property=\"og:url\" content=\"https:\/\/noaksark.org\/ostergotland\/for-dig\/nar-du-precis-fatt-diagnosen\/\" \/>\n<meta property=\"og:site_name\" content=\"Noaks Ark \u00d6sterg\u00f6tland\" \/>\n<meta property=\"article:modified_time\" content=\"2025-05-21T12:06:15+00:00\" \/>\n<meta name=\"twitter:card\" content=\"summary_large_image\" \/>\n<meta name=\"twitter:label1\" content=\"Ber\u00e4knad l\u00e4stid\" \/>\n\t<meta name=\"twitter:data1\" content=\"4 minuter\" \/>\n<script type=\"application\/ld+json\" class=\"yoast-schema-graph\">{\"@context\":\"https:\\\/\\\/schema.org\",\"@graph\":[{\"@type\":\"WebPage\",\"@id\":\"https:\\\/\\\/noaksark.org\\\/ostergotland\\\/for-dig\\\/nar-du-precis-fatt-diagnosen\\\/\",\"url\":\"https:\\\/\\\/noaksark.org\\\/ostergotland\\\/for-dig\\\/nar-du-precis-fatt-diagnosen\\\/\",\"name\":\"N\u00e4r du precis f\u00e5tt diagnosen - Noaks Ark \u00d6sterg\u00f6tland\",\"isPartOf\":{\"@id\":\"https:\\\/\\\/noaksark.org\\\/ostergotland\\\/#website\"},\"datePublished\":\"2022-11-22T12:36:55+00:00\",\"dateModified\":\"2025-05-21T12:06:15+00:00\",\"description\":\"H\u00e4r kan du l\u00e4sa om behandling av hiv, hur man ber\u00e4ttar f\u00f6r n\u00e4rst\u00e5ende, och hur man lever med hiv idag. L\u00e4s mer p\u00e5 Noaksark.org\",\"breadcrumb\":{\"@id\":\"https:\\\/\\\/noaksark.org\\\/ostergotland\\\/for-dig\\\/nar-du-precis-fatt-diagnosen\\\/#breadcrumb\"},\"inLanguage\":\"sv-SE\",\"potentialAction\":[{\"@type\":\"ReadAction\",\"target\":[\"https:\\\/\\\/noaksark.org\\\/ostergotland\\\/for-dig\\\/nar-du-precis-fatt-diagnosen\\\/\"]}]},{\"@type\":\"BreadcrumbList\",\"@id\":\"https:\\\/\\\/noaksark.org\\\/ostergotland\\\/for-dig\\\/nar-du-precis-fatt-diagnosen\\\/#breadcrumb\",\"itemListElement\":[{\"@type\":\"ListItem\",\"position\":1,\"name\":\"Home\",\"item\":\"https:\\\/\\\/noaksark.org\\\/ostergotland\\\/\"},{\"@type\":\"ListItem\",\"position\":2,\"name\":\"F\u00f6r dig\",\"item\":\"https:\\\/\\\/noaksark.org\\\/ostergotland\\\/for-dig\\\/\"},{\"@type\":\"ListItem\",\"position\":3,\"name\":\"N\u00e4r du precis f\u00e5tt diagnosen\"}]},{\"@type\":\"WebSite\",\"@id\":\"https:\\\/\\\/noaksark.org\\\/ostergotland\\\/#website\",\"url\":\"https:\\\/\\\/noaksark.org\\\/ostergotland\\\/\",\"name\":\"Noaks Ark \u00d6sterg\u00f6tland\",\"description\":\"\",\"potentialAction\":[{\"@type\":\"SearchAction\",\"target\":{\"@type\":\"EntryPoint\",\"urlTemplate\":\"https:\\\/\\\/noaksark.org\\\/ostergotland\\\/?s={search_term_string}\"},\"query-input\":{\"@type\":\"PropertyValueSpecification\",\"valueRequired\":true,\"valueName\":\"search_term_string\"}}],\"inLanguage\":\"sv-SE\"}]}<\/script>\n<!-- \/ Yoast SEO Premium plugin. -->","yoast_head_json":{"title":"N\u00e4r du precis f\u00e5tt diagnosen - Noaks Ark \u00d6sterg\u00f6tland","description":"H\u00e4r kan du l\u00e4sa om behandling av hiv, hur man ber\u00e4ttar f\u00f6r n\u00e4rst\u00e5ende, och hur man lever med hiv idag. L\u00e4s mer p\u00e5 Noaksark.org","robots":{"index":"index","follow":"follow","max-snippet":"max-snippet:-1","max-image-preview":"max-image-preview:large","max-video-preview":"max-video-preview:-1"},"canonical":"https:\/\/noaksark.org\/ostergotland\/for-dig\/nar-du-precis-fatt-diagnosen\/","og_locale":"sv_SE","og_type":"article","og_title":"N\u00e4r du precis f\u00e5tt diagnosen","og_description":"H\u00e4r kan du l\u00e4sa om behandling av hiv, hur man ber\u00e4ttar f\u00f6r n\u00e4rst\u00e5ende, och hur man lever med hiv idag. L\u00e4s mer p\u00e5 Noaksark.org","og_url":"https:\/\/noaksark.org\/ostergotland\/for-dig\/nar-du-precis-fatt-diagnosen\/","og_site_name":"Noaks Ark \u00d6sterg\u00f6tland","article_modified_time":"2025-05-21T12:06:15+00:00","twitter_card":"summary_large_image","twitter_misc":{"Ber\u00e4knad l\u00e4stid":"4 minuter"},"schema":{"@context":"https:\/\/schema.org","@graph":[{"@type":"WebPage","@id":"https:\/\/noaksark.org\/ostergotland\/for-dig\/nar-du-precis-fatt-diagnosen\/","url":"https:\/\/noaksark.org\/ostergotland\/for-dig\/nar-du-precis-fatt-diagnosen\/","name":"N\u00e4r du precis f\u00e5tt diagnosen - Noaks Ark \u00d6sterg\u00f6tland","isPartOf":{"@id":"https:\/\/noaksark.org\/ostergotland\/#website"},"datePublished":"2022-11-22T12:36:55+00:00","dateModified":"2025-05-21T12:06:15+00:00","description":"H\u00e4r kan du l\u00e4sa om behandling av hiv, hur man ber\u00e4ttar f\u00f6r n\u00e4rst\u00e5ende, och hur man lever med hiv idag. L\u00e4s mer p\u00e5 Noaksark.org","breadcrumb":{"@id":"https:\/\/noaksark.org\/ostergotland\/for-dig\/nar-du-precis-fatt-diagnosen\/#breadcrumb"},"inLanguage":"sv-SE","potentialAction":[{"@type":"ReadAction","target":["https:\/\/noaksark.org\/ostergotland\/for-dig\/nar-du-precis-fatt-diagnosen\/"]}]},{"@type":"BreadcrumbList","@id":"https:\/\/noaksark.org\/ostergotland\/for-dig\/nar-du-precis-fatt-diagnosen\/#breadcrumb","itemListElement":[{"@type":"ListItem","position":1,"name":"Home","item":"https:\/\/noaksark.org\/ostergotland\/"},{"@type":"ListItem","position":2,"name":"F\u00f6r dig","item":"https:\/\/noaksark.org\/ostergotland\/for-dig\/"},{"@type":"ListItem","position":3,"name":"N\u00e4r du precis f\u00e5tt diagnosen"}]},{"@type":"WebSite","@id":"https:\/\/noaksark.org\/ostergotland\/#website","url":"https:\/\/noaksark.org\/ostergotland\/","name":"Noaks Ark \u00d6sterg\u00f6tland","description":"","potentialAction":[{"@type":"SearchAction","target":{"@type":"EntryPoint","urlTemplate":"https:\/\/noaksark.org\/ostergotland\/?s={search_term_string}"},"query-input":{"@type":"PropertyValueSpecification","valueRequired":true,"valueName":"search_term_string"}}],"inLanguage":"sv-SE"}]}},"_links":{"self":[{"href":"https:\/\/noaksark.org\/ostergotland\/wp-json\/wp\/v2\/pages\/112","targetHints":{"allow":["GET"]}}],"collection":[{"href":"https:\/\/noaksark.org\/ostergotland\/wp-json\/wp\/v2\/pages"}],"about":[{"href":"https:\/\/noaksark.org\/ostergotland\/wp-json\/wp\/v2\/types\/page"}],"author":[{"embeddable":true,"href":"https:\/\/noaksark.org\/ostergotland\/wp-json\/wp\/v2\/users\/27"}],"replies":[{"embeddable":true,"href":"https:\/\/noaksark.org\/ostergotland\/wp-json\/wp\/v2\/comments?post=112"}],"version-history":[{"count":3,"href":"https:\/\/noaksark.org\/ostergotland\/wp-json\/wp\/v2\/pages\/112\/revisions"}],"predecessor-version":[{"id":1066,"href":"https:\/\/noaksark.org\/ostergotland\/wp-json\/wp\/v2\/pages\/112\/revisions\/1066"}],"up":[{"embeddable":true,"href":"https:\/\/noaksark.org\/ostergotland\/wp-json\/wp\/v2\/pages\/90"}],"wp:attachment":[{"href":"https:\/\/noaksark.org\/ostergotland\/wp-json\/wp\/v2\/media?parent=112"}],"curies":[{"name":"wp","href":"https:\/\/api.w.org\/{rel}","templated":true}]}}