{"id":851,"date":"2024-06-10T13:05:45","date_gmt":"2024-06-10T11:05:45","guid":{"rendered":"https:\/\/noaksark.org\/ostergotland\/?page_id=851"},"modified":"2026-03-17T13:26:12","modified_gmt":"2026-03-17T12:26:12","slug":"hiv-test-norrkoping","status":"publish","type":"page","link":"https:\/\/noaksark.org\/ostergotland\/en\/hivtest\/hiv-test-norrkoping\/","title":{"rendered":"HIV test Norrk\u00f6ping"},"content":{"rendered":"\n<p>Our clinic is centrally but discreetly located at Gamla Torget 4 in Norrk\u00f6ping.<\/p>\n\n\n\n<p>If you want to book your HIV test, it is done completely anonymously and you get a booking ID that you take with you when you come to your visit. The last 4 digits of the ID number are what you use during your appointment.<\/p>\n\n\n\n<p>If you need to cancel your appointment, you can do so via email, phone or chat.<\/p>\n\n\n\n<h2 class=\"wp-block-heading\" id=\"h-book-your-test\">Book your test<\/h2>\n\n\n\n<p>You can easily and completely anonymously book your HIV test here.<\/p>\n\n\n\n<div class=\"wp-block-amelia-step-booking-gutenberg-block\">\n<script>\n  if (typeof hasAmeliaEntitiesApiCall === 'undefined' && ('' === '' && '' !== '1')) {\n    var hasAmeliaEntitiesApiCall = true;\n  }\n  var ameliaShortcodeData = (typeof ameliaShortcodeData === 'undefined') ? [] : ameliaShortcodeData;\n  ameliaShortcodeData.push(\n    {\n      'hasApiCall': (typeof hasAmeliaEntitiesApiCall !== 'undefined') && hasAmeliaEntitiesApiCall,\n      'trigger': '',\n      'trigger_type': '',\n      'triggered_form': 'sbsNew',\n      'in_dialog': '',\n      'show': '',\n      'counter': '1000',\n      'category': '',\n      'service': '',\n      'employee': '',\n      'location': '',\n      'package': ''\n    }\n  );\n\n  var ameliaShortcodeDataTriggered = (typeof ameliaShortcodeDataTriggered === 'undefined') ? [] : ameliaShortcodeDataTriggered;\n  if (ameliaShortcodeData[ameliaShortcodeData.length - 1].trigger !== '') {\n    if (ameliaShortcodeDataTriggered.filter(a => a.counter === ameliaShortcodeData[ameliaShortcodeData.length - 1].counter).length === 0) {\n      ameliaShortcodeDataTriggered.push(ameliaShortcodeData.pop());\n    } else {\n      ameliaShortcodeData.pop()\n    }\n  }\n  if (typeof hasAmeliaEntitiesApiCall !== 'undefined' && hasAmeliaEntitiesApiCall) {\n    hasAmeliaEntitiesApiCall = false;\n  }\n<\/script>\n\n<div\n  id=\"amelia-v2-booking-1000\"\n  class=\"amelia-v2-booking\"\n >\n    <step-form-wrapper><\/step-form-wrapper><\/div>\n<\/div>\n\n\n\n<h2 class=\"wp-block-heading\" id=\"h-drop-in\">Drop-in<\/h2>\n\n\n\n<p>If you want to come to the drop-in clinic, you can see the dates and times we are open in Norrk\u00f6ping below:<\/p>\n\n\n\n<p><strong>Wednesdays 17:30-19:00<\/strong><\/p>\n\n\n\n<ul class=\"wp-block-list\">\n<li>25th of March<\/li>\n\n\n\n<li>15th of April<\/li>\n\n\n\n<li>20th of May<\/li>\n\n\n\n<li>3rd of June<\/li>\n\n\n\n<li>17th of June<\/li>\n\n\n\n<li>24th of June<\/li>\n<\/ul>\n","protected":false},"excerpt":{"rendered":"<p>Our clinic is centrally but discreetly located at Gamla Torget 4 in Norrk\u00f6ping. If you want to book your HIV test, it is done completely anonymously and you get a booking ID that you take&#8230;<\/p>\n","protected":false},"author":27,"featured_media":0,"parent":670,"menu_order":0,"comment_status":"closed","ping_status":"closed","template":"","meta":{"_acf_changed":false,"footnotes":""},"class_list":["post-851","page","type-page","status-publish","hentry"],"acf":[],"yoast_head":"<!-- This site is optimized with the Yoast SEO Premium plugin v27.3 (Yoast SEO v27.4) - https:\/\/yoast.com\/product\/yoast-seo-premium-wordpress\/ -->\n<title>HIV test Norrk\u00f6ping - Noaks Ark \u00d6sterg\u00f6tland<\/title>\n<meta name=\"robots\" content=\"index, follow, max-snippet:-1, max-image-preview:large, max-video-preview:-1\" \/>\n<link rel=\"canonical\" href=\"https:\/\/noaksark.org\/ostergotland\/en\/hivtest\/hiv-test-norrkoping\/\" \/>\n<meta property=\"og:locale\" content=\"en_US\" \/>\n<meta property=\"og:type\" content=\"article\" \/>\n<meta property=\"og:title\" content=\"HIV test Norrk\u00f6ping\" \/>\n<meta property=\"og:description\" content=\"Our clinic is centrally but discreetly located at Gamla Torget 4 in Norrk\u00f6ping. If you want to book your HIV test, it is done completely anonymously and you get a booking ID that you take...\" \/>\n<meta property=\"og:url\" content=\"https:\/\/noaksark.org\/ostergotland\/en\/hivtest\/hiv-test-norrkoping\/\" \/>\n<meta property=\"og:site_name\" content=\"Noaks Ark \u00d6sterg\u00f6tland\" \/>\n<meta property=\"article:modified_time\" content=\"2026-03-17T12:26:12+00:00\" \/>\n<meta name=\"twitter:card\" content=\"summary_large_image\" \/>\n<meta name=\"twitter:label1\" content=\"Est. reading time\" \/>\n\t<meta name=\"twitter:data1\" content=\"1 minute\" \/>\n<script type=\"application\/ld+json\" class=\"yoast-schema-graph\">{\"@context\":\"https:\\\/\\\/schema.org\",\"@graph\":[{\"@type\":\"WebPage\",\"@id\":\"https:\\\/\\\/noaksark.org\\\/ostergotland\\\/en\\\/hivtest\\\/hiv-test-norrkoping\\\/\",\"url\":\"https:\\\/\\\/noaksark.org\\\/ostergotland\\\/en\\\/hivtest\\\/hiv-test-norrkoping\\\/\",\"name\":\"HIV test Norrk\u00f6ping - Noaks Ark \u00d6sterg\u00f6tland\",\"isPartOf\":{\"@id\":\"https:\\\/\\\/noaksark.org\\\/ostergotland\\\/en\\\/#website\"},\"datePublished\":\"2024-06-10T11:05:45+00:00\",\"dateModified\":\"2026-03-17T12:26:12+00:00\",\"breadcrumb\":{\"@id\":\"https:\\\/\\\/noaksark.org\\\/ostergotland\\\/en\\\/hivtest\\\/hiv-test-norrkoping\\\/#breadcrumb\"},\"inLanguage\":\"en-US\",\"potentialAction\":[{\"@type\":\"ReadAction\",\"target\":[\"https:\\\/\\\/noaksark.org\\\/ostergotland\\\/en\\\/hivtest\\\/hiv-test-norrkoping\\\/\"]}]},{\"@type\":\"BreadcrumbList\",\"@id\":\"https:\\\/\\\/noaksark.org\\\/ostergotland\\\/en\\\/hivtest\\\/hiv-test-norrkoping\\\/#breadcrumb\",\"itemListElement\":[{\"@type\":\"ListItem\",\"position\":1,\"name\":\"Home\",\"item\":\"https:\\\/\\\/noaksark.org\\\/ostergotland\\\/en\\\/\"},{\"@type\":\"ListItem\",\"position\":2,\"name\":\"HIV test\",\"item\":\"https:\\\/\\\/noaksark.org\\\/ostergotland\\\/en\\\/hivtest\\\/\"},{\"@type\":\"ListItem\",\"position\":3,\"name\":\"HIV test Norrk\u00f6ping\"}]},{\"@type\":\"WebSite\",\"@id\":\"https:\\\/\\\/noaksark.org\\\/ostergotland\\\/en\\\/#website\",\"url\":\"https:\\\/\\\/noaksark.org\\\/ostergotland\\\/en\\\/\",\"name\":\"Noaks Ark \u00d6sterg\u00f6tland\",\"description\":\"\",\"potentialAction\":[{\"@type\":\"SearchAction\",\"target\":{\"@type\":\"EntryPoint\",\"urlTemplate\":\"https:\\\/\\\/noaksark.org\\\/ostergotland\\\/en\\\/?s={search_term_string}\"},\"query-input\":{\"@type\":\"PropertyValueSpecification\",\"valueRequired\":true,\"valueName\":\"search_term_string\"}}],\"inLanguage\":\"en-US\"}]}<\/script>\n<!-- \/ Yoast SEO Premium plugin. -->","yoast_head_json":{"title":"HIV test Norrk\u00f6ping - Noaks Ark \u00d6sterg\u00f6tland","robots":{"index":"index","follow":"follow","max-snippet":"max-snippet:-1","max-image-preview":"max-image-preview:large","max-video-preview":"max-video-preview:-1"},"canonical":"https:\/\/noaksark.org\/ostergotland\/en\/hivtest\/hiv-test-norrkoping\/","og_locale":"en_US","og_type":"article","og_title":"HIV test Norrk\u00f6ping","og_description":"Our clinic is centrally but discreetly located at Gamla Torget 4 in Norrk\u00f6ping. If you want to book your HIV test, it is done completely anonymously and you get a booking ID that you take...","og_url":"https:\/\/noaksark.org\/ostergotland\/en\/hivtest\/hiv-test-norrkoping\/","og_site_name":"Noaks Ark \u00d6sterg\u00f6tland","article_modified_time":"2026-03-17T12:26:12+00:00","twitter_card":"summary_large_image","twitter_misc":{"Est. reading time":"1 minute"},"schema":{"@context":"https:\/\/schema.org","@graph":[{"@type":"WebPage","@id":"https:\/\/noaksark.org\/ostergotland\/en\/hivtest\/hiv-test-norrkoping\/","url":"https:\/\/noaksark.org\/ostergotland\/en\/hivtest\/hiv-test-norrkoping\/","name":"HIV test Norrk\u00f6ping - Noaks Ark \u00d6sterg\u00f6tland","isPartOf":{"@id":"https:\/\/noaksark.org\/ostergotland\/en\/#website"},"datePublished":"2024-06-10T11:05:45+00:00","dateModified":"2026-03-17T12:26:12+00:00","breadcrumb":{"@id":"https:\/\/noaksark.org\/ostergotland\/en\/hivtest\/hiv-test-norrkoping\/#breadcrumb"},"inLanguage":"en-US","potentialAction":[{"@type":"ReadAction","target":["https:\/\/noaksark.org\/ostergotland\/en\/hivtest\/hiv-test-norrkoping\/"]}]},{"@type":"BreadcrumbList","@id":"https:\/\/noaksark.org\/ostergotland\/en\/hivtest\/hiv-test-norrkoping\/#breadcrumb","itemListElement":[{"@type":"ListItem","position":1,"name":"Home","item":"https:\/\/noaksark.org\/ostergotland\/en\/"},{"@type":"ListItem","position":2,"name":"HIV test","item":"https:\/\/noaksark.org\/ostergotland\/en\/hivtest\/"},{"@type":"ListItem","position":3,"name":"HIV test Norrk\u00f6ping"}]},{"@type":"WebSite","@id":"https:\/\/noaksark.org\/ostergotland\/en\/#website","url":"https:\/\/noaksark.org\/ostergotland\/en\/","name":"Noaks Ark \u00d6sterg\u00f6tland","description":"","potentialAction":[{"@type":"SearchAction","target":{"@type":"EntryPoint","urlTemplate":"https:\/\/noaksark.org\/ostergotland\/en\/?s={search_term_string}"},"query-input":{"@type":"PropertyValueSpecification","valueRequired":true,"valueName":"search_term_string"}}],"inLanguage":"en-US"}]}},"_links":{"self":[{"href":"https:\/\/noaksark.org\/ostergotland\/en\/wp-json\/wp\/v2\/pages\/851","targetHints":{"allow":["GET"]}}],"collection":[{"href":"https:\/\/noaksark.org\/ostergotland\/en\/wp-json\/wp\/v2\/pages"}],"about":[{"href":"https:\/\/noaksark.org\/ostergotland\/en\/wp-json\/wp\/v2\/types\/page"}],"author":[{"embeddable":true,"href":"https:\/\/noaksark.org\/ostergotland\/en\/wp-json\/wp\/v2\/users\/27"}],"replies":[{"embeddable":true,"href":"https:\/\/noaksark.org\/ostergotland\/en\/wp-json\/wp\/v2\/comments?post=851"}],"version-history":[{"count":6,"href":"https:\/\/noaksark.org\/ostergotland\/en\/wp-json\/wp\/v2\/pages\/851\/revisions"}],"predecessor-version":[{"id":1151,"href":"https:\/\/noaksark.org\/ostergotland\/en\/wp-json\/wp\/v2\/pages\/851\/revisions\/1151"}],"up":[{"embeddable":true,"href":"https:\/\/noaksark.org\/ostergotland\/en\/wp-json\/wp\/v2\/pages\/670"}],"wp:attachment":[{"href":"https:\/\/noaksark.org\/ostergotland\/en\/wp-json\/wp\/v2\/media?parent=851"}],"curies":[{"name":"wp","href":"https:\/\/api.w.org\/{rel}","templated":true}]}}