{"id":670,"date":"2022-11-22T10:34:06","date_gmt":"2022-11-22T09:34:06","guid":{"rendered":"https:\/\/noaksark.org\/ostergotland\/hivtest\/"},"modified":"2026-03-18T18:03:49","modified_gmt":"2026-03-18T17:03:49","slug":"hivtest","status":"publish","type":"page","link":"https:\/\/noaksark.org\/ostergotland\/en\/hivtest\/","title":{"rendered":"HIV test"},"content":{"rendered":"\n<p><\/p>\n\n\n\n<p id=\"h-pa-noaks-ark-ostergotland-kan-du-ta-ett-hiv-test-och-fa-svar-pa-20-minuter\">At Noaks Ark \u00d6sterg\u00f6tland, you can take an HIV test and get an answer in 20 minutes. Our clinics are located at Gamla Torget 4 in Norrk\u00f6ping and at Repslagaregatan 4, floor 5 in Link\u00f6ping. We are open for drop-in on certain Wednesdays. You can be anonymous and the HIV test is free.<\/p>\n\n\n\n<p><\/p>\n\n\n\n<h2 class=\"wp-block-heading\" id=\"h-choose-your-city\">Choose your city<\/h2>\n\n\n\n<div style=\"height:12px\" aria-hidden=\"true\" class=\"wp-block-spacer\"><\/div>\n\n\n\n<div class=\"wp-block-group col-lg-6 col-xl-4\"><div class=\"wp-block-group__inner-container is-layout-constrained wp-block-group-is-layout-constrained\">\n    <p class=\"text-end\">\n        <a href=\"https:\/\/noaksark.org\/ostergotland\/en\/hivtest\/hiv-test-norrkoping\/\" class=\"bootstrap-btn-block btn d-block btn-primary\">\n            Norrk\u00f6ping        <\/a>\n    <\/p>\n\n\n\n\n    <p class=\"text-start\">\n        <a href=\"https:\/\/noaksark.org\/ostergotland\/en\/hivtest\/hiv-test-linkoping\/\" class=\"bootstrap-btn-block btn d-block btn-primary\">\n            Link\u00f6ping        <\/a>\n    <\/p>\n\n<\/div><\/div>\n\n\n\n<p>Vill du komma i kontakt med v\u00e5r testmottagning?<br>maila <a href=\"mailto:testmottagningen.ostergotland@noaksark.org\">testmottagningen.ostergotland@noaksark.org<\/a><\/p>\n\n\n\n<p>Eller ring <a href=\"tel:0736836533\">073-6836533<\/a><\/p>\n\n\n\n<h2 class=\"wp-block-heading\" id=\"h-how-the-test-is-done\">How the test is done:<\/h2>\n\n\n\n<p>The test is taken with a capillary blood test, after which blood is collected and then placed on the test strip. After 20 minutes, the test result can be read. While waiting for the answer, we have time for conversation, counseling and questions.<\/p>\n\n\n\n<h2 class=\"wp-block-heading\" id=\"h-early-diagnosis-is-important\">Early diagnosis is important<\/h2>\n\n\n\n<p>It is important to find out early if you have HIV because it provides the opportunity for better care and treatment. It also contributes to reduced spread of infection. With us, you can get tested for HIV easily, discreetly and free of charge. At our reception, experienced staff are on hand for conversations and support. Noaks Ark will never refuse anyone to get a HIV test, regardless of gender, age, level of risk behavior or whether the person belongs to a group more likely to get HIV or not.<\/p>\n\n\n\n<h2 class=\"wp-block-heading\" id=\"h-our-test\">Our test<\/h2>\n\n\n\n<p>We use rapid result tests, which means a finger-prick and you get your answer within 20 minutes. The tests we use &#8211; <a href=\"https:\/\/www.globalpointofcare.abbott\/ww\/en\/product-details\/determine-hiv-early-detect.html\">Abbot Determine HIV Early Detect<\/a> &#8211; are approved by the Swedish Medicines Agency and have the same reliability as the tests that are taken by drawing blood from a veinand analyzed in a laboratory.<\/p>\n\n\n\n<h2 class=\"wp-block-heading\" id=\"h-can-i-take-a-test-immediately-after-a-risk\">Can I take a test immediately after a risk? <\/h2>\n\n\n\n<p>The rapid result test we use reacts to antibodies against HIV, which in the vast majority of people can be detected between three and six weeks after infection. According to the Swedish healthcare system, there is a guidline of eight weeks. Because the body can need eight weeks to develope the antibodies, this time must have passed between the moment you exposed yourself for the risk and the test. This, for the greatest possible accuracy. (For laboratory-based combination tests the guidline is six weeks). We do not think that this should be interpreted as that you have to wait so long after the time of risk to get tested. We recommend early testing, even if you may need to take a supplemented test after the recommended period of time.<\/p>\n","protected":false},"excerpt":{"rendered":"<p>At Noaks Ark \u00d6sterg\u00f6tland, you can take an HIV test and get an answer in 20 minutes. Our clinics are located at Gamla Torget 4 in Norrk\u00f6ping and at Repslagaregatan 4, floor 5 in Link\u00f6ping&#8230;.<\/p>\n","protected":false},"author":27,"featured_media":661,"parent":0,"menu_order":0,"comment_status":"closed","ping_status":"closed","template":"","meta":{"_acf_changed":false,"footnotes":""},"class_list":["post-670","page","type-page","status-publish","has-post-thumbnail","hentry"],"acf":[],"yoast_head":"<!-- This site is optimized with the Yoast SEO Premium plugin v27.4 (Yoast SEO v27.5) - https:\/\/yoast.com\/product\/yoast-seo-premium-wordpress\/ -->\n<title>HIV test - Noaks Ark \u00d6sterg\u00f6tland<\/title>\n<meta name=\"description\" content=\"Hos oss kan du hivtesta dig enkelt, diskret &amp; gratis. Vi erbjuder hivtest med snabbsvar i Link\u00f6ping &amp; Norrk\u00f6ping. L\u00e4s mer p\u00e5 Noaksark.org\" \/>\n<meta name=\"robots\" content=\"index, follow, max-snippet:-1, max-image-preview:large, max-video-preview:-1\" \/>\n<link rel=\"canonical\" href=\"https:\/\/noaksark.org\/ostergotland\/en\/hivtest\/\" \/>\n<meta property=\"og:locale\" content=\"en_US\" \/>\n<meta property=\"og:type\" content=\"article\" \/>\n<meta property=\"og:title\" content=\"HIV test\" \/>\n<meta property=\"og:description\" content=\"Hos oss kan du hivtesta dig enkelt, diskret &amp; gratis. Vi erbjuder hivtest med snabbsvar i Link\u00f6ping &amp; Norrk\u00f6ping. L\u00e4s mer p\u00e5 Noaksark.org\" \/>\n<meta property=\"og:url\" content=\"https:\/\/noaksark.org\/ostergotland\/en\/hivtest\/\" \/>\n<meta property=\"og:site_name\" content=\"Noaks Ark \u00d6sterg\u00f6tland\" \/>\n<meta property=\"article:modified_time\" content=\"2026-03-18T17:03:49+00:00\" \/>\n<meta property=\"og:image\" content=\"https:\/\/noaksark.org\/ostergotland\/wp-content\/uploads\/sites\/4\/2022\/12\/page-hero-ostergotland-hivtest-noaks-ark.jpg\" \/>\n\t<meta property=\"og:image:width\" content=\"1500\" \/>\n\t<meta property=\"og:image:height\" content=\"648\" \/>\n\t<meta property=\"og:image:type\" content=\"image\/jpeg\" \/>\n<meta name=\"twitter:card\" content=\"summary_large_image\" \/>\n<meta name=\"twitter:label1\" content=\"Est. reading time\" \/>\n\t<meta name=\"twitter:data1\" content=\"3 minutes\" \/>\n<script type=\"application\/ld+json\" class=\"yoast-schema-graph\">{\"@context\":\"https:\\\/\\\/schema.org\",\"@graph\":[{\"@type\":\"WebPage\",\"@id\":\"https:\\\/\\\/noaksark.org\\\/ostergotland\\\/en\\\/hivtest\\\/\",\"url\":\"https:\\\/\\\/noaksark.org\\\/ostergotland\\\/en\\\/hivtest\\\/\",\"name\":\"HIV test - Noaks Ark \u00d6sterg\u00f6tland\",\"isPartOf\":{\"@id\":\"https:\\\/\\\/noaksark.org\\\/ostergotland\\\/en\\\/#website\"},\"primaryImageOfPage\":{\"@id\":\"https:\\\/\\\/noaksark.org\\\/ostergotland\\\/en\\\/hivtest\\\/#primaryimage\"},\"image\":{\"@id\":\"https:\\\/\\\/noaksark.org\\\/ostergotland\\\/en\\\/hivtest\\\/#primaryimage\"},\"thumbnailUrl\":\"https:\\\/\\\/noaksark.org\\\/ostergotland\\\/wp-content\\\/uploads\\\/sites\\\/4\\\/2022\\\/12\\\/page-hero-ostergotland-hivtest-noaks-ark.jpg\",\"datePublished\":\"2022-11-22T09:34:06+00:00\",\"dateModified\":\"2026-03-18T17:03:49+00:00\",\"description\":\"Hos oss kan du hivtesta dig enkelt, diskret & gratis. Vi erbjuder hivtest med snabbsvar i Link\u00f6ping & Norrk\u00f6ping. L\u00e4s mer p\u00e5 Noaksark.org\",\"breadcrumb\":{\"@id\":\"https:\\\/\\\/noaksark.org\\\/ostergotland\\\/en\\\/hivtest\\\/#breadcrumb\"},\"inLanguage\":\"en-US\",\"potentialAction\":[{\"@type\":\"ReadAction\",\"target\":[\"https:\\\/\\\/noaksark.org\\\/ostergotland\\\/en\\\/hivtest\\\/\"]}]},{\"@type\":\"ImageObject\",\"inLanguage\":\"en-US\",\"@id\":\"https:\\\/\\\/noaksark.org\\\/ostergotland\\\/en\\\/hivtest\\\/#primaryimage\",\"url\":\"https:\\\/\\\/noaksark.org\\\/ostergotland\\\/wp-content\\\/uploads\\\/sites\\\/4\\\/2022\\\/12\\\/page-hero-ostergotland-hivtest-noaks-ark.jpg\",\"contentUrl\":\"https:\\\/\\\/noaksark.org\\\/ostergotland\\\/wp-content\\\/uploads\\\/sites\\\/4\\\/2022\\\/12\\\/page-hero-ostergotland-hivtest-noaks-ark.jpg\",\"width\":1500,\"height\":648},{\"@type\":\"BreadcrumbList\",\"@id\":\"https:\\\/\\\/noaksark.org\\\/ostergotland\\\/en\\\/hivtest\\\/#breadcrumb\",\"itemListElement\":[{\"@type\":\"ListItem\",\"position\":1,\"name\":\"Home\",\"item\":\"https:\\\/\\\/noaksark.org\\\/ostergotland\\\/en\\\/\"},{\"@type\":\"ListItem\",\"position\":2,\"name\":\"HIV test\"}]},{\"@type\":\"WebSite\",\"@id\":\"https:\\\/\\\/noaksark.org\\\/ostergotland\\\/en\\\/#website\",\"url\":\"https:\\\/\\\/noaksark.org\\\/ostergotland\\\/en\\\/\",\"name\":\"Noaks Ark \u00d6sterg\u00f6tland\",\"description\":\"\",\"potentialAction\":[{\"@type\":\"SearchAction\",\"target\":{\"@type\":\"EntryPoint\",\"urlTemplate\":\"https:\\\/\\\/noaksark.org\\\/ostergotland\\\/en\\\/?s={search_term_string}\"},\"query-input\":{\"@type\":\"PropertyValueSpecification\",\"valueRequired\":true,\"valueName\":\"search_term_string\"}}],\"inLanguage\":\"en-US\"}]}<\/script>\n<!-- \/ Yoast SEO Premium plugin. -->","yoast_head_json":{"title":"HIV test - Noaks Ark \u00d6sterg\u00f6tland","description":"Hos oss kan du hivtesta dig enkelt, diskret & gratis. Vi erbjuder hivtest med snabbsvar i Link\u00f6ping & Norrk\u00f6ping. L\u00e4s mer p\u00e5 Noaksark.org","robots":{"index":"index","follow":"follow","max-snippet":"max-snippet:-1","max-image-preview":"max-image-preview:large","max-video-preview":"max-video-preview:-1"},"canonical":"https:\/\/noaksark.org\/ostergotland\/en\/hivtest\/","og_locale":"en_US","og_type":"article","og_title":"HIV test","og_description":"Hos oss kan du hivtesta dig enkelt, diskret & gratis. Vi erbjuder hivtest med snabbsvar i Link\u00f6ping & Norrk\u00f6ping. L\u00e4s mer p\u00e5 Noaksark.org","og_url":"https:\/\/noaksark.org\/ostergotland\/en\/hivtest\/","og_site_name":"Noaks Ark \u00d6sterg\u00f6tland","article_modified_time":"2026-03-18T17:03:49+00:00","og_image":[{"width":1500,"height":648,"url":"https:\/\/noaksark.org\/ostergotland\/wp-content\/uploads\/sites\/4\/2022\/12\/page-hero-ostergotland-hivtest-noaks-ark.jpg","type":"image\/jpeg"}],"twitter_card":"summary_large_image","twitter_misc":{"Est. reading time":"3 minutes"},"schema":{"@context":"https:\/\/schema.org","@graph":[{"@type":"WebPage","@id":"https:\/\/noaksark.org\/ostergotland\/en\/hivtest\/","url":"https:\/\/noaksark.org\/ostergotland\/en\/hivtest\/","name":"HIV test - Noaks Ark \u00d6sterg\u00f6tland","isPartOf":{"@id":"https:\/\/noaksark.org\/ostergotland\/en\/#website"},"primaryImageOfPage":{"@id":"https:\/\/noaksark.org\/ostergotland\/en\/hivtest\/#primaryimage"},"image":{"@id":"https:\/\/noaksark.org\/ostergotland\/en\/hivtest\/#primaryimage"},"thumbnailUrl":"https:\/\/noaksark.org\/ostergotland\/wp-content\/uploads\/sites\/4\/2022\/12\/page-hero-ostergotland-hivtest-noaks-ark.jpg","datePublished":"2022-11-22T09:34:06+00:00","dateModified":"2026-03-18T17:03:49+00:00","description":"Hos oss kan du hivtesta dig enkelt, diskret & gratis. Vi erbjuder hivtest med snabbsvar i Link\u00f6ping & Norrk\u00f6ping. L\u00e4s mer p\u00e5 Noaksark.org","breadcrumb":{"@id":"https:\/\/noaksark.org\/ostergotland\/en\/hivtest\/#breadcrumb"},"inLanguage":"en-US","potentialAction":[{"@type":"ReadAction","target":["https:\/\/noaksark.org\/ostergotland\/en\/hivtest\/"]}]},{"@type":"ImageObject","inLanguage":"en-US","@id":"https:\/\/noaksark.org\/ostergotland\/en\/hivtest\/#primaryimage","url":"https:\/\/noaksark.org\/ostergotland\/wp-content\/uploads\/sites\/4\/2022\/12\/page-hero-ostergotland-hivtest-noaks-ark.jpg","contentUrl":"https:\/\/noaksark.org\/ostergotland\/wp-content\/uploads\/sites\/4\/2022\/12\/page-hero-ostergotland-hivtest-noaks-ark.jpg","width":1500,"height":648},{"@type":"BreadcrumbList","@id":"https:\/\/noaksark.org\/ostergotland\/en\/hivtest\/#breadcrumb","itemListElement":[{"@type":"ListItem","position":1,"name":"Home","item":"https:\/\/noaksark.org\/ostergotland\/en\/"},{"@type":"ListItem","position":2,"name":"HIV test"}]},{"@type":"WebSite","@id":"https:\/\/noaksark.org\/ostergotland\/en\/#website","url":"https:\/\/noaksark.org\/ostergotland\/en\/","name":"Noaks Ark \u00d6sterg\u00f6tland","description":"","potentialAction":[{"@type":"SearchAction","target":{"@type":"EntryPoint","urlTemplate":"https:\/\/noaksark.org\/ostergotland\/en\/?s={search_term_string}"},"query-input":{"@type":"PropertyValueSpecification","valueRequired":true,"valueName":"search_term_string"}}],"inLanguage":"en-US"}]}},"_links":{"self":[{"href":"https:\/\/noaksark.org\/ostergotland\/en\/wp-json\/wp\/v2\/pages\/670","targetHints":{"allow":["GET"]}}],"collection":[{"href":"https:\/\/noaksark.org\/ostergotland\/en\/wp-json\/wp\/v2\/pages"}],"about":[{"href":"https:\/\/noaksark.org\/ostergotland\/en\/wp-json\/wp\/v2\/types\/page"}],"author":[{"embeddable":true,"href":"https:\/\/noaksark.org\/ostergotland\/en\/wp-json\/wp\/v2\/users\/27"}],"replies":[{"embeddable":true,"href":"https:\/\/noaksark.org\/ostergotland\/en\/wp-json\/wp\/v2\/comments?post=670"}],"version-history":[{"count":9,"href":"https:\/\/noaksark.org\/ostergotland\/en\/wp-json\/wp\/v2\/pages\/670\/revisions"}],"predecessor-version":[{"id":1165,"href":"https:\/\/noaksark.org\/ostergotland\/en\/wp-json\/wp\/v2\/pages\/670\/revisions\/1165"}],"wp:featuredmedia":[{"embeddable":true,"href":"https:\/\/noaksark.org\/ostergotland\/en\/wp-json\/wp\/v2\/media\/661"}],"wp:attachment":[{"href":"https:\/\/noaksark.org\/ostergotland\/en\/wp-json\/wp\/v2\/media?parent=670"}],"curies":[{"name":"wp","href":"https:\/\/api.w.org\/{rel}","templated":true}]}}