{"id":991,"date":"2025-06-13T08:44:40","date_gmt":"2025-06-13T06:44:40","guid":{"rendered":"https:\/\/noaksark.org\/norra-norrland\/?page_id=991"},"modified":"2025-06-13T17:01:44","modified_gmt":"2025-06-13T15:01:44","slug":"bli-volontar","status":"publish","type":"page","link":"https:\/\/noaksark.org\/norra-norrland\/om-oss\/bli-volontar\/","title":{"rendered":"Bli volont\u00e4r"},"content":{"rendered":"\n<h2 class=\"wp-block-heading\" id=\"h-engagera-dig-i-var-forening-bli-en-av-oss\">Engagera dig i v\u00e5r f\u00f6rening \u2013 Bli en av oss<\/h2>\n\n\n\n<p>Du beh\u00f6vs! Vi p\u00e5 Noaks Ark Norra Norrland s\u00f6ker volont\u00e4rer f\u00f6r v\u00e5rt arbete med att begr\u00e4nsa spridningen av hiv och lindra dess sociala konsekvenser. Hos Noaks Ark har du m\u00f6jlighet att bidra till att minska stigma och diskriminering, att utvecklas och att g\u00f6ra gott f\u00f6r dig och andra.<\/p>\n\n\n\n<h2 class=\"wp-block-heading\" id=\"h-volontar\">Volont\u00e4r<\/h2>\n\n\n\n<p>En volont\u00e4r deltar i f\u00f6reningens verksamhet i den m\u00e5n en har tid och m\u00f6jlighet. Att vara volont\u00e4r \u00e4r ett frivilligt uppdrag och man f\u00e5r inget betalt.&nbsp;<\/p>\n\n\n\n<p>F\u00f6r n\u00e4rvarande s\u00f6ker vi volont\u00e4rer i b\u00e5de Ume\u00e5 och Lule\u00e5. Vi beh\u00f6ver n\u00e5gra personer som vill hj\u00e4lpa till vid ut\u00e5triktade aktiviteter i V\u00e4sterbotten respektive Norrbotten, d\u00e4r vi bland annat delar ut informationsmaterial om hiv.<\/p>\n\n\n\n<div class=\"wp-block-contact-form-7-contact-form-selector\">\n<div class=\"wpcf7 no-js\" id=\"wpcf7-f990-o1\" lang=\"sv-SE\" dir=\"ltr\" data-wpcf7-id=\"990\">\n<div class=\"screen-reader-response\"><p role=\"status\" aria-live=\"polite\" aria-atomic=\"true\"><\/p> <ul><\/ul><\/div>\n<form action=\"\/norra-norrland\/wp-json\/wp\/v2\/pages\/991#wpcf7-f990-o1\" method=\"post\" class=\"wpcf7-form init\" aria-label=\"Kontaktformul\u00e4r\" novalidate=\"novalidate\" data-status=\"init\">\n<fieldset class=\"hidden-fields-container\"><input type=\"hidden\" name=\"_wpcf7\" value=\"990\" \/><input type=\"hidden\" name=\"_wpcf7_version\" value=\"6.1.5\" \/><input type=\"hidden\" name=\"_wpcf7_locale\" value=\"sv_SE\" \/><input type=\"hidden\" name=\"_wpcf7_unit_tag\" value=\"wpcf7-f990-o1\" \/><input type=\"hidden\" name=\"_wpcf7_container_post\" value=\"0\" \/><input type=\"hidden\" name=\"_wpcf7_posted_data_hash\" value=\"\" \/><input type=\"hidden\" name=\"_wpcf7_recaptcha_response\" value=\"\" \/>\n<\/fieldset>\n<div class=\"business-partner-form p-3\">\n\t<h4>Vill du bli en av oss?\n\t<\/h4>\n\t<p>Skicka en ans\u00f6kan via formul\u00e4ret nedan d\u00e4r du ber\u00e4ttar lite om dig sj\u00e4lv s\u00e5 kontaktar vi dig.\n\t<\/p>\n\t<div class=\"row\">\n\t\t<div class=\"col-sm-12\">\n\t\t\t<h6>Namn\n\t\t\t<\/h6>\n\t\t\t<p><span class=\"wpcf7-form-control-wrap\" data-name=\"your-name\"><input size=\"40\" maxlength=\"400\" class=\"wpcf7-form-control wpcf7-text wpcf7-validates-as-required form-control\" aria-required=\"true\" aria-invalid=\"false\" value=\"\" type=\"text\" name=\"your-name\" \/><\/span>\n\t\t\t<\/p>\n\t\t<\/div>\n\t\t<div class=\"col-sm-12 col-lg-6\">\n\t\t\t<h6>Telefonnummer\n\t\t\t<\/h6>\n\t\t\t<p><span class=\"wpcf7-form-control-wrap\" data-name=\"phone-number\"><input size=\"40\" maxlength=\"400\" class=\"wpcf7-form-control wpcf7-text form-control\" aria-invalid=\"false\" value=\"\" type=\"text\" name=\"phone-number\" \/><\/span>\n\t\t\t<\/p>\n\t\t<\/div>\n\t\t<div class=\"col-sm-12 col-lg-6\">\n\t\t\t<h6>E-mail\n\t\t\t<\/h6>\n\t\t\t<p><span class=\"wpcf7-form-control-wrap\" data-name=\"your-email\"><input size=\"40\" maxlength=\"400\" class=\"wpcf7-form-control wpcf7-email wpcf7-validates-as-required wpcf7-text wpcf7-validates-as-email form-control\" aria-required=\"true\" aria-invalid=\"false\" value=\"\" type=\"email\" name=\"your-email\" \/><\/span>\n\t\t\t<\/p>\n\t\t<\/div>\n\t\t<div class=\"col-sm-12\">\n\t\t\t<h6>Ditt meddelande\n\t\t\t<\/h6>\n\t\t\t<p><span class=\"wpcf7-form-control-wrap\" data-name=\"your-message\"><textarea cols=\"40\" rows=\"10\" maxlength=\"2000\" class=\"wpcf7-form-control wpcf7-textarea form-control\" aria-invalid=\"false\" name=\"your-message\"><\/textarea><\/span>\n\t\t\t<\/p>\n\t\t<\/div>\n\t\t<p><span class=\"wpcf7-form-control-wrap\" data-name=\"acceptance-41\"><span class=\"wpcf7-form-control wpcf7-acceptance\"><span class=\"wpcf7-list-item\"><label><input type=\"checkbox\" name=\"acceptance-41\" value=\"1\" aria-invalid=\"false\" \/><span class=\"wpcf7-list-item-label\">Jag godk\u00e4nner Noaks Arks <a href=\"https:\/\/noaksark.org\/om-oss\/personuppgiftspolicy\/\">behandling av mina personuppgifter.<\/a><\/span><\/label><\/span><\/span><\/span>\n\t\t<\/p>\n\t\t<p><input class=\"wpcf7-form-control wpcf7-submit has-spinner\" type=\"submit\" value=\"Skicka intresseanm\u00e4lan\" \/>\n\t\t<\/p>\n\t\t<p>Eller <a href=\"https:\/\/noaksark.org\/norra-norrland\/om-oss\/kontakta-oss\/\">kontakta oss<\/a> om du har n\u00e5gra fr\u00e5gor!\n\t\t<\/p>\n\t<\/div>\n<\/div><div class=\"wpcf7-response-output\" aria-hidden=\"true\"><\/div>\n<\/form>\n<\/div>\n<\/div>\n","protected":false},"excerpt":{"rendered":"<p>Engagera dig i v\u00e5r f\u00f6rening \u2013 Bli en av oss Du beh\u00f6vs! Vi p\u00e5 Noaks Ark Norra Norrland s\u00f6ker volont\u00e4rer f\u00f6r v\u00e5rt arbete med att begr\u00e4nsa spridningen av hiv och lindra dess sociala konsekvenser. Hos&#8230;<\/p>\n","protected":false},"author":27,"featured_media":0,"parent":119,"menu_order":0,"comment_status":"closed","ping_status":"closed","template":"","meta":{"_acf_changed":false,"footnotes":""},"class_list":["post-991","page","type-page","status-publish","hentry"],"acf":[],"yoast_head":"<!-- This site is optimized with the Yoast SEO Premium plugin v27.3 (Yoast SEO v27.4) - https:\/\/yoast.com\/product\/yoast-seo-premium-wordpress\/ -->\n<title>Bli volont\u00e4r - Noaks Ark Norra Norrland<\/title>\n<meta name=\"robots\" content=\"index, follow, max-snippet:-1, max-image-preview:large, max-video-preview:-1\" \/>\n<link rel=\"canonical\" href=\"https:\/\/noaksark.org\/norra-norrland\/om-oss\/bli-volontar\/\" \/>\n<meta property=\"og:locale\" content=\"sv_SE\" \/>\n<meta property=\"og:type\" content=\"article\" \/>\n<meta property=\"og:title\" content=\"Bli volont\u00e4r\" \/>\n<meta property=\"og:description\" content=\"Engagera dig i v\u00e5r f\u00f6rening \u2013 Bli en av oss Du beh\u00f6vs! Vi p\u00e5 Noaks Ark Norra Norrland s\u00f6ker volont\u00e4rer f\u00f6r v\u00e5rt arbete med att begr\u00e4nsa spridningen av hiv och lindra dess sociala konsekvenser. Hos...\" \/>\n<meta property=\"og:url\" content=\"https:\/\/noaksark.org\/norra-norrland\/om-oss\/bli-volontar\/\" \/>\n<meta property=\"og:site_name\" content=\"Noaks Ark Norra Norrland\" \/>\n<meta property=\"article:modified_time\" content=\"2025-06-13T15:01:44+00:00\" \/>\n<meta name=\"twitter:card\" content=\"summary_large_image\" \/>\n<meta name=\"twitter:label1\" content=\"Ber\u00e4knad l\u00e4stid\" \/>\n\t<meta name=\"twitter:data1\" content=\"1 minut\" \/>\n<script type=\"application\/ld+json\" class=\"yoast-schema-graph\">{\"@context\":\"https:\\\/\\\/schema.org\",\"@graph\":[{\"@type\":\"WebPage\",\"@id\":\"https:\\\/\\\/noaksark.org\\\/norra-norrland\\\/om-oss\\\/bli-volontar\\\/\",\"url\":\"https:\\\/\\\/noaksark.org\\\/norra-norrland\\\/om-oss\\\/bli-volontar\\\/\",\"name\":\"Bli volont\u00e4r - Noaks Ark Norra Norrland\",\"isPartOf\":{\"@id\":\"https:\\\/\\\/noaksark.org\\\/norra-norrland\\\/#website\"},\"datePublished\":\"2025-06-13T06:44:40+00:00\",\"dateModified\":\"2025-06-13T15:01:44+00:00\",\"breadcrumb\":{\"@id\":\"https:\\\/\\\/noaksark.org\\\/norra-norrland\\\/om-oss\\\/bli-volontar\\\/#breadcrumb\"},\"inLanguage\":\"sv-SE\",\"potentialAction\":[{\"@type\":\"ReadAction\",\"target\":[\"https:\\\/\\\/noaksark.org\\\/norra-norrland\\\/om-oss\\\/bli-volontar\\\/\"]}]},{\"@type\":\"BreadcrumbList\",\"@id\":\"https:\\\/\\\/noaksark.org\\\/norra-norrland\\\/om-oss\\\/bli-volontar\\\/#breadcrumb\",\"itemListElement\":[{\"@type\":\"ListItem\",\"position\":1,\"name\":\"Home\",\"item\":\"https:\\\/\\\/noaksark.org\\\/norra-norrland\\\/\"},{\"@type\":\"ListItem\",\"position\":2,\"name\":\"Om oss\",\"item\":\"https:\\\/\\\/noaksark.org\\\/norra-norrland\\\/om-oss\\\/\"},{\"@type\":\"ListItem\",\"position\":3,\"name\":\"Bli volont\u00e4r\"}]},{\"@type\":\"WebSite\",\"@id\":\"https:\\\/\\\/noaksark.org\\\/norra-norrland\\\/#website\",\"url\":\"https:\\\/\\\/noaksark.org\\\/norra-norrland\\\/\",\"name\":\"Noaks Ark Norra Norrland\",\"description\":\"\",\"potentialAction\":[{\"@type\":\"SearchAction\",\"target\":{\"@type\":\"EntryPoint\",\"urlTemplate\":\"https:\\\/\\\/noaksark.org\\\/norra-norrland\\\/?s={search_term_string}\"},\"query-input\":{\"@type\":\"PropertyValueSpecification\",\"valueRequired\":true,\"valueName\":\"search_term_string\"}}],\"inLanguage\":\"sv-SE\"}]}<\/script>\n<!-- \/ Yoast SEO Premium plugin. -->","yoast_head_json":{"title":"Bli volont\u00e4r - Noaks Ark Norra Norrland","robots":{"index":"index","follow":"follow","max-snippet":"max-snippet:-1","max-image-preview":"max-image-preview:large","max-video-preview":"max-video-preview:-1"},"canonical":"https:\/\/noaksark.org\/norra-norrland\/om-oss\/bli-volontar\/","og_locale":"sv_SE","og_type":"article","og_title":"Bli volont\u00e4r","og_description":"Engagera dig i v\u00e5r f\u00f6rening \u2013 Bli en av oss Du beh\u00f6vs! Vi p\u00e5 Noaks Ark Norra Norrland s\u00f6ker volont\u00e4rer f\u00f6r v\u00e5rt arbete med att begr\u00e4nsa spridningen av hiv och lindra dess sociala konsekvenser. Hos...","og_url":"https:\/\/noaksark.org\/norra-norrland\/om-oss\/bli-volontar\/","og_site_name":"Noaks Ark Norra Norrland","article_modified_time":"2025-06-13T15:01:44+00:00","twitter_card":"summary_large_image","twitter_misc":{"Ber\u00e4knad l\u00e4stid":"1 minut"},"schema":{"@context":"https:\/\/schema.org","@graph":[{"@type":"WebPage","@id":"https:\/\/noaksark.org\/norra-norrland\/om-oss\/bli-volontar\/","url":"https:\/\/noaksark.org\/norra-norrland\/om-oss\/bli-volontar\/","name":"Bli volont\u00e4r - Noaks Ark Norra Norrland","isPartOf":{"@id":"https:\/\/noaksark.org\/norra-norrland\/#website"},"datePublished":"2025-06-13T06:44:40+00:00","dateModified":"2025-06-13T15:01:44+00:00","breadcrumb":{"@id":"https:\/\/noaksark.org\/norra-norrland\/om-oss\/bli-volontar\/#breadcrumb"},"inLanguage":"sv-SE","potentialAction":[{"@type":"ReadAction","target":["https:\/\/noaksark.org\/norra-norrland\/om-oss\/bli-volontar\/"]}]},{"@type":"BreadcrumbList","@id":"https:\/\/noaksark.org\/norra-norrland\/om-oss\/bli-volontar\/#breadcrumb","itemListElement":[{"@type":"ListItem","position":1,"name":"Home","item":"https:\/\/noaksark.org\/norra-norrland\/"},{"@type":"ListItem","position":2,"name":"Om oss","item":"https:\/\/noaksark.org\/norra-norrland\/om-oss\/"},{"@type":"ListItem","position":3,"name":"Bli volont\u00e4r"}]},{"@type":"WebSite","@id":"https:\/\/noaksark.org\/norra-norrland\/#website","url":"https:\/\/noaksark.org\/norra-norrland\/","name":"Noaks Ark Norra Norrland","description":"","potentialAction":[{"@type":"SearchAction","target":{"@type":"EntryPoint","urlTemplate":"https:\/\/noaksark.org\/norra-norrland\/?s={search_term_string}"},"query-input":{"@type":"PropertyValueSpecification","valueRequired":true,"valueName":"search_term_string"}}],"inLanguage":"sv-SE"}]}},"_links":{"self":[{"href":"https:\/\/noaksark.org\/norra-norrland\/wp-json\/wp\/v2\/pages\/991","targetHints":{"allow":["GET"]}}],"collection":[{"href":"https:\/\/noaksark.org\/norra-norrland\/wp-json\/wp\/v2\/pages"}],"about":[{"href":"https:\/\/noaksark.org\/norra-norrland\/wp-json\/wp\/v2\/types\/page"}],"author":[{"embeddable":true,"href":"https:\/\/noaksark.org\/norra-norrland\/wp-json\/wp\/v2\/users\/27"}],"replies":[{"embeddable":true,"href":"https:\/\/noaksark.org\/norra-norrland\/wp-json\/wp\/v2\/comments?post=991"}],"version-history":[{"count":2,"href":"https:\/\/noaksark.org\/norra-norrland\/wp-json\/wp\/v2\/pages\/991\/revisions"}],"predecessor-version":[{"id":993,"href":"https:\/\/noaksark.org\/norra-norrland\/wp-json\/wp\/v2\/pages\/991\/revisions\/993"}],"up":[{"embeddable":true,"href":"https:\/\/noaksark.org\/norra-norrland\/wp-json\/wp\/v2\/pages\/119"}],"wp:attachment":[{"href":"https:\/\/noaksark.org\/norra-norrland\/wp-json\/wp\/v2\/media?parent=991"}],"curies":[{"name":"wp","href":"https:\/\/api.w.org\/{rel}","templated":true}]}}