{"id":903,"date":"2025-04-10T21:09:28","date_gmt":"2025-04-10T19:09:28","guid":{"rendered":"https:\/\/noaksark.org\/norra-norrland\/?page_id=903"},"modified":"2025-04-25T16:34:13","modified_gmt":"2025-04-25T14:34:13","slug":"testa-dig-har","status":"publish","type":"page","link":"https:\/\/noaksark.org\/norra-norrland\/testa-dig-har\/","title":{"rendered":"Testa dig h\u00e4r!"},"content":{"rendered":"\n<p>Vi p\u00e5 Noaks Ark Norra Norrland erbjuder f\u00f6r n\u00e4rvarande inte hivtestning. Nedan finns information om vart du kan hivtesta dig i Norrbotten och V\u00e4sterbotten. Hivtestning \u00e4r alltid kostnadsfri, oavsett vart du v\u00e4nder dig!<\/p>\n\n\n\n<div class=\"wp-block-columns is-layout-flex wp-container-core-columns-is-layout-9d6595d7 wp-block-columns-is-layout-flex\">\n<div class=\"wp-block-column is-layout-flow wp-block-column-is-layout-flow\">\n<h2 class=\"wp-block-heading\" id=\"h-i-norrbotten\">I Norrbotten<\/h2>\n<\/div>\n\n\n\n<div class=\"wp-block-column is-layout-flow wp-block-column-is-layout-flow\">\n<h2 class=\"wp-block-heading\" id=\"h-i-vasterbotten\">I V\u00e4sterbotten<\/h2>\n<\/div>\n<\/div>\n\n\n\n<div class=\"wp-block-columns is-layout-flex wp-container-core-columns-is-layout-9d6595d7 wp-block-columns-is-layout-flex\">\n<div class=\"wp-block-column is-layout-flow wp-block-column-is-layout-flow\">\n<ul class=\"wp-block-list\">\n<li>V\u00e4nd dig i f\u00f6rsta hand till den h\u00e4lsocentral du tillh\u00f6r.<\/li>\n\n\n\n<li>\u00c4r du mellan 13 och 25 \u00e5r kan du hivtesta dig hos n\u00e4rmaste Ungdomsmottagning.<\/li>\n\n\n\n<li>Det g\u00e5r \u00e4ven att hivtesta sig hos Infektionsmottagningen p\u00e5 Sunderby sjukhus.<\/li>\n<\/ul>\n\n\n\n<p>H\u00e4r kan du l\u00e4sa mer om de olika mottagningarna i Region Norrbotten:<\/p>\n\n\n\n<ul class=\"wp-block-list\">\n<li><a href=\"https:\/\/www.norrbotten.se\/sv\/vard-och-halsa\/vara-vardenheter\/halsocentraler\/\" target=\"_blank\" rel=\"noreferrer noopener\">H\u00e4lsocentraler<\/a><\/li>\n\n\n\n<li><a href=\"https:\/\/www.norrbotten.se\/sv\/vard-och-halsa\/vara-vardenheter\/ungdomsmottagningar\/\" target=\"_blank\" rel=\"noreferrer noopener\">Ungdomsmottagningar<\/a><\/li>\n\n\n\n<li><a href=\"https:\/\/www.norrbotten.se\/sv\/vard-och-halsa\/vara-vardenheter\/kliniker-och-mottagningar\/infektionsmottagningen-sunderby-sjukhus\/\" target=\"_blank\" rel=\"noreferrer noopener\">Infektionsmottagningen Sunderby sjukhus<\/a><\/li>\n<\/ul>\n<\/div>\n\n\n\n<div class=\"wp-block-column is-layout-flow wp-block-column-is-layout-flow\">\n<ul class=\"wp-block-list\">\n<li>V\u00e4nd dig f\u00f6rst och fr\u00e4mst till den h\u00e4lsocentral du tillh\u00f6r.<\/li>\n\n\n\n<li>\u00c4r du mellan 13 och 23 \u00e5r kan du testa dig hos n\u00e4rmaste ungdomsmottagning.<\/li>\n\n\n\n<li>Ume\u00e5 Universitets studenth\u00e4lsa.<\/li>\n\n\n\n<li>Infektionskliniken samt Hud- och STD-mottagningen vid Universitetssjukhuset i Ume\u00e5.<\/li>\n\n\n\n<li>Barnmorskemottagningen vid Lycksele respektive Skellefte\u00e5 sjukhus.<\/li>\n\n\n\n<li>I V\u00e4sterbotten finns \u00e4ven&nbsp;<a href=\"https:\/\/www.1177.se\/Vasterbotten\/liv--halsa\/sexuell-halsa\/digitalt-stod-for-sexuell-halsa\/\" target=\"_blank\" rel=\"noreferrer noopener\">en app<\/a>&nbsp;f\u00f6r dig som har sv\u00e5rt att ta dig till en fysisk mottagning.<\/li>\n<\/ul>\n\n\n\n<p>H\u00e4r kan du l\u00e4sa mer om de olika mottagningarna i Region V\u00e4sterbotten:<\/p>\n\n\n\n<ul class=\"wp-block-list\">\n<li><a href=\"https:\/\/www.1177.se\/Vasterbotten\/hitta-vard\/?st=bd1adfde-4728-48af-b6ec-ff9fe30b53d4&amp;nearby=false&amp;s=distance&amp;g=ChIJMwbPXVNAeUYRD9qCNYa3TQs&amp;lat=&amp;lng=&amp;caretype-list=V%C3%A5rdcentral&amp;location=V%C3%A4sterbottens+l%C3%A4n&amp;caretype=V%C3%A5rdcentral&amp;q=\" target=\"_blank\" rel=\"noreferrer noopener\">V\u00e5rdcentraler och h\u00e4lsomottagningar<\/a><\/li>\n\n\n\n<li><a href=\"https:\/\/www.1177.se\/Vasterbotten\/sa-fungerar-varden\/varden-i-vasterbotten\/kontakt\/ungdomsmottagningen\/\" target=\"_blank\" rel=\"noreferrer noopener\">Ungdomsmottagningar<\/a><\/li>\n\n\n\n<li><a href=\"https:\/\/www.umu.se\/student\/stod-och-hjalp\/studenthalsan\/\" target=\"_blank\" rel=\"noreferrer noopener\">Ume\u00e5 Universitets studenth\u00e4lsa<\/a><\/li>\n\n\n\n<li><a href=\"https:\/\/www.1177.se\/Vasterbotten\/hitta-vard\/kontaktkort\/Infektionsklinik-Umea\/\" target=\"_blank\" rel=\"noreferrer noopener\">Ume\u00e5 Universitetssjukhus infektionsavdelning<\/a><\/li>\n\n\n\n<li><a href=\"https:\/\/www.1177.se\/Vasterbotten\/hitta-vard\/kontaktkort\/Hud-och-STD-Vasterbotten\/\" target=\"_blank\" rel=\"noreferrer noopener\">Ume\u00e5 Universitetssjukhus hud och STD-mottagning<\/a><\/li>\n\n\n\n<li><a href=\"https:\/\/www.1177.se\/Vasterbotten\/hitta-vard\/kontaktkort\/Barnmorskemottagning-Lycksele\/\">Barnmorskemottagning, Lycksele sjukhus<\/a><\/li>\n\n\n\n<li><a href=\"https:\/\/www.1177.se\/Vasterbotten\/hitta-vard\/kontaktkort\/Barnmorskemottagning-Skelleftea\/\">Barnmorskemottagning, Skellefte\u00e5 sjukhus<\/a><\/li>\n<\/ul>\n<\/div>\n<\/div>\n\n\n\n<p><\/p>\n","protected":false},"excerpt":{"rendered":"<p>Vi p\u00e5 Noaks Ark Norra Norrland erbjuder f\u00f6r n\u00e4rvarande inte hivtestning. Nedan finns information om vart du kan hivtesta dig i Norrbotten och V\u00e4sterbotten. Hivtestning \u00e4r alltid kostnadsfri, oavsett vart du v\u00e4nder dig! I Norrbotten&#8230;<\/p>\n","protected":false},"author":26,"featured_media":940,"parent":0,"menu_order":0,"comment_status":"closed","ping_status":"closed","template":"","meta":{"_acf_changed":false,"footnotes":""},"class_list":["post-903","page","type-page","status-publish","has-post-thumbnail","hentry"],"acf":[],"yoast_head":"<!-- This site is optimized with the Yoast SEO Premium plugin v27.3 (Yoast SEO v27.4) - https:\/\/yoast.com\/product\/yoast-seo-premium-wordpress\/ -->\n<title>Testa dig h\u00e4r! - Noaks Ark Norra Norrland<\/title>\n<meta name=\"robots\" content=\"index, follow, max-snippet:-1, max-image-preview:large, max-video-preview:-1\" \/>\n<link rel=\"canonical\" href=\"https:\/\/noaksark.org\/norra-norrland\/testa-dig-har\/\" \/>\n<meta property=\"og:locale\" content=\"sv_SE\" \/>\n<meta property=\"og:type\" content=\"article\" \/>\n<meta property=\"og:title\" content=\"Testa dig h\u00e4r!\" \/>\n<meta property=\"og:description\" content=\"Vi p\u00e5 Noaks Ark Norra Norrland erbjuder f\u00f6r n\u00e4rvarande inte hivtestning. Nedan finns information om vart du kan hivtesta dig i Norrbotten och V\u00e4sterbotten. Hivtestning \u00e4r alltid kostnadsfri, oavsett vart du v\u00e4nder dig! I Norrbotten...\" \/>\n<meta property=\"og:url\" content=\"https:\/\/noaksark.org\/norra-norrland\/testa-dig-har\/\" \/>\n<meta property=\"og:site_name\" content=\"Noaks Ark Norra Norrland\" \/>\n<meta property=\"article:modified_time\" content=\"2025-04-25T14:34:13+00:00\" \/>\n<meta property=\"og:image\" content=\"https:\/\/noaksark.org\/norra-norrland\/wp-content\/uploads\/sites\/3\/2025\/04\/Navigera-1-beskard-2.jpg\" \/>\n\t<meta property=\"og:image:width\" content=\"2248\" \/>\n\t<meta property=\"og:image:height\" content=\"1325\" \/>\n\t<meta property=\"og:image:type\" content=\"image\/jpeg\" \/>\n<meta name=\"twitter:card\" content=\"summary_large_image\" \/>\n<meta name=\"twitter:label1\" content=\"Ber\u00e4knad l\u00e4stid\" \/>\n\t<meta name=\"twitter:data1\" content=\"2 minuter\" \/>\n<script type=\"application\/ld+json\" class=\"yoast-schema-graph\">{\"@context\":\"https:\\\/\\\/schema.org\",\"@graph\":[{\"@type\":\"WebPage\",\"@id\":\"https:\\\/\\\/noaksark.org\\\/norra-norrland\\\/testa-dig-har\\\/\",\"url\":\"https:\\\/\\\/noaksark.org\\\/norra-norrland\\\/testa-dig-har\\\/\",\"name\":\"Testa dig h\u00e4r! - Noaks Ark Norra Norrland\",\"isPartOf\":{\"@id\":\"https:\\\/\\\/noaksark.org\\\/norra-norrland\\\/#website\"},\"primaryImageOfPage\":{\"@id\":\"https:\\\/\\\/noaksark.org\\\/norra-norrland\\\/testa-dig-har\\\/#primaryimage\"},\"image\":{\"@id\":\"https:\\\/\\\/noaksark.org\\\/norra-norrland\\\/testa-dig-har\\\/#primaryimage\"},\"thumbnailUrl\":\"https:\\\/\\\/noaksark.org\\\/norra-norrland\\\/wp-content\\\/uploads\\\/sites\\\/3\\\/2025\\\/04\\\/Navigera-1-beskard-2.jpg\",\"datePublished\":\"2025-04-10T19:09:28+00:00\",\"dateModified\":\"2025-04-25T14:34:13+00:00\",\"breadcrumb\":{\"@id\":\"https:\\\/\\\/noaksark.org\\\/norra-norrland\\\/testa-dig-har\\\/#breadcrumb\"},\"inLanguage\":\"sv-SE\",\"potentialAction\":[{\"@type\":\"ReadAction\",\"target\":[\"https:\\\/\\\/noaksark.org\\\/norra-norrland\\\/testa-dig-har\\\/\"]}]},{\"@type\":\"ImageObject\",\"inLanguage\":\"sv-SE\",\"@id\":\"https:\\\/\\\/noaksark.org\\\/norra-norrland\\\/testa-dig-har\\\/#primaryimage\",\"url\":\"https:\\\/\\\/noaksark.org\\\/norra-norrland\\\/wp-content\\\/uploads\\\/sites\\\/3\\\/2025\\\/04\\\/Navigera-1-beskard-2.jpg\",\"contentUrl\":\"https:\\\/\\\/noaksark.org\\\/norra-norrland\\\/wp-content\\\/uploads\\\/sites\\\/3\\\/2025\\\/04\\\/Navigera-1-beskard-2.jpg\",\"width\":2248,\"height\":1325},{\"@type\":\"BreadcrumbList\",\"@id\":\"https:\\\/\\\/noaksark.org\\\/norra-norrland\\\/testa-dig-har\\\/#breadcrumb\",\"itemListElement\":[{\"@type\":\"ListItem\",\"position\":1,\"name\":\"Home\",\"item\":\"https:\\\/\\\/noaksark.org\\\/norra-norrland\\\/\"},{\"@type\":\"ListItem\",\"position\":2,\"name\":\"Testa dig h\u00e4r!\"}]},{\"@type\":\"WebSite\",\"@id\":\"https:\\\/\\\/noaksark.org\\\/norra-norrland\\\/#website\",\"url\":\"https:\\\/\\\/noaksark.org\\\/norra-norrland\\\/\",\"name\":\"Noaks Ark Norra Norrland\",\"description\":\"\",\"potentialAction\":[{\"@type\":\"SearchAction\",\"target\":{\"@type\":\"EntryPoint\",\"urlTemplate\":\"https:\\\/\\\/noaksark.org\\\/norra-norrland\\\/?s={search_term_string}\"},\"query-input\":{\"@type\":\"PropertyValueSpecification\",\"valueRequired\":true,\"valueName\":\"search_term_string\"}}],\"inLanguage\":\"sv-SE\"}]}<\/script>\n<!-- \/ Yoast SEO Premium plugin. -->","yoast_head_json":{"title":"Testa dig h\u00e4r! - Noaks Ark Norra Norrland","robots":{"index":"index","follow":"follow","max-snippet":"max-snippet:-1","max-image-preview":"max-image-preview:large","max-video-preview":"max-video-preview:-1"},"canonical":"https:\/\/noaksark.org\/norra-norrland\/testa-dig-har\/","og_locale":"sv_SE","og_type":"article","og_title":"Testa dig h\u00e4r!","og_description":"Vi p\u00e5 Noaks Ark Norra Norrland erbjuder f\u00f6r n\u00e4rvarande inte hivtestning. Nedan finns information om vart du kan hivtesta dig i Norrbotten och V\u00e4sterbotten. Hivtestning \u00e4r alltid kostnadsfri, oavsett vart du v\u00e4nder dig! I Norrbotten...","og_url":"https:\/\/noaksark.org\/norra-norrland\/testa-dig-har\/","og_site_name":"Noaks Ark Norra Norrland","article_modified_time":"2025-04-25T14:34:13+00:00","og_image":[{"width":2248,"height":1325,"url":"https:\/\/noaksark.org\/norra-norrland\/wp-content\/uploads\/sites\/3\/2025\/04\/Navigera-1-beskard-2.jpg","type":"image\/jpeg"}],"twitter_card":"summary_large_image","twitter_misc":{"Ber\u00e4knad l\u00e4stid":"2 minuter"},"schema":{"@context":"https:\/\/schema.org","@graph":[{"@type":"WebPage","@id":"https:\/\/noaksark.org\/norra-norrland\/testa-dig-har\/","url":"https:\/\/noaksark.org\/norra-norrland\/testa-dig-har\/","name":"Testa dig h\u00e4r! - Noaks Ark Norra Norrland","isPartOf":{"@id":"https:\/\/noaksark.org\/norra-norrland\/#website"},"primaryImageOfPage":{"@id":"https:\/\/noaksark.org\/norra-norrland\/testa-dig-har\/#primaryimage"},"image":{"@id":"https:\/\/noaksark.org\/norra-norrland\/testa-dig-har\/#primaryimage"},"thumbnailUrl":"https:\/\/noaksark.org\/norra-norrland\/wp-content\/uploads\/sites\/3\/2025\/04\/Navigera-1-beskard-2.jpg","datePublished":"2025-04-10T19:09:28+00:00","dateModified":"2025-04-25T14:34:13+00:00","breadcrumb":{"@id":"https:\/\/noaksark.org\/norra-norrland\/testa-dig-har\/#breadcrumb"},"inLanguage":"sv-SE","potentialAction":[{"@type":"ReadAction","target":["https:\/\/noaksark.org\/norra-norrland\/testa-dig-har\/"]}]},{"@type":"ImageObject","inLanguage":"sv-SE","@id":"https:\/\/noaksark.org\/norra-norrland\/testa-dig-har\/#primaryimage","url":"https:\/\/noaksark.org\/norra-norrland\/wp-content\/uploads\/sites\/3\/2025\/04\/Navigera-1-beskard-2.jpg","contentUrl":"https:\/\/noaksark.org\/norra-norrland\/wp-content\/uploads\/sites\/3\/2025\/04\/Navigera-1-beskard-2.jpg","width":2248,"height":1325},{"@type":"BreadcrumbList","@id":"https:\/\/noaksark.org\/norra-norrland\/testa-dig-har\/#breadcrumb","itemListElement":[{"@type":"ListItem","position":1,"name":"Home","item":"https:\/\/noaksark.org\/norra-norrland\/"},{"@type":"ListItem","position":2,"name":"Testa dig h\u00e4r!"}]},{"@type":"WebSite","@id":"https:\/\/noaksark.org\/norra-norrland\/#website","url":"https:\/\/noaksark.org\/norra-norrland\/","name":"Noaks Ark Norra Norrland","description":"","potentialAction":[{"@type":"SearchAction","target":{"@type":"EntryPoint","urlTemplate":"https:\/\/noaksark.org\/norra-norrland\/?s={search_term_string}"},"query-input":{"@type":"PropertyValueSpecification","valueRequired":true,"valueName":"search_term_string"}}],"inLanguage":"sv-SE"}]}},"_links":{"self":[{"href":"https:\/\/noaksark.org\/norra-norrland\/wp-json\/wp\/v2\/pages\/903","targetHints":{"allow":["GET"]}}],"collection":[{"href":"https:\/\/noaksark.org\/norra-norrland\/wp-json\/wp\/v2\/pages"}],"about":[{"href":"https:\/\/noaksark.org\/norra-norrland\/wp-json\/wp\/v2\/types\/page"}],"author":[{"embeddable":true,"href":"https:\/\/noaksark.org\/norra-norrland\/wp-json\/wp\/v2\/users\/26"}],"replies":[{"embeddable":true,"href":"https:\/\/noaksark.org\/norra-norrland\/wp-json\/wp\/v2\/comments?post=903"}],"version-history":[{"count":4,"href":"https:\/\/noaksark.org\/norra-norrland\/wp-json\/wp\/v2\/pages\/903\/revisions"}],"predecessor-version":[{"id":965,"href":"https:\/\/noaksark.org\/norra-norrland\/wp-json\/wp\/v2\/pages\/903\/revisions\/965"}],"wp:featuredmedia":[{"embeddable":true,"href":"https:\/\/noaksark.org\/norra-norrland\/wp-json\/wp\/v2\/media\/940"}],"wp:attachment":[{"href":"https:\/\/noaksark.org\/norra-norrland\/wp-json\/wp\/v2\/media?parent=903"}],"curies":[{"name":"wp","href":"https:\/\/api.w.org\/{rel}","templated":true}]}}