{"id":855,"date":"2025-04-02T16:26:17","date_gmt":"2025-04-02T14:26:17","guid":{"rendered":"https:\/\/noaksark.org\/norra-norrland\/?page_id=855"},"modified":"2025-04-24T12:25:27","modified_gmt":"2025-04-24T10:25:27","slug":"leva-med-hiv","status":"publish","type":"page","link":"https:\/\/noaksark.org\/norra-norrland\/leva-med-hiv\/","title":{"rendered":"Leva med hiv"},"content":{"rendered":"\n<p>Hiv p\u00e5verkar oss individuellt p\u00e5 olika s\u00e4tt, samtidig delar en m\u00e5nga erfarenheter med andra. V\u00e5r st\u00f6dverksamhet \u00e4r f\u00f6r personer som lever med hiv samt f\u00f6r n\u00e4rst\u00e5ende. Vi erbjuder dig olika insatser.<\/p>\n\n\n\n<h2 class=\"wp-block-heading\" id=\"h-for-dig\">F\u00f6r dig<\/h2>\n\n\n\n<p>Du som lever med hiv erbjuds m\u00f6jlighet till individuellt st\u00f6dsamtal, men \u00e4ven m\u00f6jlighet att m\u00f6ta andra i samma situation f\u00f6r gemenskap och erfarenhetsutbyte. Vi ordnar grupptr\u00e4ffar f\u00f6r personer som lever med hiv och som bor i Norrbotten respektive V\u00e4sterbotten. \u00c4ven n\u00e4rst\u00e5ende \u00e4r v\u00e4lkomna. Personal och volont\u00e4rer i v\u00e5r verksamhet har goda kunskaper om hiv och erfarenhet av st\u00f6djande insatser. <br>Vi har givetvis tystnadsplikt.<\/p>\n\n\n\n<h4 class=\"wp-block-heading\" id=\"h-traffar-i-norrbotten\">Tr\u00e4ffar i Norrbotten<\/h4>\n\n\n\n<p>Under fliken <a href=\"https:\/\/noaksark.org\/norra-norrland\/kalender\/\">P\u00c5 G\u00c5NG<\/a> kan du hitta datum f\u00f6r de kommande grupptr\u00e4ffarna. Vid v\u00e5ra grupptr\u00e4ffar umg\u00e5s vi och \u00e4ter tillsammans. Vi har \u00e4ven olika aktiviteter vid varje tr\u00e4ff. F\u00f6r mer information och anm\u00e4lan; mejla\u00a0<a href=\"mailto:info.norranorrland@noaksark.org\">info.norranorrland@noaksark.org<\/a><\/p>\n\n\n\n<h4 class=\"wp-block-heading\" id=\"h-traffar-i-vasterbotten\">Tr\u00e4ffar i V\u00e4sterbotten<\/h4>\n\n\n\n<p>Grupptr\u00e4ffar i V\u00e4sterbotten finns tyv\u00e4rr inte just nu, men de planeras komma inom en snar framtid.<\/p>\n","protected":false},"excerpt":{"rendered":"<p>Hiv p\u00e5verkar oss individuellt p\u00e5 olika s\u00e4tt, samtidig delar en m\u00e5nga erfarenheter med andra. V\u00e5r st\u00f6dverksamhet \u00e4r f\u00f6r personer som lever med hiv samt f\u00f6r n\u00e4rst\u00e5ende. Vi erbjuder dig olika insatser. F\u00f6r dig Du som&#8230;<\/p>\n","protected":false},"author":26,"featured_media":931,"parent":0,"menu_order":0,"comment_status":"closed","ping_status":"closed","template":"","meta":{"_acf_changed":false,"footnotes":""},"class_list":["post-855","page","type-page","status-publish","has-post-thumbnail","hentry"],"acf":[],"yoast_head":"<!-- This site is optimized with the Yoast SEO Premium plugin v27.5 (Yoast SEO v27.6) - https:\/\/yoast.com\/product\/yoast-seo-premium-wordpress\/ -->\n<title>Leva med hiv - Noaks Ark Norra Norrland<\/title>\n<meta name=\"robots\" content=\"index, follow, max-snippet:-1, max-image-preview:large, max-video-preview:-1\" \/>\n<link rel=\"canonical\" href=\"https:\/\/noaksark.org\/norra-norrland\/leva-med-hiv\/\" \/>\n<meta property=\"og:locale\" content=\"sv_SE\" \/>\n<meta property=\"og:type\" content=\"article\" \/>\n<meta property=\"og:title\" content=\"Leva med hiv\" \/>\n<meta property=\"og:description\" content=\"Hiv p\u00e5verkar oss individuellt p\u00e5 olika s\u00e4tt, samtidig delar en m\u00e5nga erfarenheter med andra. V\u00e5r st\u00f6dverksamhet \u00e4r f\u00f6r personer som lever med hiv samt f\u00f6r n\u00e4rst\u00e5ende. Vi erbjuder dig olika insatser. F\u00f6r dig Du som...\" \/>\n<meta property=\"og:url\" content=\"https:\/\/noaksark.org\/norra-norrland\/leva-med-hiv\/\" \/>\n<meta property=\"og:site_name\" content=\"Noaks Ark Norra Norrland\" \/>\n<meta property=\"article:modified_time\" content=\"2025-04-24T10:25:27+00:00\" \/>\n<meta property=\"og:image\" content=\"https:\/\/noaksark.org\/norra-norrland\/wp-content\/uploads\/sites\/3\/2025\/04\/Leva-med-hiv-2-beskard-scaled.jpg\" \/>\n\t<meta property=\"og:image:width\" content=\"2560\" \/>\n\t<meta property=\"og:image:height\" content=\"1375\" \/>\n\t<meta property=\"og:image:type\" content=\"image\/jpeg\" \/>\n<meta name=\"twitter:card\" content=\"summary_large_image\" \/>\n<meta name=\"twitter:label1\" content=\"Ber\u00e4knad l\u00e4stid\" \/>\n\t<meta name=\"twitter:data1\" content=\"1 minut\" \/>\n<script type=\"application\/ld+json\" class=\"yoast-schema-graph\">{\"@context\":\"https:\\\/\\\/schema.org\",\"@graph\":[{\"@type\":\"WebPage\",\"@id\":\"https:\\\/\\\/noaksark.org\\\/norra-norrland\\\/leva-med-hiv\\\/\",\"url\":\"https:\\\/\\\/noaksark.org\\\/norra-norrland\\\/leva-med-hiv\\\/\",\"name\":\"Leva med hiv - Noaks Ark Norra Norrland\",\"isPartOf\":{\"@id\":\"https:\\\/\\\/noaksark.org\\\/norra-norrland\\\/#website\"},\"primaryImageOfPage\":{\"@id\":\"https:\\\/\\\/noaksark.org\\\/norra-norrland\\\/leva-med-hiv\\\/#primaryimage\"},\"image\":{\"@id\":\"https:\\\/\\\/noaksark.org\\\/norra-norrland\\\/leva-med-hiv\\\/#primaryimage\"},\"thumbnailUrl\":\"https:\\\/\\\/noaksark.org\\\/norra-norrland\\\/wp-content\\\/uploads\\\/sites\\\/3\\\/2025\\\/04\\\/Leva-med-hiv-2-beskard-scaled.jpg\",\"datePublished\":\"2025-04-02T14:26:17+00:00\",\"dateModified\":\"2025-04-24T10:25:27+00:00\",\"breadcrumb\":{\"@id\":\"https:\\\/\\\/noaksark.org\\\/norra-norrland\\\/leva-med-hiv\\\/#breadcrumb\"},\"inLanguage\":\"sv-SE\",\"potentialAction\":[{\"@type\":\"ReadAction\",\"target\":[\"https:\\\/\\\/noaksark.org\\\/norra-norrland\\\/leva-med-hiv\\\/\"]}]},{\"@type\":\"ImageObject\",\"inLanguage\":\"sv-SE\",\"@id\":\"https:\\\/\\\/noaksark.org\\\/norra-norrland\\\/leva-med-hiv\\\/#primaryimage\",\"url\":\"https:\\\/\\\/noaksark.org\\\/norra-norrland\\\/wp-content\\\/uploads\\\/sites\\\/3\\\/2025\\\/04\\\/Leva-med-hiv-2-beskard-scaled.jpg\",\"contentUrl\":\"https:\\\/\\\/noaksark.org\\\/norra-norrland\\\/wp-content\\\/uploads\\\/sites\\\/3\\\/2025\\\/04\\\/Leva-med-hiv-2-beskard-scaled.jpg\",\"width\":2560,\"height\":1375},{\"@type\":\"BreadcrumbList\",\"@id\":\"https:\\\/\\\/noaksark.org\\\/norra-norrland\\\/leva-med-hiv\\\/#breadcrumb\",\"itemListElement\":[{\"@type\":\"ListItem\",\"position\":1,\"name\":\"Home\",\"item\":\"https:\\\/\\\/noaksark.org\\\/norra-norrland\\\/\"},{\"@type\":\"ListItem\",\"position\":2,\"name\":\"Leva med hiv\"}]},{\"@type\":\"WebSite\",\"@id\":\"https:\\\/\\\/noaksark.org\\\/norra-norrland\\\/#website\",\"url\":\"https:\\\/\\\/noaksark.org\\\/norra-norrland\\\/\",\"name\":\"Noaks Ark Norra Norrland\",\"description\":\"\",\"potentialAction\":[{\"@type\":\"SearchAction\",\"target\":{\"@type\":\"EntryPoint\",\"urlTemplate\":\"https:\\\/\\\/noaksark.org\\\/norra-norrland\\\/?s={search_term_string}\"},\"query-input\":{\"@type\":\"PropertyValueSpecification\",\"valueRequired\":true,\"valueName\":\"search_term_string\"}}],\"inLanguage\":\"sv-SE\"}]}<\/script>\n<!-- \/ Yoast SEO Premium plugin. -->","yoast_head_json":{"title":"Leva med hiv - Noaks Ark Norra Norrland","robots":{"index":"index","follow":"follow","max-snippet":"max-snippet:-1","max-image-preview":"max-image-preview:large","max-video-preview":"max-video-preview:-1"},"canonical":"https:\/\/noaksark.org\/norra-norrland\/leva-med-hiv\/","og_locale":"sv_SE","og_type":"article","og_title":"Leva med hiv","og_description":"Hiv p\u00e5verkar oss individuellt p\u00e5 olika s\u00e4tt, samtidig delar en m\u00e5nga erfarenheter med andra. V\u00e5r st\u00f6dverksamhet \u00e4r f\u00f6r personer som lever med hiv samt f\u00f6r n\u00e4rst\u00e5ende. Vi erbjuder dig olika insatser. F\u00f6r dig Du som...","og_url":"https:\/\/noaksark.org\/norra-norrland\/leva-med-hiv\/","og_site_name":"Noaks Ark Norra Norrland","article_modified_time":"2025-04-24T10:25:27+00:00","og_image":[{"width":2560,"height":1375,"url":"https:\/\/noaksark.org\/norra-norrland\/wp-content\/uploads\/sites\/3\/2025\/04\/Leva-med-hiv-2-beskard-scaled.jpg","type":"image\/jpeg"}],"twitter_card":"summary_large_image","twitter_misc":{"Ber\u00e4knad l\u00e4stid":"1 minut"},"schema":{"@context":"https:\/\/schema.org","@graph":[{"@type":"WebPage","@id":"https:\/\/noaksark.org\/norra-norrland\/leva-med-hiv\/","url":"https:\/\/noaksark.org\/norra-norrland\/leva-med-hiv\/","name":"Leva med hiv - Noaks Ark Norra Norrland","isPartOf":{"@id":"https:\/\/noaksark.org\/norra-norrland\/#website"},"primaryImageOfPage":{"@id":"https:\/\/noaksark.org\/norra-norrland\/leva-med-hiv\/#primaryimage"},"image":{"@id":"https:\/\/noaksark.org\/norra-norrland\/leva-med-hiv\/#primaryimage"},"thumbnailUrl":"https:\/\/noaksark.org\/norra-norrland\/wp-content\/uploads\/sites\/3\/2025\/04\/Leva-med-hiv-2-beskard-scaled.jpg","datePublished":"2025-04-02T14:26:17+00:00","dateModified":"2025-04-24T10:25:27+00:00","breadcrumb":{"@id":"https:\/\/noaksark.org\/norra-norrland\/leva-med-hiv\/#breadcrumb"},"inLanguage":"sv-SE","potentialAction":[{"@type":"ReadAction","target":["https:\/\/noaksark.org\/norra-norrland\/leva-med-hiv\/"]}]},{"@type":"ImageObject","inLanguage":"sv-SE","@id":"https:\/\/noaksark.org\/norra-norrland\/leva-med-hiv\/#primaryimage","url":"https:\/\/noaksark.org\/norra-norrland\/wp-content\/uploads\/sites\/3\/2025\/04\/Leva-med-hiv-2-beskard-scaled.jpg","contentUrl":"https:\/\/noaksark.org\/norra-norrland\/wp-content\/uploads\/sites\/3\/2025\/04\/Leva-med-hiv-2-beskard-scaled.jpg","width":2560,"height":1375},{"@type":"BreadcrumbList","@id":"https:\/\/noaksark.org\/norra-norrland\/leva-med-hiv\/#breadcrumb","itemListElement":[{"@type":"ListItem","position":1,"name":"Home","item":"https:\/\/noaksark.org\/norra-norrland\/"},{"@type":"ListItem","position":2,"name":"Leva med hiv"}]},{"@type":"WebSite","@id":"https:\/\/noaksark.org\/norra-norrland\/#website","url":"https:\/\/noaksark.org\/norra-norrland\/","name":"Noaks Ark Norra Norrland","description":"","potentialAction":[{"@type":"SearchAction","target":{"@type":"EntryPoint","urlTemplate":"https:\/\/noaksark.org\/norra-norrland\/?s={search_term_string}"},"query-input":{"@type":"PropertyValueSpecification","valueRequired":true,"valueName":"search_term_string"}}],"inLanguage":"sv-SE"}]}},"_links":{"self":[{"href":"https:\/\/noaksark.org\/norra-norrland\/wp-json\/wp\/v2\/pages\/855","targetHints":{"allow":["GET"]}}],"collection":[{"href":"https:\/\/noaksark.org\/norra-norrland\/wp-json\/wp\/v2\/pages"}],"about":[{"href":"https:\/\/noaksark.org\/norra-norrland\/wp-json\/wp\/v2\/types\/page"}],"author":[{"embeddable":true,"href":"https:\/\/noaksark.org\/norra-norrland\/wp-json\/wp\/v2\/users\/26"}],"replies":[{"embeddable":true,"href":"https:\/\/noaksark.org\/norra-norrland\/wp-json\/wp\/v2\/comments?post=855"}],"version-history":[{"count":5,"href":"https:\/\/noaksark.org\/norra-norrland\/wp-json\/wp\/v2\/pages\/855\/revisions"}],"predecessor-version":[{"id":860,"href":"https:\/\/noaksark.org\/norra-norrland\/wp-json\/wp\/v2\/pages\/855\/revisions\/860"}],"wp:featuredmedia":[{"embeddable":true,"href":"https:\/\/noaksark.org\/norra-norrland\/wp-json\/wp\/v2\/media\/931"}],"wp:attachment":[{"href":"https:\/\/noaksark.org\/norra-norrland\/wp-json\/wp\/v2\/media?parent=855"}],"curies":[{"name":"wp","href":"https:\/\/api.w.org\/{rel}","templated":true}]}}