{"id":119,"date":"2022-11-22T10:17:39","date_gmt":"2022-11-22T10:17:39","guid":{"rendered":"https:\/\/noaksark.test\/norra-norrland\/?page_id=119"},"modified":"2025-04-22T09:42:50","modified_gmt":"2025-04-22T07:42:50","slug":"om-oss","status":"publish","type":"page","link":"https:\/\/noaksark.org\/norra-norrland\/om-oss\/","title":{"rendered":"Om oss"},"content":{"rendered":"\n<p>F\u00f6reningen Noaks Ark Norra Norrland bildades 2001 och finns i Norrbottens och V\u00e4sterbottens l\u00e4n. Vi arbetar f\u00f6r att \u00f6ka v\u00e4lbefinnandet och livskvalit\u00e9n hos personer som lever med hiv i norra Norrland. D\u00e4rf\u00f6r erbjuder vi individuella st\u00f6dsamtal och grupptr\u00e4ffar f\u00f6r gemenskap och erfarenhetsutbyte.<\/p>\n\n\n\n<p>Vi arbetar \u00e4ven f\u00f6r att f\u00f6rebygga spridning av hiv och andra sexuellt \u00f6verf\u00f6rbara infektioner (STI). Vi genomf\u00f6r d\u00e4rf\u00f6r ut\u00e5triktade informationsinsatser och utbildning\/fortbildning riktad till olika m\u00e5lgrupper.<\/p>\n\n\n\n<p>Genom att \u00f6ka medvetenheten och kunskapen om hiv kan vi minska utsattheten i samh\u00e4llet f\u00f6r m\u00e4nniskor som lever med hiv och motverka utanf\u00f6rskap, stigma och diskriminering.<\/p>\n\n\n\n<div class=\"wp-block-columns is-layout-flex wp-container-core-columns-is-layout-9d6595d7 wp-block-columns-is-layout-flex\">\n<div class=\"wp-block-column is-layout-flow wp-block-column-is-layout-flow\"><\/div>\n\n\n\n<div class=\"wp-block-column is-layout-flow wp-block-column-is-layout-flow\"><\/div>\n<\/div>\n\n\n\n<p><\/p>\n","protected":false},"excerpt":{"rendered":"<p>F\u00f6reningen Noaks Ark Norra Norrland bildades 2001 och finns i Norrbottens och V\u00e4sterbottens l\u00e4n. Vi arbetar f\u00f6r att \u00f6ka v\u00e4lbefinnandet och livskvalit\u00e9n hos personer som lever med hiv i norra Norrland. D\u00e4rf\u00f6r erbjuder vi individuella&#8230;<\/p>\n","protected":false},"author":27,"featured_media":924,"parent":0,"menu_order":0,"comment_status":"closed","ping_status":"closed","template":"","meta":{"_acf_changed":false,"footnotes":""},"class_list":["post-119","page","type-page","status-publish","has-post-thumbnail","hentry"],"acf":[],"yoast_head":"<!-- This site is optimized with the Yoast SEO Premium plugin v27.5 (Yoast SEO v27.6) - https:\/\/yoast.com\/product\/yoast-seo-premium-wordpress\/ -->\n<title>Om oss - Hivtest Norrland - Noaks Ark Norra Norrland<\/title>\n<meta name=\"description\" content=\"Noaks Ark Norra Norrland hj\u00e4lper m\u00e4nniskor som lever med hiv. Vi finns i behov av st\u00f6d, hivtest och utbildning i olika former. L\u00e4s mer h\u00e4r!\" \/>\n<meta name=\"robots\" content=\"index, follow, max-snippet:-1, max-image-preview:large, max-video-preview:-1\" \/>\n<link rel=\"canonical\" href=\"https:\/\/noaksark.org\/norra-norrland\/om-oss\/\" \/>\n<meta property=\"og:locale\" content=\"sv_SE\" \/>\n<meta property=\"og:type\" content=\"article\" \/>\n<meta property=\"og:title\" content=\"Om oss\" \/>\n<meta property=\"og:description\" content=\"Noaks Ark Norra Norrland hj\u00e4lper m\u00e4nniskor som lever med hiv. Vi finns i behov av st\u00f6d, hivtest och utbildning i olika former. L\u00e4s mer h\u00e4r!\" \/>\n<meta property=\"og:url\" content=\"https:\/\/noaksark.org\/norra-norrland\/om-oss\/\" \/>\n<meta property=\"og:site_name\" content=\"Noaks Ark Norra Norrland\" \/>\n<meta property=\"article:modified_time\" content=\"2025-04-22T07:42:50+00:00\" \/>\n<meta property=\"og:image\" content=\"https:\/\/noaksark.org\/norra-norrland\/wp-content\/uploads\/sites\/3\/2025\/04\/Om-oss-1-beskard-2.jpg\" \/>\n\t<meta property=\"og:image:width\" content=\"2249\" \/>\n\t<meta property=\"og:image:height\" content=\"1342\" \/>\n\t<meta property=\"og:image:type\" content=\"image\/jpeg\" \/>\n<meta name=\"twitter:card\" content=\"summary_large_image\" \/>\n<meta name=\"twitter:label1\" content=\"Ber\u00e4knad l\u00e4stid\" \/>\n\t<meta name=\"twitter:data1\" content=\"1 minut\" \/>\n<script type=\"application\/ld+json\" class=\"yoast-schema-graph\">{\"@context\":\"https:\\\/\\\/schema.org\",\"@graph\":[{\"@type\":\"WebPage\",\"@id\":\"https:\\\/\\\/noaksark.org\\\/norra-norrland\\\/om-oss\\\/\",\"url\":\"https:\\\/\\\/noaksark.org\\\/norra-norrland\\\/om-oss\\\/\",\"name\":\"Om oss - Hivtest Norrland - Noaks Ark Norra Norrland\",\"isPartOf\":{\"@id\":\"https:\\\/\\\/noaksark.org\\\/norra-norrland\\\/#website\"},\"primaryImageOfPage\":{\"@id\":\"https:\\\/\\\/noaksark.org\\\/norra-norrland\\\/om-oss\\\/#primaryimage\"},\"image\":{\"@id\":\"https:\\\/\\\/noaksark.org\\\/norra-norrland\\\/om-oss\\\/#primaryimage\"},\"thumbnailUrl\":\"https:\\\/\\\/noaksark.org\\\/norra-norrland\\\/wp-content\\\/uploads\\\/sites\\\/3\\\/2025\\\/04\\\/Om-oss-1-beskard-2.jpg\",\"datePublished\":\"2022-11-22T10:17:39+00:00\",\"dateModified\":\"2025-04-22T07:42:50+00:00\",\"description\":\"Noaks Ark Norra Norrland hj\u00e4lper m\u00e4nniskor som lever med hiv. Vi finns i behov av st\u00f6d, hivtest och utbildning i olika former. L\u00e4s mer h\u00e4r!\",\"breadcrumb\":{\"@id\":\"https:\\\/\\\/noaksark.org\\\/norra-norrland\\\/om-oss\\\/#breadcrumb\"},\"inLanguage\":\"sv-SE\",\"potentialAction\":[{\"@type\":\"ReadAction\",\"target\":[\"https:\\\/\\\/noaksark.org\\\/norra-norrland\\\/om-oss\\\/\"]}]},{\"@type\":\"ImageObject\",\"inLanguage\":\"sv-SE\",\"@id\":\"https:\\\/\\\/noaksark.org\\\/norra-norrland\\\/om-oss\\\/#primaryimage\",\"url\":\"https:\\\/\\\/noaksark.org\\\/norra-norrland\\\/wp-content\\\/uploads\\\/sites\\\/3\\\/2025\\\/04\\\/Om-oss-1-beskard-2.jpg\",\"contentUrl\":\"https:\\\/\\\/noaksark.org\\\/norra-norrland\\\/wp-content\\\/uploads\\\/sites\\\/3\\\/2025\\\/04\\\/Om-oss-1-beskard-2.jpg\",\"width\":2249,\"height\":1342},{\"@type\":\"BreadcrumbList\",\"@id\":\"https:\\\/\\\/noaksark.org\\\/norra-norrland\\\/om-oss\\\/#breadcrumb\",\"itemListElement\":[{\"@type\":\"ListItem\",\"position\":1,\"name\":\"Home\",\"item\":\"https:\\\/\\\/noaksark.org\\\/norra-norrland\\\/\"},{\"@type\":\"ListItem\",\"position\":2,\"name\":\"Om oss\"}]},{\"@type\":\"WebSite\",\"@id\":\"https:\\\/\\\/noaksark.org\\\/norra-norrland\\\/#website\",\"url\":\"https:\\\/\\\/noaksark.org\\\/norra-norrland\\\/\",\"name\":\"Noaks Ark Norra Norrland\",\"description\":\"\",\"potentialAction\":[{\"@type\":\"SearchAction\",\"target\":{\"@type\":\"EntryPoint\",\"urlTemplate\":\"https:\\\/\\\/noaksark.org\\\/norra-norrland\\\/?s={search_term_string}\"},\"query-input\":{\"@type\":\"PropertyValueSpecification\",\"valueRequired\":true,\"valueName\":\"search_term_string\"}}],\"inLanguage\":\"sv-SE\"}]}<\/script>\n<!-- \/ Yoast SEO Premium plugin. -->","yoast_head_json":{"title":"Om oss - Hivtest Norrland - Noaks Ark Norra Norrland","description":"Noaks Ark Norra Norrland hj\u00e4lper m\u00e4nniskor som lever med hiv. Vi finns i behov av st\u00f6d, hivtest och utbildning i olika former. L\u00e4s mer h\u00e4r!","robots":{"index":"index","follow":"follow","max-snippet":"max-snippet:-1","max-image-preview":"max-image-preview:large","max-video-preview":"max-video-preview:-1"},"canonical":"https:\/\/noaksark.org\/norra-norrland\/om-oss\/","og_locale":"sv_SE","og_type":"article","og_title":"Om oss","og_description":"Noaks Ark Norra Norrland hj\u00e4lper m\u00e4nniskor som lever med hiv. Vi finns i behov av st\u00f6d, hivtest och utbildning i olika former. L\u00e4s mer h\u00e4r!","og_url":"https:\/\/noaksark.org\/norra-norrland\/om-oss\/","og_site_name":"Noaks Ark Norra Norrland","article_modified_time":"2025-04-22T07:42:50+00:00","og_image":[{"width":2249,"height":1342,"url":"https:\/\/noaksark.org\/norra-norrland\/wp-content\/uploads\/sites\/3\/2025\/04\/Om-oss-1-beskard-2.jpg","type":"image\/jpeg"}],"twitter_card":"summary_large_image","twitter_misc":{"Ber\u00e4knad l\u00e4stid":"1 minut"},"schema":{"@context":"https:\/\/schema.org","@graph":[{"@type":"WebPage","@id":"https:\/\/noaksark.org\/norra-norrland\/om-oss\/","url":"https:\/\/noaksark.org\/norra-norrland\/om-oss\/","name":"Om oss - Hivtest Norrland - Noaks Ark Norra Norrland","isPartOf":{"@id":"https:\/\/noaksark.org\/norra-norrland\/#website"},"primaryImageOfPage":{"@id":"https:\/\/noaksark.org\/norra-norrland\/om-oss\/#primaryimage"},"image":{"@id":"https:\/\/noaksark.org\/norra-norrland\/om-oss\/#primaryimage"},"thumbnailUrl":"https:\/\/noaksark.org\/norra-norrland\/wp-content\/uploads\/sites\/3\/2025\/04\/Om-oss-1-beskard-2.jpg","datePublished":"2022-11-22T10:17:39+00:00","dateModified":"2025-04-22T07:42:50+00:00","description":"Noaks Ark Norra Norrland hj\u00e4lper m\u00e4nniskor som lever med hiv. Vi finns i behov av st\u00f6d, hivtest och utbildning i olika former. L\u00e4s mer h\u00e4r!","breadcrumb":{"@id":"https:\/\/noaksark.org\/norra-norrland\/om-oss\/#breadcrumb"},"inLanguage":"sv-SE","potentialAction":[{"@type":"ReadAction","target":["https:\/\/noaksark.org\/norra-norrland\/om-oss\/"]}]},{"@type":"ImageObject","inLanguage":"sv-SE","@id":"https:\/\/noaksark.org\/norra-norrland\/om-oss\/#primaryimage","url":"https:\/\/noaksark.org\/norra-norrland\/wp-content\/uploads\/sites\/3\/2025\/04\/Om-oss-1-beskard-2.jpg","contentUrl":"https:\/\/noaksark.org\/norra-norrland\/wp-content\/uploads\/sites\/3\/2025\/04\/Om-oss-1-beskard-2.jpg","width":2249,"height":1342},{"@type":"BreadcrumbList","@id":"https:\/\/noaksark.org\/norra-norrland\/om-oss\/#breadcrumb","itemListElement":[{"@type":"ListItem","position":1,"name":"Home","item":"https:\/\/noaksark.org\/norra-norrland\/"},{"@type":"ListItem","position":2,"name":"Om oss"}]},{"@type":"WebSite","@id":"https:\/\/noaksark.org\/norra-norrland\/#website","url":"https:\/\/noaksark.org\/norra-norrland\/","name":"Noaks Ark Norra Norrland","description":"","potentialAction":[{"@type":"SearchAction","target":{"@type":"EntryPoint","urlTemplate":"https:\/\/noaksark.org\/norra-norrland\/?s={search_term_string}"},"query-input":{"@type":"PropertyValueSpecification","valueRequired":true,"valueName":"search_term_string"}}],"inLanguage":"sv-SE"}]}},"_links":{"self":[{"href":"https:\/\/noaksark.org\/norra-norrland\/wp-json\/wp\/v2\/pages\/119","targetHints":{"allow":["GET"]}}],"collection":[{"href":"https:\/\/noaksark.org\/norra-norrland\/wp-json\/wp\/v2\/pages"}],"about":[{"href":"https:\/\/noaksark.org\/norra-norrland\/wp-json\/wp\/v2\/types\/page"}],"author":[{"embeddable":true,"href":"https:\/\/noaksark.org\/norra-norrland\/wp-json\/wp\/v2\/users\/27"}],"replies":[{"embeddable":true,"href":"https:\/\/noaksark.org\/norra-norrland\/wp-json\/wp\/v2\/comments?post=119"}],"version-history":[{"count":7,"href":"https:\/\/noaksark.org\/norra-norrland\/wp-json\/wp\/v2\/pages\/119\/revisions"}],"predecessor-version":[{"id":902,"href":"https:\/\/noaksark.org\/norra-norrland\/wp-json\/wp\/v2\/pages\/119\/revisions\/902"}],"wp:featuredmedia":[{"embeddable":true,"href":"https:\/\/noaksark.org\/norra-norrland\/wp-json\/wp\/v2\/media\/924"}],"wp:attachment":[{"href":"https:\/\/noaksark.org\/norra-norrland\/wp-json\/wp\/v2\/media?parent=119"}],"curies":[{"name":"wp","href":"https:\/\/api.w.org\/{rel}","templated":true}]}}