{"id":523,"date":"2023-04-03T13:35:04","date_gmt":"2023-04-03T12:35:04","guid":{"rendered":"https:\/\/noaksark.org\/mosaik\/?page_id=523"},"modified":"2025-06-26T16:32:39","modified_gmt":"2025-06-26T14:32:39","slug":"leva-med-hiv","status":"publish","type":"page","link":"https:\/\/noaksark.org\/mosaik\/leva-med-hiv\/","title":{"rendered":"Leva med hiv"},"content":{"rendered":"\n<h2 class=\"wp-block-heading\" id=\"h-lever-du-med-hiv-eller-ar-du-narstaende\"><strong>Lever du med hiv eller \u00e4r du n\u00e4rst\u00e5ende<\/strong><\/h2>\n\n\n\n<p>Noaks Ark Mosaik arbetar f\u00f6r att \u00f6ka v\u00e4lbefinnandet och livskvalit\u00e9n hos personer som lever med hiv samt f\u00f6rebygga spridningen av hiv och andra sexuellt \u00f6verf\u00f6rbara infektioner (STI). V\u00e5r uppgift \u00e4r att fungera som st\u00f6d, trygghet och v\u00e4gledning i processen till en positiv utveckling av den egna h\u00e4lsan, sj\u00e4lvbilden, sj\u00e4lvk\u00e4nslan och identiteten f\u00f6r personer som lever med hiv.\u00a0Hos oss kan du tr\u00e4ffa andra i samma situation, f\u00e5 hj\u00e4lp och st\u00f6d eller bara ta del av\u00a0gemenskapen. F\u00f6reningen erbjuder\u00a0ocks\u00e5 psykosocialt st\u00f6d\u00a0till personer som lever med hiv och deras anh\u00f6riga. <\/p>\n\n\n\n<p>Du \u00e4r alltid varmt v\u00e4lkommen helgfria vardagar mellan kl. 10.00 och kl. 17.00 till v\u00e5r \u00f6ppna verksamhet. Kontakta oss g\u00e4rna f\u00f6r att ta del av v\u00e5ra sociala aktiviteter och utflykter. Just nu anordnar vi sociala tr\u00e4ffar med m\u00e5leri p\u00e5 fredagar mellan kl. 15.00 och 18.00. Vi bjuder p\u00e5 enkel mat i samband med aktiviteten. <\/p>\n\n\n\n<p>Vi finns p\u00e5 J\u00f6rgen Ankersgatan 12 i Malm\u00f6 och du kan n\u00e5 oss p\u00e5 040-87 60 46, 073-947 68 30.<\/p>\n\n\n\n<p><\/p>\n","protected":false},"excerpt":{"rendered":"<p>Lever du med hiv eller \u00e4r du n\u00e4rst\u00e5ende Noaks Ark Mosaik arbetar f\u00f6r att \u00f6ka v\u00e4lbefinnandet och livskvalit\u00e9n hos personer som lever med hiv samt f\u00f6rebygga spridningen av hiv och andra sexuellt \u00f6verf\u00f6rbara infektioner (STI)&#8230;.<\/p>\n","protected":false},"author":27,"featured_media":0,"parent":0,"menu_order":0,"comment_status":"closed","ping_status":"closed","template":"","meta":{"_acf_changed":false,"footnotes":""},"class_list":["post-523","page","type-page","status-publish","hentry"],"acf":[],"yoast_head":"<!-- This site is optimized with the Yoast SEO Premium plugin v27.3 (Yoast SEO v27.4) - https:\/\/yoast.com\/product\/yoast-seo-premium-wordpress\/ -->\n<title>Leva med hiv - Noaks Ark Mosaik - Sk\u00e5ne &amp; Blekinge<\/title>\n<meta name=\"robots\" content=\"index, follow, max-snippet:-1, max-image-preview:large, max-video-preview:-1\" \/>\n<link rel=\"canonical\" href=\"https:\/\/noaksark.org\/mosaik\/leva-med-hiv\/\" \/>\n<meta property=\"og:locale\" content=\"sv_SE\" \/>\n<meta property=\"og:type\" content=\"article\" \/>\n<meta property=\"og:title\" content=\"Leva med hiv\" \/>\n<meta property=\"og:description\" content=\"Lever du med hiv eller \u00e4r du n\u00e4rst\u00e5ende Noaks Ark Mosaik arbetar f\u00f6r att \u00f6ka v\u00e4lbefinnandet och livskvalit\u00e9n hos personer som lever med hiv samt f\u00f6rebygga spridningen av hiv och andra sexuellt \u00f6verf\u00f6rbara infektioner (STI)....\" \/>\n<meta property=\"og:url\" content=\"https:\/\/noaksark.org\/mosaik\/leva-med-hiv\/\" \/>\n<meta property=\"og:site_name\" content=\"Noaks Ark Mosaik - Sk\u00e5ne &amp; Blekinge\" \/>\n<meta property=\"article:modified_time\" content=\"2025-06-26T14:32:39+00:00\" \/>\n<meta name=\"twitter:card\" content=\"summary_large_image\" \/>\n<meta name=\"twitter:label1\" content=\"Ber\u00e4knad l\u00e4stid\" \/>\n\t<meta name=\"twitter:data1\" content=\"1 minut\" \/>\n<script type=\"application\/ld+json\" class=\"yoast-schema-graph\">{\"@context\":\"https:\\\/\\\/schema.org\",\"@graph\":[{\"@type\":\"WebPage\",\"@id\":\"https:\\\/\\\/noaksark.org\\\/mosaik\\\/leva-med-hiv\\\/\",\"url\":\"https:\\\/\\\/noaksark.org\\\/mosaik\\\/leva-med-hiv\\\/\",\"name\":\"Leva med hiv - Noaks Ark Mosaik - Sk\u00e5ne &amp; Blekinge\",\"isPartOf\":{\"@id\":\"https:\\\/\\\/noaksark.org\\\/mosaik\\\/#website\"},\"datePublished\":\"2023-04-03T12:35:04+00:00\",\"dateModified\":\"2025-06-26T14:32:39+00:00\",\"breadcrumb\":{\"@id\":\"https:\\\/\\\/noaksark.org\\\/mosaik\\\/leva-med-hiv\\\/#breadcrumb\"},\"inLanguage\":\"sv-SE\",\"potentialAction\":[{\"@type\":\"ReadAction\",\"target\":[\"https:\\\/\\\/noaksark.org\\\/mosaik\\\/leva-med-hiv\\\/\"]}]},{\"@type\":\"BreadcrumbList\",\"@id\":\"https:\\\/\\\/noaksark.org\\\/mosaik\\\/leva-med-hiv\\\/#breadcrumb\",\"itemListElement\":[{\"@type\":\"ListItem\",\"position\":1,\"name\":\"Home\",\"item\":\"https:\\\/\\\/noaksark.org\\\/mosaik\\\/\"},{\"@type\":\"ListItem\",\"position\":2,\"name\":\"Leva med hiv\"}]},{\"@type\":\"WebSite\",\"@id\":\"https:\\\/\\\/noaksark.org\\\/mosaik\\\/#website\",\"url\":\"https:\\\/\\\/noaksark.org\\\/mosaik\\\/\",\"name\":\"Noaks Ark Mosaik - Sk\u00e5ne &amp; Blekinge\",\"description\":\"\",\"potentialAction\":[{\"@type\":\"SearchAction\",\"target\":{\"@type\":\"EntryPoint\",\"urlTemplate\":\"https:\\\/\\\/noaksark.org\\\/mosaik\\\/?s={search_term_string}\"},\"query-input\":{\"@type\":\"PropertyValueSpecification\",\"valueRequired\":true,\"valueName\":\"search_term_string\"}}],\"inLanguage\":\"sv-SE\"}]}<\/script>\n<!-- \/ Yoast SEO Premium plugin. -->","yoast_head_json":{"title":"Leva med hiv - Noaks Ark Mosaik - Sk\u00e5ne &amp; Blekinge","robots":{"index":"index","follow":"follow","max-snippet":"max-snippet:-1","max-image-preview":"max-image-preview:large","max-video-preview":"max-video-preview:-1"},"canonical":"https:\/\/noaksark.org\/mosaik\/leva-med-hiv\/","og_locale":"sv_SE","og_type":"article","og_title":"Leva med hiv","og_description":"Lever du med hiv eller \u00e4r du n\u00e4rst\u00e5ende Noaks Ark Mosaik arbetar f\u00f6r att \u00f6ka v\u00e4lbefinnandet och livskvalit\u00e9n hos personer som lever med hiv samt f\u00f6rebygga spridningen av hiv och andra sexuellt \u00f6verf\u00f6rbara infektioner (STI)....","og_url":"https:\/\/noaksark.org\/mosaik\/leva-med-hiv\/","og_site_name":"Noaks Ark Mosaik - Sk\u00e5ne &amp; Blekinge","article_modified_time":"2025-06-26T14:32:39+00:00","twitter_card":"summary_large_image","twitter_misc":{"Ber\u00e4knad l\u00e4stid":"1 minut"},"schema":{"@context":"https:\/\/schema.org","@graph":[{"@type":"WebPage","@id":"https:\/\/noaksark.org\/mosaik\/leva-med-hiv\/","url":"https:\/\/noaksark.org\/mosaik\/leva-med-hiv\/","name":"Leva med hiv - Noaks Ark Mosaik - Sk\u00e5ne &amp; Blekinge","isPartOf":{"@id":"https:\/\/noaksark.org\/mosaik\/#website"},"datePublished":"2023-04-03T12:35:04+00:00","dateModified":"2025-06-26T14:32:39+00:00","breadcrumb":{"@id":"https:\/\/noaksark.org\/mosaik\/leva-med-hiv\/#breadcrumb"},"inLanguage":"sv-SE","potentialAction":[{"@type":"ReadAction","target":["https:\/\/noaksark.org\/mosaik\/leva-med-hiv\/"]}]},{"@type":"BreadcrumbList","@id":"https:\/\/noaksark.org\/mosaik\/leva-med-hiv\/#breadcrumb","itemListElement":[{"@type":"ListItem","position":1,"name":"Home","item":"https:\/\/noaksark.org\/mosaik\/"},{"@type":"ListItem","position":2,"name":"Leva med hiv"}]},{"@type":"WebSite","@id":"https:\/\/noaksark.org\/mosaik\/#website","url":"https:\/\/noaksark.org\/mosaik\/","name":"Noaks Ark Mosaik - Sk\u00e5ne &amp; Blekinge","description":"","potentialAction":[{"@type":"SearchAction","target":{"@type":"EntryPoint","urlTemplate":"https:\/\/noaksark.org\/mosaik\/?s={search_term_string}"},"query-input":{"@type":"PropertyValueSpecification","valueRequired":true,"valueName":"search_term_string"}}],"inLanguage":"sv-SE"}]}},"_links":{"self":[{"href":"https:\/\/noaksark.org\/mosaik\/wp-json\/wp\/v2\/pages\/523","targetHints":{"allow":["GET"]}}],"collection":[{"href":"https:\/\/noaksark.org\/mosaik\/wp-json\/wp\/v2\/pages"}],"about":[{"href":"https:\/\/noaksark.org\/mosaik\/wp-json\/wp\/v2\/types\/page"}],"author":[{"embeddable":true,"href":"https:\/\/noaksark.org\/mosaik\/wp-json\/wp\/v2\/users\/27"}],"replies":[{"embeddable":true,"href":"https:\/\/noaksark.org\/mosaik\/wp-json\/wp\/v2\/comments?post=523"}],"version-history":[{"count":22,"href":"https:\/\/noaksark.org\/mosaik\/wp-json\/wp\/v2\/pages\/523\/revisions"}],"predecessor-version":[{"id":3637,"href":"https:\/\/noaksark.org\/mosaik\/wp-json\/wp\/v2\/pages\/523\/revisions\/3637"}],"wp:attachment":[{"href":"https:\/\/noaksark.org\/mosaik\/wp-json\/wp\/v2\/media?parent=523"}],"curies":[{"name":"wp","href":"https:\/\/api.w.org\/{rel}","templated":true}]}}