{"id":3471,"date":"2025-11-20T10:13:25","date_gmt":"2025-11-20T09:13:25","guid":{"rendered":"https:\/\/noaksark.org\/mosaik\/?page_id=3471"},"modified":"2025-12-08T17:17:10","modified_gmt":"2025-12-08T16:17:10","slug":"bidragsgivare","status":"publish","type":"page","link":"https:\/\/noaksark.org\/mosaik\/om-oss\/bidragsgivare\/","title":{"rendered":"Bidragsgivare"},"content":{"rendered":"\n<p><\/p>\n\n\n\n<p>Vi \u00e4r tacksamma f\u00f6r v\u00e5ra bidragsgivare som tillsammans med oss bidrar till att g\u00f6ra skillnad varje dag. <\/p>\n\n\n\n<p><\/p>\n\n\n\n<p><\/p>\n\n\n\n<p><\/p>\n\n\n\n<p><strong>Nuvarande:<\/strong><\/p>\n\n\n\n<p>Folkh\u00e4lsomyndigheten  <\/p>\n\n\n\n<p>Malm\u00f6 Stad<\/p>\n\n\n\n<p>Svenska Institutet<\/p>\n\n\n\n<p>European Comission EU 4health <\/p>\n\n\n\n<p>Crafoordska stiftelsen<\/p>\n\n\n\n<p>Albert P\u00e5hlssons stiftelse<\/p>\n\n\n\n<p>Gilead Europe<\/p>\n\n\n\n<p> <img loading=\"lazy\" decoding=\"async\" width=\"120\" height=\"36\" class=\"wp-image-3528\" style=\"width: 120px\" src=\"https:\/\/noaksark.org\/mosaik\/wp-content\/uploads\/sites\/6\/2025\/12\/Finansieratav_Si_Svenska_Institutet1.svg_.png\" alt=\"\">  <img loading=\"lazy\" decoding=\"async\" width=\"310\" height=\"163\" class=\"wp-image-3530\" style=\"width: 150px\" src=\"https:\/\/noaksark.org\/mosaik\/wp-content\/uploads\/sites\/6\/2025\/12\/FHM.png\" alt=\"\" srcset=\"https:\/\/noaksark.org\/mosaik\/wp-content\/uploads\/sites\/6\/2025\/12\/FHM.png 310w, https:\/\/noaksark.org\/mosaik\/wp-content\/uploads\/sites\/6\/2025\/12\/FHM-300x158.png 300w, https:\/\/noaksark.org\/mosaik\/wp-content\/uploads\/sites\/6\/2025\/12\/FHM-190x100.png 190w\" sizes=\"auto, (max-width: 310px) 100vw, 310px\" \/><img loading=\"lazy\" decoding=\"async\" width=\"267\" height=\"188\" class=\"wp-image-3532\" style=\"width: 150px\" src=\"https:\/\/noaksark.org\/mosaik\/wp-content\/uploads\/sites\/6\/2025\/12\/malmo-stad.png\" alt=\"\" srcset=\"https:\/\/noaksark.org\/mosaik\/wp-content\/uploads\/sites\/6\/2025\/12\/malmo-stad.png 267w, https:\/\/noaksark.org\/mosaik\/wp-content\/uploads\/sites\/6\/2025\/12\/malmo-stad-142x100.png 142w\" sizes=\"auto, (max-width: 267px) 100vw, 267px\" \/><img loading=\"lazy\" decoding=\"async\" width=\"600\" height=\"76\" class=\"wp-image-3534\" style=\"width: 150px\" src=\"https:\/\/noaksark.org\/mosaik\/wp-content\/uploads\/sites\/6\/2025\/12\/craafoordska-stiftelsen.png\" alt=\"\" srcset=\"https:\/\/noaksark.org\/mosaik\/wp-content\/uploads\/sites\/6\/2025\/12\/craafoordska-stiftelsen.png 600w, https:\/\/noaksark.org\/mosaik\/wp-content\/uploads\/sites\/6\/2025\/12\/craafoordska-stiftelsen-300x38.png 300w, https:\/\/noaksark.org\/mosaik\/wp-content\/uploads\/sites\/6\/2025\/12\/craafoordska-stiftelsen-200x25.png 200w\" sizes=\"auto, (max-width: 600px) 100vw, 600px\" \/><img loading=\"lazy\" decoding=\"async\" width=\"275\" height=\"183\" class=\"wp-image-3538\" style=\"width: 150px\" src=\"https:\/\/noaksark.org\/mosaik\/wp-content\/uploads\/sites\/6\/2025\/12\/gilead.png\" alt=\"\" srcset=\"https:\/\/noaksark.org\/mosaik\/wp-content\/uploads\/sites\/6\/2025\/12\/gilead.png 275w, https:\/\/noaksark.org\/mosaik\/wp-content\/uploads\/sites\/6\/2025\/12\/gilead-150x100.png 150w\" sizes=\"auto, (max-width: 275px) 100vw, 275px\" \/> <img loading=\"lazy\" decoding=\"async\" width=\"403\" height=\"125\" class=\"wp-image-3524\" style=\"width: 150px\" src=\"https:\/\/noaksark.org\/mosaik\/wp-content\/uploads\/sites\/6\/2025\/12\/image.png\" alt=\"\" srcset=\"https:\/\/noaksark.org\/mosaik\/wp-content\/uploads\/sites\/6\/2025\/12\/image.png 403w, https:\/\/noaksark.org\/mosaik\/wp-content\/uploads\/sites\/6\/2025\/12\/image-300x93.png 300w, https:\/\/noaksark.org\/mosaik\/wp-content\/uploads\/sites\/6\/2025\/12\/image-200x62.png 200w\" sizes=\"auto, (max-width: 403px) 100vw, 403px\" \/>       <img loading=\"lazy\" decoding=\"async\" width=\"490\" height=\"103\" class=\"wp-image-3536\" style=\"width: 150px\" src=\"https:\/\/noaksark.org\/mosaik\/wp-content\/uploads\/sites\/6\/2025\/12\/co-funded-EU.png\" alt=\"\" srcset=\"https:\/\/noaksark.org\/mosaik\/wp-content\/uploads\/sites\/6\/2025\/12\/co-funded-EU.png 490w, https:\/\/noaksark.org\/mosaik\/wp-content\/uploads\/sites\/6\/2025\/12\/co-funded-EU-300x63.png 300w, https:\/\/noaksark.org\/mosaik\/wp-content\/uploads\/sites\/6\/2025\/12\/co-funded-EU-200x42.png 200w\" sizes=\"auto, (max-width: 490px) 100vw, 490px\" \/> <img loading=\"lazy\" decoding=\"async\" width=\"100\" height=\"84\" class=\"wp-image-3544\" style=\"width: 100px\" src=\"https:\/\/noaksark.org\/mosaik\/wp-content\/uploads\/sites\/6\/2025\/12\/mi-health-liten-logga.png\" alt=\"\"><img loading=\"lazy\" decoding=\"async\" width=\"300\" height=\"168\" class=\"wp-image-3546\" style=\"width: 150px\" src=\"https:\/\/noaksark.org\/mosaik\/wp-content\/uploads\/sites\/6\/2025\/12\/core-logga-2.png\" alt=\"\" srcset=\"https:\/\/noaksark.org\/mosaik\/wp-content\/uploads\/sites\/6\/2025\/12\/core-logga-2.png 300w, https:\/\/noaksark.org\/mosaik\/wp-content\/uploads\/sites\/6\/2025\/12\/core-logga-2-179x100.png 179w\" sizes=\"auto, (max-width: 300px) 100vw, 300px\" \/><\/p>\n\n\n\n<p><\/p>\n\n\n\n<p><\/p>\n","protected":false},"excerpt":{"rendered":"<p>Vi \u00e4r tacksamma f\u00f6r v\u00e5ra bidragsgivare som tillsammans med oss bidrar till att g\u00f6ra skillnad varje dag. Nuvarande: Folkh\u00e4lsomyndigheten Malm\u00f6 Stad Svenska Institutet European Comission EU 4health Crafoordska stiftelsen Albert P\u00e5hlssons stiftelse Gilead Europe<\/p>\n","protected":false},"author":24,"featured_media":0,"parent":17,"menu_order":0,"comment_status":"closed","ping_status":"closed","template":"","meta":{"_acf_changed":false,"footnotes":""},"class_list":["post-3471","page","type-page","status-publish","hentry"],"acf":[],"yoast_head":"<!-- This site is optimized with the Yoast SEO Premium plugin v27.5 (Yoast SEO v27.6) - https:\/\/yoast.com\/product\/yoast-seo-premium-wordpress\/ -->\n<title>Bidragsgivare - Noaks Ark Mosaik - Sk\u00e5ne &amp; Blekinge<\/title>\n<meta name=\"robots\" content=\"index, follow, max-snippet:-1, max-image-preview:large, max-video-preview:-1\" \/>\n<link rel=\"canonical\" href=\"https:\/\/noaksark.org\/mosaik\/om-oss\/bidragsgivare\/\" \/>\n<meta property=\"og:locale\" content=\"sv_SE\" \/>\n<meta property=\"og:type\" content=\"article\" \/>\n<meta property=\"og:title\" content=\"Bidragsgivare\" \/>\n<meta property=\"og:description\" content=\"Vi \u00e4r tacksamma f\u00f6r v\u00e5ra bidragsgivare som tillsammans med oss bidrar till att g\u00f6ra skillnad varje dag. Nuvarande: Folkh\u00e4lsomyndigheten Malm\u00f6 Stad Svenska Institutet European Comission EU 4health Crafoordska stiftelsen Albert P\u00e5hlssons stiftelse Gilead Europe\" \/>\n<meta property=\"og:url\" content=\"https:\/\/noaksark.org\/mosaik\/om-oss\/bidragsgivare\/\" \/>\n<meta property=\"og:site_name\" content=\"Noaks Ark Mosaik - Sk\u00e5ne &amp; Blekinge\" \/>\n<meta property=\"article:modified_time\" content=\"2025-12-08T16:17:10+00:00\" \/>\n<meta property=\"og:image\" content=\"https:\/\/noaksark.org\/mosaik\/wp-content\/uploads\/sites\/6\/2025\/12\/Finansieratav_Si_Svenska_Institutet1.svg_.png\" \/>\n\t<meta property=\"og:image:width\" content=\"120\" \/>\n\t<meta property=\"og:image:height\" content=\"36\" \/>\n\t<meta property=\"og:image:type\" content=\"image\/png\" \/>\n<meta name=\"twitter:card\" content=\"summary_large_image\" \/>\n<meta name=\"twitter:label1\" content=\"Ber\u00e4knad l\u00e4stid\" \/>\n\t<meta name=\"twitter:data1\" content=\"3 minuter\" \/>\n<script type=\"application\/ld+json\" class=\"yoast-schema-graph\">{\"@context\":\"https:\\\/\\\/schema.org\",\"@graph\":[{\"@type\":\"WebPage\",\"@id\":\"https:\\\/\\\/noaksark.org\\\/mosaik\\\/om-oss\\\/bidragsgivare\\\/\",\"url\":\"https:\\\/\\\/noaksark.org\\\/mosaik\\\/om-oss\\\/bidragsgivare\\\/\",\"name\":\"Bidragsgivare - Noaks Ark Mosaik - Sk\u00e5ne &amp; Blekinge\",\"isPartOf\":{\"@id\":\"https:\\\/\\\/noaksark.org\\\/mosaik\\\/#website\"},\"primaryImageOfPage\":{\"@id\":\"https:\\\/\\\/noaksark.org\\\/mosaik\\\/om-oss\\\/bidragsgivare\\\/#primaryimage\"},\"image\":{\"@id\":\"https:\\\/\\\/noaksark.org\\\/mosaik\\\/om-oss\\\/bidragsgivare\\\/#primaryimage\"},\"thumbnailUrl\":\"https:\\\/\\\/noaksark.org\\\/mosaik\\\/wp-content\\\/uploads\\\/sites\\\/6\\\/2025\\\/12\\\/Finansieratav_Si_Svenska_Institutet1.svg_.png\",\"datePublished\":\"2025-11-20T09:13:25+00:00\",\"dateModified\":\"2025-12-08T16:17:10+00:00\",\"breadcrumb\":{\"@id\":\"https:\\\/\\\/noaksark.org\\\/mosaik\\\/om-oss\\\/bidragsgivare\\\/#breadcrumb\"},\"inLanguage\":\"sv-SE\",\"potentialAction\":[{\"@type\":\"ReadAction\",\"target\":[\"https:\\\/\\\/noaksark.org\\\/mosaik\\\/om-oss\\\/bidragsgivare\\\/\"]}]},{\"@type\":\"ImageObject\",\"inLanguage\":\"sv-SE\",\"@id\":\"https:\\\/\\\/noaksark.org\\\/mosaik\\\/om-oss\\\/bidragsgivare\\\/#primaryimage\",\"url\":\"https:\\\/\\\/noaksark.org\\\/mosaik\\\/wp-content\\\/uploads\\\/sites\\\/6\\\/2025\\\/12\\\/Finansieratav_Si_Svenska_Institutet1.svg_.png\",\"contentUrl\":\"https:\\\/\\\/noaksark.org\\\/mosaik\\\/wp-content\\\/uploads\\\/sites\\\/6\\\/2025\\\/12\\\/Finansieratav_Si_Svenska_Institutet1.svg_.png\",\"width\":120,\"height\":36},{\"@type\":\"BreadcrumbList\",\"@id\":\"https:\\\/\\\/noaksark.org\\\/mosaik\\\/om-oss\\\/bidragsgivare\\\/#breadcrumb\",\"itemListElement\":[{\"@type\":\"ListItem\",\"position\":1,\"name\":\"Home\",\"item\":\"https:\\\/\\\/noaksark.org\\\/mosaik\\\/\"},{\"@type\":\"ListItem\",\"position\":2,\"name\":\"Om oss\",\"item\":\"https:\\\/\\\/noaksark.org\\\/mosaik\\\/om-oss\\\/\"},{\"@type\":\"ListItem\",\"position\":3,\"name\":\"Bidragsgivare\"}]},{\"@type\":\"WebSite\",\"@id\":\"https:\\\/\\\/noaksark.org\\\/mosaik\\\/#website\",\"url\":\"https:\\\/\\\/noaksark.org\\\/mosaik\\\/\",\"name\":\"Noaks Ark Mosaik - Sk\u00e5ne &amp; Blekinge\",\"description\":\"\",\"potentialAction\":[{\"@type\":\"SearchAction\",\"target\":{\"@type\":\"EntryPoint\",\"urlTemplate\":\"https:\\\/\\\/noaksark.org\\\/mosaik\\\/?s={search_term_string}\"},\"query-input\":{\"@type\":\"PropertyValueSpecification\",\"valueRequired\":true,\"valueName\":\"search_term_string\"}}],\"inLanguage\":\"sv-SE\"}]}<\/script>\n<!-- \/ Yoast SEO Premium plugin. -->","yoast_head_json":{"title":"Bidragsgivare - Noaks Ark Mosaik - Sk\u00e5ne &amp; Blekinge","robots":{"index":"index","follow":"follow","max-snippet":"max-snippet:-1","max-image-preview":"max-image-preview:large","max-video-preview":"max-video-preview:-1"},"canonical":"https:\/\/noaksark.org\/mosaik\/om-oss\/bidragsgivare\/","og_locale":"sv_SE","og_type":"article","og_title":"Bidragsgivare","og_description":"Vi \u00e4r tacksamma f\u00f6r v\u00e5ra bidragsgivare som tillsammans med oss bidrar till att g\u00f6ra skillnad varje dag. Nuvarande: Folkh\u00e4lsomyndigheten Malm\u00f6 Stad Svenska Institutet European Comission EU 4health Crafoordska stiftelsen Albert P\u00e5hlssons stiftelse Gilead Europe","og_url":"https:\/\/noaksark.org\/mosaik\/om-oss\/bidragsgivare\/","og_site_name":"Noaks Ark Mosaik - Sk\u00e5ne &amp; Blekinge","article_modified_time":"2025-12-08T16:17:10+00:00","og_image":[{"width":120,"height":36,"url":"https:\/\/noaksark.org\/mosaik\/wp-content\/uploads\/sites\/6\/2025\/12\/Finansieratav_Si_Svenska_Institutet1.svg_.png","type":"image\/png"}],"twitter_card":"summary_large_image","twitter_misc":{"Ber\u00e4knad l\u00e4stid":"3 minuter"},"schema":{"@context":"https:\/\/schema.org","@graph":[{"@type":"WebPage","@id":"https:\/\/noaksark.org\/mosaik\/om-oss\/bidragsgivare\/","url":"https:\/\/noaksark.org\/mosaik\/om-oss\/bidragsgivare\/","name":"Bidragsgivare - Noaks Ark Mosaik - Sk\u00e5ne &amp; Blekinge","isPartOf":{"@id":"https:\/\/noaksark.org\/mosaik\/#website"},"primaryImageOfPage":{"@id":"https:\/\/noaksark.org\/mosaik\/om-oss\/bidragsgivare\/#primaryimage"},"image":{"@id":"https:\/\/noaksark.org\/mosaik\/om-oss\/bidragsgivare\/#primaryimage"},"thumbnailUrl":"https:\/\/noaksark.org\/mosaik\/wp-content\/uploads\/sites\/6\/2025\/12\/Finansieratav_Si_Svenska_Institutet1.svg_.png","datePublished":"2025-11-20T09:13:25+00:00","dateModified":"2025-12-08T16:17:10+00:00","breadcrumb":{"@id":"https:\/\/noaksark.org\/mosaik\/om-oss\/bidragsgivare\/#breadcrumb"},"inLanguage":"sv-SE","potentialAction":[{"@type":"ReadAction","target":["https:\/\/noaksark.org\/mosaik\/om-oss\/bidragsgivare\/"]}]},{"@type":"ImageObject","inLanguage":"sv-SE","@id":"https:\/\/noaksark.org\/mosaik\/om-oss\/bidragsgivare\/#primaryimage","url":"https:\/\/noaksark.org\/mosaik\/wp-content\/uploads\/sites\/6\/2025\/12\/Finansieratav_Si_Svenska_Institutet1.svg_.png","contentUrl":"https:\/\/noaksark.org\/mosaik\/wp-content\/uploads\/sites\/6\/2025\/12\/Finansieratav_Si_Svenska_Institutet1.svg_.png","width":120,"height":36},{"@type":"BreadcrumbList","@id":"https:\/\/noaksark.org\/mosaik\/om-oss\/bidragsgivare\/#breadcrumb","itemListElement":[{"@type":"ListItem","position":1,"name":"Home","item":"https:\/\/noaksark.org\/mosaik\/"},{"@type":"ListItem","position":2,"name":"Om oss","item":"https:\/\/noaksark.org\/mosaik\/om-oss\/"},{"@type":"ListItem","position":3,"name":"Bidragsgivare"}]},{"@type":"WebSite","@id":"https:\/\/noaksark.org\/mosaik\/#website","url":"https:\/\/noaksark.org\/mosaik\/","name":"Noaks Ark Mosaik - Sk\u00e5ne &amp; Blekinge","description":"","potentialAction":[{"@type":"SearchAction","target":{"@type":"EntryPoint","urlTemplate":"https:\/\/noaksark.org\/mosaik\/?s={search_term_string}"},"query-input":{"@type":"PropertyValueSpecification","valueRequired":true,"valueName":"search_term_string"}}],"inLanguage":"sv-SE"}]}},"_links":{"self":[{"href":"https:\/\/noaksark.org\/mosaik\/wp-json\/wp\/v2\/pages\/3471","targetHints":{"allow":["GET"]}}],"collection":[{"href":"https:\/\/noaksark.org\/mosaik\/wp-json\/wp\/v2\/pages"}],"about":[{"href":"https:\/\/noaksark.org\/mosaik\/wp-json\/wp\/v2\/types\/page"}],"author":[{"embeddable":true,"href":"https:\/\/noaksark.org\/mosaik\/wp-json\/wp\/v2\/users\/24"}],"replies":[{"embeddable":true,"href":"https:\/\/noaksark.org\/mosaik\/wp-json\/wp\/v2\/comments?post=3471"}],"version-history":[{"count":7,"href":"https:\/\/noaksark.org\/mosaik\/wp-json\/wp\/v2\/pages\/3471\/revisions"}],"predecessor-version":[{"id":3552,"href":"https:\/\/noaksark.org\/mosaik\/wp-json\/wp\/v2\/pages\/3471\/revisions\/3552"}],"up":[{"embeddable":true,"href":"https:\/\/noaksark.org\/mosaik\/wp-json\/wp\/v2\/pages\/17"}],"wp:attachment":[{"href":"https:\/\/noaksark.org\/mosaik\/wp-json\/wp\/v2\/media?parent=3471"}],"curies":[{"name":"wp","href":"https:\/\/api.w.org\/{rel}","templated":true}]}}