{"id":3086,"date":"2025-07-01T15:07:34","date_gmt":"2025-07-01T13:07:34","guid":{"rendered":"https:\/\/noaksark.org\/mosaik\/?page_id=3086"},"modified":"2025-10-29T15:16:34","modified_gmt":"2025-10-29T14:16:34","slug":"stod-noaks-ark-mosaik","status":"publish","type":"page","link":"https:\/\/noaksark.org\/mosaik\/om-oss\/stod-noaks-ark-mosaik\/","title":{"rendered":"St\u00f6d Noaks Ark Mosaik"},"content":{"rendered":"\n<p>Du \u00e4r en viktig del av att minska stigmat kring hiv och kan g\u00f6ra stor skillnad. Tillsammans kan vi skapa en v\u00e4rld d\u00e4r hiv inte begr\u00e4nsar. Ditt engagemang spelar roll och kan ta m\u00e5nga former \u2013 prata om hiv med v\u00e4nner och familj, l\u00e4r dig mer och var nyfiken.<\/p>\n\n\n\n<p>Vill du g\u00f6ra \u00e4nnu mer? F\u00f6lj oss i sociala medier, prenumerera p\u00e5 v\u00e5rt nyhetsbrev, dela v\u00e5ra inl\u00e4gg eller sprid v\u00e5r information. Du kan ocks\u00e5 bidra genom att swisha en g\u00e5va, bli medlem eller engagera dig som volont\u00e4r eller peer worker.<\/p>\n\n\n\n<p><\/p>\n\n\n\n<h3 class=\"wp-block-heading\" id=\"h-bli-peer-worker-hos-noaks-ark-mosaik\"><strong>Bli Peer Worker hos Noaks Ark Mosaik<\/strong><\/h3>\n\n\n\n<p>Vill du g\u00f6ra skillnad f\u00f6r m\u00e4nniskor som lever med eller p\u00e5verkas av hiv? Hos oss p\u00e5 Noaks Ark Mosaik spelar Peer Workers en viktig roll \u2013 du hj\u00e4lper till att bygga f\u00f6rtroende, minska stigma och st\u00f6tta m\u00e4nniskor i olika livssituationer.<\/p>\n\n\n\n<p>Du b\u00f6rjar med v\u00e5r grundutbildning\u00a0<strong>HIV Basic Training<em>\u00a0<\/em><\/strong>d\u00e4r du f\u00e5r grundl\u00e4ggande kunskaper om hiv, stigma, personligt bem\u00f6tande, kommunikation, hivprevention och hur du kan st\u00f6tta andra med respekt och v\u00e4rme. N\u00e4sta steg \u00e4r en specifik utbildning just f\u00f6r peer workers. <\/p>\n\n\n\n<p>Som Peer Worker f\u00e5r du testa p\u00e5 och l\u00e4ra dig saker som:<br>\u2022&nbsp;<strong>N\u00e5 ut till olika grupper<\/strong>&nbsp;\u2013 sprida kunskap och skapa kontakt med m\u00e4nniskor fr\u00e5n olika bakgrunder<br>\u2022&nbsp;<strong>St\u00f6tta vid testning<\/strong>&nbsp;\u2013 hj\u00e4lpa till vid hivtestning, uppmuntra till testning och guida vidare till v\u00e5rd<br>\u2022&nbsp;<strong>Psykosocialt st\u00f6d<\/strong>&nbsp;\u2013 lyssna, ge v\u00e4gledning och st\u00e4rka m\u00e4nniskor att ta kontroll \u00f6ver sin h\u00e4lsa<\/p>\n\n\n\n<p>Du l\u00e4r dig ocks\u00e5 hur man skapar trygga, inkluderande milj\u00f6er \u2013 oavsett k\u00f6n, sexualitet eller bakgrund \u2013 och hur du sj\u00e4lv kan m\u00e5 bra samtidigt som du st\u00f6ttar andra.<\/p>\n\n\n\n<p>K\u00e4nner du att det h\u00e4r l\u00e5ter som n\u00e5got f\u00f6r dig?<br>H\u00f6r av dig till oss p\u00e5 [<a>abimbola.ajomale@noaksark.org<\/a>&nbsp;\/ +46 70 811 05 56] s\u00e5 ber\u00e4ttar vi mer!<\/p>\n\n\n\n<h3 class=\"wp-block-heading\" id=\"h-\"><\/h3>\n\n\n\n<h4 class=\"wp-block-heading\" id=\"h-\"><\/h4>\n\n\n\n<div style=\"height:22px\" aria-hidden=\"true\" class=\"wp-block-spacer\"><\/div>\n\n\n\n<div class=\"wp-block-columns is-layout-flex wp-container-core-columns-is-layout-9d6595d7 wp-block-columns-is-layout-flex\">\n<div class=\"wp-block-column is-vertically-aligned-top is-layout-flow wp-block-column-is-layout-flow\">\n<h2 class=\"wp-block-heading\" id=\"h-vi-uppskattar-din-hjalp\">Vi uppskattar din hj\u00e4lp!<\/h2>\n\n\n\n<div style=\"height:16px\" aria-hidden=\"true\" class=\"wp-block-spacer\"><\/div>\n\n\n\n<p>St\u00f6d oss p\u00e5 dina villkor genom att;<\/p>\n\n\n\n<ul class=\"wp-block-list\">\n<li>ge en g\u00e5va<\/li>\n\n\n\n<li>gilla, sprida och dela inl\u00e4gg fr\u00e5n v\u00e5ra sociala kanaler<\/li>\n\n\n\n<li>h\u00f6ra av dig till oss med utvecklingsf\u00f6rslag, fr\u00e5gor eller samarbeten<\/li>\n<\/ul>\n\n\n\n<p><\/p>\n\n\n\n<div style=\"height:36px\" aria-hidden=\"true\" class=\"wp-block-spacer\"><\/div>\n\n\n\n<h4 class=\"wp-block-heading\" id=\"h-litet-som-stort-varje-insats-hjalper-oss-i-vart-arbete\"><strong>Litet som stort \u2013 varje insats hj\u00e4lper oss i v\u00e5rt arbete!<\/strong><\/h4>\n<\/div>\n\n\n\n<div class=\"wp-block-column is-vertically-aligned-center is-layout-flow wp-block-column-is-layout-flow\"><div class=\"wp-block-image\">\n<figure class=\"alignleft size-full is-resized\"><img loading=\"lazy\" decoding=\"async\" width=\"269\" height=\"335\" src=\"https:\/\/noaksark.org\/mosaik\/wp-content\/uploads\/sites\/6\/2025\/07\/Noaks-Ark-Mosaik_Swish.png\" alt=\"\" class=\"wp-image-3100\" style=\"width:250px;height:auto\" srcset=\"https:\/\/noaksark.org\/mosaik\/wp-content\/uploads\/sites\/6\/2025\/07\/Noaks-Ark-Mosaik_Swish.png 269w, https:\/\/noaksark.org\/mosaik\/wp-content\/uploads\/sites\/6\/2025\/07\/Noaks-Ark-Mosaik_Swish-241x300.png 241w, https:\/\/noaksark.org\/mosaik\/wp-content\/uploads\/sites\/6\/2025\/07\/Noaks-Ark-Mosaik_Swish-80x100.png 80w\" sizes=\"auto, (max-width: 269px) 100vw, 269px\" \/><figcaption class=\"wp-element-caption\"><br><strong>Bankgiro: 599-5378<br>Swish: 123 330 45 73<\/strong><\/figcaption><\/figure>\n<\/div>\n\n\n<div style=\"height:16px\" aria-hidden=\"true\" class=\"wp-block-spacer\"><\/div>\n<\/div>\n<\/div>\n","protected":false},"excerpt":{"rendered":"<p>Du \u00e4r en viktig del av att minska stigmat kring hiv och kan g\u00f6ra stor skillnad. Tillsammans kan vi skapa en v\u00e4rld d\u00e4r hiv inte begr\u00e4nsar. Ditt engagemang spelar roll och kan ta m\u00e5nga former&#8230;<\/p>\n","protected":false},"author":25,"featured_media":0,"parent":17,"menu_order":0,"comment_status":"closed","ping_status":"closed","template":"","meta":{"_acf_changed":false,"footnotes":""},"class_list":["post-3086","page","type-page","status-publish","hentry"],"acf":[],"yoast_head":"<!-- This site is optimized with the Yoast SEO Premium plugin v27.4 (Yoast SEO v27.4) - https:\/\/yoast.com\/product\/yoast-seo-premium-wordpress\/ -->\n<title>St\u00f6d Noaks Ark Mosaik - Noaks Ark Mosaik - Sk\u00e5ne &amp; Blekinge<\/title>\n<meta name=\"robots\" content=\"index, follow, max-snippet:-1, max-image-preview:large, max-video-preview:-1\" \/>\n<link rel=\"canonical\" href=\"https:\/\/noaksark.org\/mosaik\/om-oss\/stod-noaks-ark-mosaik\/\" \/>\n<meta property=\"og:locale\" content=\"sv_SE\" \/>\n<meta property=\"og:type\" content=\"article\" \/>\n<meta property=\"og:title\" content=\"St\u00f6d Noaks Ark Mosaik\" \/>\n<meta property=\"og:description\" content=\"Du \u00e4r en viktig del av att minska stigmat kring hiv och kan g\u00f6ra stor skillnad. Tillsammans kan vi skapa en v\u00e4rld d\u00e4r hiv inte begr\u00e4nsar. Ditt engagemang spelar roll och kan ta m\u00e5nga former...\" \/>\n<meta property=\"og:url\" content=\"https:\/\/noaksark.org\/mosaik\/om-oss\/stod-noaks-ark-mosaik\/\" \/>\n<meta property=\"og:site_name\" content=\"Noaks Ark Mosaik - Sk\u00e5ne &amp; Blekinge\" \/>\n<meta property=\"article:modified_time\" content=\"2025-10-29T14:16:34+00:00\" \/>\n<meta property=\"og:image\" content=\"https:\/\/noaksark.org\/mosaik\/wp-content\/uploads\/sites\/6\/2025\/07\/Noaks-Ark-Mosaik_Swish.png\" \/>\n\t<meta property=\"og:image:width\" content=\"269\" \/>\n\t<meta property=\"og:image:height\" content=\"335\" \/>\n\t<meta property=\"og:image:type\" content=\"image\/png\" \/>\n<meta name=\"twitter:card\" content=\"summary_large_image\" \/>\n<meta name=\"twitter:label1\" content=\"Ber\u00e4knad l\u00e4stid\" \/>\n\t<meta name=\"twitter:data1\" content=\"2 minuter\" \/>\n<script type=\"application\/ld+json\" class=\"yoast-schema-graph\">{\"@context\":\"https:\\\/\\\/schema.org\",\"@graph\":[{\"@type\":\"WebPage\",\"@id\":\"https:\\\/\\\/noaksark.org\\\/mosaik\\\/om-oss\\\/stod-noaks-ark-mosaik\\\/\",\"url\":\"https:\\\/\\\/noaksark.org\\\/mosaik\\\/om-oss\\\/stod-noaks-ark-mosaik\\\/\",\"name\":\"St\u00f6d Noaks Ark Mosaik - Noaks Ark Mosaik - Sk\u00e5ne &amp; Blekinge\",\"isPartOf\":{\"@id\":\"https:\\\/\\\/noaksark.org\\\/mosaik\\\/#website\"},\"primaryImageOfPage\":{\"@id\":\"https:\\\/\\\/noaksark.org\\\/mosaik\\\/om-oss\\\/stod-noaks-ark-mosaik\\\/#primaryimage\"},\"image\":{\"@id\":\"https:\\\/\\\/noaksark.org\\\/mosaik\\\/om-oss\\\/stod-noaks-ark-mosaik\\\/#primaryimage\"},\"thumbnailUrl\":\"https:\\\/\\\/noaksark.org\\\/mosaik\\\/wp-content\\\/uploads\\\/sites\\\/6\\\/2025\\\/07\\\/Noaks-Ark-Mosaik_Swish.png\",\"datePublished\":\"2025-07-01T13:07:34+00:00\",\"dateModified\":\"2025-10-29T14:16:34+00:00\",\"breadcrumb\":{\"@id\":\"https:\\\/\\\/noaksark.org\\\/mosaik\\\/om-oss\\\/stod-noaks-ark-mosaik\\\/#breadcrumb\"},\"inLanguage\":\"sv-SE\",\"potentialAction\":[{\"@type\":\"ReadAction\",\"target\":[\"https:\\\/\\\/noaksark.org\\\/mosaik\\\/om-oss\\\/stod-noaks-ark-mosaik\\\/\"]}]},{\"@type\":\"ImageObject\",\"inLanguage\":\"sv-SE\",\"@id\":\"https:\\\/\\\/noaksark.org\\\/mosaik\\\/om-oss\\\/stod-noaks-ark-mosaik\\\/#primaryimage\",\"url\":\"https:\\\/\\\/noaksark.org\\\/mosaik\\\/wp-content\\\/uploads\\\/sites\\\/6\\\/2025\\\/07\\\/Noaks-Ark-Mosaik_Swish.png\",\"contentUrl\":\"https:\\\/\\\/noaksark.org\\\/mosaik\\\/wp-content\\\/uploads\\\/sites\\\/6\\\/2025\\\/07\\\/Noaks-Ark-Mosaik_Swish.png\",\"width\":269,\"height\":335},{\"@type\":\"BreadcrumbList\",\"@id\":\"https:\\\/\\\/noaksark.org\\\/mosaik\\\/om-oss\\\/stod-noaks-ark-mosaik\\\/#breadcrumb\",\"itemListElement\":[{\"@type\":\"ListItem\",\"position\":1,\"name\":\"Home\",\"item\":\"https:\\\/\\\/noaksark.org\\\/mosaik\\\/\"},{\"@type\":\"ListItem\",\"position\":2,\"name\":\"Om oss\",\"item\":\"https:\\\/\\\/noaksark.org\\\/mosaik\\\/om-oss\\\/\"},{\"@type\":\"ListItem\",\"position\":3,\"name\":\"St\u00f6d Noaks Ark Mosaik\"}]},{\"@type\":\"WebSite\",\"@id\":\"https:\\\/\\\/noaksark.org\\\/mosaik\\\/#website\",\"url\":\"https:\\\/\\\/noaksark.org\\\/mosaik\\\/\",\"name\":\"Noaks Ark Mosaik - Sk\u00e5ne &amp; Blekinge\",\"description\":\"\",\"potentialAction\":[{\"@type\":\"SearchAction\",\"target\":{\"@type\":\"EntryPoint\",\"urlTemplate\":\"https:\\\/\\\/noaksark.org\\\/mosaik\\\/?s={search_term_string}\"},\"query-input\":{\"@type\":\"PropertyValueSpecification\",\"valueRequired\":true,\"valueName\":\"search_term_string\"}}],\"inLanguage\":\"sv-SE\"}]}<\/script>\n<!-- \/ Yoast SEO Premium plugin. -->","yoast_head_json":{"title":"St\u00f6d Noaks Ark Mosaik - Noaks Ark Mosaik - Sk\u00e5ne &amp; Blekinge","robots":{"index":"index","follow":"follow","max-snippet":"max-snippet:-1","max-image-preview":"max-image-preview:large","max-video-preview":"max-video-preview:-1"},"canonical":"https:\/\/noaksark.org\/mosaik\/om-oss\/stod-noaks-ark-mosaik\/","og_locale":"sv_SE","og_type":"article","og_title":"St\u00f6d Noaks Ark Mosaik","og_description":"Du \u00e4r en viktig del av att minska stigmat kring hiv och kan g\u00f6ra stor skillnad. Tillsammans kan vi skapa en v\u00e4rld d\u00e4r hiv inte begr\u00e4nsar. Ditt engagemang spelar roll och kan ta m\u00e5nga former...","og_url":"https:\/\/noaksark.org\/mosaik\/om-oss\/stod-noaks-ark-mosaik\/","og_site_name":"Noaks Ark Mosaik - Sk\u00e5ne &amp; Blekinge","article_modified_time":"2025-10-29T14:16:34+00:00","og_image":[{"width":269,"height":335,"url":"https:\/\/noaksark.org\/mosaik\/wp-content\/uploads\/sites\/6\/2025\/07\/Noaks-Ark-Mosaik_Swish.png","type":"image\/png"}],"twitter_card":"summary_large_image","twitter_misc":{"Ber\u00e4knad l\u00e4stid":"2 minuter"},"schema":{"@context":"https:\/\/schema.org","@graph":[{"@type":"WebPage","@id":"https:\/\/noaksark.org\/mosaik\/om-oss\/stod-noaks-ark-mosaik\/","url":"https:\/\/noaksark.org\/mosaik\/om-oss\/stod-noaks-ark-mosaik\/","name":"St\u00f6d Noaks Ark Mosaik - Noaks Ark Mosaik - Sk\u00e5ne &amp; Blekinge","isPartOf":{"@id":"https:\/\/noaksark.org\/mosaik\/#website"},"primaryImageOfPage":{"@id":"https:\/\/noaksark.org\/mosaik\/om-oss\/stod-noaks-ark-mosaik\/#primaryimage"},"image":{"@id":"https:\/\/noaksark.org\/mosaik\/om-oss\/stod-noaks-ark-mosaik\/#primaryimage"},"thumbnailUrl":"https:\/\/noaksark.org\/mosaik\/wp-content\/uploads\/sites\/6\/2025\/07\/Noaks-Ark-Mosaik_Swish.png","datePublished":"2025-07-01T13:07:34+00:00","dateModified":"2025-10-29T14:16:34+00:00","breadcrumb":{"@id":"https:\/\/noaksark.org\/mosaik\/om-oss\/stod-noaks-ark-mosaik\/#breadcrumb"},"inLanguage":"sv-SE","potentialAction":[{"@type":"ReadAction","target":["https:\/\/noaksark.org\/mosaik\/om-oss\/stod-noaks-ark-mosaik\/"]}]},{"@type":"ImageObject","inLanguage":"sv-SE","@id":"https:\/\/noaksark.org\/mosaik\/om-oss\/stod-noaks-ark-mosaik\/#primaryimage","url":"https:\/\/noaksark.org\/mosaik\/wp-content\/uploads\/sites\/6\/2025\/07\/Noaks-Ark-Mosaik_Swish.png","contentUrl":"https:\/\/noaksark.org\/mosaik\/wp-content\/uploads\/sites\/6\/2025\/07\/Noaks-Ark-Mosaik_Swish.png","width":269,"height":335},{"@type":"BreadcrumbList","@id":"https:\/\/noaksark.org\/mosaik\/om-oss\/stod-noaks-ark-mosaik\/#breadcrumb","itemListElement":[{"@type":"ListItem","position":1,"name":"Home","item":"https:\/\/noaksark.org\/mosaik\/"},{"@type":"ListItem","position":2,"name":"Om oss","item":"https:\/\/noaksark.org\/mosaik\/om-oss\/"},{"@type":"ListItem","position":3,"name":"St\u00f6d Noaks Ark Mosaik"}]},{"@type":"WebSite","@id":"https:\/\/noaksark.org\/mosaik\/#website","url":"https:\/\/noaksark.org\/mosaik\/","name":"Noaks Ark Mosaik - Sk\u00e5ne &amp; Blekinge","description":"","potentialAction":[{"@type":"SearchAction","target":{"@type":"EntryPoint","urlTemplate":"https:\/\/noaksark.org\/mosaik\/?s={search_term_string}"},"query-input":{"@type":"PropertyValueSpecification","valueRequired":true,"valueName":"search_term_string"}}],"inLanguage":"sv-SE"}]}},"_links":{"self":[{"href":"https:\/\/noaksark.org\/mosaik\/wp-json\/wp\/v2\/pages\/3086","targetHints":{"allow":["GET"]}}],"collection":[{"href":"https:\/\/noaksark.org\/mosaik\/wp-json\/wp\/v2\/pages"}],"about":[{"href":"https:\/\/noaksark.org\/mosaik\/wp-json\/wp\/v2\/types\/page"}],"author":[{"embeddable":true,"href":"https:\/\/noaksark.org\/mosaik\/wp-json\/wp\/v2\/users\/25"}],"replies":[{"embeddable":true,"href":"https:\/\/noaksark.org\/mosaik\/wp-json\/wp\/v2\/comments?post=3086"}],"version-history":[{"count":67,"href":"https:\/\/noaksark.org\/mosaik\/wp-json\/wp\/v2\/pages\/3086\/revisions"}],"predecessor-version":[{"id":3415,"href":"https:\/\/noaksark.org\/mosaik\/wp-json\/wp\/v2\/pages\/3086\/revisions\/3415"}],"up":[{"embeddable":true,"href":"https:\/\/noaksark.org\/mosaik\/wp-json\/wp\/v2\/pages\/17"}],"wp:attachment":[{"href":"https:\/\/noaksark.org\/mosaik\/wp-json\/wp\/v2\/media?parent=3086"}],"curies":[{"name":"wp","href":"https:\/\/api.w.org\/{rel}","templated":true}]}}