{"id":3052,"date":"2025-06-29T18:06:23","date_gmt":"2025-06-29T16:06:23","guid":{"rendered":"https:\/\/noaksark.org\/mosaik\/?page_id=3052"},"modified":"2025-11-19T14:16:04","modified_gmt":"2025-11-19T13:16:04","slug":"samarbete-och-samverkan","status":"publish","type":"page","link":"https:\/\/noaksark.org\/mosaik\/om-oss\/samarbete-och-samverkan\/","title":{"rendered":"Samarbete och samverkan"},"content":{"rendered":"\n<div style=\"height:32px\" aria-hidden=\"true\" class=\"wp-block-spacer\"><\/div>\n\n\n\n<h2 class=\"wp-block-heading\" id=\"h-samverkan-ar-en-grundpelare-i-noaks-ark-mosaiks-arbete\"><strong>Samverkan \u00e4r en grundpelare i Noaks Ark Mosaiks arbete.<\/strong> <\/h2>\n\n\n\n<p>Genom att bygga starka och h\u00e5llbara partnerskap kan vi b\u00e4ttre m\u00f6ta behoven hos v\u00e5r prim\u00e4ra m\u00e5lgrupp \u2013 personer med migrationserfarenhet \u2013 samt andra grupper som lever i s\u00e4rskild s\u00e5rbarhet. Vi vet att tillg\u00e5ngen till st\u00f6d, information och r\u00e4ttigheter ofta \u00e4r oj\u00e4mlik, och att ingen insats ensam kan n\u00e5 alla. D\u00e4rf\u00f6r arbetar vi sektors\u00f6verskridande, tillsammans.<\/p>\n\n\n\n<p>V\u00e5ra samarbeten syftar till att:<br>\u2022 st\u00e4rka SRHR f\u00f6r alla &#8211; ingen ska l\u00e4mnas utanf\u00f6r <br>\u2022 n\u00e5 fler personer i utsatthet och minska hinder kopplade till migration, spr\u00e5k, stigma och sociala strukturer <br>\u2022 bidra till att f\u00f6rebygga nya fall av STIs och hiv i samh\u00e4llet<\/p>\n\n\n\n<p>\u2022 bidra till att minska stigma kopplat till hiv, sexualitet och migration<br>\u2022 s\u00e4kerst\u00e4lla ett konsekvent personcentrerat arbetss\u00e4tt i alla insatser<br>\u2022 utveckla effektiva outreach-strategier i samarbete med lokala och internationella akt\u00f6rer<br>\u2022 skapa kompetensh\u00f6jning och gemensamt l\u00e4rande mellan professioner och organisationer<br>\u2022 arbeta n\u00e4ra forskning och internationella hiv-program f\u00f6r att ta del av nya metoder och perspektiv<\/p>\n\n\n\n<p><\/p>\n\n\n\n<p>Noaks Ark Mosaik samverkar idag med en bred variation av akt\u00f6rer, bland annat:<br>\u2022 civilsamh\u00e4llesorganisationer inom migration, h\u00e4lsa och socialt st\u00f6d<br>\u2022 infektionskliniker, sprututbyten, socialtj\u00e4nst och v\u00e5rdmottagningar<br>\u2022 trossamfund och ideella m\u00f6tesplatser<br>\u2022 universitet, forskningsmilj\u00f6er och internationella samarbetspartner<br>\u2022 n\u00e4tverk och forum s\u00e5som MSM-forum, Folkh\u00e4lsomyndighetens organisationsdialoger och regionala SRHR-samverkansgrupper<\/p>\n\n\n\n<p>Genom dessa samarbeten kan vi skapa fler ing\u00e5ngar till st\u00f6d, bygga broar mellan olika sektorer och arbeta f\u00f6r att SRHR, hiv-prevention och hivst\u00f6d n\u00e5r de personer som beh\u00f6ver det mest, \u00e4ven dem som traditionellt riskerar att st\u00e5 utanf\u00f6r.<\/p>\n\n\n\n<p><strong>Vill du samarbeta med oss?<\/strong><br>Vi v\u00e4lkomnar alltid nya partnerskap som kan st\u00e4rka v\u00e5rt gemensamma arbete f\u00f6r migranter och andra grupper i s\u00e4rskild s\u00e5rbarhet.<br><strong>Kontakta oss g\u00e4rna om ni vill samverka eller veta mer.<\/strong> <\/p>\n\n\n\n<p><strong>Mejl: mikaela.berg@noaksark.org<\/strong><\/p>\n\n\n\n<p><\/p>\n","protected":false},"excerpt":{"rendered":"<p>Samverkan \u00e4r en grundpelare i Noaks Ark Mosaiks arbete. Genom att bygga starka och h\u00e5llbara partnerskap kan vi b\u00e4ttre m\u00f6ta behoven hos v\u00e5r prim\u00e4ra m\u00e5lgrupp \u2013 personer med migrationserfarenhet \u2013 samt andra grupper som lever&#8230;<\/p>\n","protected":false},"author":25,"featured_media":0,"parent":17,"menu_order":0,"comment_status":"closed","ping_status":"closed","template":"","meta":{"_acf_changed":false,"footnotes":""},"class_list":["post-3052","page","type-page","status-publish","hentry"],"acf":[],"yoast_head":"<!-- This site is optimized with the Yoast SEO Premium plugin v27.3 (Yoast SEO v27.4) - https:\/\/yoast.com\/product\/yoast-seo-premium-wordpress\/ -->\n<title>Samarbete och samverkan - Noaks Ark Mosaik - Sk\u00e5ne &amp; Blekinge<\/title>\n<meta name=\"robots\" content=\"index, follow, max-snippet:-1, max-image-preview:large, max-video-preview:-1\" \/>\n<link rel=\"canonical\" href=\"https:\/\/noaksark.org\/mosaik\/om-oss\/samarbete-och-samverkan\/\" \/>\n<meta property=\"og:locale\" content=\"sv_SE\" \/>\n<meta property=\"og:type\" content=\"article\" \/>\n<meta property=\"og:title\" content=\"Samarbete och samverkan\" \/>\n<meta property=\"og:description\" content=\"Samverkan \u00e4r en grundpelare i Noaks Ark Mosaiks arbete. Genom att bygga starka och h\u00e5llbara partnerskap kan vi b\u00e4ttre m\u00f6ta behoven hos v\u00e5r prim\u00e4ra m\u00e5lgrupp \u2013 personer med migrationserfarenhet \u2013 samt andra grupper som lever...\" \/>\n<meta property=\"og:url\" content=\"https:\/\/noaksark.org\/mosaik\/om-oss\/samarbete-och-samverkan\/\" \/>\n<meta property=\"og:site_name\" content=\"Noaks Ark Mosaik - Sk\u00e5ne &amp; Blekinge\" \/>\n<meta property=\"article:modified_time\" content=\"2025-11-19T13:16:04+00:00\" \/>\n<meta name=\"twitter:card\" content=\"summary_large_image\" \/>\n<meta name=\"twitter:label1\" content=\"Ber\u00e4knad l\u00e4stid\" \/>\n\t<meta name=\"twitter:data1\" content=\"2 minuter\" \/>\n<script type=\"application\/ld+json\" class=\"yoast-schema-graph\">{\"@context\":\"https:\\\/\\\/schema.org\",\"@graph\":[{\"@type\":\"WebPage\",\"@id\":\"https:\\\/\\\/noaksark.org\\\/mosaik\\\/om-oss\\\/samarbete-och-samverkan\\\/\",\"url\":\"https:\\\/\\\/noaksark.org\\\/mosaik\\\/om-oss\\\/samarbete-och-samverkan\\\/\",\"name\":\"Samarbete och samverkan - Noaks Ark Mosaik - Sk\u00e5ne &amp; Blekinge\",\"isPartOf\":{\"@id\":\"https:\\\/\\\/noaksark.org\\\/mosaik\\\/#website\"},\"datePublished\":\"2025-06-29T16:06:23+00:00\",\"dateModified\":\"2025-11-19T13:16:04+00:00\",\"breadcrumb\":{\"@id\":\"https:\\\/\\\/noaksark.org\\\/mosaik\\\/om-oss\\\/samarbete-och-samverkan\\\/#breadcrumb\"},\"inLanguage\":\"sv-SE\",\"potentialAction\":[{\"@type\":\"ReadAction\",\"target\":[\"https:\\\/\\\/noaksark.org\\\/mosaik\\\/om-oss\\\/samarbete-och-samverkan\\\/\"]}]},{\"@type\":\"BreadcrumbList\",\"@id\":\"https:\\\/\\\/noaksark.org\\\/mosaik\\\/om-oss\\\/samarbete-och-samverkan\\\/#breadcrumb\",\"itemListElement\":[{\"@type\":\"ListItem\",\"position\":1,\"name\":\"Home\",\"item\":\"https:\\\/\\\/noaksark.org\\\/mosaik\\\/\"},{\"@type\":\"ListItem\",\"position\":2,\"name\":\"Om oss\",\"item\":\"https:\\\/\\\/noaksark.org\\\/mosaik\\\/om-oss\\\/\"},{\"@type\":\"ListItem\",\"position\":3,\"name\":\"Samarbete och samverkan\"}]},{\"@type\":\"WebSite\",\"@id\":\"https:\\\/\\\/noaksark.org\\\/mosaik\\\/#website\",\"url\":\"https:\\\/\\\/noaksark.org\\\/mosaik\\\/\",\"name\":\"Noaks Ark Mosaik - Sk\u00e5ne &amp; Blekinge\",\"description\":\"\",\"potentialAction\":[{\"@type\":\"SearchAction\",\"target\":{\"@type\":\"EntryPoint\",\"urlTemplate\":\"https:\\\/\\\/noaksark.org\\\/mosaik\\\/?s={search_term_string}\"},\"query-input\":{\"@type\":\"PropertyValueSpecification\",\"valueRequired\":true,\"valueName\":\"search_term_string\"}}],\"inLanguage\":\"sv-SE\"}]}<\/script>\n<!-- \/ Yoast SEO Premium plugin. -->","yoast_head_json":{"title":"Samarbete och samverkan - Noaks Ark Mosaik - Sk\u00e5ne &amp; Blekinge","robots":{"index":"index","follow":"follow","max-snippet":"max-snippet:-1","max-image-preview":"max-image-preview:large","max-video-preview":"max-video-preview:-1"},"canonical":"https:\/\/noaksark.org\/mosaik\/om-oss\/samarbete-och-samverkan\/","og_locale":"sv_SE","og_type":"article","og_title":"Samarbete och samverkan","og_description":"Samverkan \u00e4r en grundpelare i Noaks Ark Mosaiks arbete. Genom att bygga starka och h\u00e5llbara partnerskap kan vi b\u00e4ttre m\u00f6ta behoven hos v\u00e5r prim\u00e4ra m\u00e5lgrupp \u2013 personer med migrationserfarenhet \u2013 samt andra grupper som lever...","og_url":"https:\/\/noaksark.org\/mosaik\/om-oss\/samarbete-och-samverkan\/","og_site_name":"Noaks Ark Mosaik - Sk\u00e5ne &amp; Blekinge","article_modified_time":"2025-11-19T13:16:04+00:00","twitter_card":"summary_large_image","twitter_misc":{"Ber\u00e4knad l\u00e4stid":"2 minuter"},"schema":{"@context":"https:\/\/schema.org","@graph":[{"@type":"WebPage","@id":"https:\/\/noaksark.org\/mosaik\/om-oss\/samarbete-och-samverkan\/","url":"https:\/\/noaksark.org\/mosaik\/om-oss\/samarbete-och-samverkan\/","name":"Samarbete och samverkan - Noaks Ark Mosaik - Sk\u00e5ne &amp; Blekinge","isPartOf":{"@id":"https:\/\/noaksark.org\/mosaik\/#website"},"datePublished":"2025-06-29T16:06:23+00:00","dateModified":"2025-11-19T13:16:04+00:00","breadcrumb":{"@id":"https:\/\/noaksark.org\/mosaik\/om-oss\/samarbete-och-samverkan\/#breadcrumb"},"inLanguage":"sv-SE","potentialAction":[{"@type":"ReadAction","target":["https:\/\/noaksark.org\/mosaik\/om-oss\/samarbete-och-samverkan\/"]}]},{"@type":"BreadcrumbList","@id":"https:\/\/noaksark.org\/mosaik\/om-oss\/samarbete-och-samverkan\/#breadcrumb","itemListElement":[{"@type":"ListItem","position":1,"name":"Home","item":"https:\/\/noaksark.org\/mosaik\/"},{"@type":"ListItem","position":2,"name":"Om oss","item":"https:\/\/noaksark.org\/mosaik\/om-oss\/"},{"@type":"ListItem","position":3,"name":"Samarbete och samverkan"}]},{"@type":"WebSite","@id":"https:\/\/noaksark.org\/mosaik\/#website","url":"https:\/\/noaksark.org\/mosaik\/","name":"Noaks Ark Mosaik - Sk\u00e5ne &amp; Blekinge","description":"","potentialAction":[{"@type":"SearchAction","target":{"@type":"EntryPoint","urlTemplate":"https:\/\/noaksark.org\/mosaik\/?s={search_term_string}"},"query-input":{"@type":"PropertyValueSpecification","valueRequired":true,"valueName":"search_term_string"}}],"inLanguage":"sv-SE"}]}},"_links":{"self":[{"href":"https:\/\/noaksark.org\/mosaik\/wp-json\/wp\/v2\/pages\/3052","targetHints":{"allow":["GET"]}}],"collection":[{"href":"https:\/\/noaksark.org\/mosaik\/wp-json\/wp\/v2\/pages"}],"about":[{"href":"https:\/\/noaksark.org\/mosaik\/wp-json\/wp\/v2\/types\/page"}],"author":[{"embeddable":true,"href":"https:\/\/noaksark.org\/mosaik\/wp-json\/wp\/v2\/users\/25"}],"replies":[{"embeddable":true,"href":"https:\/\/noaksark.org\/mosaik\/wp-json\/wp\/v2\/comments?post=3052"}],"version-history":[{"count":12,"href":"https:\/\/noaksark.org\/mosaik\/wp-json\/wp\/v2\/pages\/3052\/revisions"}],"predecessor-version":[{"id":3468,"href":"https:\/\/noaksark.org\/mosaik\/wp-json\/wp\/v2\/pages\/3052\/revisions\/3468"}],"up":[{"embeddable":true,"href":"https:\/\/noaksark.org\/mosaik\/wp-json\/wp\/v2\/pages\/17"}],"wp:attachment":[{"href":"https:\/\/noaksark.org\/mosaik\/wp-json\/wp\/v2\/media?parent=3052"}],"curies":[{"name":"wp","href":"https:\/\/api.w.org\/{rel}","templated":true}]}}