{"id":15,"date":"2022-11-23T09:51:35","date_gmt":"2022-11-23T09:51:35","guid":{"rendered":"https:\/\/noaksark.test\/mosaik\/?page_id=15"},"modified":"2026-01-26T11:20:59","modified_gmt":"2026-01-26T10:20:59","slug":"testa-dig-har","status":"publish","type":"page","link":"https:\/\/noaksark.org\/mosaik\/testa-dig-har\/","title":{"rendered":"Testa dig h\u00e4r!"},"content":{"rendered":"\n<h2 class=\"wp-block-heading\" id=\"h-test-med-snabbsvar-anonymt-amp-gratis\">Test med snabbsvar &#8211; anonymt &amp; gratis<\/h2>\n\n\n\n<p><\/p>\n\n\n\n<p>Hos oss kan du testa dig enkelt och kostnadsfritt med ett snabbtest. Vi erbjuder snabbtest av hiv, syfilis, hepatit B och hepatit C. Du f\u00e5r samtidigt m\u00f6jlighet att samtala och st\u00e4lla fr\u00e5gor om hiv och olika k\u00f6nssjukdomar. V\u00e4lkommen till v\u00e5r drop in-mottagning utan tidsbest\u00e4llning helgfria torsdagar kl. 15-18.<\/p>\n\n\n\n<p>Vill du hellre boka en tid som passar dig? Tidsbokade bes\u00f6k kan bokas in helgfria vardagar mellan 10.00 och 16.00. \u00c4r ni tv\u00e5 som vill testa er samtidigt? Boka en tid och kom tillsammans till den bokade tiden. Boka tid genom v\u00e5rt bokningssystem <a href=\"https:\/\/system.easypractice.net\/book\/noaks-ark-mosaik#choose-service\">h\u00e4r<\/a>. Du kan \u00e4ven ringa eller sms:a oss p\u00e5\u00a0 <a href=\"https:\/\/wa.me\/message\/7XTVELM4JVYQL1\" target=\"_blank\" rel=\"noreferrer noopener\">0739 47 68 30<\/a> om du f\u00f6redrar det.<\/p>\n\n\n\n<div style=\"height:34px\" aria-hidden=\"true\" class=\"wp-block-spacer\"><\/div>\n\n\n\n<h4 class=\"wp-block-heading\" id=\"h-har-kan-du-ocksa-testa-dig\"><strong>H\u00e4r kan du ocks\u00e5 testa dig<\/strong><\/h4>\n\n\n\n<div style=\"height:14px\" aria-hidden=\"true\" class=\"wp-block-spacer\"><\/div>\n\n\n\n<p>H\u00e4r \u00e4r n\u00e5gra exempel p\u00e5 var du ocks\u00e5 kan testa dig f\u00f6r sexuellt \u00f6verf\u00f6rbara infektioner (STI):<\/p>\n\n\n\n<div style=\"height:14px\" aria-hidden=\"true\" class=\"wp-block-spacer\"><\/div>\n\n\n\n<ul class=\"wp-block-list\">\n<li><strong>V\u00e5rdcentral:<\/strong>&nbsp;De flesta v\u00e5rdcentraler erbjuder testning f\u00f6r hivtest och andra STI.&nbsp;<\/li>\n\n\n\n<li><strong>Ungdomsmottagning:<\/strong>&nbsp;Om du \u00e4r under 23 eller 25 \u00e5r kan du v\u00e4nda dig till en ungdomsmottagning.&nbsp;<\/li>\n\n\n\n<li><strong>RFSL r\u00e5dgivning:<\/strong> Organisationen erbjuder testning och r\u00e5dgivning f\u00f6r MSM och transpersoner.&nbsp;<\/li>\n\n\n\n<li><strong>Mottagning f\u00f6r sexuell h\u00e4lsa:<\/strong>&nbsp;Dessa mottagningar \u00e4r specialiserade p\u00e5 sexuell och reproduktiv h\u00e4lsa.<\/li>\n\n\n\n<li><strong>Infektionsmottagning:<\/strong>&nbsp;Om du har misstanke om en infektion, kan du kontakta en infektionsmottagning.&nbsp;<\/li>\n\n\n\n<li> <strong>Hud- och k\u00f6nsmottagning (Venereologmottagning):<\/strong>&nbsp;Dessa mottagningar \u00e4r experter p\u00e5 sexuellt \u00f6verf\u00f6rbara infektioner.&nbsp;<\/li>\n\n\n\n<li><strong>Sj\u00e4lvtest:<\/strong>&nbsp;Du kan k\u00f6pa ett sj\u00e4lvtest och testa dig hemma eller p\u00e5 en privat plats<\/li>\n\n\n\n<li><strong><a href=\"https:\/\/www.1177.se\/Skane\/hitta-vard\/kontaktkort\/Mottagning-for-sexuellt-overforda-sjukdomar-STI-Karlskrona\/\">STI-mottagningen i Karlskrona:<\/a><\/strong>&nbsp;Ligger p\u00e5 L\u00e4nssjukhuset i Karlskrona och \u00e4r en specialistmottagning f\u00f6r k\u00f6nssjukdomar.&nbsp;<\/li>\n\n\n\n<li><strong><a href=\"https:\/\/vard.skane.se\/skanes-universitetssjukhus-sus\/mottagningar-och-avdelningar\/hudmottagning-centrum-for-sexuell-halsa-malmo\/\">Hudmottagning Centrum f\u00f6r sexuell h\u00e4lsa Malm\u00f6<\/a><\/strong>: H\u00e4r kan du testas och behandlas f\u00f6r k\u00f6nssjukdomar.<\/li>\n<\/ul>\n\n\n\n<p>F\u00f6r att ta reda p\u00e5 exakt var du kan testa dig kan du <a href=\"https:\/\/www.1177.se\/hitta-vard\/\">kontakta 1177<\/a> eller bes\u00f6ka deras webbplats f\u00f6r <a href=\"https:\/\/www.1177.se\/Skane\/sjukdomar--besvar\/konsorgan\/konssjukdomar\/konssjukdomar---sexuellt-overforda-infektioner\/\">mer information<\/a>.&nbsp;Du kan \u00e4ven se om de erbjuder m\u00f6jligheten att best\u00e4lla hemtest f\u00f6r klamydia och gonorr\u00e9.&nbsp;<\/p>\n\n\n\n<p>Kom ih\u00e5g att det \u00e4r viktigt att du testar dig om du tror att du kan ha blivit utsatt f\u00f6r smitta, eftersom tidig diagnos och behandling kan f\u00f6rhindra att sjukdomen utvecklas och minska risken f\u00f6r spridning.&nbsp;Att f\u00e5 ett test \u00e4r alltid kostnadsfritt f\u00f6r k\u00f6nssjukdomar som omfattas av smittskyddslagen, s\u00e5som klamydia, gonorr\u00e9, syfilis, hiv och hepatit.<\/p>\n\n\n\n<p><\/p>\n","protected":false},"excerpt":{"rendered":"<p>Test med snabbsvar &#8211; anonymt &amp; gratis Hos oss kan du testa dig enkelt och kostnadsfritt med ett snabbtest. Vi erbjuder snabbtest av hiv, syfilis, hepatit B och hepatit C. Du f\u00e5r samtidigt m\u00f6jlighet att&#8230;<\/p>\n","protected":false},"author":27,"featured_media":9,"parent":0,"menu_order":0,"comment_status":"closed","ping_status":"closed","template":"","meta":{"_acf_changed":false,"footnotes":""},"class_list":["post-15","page","type-page","status-publish","has-post-thumbnail","hentry"],"acf":[],"yoast_head":"<!-- This site is optimized with the Yoast SEO Premium plugin v27.3 (Yoast SEO v27.4) - https:\/\/yoast.com\/product\/yoast-seo-premium-wordpress\/ -->\n<title>Testa dig h\u00e4r! - Noaks Ark Mosaik - Sk\u00e5ne &amp; Blekinge<\/title>\n<meta name=\"robots\" content=\"index, follow, max-snippet:-1, max-image-preview:large, max-video-preview:-1\" \/>\n<link rel=\"canonical\" href=\"https:\/\/noaksark.org\/mosaik\/testa-dig-har\/\" \/>\n<meta property=\"og:locale\" content=\"sv_SE\" \/>\n<meta property=\"og:type\" content=\"article\" \/>\n<meta property=\"og:title\" content=\"Testa dig h\u00e4r!\" \/>\n<meta property=\"og:description\" content=\"Test med snabbsvar &#8211; anonymt &amp; gratis Hos oss kan du testa dig enkelt och kostnadsfritt med ett snabbtest. Vi erbjuder snabbtest av hiv, syfilis, hepatit B och hepatit C. Du f\u00e5r samtidigt m\u00f6jlighet att...\" \/>\n<meta property=\"og:url\" content=\"https:\/\/noaksark.org\/mosaik\/testa-dig-har\/\" \/>\n<meta property=\"og:site_name\" content=\"Noaks Ark Mosaik - Sk\u00e5ne &amp; Blekinge\" \/>\n<meta property=\"article:modified_time\" content=\"2026-01-26T10:20:59+00:00\" \/>\n<meta property=\"og:image\" content=\"https:\/\/noaksark.org\/mosaik\/wp-content\/uploads\/sites\/6\/2022\/11\/page-hero.jpg\" \/>\n\t<meta property=\"og:image:width\" content=\"1500\" \/>\n\t<meta property=\"og:image:height\" content=\"648\" \/>\n\t<meta property=\"og:image:type\" content=\"image\/jpeg\" \/>\n<meta name=\"twitter:card\" content=\"summary_large_image\" \/>\n<meta name=\"twitter:label1\" content=\"Ber\u00e4knad l\u00e4stid\" \/>\n\t<meta name=\"twitter:data1\" content=\"3 minuter\" \/>\n<script type=\"application\/ld+json\" class=\"yoast-schema-graph\">{\"@context\":\"https:\\\/\\\/schema.org\",\"@graph\":[{\"@type\":\"WebPage\",\"@id\":\"https:\\\/\\\/noaksark.org\\\/mosaik\\\/testa-dig-har\\\/\",\"url\":\"https:\\\/\\\/noaksark.org\\\/mosaik\\\/testa-dig-har\\\/\",\"name\":\"Testa dig h\u00e4r! - Noaks Ark Mosaik - Sk\u00e5ne &amp; Blekinge\",\"isPartOf\":{\"@id\":\"https:\\\/\\\/noaksark.org\\\/mosaik\\\/#website\"},\"primaryImageOfPage\":{\"@id\":\"https:\\\/\\\/noaksark.org\\\/mosaik\\\/testa-dig-har\\\/#primaryimage\"},\"image\":{\"@id\":\"https:\\\/\\\/noaksark.org\\\/mosaik\\\/testa-dig-har\\\/#primaryimage\"},\"thumbnailUrl\":\"https:\\\/\\\/noaksark.org\\\/mosaik\\\/wp-content\\\/uploads\\\/sites\\\/6\\\/2022\\\/11\\\/page-hero.jpg\",\"datePublished\":\"2022-11-23T09:51:35+00:00\",\"dateModified\":\"2026-01-26T10:20:59+00:00\",\"breadcrumb\":{\"@id\":\"https:\\\/\\\/noaksark.org\\\/mosaik\\\/testa-dig-har\\\/#breadcrumb\"},\"inLanguage\":\"sv-SE\",\"potentialAction\":[{\"@type\":\"ReadAction\",\"target\":[\"https:\\\/\\\/noaksark.org\\\/mosaik\\\/testa-dig-har\\\/\"]}]},{\"@type\":\"ImageObject\",\"inLanguage\":\"sv-SE\",\"@id\":\"https:\\\/\\\/noaksark.org\\\/mosaik\\\/testa-dig-har\\\/#primaryimage\",\"url\":\"https:\\\/\\\/noaksark.org\\\/mosaik\\\/wp-content\\\/uploads\\\/sites\\\/6\\\/2022\\\/11\\\/page-hero.jpg\",\"contentUrl\":\"https:\\\/\\\/noaksark.org\\\/mosaik\\\/wp-content\\\/uploads\\\/sites\\\/6\\\/2022\\\/11\\\/page-hero.jpg\",\"width\":1500,\"height\":648},{\"@type\":\"BreadcrumbList\",\"@id\":\"https:\\\/\\\/noaksark.org\\\/mosaik\\\/testa-dig-har\\\/#breadcrumb\",\"itemListElement\":[{\"@type\":\"ListItem\",\"position\":1,\"name\":\"Home\",\"item\":\"https:\\\/\\\/noaksark.org\\\/mosaik\\\/\"},{\"@type\":\"ListItem\",\"position\":2,\"name\":\"Testa dig h\u00e4r!\"}]},{\"@type\":\"WebSite\",\"@id\":\"https:\\\/\\\/noaksark.org\\\/mosaik\\\/#website\",\"url\":\"https:\\\/\\\/noaksark.org\\\/mosaik\\\/\",\"name\":\"Noaks Ark Mosaik - Sk\u00e5ne &amp; Blekinge\",\"description\":\"\",\"potentialAction\":[{\"@type\":\"SearchAction\",\"target\":{\"@type\":\"EntryPoint\",\"urlTemplate\":\"https:\\\/\\\/noaksark.org\\\/mosaik\\\/?s={search_term_string}\"},\"query-input\":{\"@type\":\"PropertyValueSpecification\",\"valueRequired\":true,\"valueName\":\"search_term_string\"}}],\"inLanguage\":\"sv-SE\"}]}<\/script>\n<!-- \/ Yoast SEO Premium plugin. -->","yoast_head_json":{"title":"Testa dig h\u00e4r! - Noaks Ark Mosaik - Sk\u00e5ne &amp; Blekinge","robots":{"index":"index","follow":"follow","max-snippet":"max-snippet:-1","max-image-preview":"max-image-preview:large","max-video-preview":"max-video-preview:-1"},"canonical":"https:\/\/noaksark.org\/mosaik\/testa-dig-har\/","og_locale":"sv_SE","og_type":"article","og_title":"Testa dig h\u00e4r!","og_description":"Test med snabbsvar &#8211; anonymt &amp; gratis Hos oss kan du testa dig enkelt och kostnadsfritt med ett snabbtest. Vi erbjuder snabbtest av hiv, syfilis, hepatit B och hepatit C. Du f\u00e5r samtidigt m\u00f6jlighet att...","og_url":"https:\/\/noaksark.org\/mosaik\/testa-dig-har\/","og_site_name":"Noaks Ark Mosaik - Sk\u00e5ne &amp; Blekinge","article_modified_time":"2026-01-26T10:20:59+00:00","og_image":[{"width":1500,"height":648,"url":"https:\/\/noaksark.org\/mosaik\/wp-content\/uploads\/sites\/6\/2022\/11\/page-hero.jpg","type":"image\/jpeg"}],"twitter_card":"summary_large_image","twitter_misc":{"Ber\u00e4knad l\u00e4stid":"3 minuter"},"schema":{"@context":"https:\/\/schema.org","@graph":[{"@type":"WebPage","@id":"https:\/\/noaksark.org\/mosaik\/testa-dig-har\/","url":"https:\/\/noaksark.org\/mosaik\/testa-dig-har\/","name":"Testa dig h\u00e4r! - Noaks Ark Mosaik - Sk\u00e5ne &amp; Blekinge","isPartOf":{"@id":"https:\/\/noaksark.org\/mosaik\/#website"},"primaryImageOfPage":{"@id":"https:\/\/noaksark.org\/mosaik\/testa-dig-har\/#primaryimage"},"image":{"@id":"https:\/\/noaksark.org\/mosaik\/testa-dig-har\/#primaryimage"},"thumbnailUrl":"https:\/\/noaksark.org\/mosaik\/wp-content\/uploads\/sites\/6\/2022\/11\/page-hero.jpg","datePublished":"2022-11-23T09:51:35+00:00","dateModified":"2026-01-26T10:20:59+00:00","breadcrumb":{"@id":"https:\/\/noaksark.org\/mosaik\/testa-dig-har\/#breadcrumb"},"inLanguage":"sv-SE","potentialAction":[{"@type":"ReadAction","target":["https:\/\/noaksark.org\/mosaik\/testa-dig-har\/"]}]},{"@type":"ImageObject","inLanguage":"sv-SE","@id":"https:\/\/noaksark.org\/mosaik\/testa-dig-har\/#primaryimage","url":"https:\/\/noaksark.org\/mosaik\/wp-content\/uploads\/sites\/6\/2022\/11\/page-hero.jpg","contentUrl":"https:\/\/noaksark.org\/mosaik\/wp-content\/uploads\/sites\/6\/2022\/11\/page-hero.jpg","width":1500,"height":648},{"@type":"BreadcrumbList","@id":"https:\/\/noaksark.org\/mosaik\/testa-dig-har\/#breadcrumb","itemListElement":[{"@type":"ListItem","position":1,"name":"Home","item":"https:\/\/noaksark.org\/mosaik\/"},{"@type":"ListItem","position":2,"name":"Testa dig h\u00e4r!"}]},{"@type":"WebSite","@id":"https:\/\/noaksark.org\/mosaik\/#website","url":"https:\/\/noaksark.org\/mosaik\/","name":"Noaks Ark Mosaik - Sk\u00e5ne &amp; Blekinge","description":"","potentialAction":[{"@type":"SearchAction","target":{"@type":"EntryPoint","urlTemplate":"https:\/\/noaksark.org\/mosaik\/?s={search_term_string}"},"query-input":{"@type":"PropertyValueSpecification","valueRequired":true,"valueName":"search_term_string"}}],"inLanguage":"sv-SE"}]}},"_links":{"self":[{"href":"https:\/\/noaksark.org\/mosaik\/wp-json\/wp\/v2\/pages\/15","targetHints":{"allow":["GET"]}}],"collection":[{"href":"https:\/\/noaksark.org\/mosaik\/wp-json\/wp\/v2\/pages"}],"about":[{"href":"https:\/\/noaksark.org\/mosaik\/wp-json\/wp\/v2\/types\/page"}],"author":[{"embeddable":true,"href":"https:\/\/noaksark.org\/mosaik\/wp-json\/wp\/v2\/users\/27"}],"replies":[{"embeddable":true,"href":"https:\/\/noaksark.org\/mosaik\/wp-json\/wp\/v2\/comments?post=15"}],"version-history":[{"count":41,"href":"https:\/\/noaksark.org\/mosaik\/wp-json\/wp\/v2\/pages\/15\/revisions"}],"predecessor-version":[{"id":3629,"href":"https:\/\/noaksark.org\/mosaik\/wp-json\/wp\/v2\/pages\/15\/revisions\/3629"}],"wp:featuredmedia":[{"embeddable":true,"href":"https:\/\/noaksark.org\/mosaik\/wp-json\/wp\/v2\/media\/9"}],"wp:attachment":[{"href":"https:\/\/noaksark.org\/mosaik\/wp-json\/wp\/v2\/media?parent=15"}],"curies":[{"name":"wp","href":"https:\/\/api.w.org\/{rel}","templated":true}]}}