{"id":1499,"date":"2025-02-04T16:24:49","date_gmt":"2025-02-04T15:24:49","guid":{"rendered":"https:\/\/noaksark.org\/mosaik\/?page_id=1499"},"modified":"2025-07-01T16:49:44","modified_gmt":"2025-07-01T14:49:44","slug":"utbildning","status":"publish","type":"page","link":"https:\/\/noaksark.org\/mosaik\/om-oss\/utbildning\/","title":{"rendered":"Vi utbildar"},"content":{"rendered":"\n<div style=\"height:12px\" aria-hidden=\"true\" class=\"wp-block-spacer\"><\/div>\n\n\n\n<h2 class=\"wp-block-heading\" id=\"h-utbildningar-forelasningar-och-informationsinsatser\">Utbildningar, f\u00f6rel\u00e4sningar och informationsinsatser <\/h2>\n\n\n\n<div style=\"height:35px\" aria-hidden=\"true\" class=\"wp-block-spacer\"><\/div>\n\n\n\n<h4 class=\"wp-block-heading\" id=\"h-utbildningar-och-forelasningar\">Utbildningar och f\u00f6rel\u00e4sningar<\/h4>\n\n\n\n<p>Vi tror p\u00e5 att kunskap \u00e4r ett kraftfullt verktyg f\u00f6r att minska spridning av hiv, bek\u00e4mpa hiv-stigma och fr\u00e4mja h\u00e4lsosamma samh\u00e4llen. Vi tillhandah\u00e5ller utbildningar och f\u00f6rel\u00e4sningar om SRHR med fokus p\u00e5 hiv och andra STI:er, stigma, prevention och v\u00e5rd.<\/p>\n\n\n\n<p>Vi vill genom utbildningarna bidra till \u00f6kad f\u00f6rst\u00e5else och kunskap som beh\u00f6vs f\u00f6r att fatta beslut baserade p\u00e5 vetenskap. Vi riktar oss brett och utformar utbildningsprogram utefter behov och deltagare. Vi v\u00e4nder oss s\u00e5v\u00e4l till studenter som till yrkesverksamma och till religi\u00f6sa ledare och politiker. <\/p>\n\n\n\n<p>Utbildningsprogrammen skr\u00e4ddarsys efter olika specifika behov. Detta s\u00e5 att vi p\u00e5 b\u00e4sta s\u00e4tt bidrar till \u00f6kad kunskap samt f\u00f6rb\u00e4ttrad f\u00f6rm\u00e5ga att kunna st\u00f6dja dem som p\u00e5verkas av hiv.<\/p>\n\n\n\n<p>N\u00e5gra utbildningar och f\u00f6rel\u00e4sningar vi h\u00e5llit i \u00e4r SRHR\/hiv f\u00f6r SFI, Hiv Basic Training f\u00f6r volont\u00e4rer, Hiv-utbildning f\u00f6r Global Health studenter, hiv-utbildning f\u00f6r religi\u00f6sa ledare, Hiv utbildning f\u00f6r N\u00e4tverket Migration och H\u00e4lsa, F\u00f6rel\u00e4sning hiv f\u00f6r Regnb\u00e5gsf\u00f6reningen och F\u00f6r\u00e4ldrar tillsammans. <\/p>\n\n\n\n<h4 class=\"wp-block-heading\" id=\"h-informationsinsatser\"><strong>Informationsinsatser<\/strong><\/h4>\n\n\n\n<p>Vi genomf\u00f6r ett flertal ut\u00e5triktade informationsinsatser f\u00f6r att n\u00e5 ut till v\u00e5r m\u00e5lgrupp och allm\u00e4nheten. Vi bes\u00f6ker bland annat andra verksamheter och organisationer, deltar i konferenser och \u00e4r utomhus p\u00e5 offentliga platser och p\u00e5 festivaler, d\u00e4r m\u00e5nga m\u00e4nniskor \u00e4r samlade. I samband med Internationella aidsdagen brukar vi ha ett s\u00e4rskilt arrangemang. Vi informerar \u00e4ven via v\u00e5r hemsida och p\u00e5 sociala medier.<\/p>\n\n\n\n<p>Vi har \u00e4ven satsat p\u00e5 den s\u00e5 kallade outreach-metoden, som inneb\u00e4r att vi \u00e5ker ut till omr\u00e5den d\u00e4r vi kan n\u00e5 personer med migrationsbakgrund, specifikt nyanl\u00e4nda med ursprung i omr\u00e5den med h\u00f6g f\u00f6rekomst av hiv-infektion, men \u00e4ven migranter fr\u00e5n icke h\u00f6gendemiska l\u00e4nder. Denna metod har verkligen hj\u00e4lpt oss att \u00f6ka v\u00e5r synlighet. Det har varit ett vinnande koncept att ta oss till platser d\u00e4r v\u00e5ra m\u00e5lgrupper redan \u00e4r.<\/p>\n\n\n\n<p><strong><a href=\"\/mosaik\/intresseanmalan\">H\u00f6r av er till oss<\/a> om ni \u00e4r intresserade av att vi ska bes\u00f6ka er eller om ni vill veta mer om v\u00e5ra utbildningar, f\u00f6rel\u00e4sningar och informationsinsatser!<\/strong><\/p>\n\n\n\n<div style=\"height:38px\" aria-hidden=\"true\" class=\"wp-block-spacer\"><\/div>\n\n\n\n<h3 class=\"wp-block-heading\" id=\"h-utbildning-pa-sfi\">Utbildning p\u00e5 SFI<\/h3>\n\n\n\n<p>Vi har samarbeten med SFI f\u00f6r att utbilda om sexuell reproduktiv h\u00e4lsa och r\u00e4ttigheter och hiv. Under ett tillf\u00e4lle pratar vi inledningsvis med eleverna om kroppen, graviditet. Sedan g\u00e5r vi vidare till k\u00f6nssjukdomar, dess symtom, behandling, och konsekvenser. Vi tar ocks\u00e5 upp och pratar om v\u00e5ld i n\u00e4ra relationer. Avslutningsvis pratar vi om juridik och normer i Sverige kopplade till dessa \u00e4mnen. Under utbildningarna fokuserar vi speciellt p\u00e5 hiv. H\u00f6r av er till Denis Kolasinac (denis.kolasinac@noaksark.org) eller Ibado Elmiom (ibado.elmiom@noaksark.org) om ni \u00e4r intresserade av att vi ska bes\u00f6ka er eller om ni bara vill veta mer.<\/p>\n\n\n\n<p><em>\u201dTack sn\u00e4lla f\u00f6r det trevliga och givande bes\u00f6ket vi fick idag! Eleverna och vi var mycket n\u00f6jda och ser fram emot n\u00e4sta tillf\u00e4lle.\u201d \u2013 L\u00e4rare p\u00e5 SFI i Skurup<\/em><\/p>\n\n\n<div class=\"wp-block-image\">\n<figure class=\"aligncenter size-full\"><img loading=\"lazy\" decoding=\"async\" width=\"615\" height=\"274\" src=\"https:\/\/noaksark.org\/mosaik\/wp-content\/uploads\/sites\/6\/2025\/06\/SFI-forelasningar.jpg\" alt=\"\" class=\"wp-image-3015\" srcset=\"https:\/\/noaksark.org\/mosaik\/wp-content\/uploads\/sites\/6\/2025\/06\/SFI-forelasningar.jpg 615w, https:\/\/noaksark.org\/mosaik\/wp-content\/uploads\/sites\/6\/2025\/06\/SFI-forelasningar-300x134.jpg 300w, https:\/\/noaksark.org\/mosaik\/wp-content\/uploads\/sites\/6\/2025\/06\/SFI-forelasningar-200x89.jpg 200w\" sizes=\"auto, (max-width: 615px) 100vw, 615px\" \/><\/figure>\n<\/div>\n\n\n<div style=\"height:6px\" aria-hidden=\"true\" class=\"wp-block-spacer\"><\/div>\n\n\n\n<div style=\"height:22px\" aria-hidden=\"true\" id=\"contact-us\" class=\"wp-block-spacer\"><\/div>\n\n\n\n<hr class=\"wp-block-separator has-alpha-channel-opacity\" \/>\n\n\n\n<div style=\"height:21px\" aria-hidden=\"true\" class=\"wp-block-spacer\"><\/div>\n\n\n\n<div class=\"wp-block-contact-form-7-contact-form-selector\">\n<div class=\"wpcf7 no-js\" id=\"wpcf7-f1456-o1\" lang=\"sv-SE\" dir=\"ltr\" data-wpcf7-id=\"1456\">\n<div class=\"screen-reader-response\"><p role=\"status\" aria-live=\"polite\" aria-atomic=\"true\"><\/p> <ul><\/ul><\/div>\n<form action=\"\/mosaik\/wp-json\/wp\/v2\/pages\/1499#wpcf7-f1456-o1\" method=\"post\" class=\"wpcf7-form init\" aria-label=\"Kontaktformul\u00e4r\" novalidate=\"novalidate\" data-status=\"init\">\n<fieldset class=\"hidden-fields-container\"><input type=\"hidden\" name=\"_wpcf7\" value=\"1456\" \/><input type=\"hidden\" name=\"_wpcf7_version\" value=\"6.1.5\" \/><input type=\"hidden\" name=\"_wpcf7_locale\" value=\"sv_SE\" \/><input type=\"hidden\" name=\"_wpcf7_unit_tag\" value=\"wpcf7-f1456-o1\" \/><input type=\"hidden\" name=\"_wpcf7_container_post\" value=\"0\" \/><input type=\"hidden\" name=\"_wpcf7_posted_data_hash\" value=\"\" \/><input type=\"hidden\" name=\"_wpcf7_recaptcha_response\" value=\"\" \/>\n<\/fieldset>\n<div class=\"col-10 col-XL-8\">\n\t<div class=\"business-partner-form p-3\">\n\t\t<h4>\u00c4r du intresserad av att veta mer?\n\t\t<\/h4>\n\t\t<p>Fyll i formul\u00e4ret nedan s\u00e5 \u00e5terkommer vi s\u00e5 fort vi kan.\n\t\t<\/p>\n\t\t<div class=\"row\">\n\t\t\t<h6>Ditt namn\n\t\t\t<\/h6>\n\t\t\t<p><span class=\"wpcf7-form-control-wrap\" data-name=\"your-name\"><input size=\"40\" maxlength=\"400\" class=\"wpcf7-form-control wpcf7-text wpcf7-validates-as-required form-control\" autocomplete=\"name\" aria-required=\"true\" aria-invalid=\"false\" value=\"\" type=\"text\" name=\"your-name\" \/><\/span>\n\t\t\t<\/p>\n\t\t<\/div>\n\t\t<div class=\"row\">\n\t\t\t<h6>Arbetsplats (Valfritt)\n\t\t\t<\/h6>\n\t\t\t<p><span class=\"wpcf7-form-control-wrap\" data-name=\"your-business\"><input size=\"40\" maxlength=\"400\" class=\"wpcf7-form-control wpcf7-text form-control\" autocomplete=\"business\" aria-invalid=\"false\" value=\"\" type=\"text\" name=\"your-business\" \/><\/span>\n\t\t\t<\/p>\n\t\t<\/div>\n\t\t<div class=\"row\">\n\t\t\t<h6>Din e-post\n\t\t\t<\/h6>\n\t\t\t<p><span class=\"wpcf7-form-control-wrap\" data-name=\"your-email\"><input size=\"40\" maxlength=\"400\" class=\"wpcf7-form-control wpcf7-email wpcf7-validates-as-required wpcf7-text wpcf7-validates-as-email form-control\" autocomplete=\"email\" aria-required=\"true\" aria-invalid=\"false\" value=\"\" type=\"email\" name=\"your-email\" \/><\/span>\n\t\t\t<\/p>\n\t\t<\/div>\n\t\t<div class=\"row\">\n\t\t\t<h6>Ditt meddelande\n\t\t\t<\/h6>\n\t\t\t<p><span class=\"wpcf7-form-control-wrap\" data-name=\"your-message\"><textarea cols=\"40\" rows=\"10\" maxlength=\"2000\" class=\"wpcf7-form-control wpcf7-textarea form-control\" aria-invalid=\"false\" name=\"your-message\"><\/textarea><\/span>\n\t\t\t<\/p>\n\t\t<\/div>\n\t\t<div class=\"row\">\n\t\t\t<p><span class=\"wpcf7-form-control-wrap\" data-name=\"acceptance-473\"><span class=\"wpcf7-form-control wpcf7-acceptance\"><span class=\"wpcf7-list-item\"><label><input type=\"checkbox\" name=\"acceptance-473\" value=\"1\" aria-invalid=\"false\" \/><span class=\"wpcf7-list-item-label\">Jag godk\u00e4nner Noaks Arks \n<a href=\"https:\/\/noaksark.org\/om-oss\/personuppgiftspolicy\/\">behandling av mina personuppgifter.<\/a><\/span><\/label><\/span><\/span><\/span><br \/>\n<input class=\"wpcf7-form-control wpcf7-submit has-spinner\" type=\"submit\" value=\"Skicka\" \/>\n\t\t\t<\/p>\n\t\t<\/div>\n\t<\/div>\n<\/div><div class=\"wpcf7-response-output\" aria-hidden=\"true\"><\/div>\n<\/form>\n<\/div>\n<\/div>\n\n\n\n<p><\/p>\n","protected":false},"excerpt":{"rendered":"<p>Utbildningar, f\u00f6rel\u00e4sningar och informationsinsatser Utbildningar och f\u00f6rel\u00e4sningar Vi tror p\u00e5 att kunskap \u00e4r ett kraftfullt verktyg f\u00f6r att minska spridning av hiv, bek\u00e4mpa hiv-stigma och fr\u00e4mja h\u00e4lsosamma samh\u00e4llen. Vi tillhandah\u00e5ller utbildningar och f\u00f6rel\u00e4sningar om SRHR&#8230;<\/p>\n","protected":false},"author":25,"featured_media":1601,"parent":17,"menu_order":0,"comment_status":"closed","ping_status":"closed","template":"","meta":{"_acf_changed":false,"footnotes":""},"class_list":["post-1499","page","type-page","status-publish","has-post-thumbnail","hentry"],"acf":[],"yoast_head":"<!-- This site is optimized with the Yoast SEO Premium plugin v27.3 (Yoast SEO v27.4) - https:\/\/yoast.com\/product\/yoast-seo-premium-wordpress\/ -->\n<title>Vi utbildar - Noaks Ark Mosaik - Sk\u00e5ne &amp; Blekinge<\/title>\n<meta name=\"robots\" content=\"index, follow, max-snippet:-1, max-image-preview:large, max-video-preview:-1\" \/>\n<link rel=\"canonical\" href=\"https:\/\/noaksark.org\/mosaik\/om-oss\/utbildning\/\" \/>\n<meta property=\"og:locale\" content=\"sv_SE\" \/>\n<meta property=\"og:type\" content=\"article\" \/>\n<meta property=\"og:title\" content=\"Vi utbildar\" \/>\n<meta property=\"og:description\" content=\"Utbildningar, f\u00f6rel\u00e4sningar och informationsinsatser Utbildningar och f\u00f6rel\u00e4sningar Vi tror p\u00e5 att kunskap \u00e4r ett kraftfullt verktyg f\u00f6r att minska spridning av hiv, bek\u00e4mpa hiv-stigma och fr\u00e4mja h\u00e4lsosamma samh\u00e4llen. Vi tillhandah\u00e5ller utbildningar och f\u00f6rel\u00e4sningar om SRHR...\" \/>\n<meta property=\"og:url\" content=\"https:\/\/noaksark.org\/mosaik\/om-oss\/utbildning\/\" \/>\n<meta property=\"og:site_name\" content=\"Noaks Ark Mosaik - Sk\u00e5ne &amp; Blekinge\" \/>\n<meta property=\"article:modified_time\" content=\"2025-07-01T14:49:44+00:00\" \/>\n<meta property=\"og:image\" content=\"https:\/\/noaksark.org\/mosaik\/wp-content\/uploads\/sites\/6\/2025\/02\/SFI.jpg\" \/>\n\t<meta property=\"og:image:width\" content=\"1600\" \/>\n\t<meta property=\"og:image:height\" content=\"1200\" \/>\n\t<meta property=\"og:image:type\" content=\"image\/jpeg\" \/>\n<meta name=\"twitter:card\" content=\"summary_large_image\" \/>\n<meta name=\"twitter:label1\" content=\"Ber\u00e4knad l\u00e4stid\" \/>\n\t<meta name=\"twitter:data1\" content=\"3 minuter\" \/>\n<script type=\"application\/ld+json\" class=\"yoast-schema-graph\">{\"@context\":\"https:\\\/\\\/schema.org\",\"@graph\":[{\"@type\":\"WebPage\",\"@id\":\"https:\\\/\\\/noaksark.org\\\/mosaik\\\/om-oss\\\/utbildning\\\/\",\"url\":\"https:\\\/\\\/noaksark.org\\\/mosaik\\\/om-oss\\\/utbildning\\\/\",\"name\":\"Vi utbildar - Noaks Ark Mosaik - Sk\u00e5ne &amp; Blekinge\",\"isPartOf\":{\"@id\":\"https:\\\/\\\/noaksark.org\\\/mosaik\\\/#website\"},\"primaryImageOfPage\":{\"@id\":\"https:\\\/\\\/noaksark.org\\\/mosaik\\\/om-oss\\\/utbildning\\\/#primaryimage\"},\"image\":{\"@id\":\"https:\\\/\\\/noaksark.org\\\/mosaik\\\/om-oss\\\/utbildning\\\/#primaryimage\"},\"thumbnailUrl\":\"https:\\\/\\\/noaksark.org\\\/mosaik\\\/wp-content\\\/uploads\\\/sites\\\/6\\\/2025\\\/02\\\/SFI.jpg\",\"datePublished\":\"2025-02-04T15:24:49+00:00\",\"dateModified\":\"2025-07-01T14:49:44+00:00\",\"breadcrumb\":{\"@id\":\"https:\\\/\\\/noaksark.org\\\/mosaik\\\/om-oss\\\/utbildning\\\/#breadcrumb\"},\"inLanguage\":\"sv-SE\",\"potentialAction\":[{\"@type\":\"ReadAction\",\"target\":[\"https:\\\/\\\/noaksark.org\\\/mosaik\\\/om-oss\\\/utbildning\\\/\"]}]},{\"@type\":\"ImageObject\",\"inLanguage\":\"sv-SE\",\"@id\":\"https:\\\/\\\/noaksark.org\\\/mosaik\\\/om-oss\\\/utbildning\\\/#primaryimage\",\"url\":\"https:\\\/\\\/noaksark.org\\\/mosaik\\\/wp-content\\\/uploads\\\/sites\\\/6\\\/2025\\\/02\\\/SFI.jpg\",\"contentUrl\":\"https:\\\/\\\/noaksark.org\\\/mosaik\\\/wp-content\\\/uploads\\\/sites\\\/6\\\/2025\\\/02\\\/SFI.jpg\",\"width\":1600,\"height\":1200},{\"@type\":\"BreadcrumbList\",\"@id\":\"https:\\\/\\\/noaksark.org\\\/mosaik\\\/om-oss\\\/utbildning\\\/#breadcrumb\",\"itemListElement\":[{\"@type\":\"ListItem\",\"position\":1,\"name\":\"Home\",\"item\":\"https:\\\/\\\/noaksark.org\\\/mosaik\\\/\"},{\"@type\":\"ListItem\",\"position\":2,\"name\":\"Om oss\",\"item\":\"https:\\\/\\\/noaksark.org\\\/mosaik\\\/om-oss\\\/\"},{\"@type\":\"ListItem\",\"position\":3,\"name\":\"Vi utbildar\"}]},{\"@type\":\"WebSite\",\"@id\":\"https:\\\/\\\/noaksark.org\\\/mosaik\\\/#website\",\"url\":\"https:\\\/\\\/noaksark.org\\\/mosaik\\\/\",\"name\":\"Noaks Ark Mosaik - Sk\u00e5ne &amp; Blekinge\",\"description\":\"\",\"potentialAction\":[{\"@type\":\"SearchAction\",\"target\":{\"@type\":\"EntryPoint\",\"urlTemplate\":\"https:\\\/\\\/noaksark.org\\\/mosaik\\\/?s={search_term_string}\"},\"query-input\":{\"@type\":\"PropertyValueSpecification\",\"valueRequired\":true,\"valueName\":\"search_term_string\"}}],\"inLanguage\":\"sv-SE\"}]}<\/script>\n<!-- \/ Yoast SEO Premium plugin. -->","yoast_head_json":{"title":"Vi utbildar - Noaks Ark Mosaik - Sk\u00e5ne &amp; Blekinge","robots":{"index":"index","follow":"follow","max-snippet":"max-snippet:-1","max-image-preview":"max-image-preview:large","max-video-preview":"max-video-preview:-1"},"canonical":"https:\/\/noaksark.org\/mosaik\/om-oss\/utbildning\/","og_locale":"sv_SE","og_type":"article","og_title":"Vi utbildar","og_description":"Utbildningar, f\u00f6rel\u00e4sningar och informationsinsatser Utbildningar och f\u00f6rel\u00e4sningar Vi tror p\u00e5 att kunskap \u00e4r ett kraftfullt verktyg f\u00f6r att minska spridning av hiv, bek\u00e4mpa hiv-stigma och fr\u00e4mja h\u00e4lsosamma samh\u00e4llen. Vi tillhandah\u00e5ller utbildningar och f\u00f6rel\u00e4sningar om SRHR...","og_url":"https:\/\/noaksark.org\/mosaik\/om-oss\/utbildning\/","og_site_name":"Noaks Ark Mosaik - Sk\u00e5ne &amp; Blekinge","article_modified_time":"2025-07-01T14:49:44+00:00","og_image":[{"width":1600,"height":1200,"url":"https:\/\/noaksark.org\/mosaik\/wp-content\/uploads\/sites\/6\/2025\/02\/SFI.jpg","type":"image\/jpeg"}],"twitter_card":"summary_large_image","twitter_misc":{"Ber\u00e4knad l\u00e4stid":"3 minuter"},"schema":{"@context":"https:\/\/schema.org","@graph":[{"@type":"WebPage","@id":"https:\/\/noaksark.org\/mosaik\/om-oss\/utbildning\/","url":"https:\/\/noaksark.org\/mosaik\/om-oss\/utbildning\/","name":"Vi utbildar - Noaks Ark Mosaik - Sk\u00e5ne &amp; Blekinge","isPartOf":{"@id":"https:\/\/noaksark.org\/mosaik\/#website"},"primaryImageOfPage":{"@id":"https:\/\/noaksark.org\/mosaik\/om-oss\/utbildning\/#primaryimage"},"image":{"@id":"https:\/\/noaksark.org\/mosaik\/om-oss\/utbildning\/#primaryimage"},"thumbnailUrl":"https:\/\/noaksark.org\/mosaik\/wp-content\/uploads\/sites\/6\/2025\/02\/SFI.jpg","datePublished":"2025-02-04T15:24:49+00:00","dateModified":"2025-07-01T14:49:44+00:00","breadcrumb":{"@id":"https:\/\/noaksark.org\/mosaik\/om-oss\/utbildning\/#breadcrumb"},"inLanguage":"sv-SE","potentialAction":[{"@type":"ReadAction","target":["https:\/\/noaksark.org\/mosaik\/om-oss\/utbildning\/"]}]},{"@type":"ImageObject","inLanguage":"sv-SE","@id":"https:\/\/noaksark.org\/mosaik\/om-oss\/utbildning\/#primaryimage","url":"https:\/\/noaksark.org\/mosaik\/wp-content\/uploads\/sites\/6\/2025\/02\/SFI.jpg","contentUrl":"https:\/\/noaksark.org\/mosaik\/wp-content\/uploads\/sites\/6\/2025\/02\/SFI.jpg","width":1600,"height":1200},{"@type":"BreadcrumbList","@id":"https:\/\/noaksark.org\/mosaik\/om-oss\/utbildning\/#breadcrumb","itemListElement":[{"@type":"ListItem","position":1,"name":"Home","item":"https:\/\/noaksark.org\/mosaik\/"},{"@type":"ListItem","position":2,"name":"Om oss","item":"https:\/\/noaksark.org\/mosaik\/om-oss\/"},{"@type":"ListItem","position":3,"name":"Vi utbildar"}]},{"@type":"WebSite","@id":"https:\/\/noaksark.org\/mosaik\/#website","url":"https:\/\/noaksark.org\/mosaik\/","name":"Noaks Ark Mosaik - Sk\u00e5ne &amp; Blekinge","description":"","potentialAction":[{"@type":"SearchAction","target":{"@type":"EntryPoint","urlTemplate":"https:\/\/noaksark.org\/mosaik\/?s={search_term_string}"},"query-input":{"@type":"PropertyValueSpecification","valueRequired":true,"valueName":"search_term_string"}}],"inLanguage":"sv-SE"}]}},"_links":{"self":[{"href":"https:\/\/noaksark.org\/mosaik\/wp-json\/wp\/v2\/pages\/1499","targetHints":{"allow":["GET"]}}],"collection":[{"href":"https:\/\/noaksark.org\/mosaik\/wp-json\/wp\/v2\/pages"}],"about":[{"href":"https:\/\/noaksark.org\/mosaik\/wp-json\/wp\/v2\/types\/page"}],"author":[{"embeddable":true,"href":"https:\/\/noaksark.org\/mosaik\/wp-json\/wp\/v2\/users\/25"}],"replies":[{"embeddable":true,"href":"https:\/\/noaksark.org\/mosaik\/wp-json\/wp\/v2\/comments?post=1499"}],"version-history":[{"count":60,"href":"https:\/\/noaksark.org\/mosaik\/wp-json\/wp\/v2\/pages\/1499\/revisions"}],"predecessor-version":[{"id":3157,"href":"https:\/\/noaksark.org\/mosaik\/wp-json\/wp\/v2\/pages\/1499\/revisions\/3157"}],"up":[{"embeddable":true,"href":"https:\/\/noaksark.org\/mosaik\/wp-json\/wp\/v2\/pages\/17"}],"wp:featuredmedia":[{"embeddable":true,"href":"https:\/\/noaksark.org\/mosaik\/wp-json\/wp\/v2\/media\/1601"}],"wp:attachment":[{"href":"https:\/\/noaksark.org\/mosaik\/wp-json\/wp\/v2\/media?parent=1499"}],"curies":[{"name":"wp","href":"https:\/\/api.w.org\/{rel}","templated":true}]}}