{"id":1104,"date":"2024-12-09T11:56:12","date_gmt":"2024-12-09T10:56:12","guid":{"rendered":"https:\/\/noaksark.org\/mosaik\/?page_id=1104"},"modified":"2025-08-18T15:49:32","modified_gmt":"2025-08-18T13:49:32","slug":"intresseanmalan","status":"publish","type":"page","link":"https:\/\/noaksark.org\/mosaik\/intresseanmalan\/","title":{"rendered":"Intresseanm\u00e4lan"},"content":{"rendered":"\n<p><\/p>\n\n\n\n<h2 class=\"wp-block-heading has-text-align-left\" id=\"h-kontakta-oss\">Kontakta oss<\/h2>\n\n\n\n<div class=\"wp-block-contact-form-7-contact-form-selector\">\n<div class=\"wpcf7 no-js\" id=\"wpcf7-f1456-o1\" lang=\"sv-SE\" dir=\"ltr\" data-wpcf7-id=\"1456\">\n<div class=\"screen-reader-response\"><p role=\"status\" aria-live=\"polite\" aria-atomic=\"true\"><\/p> <ul><\/ul><\/div>\n<form action=\"\/mosaik\/wp-json\/wp\/v2\/pages\/1104#wpcf7-f1456-o1\" method=\"post\" class=\"wpcf7-form init\" aria-label=\"Kontaktformul\u00e4r\" novalidate=\"novalidate\" data-status=\"init\">\n<fieldset class=\"hidden-fields-container\"><input type=\"hidden\" name=\"_wpcf7\" value=\"1456\" \/><input type=\"hidden\" name=\"_wpcf7_version\" value=\"6.1.5\" \/><input type=\"hidden\" name=\"_wpcf7_locale\" value=\"sv_SE\" \/><input type=\"hidden\" name=\"_wpcf7_unit_tag\" value=\"wpcf7-f1456-o1\" \/><input type=\"hidden\" name=\"_wpcf7_container_post\" value=\"0\" \/><input type=\"hidden\" name=\"_wpcf7_posted_data_hash\" value=\"\" \/><input type=\"hidden\" name=\"_wpcf7_recaptcha_response\" value=\"\" \/>\n<\/fieldset>\n<div class=\"col-10 col-XL-8\">\n\t<div class=\"business-partner-form p-3\">\n\t\t<h4>\u00c4r du intresserad av att veta mer?\n\t\t<\/h4>\n\t\t<p>Fyll i formul\u00e4ret nedan s\u00e5 \u00e5terkommer vi s\u00e5 fort vi kan.\n\t\t<\/p>\n\t\t<div class=\"row\">\n\t\t\t<h6>Ditt namn\n\t\t\t<\/h6>\n\t\t\t<p><span class=\"wpcf7-form-control-wrap\" data-name=\"your-name\"><input size=\"40\" maxlength=\"400\" class=\"wpcf7-form-control wpcf7-text wpcf7-validates-as-required form-control\" autocomplete=\"name\" aria-required=\"true\" aria-invalid=\"false\" value=\"\" type=\"text\" name=\"your-name\" \/><\/span>\n\t\t\t<\/p>\n\t\t<\/div>\n\t\t<div class=\"row\">\n\t\t\t<h6>Arbetsplats (Valfritt)\n\t\t\t<\/h6>\n\t\t\t<p><span class=\"wpcf7-form-control-wrap\" data-name=\"your-business\"><input size=\"40\" maxlength=\"400\" class=\"wpcf7-form-control wpcf7-text form-control\" autocomplete=\"business\" aria-invalid=\"false\" value=\"\" type=\"text\" name=\"your-business\" \/><\/span>\n\t\t\t<\/p>\n\t\t<\/div>\n\t\t<div class=\"row\">\n\t\t\t<h6>Din e-post\n\t\t\t<\/h6>\n\t\t\t<p><span class=\"wpcf7-form-control-wrap\" data-name=\"your-email\"><input size=\"40\" maxlength=\"400\" class=\"wpcf7-form-control wpcf7-email wpcf7-validates-as-required wpcf7-text wpcf7-validates-as-email form-control\" autocomplete=\"email\" aria-required=\"true\" aria-invalid=\"false\" value=\"\" type=\"email\" name=\"your-email\" \/><\/span>\n\t\t\t<\/p>\n\t\t<\/div>\n\t\t<div class=\"row\">\n\t\t\t<h6>Ditt meddelande\n\t\t\t<\/h6>\n\t\t\t<p><span class=\"wpcf7-form-control-wrap\" data-name=\"your-message\"><textarea cols=\"40\" rows=\"10\" maxlength=\"2000\" class=\"wpcf7-form-control wpcf7-textarea form-control\" aria-invalid=\"false\" name=\"your-message\"><\/textarea><\/span>\n\t\t\t<\/p>\n\t\t<\/div>\n\t\t<div class=\"row\">\n\t\t\t<p><span class=\"wpcf7-form-control-wrap\" data-name=\"acceptance-473\"><span class=\"wpcf7-form-control wpcf7-acceptance\"><span class=\"wpcf7-list-item\"><label><input type=\"checkbox\" name=\"acceptance-473\" value=\"1\" aria-invalid=\"false\" \/><span class=\"wpcf7-list-item-label\">Jag godk\u00e4nner Noaks Arks \n<a href=\"https:\/\/noaksark.org\/om-oss\/personuppgiftspolicy\/\">behandling av mina personuppgifter.<\/a><\/span><\/label><\/span><\/span><\/span><br \/>\n<input class=\"wpcf7-form-control wpcf7-submit has-spinner\" type=\"submit\" value=\"Skicka\" \/>\n\t\t\t<\/p>\n\t\t<\/div>\n\t<\/div>\n<\/div><div class=\"wpcf7-response-output\" aria-hidden=\"true\"><\/div>\n<\/form>\n<\/div>\n<\/div>\n\n\n\n<p><\/p>\n","protected":false},"excerpt":{"rendered":"<p>Kontakta oss<\/p>\n","protected":false},"author":25,"featured_media":0,"parent":0,"menu_order":0,"comment_status":"closed","ping_status":"closed","template":"","meta":{"_acf_changed":false,"footnotes":""},"class_list":["post-1104","page","type-page","status-publish","hentry"],"acf":[],"yoast_head":"<!-- This site is optimized with the Yoast SEO Premium plugin v27.3 (Yoast SEO v27.4) - https:\/\/yoast.com\/product\/yoast-seo-premium-wordpress\/ -->\n<title>Intresseanm\u00e4lan - Noaks Ark Mosaik - Sk\u00e5ne &amp; Blekinge<\/title>\n<meta name=\"robots\" content=\"index, follow, max-snippet:-1, max-image-preview:large, max-video-preview:-1\" \/>\n<link rel=\"canonical\" href=\"https:\/\/noaksark.org\/mosaik\/intresseanmalan\/\" \/>\n<meta property=\"og:locale\" content=\"sv_SE\" \/>\n<meta property=\"og:type\" content=\"article\" \/>\n<meta property=\"og:title\" content=\"Intresseanm\u00e4lan\" \/>\n<meta property=\"og:description\" content=\"Kontakta oss\" \/>\n<meta property=\"og:url\" content=\"https:\/\/noaksark.org\/mosaik\/intresseanmalan\/\" \/>\n<meta property=\"og:site_name\" content=\"Noaks Ark Mosaik - Sk\u00e5ne &amp; Blekinge\" \/>\n<meta property=\"article:modified_time\" content=\"2025-08-18T13:49:32+00:00\" \/>\n<meta name=\"twitter:card\" content=\"summary_large_image\" \/>\n<meta name=\"twitter:label1\" content=\"Ber\u00e4knad l\u00e4stid\" \/>\n\t<meta name=\"twitter:data1\" content=\"1 minut\" \/>\n<script type=\"application\/ld+json\" class=\"yoast-schema-graph\">{\"@context\":\"https:\\\/\\\/schema.org\",\"@graph\":[{\"@type\":\"WebPage\",\"@id\":\"https:\\\/\\\/noaksark.org\\\/mosaik\\\/intresseanmalan\\\/\",\"url\":\"https:\\\/\\\/noaksark.org\\\/mosaik\\\/intresseanmalan\\\/\",\"name\":\"Intresseanm\u00e4lan - Noaks Ark Mosaik - Sk\u00e5ne &amp; Blekinge\",\"isPartOf\":{\"@id\":\"https:\\\/\\\/noaksark.org\\\/mosaik\\\/#website\"},\"datePublished\":\"2024-12-09T10:56:12+00:00\",\"dateModified\":\"2025-08-18T13:49:32+00:00\",\"breadcrumb\":{\"@id\":\"https:\\\/\\\/noaksark.org\\\/mosaik\\\/intresseanmalan\\\/#breadcrumb\"},\"inLanguage\":\"sv-SE\",\"potentialAction\":[{\"@type\":\"ReadAction\",\"target\":[\"https:\\\/\\\/noaksark.org\\\/mosaik\\\/intresseanmalan\\\/\"]}]},{\"@type\":\"BreadcrumbList\",\"@id\":\"https:\\\/\\\/noaksark.org\\\/mosaik\\\/intresseanmalan\\\/#breadcrumb\",\"itemListElement\":[{\"@type\":\"ListItem\",\"position\":1,\"name\":\"Home\",\"item\":\"https:\\\/\\\/noaksark.org\\\/mosaik\\\/\"},{\"@type\":\"ListItem\",\"position\":2,\"name\":\"Intresseanm\u00e4lan\"}]},{\"@type\":\"WebSite\",\"@id\":\"https:\\\/\\\/noaksark.org\\\/mosaik\\\/#website\",\"url\":\"https:\\\/\\\/noaksark.org\\\/mosaik\\\/\",\"name\":\"Noaks Ark Mosaik - Sk\u00e5ne &amp; Blekinge\",\"description\":\"\",\"potentialAction\":[{\"@type\":\"SearchAction\",\"target\":{\"@type\":\"EntryPoint\",\"urlTemplate\":\"https:\\\/\\\/noaksark.org\\\/mosaik\\\/?s={search_term_string}\"},\"query-input\":{\"@type\":\"PropertyValueSpecification\",\"valueRequired\":true,\"valueName\":\"search_term_string\"}}],\"inLanguage\":\"sv-SE\"}]}<\/script>\n<!-- \/ Yoast SEO Premium plugin. -->","yoast_head_json":{"title":"Intresseanm\u00e4lan - Noaks Ark Mosaik - Sk\u00e5ne &amp; Blekinge","robots":{"index":"index","follow":"follow","max-snippet":"max-snippet:-1","max-image-preview":"max-image-preview:large","max-video-preview":"max-video-preview:-1"},"canonical":"https:\/\/noaksark.org\/mosaik\/intresseanmalan\/","og_locale":"sv_SE","og_type":"article","og_title":"Intresseanm\u00e4lan","og_description":"Kontakta oss","og_url":"https:\/\/noaksark.org\/mosaik\/intresseanmalan\/","og_site_name":"Noaks Ark Mosaik - Sk\u00e5ne &amp; Blekinge","article_modified_time":"2025-08-18T13:49:32+00:00","twitter_card":"summary_large_image","twitter_misc":{"Ber\u00e4knad l\u00e4stid":"1 minut"},"schema":{"@context":"https:\/\/schema.org","@graph":[{"@type":"WebPage","@id":"https:\/\/noaksark.org\/mosaik\/intresseanmalan\/","url":"https:\/\/noaksark.org\/mosaik\/intresseanmalan\/","name":"Intresseanm\u00e4lan - Noaks Ark Mosaik - Sk\u00e5ne &amp; Blekinge","isPartOf":{"@id":"https:\/\/noaksark.org\/mosaik\/#website"},"datePublished":"2024-12-09T10:56:12+00:00","dateModified":"2025-08-18T13:49:32+00:00","breadcrumb":{"@id":"https:\/\/noaksark.org\/mosaik\/intresseanmalan\/#breadcrumb"},"inLanguage":"sv-SE","potentialAction":[{"@type":"ReadAction","target":["https:\/\/noaksark.org\/mosaik\/intresseanmalan\/"]}]},{"@type":"BreadcrumbList","@id":"https:\/\/noaksark.org\/mosaik\/intresseanmalan\/#breadcrumb","itemListElement":[{"@type":"ListItem","position":1,"name":"Home","item":"https:\/\/noaksark.org\/mosaik\/"},{"@type":"ListItem","position":2,"name":"Intresseanm\u00e4lan"}]},{"@type":"WebSite","@id":"https:\/\/noaksark.org\/mosaik\/#website","url":"https:\/\/noaksark.org\/mosaik\/","name":"Noaks Ark Mosaik - Sk\u00e5ne &amp; Blekinge","description":"","potentialAction":[{"@type":"SearchAction","target":{"@type":"EntryPoint","urlTemplate":"https:\/\/noaksark.org\/mosaik\/?s={search_term_string}"},"query-input":{"@type":"PropertyValueSpecification","valueRequired":true,"valueName":"search_term_string"}}],"inLanguage":"sv-SE"}]}},"_links":{"self":[{"href":"https:\/\/noaksark.org\/mosaik\/wp-json\/wp\/v2\/pages\/1104","targetHints":{"allow":["GET"]}}],"collection":[{"href":"https:\/\/noaksark.org\/mosaik\/wp-json\/wp\/v2\/pages"}],"about":[{"href":"https:\/\/noaksark.org\/mosaik\/wp-json\/wp\/v2\/types\/page"}],"author":[{"embeddable":true,"href":"https:\/\/noaksark.org\/mosaik\/wp-json\/wp\/v2\/users\/25"}],"replies":[{"embeddable":true,"href":"https:\/\/noaksark.org\/mosaik\/wp-json\/wp\/v2\/comments?post=1104"}],"version-history":[{"count":41,"href":"https:\/\/noaksark.org\/mosaik\/wp-json\/wp\/v2\/pages\/1104\/revisions"}],"predecessor-version":[{"id":1557,"href":"https:\/\/noaksark.org\/mosaik\/wp-json\/wp\/v2\/pages\/1104\/revisions\/1557"}],"wp:attachment":[{"href":"https:\/\/noaksark.org\/mosaik\/wp-json\/wp\/v2\/media?parent=1104"}],"curies":[{"name":"wp","href":"https:\/\/api.w.org\/{rel}","templated":true}]}}