{"id":617,"date":"2022-11-23T09:52:22","date_gmt":"2022-11-23T08:52:22","guid":{"rendered":"https:\/\/noaksark.org\/mosaik\/om-oss\/"},"modified":"2023-06-12T13:17:18","modified_gmt":"2023-06-12T12:17:18","slug":"om-oss","status":"publish","type":"page","link":"https:\/\/noaksark.org\/mosaik\/en\/om-oss\/","title":{"rendered":"About us"},"content":{"rendered":"\n<p>Noaks Ark Mosaik strives to empower individuals to take control of their health and well-being through accurate information, advice and guidance. We provide safe, unconditional and inclusive forums for our target groups to discuss and engage in activities that prevent infections such as HIV and other STIs and promote healthy lifestyles.<br>Noaks Ark Mosaik works to reduce inequalities in health for vulnerable groups in Sk\u00e5ne through new and creative ways and to promote health and well-being for people living with HIV and their relatives. We are passionate about giving our target groups the opportunity to take control of their own health.<br>We are located at J\u00f6rgen Ankersgatan 12 in Malm\u00f6 but work actively throughout Sk\u00e5ne.<\/p>\n","protected":false},"excerpt":{"rendered":"<p>Noaks Ark Mosaik strives to empower individuals to take control of their health and well-being through accurate information, advice and guidance. We provide safe, unconditional and inclusive forums for our target groups to discuss and&#8230;<\/p>\n","protected":false},"author":27,"featured_media":2572,"parent":0,"menu_order":0,"comment_status":"closed","ping_status":"closed","template":"","meta":{"_acf_changed":false,"footnotes":""},"class_list":["post-617","page","type-page","status-publish","has-post-thumbnail","hentry"],"acf":[],"yoast_head":"<!-- This site is optimized with the Yoast SEO Premium plugin v27.3 (Yoast SEO v27.4) - https:\/\/yoast.com\/product\/yoast-seo-premium-wordpress\/ -->\n<title>About us - Noaks Ark Mosaik - Sk\u00e5ne &amp; Blekinge<\/title>\n<meta name=\"robots\" content=\"index, follow, max-snippet:-1, max-image-preview:large, max-video-preview:-1\" \/>\n<link rel=\"canonical\" href=\"https:\/\/noaksark.org\/mosaik\/en\/om-oss\/\" \/>\n<meta property=\"og:locale\" content=\"en_US\" \/>\n<meta property=\"og:type\" content=\"article\" \/>\n<meta property=\"og:title\" content=\"About us\" \/>\n<meta property=\"og:description\" content=\"Noaks Ark Mosaik strives to empower individuals to take control of their health and well-being through accurate information, advice and guidance. We provide safe, unconditional and inclusive forums for our target groups to discuss and...\" \/>\n<meta property=\"og:url\" content=\"https:\/\/noaksark.org\/mosaik\/en\/om-oss\/\" \/>\n<meta property=\"og:site_name\" content=\"Noaks Ark Mosaik - Sk\u00e5ne &amp; Blekinge\" \/>\n<meta property=\"article:modified_time\" content=\"2023-06-12T12:17:18+00:00\" \/>\n<meta property=\"og:image\" content=\"https:\/\/noaksark.org\/mosaik\/wp-content\/uploads\/sites\/6\/2022\/11\/page-hero.jpg\" \/>\n\t<meta property=\"og:image:width\" content=\"1500\" \/>\n\t<meta property=\"og:image:height\" content=\"648\" \/>\n\t<meta property=\"og:image:type\" content=\"image\/jpeg\" \/>\n<meta name=\"twitter:card\" content=\"summary_large_image\" \/>\n<meta name=\"twitter:label1\" content=\"Est. reading time\" \/>\n\t<meta name=\"twitter:data1\" content=\"1 minute\" \/>\n<script type=\"application\/ld+json\" class=\"yoast-schema-graph\">{\"@context\":\"https:\\\/\\\/schema.org\",\"@graph\":[{\"@type\":\"WebPage\",\"@id\":\"https:\\\/\\\/noaksark.org\\\/mosaik\\\/en\\\/om-oss\\\/\",\"url\":\"https:\\\/\\\/noaksark.org\\\/mosaik\\\/en\\\/om-oss\\\/\",\"name\":\"About us - Noaks Ark Mosaik - Sk\u00e5ne &amp; Blekinge\",\"isPartOf\":{\"@id\":\"https:\\\/\\\/noaksark.org\\\/mosaik\\\/en\\\/#website\"},\"primaryImageOfPage\":{\"@id\":\"https:\\\/\\\/noaksark.org\\\/mosaik\\\/en\\\/om-oss\\\/#primaryimage\"},\"image\":{\"@id\":\"https:\\\/\\\/noaksark.org\\\/mosaik\\\/en\\\/om-oss\\\/#primaryimage\"},\"thumbnailUrl\":\"https:\\\/\\\/noaksark.org\\\/mosaik\\\/wp-content\\\/uploads\\\/sites\\\/6\\\/2025\\\/05\\\/Utbildning_Religiosa-ledare_4.png\",\"datePublished\":\"2022-11-23T08:52:22+00:00\",\"dateModified\":\"2023-06-12T12:17:18+00:00\",\"breadcrumb\":{\"@id\":\"https:\\\/\\\/noaksark.org\\\/mosaik\\\/en\\\/om-oss\\\/#breadcrumb\"},\"inLanguage\":\"en-US\",\"potentialAction\":[{\"@type\":\"ReadAction\",\"target\":[\"https:\\\/\\\/noaksark.org\\\/mosaik\\\/en\\\/om-oss\\\/\"]}]},{\"@type\":\"ImageObject\",\"inLanguage\":\"en-US\",\"@id\":\"https:\\\/\\\/noaksark.org\\\/mosaik\\\/en\\\/om-oss\\\/#primaryimage\",\"url\":\"https:\\\/\\\/noaksark.org\\\/mosaik\\\/wp-content\\\/uploads\\\/sites\\\/6\\\/2025\\\/05\\\/Utbildning_Religiosa-ledare_4.png\",\"contentUrl\":\"https:\\\/\\\/noaksark.org\\\/mosaik\\\/wp-content\\\/uploads\\\/sites\\\/6\\\/2025\\\/05\\\/Utbildning_Religiosa-ledare_4.png\",\"width\":2048,\"height\":1536},{\"@type\":\"BreadcrumbList\",\"@id\":\"https:\\\/\\\/noaksark.org\\\/mosaik\\\/en\\\/om-oss\\\/#breadcrumb\",\"itemListElement\":[{\"@type\":\"ListItem\",\"position\":1,\"name\":\"Home\",\"item\":\"https:\\\/\\\/noaksark.org\\\/mosaik\\\/en\\\/\"},{\"@type\":\"ListItem\",\"position\":2,\"name\":\"About us\"}]},{\"@type\":\"WebSite\",\"@id\":\"https:\\\/\\\/noaksark.org\\\/mosaik\\\/en\\\/#website\",\"url\":\"https:\\\/\\\/noaksark.org\\\/mosaik\\\/en\\\/\",\"name\":\"Noaks Ark Mosaik - Sk\u00e5ne &amp; Blekinge\",\"description\":\"\",\"potentialAction\":[{\"@type\":\"SearchAction\",\"target\":{\"@type\":\"EntryPoint\",\"urlTemplate\":\"https:\\\/\\\/noaksark.org\\\/mosaik\\\/en\\\/?s={search_term_string}\"},\"query-input\":{\"@type\":\"PropertyValueSpecification\",\"valueRequired\":true,\"valueName\":\"search_term_string\"}}],\"inLanguage\":\"en-US\"}]}<\/script>\n<!-- \/ Yoast SEO Premium plugin. -->","yoast_head_json":{"title":"About us - Noaks Ark Mosaik - Sk\u00e5ne &amp; Blekinge","robots":{"index":"index","follow":"follow","max-snippet":"max-snippet:-1","max-image-preview":"max-image-preview:large","max-video-preview":"max-video-preview:-1"},"canonical":"https:\/\/noaksark.org\/mosaik\/en\/om-oss\/","og_locale":"en_US","og_type":"article","og_title":"About us","og_description":"Noaks Ark Mosaik strives to empower individuals to take control of their health and well-being through accurate information, advice and guidance. We provide safe, unconditional and inclusive forums for our target groups to discuss and...","og_url":"https:\/\/noaksark.org\/mosaik\/en\/om-oss\/","og_site_name":"Noaks Ark Mosaik - Sk\u00e5ne &amp; Blekinge","article_modified_time":"2023-06-12T12:17:18+00:00","og_image":[{"width":1500,"height":648,"url":"https:\/\/noaksark.org\/mosaik\/wp-content\/uploads\/sites\/6\/2022\/11\/page-hero.jpg","type":"image\/jpeg"}],"twitter_card":"summary_large_image","twitter_misc":{"Est. reading time":"1 minute"},"schema":{"@context":"https:\/\/schema.org","@graph":[{"@type":"WebPage","@id":"https:\/\/noaksark.org\/mosaik\/en\/om-oss\/","url":"https:\/\/noaksark.org\/mosaik\/en\/om-oss\/","name":"About us - Noaks Ark Mosaik - Sk\u00e5ne &amp; Blekinge","isPartOf":{"@id":"https:\/\/noaksark.org\/mosaik\/en\/#website"},"primaryImageOfPage":{"@id":"https:\/\/noaksark.org\/mosaik\/en\/om-oss\/#primaryimage"},"image":{"@id":"https:\/\/noaksark.org\/mosaik\/en\/om-oss\/#primaryimage"},"thumbnailUrl":"https:\/\/noaksark.org\/mosaik\/wp-content\/uploads\/sites\/6\/2025\/05\/Utbildning_Religiosa-ledare_4.png","datePublished":"2022-11-23T08:52:22+00:00","dateModified":"2023-06-12T12:17:18+00:00","breadcrumb":{"@id":"https:\/\/noaksark.org\/mosaik\/en\/om-oss\/#breadcrumb"},"inLanguage":"en-US","potentialAction":[{"@type":"ReadAction","target":["https:\/\/noaksark.org\/mosaik\/en\/om-oss\/"]}]},{"@type":"ImageObject","inLanguage":"en-US","@id":"https:\/\/noaksark.org\/mosaik\/en\/om-oss\/#primaryimage","url":"https:\/\/noaksark.org\/mosaik\/wp-content\/uploads\/sites\/6\/2025\/05\/Utbildning_Religiosa-ledare_4.png","contentUrl":"https:\/\/noaksark.org\/mosaik\/wp-content\/uploads\/sites\/6\/2025\/05\/Utbildning_Religiosa-ledare_4.png","width":2048,"height":1536},{"@type":"BreadcrumbList","@id":"https:\/\/noaksark.org\/mosaik\/en\/om-oss\/#breadcrumb","itemListElement":[{"@type":"ListItem","position":1,"name":"Home","item":"https:\/\/noaksark.org\/mosaik\/en\/"},{"@type":"ListItem","position":2,"name":"About us"}]},{"@type":"WebSite","@id":"https:\/\/noaksark.org\/mosaik\/en\/#website","url":"https:\/\/noaksark.org\/mosaik\/en\/","name":"Noaks Ark Mosaik - Sk\u00e5ne &amp; Blekinge","description":"","potentialAction":[{"@type":"SearchAction","target":{"@type":"EntryPoint","urlTemplate":"https:\/\/noaksark.org\/mosaik\/en\/?s={search_term_string}"},"query-input":{"@type":"PropertyValueSpecification","valueRequired":true,"valueName":"search_term_string"}}],"inLanguage":"en-US"}]}},"_links":{"self":[{"href":"https:\/\/noaksark.org\/mosaik\/en\/wp-json\/wp\/v2\/pages\/617","targetHints":{"allow":["GET"]}}],"collection":[{"href":"https:\/\/noaksark.org\/mosaik\/en\/wp-json\/wp\/v2\/pages"}],"about":[{"href":"https:\/\/noaksark.org\/mosaik\/en\/wp-json\/wp\/v2\/types\/page"}],"author":[{"embeddable":true,"href":"https:\/\/noaksark.org\/mosaik\/en\/wp-json\/wp\/v2\/users\/27"}],"replies":[{"embeddable":true,"href":"https:\/\/noaksark.org\/mosaik\/en\/wp-json\/wp\/v2\/comments?post=617"}],"version-history":[{"count":4,"href":"https:\/\/noaksark.org\/mosaik\/en\/wp-json\/wp\/v2\/pages\/617\/revisions"}],"predecessor-version":[{"id":665,"href":"https:\/\/noaksark.org\/mosaik\/en\/wp-json\/wp\/v2\/pages\/617\/revisions\/665"}],"wp:featuredmedia":[{"embeddable":true,"href":"https:\/\/noaksark.org\/mosaik\/en\/wp-json\/wp\/v2\/media\/2572"}],"wp:attachment":[{"href":"https:\/\/noaksark.org\/mosaik\/en\/wp-json\/wp\/v2\/media?parent=617"}],"curies":[{"name":"wp","href":"https:\/\/api.w.org\/{rel}","templated":true}]}}